{"id":3651,"date":"2023-09-28T15:20:02","date_gmt":"2023-09-28T15:20:02","guid":{"rendered":"https:\/\/exceladvisor.org\/de\/ausfuhrungsfehler-1004\/"},"modified":"2023-12-03T11:13:56","modified_gmt":"2023-12-03T11:13:56","slug":"ausfuhrungsfehler-1004","status":"publish","type":"page","link":"https:\/\/exceladvisor.org\/de\/ausfuhrungsfehler-1004\/","title":{"rendered":"Wie behebe ich den vba-laufzeitfehler 1004?"},"content":{"rendered":"<div class=\"excel-vor-dem-inhalt\" id=\"excel-3493543571\"><script type=\"text\/javascript\">\r\n\tatOptions = {\r\n\t\t'key' : 'c1158f160081d6540a8409e6925dab94',\r\n\t\t'format' : 'iframe',\r\n\t\t'height' : 250,\r\n\t\t'width' : 300,\r\n\t\t'params' : {}\r\n\t};\r\n<\/script>\r\n<script type=\"text\/javascript\" src=\"\/\/www.highperformanceformat.com\/c1158f160081d6540a8409e6925dab94\/invoke.js\"><\/script><\/div> <p>Beim Ausf\u00fchren eines Makros in Excel tritt der VBA-Laufzeitfehler 1004 auf. Dies ist ein Fehler, der aus mehreren Gr\u00fcnden auftreten kann. Wie Sie im folgenden Beispiel sehen k\u00f6nnen, wird beim Ausf\u00fchren des Codes der Laufzeitfehler \u201e1004\u201c angezeigt. Mit einfachen Worten kann man auch sagen, dass es passiert, wenn man mit dem Objekt oder der Anwendung keine Aktivit\u00e4t ausf\u00fchren kann. <\/p><div class=\"wp-block-image\"><figure class=\"aligncenter size-large is-resized\"><img loading=\"lazy\" decoding=\"async\" class=\"wp-image-57091\" src=\"https:\/\/exceladvisor.org\/wp-content\/uploads\/2023\/08\/1-erreur-dexecution-vba.png\" sizes=\"auto, \" srcset=\"\" alt=\"VBA-Laufzeitfehler\" width=\"702\" height=\"471\"><\/figure><\/div><p> In diesem Tutorial werden wir mehrere andere Gr\u00fcnde f\u00fcr diesen Laufzeitfehler 1004 verstehen.<\/p><h2 class=\"wp-block-heading\"> Fehler1: VBA-Laufzeitfehler 1004: Dieser Name ist bereits vergeben. Versuchen Sie es mit einem anderen:<\/h2><p> Wie ich oben erl\u00e4utert habe, zeigt Ihnen VBA beim Versuch, mithilfe eines VBA-Codes ein Blatt mit dem Namen hinzuzuf\u00fcgen, der bereits in der Arbeitsmappe vorhanden ist, einen Laufzeitfehler mit dem Code 1004 an.<\/p><p> Selbst wenn Sie versuchen, <a href=\"https:\/\/exceladvisor.org\/de\/blatt-umbenennen\/\">ein Arbeitsblatt umzubenennen,<\/a> erhalten Sie von VBA die gleiche Fehlermeldung. <\/p><div class=\"wp-block-image\"><figure class=\"aligncenter size-large is-resized\"><img loading=\"lazy\" decoding=\"async\" class=\"wp-image-57092\" src=\"https:\/\/exceladvisor.org\/wp-content\/uploads\/2023\/08\/2-renommer-une-feuille-de-calcul.png\" sizes=\"auto, \" srcset=\"\" alt=\"\" width=\"594\" height=\"570\"><\/figure><\/div><p> Im obigen Code habe ich versucht, das Blatt \u201eBlatt2\u201c in \u201eBlatt1\u201c umzubenennen, aber wie Sie sehen k\u00f6nnen, habe ich \u201eBlatt1\u201c bereits in der Arbeitsmappe; VBA zeigte mir den Fehlercode 1004.<\/p><p> Um dieses Problem zu l\u00f6sen, m\u00fcssen Sie pr\u00fcfen, ob in der Arbeitsmappe bereits ein Blatt vorhanden ist oder nicht.<\/p><h2 class=\"wp-block-heading\"> Fehler 2: VBA-Laufzeitfehler 1004: \u201eRange\u201c-Methode des Objekts \u201e_Global\u201c ist fehlgeschlagen:<\/h2><p> Wie Sie wissen, k\u00f6nnen Sie in Excel einen benannten Bereich erstellen. Wenn Sie jedoch versuchen, mit VBA-Code auf diesen benannten Bereich zu verweisen und seinen Namen falsch zu schreiben, erhalten Sie m\u00f6glicherweise den Laufzeitfehler 1004. Die Methode \u201e_Global\u201c des Objekts \u201eBereich\u201c ist fehlgeschlagen.<\/p><p> Im folgenden Beispiel habe ich einen benannten Bereich mit dem Namen \u201emyRange\u201c, aber beim Schreiben des Makros habe ich ihn falsch als \u201emyRang\u201c geschrieben, obwohl es sich hierbei um einen Tippfehler handelt; VBA ist nicht so intelligent, diesen Fehler zu identifizieren und auf den korrekt benannten Bereich zu verweisen. <\/p><div class=\"wp-block-image\"><figure class=\"aligncenter size-large is-resized\"><img loading=\"lazy\" decoding=\"async\" class=\"wp-image-57093\" src=\"https:\/\/exceladvisor.org\/wp-content\/uploads\/2023\/08\/3-methode-gamme-dobjet.png\" sizes=\"auto, \" srcset=\"\" alt=\"\" width=\"667\" height=\"555\"><\/figure><\/div><p> Es gibt keinen benannten Bereich mit dem von mir genannten Namen, weshalb mir der Laufzeitfehler 1004 angezeigt wurde.<\/p><h2 class=\"wp-block-heading\"> Fehler 3: VBA-Laufzeitfehler 1004: Klassenbereichsmethode konnte nicht ausgew\u00e4hlt werden:<\/h2><p> Wenn Sie VBA-Code verwenden, um einen Bereich auszuw\u00e4hlen, der sich nicht im aktiven Arbeitsblatt befindet, zeigt VBA den Laufzeitfehler 1004 an. Denn wenn Sie eine Zelle oder einen Zellbereich f\u00fcr eine Blattberechnung ausw\u00e4hlen m\u00f6chten, muss diese zu diesem Zeitpunkt aktiv sein .<\/p><p> Sie k\u00f6nnen keine Zelle in Blatt1 ausw\u00e4hlen, wenn Blatt2 gerade aktiv ist.<\/p><p> Wie Sie im folgenden Beispiel sehen k\u00f6nnen, habe ich den gleichen Fehler gemacht, als ich auf Zelle A1 des ersten Blattes verwiesen habe, aber Blatt 2 ist aktiv. <\/p><div class=\"wp-block-image\"><figure class=\"aligncenter size-large is-resized\"><img loading=\"lazy\" decoding=\"async\" class=\"wp-image-57094\" src=\"https:\/\/exceladvisor.org\/wp-content\/uploads\/2023\/08\/4-Echec-de-la-methode-de-selection-de-la-classe-de-plage.png\" sizes=\"auto, \" srcset=\"\" alt=\"\" width=\"575\" height=\"445\"><\/figure><\/div><p> Der beste Weg, diesen Fehler zu beheben, besteht darin, zuerst das Blatt zu aktivieren und dann eine Codezeile zu schreiben, die eine Zelle oder einen Bereich dieses Blattes ausw\u00e4hlt. Sie k\u00f6nnen auch pr\u00fcfen, ob ein Blatt aktiv ist oder nicht, und dann die Zelle dieses Blatts ausw\u00e4hlen. Wenn das Blatt aus irgendeinem Grund nicht aktiv ist, k\u00f6nnen Sie dem Benutzer eine Meldung anzeigen, dass er dieses Blatt zuerst aktivieren soll.<\/p><h2 class=\"wp-block-heading\"> Fehler 4: VBA-Laufzeitfehler 1004. Methodenbereichsklasse konnte nicht aktiviert werden:<\/h2><p> Genau wie aus dem oben genannten Grund zeigen wir Ihnen beim Versuch, eine Zelle oder einen Zellbereich aus einem bestimmten Arbeitsblatt zu aktivieren, das gerade nicht aktiv ist, den Laufzeitfehler 1004 (Fehler beim Aktivieren der Methodenbereichsklasse :). <\/p><div class=\"wp-block-image\"><figure class=\"aligncenter size-large is-resized\"><img loading=\"lazy\" decoding=\"async\" class=\"wp-image-57095\" src=\"https:\/\/exceladvisor.org\/wp-content\/uploads\/2023\/08\/5-echec-de-lactivation-de-la-classe-de-plage-de-methodes.png\" sizes=\"auto, \" srcset=\"\" alt=\"\" width=\"591\" height=\"464\"><\/figure><\/div><p> Im Beispiel, als ich versuchte, Zelle A1 in Blatt1 zu aktivieren, bekam ich den Laufzeitfehler 1004, das aktive Blatt war Blatt2.<\/p><p> Um diesen Fehler erneut zu beheben, m\u00fcssen Sie \u00fcberpr\u00fcfen, ob das Arbeitsblatt, auf das Sie sich beziehen, aktiv ist oder nicht. Alternativ k\u00f6nnen Sie auch pr\u00fcfen, ob dieses Blatt in der Arbeitsmappe vorhanden ist oder nicht.<\/p><h2 class=\"wp-block-heading\"> Fehler 5: VBA-Laufzeitmethodenfehler 1004 Leider konnten wir Folgendes nicht finden:<\/h2><p> Wenn Sie versuchen, eine Excel-Datei \u00fcber einen Pfad zu \u00f6ffnen, die Arbeitsmappe jedoch nicht vorhanden ist, wurde sie m\u00f6glicherweise verschoben, gel\u00f6scht oder umbenannt. In diesem Fall zeigt Ihnen VBA erneut einen Laufzeitfehler von 1004 an.<\/p><p> Dies ist im folgenden Beispiel passiert, in dem ich versucht habe, die Datei mit meinem Desktop-Pfad zu \u00f6ffnen, diese Datei jedoch nicht vorhanden ist und mir eine Fehlermeldung angezeigt wurde. <\/p><div class=\"wp-block-image\"><figure class=\"aligncenter size-large is-resized\"><img loading=\"lazy\" decoding=\"async\" class=\"wp-image-57096\" src=\"https:\/\/exceladvisor.org\/wp-content\/uploads\/2023\/08\/6-methode-desole-nous-navons-pas-pu-trouver.png\" sizes=\"auto, \" srcset=\"\" alt=\"\" width=\"690\" height=\"399\"><\/figure><\/div><p> Um mit der Situation umzugehen, k\u00f6nnen Sie mithilfe von VBA-Code \u00fcberpr\u00fcfen, ob die Datei, auf die Sie verweisen, im Ordner vorhanden ist oder nicht.<\/p><h2 class=\"wp-block-heading\"> Fehler 6: Methode \u201eObject Binders VBA Runtime Error 1004\u201c konnte nicht ge\u00f6ffnet werden:<\/h2><p> Dieser Fehler h\u00e4ngt auch mit der Arbeitsmappe zusammen. Wenn Sie also versuchen, eine Arbeitsmappe mit dem Namen zu \u00f6ffnen, f\u00fcr die bereits ein Buch existiert und das gerade ge\u00f6ffnet ist, zeigt VBA den Laufzeitfehler 1004 (Objektarbeitsmappen-\u00d6ffnungsmethode fehlgeschlagen) an. <\/p><div class=\"wp-block-image\"><figure class=\"aligncenter size-large is-resized\"><img loading=\"lazy\" decoding=\"async\" class=\"wp-image-57097\" src=\"https:\/\/exceladvisor.org\/wp-content\/uploads\/2023\/08\/7-methode-douverture-des-classeurs-dobjets-a-echoue.png\" sizes=\"auto, \" srcset=\"\" alt=\"\" width=\"646\" height=\"474\"><\/figure><\/div><p> Das Gleiche geschah im obigen Beispiel, als ich versuchte, eine bereits ge\u00f6ffnete Arbeitsmappe zu \u00f6ffnen, und VBA mir einen Laufzeitfehler (1004) anzeigte.<\/p><h2 class=\"wp-block-heading\"> So beheben Sie die VBA-Ausf\u00fchrungszeit (Fehler 1004)<\/h2><p> Fehler 1004 ist ein Laufzeitfehler, der beim Ausf\u00fchren von VBA-Code auftritt. Und alle oben besprochenen Fehler sind auf menschliche Fehler beim Schreiben des Codes zur\u00fcckzuf\u00fchren. Befolgen Sie die Punkte, die Sie zur Vermeidung des Laufzeitfehlers 1004 verwenden k\u00f6nnen.<\/p><ol type=\"1\"><li> F\u00fchren Sie eine schrittweise Codeausf\u00fchrung durch, um zu sehen, in welcher Zeile der Fehler auftritt.<\/li><li> \u00dcberpr\u00fcfen Sie unbedingt alle Namen der Arbeitsmappen, auf die Sie sich beziehen.<\/li><li> Sie k\u00f6nnen auch VBA-Code verwenden, um zu \u00fcberpr\u00fcfen, ob eine Arbeitsmappe bereits ge\u00f6ffnet ist oder nicht.<\/li><li> Und verwenden Sie die Methode \u201eactivate\u201c, um ein Arbeitsblatt zu aktivieren, bevor Sie auf eine Zelle oder einen Bereich davon verweisen.<\/li><\/ol><div class=\"gb-container gb-container-4db6181c gb-container-mt\"> <a class=\"gb-button gb-button-c5897111 gb-button-text gb-button-mt-button\" href=\"https:\/\/exceladvisor.org\/de\/vba\/\">Was ist VBA<\/a><h2 class=\"gb-headline gb-headline-665e5f6b gb-headline-text gb-headline-mt-heading\"> Verwandte Tutorials <\/h2><div class=\"gb-grid-wrapper gb-grid-wrapper-a20baf7c gb-grid-wrapper-mt-grid\"><div class=\"gb-grid-column gb-grid-column-65ddf67e\"><div class=\"gb-container gb-container-65ddf67e\"><ul><li> <a href=\"https:\/\/exceladvisor.org\/de\/fehlerbehandlung\/\">VBA-Fehlerbehandlung<\/a><\/li><li> <a href=\"https:\/\/exceladvisor.org\/de\/automatisierungsfehler-440\/\">VBA-Automatisierungsfehler (Fehler 440)<\/a><\/li><li> <a href=\"https:\/\/exceladvisor.org\/de\/ungultiger-prozeduraufruf-oder-argumentfehler-5\/\">Ung\u00fcltiger VBA-Prozeduraufruf oder Argumentfehler (Fehler 5)<\/a><\/li><li> <a href=\"https:\/\/exceladvisor.org\/de\/das-objekt-unterstutzt-diese-eigenschaft-oder-methode-nicht.-fehler-438\/\">VBA-Objekt unterst\u00fctzt diesen Eigenschafts- oder Methodenfehler nicht (Fehler 438)<\/a><\/li><li> <a href=\"https:\/\/exceladvisor.org\/de\/objekt-erforderlich-fehler-424\/\">Fehler \u201eVBA-Objekt erforderlich\u201c (Fehler 424)<\/a> <\/li><\/ul><\/div><\/div><div class=\"gb-grid-column gb-grid-column-50067b57\"><div class=\"gb-container gb-container-50067b57\"><\/div><\/div><\/div><\/div>","protected":false},"excerpt":{"rendered":"","protected":false},"author":1,"featured_media":0,"parent":0,"menu_order":0,"comment_status":"open","ping_status":"closed","template":"","meta":{"ub_ctt_via":"","footnotes":""},"class_list":["post-3651","page","type-page","status-publish","hentry"],"featured_image_src":null,"yoast_head":"<!-- This site is optimized with the Yoast SEO plugin v25.4 - https:\/\/yoast.com\/wordpress\/plugins\/seo\/ -->\n<title>Wie behebe ich einen VBA-Laufzeitfehler (Fehler 1004)?<\/title>\n<meta name=\"description\" content=\"In diesem Tutorial erfahren Sie, warum Runtime (Fehler 1004) auftritt und wie Sie beim Schreiben von VBA-Code damit umgehen.\" \/>\n<meta name=\"robots\" content=\"index, follow, max-snippet:-1, max-image-preview:large, max-video-preview:-1\" \/>\n<link rel=\"canonical\" href=\"https:\/\/exceladvisor.org\/de\/ausfuhrungsfehler-1004\/\" \/>\n<meta property=\"og:locale\" content=\"de_DE\" \/>\n<meta property=\"og:type\" content=\"article\" \/>\n<meta property=\"og:title\" content=\"Wie behebe ich einen VBA-Laufzeitfehler (Fehler 1004)?\" \/>\n<meta property=\"og:description\" content=\"In diesem Tutorial erfahren Sie, warum Runtime (Fehler 1004) auftritt und wie Sie beim Schreiben von VBA-Code damit umgehen.\" \/>\n<meta property=\"og:url\" content=\"https:\/\/exceladvisor.org\/de\/ausfuhrungsfehler-1004\/\" \/>\n<meta property=\"og:site_name\" content=\"Excel Advisor\" \/>\n<meta property=\"article:modified_time\" content=\"2023-12-03T11:13:56+00:00\" \/>\n<meta property=\"og:image\" content=\"https:\/\/exceladvisor.org\/wp-content\/uploads\/2023\/08\/1-erreur-dexecution-vba.png\" \/>\n<meta name=\"twitter:card\" content=\"summary_large_image\" \/>\n<meta name=\"twitter:label1\" content=\"Gesch\u00e4tzte Lesezeit\" \/>\n\t<meta name=\"twitter:data1\" content=\"4\u00a0Minuten\" \/>\n<script type=\"application\/ld+json\" class=\"yoast-schema-graph\">{\"@context\":\"https:\/\/schema.org\",\"@graph\":[{\"@type\":\"WebPage\",\"@id\":\"https:\/\/exceladvisor.org\/de\/ausfuhrungsfehler-1004\/\",\"url\":\"https:\/\/exceladvisor.org\/de\/ausfuhrungsfehler-1004\/\",\"name\":\"Wie behebe ich einen VBA-Laufzeitfehler (Fehler 1004)?\",\"isPartOf\":{\"@id\":\"https:\/\/exceladvisor.org\/de\/#website\"},\"primaryImageOfPage\":{\"@id\":\"https:\/\/exceladvisor.org\/de\/ausfuhrungsfehler-1004\/#primaryimage\"},\"image\":{\"@id\":\"https:\/\/exceladvisor.org\/de\/ausfuhrungsfehler-1004\/#primaryimage\"},\"thumbnailUrl\":\"https:\/\/exceladvisor.org\/wp-content\/uploads\/2023\/08\/1-erreur-dexecution-vba.png\",\"datePublished\":\"2023-09-28T15:20:02+00:00\",\"dateModified\":\"2023-12-03T11:13:56+00:00\",\"description\":\"In diesem Tutorial erfahren Sie, warum Runtime (Fehler 1004) auftritt und wie Sie beim Schreiben von VBA-Code damit umgehen.\",\"breadcrumb\":{\"@id\":\"https:\/\/exceladvisor.org\/de\/ausfuhrungsfehler-1004\/#breadcrumb\"},\"inLanguage\":\"de\",\"potentialAction\":[{\"@type\":\"ReadAction\",\"target\":[\"https:\/\/exceladvisor.org\/de\/ausfuhrungsfehler-1004\/\"]}]},{\"@type\":\"ImageObject\",\"inLanguage\":\"de\",\"@id\":\"https:\/\/exceladvisor.org\/de\/ausfuhrungsfehler-1004\/#primaryimage\",\"url\":\"https:\/\/exceladvisor.org\/wp-content\/uploads\/2023\/08\/1-erreur-dexecution-vba.png\",\"contentUrl\":\"https:\/\/exceladvisor.org\/wp-content\/uploads\/2023\/08\/1-erreur-dexecution-vba.png\"},{\"@type\":\"BreadcrumbList\",\"@id\":\"https:\/\/exceladvisor.org\/de\/ausfuhrungsfehler-1004\/#breadcrumb\",\"itemListElement\":[{\"@type\":\"ListItem\",\"position\":1,\"name\":\"Accueil\",\"item\":\"https:\/\/exceladvisor.org\/de\/\"},{\"@type\":\"ListItem\",\"position\":2,\"name\":\"Wie behebe ich den vba-laufzeitfehler 1004?\"}]},{\"@type\":\"WebSite\",\"@id\":\"https:\/\/exceladvisor.org\/de\/#website\",\"url\":\"https:\/\/exceladvisor.org\/de\/\",\"name\":\"Excel Advisor\",\"description\":\"Ihr Leitfaden zur Datendominanz\",\"publisher\":{\"@id\":\"https:\/\/exceladvisor.org\/de\/#organization\"},\"potentialAction\":[{\"@type\":\"SearchAction\",\"target\":{\"@type\":\"EntryPoint\",\"urlTemplate\":\"https:\/\/exceladvisor.org\/de\/?s={search_term_string}\"},\"query-input\":{\"@type\":\"PropertyValueSpecification\",\"valueRequired\":true,\"valueName\":\"search_term_string\"}}],\"inLanguage\":\"de\"},{\"@type\":\"Organization\",\"@id\":\"https:\/\/exceladvisor.org\/de\/#organization\",\"name\":\"Excel Advisor\",\"url\":\"https:\/\/exceladvisor.org\/de\/\",\"logo\":{\"@type\":\"ImageObject\",\"inLanguage\":\"de\",\"@id\":\"https:\/\/exceladvisor.org\/de\/#\/schema\/logo\/image\/\",\"url\":\"https:\/\/exceladvisor.org\/de\/wp-content\/uploads\/2023\/11\/exceladvisor.org_.png\",\"contentUrl\":\"https:\/\/exceladvisor.org\/de\/wp-content\/uploads\/2023\/11\/exceladvisor.org_.png\",\"width\":105,\"height\":36,\"caption\":\"Excel Advisor\"},\"image\":{\"@id\":\"https:\/\/exceladvisor.org\/de\/#\/schema\/logo\/image\/\"}}]}<\/script>\n<!-- \/ Yoast SEO plugin. -->","yoast_head_json":{"title":"Wie behebe ich einen VBA-Laufzeitfehler (Fehler 1004)?","description":"In diesem Tutorial erfahren Sie, warum Runtime (Fehler 1004) auftritt und wie Sie beim Schreiben von VBA-Code damit umgehen.","robots":{"index":"index","follow":"follow","max-snippet":"max-snippet:-1","max-image-preview":"max-image-preview:large","max-video-preview":"max-video-preview:-1"},"canonical":"https:\/\/exceladvisor.org\/de\/ausfuhrungsfehler-1004\/","og_locale":"de_DE","og_type":"article","og_title":"Wie behebe ich einen VBA-Laufzeitfehler (Fehler 1004)?","og_description":"In diesem Tutorial erfahren Sie, warum Runtime (Fehler 1004) auftritt und wie Sie beim Schreiben von VBA-Code damit umgehen.","og_url":"https:\/\/exceladvisor.org\/de\/ausfuhrungsfehler-1004\/","og_site_name":"Excel Advisor","article_modified_time":"2023-12-03T11:13:56+00:00","og_image":[{"url":"https:\/\/exceladvisor.org\/wp-content\/uploads\/2023\/08\/1-erreur-dexecution-vba.png","type":"","width":"","height":""}],"twitter_card":"summary_large_image","twitter_misc":{"Gesch\u00e4tzte Lesezeit":"4\u00a0Minuten"},"schema":{"@context":"https:\/\/schema.org","@graph":[{"@type":"WebPage","@id":"https:\/\/exceladvisor.org\/de\/ausfuhrungsfehler-1004\/","url":"https:\/\/exceladvisor.org\/de\/ausfuhrungsfehler-1004\/","name":"Wie behebe ich einen VBA-Laufzeitfehler (Fehler 1004)?","isPartOf":{"@id":"https:\/\/exceladvisor.org\/de\/#website"},"primaryImageOfPage":{"@id":"https:\/\/exceladvisor.org\/de\/ausfuhrungsfehler-1004\/#primaryimage"},"image":{"@id":"https:\/\/exceladvisor.org\/de\/ausfuhrungsfehler-1004\/#primaryimage"},"thumbnailUrl":"https:\/\/exceladvisor.org\/wp-content\/uploads\/2023\/08\/1-erreur-dexecution-vba.png","datePublished":"2023-09-28T15:20:02+00:00","dateModified":"2023-12-03T11:13:56+00:00","description":"In diesem Tutorial erfahren Sie, warum Runtime (Fehler 1004) auftritt und wie Sie beim Schreiben von VBA-Code damit umgehen.","breadcrumb":{"@id":"https:\/\/exceladvisor.org\/de\/ausfuhrungsfehler-1004\/#breadcrumb"},"inLanguage":"de","potentialAction":[{"@type":"ReadAction","target":["https:\/\/exceladvisor.org\/de\/ausfuhrungsfehler-1004\/"]}]},{"@type":"ImageObject","inLanguage":"de","@id":"https:\/\/exceladvisor.org\/de\/ausfuhrungsfehler-1004\/#primaryimage","url":"https:\/\/exceladvisor.org\/wp-content\/uploads\/2023\/08\/1-erreur-dexecution-vba.png","contentUrl":"https:\/\/exceladvisor.org\/wp-content\/uploads\/2023\/08\/1-erreur-dexecution-vba.png"},{"@type":"BreadcrumbList","@id":"https:\/\/exceladvisor.org\/de\/ausfuhrungsfehler-1004\/#breadcrumb","itemListElement":[{"@type":"ListItem","position":1,"name":"Accueil","item":"https:\/\/exceladvisor.org\/de\/"},{"@type":"ListItem","position":2,"name":"Wie behebe ich den vba-laufzeitfehler 1004?"}]},{"@type":"WebSite","@id":"https:\/\/exceladvisor.org\/de\/#website","url":"https:\/\/exceladvisor.org\/de\/","name":"Excel Advisor","description":"Ihr Leitfaden zur Datendominanz","publisher":{"@id":"https:\/\/exceladvisor.org\/de\/#organization"},"potentialAction":[{"@type":"SearchAction","target":{"@type":"EntryPoint","urlTemplate":"https:\/\/exceladvisor.org\/de\/?s={search_term_string}"},"query-input":{"@type":"PropertyValueSpecification","valueRequired":true,"valueName":"search_term_string"}}],"inLanguage":"de"},{"@type":"Organization","@id":"https:\/\/exceladvisor.org\/de\/#organization","name":"Excel Advisor","url":"https:\/\/exceladvisor.org\/de\/","logo":{"@type":"ImageObject","inLanguage":"de","@id":"https:\/\/exceladvisor.org\/de\/#\/schema\/logo\/image\/","url":"https:\/\/exceladvisor.org\/de\/wp-content\/uploads\/2023\/11\/exceladvisor.org_.png","contentUrl":"https:\/\/exceladvisor.org\/de\/wp-content\/uploads\/2023\/11\/exceladvisor.org_.png","width":105,"height":36,"caption":"Excel Advisor"},"image":{"@id":"https:\/\/exceladvisor.org\/de\/#\/schema\/logo\/image\/"}}]}},"yoast_meta":{"yoast_wpseo_title":"","yoast_wpseo_metadesc":"","yoast_wpseo_canonical":""},"_links":{"self":[{"href":"https:\/\/exceladvisor.org\/de\/wp-json\/wp\/v2\/pages\/3651","targetHints":{"allow":["GET"]}}],"collection":[{"href":"https:\/\/exceladvisor.org\/de\/wp-json\/wp\/v2\/pages"}],"about":[{"href":"https:\/\/exceladvisor.org\/de\/wp-json\/wp\/v2\/types\/page"}],"author":[{"embeddable":true,"href":"https:\/\/exceladvisor.org\/de\/wp-json\/wp\/v2\/users\/1"}],"replies":[{"embeddable":true,"href":"https:\/\/exceladvisor.org\/de\/wp-json\/wp\/v2\/comments?post=3651"}],"version-history":[{"count":1,"href":"https:\/\/exceladvisor.org\/de\/wp-json\/wp\/v2\/pages\/3651\/revisions"}],"predecessor-version":[{"id":3869,"href":"https:\/\/exceladvisor.org\/de\/wp-json\/wp\/v2\/pages\/3651\/revisions\/3869"}],"wp:attachment":[{"href":"https:\/\/exceladvisor.org\/de\/wp-json\/wp\/v2\/media?parent=3651"}],"curies":[{"name":"wp","href":"https:\/\/api.w.org\/{rel}","templated":true}]}}