{"id":3652,"date":"2023-09-27T23:11:58","date_gmt":"2023-09-27T23:11:58","guid":{"rendered":"https:\/\/exceladvisor.org\/de\/fuge-kommentare-hinzu\/"},"modified":"2023-12-03T11:21:10","modified_gmt":"2023-12-03T11:21:10","slug":"fuge-kommentare-hinzu","status":"publish","type":"page","link":"https:\/\/exceladvisor.org\/de\/fuge-kommentare-hinzu\/","title":{"rendered":"Wie f\u00fcge ich kommentare zu zellen hinzu?"},"content":{"rendered":"<div class=\"excel-vor-dem-inhalt\" id=\"excel-12978583\"><script type=\"text\/javascript\">\r\n\tatOptions = {\r\n\t\t'key' : 'c1158f160081d6540a8409e6925dab94',\r\n\t\t'format' : 'iframe',\r\n\t\t'height' : 250,\r\n\t\t'width' : 300,\r\n\t\t'params' : {}\r\n\t};\r\n<\/script>\r\n<script type=\"text\/javascript\" src=\"\/\/www.highperformanceformat.com\/c1158f160081d6540a8409e6925dab94\/invoke.js\"><\/script><\/div> <p>Excel verf\u00fcgt \u00fcber eine Option zum Hinzuf\u00fcgen von Kommentaren zur Zelle, \u00fcber die Benutzer zus\u00e4tzliche Informationen\/Kommentare\/Aktionen in dieser Zelle speichern k\u00f6nnen und jeder Benutzer, der Zugriff auf dieses Arbeitsblatt hat, diese Kommentare anzeigen und bearbeiten kann.<\/p><p> Wenn ein Benutzer der Zelle Kommentare hinzuf\u00fcgt, wird in der oberen rechten Ecke der Zelle ein roter Farbindikator angezeigt, der anzeigt, dass dieser Zelle Kommentare hinzugef\u00fcgt wurden.<\/p><h2 class=\"wp-block-heading\"> Tastenkombinationen zum Hinzuf\u00fcgen von Kommentaren in Excel<\/h2><p> <kbd>Umschalt<\/kbd> + <kbd>Fn<\/kbd> + <kbd>F2<\/kbd> \/ <kbd>Umschalt<\/kbd> + <kbd>F2<\/kbd> <\/p><div class=\"wp-block-image\"><figure class=\"aligncenter size-full is-resized\"><img loading=\"lazy\" decoding=\"async\" class=\"wp-image-70390\" src=\"https:\/\/exceladvisor.org\/wp-content\/uploads\/2023\/08\/1-raccourci-clavier-pour-ajouter-des-commentaires.png\" sizes=\"auto, \" srcset=\"\" alt=\"Tastenkombination zum Hinzuf\u00fcgen von Kommentaren\" width=\"754\" height=\"296\"><\/figure><\/div><h2 class=\"wp-block-heading\"> Schritte zur Verwendung der Kommentarverkn\u00fcpfung<\/h2><ul><li> Gehen Sie zun\u00e4chst zu der Zelle, in der Sie den Kommentar hinzuf\u00fcgen m\u00f6chten.<\/li><li> Dr\u00fccken Sie nun einfach gleichzeitig die Tasten <kbd>Umschalt<\/kbd> + <kbd>Fn<\/kbd> + <kbd>F2<\/kbd> und Sie \u00f6ffnen das Kommentarfeld. <\/li><\/ul><div class=\"wp-block-image\"><figure class=\"aligncenter size-full is-resized\"><img loading=\"lazy\" decoding=\"async\" class=\"wp-image-70391\" src=\"https:\/\/exceladvisor.org\/wp-content\/uploads\/2023\/08\/2-boite-de-commentaires-ouverte.png\" sizes=\"auto, \" srcset=\"\" alt=\"Kommentarfeld \u00f6ffnen\" width=\"514\" height=\"157\"><\/figure><\/div><h2 class=\"wp-block-heading\"> Imbissbuden<\/h2><ul><li> In MS Office 365 wird die herk\u00f6mmliche Kommentaroption ohne weitere \u00c4nderungen in Notizen umbenannt.<\/li><li> Benutzer k\u00f6nnen jeweils einer Zelle Kommentare hinzuf\u00fcgen.<\/li><li> Wenn Sie die Zelle mit den Kommentaren kopieren und einf\u00fcgen, kopiert Excel den Zellenwert einschlie\u00dflich der Kommentare und f\u00fcgt ihn ein.<\/li><li> Wenn Sie nur die Kommentare einf\u00fcgen m\u00f6chten, verwenden Sie die Option \u201eInhalte einf\u00fcgen\u201c und w\u00e4hlen Sie \u201eKommentare\u201c oder \u201eKommentare und Notizen\u201c (in MS Office 365), um nur die Kommentare einzuf\u00fcgen.<\/li><li> Falls Sie mehrere Kommentare in den Zellen haben und alle Kommentare auf einmal sehen m\u00f6chten, gehen Sie zur Registerkarte \u201e\u00dcberpr\u00fcfen\u201c und w\u00e4hlen Sie das Symbol \u201eAlle Kommentare anzeigen\u201c. <\/li><\/ul><div class=\"wp-block-image\"><figure class=\"aligncenter size-full is-resized\"><img loading=\"lazy\" decoding=\"async\" class=\"wp-image-70392\" src=\"https:\/\/exceladvisor.org\/wp-content\/uploads\/2023\/08\/3-icone-afficher-tous-les-commentaires.png\" sizes=\"auto, \" srcset=\"\" alt=\"Symbol \u201eAlle Kommentare anzeigen\u201c\" width=\"818\" height=\"140\"><\/figure><\/div><div class=\"gb-container gb-container-2116538e gb-container-mt\"><h2 class=\"gb-headline gb-headline-7ed68554 gb-headline-text gb-headline-mt-heading\"> Weitere Verkn\u00fcpfungen <\/h2><div class=\"gb-grid-wrapper gb-grid-wrapper-edeef538 gb-grid-wrapper-mt-grid\"><div class=\"gb-grid-column gb-grid-column-6ab6fbc6\"><div class=\"gb-container gb-container-6ab6fbc6\"><ul><li> <a href=\"https:\/\/exceladvisor.org\/de\/optionen-zum-offnen-von-zellenformaten\/\">Option zum \u00d6ffnen von Formatzellen<\/a><\/li><li> <a href=\"https:\/\/exceladvisor.org\/de\/automatische-anpassung\/\">Automatische Anpassung<\/a><\/li><li> <a href=\"https:\/\/exceladvisor.org\/de\/malerformat-1\/\">Malerformat<\/a> <\/li><\/ul><\/div><\/div><div class=\"gb-grid-column gb-grid-column-766d598b\"><div class=\"gb-container gb-container-766d598b\"><ul><li> <a href=\"https:\/\/exceladvisor.org\/de\/einen-einzug-hinzufugen\/\">F\u00fcgen Sie einen Einzug hinzu<\/a><\/li><li> <a href=\"https:\/\/exceladvisor.org\/de\/grenzen-anwenden\/\">Rand anwenden<\/a><\/li><li> <a href=\"https:\/\/exceladvisor.org\/de\/fullfarbe\/\">F\u00fcllfarbe<\/a><\/li><\/ul><\/div><\/div><\/div><\/div>","protected":false},"excerpt":{"rendered":"","protected":false},"author":1,"featured_media":0,"parent":0,"menu_order":0,"comment_status":"open","ping_status":"closed","template":"","meta":{"ub_ctt_via":"","footnotes":""},"class_list":["post-3652","page","type-page","status-publish","hentry"],"featured_image_src":null,"yoast_head":"<!-- This site is optimized with the Yoast SEO plugin v25.4 - https:\/\/yoast.com\/wordpress\/plugins\/seo\/ -->\n<title>\u25b7 Wie f\u00fcge ich Kommentare hinzu? (Excel-Verkn\u00fcpfung)<\/title>\n<meta name=\"description\" content=\"In diesem Tutorial erfahren Sie, wie Sie mithilfe der Tastenkombination Kommentare und alle Informationen in Excel hinzuf\u00fcgen\" \/>\n<meta name=\"robots\" content=\"index, follow, max-snippet:-1, max-image-preview:large, max-video-preview:-1\" \/>\n<link rel=\"canonical\" href=\"https:\/\/exceladvisor.org\/de\/fuge-kommentare-hinzu\/\" \/>\n<meta property=\"og:locale\" content=\"de_DE\" \/>\n<meta property=\"og:type\" content=\"article\" \/>\n<meta property=\"og:title\" content=\"\u25b7 Wie f\u00fcge ich Kommentare hinzu? (Excel-Verkn\u00fcpfung)\" \/>\n<meta property=\"og:description\" content=\"In diesem Tutorial erfahren Sie, wie Sie mithilfe der Tastenkombination Kommentare und alle Informationen in Excel hinzuf\u00fcgen\" \/>\n<meta property=\"og:url\" content=\"https:\/\/exceladvisor.org\/de\/fuge-kommentare-hinzu\/\" \/>\n<meta property=\"og:site_name\" content=\"Excel Advisor\" \/>\n<meta property=\"article:modified_time\" content=\"2023-12-03T11:21:10+00:00\" \/>\n<meta property=\"og:image\" content=\"https:\/\/exceladvisor.org\/wp-content\/uploads\/2023\/08\/1-raccourci-clavier-pour-ajouter-des-commentaires.png\" \/>\n<meta name=\"twitter:card\" content=\"summary_large_image\" \/>\n<meta name=\"twitter:label1\" content=\"Gesch\u00e4tzte Lesezeit\" \/>\n\t<meta name=\"twitter:data1\" content=\"1\u00a0Minute\" \/>\n<script type=\"application\/ld+json\" class=\"yoast-schema-graph\">{\"@context\":\"https:\/\/schema.org\",\"@graph\":[{\"@type\":\"WebPage\",\"@id\":\"https:\/\/exceladvisor.org\/de\/fuge-kommentare-hinzu\/\",\"url\":\"https:\/\/exceladvisor.org\/de\/fuge-kommentare-hinzu\/\",\"name\":\"\u25b7 Wie f\u00fcge ich Kommentare hinzu? (Excel-Verkn\u00fcpfung)\",\"isPartOf\":{\"@id\":\"https:\/\/exceladvisor.org\/de\/#website\"},\"primaryImageOfPage\":{\"@id\":\"https:\/\/exceladvisor.org\/de\/fuge-kommentare-hinzu\/#primaryimage\"},\"image\":{\"@id\":\"https:\/\/exceladvisor.org\/de\/fuge-kommentare-hinzu\/#primaryimage\"},\"thumbnailUrl\":\"https:\/\/exceladvisor.org\/wp-content\/uploads\/2023\/08\/1-raccourci-clavier-pour-ajouter-des-commentaires.png\",\"datePublished\":\"2023-09-27T23:11:58+00:00\",\"dateModified\":\"2023-12-03T11:21:10+00:00\",\"description\":\"In diesem Tutorial erfahren Sie, wie Sie mithilfe der Tastenkombination Kommentare und alle Informationen in Excel hinzuf\u00fcgen\",\"breadcrumb\":{\"@id\":\"https:\/\/exceladvisor.org\/de\/fuge-kommentare-hinzu\/#breadcrumb\"},\"inLanguage\":\"de\",\"potentialAction\":[{\"@type\":\"ReadAction\",\"target\":[\"https:\/\/exceladvisor.org\/de\/fuge-kommentare-hinzu\/\"]}]},{\"@type\":\"ImageObject\",\"inLanguage\":\"de\",\"@id\":\"https:\/\/exceladvisor.org\/de\/fuge-kommentare-hinzu\/#primaryimage\",\"url\":\"https:\/\/exceladvisor.org\/wp-content\/uploads\/2023\/08\/1-raccourci-clavier-pour-ajouter-des-commentaires.png\",\"contentUrl\":\"https:\/\/exceladvisor.org\/wp-content\/uploads\/2023\/08\/1-raccourci-clavier-pour-ajouter-des-commentaires.png\"},{\"@type\":\"BreadcrumbList\",\"@id\":\"https:\/\/exceladvisor.org\/de\/fuge-kommentare-hinzu\/#breadcrumb\",\"itemListElement\":[{\"@type\":\"ListItem\",\"position\":1,\"name\":\"Accueil\",\"item\":\"https:\/\/exceladvisor.org\/de\/\"},{\"@type\":\"ListItem\",\"position\":2,\"name\":\"Wie f\u00fcge ich kommentare zu zellen hinzu?\"}]},{\"@type\":\"WebSite\",\"@id\":\"https:\/\/exceladvisor.org\/de\/#website\",\"url\":\"https:\/\/exceladvisor.org\/de\/\",\"name\":\"Excel Advisor\",\"description\":\"Ihr Leitfaden zur Datendominanz\",\"publisher\":{\"@id\":\"https:\/\/exceladvisor.org\/de\/#organization\"},\"potentialAction\":[{\"@type\":\"SearchAction\",\"target\":{\"@type\":\"EntryPoint\",\"urlTemplate\":\"https:\/\/exceladvisor.org\/de\/?s={search_term_string}\"},\"query-input\":{\"@type\":\"PropertyValueSpecification\",\"valueRequired\":true,\"valueName\":\"search_term_string\"}}],\"inLanguage\":\"de\"},{\"@type\":\"Organization\",\"@id\":\"https:\/\/exceladvisor.org\/de\/#organization\",\"name\":\"Excel Advisor\",\"url\":\"https:\/\/exceladvisor.org\/de\/\",\"logo\":{\"@type\":\"ImageObject\",\"inLanguage\":\"de\",\"@id\":\"https:\/\/exceladvisor.org\/de\/#\/schema\/logo\/image\/\",\"url\":\"https:\/\/exceladvisor.org\/de\/wp-content\/uploads\/2023\/11\/exceladvisor.org_.png\",\"contentUrl\":\"https:\/\/exceladvisor.org\/de\/wp-content\/uploads\/2023\/11\/exceladvisor.org_.png\",\"width\":105,\"height\":36,\"caption\":\"Excel Advisor\"},\"image\":{\"@id\":\"https:\/\/exceladvisor.org\/de\/#\/schema\/logo\/image\/\"}}]}<\/script>\n<!-- \/ Yoast SEO plugin. -->","yoast_head_json":{"title":"\u25b7 Wie f\u00fcge ich Kommentare hinzu? (Excel-Verkn\u00fcpfung)","description":"In diesem Tutorial erfahren Sie, wie Sie mithilfe der Tastenkombination Kommentare und alle Informationen in Excel hinzuf\u00fcgen","robots":{"index":"index","follow":"follow","max-snippet":"max-snippet:-1","max-image-preview":"max-image-preview:large","max-video-preview":"max-video-preview:-1"},"canonical":"https:\/\/exceladvisor.org\/de\/fuge-kommentare-hinzu\/","og_locale":"de_DE","og_type":"article","og_title":"\u25b7 Wie f\u00fcge ich Kommentare hinzu? (Excel-Verkn\u00fcpfung)","og_description":"In diesem Tutorial erfahren Sie, wie Sie mithilfe der Tastenkombination Kommentare und alle Informationen in Excel hinzuf\u00fcgen","og_url":"https:\/\/exceladvisor.org\/de\/fuge-kommentare-hinzu\/","og_site_name":"Excel Advisor","article_modified_time":"2023-12-03T11:21:10+00:00","og_image":[{"url":"https:\/\/exceladvisor.org\/wp-content\/uploads\/2023\/08\/1-raccourci-clavier-pour-ajouter-des-commentaires.png","type":"","width":"","height":""}],"twitter_card":"summary_large_image","twitter_misc":{"Gesch\u00e4tzte Lesezeit":"1\u00a0Minute"},"schema":{"@context":"https:\/\/schema.org","@graph":[{"@type":"WebPage","@id":"https:\/\/exceladvisor.org\/de\/fuge-kommentare-hinzu\/","url":"https:\/\/exceladvisor.org\/de\/fuge-kommentare-hinzu\/","name":"\u25b7 Wie f\u00fcge ich Kommentare hinzu? (Excel-Verkn\u00fcpfung)","isPartOf":{"@id":"https:\/\/exceladvisor.org\/de\/#website"},"primaryImageOfPage":{"@id":"https:\/\/exceladvisor.org\/de\/fuge-kommentare-hinzu\/#primaryimage"},"image":{"@id":"https:\/\/exceladvisor.org\/de\/fuge-kommentare-hinzu\/#primaryimage"},"thumbnailUrl":"https:\/\/exceladvisor.org\/wp-content\/uploads\/2023\/08\/1-raccourci-clavier-pour-ajouter-des-commentaires.png","datePublished":"2023-09-27T23:11:58+00:00","dateModified":"2023-12-03T11:21:10+00:00","description":"In diesem Tutorial erfahren Sie, wie Sie mithilfe der Tastenkombination Kommentare und alle Informationen in Excel hinzuf\u00fcgen","breadcrumb":{"@id":"https:\/\/exceladvisor.org\/de\/fuge-kommentare-hinzu\/#breadcrumb"},"inLanguage":"de","potentialAction":[{"@type":"ReadAction","target":["https:\/\/exceladvisor.org\/de\/fuge-kommentare-hinzu\/"]}]},{"@type":"ImageObject","inLanguage":"de","@id":"https:\/\/exceladvisor.org\/de\/fuge-kommentare-hinzu\/#primaryimage","url":"https:\/\/exceladvisor.org\/wp-content\/uploads\/2023\/08\/1-raccourci-clavier-pour-ajouter-des-commentaires.png","contentUrl":"https:\/\/exceladvisor.org\/wp-content\/uploads\/2023\/08\/1-raccourci-clavier-pour-ajouter-des-commentaires.png"},{"@type":"BreadcrumbList","@id":"https:\/\/exceladvisor.org\/de\/fuge-kommentare-hinzu\/#breadcrumb","itemListElement":[{"@type":"ListItem","position":1,"name":"Accueil","item":"https:\/\/exceladvisor.org\/de\/"},{"@type":"ListItem","position":2,"name":"Wie f\u00fcge ich kommentare zu zellen hinzu?"}]},{"@type":"WebSite","@id":"https:\/\/exceladvisor.org\/de\/#website","url":"https:\/\/exceladvisor.org\/de\/","name":"Excel Advisor","description":"Ihr Leitfaden zur Datendominanz","publisher":{"@id":"https:\/\/exceladvisor.org\/de\/#organization"},"potentialAction":[{"@type":"SearchAction","target":{"@type":"EntryPoint","urlTemplate":"https:\/\/exceladvisor.org\/de\/?s={search_term_string}"},"query-input":{"@type":"PropertyValueSpecification","valueRequired":true,"valueName":"search_term_string"}}],"inLanguage":"de"},{"@type":"Organization","@id":"https:\/\/exceladvisor.org\/de\/#organization","name":"Excel Advisor","url":"https:\/\/exceladvisor.org\/de\/","logo":{"@type":"ImageObject","inLanguage":"de","@id":"https:\/\/exceladvisor.org\/de\/#\/schema\/logo\/image\/","url":"https:\/\/exceladvisor.org\/de\/wp-content\/uploads\/2023\/11\/exceladvisor.org_.png","contentUrl":"https:\/\/exceladvisor.org\/de\/wp-content\/uploads\/2023\/11\/exceladvisor.org_.png","width":105,"height":36,"caption":"Excel Advisor"},"image":{"@id":"https:\/\/exceladvisor.org\/de\/#\/schema\/logo\/image\/"}}]}},"yoast_meta":{"yoast_wpseo_title":"","yoast_wpseo_metadesc":"","yoast_wpseo_canonical":""},"_links":{"self":[{"href":"https:\/\/exceladvisor.org\/de\/wp-json\/wp\/v2\/pages\/3652","targetHints":{"allow":["GET"]}}],"collection":[{"href":"https:\/\/exceladvisor.org\/de\/wp-json\/wp\/v2\/pages"}],"about":[{"href":"https:\/\/exceladvisor.org\/de\/wp-json\/wp\/v2\/types\/page"}],"author":[{"embeddable":true,"href":"https:\/\/exceladvisor.org\/de\/wp-json\/wp\/v2\/users\/1"}],"replies":[{"embeddable":true,"href":"https:\/\/exceladvisor.org\/de\/wp-json\/wp\/v2\/comments?post=3652"}],"version-history":[{"count":1,"href":"https:\/\/exceladvisor.org\/de\/wp-json\/wp\/v2\/pages\/3652\/revisions"}],"predecessor-version":[{"id":4049,"href":"https:\/\/exceladvisor.org\/de\/wp-json\/wp\/v2\/pages\/3652\/revisions\/4049"}],"wp:attachment":[{"href":"https:\/\/exceladvisor.org\/de\/wp-json\/wp\/v2\/media?parent=3652"}],"curies":[{"name":"wp","href":"https:\/\/api.w.org\/{rel}","templated":true}]}}