{"id":3653,"date":"2023-09-27T16:45:34","date_gmt":"2023-09-27T16:45:34","guid":{"rendered":"https:\/\/exceladvisor.org\/de\/inkompatibilitatsfehler-typ-13\/"},"modified":"2023-12-03T11:13:52","modified_gmt":"2023-12-03T11:13:52","slug":"inkompatibilitatsfehler-typ-13","status":"publish","type":"page","link":"https:\/\/exceladvisor.org\/de\/inkompatibilitatsfehler-typ-13\/","title":{"rendered":"Wie behebe ich den vba-fehler 13?"},"content":{"rendered":"<div class=\"excel-vor-dem-inhalt\" id=\"excel-2616346228\"><script type=\"text\/javascript\">\r\n\tatOptions = {\r\n\t\t'key' : 'c1158f160081d6540a8409e6925dab94',\r\n\t\t'format' : 'iframe',\r\n\t\t'height' : 250,\r\n\t\t'width' : 300,\r\n\t\t'params' : {}\r\n\t};\r\n<\/script>\r\n<script type=\"text\/javascript\" src=\"\/\/www.highperformanceformat.com\/c1158f160081d6540a8409e6925dab94\/invoke.js\"><\/script><\/div> <p>Eine Typinkongruenz (Fehler 13) tritt auf, wenn Sie versuchen, einen Wert f\u00fcr eine Variable anzugeben, der nicht mit ihrem Datentyp \u00fcbereinstimmt. Wenn Sie in VBA eine Variable deklarieren, m\u00fcssen Sie ihren Datentyp festlegen. Wenn Sie einen anderen Wert als diesen Datentyp angeben, erhalten Sie den Nicht\u00fcbereinstimmungsfehlertyp 13. <\/p><div class=\"wp-block-image\"><figure class=\"aligncenter size-large is-resized\"><img loading=\"lazy\" decoding=\"async\" class=\"wp-image-57054\" src=\"https:\/\/exceladvisor.org\/wp-content\/uploads\/2023\/08\/1-erreur-dincompatibilite-de-type.png\" sizes=\"auto, \" srcset=\"\" alt=\"Fehler bei Typkonflikt\" width=\"414\" height=\"234\"><\/figure><\/div><p> In diesem Tutorial werden wir sehen, in welchen m\u00f6glichen Situationen beim Ausf\u00fchren eines Codes der Laufzeitfehler 13 auftreten kann.<\/p><h2 class=\"wp-block-heading\"> Fehler bei der Nicht\u00fcbereinstimmung des Datumstyps<\/h2><p> In VBA gibt es einen bestimmten Datentyp zur Verarbeitung von Datumsangaben. Dies geschieht manchmal, wenn Sie eine Variable zum Speichern eines Datums verwenden und der von Ihnen angegebene Wert unterschiedlich ist.<\/p><p> Im folgenden Code habe ich eine Variable als Datum deklariert und dann den Wert der Zelle A1 angegeben, in der ich nur ein Datum haben soll. Aber wie Sie sehen, hat das Datum, das ich in Zelle 1 habe, nicht das richtige Format, VBA kann es nicht als Datum identifizieren. <\/p><div class=\"wp-block-image\"><figure class=\"aligncenter size-large is-resized\"><img loading=\"lazy\" decoding=\"async\" class=\"wp-image-57055\" src=\"https:\/\/exceladvisor.org\/wp-content\/uploads\/2023\/08\/2-erreur-de-non-concordance-de-type-avec-la-date.png\" sizes=\"auto, \" srcset=\"\" alt=\"\" width=\"746\" height=\"377\"><\/figure><\/div><pre class=\"wp-block-code\"> <code class=\"language-visual-basic\" lang=\"visual-basic\">Sub myMacro() Dim iVal As Date iVal = Range(\"A1\").Value End Sub<\/code><\/pre><h2 class=\"wp-block-heading\"> Fehler bei Typkonflikt mit Nummer<\/h2><p> Beim Umgang mit Zahlen wird die gleiche Fehlermeldung angezeigt, wenn Sie versuchen, einer Variablen eine Zahl zuzuweisen und einen anderen Wert erhalten.<\/p><p> Im folgenden Beispiel liegt ein Fehler in Zelle A1 vor, bei der es sich angeblich um einen numerischen Wert handelt. Wenn Sie den Code ausf\u00fchren, zeigt Ihnen VBA den Laufzeitfehler 13 an, da der Wert nicht als Zahl identifiziert werden kann. <\/p><div class=\"wp-block-image\"><figure class=\"aligncenter size-large is-resized\"><img loading=\"lazy\" decoding=\"async\" class=\"wp-image-57056\" src=\"https:\/\/exceladvisor.org\/wp-content\/uploads\/2023\/08\/3-erreur-de-non-concordance-de-type-avec-le-numero.png\" sizes=\"auto, \" srcset=\"\" alt=\"\" width=\"751\" height=\"477\"><\/figure><\/div><pre class=\"wp-block-code\"> <code class=\"language-visual-basic\" lang=\"visual-basic\">Sub myMacro() Dim iNum As Long iNum = Range(\"A6\").Value End Sub<\/code><\/pre><h3 class=\"wp-block-heading\"> <strong>Laufzeitfehler 6 \u00dcberlauf<\/strong><\/h3><p> In VBA gibt es mehrere Datentypen f\u00fcr den Umgang mit Zahlen, und jeder dieser Datentypen verf\u00fcgt \u00fcber einen Zahlenbereich, den Sie ihm zuweisen k\u00f6nnen. Es tritt jedoch ein Problem auf, wenn Sie eine Zahl angeben, die au\u00dferhalb des Bereichs des Datentyps liegt.<\/p><p> In diesem Fall zeigen wir Ihnen den Laufzeitfehler 6 \u00dcberlauf an, der darauf hinweist, dass Sie den Datentyp \u00e4ndern m\u00fcssen und die von Ihnen angegebene Zahl au\u00dferhalb des zul\u00e4ssigen Bereichs liegt. <\/p><div class=\"wp-block-image\"><figure class=\"aligncenter size-large is-resized\"><img loading=\"lazy\" decoding=\"async\" class=\"wp-image-57057\" src=\"https:\/\/exceladvisor.org\/wp-content\/uploads\/2023\/08\/4-erreur-dexecution-6-debordement.png\" sizes=\"auto, \" srcset=\"\" alt=\"\" width=\"722\" height=\"424\"><\/figure><\/div><h2 class=\"wp-block-heading\"> Andere Situationen, in denen dies passieren kann<\/h2><p> Es kann auch andere Situationen geben, in denen der Laufzeitfehler 14: Typkonflikt auftritt.<\/p><ol type=\"1\"><li> Wenn Sie einer Tabelle einen Bereich zuweisen, dieser Bereich jedoch nur aus einer Zelle besteht.<\/li><li> Wenn Sie eine Variable als Objekt definieren, beim Schreiben des Codes jedoch ein anderes Objekt als diese Variable angeben.<\/li><li> Wenn Sie eine Variable als Arbeitsblatt angeben, aber die Tabellensammlung im Code verwenden oder umgekehrt.<\/li><\/ol><h2 class=\"wp-block-heading\"> So beheben Sie Typkonflikte (Fehler 13)<\/h2><p> Der beste Weg, mit diesem Fehler umzugehen, besteht darin, auf die Anweisung zuzugreifen, um eine bestimmte Codezeile auszuf\u00fchren oder dem Benutzer ein Meldungsfeld anzuzeigen, wenn der Fehler auftritt. Sie k\u00f6nnen das Gel\u00e4nde aber auch Schritt f\u00fcr Schritt pr\u00fcfen, bevor Sie es ausf\u00fchren. Dazu m\u00fcssen Sie das VBA-Debug-Tool verwenden, oder Sie k\u00f6nnen auch die Tastenkombination F8 verwenden. <\/p><div class=\"wp-block-image\"><figure class=\"aligncenter size-large is-resized\"><img loading=\"lazy\" decoding=\"async\" class=\"wp-image-57058\" src=\"https:\/\/exceladvisor.org\/wp-content\/uploads\/2023\/08\/5-comment-corriger-lincompatibilite-de-type.png\" sizes=\"auto, \" srcset=\"\" alt=\"\" width=\"586\" height=\"387\"><\/figure><\/div><div class=\"gb-container gb-container-4db6181c gb-container-mt\"> <a class=\"gb-button gb-button-c5897111 gb-button-text gb-button-mt-button\" href=\"https:\/\/exceladvisor.org\/de\/vba\/\">Was ist VBA<\/a><h2 class=\"gb-headline gb-headline-665e5f6b gb-headline-text gb-headline-mt-heading\"> Verwandte Tutorials <\/h2><div class=\"gb-grid-wrapper gb-grid-wrapper-a20baf7c gb-grid-wrapper-mt-grid\"><div class=\"gb-grid-column gb-grid-column-65ddf67e\"><div class=\"gb-container gb-container-65ddf67e\"><ul><li> <a href=\"https:\/\/exceladvisor.org\/de\/fehlerbehandlung\/\">VBA-Fehlerbehandlung<\/a><\/li><li> <a href=\"https:\/\/exceladvisor.org\/de\/automatisierungsfehler-440\/\">VBA-Automatisierungsfehler (Fehler 440)<\/a><\/li><li> <a href=\"https:\/\/exceladvisor.org\/de\/ungultiger-prozeduraufruf-oder-argumentfehler-5\/\">Ung\u00fcltiger VBA-Prozeduraufruf oder Argumentfehler (Fehler 5)<\/a><\/li><li> <a href=\"https:\/\/exceladvisor.org\/de\/das-objekt-unterstutzt-diese-eigenschaft-oder-methode-nicht.-fehler-438\/\">VBA-Objekt unterst\u00fctzt diesen Eigenschafts- oder Methodenfehler nicht (Fehler 438)<\/a><\/li><li> <a href=\"https:\/\/exceladvisor.org\/de\/objekt-erforderlich-fehler-424\/\">Fehler \u201eVBA-Objekt erforderlich\u201c (Fehler 424)<\/a> <\/li><\/ul><\/div><\/div><div class=\"gb-grid-column gb-grid-column-50067b57\"><div class=\"gb-container gb-container-50067b57\"><\/div><\/div><\/div><\/div>","protected":false},"excerpt":{"rendered":"","protected":false},"author":1,"featured_media":0,"parent":0,"menu_order":0,"comment_status":"open","ping_status":"closed","template":"","meta":{"ub_ctt_via":"","footnotes":""},"class_list":["post-3653","page","type-page","status-publish","hentry"],"featured_image_src":null,"yoast_head":"<!-- This site is optimized with the Yoast SEO plugin v25.4 - https:\/\/yoast.com\/wordpress\/plugins\/seo\/ -->\n<title>Wie kann ein VBA-Inkompatibilit\u00e4tsfehler (Fehler 13) behoben werden?<\/title>\n<meta name=\"description\" content=\"In diesem Tutorial erfahren Sie, warum Typkonflikte (Fehler 13) auftreten und wie Sie beim Schreiben damit umgehen\" \/>\n<meta name=\"robots\" content=\"index, follow, max-snippet:-1, max-image-preview:large, max-video-preview:-1\" \/>\n<link rel=\"canonical\" href=\"https:\/\/exceladvisor.org\/de\/inkompatibilitatsfehler-typ-13\/\" \/>\n<meta property=\"og:locale\" content=\"de_DE\" \/>\n<meta property=\"og:type\" content=\"article\" \/>\n<meta property=\"og:title\" content=\"Wie kann ein VBA-Inkompatibilit\u00e4tsfehler (Fehler 13) behoben werden?\" \/>\n<meta property=\"og:description\" content=\"In diesem Tutorial erfahren Sie, warum Typkonflikte (Fehler 13) auftreten und wie Sie beim Schreiben damit umgehen\" \/>\n<meta property=\"og:url\" content=\"https:\/\/exceladvisor.org\/de\/inkompatibilitatsfehler-typ-13\/\" \/>\n<meta property=\"og:site_name\" content=\"Excel Advisor\" \/>\n<meta property=\"article:modified_time\" content=\"2023-12-03T11:13:52+00:00\" \/>\n<meta property=\"og:image\" content=\"https:\/\/exceladvisor.org\/wp-content\/uploads\/2023\/08\/1-erreur-dincompatibilite-de-type.png\" \/>\n<meta name=\"twitter:card\" content=\"summary_large_image\" \/>\n<meta name=\"twitter:label1\" content=\"Gesch\u00e4tzte Lesezeit\" \/>\n\t<meta name=\"twitter:data1\" content=\"2\u00a0Minuten\" \/>\n<script type=\"application\/ld+json\" class=\"yoast-schema-graph\">{\"@context\":\"https:\/\/schema.org\",\"@graph\":[{\"@type\":\"WebPage\",\"@id\":\"https:\/\/exceladvisor.org\/de\/inkompatibilitatsfehler-typ-13\/\",\"url\":\"https:\/\/exceladvisor.org\/de\/inkompatibilitatsfehler-typ-13\/\",\"name\":\"Wie kann ein VBA-Inkompatibilit\u00e4tsfehler (Fehler 13) behoben werden?\",\"isPartOf\":{\"@id\":\"https:\/\/exceladvisor.org\/de\/#website\"},\"primaryImageOfPage\":{\"@id\":\"https:\/\/exceladvisor.org\/de\/inkompatibilitatsfehler-typ-13\/#primaryimage\"},\"image\":{\"@id\":\"https:\/\/exceladvisor.org\/de\/inkompatibilitatsfehler-typ-13\/#primaryimage\"},\"thumbnailUrl\":\"https:\/\/exceladvisor.org\/wp-content\/uploads\/2023\/08\/1-erreur-dincompatibilite-de-type.png\",\"datePublished\":\"2023-09-27T16:45:34+00:00\",\"dateModified\":\"2023-12-03T11:13:52+00:00\",\"description\":\"In diesem Tutorial erfahren Sie, warum Typkonflikte (Fehler 13) auftreten und wie Sie beim Schreiben damit umgehen\",\"breadcrumb\":{\"@id\":\"https:\/\/exceladvisor.org\/de\/inkompatibilitatsfehler-typ-13\/#breadcrumb\"},\"inLanguage\":\"de\",\"potentialAction\":[{\"@type\":\"ReadAction\",\"target\":[\"https:\/\/exceladvisor.org\/de\/inkompatibilitatsfehler-typ-13\/\"]}]},{\"@type\":\"ImageObject\",\"inLanguage\":\"de\",\"@id\":\"https:\/\/exceladvisor.org\/de\/inkompatibilitatsfehler-typ-13\/#primaryimage\",\"url\":\"https:\/\/exceladvisor.org\/wp-content\/uploads\/2023\/08\/1-erreur-dincompatibilite-de-type.png\",\"contentUrl\":\"https:\/\/exceladvisor.org\/wp-content\/uploads\/2023\/08\/1-erreur-dincompatibilite-de-type.png\"},{\"@type\":\"BreadcrumbList\",\"@id\":\"https:\/\/exceladvisor.org\/de\/inkompatibilitatsfehler-typ-13\/#breadcrumb\",\"itemListElement\":[{\"@type\":\"ListItem\",\"position\":1,\"name\":\"Accueil\",\"item\":\"https:\/\/exceladvisor.org\/de\/\"},{\"@type\":\"ListItem\",\"position\":2,\"name\":\"Wie behebe ich den vba-fehler 13?\"}]},{\"@type\":\"WebSite\",\"@id\":\"https:\/\/exceladvisor.org\/de\/#website\",\"url\":\"https:\/\/exceladvisor.org\/de\/\",\"name\":\"Excel Advisor\",\"description\":\"Ihr Leitfaden zur Datendominanz\",\"publisher\":{\"@id\":\"https:\/\/exceladvisor.org\/de\/#organization\"},\"potentialAction\":[{\"@type\":\"SearchAction\",\"target\":{\"@type\":\"EntryPoint\",\"urlTemplate\":\"https:\/\/exceladvisor.org\/de\/?s={search_term_string}\"},\"query-input\":{\"@type\":\"PropertyValueSpecification\",\"valueRequired\":true,\"valueName\":\"search_term_string\"}}],\"inLanguage\":\"de\"},{\"@type\":\"Organization\",\"@id\":\"https:\/\/exceladvisor.org\/de\/#organization\",\"name\":\"Excel Advisor\",\"url\":\"https:\/\/exceladvisor.org\/de\/\",\"logo\":{\"@type\":\"ImageObject\",\"inLanguage\":\"de\",\"@id\":\"https:\/\/exceladvisor.org\/de\/#\/schema\/logo\/image\/\",\"url\":\"https:\/\/exceladvisor.org\/de\/wp-content\/uploads\/2023\/11\/exceladvisor.org_.png\",\"contentUrl\":\"https:\/\/exceladvisor.org\/de\/wp-content\/uploads\/2023\/11\/exceladvisor.org_.png\",\"width\":105,\"height\":36,\"caption\":\"Excel Advisor\"},\"image\":{\"@id\":\"https:\/\/exceladvisor.org\/de\/#\/schema\/logo\/image\/\"}}]}<\/script>\n<!-- \/ Yoast SEO plugin. -->","yoast_head_json":{"title":"Wie kann ein VBA-Inkompatibilit\u00e4tsfehler (Fehler 13) behoben werden?","description":"In diesem Tutorial erfahren Sie, warum Typkonflikte (Fehler 13) auftreten und wie Sie beim Schreiben damit umgehen","robots":{"index":"index","follow":"follow","max-snippet":"max-snippet:-1","max-image-preview":"max-image-preview:large","max-video-preview":"max-video-preview:-1"},"canonical":"https:\/\/exceladvisor.org\/de\/inkompatibilitatsfehler-typ-13\/","og_locale":"de_DE","og_type":"article","og_title":"Wie kann ein VBA-Inkompatibilit\u00e4tsfehler (Fehler 13) behoben werden?","og_description":"In diesem Tutorial erfahren Sie, warum Typkonflikte (Fehler 13) auftreten und wie Sie beim Schreiben damit umgehen","og_url":"https:\/\/exceladvisor.org\/de\/inkompatibilitatsfehler-typ-13\/","og_site_name":"Excel Advisor","article_modified_time":"2023-12-03T11:13:52+00:00","og_image":[{"url":"https:\/\/exceladvisor.org\/wp-content\/uploads\/2023\/08\/1-erreur-dincompatibilite-de-type.png","type":"","width":"","height":""}],"twitter_card":"summary_large_image","twitter_misc":{"Gesch\u00e4tzte Lesezeit":"2\u00a0Minuten"},"schema":{"@context":"https:\/\/schema.org","@graph":[{"@type":"WebPage","@id":"https:\/\/exceladvisor.org\/de\/inkompatibilitatsfehler-typ-13\/","url":"https:\/\/exceladvisor.org\/de\/inkompatibilitatsfehler-typ-13\/","name":"Wie kann ein VBA-Inkompatibilit\u00e4tsfehler (Fehler 13) behoben werden?","isPartOf":{"@id":"https:\/\/exceladvisor.org\/de\/#website"},"primaryImageOfPage":{"@id":"https:\/\/exceladvisor.org\/de\/inkompatibilitatsfehler-typ-13\/#primaryimage"},"image":{"@id":"https:\/\/exceladvisor.org\/de\/inkompatibilitatsfehler-typ-13\/#primaryimage"},"thumbnailUrl":"https:\/\/exceladvisor.org\/wp-content\/uploads\/2023\/08\/1-erreur-dincompatibilite-de-type.png","datePublished":"2023-09-27T16:45:34+00:00","dateModified":"2023-12-03T11:13:52+00:00","description":"In diesem Tutorial erfahren Sie, warum Typkonflikte (Fehler 13) auftreten und wie Sie beim Schreiben damit umgehen","breadcrumb":{"@id":"https:\/\/exceladvisor.org\/de\/inkompatibilitatsfehler-typ-13\/#breadcrumb"},"inLanguage":"de","potentialAction":[{"@type":"ReadAction","target":["https:\/\/exceladvisor.org\/de\/inkompatibilitatsfehler-typ-13\/"]}]},{"@type":"ImageObject","inLanguage":"de","@id":"https:\/\/exceladvisor.org\/de\/inkompatibilitatsfehler-typ-13\/#primaryimage","url":"https:\/\/exceladvisor.org\/wp-content\/uploads\/2023\/08\/1-erreur-dincompatibilite-de-type.png","contentUrl":"https:\/\/exceladvisor.org\/wp-content\/uploads\/2023\/08\/1-erreur-dincompatibilite-de-type.png"},{"@type":"BreadcrumbList","@id":"https:\/\/exceladvisor.org\/de\/inkompatibilitatsfehler-typ-13\/#breadcrumb","itemListElement":[{"@type":"ListItem","position":1,"name":"Accueil","item":"https:\/\/exceladvisor.org\/de\/"},{"@type":"ListItem","position":2,"name":"Wie behebe ich den vba-fehler 13?"}]},{"@type":"WebSite","@id":"https:\/\/exceladvisor.org\/de\/#website","url":"https:\/\/exceladvisor.org\/de\/","name":"Excel Advisor","description":"Ihr Leitfaden zur Datendominanz","publisher":{"@id":"https:\/\/exceladvisor.org\/de\/#organization"},"potentialAction":[{"@type":"SearchAction","target":{"@type":"EntryPoint","urlTemplate":"https:\/\/exceladvisor.org\/de\/?s={search_term_string}"},"query-input":{"@type":"PropertyValueSpecification","valueRequired":true,"valueName":"search_term_string"}}],"inLanguage":"de"},{"@type":"Organization","@id":"https:\/\/exceladvisor.org\/de\/#organization","name":"Excel Advisor","url":"https:\/\/exceladvisor.org\/de\/","logo":{"@type":"ImageObject","inLanguage":"de","@id":"https:\/\/exceladvisor.org\/de\/#\/schema\/logo\/image\/","url":"https:\/\/exceladvisor.org\/de\/wp-content\/uploads\/2023\/11\/exceladvisor.org_.png","contentUrl":"https:\/\/exceladvisor.org\/de\/wp-content\/uploads\/2023\/11\/exceladvisor.org_.png","width":105,"height":36,"caption":"Excel Advisor"},"image":{"@id":"https:\/\/exceladvisor.org\/de\/#\/schema\/logo\/image\/"}}]}},"yoast_meta":{"yoast_wpseo_title":"","yoast_wpseo_metadesc":"","yoast_wpseo_canonical":""},"_links":{"self":[{"href":"https:\/\/exceladvisor.org\/de\/wp-json\/wp\/v2\/pages\/3653","targetHints":{"allow":["GET"]}}],"collection":[{"href":"https:\/\/exceladvisor.org\/de\/wp-json\/wp\/v2\/pages"}],"about":[{"href":"https:\/\/exceladvisor.org\/de\/wp-json\/wp\/v2\/types\/page"}],"author":[{"embeddable":true,"href":"https:\/\/exceladvisor.org\/de\/wp-json\/wp\/v2\/users\/1"}],"replies":[{"embeddable":true,"href":"https:\/\/exceladvisor.org\/de\/wp-json\/wp\/v2\/comments?post=3653"}],"version-history":[{"count":1,"href":"https:\/\/exceladvisor.org\/de\/wp-json\/wp\/v2\/pages\/3653\/revisions"}],"predecessor-version":[{"id":3864,"href":"https:\/\/exceladvisor.org\/de\/wp-json\/wp\/v2\/pages\/3653\/revisions\/3864"}],"wp:attachment":[{"href":"https:\/\/exceladvisor.org\/de\/wp-json\/wp\/v2\/media?parent=3653"}],"curies":[{"name":"wp","href":"https:\/\/api.w.org\/{rel}","templated":true}]}}