{"id":3655,"date":"2023-09-27T15:58:58","date_gmt":"2023-09-27T15:58:58","guid":{"rendered":"https:\/\/exceladvisor.org\/de\/blatt-aktivieren\/"},"modified":"2023-12-03T11:13:30","modified_gmt":"2023-12-03T11:13:30","slug":"blatt-aktivieren","status":"publish","type":"page","link":"https:\/\/exceladvisor.org\/de\/blatt-aktivieren\/","title":{"rendered":"Wie aktiviere ich ein blatt mit vba?"},"content":{"rendered":"<div class=\"excel-vor-dem-inhalt\" id=\"excel-1061391496\"><script type=\"text\/javascript\">\r\n\tatOptions = {\r\n\t\t'key' : 'c1158f160081d6540a8409e6925dab94',\r\n\t\t'format' : 'iframe',\r\n\t\t'height' : 250,\r\n\t\t'width' : 300,\r\n\t\t'params' : {}\r\n\t};\r\n<\/script>\r\n<script type=\"text\/javascript\" src=\"\/\/www.highperformanceformat.com\/c1158f160081d6540a8409e6925dab94\/invoke.js\"><\/script><\/div> <p>Nehmen wir an, Sie arbeiten mit mehreren Arbeitsbl\u00e4ttern und es f\u00e4llt Ihnen schwer, mithilfe einer Registerkarte zu einem Blatt zu navigieren. In dieser Situation k\u00f6nnen Sie VBA-Code verwenden, um ein beliebiges Arbeitsblatt zu aktivieren.<\/p><p> Und um daf\u00fcr VBA-Code zu schreiben, m\u00fcssen Sie die Worksheet.Activate-Methode verwenden. In diesem Artikel m\u00f6chte ich Ihnen eine einfache M\u00f6glichkeit vorstellen, diesen Code zu schreiben, um ein Arbeitsblatt zu aktivieren oder auszuw\u00e4hlen. Bevor Sie diesen Code schreiben, m\u00fcssen Sie diese Methode verstehen.<\/p><h2 class=\"wp-block-heading\"> Worksheet.Activate-Methode<\/h2><p> Bei dieser Methode k\u00f6nnen Sie den Namen oder die Nummer des Arbeitsblatts angeben, das Sie aktivieren m\u00f6chten. Nehmen wir an, Sie m\u00fcssen Blatt 1 aktivieren, dann lautet der Code:<\/p><pre class=\"wp-block-code\"> <code class=\"language-visual-basic\" lang=\"visual-basic\">Worksheets(\"Sheet1\").Activate<\/code><\/pre><p> Oder Sie k\u00f6nnen auch Blattnummern verwenden.<\/p><pre class=\"wp-block-code\"> <code class=\"language-visual-basic\" lang=\"visual-basic\">Worksheets(\"1\").Activate<\/code><\/pre><p> Der endg\u00fcltige Code lautet also:<\/p><pre class=\"wp-block-code\"> <code class=\"language-visual-basic\" lang=\"visual-basic\">Sub ActivateSheet1() Worksheets(\"Sheet1\").Activate End Sub<\/code><\/pre><h2 class=\"wp-block-heading\"> Beispiele: Aktivieren Sie eine Tabellenkalkulation mit VBA<\/h2><p> Im wirklichen Leben k\u00f6nnen Sie diese Methode auf unterschiedliche Weise anwenden. Hier sind ein paar.<\/p><h3 class=\"wp-block-heading\"> 1. Aktivieren Sie beim \u00d6ffnen eine Tabellenkalkulation<\/h3><p> Wenn Sie bei jedem \u00d6ffnen der Arbeitsmappe ein bestimmtes Arbeitsblatt aktivieren m\u00f6chten, nennen Sie diesen VBA-Code auto_open.<\/p><pre class=\"wp-block-code\"> <code class=\"language-visual-basic\" lang=\"visual-basic\">Sub auto_open() Worksheets(\"Sheet1\").Activate End Su<\/code><\/pre><h3 class=\"wp-block-heading\"> 2. Aktivieren Sie ein Arbeitsblatt und blenden Sie alle anderen aus<\/h3><p> Vielleicht m\u00f6chten Sie zu einem Arbeitsblatt gehen und alle anderen Arbeitsbl\u00e4tter in der Arbeitsmappe ausblenden. Sie k\u00f6nnen dies mit dem folgenden Code tun.<\/p><pre class=\"wp-block-code\" title=\"Coded\"> <code class=\"language-visual-basic\" lang=\"visual-basic\">Sub HideWorksheet() Dim ws As Worksheet For Each ws In ThisWorkbook.Worksheets If ws.Name &lt;&gt; \"Sheet1\" Then ws.Visible = xlSheetHidden End If Next ws End Sub<\/code><\/pre><p> \u00c4ndern Sie den Blattnamen aus dem obigen Code, um ihn n\u00fctzlicher zu machen.<\/p><div class=\"gb-container gb-container-4db6181c gb-container-mt\"> <a class=\"gb-button gb-button-c5897111 gb-button-text gb-button-mt-button\" href=\"https:\/\/exceladvisor.org\/de\/vba\/\">Was ist VBA<\/a><h2 class=\"gb-headline gb-headline-665e5f6b gb-headline-text gb-headline-mt-heading\"> Verwandte Tutorials <\/h2><div class=\"gb-grid-wrapper gb-grid-wrapper-a20baf7c gb-grid-wrapper-mt-grid\"><div class=\"gb-grid-column gb-grid-column-65ddf67e\"><div class=\"gb-container gb-container-65ddf67e\"><ul><li> <a href=\"https:\/\/exceladvisor.org\/de\/klares-blatt\/\">L\u00d6SCHEN Sie ein ganzes Blatt mit VBA in Excel<\/a><\/li><li> <a href=\"https:\/\/exceladvisor.org\/de\/kopierblatt\/\">Kopieren und verschieben Sie ein Blatt in Excel mit VBA<\/a><\/li><li> <a href=\"https:\/\/exceladvisor.org\/de\/zahle-die-blatter\/\">COUNT Sheets mit VBA in Excel<\/a><\/li><li> <a href=\"https:\/\/exceladvisor.org\/de\/ein-blatt-loschen-1\/\">L\u00d6SCHEN Sie ein BLATT mit VBA in Excel<\/a><\/li><li> <a href=\"https:\/\/exceladvisor.org\/de\/blatt-ausblenden\/\">Blenden Sie ein Blatt mit VBA in Excel ein und aus<\/a><\/li><\/ul><\/div><\/div><\/div><\/div>","protected":false},"excerpt":{"rendered":"","protected":false},"author":1,"featured_media":0,"parent":0,"menu_order":0,"comment_status":"open","ping_status":"closed","template":"","meta":{"ub_ctt_via":"","footnotes":""},"class_list":["post-3655","page","type-page","status-publish","hentry"],"featured_image_src":null,"yoast_head":"<!-- This site is optimized with the Yoast SEO plugin v25.4 - https:\/\/yoast.com\/wordpress\/plugins\/seo\/ -->\n<title>Wie aktiviere ich ein Blatt mit VBA? (Methode 2023)<\/title>\n<meta name=\"description\" content=\"In dieser Situation k\u00f6nnen Sie VBA-Code verwenden, um ein beliebiges Arbeitsblatt zu aktivieren. Und um VBA-Code zu schreiben\" \/>\n<meta name=\"robots\" content=\"index, follow, max-snippet:-1, max-image-preview:large, max-video-preview:-1\" \/>\n<link rel=\"canonical\" href=\"https:\/\/exceladvisor.org\/de\/blatt-aktivieren\/\" \/>\n<meta property=\"og:locale\" content=\"de_DE\" \/>\n<meta property=\"og:type\" content=\"article\" \/>\n<meta property=\"og:title\" content=\"Wie aktiviere ich ein Blatt mit VBA? (Methode 2023)\" \/>\n<meta property=\"og:description\" content=\"In dieser Situation k\u00f6nnen Sie VBA-Code verwenden, um ein beliebiges Arbeitsblatt zu aktivieren. Und um VBA-Code zu schreiben\" \/>\n<meta property=\"og:url\" content=\"https:\/\/exceladvisor.org\/de\/blatt-aktivieren\/\" \/>\n<meta property=\"og:site_name\" content=\"Excel Advisor\" \/>\n<meta property=\"article:modified_time\" content=\"2023-12-03T11:13:30+00:00\" \/>\n<meta name=\"twitter:card\" content=\"summary_large_image\" \/>\n<meta name=\"twitter:label1\" content=\"Gesch\u00e4tzte Lesezeit\" \/>\n\t<meta name=\"twitter:data1\" content=\"2\u00a0Minuten\" \/>\n<script type=\"application\/ld+json\" class=\"yoast-schema-graph\">{\"@context\":\"https:\/\/schema.org\",\"@graph\":[{\"@type\":\"WebPage\",\"@id\":\"https:\/\/exceladvisor.org\/de\/blatt-aktivieren\/\",\"url\":\"https:\/\/exceladvisor.org\/de\/blatt-aktivieren\/\",\"name\":\"Wie aktiviere ich ein Blatt mit VBA? (Methode 2023)\",\"isPartOf\":{\"@id\":\"https:\/\/exceladvisor.org\/de\/#website\"},\"datePublished\":\"2023-09-27T15:58:58+00:00\",\"dateModified\":\"2023-12-03T11:13:30+00:00\",\"description\":\"In dieser Situation k\u00f6nnen Sie VBA-Code verwenden, um ein beliebiges Arbeitsblatt zu aktivieren. Und um VBA-Code zu schreiben\",\"breadcrumb\":{\"@id\":\"https:\/\/exceladvisor.org\/de\/blatt-aktivieren\/#breadcrumb\"},\"inLanguage\":\"de\",\"potentialAction\":[{\"@type\":\"ReadAction\",\"target\":[\"https:\/\/exceladvisor.org\/de\/blatt-aktivieren\/\"]}]},{\"@type\":\"BreadcrumbList\",\"@id\":\"https:\/\/exceladvisor.org\/de\/blatt-aktivieren\/#breadcrumb\",\"itemListElement\":[{\"@type\":\"ListItem\",\"position\":1,\"name\":\"Accueil\",\"item\":\"https:\/\/exceladvisor.org\/de\/\"},{\"@type\":\"ListItem\",\"position\":2,\"name\":\"Wie aktiviere ich ein blatt mit vba?\"}]},{\"@type\":\"WebSite\",\"@id\":\"https:\/\/exceladvisor.org\/de\/#website\",\"url\":\"https:\/\/exceladvisor.org\/de\/\",\"name\":\"Excel Advisor\",\"description\":\"Ihr Leitfaden zur Datendominanz\",\"publisher\":{\"@id\":\"https:\/\/exceladvisor.org\/de\/#organization\"},\"potentialAction\":[{\"@type\":\"SearchAction\",\"target\":{\"@type\":\"EntryPoint\",\"urlTemplate\":\"https:\/\/exceladvisor.org\/de\/?s={search_term_string}\"},\"query-input\":{\"@type\":\"PropertyValueSpecification\",\"valueRequired\":true,\"valueName\":\"search_term_string\"}}],\"inLanguage\":\"de\"},{\"@type\":\"Organization\",\"@id\":\"https:\/\/exceladvisor.org\/de\/#organization\",\"name\":\"Excel Advisor\",\"url\":\"https:\/\/exceladvisor.org\/de\/\",\"logo\":{\"@type\":\"ImageObject\",\"inLanguage\":\"de\",\"@id\":\"https:\/\/exceladvisor.org\/de\/#\/schema\/logo\/image\/\",\"url\":\"https:\/\/exceladvisor.org\/de\/wp-content\/uploads\/2023\/11\/exceladvisor.org_.png\",\"contentUrl\":\"https:\/\/exceladvisor.org\/de\/wp-content\/uploads\/2023\/11\/exceladvisor.org_.png\",\"width\":105,\"height\":36,\"caption\":\"Excel Advisor\"},\"image\":{\"@id\":\"https:\/\/exceladvisor.org\/de\/#\/schema\/logo\/image\/\"}}]}<\/script>\n<!-- \/ Yoast SEO plugin. -->","yoast_head_json":{"title":"Wie aktiviere ich ein Blatt mit VBA? (Methode 2023)","description":"In dieser Situation k\u00f6nnen Sie VBA-Code verwenden, um ein beliebiges Arbeitsblatt zu aktivieren. Und um VBA-Code zu schreiben","robots":{"index":"index","follow":"follow","max-snippet":"max-snippet:-1","max-image-preview":"max-image-preview:large","max-video-preview":"max-video-preview:-1"},"canonical":"https:\/\/exceladvisor.org\/de\/blatt-aktivieren\/","og_locale":"de_DE","og_type":"article","og_title":"Wie aktiviere ich ein Blatt mit VBA? (Methode 2023)","og_description":"In dieser Situation k\u00f6nnen Sie VBA-Code verwenden, um ein beliebiges Arbeitsblatt zu aktivieren. Und um VBA-Code zu schreiben","og_url":"https:\/\/exceladvisor.org\/de\/blatt-aktivieren\/","og_site_name":"Excel Advisor","article_modified_time":"2023-12-03T11:13:30+00:00","twitter_card":"summary_large_image","twitter_misc":{"Gesch\u00e4tzte Lesezeit":"2\u00a0Minuten"},"schema":{"@context":"https:\/\/schema.org","@graph":[{"@type":"WebPage","@id":"https:\/\/exceladvisor.org\/de\/blatt-aktivieren\/","url":"https:\/\/exceladvisor.org\/de\/blatt-aktivieren\/","name":"Wie aktiviere ich ein Blatt mit VBA? (Methode 2023)","isPartOf":{"@id":"https:\/\/exceladvisor.org\/de\/#website"},"datePublished":"2023-09-27T15:58:58+00:00","dateModified":"2023-12-03T11:13:30+00:00","description":"In dieser Situation k\u00f6nnen Sie VBA-Code verwenden, um ein beliebiges Arbeitsblatt zu aktivieren. Und um VBA-Code zu schreiben","breadcrumb":{"@id":"https:\/\/exceladvisor.org\/de\/blatt-aktivieren\/#breadcrumb"},"inLanguage":"de","potentialAction":[{"@type":"ReadAction","target":["https:\/\/exceladvisor.org\/de\/blatt-aktivieren\/"]}]},{"@type":"BreadcrumbList","@id":"https:\/\/exceladvisor.org\/de\/blatt-aktivieren\/#breadcrumb","itemListElement":[{"@type":"ListItem","position":1,"name":"Accueil","item":"https:\/\/exceladvisor.org\/de\/"},{"@type":"ListItem","position":2,"name":"Wie aktiviere ich ein blatt mit vba?"}]},{"@type":"WebSite","@id":"https:\/\/exceladvisor.org\/de\/#website","url":"https:\/\/exceladvisor.org\/de\/","name":"Excel Advisor","description":"Ihr Leitfaden zur Datendominanz","publisher":{"@id":"https:\/\/exceladvisor.org\/de\/#organization"},"potentialAction":[{"@type":"SearchAction","target":{"@type":"EntryPoint","urlTemplate":"https:\/\/exceladvisor.org\/de\/?s={search_term_string}"},"query-input":{"@type":"PropertyValueSpecification","valueRequired":true,"valueName":"search_term_string"}}],"inLanguage":"de"},{"@type":"Organization","@id":"https:\/\/exceladvisor.org\/de\/#organization","name":"Excel Advisor","url":"https:\/\/exceladvisor.org\/de\/","logo":{"@type":"ImageObject","inLanguage":"de","@id":"https:\/\/exceladvisor.org\/de\/#\/schema\/logo\/image\/","url":"https:\/\/exceladvisor.org\/de\/wp-content\/uploads\/2023\/11\/exceladvisor.org_.png","contentUrl":"https:\/\/exceladvisor.org\/de\/wp-content\/uploads\/2023\/11\/exceladvisor.org_.png","width":105,"height":36,"caption":"Excel Advisor"},"image":{"@id":"https:\/\/exceladvisor.org\/de\/#\/schema\/logo\/image\/"}}]}},"yoast_meta":{"yoast_wpseo_title":"","yoast_wpseo_metadesc":"","yoast_wpseo_canonical":""},"_links":{"self":[{"href":"https:\/\/exceladvisor.org\/de\/wp-json\/wp\/v2\/pages\/3655","targetHints":{"allow":["GET"]}}],"collection":[{"href":"https:\/\/exceladvisor.org\/de\/wp-json\/wp\/v2\/pages"}],"about":[{"href":"https:\/\/exceladvisor.org\/de\/wp-json\/wp\/v2\/types\/page"}],"author":[{"embeddable":true,"href":"https:\/\/exceladvisor.org\/de\/wp-json\/wp\/v2\/users\/1"}],"replies":[{"embeddable":true,"href":"https:\/\/exceladvisor.org\/de\/wp-json\/wp\/v2\/comments?post=3655"}],"version-history":[{"count":1,"href":"https:\/\/exceladvisor.org\/de\/wp-json\/wp\/v2\/pages\/3655\/revisions"}],"predecessor-version":[{"id":3839,"href":"https:\/\/exceladvisor.org\/de\/wp-json\/wp\/v2\/pages\/3655\/revisions\/3839"}],"wp:attachment":[{"href":"https:\/\/exceladvisor.org\/de\/wp-json\/wp\/v2\/media?parent=3655"}],"curies":[{"name":"wp","href":"https:\/\/api.w.org\/{rel}","templated":true}]}}