{"id":3656,"date":"2023-09-27T15:00:46","date_gmt":"2023-09-27T15:00:46","guid":{"rendered":"https:\/\/exceladvisor.org\/de\/werte-einfugen\/"},"modified":"2023-12-03T11:12:12","modified_gmt":"2023-12-03T11:12:12","slug":"werte-einfugen","status":"publish","type":"page","link":"https:\/\/exceladvisor.org\/de\/werte-einfugen\/","title":{"rendered":"Die beste excel-verkn\u00fcpfung zum einf\u00fcgen von werten"},"content":{"rendered":"<div class=\"excel-vor-dem-inhalt\" id=\"excel-3377285804\"><script type=\"text\/javascript\">\r\n\tatOptions = {\r\n\t\t'key' : 'c1158f160081d6540a8409e6925dab94',\r\n\t\t'format' : 'iframe',\r\n\t\t'height' : 250,\r\n\t\t'width' : 300,\r\n\t\t'params' : {}\r\n\t};\r\n<\/script>\r\n<script type=\"text\/javascript\" src=\"\/\/www.highperformanceformat.com\/c1158f160081d6540a8409e6925dab94\/invoke.js\"><\/script><\/div> <p>In Excel ist das Kopieren und Einf\u00fcgen eine sehr h\u00e4ufige Aufgabe, die jeder ausf\u00fchrt, und wann immer ein Benutzer die Daten kopiert und einf\u00fcgt, f\u00fcgt Excel nicht nur die Werte, sondern auch die Formatierung und Formel ein.<\/p><p> Excel verf\u00fcgt aber auch \u00fcber die Option, die Daten nur als Werte einzuf\u00fcgen, was bedeutet, dass mit dieser Option nur der Wert eingef\u00fcgt wird und die Formatierung und Formel entfernt werden.<\/p><p> Es gibt mehrere Tastenkombinationen und Tastenkombinationen, um die Daten nur in Excel als Wert einzuf\u00fcgen, aber in diesem Tutorial haben wir Ihnen die schnellsten und einfachsten Tastenkombinationen erkl\u00e4rt.<\/p><h2 class=\"wp-block-heading\"> Tastenkombination zum Einf\u00fcgen von Werten in Excel<\/h2><p> Im Folgenden werden die schnellsten und einfachsten Tastenkombinationen zum Einf\u00fcgen von Werten in Excel aufgef\u00fchrt:<\/p><p> <kbd>Alt<\/kbd> \u2192 <kbd>H<\/kbd> \u2192 <kbd>V<\/kbd> \u2192 <kbd>V<\/kbd> <\/p><div class=\"wp-block-image\"><figure class=\"aligncenter size-full is-resized\"><img loading=\"lazy\" decoding=\"async\" class=\"wp-image-69464\" src=\"https:\/\/exceladvisor.org\/wp-content\/uploads\/2023\/08\/1-coller-les-touches-de-raccourci-des-valeurs.png\" sizes=\"auto, \" srcset=\"\" alt=\"Tastenkombinationen zum Einf\u00fcgen von Werten\" width=\"787\" height=\"309\"><\/figure><\/div><p> <kbd>Strg<\/kbd> + <kbd>Alt<\/kbd> + V, dann <kbd>V<\/kbd> \u2192 <kbd>Eingabetaste<\/kbd> <\/p><div class=\"wp-block-image\"><figure class=\"aligncenter size-full is-resized\"><img loading=\"lazy\" decoding=\"async\" class=\"wp-image-69465\" src=\"https:\/\/exceladvisor.org\/wp-content\/uploads\/2023\/08\/2-coller-le-raccourci-de-la-valeur.png\" sizes=\"auto, \" srcset=\"\" alt=\"Verkn\u00fcpfung zum Einf\u00fcgen von Werten\" width=\"781\" height=\"306\"><\/figure><\/div><h2 class=\"wp-block-heading\"> Schritte zum Einf\u00fcgen von Werten mithilfe einer Tastenkombination<\/h2><ul><li> Kopieren Sie zun\u00e4chst die Daten, die Sie an anderer Stelle in Excel einf\u00fcgen m\u00f6chten.<\/li><li> Gehen Sie anschlie\u00dfend zu der Zelle, in die Sie die Daten einf\u00fcgen m\u00f6chten.<\/li><li> Dr\u00fccken Sie nun einfach der Reihe nach Alt \u2192 H \u2192 V \u2192 V und Ihre Daten werden nur als Werte eingef\u00fcgt.<\/li><li> Oder halten Sie \u201eStrg + Alt + V\u201c gedr\u00fcckt und Sie \u00f6ffnen das Dialogfeld \u201eInhalte einf\u00fcgen\u201c.<\/li><li> Lassen Sie nun die Tasten los und dr\u00fccken Sie einfach \u201eV\u201c, um das Optionsfeld auf \u201eWerte\u201c zu verschieben, und dr\u00fccken Sie die Eingabetaste. <\/li><\/ul><div class=\"wp-block-image\"><figure class=\"aligncenter size-full is-resized\"><img loading=\"lazy\" decoding=\"async\" class=\"wp-image-69466\" src=\"https:\/\/exceladvisor.org\/wp-content\/uploads\/2023\/08\/3-coller-la-boite-de-dialogue-speciale.png\" sizes=\"auto, \" srcset=\"\" alt=\"Spezialdialogfeld einf\u00fcgen\" width=\"463\" height=\"349\"><\/figure><\/div><div class=\"wp-block-group more-tutorials is-layout-flow\"><div class=\"wp-block-group__inner-container\"><h2 class=\"wp-block-heading\"> Weitere Verkn\u00fcpfungen <\/h2><div class=\"wp-block-columns is-layout-flex wp-container-59\"><div class=\"wp-block-column is-layout-flow\"><ul><li> <a href=\"https:\/\/exceladvisor.org\/de\/absolute-referenz\/\">Absolute Referenz<\/a><\/li><li> <a href=\"https:\/\/exceladvisor.org\/de\/kopieren-einfugen\/\">Kopieren und Einf\u00fcgen<\/a><\/li><li> <a href=\"https:\/\/exceladvisor.org\/de\/ausschneiden-und-einfugen\/\">Ausschneiden und Einf\u00fcgen<\/a><\/li><li> Zellen sperren<\/li><\/ul><\/div><div class=\"wp-block-column is-layout-flow\"><ul><li> <a href=\"https:\/\/exceladvisor.org\/de\/wahlen-sie-eine-zeile-aus\/\">W\u00e4hlen Sie eine Zeile aus<\/a><\/li><li> <a href=\"https:\/\/exceladvisor.org\/de\/transponieren-2\/\">Transponieren<\/a><\/li><li> <a href=\"https:\/\/exceladvisor.org\/de\/gehe-zu\/\">\u00d6ffnen Sie die Option \u201eGehe zu\u201c.<\/a><\/li><\/ul><\/div><\/div><p> \u21e0 Zur\u00fcck zu <a href=\"https:\/\/exceladvisor.org\/de\/tastaturkurzel\/\">Excel-Verkn\u00fcpfungen (PDF-Spickzettel)<\/a><\/p><\/div><\/div>","protected":false},"excerpt":{"rendered":"","protected":false},"author":1,"featured_media":0,"parent":0,"menu_order":0,"comment_status":"open","ping_status":"closed","template":"","meta":{"ub_ctt_via":"","footnotes":""},"class_list":["post-3656","page","type-page","status-publish","hentry"],"featured_image_src":null,"yoast_head":"<!-- This site is optimized with the Yoast SEO plugin v25.4 - https:\/\/yoast.com\/wordpress\/plugins\/seo\/ -->\n<title>\u25b7 Excel-Verkn\u00fcpfung zum Einf\u00fcgen von Werten (Neueste Version 2023)<\/title>\n<meta name=\"description\" content=\"In diesem Tutorial erfahren Sie, wie Sie mithilfe einer Tastenkombination Werte in Excel einf\u00fcgen. Nun diese Tastenkombination\" \/>\n<meta name=\"robots\" content=\"index, follow, max-snippet:-1, max-image-preview:large, max-video-preview:-1\" \/>\n<link rel=\"canonical\" href=\"https:\/\/exceladvisor.org\/de\/werte-einfugen\/\" \/>\n<meta property=\"og:locale\" content=\"de_DE\" \/>\n<meta property=\"og:type\" content=\"article\" \/>\n<meta property=\"og:title\" content=\"\u25b7 Excel-Verkn\u00fcpfung zum Einf\u00fcgen von Werten (Neueste Version 2023)\" \/>\n<meta property=\"og:description\" content=\"In diesem Tutorial erfahren Sie, wie Sie mithilfe einer Tastenkombination Werte in Excel einf\u00fcgen. Nun diese Tastenkombination\" \/>\n<meta property=\"og:url\" content=\"https:\/\/exceladvisor.org\/de\/werte-einfugen\/\" \/>\n<meta property=\"og:site_name\" content=\"Excel Advisor\" \/>\n<meta property=\"article:modified_time\" content=\"2023-12-03T11:12:12+00:00\" \/>\n<meta property=\"og:image\" content=\"https:\/\/exceladvisor.org\/wp-content\/uploads\/2023\/08\/1-coller-les-touches-de-raccourci-des-valeurs.png\" \/>\n<meta name=\"twitter:card\" content=\"summary_large_image\" \/>\n<meta name=\"twitter:label1\" content=\"Gesch\u00e4tzte Lesezeit\" \/>\n\t<meta name=\"twitter:data1\" content=\"1\u00a0Minute\" \/>\n<script type=\"application\/ld+json\" class=\"yoast-schema-graph\">{\"@context\":\"https:\/\/schema.org\",\"@graph\":[{\"@type\":\"WebPage\",\"@id\":\"https:\/\/exceladvisor.org\/de\/werte-einfugen\/\",\"url\":\"https:\/\/exceladvisor.org\/de\/werte-einfugen\/\",\"name\":\"\u25b7 Excel-Verkn\u00fcpfung zum Einf\u00fcgen von Werten (Neueste Version 2023)\",\"isPartOf\":{\"@id\":\"https:\/\/exceladvisor.org\/de\/#website\"},\"primaryImageOfPage\":{\"@id\":\"https:\/\/exceladvisor.org\/de\/werte-einfugen\/#primaryimage\"},\"image\":{\"@id\":\"https:\/\/exceladvisor.org\/de\/werte-einfugen\/#primaryimage\"},\"thumbnailUrl\":\"https:\/\/exceladvisor.org\/wp-content\/uploads\/2023\/08\/1-coller-les-touches-de-raccourci-des-valeurs.png\",\"datePublished\":\"2023-09-27T15:00:46+00:00\",\"dateModified\":\"2023-12-03T11:12:12+00:00\",\"description\":\"In diesem Tutorial erfahren Sie, wie Sie mithilfe einer Tastenkombination Werte in Excel einf\u00fcgen. Nun diese Tastenkombination\",\"breadcrumb\":{\"@id\":\"https:\/\/exceladvisor.org\/de\/werte-einfugen\/#breadcrumb\"},\"inLanguage\":\"de\",\"potentialAction\":[{\"@type\":\"ReadAction\",\"target\":[\"https:\/\/exceladvisor.org\/de\/werte-einfugen\/\"]}]},{\"@type\":\"ImageObject\",\"inLanguage\":\"de\",\"@id\":\"https:\/\/exceladvisor.org\/de\/werte-einfugen\/#primaryimage\",\"url\":\"https:\/\/exceladvisor.org\/wp-content\/uploads\/2023\/08\/1-coller-les-touches-de-raccourci-des-valeurs.png\",\"contentUrl\":\"https:\/\/exceladvisor.org\/wp-content\/uploads\/2023\/08\/1-coller-les-touches-de-raccourci-des-valeurs.png\"},{\"@type\":\"BreadcrumbList\",\"@id\":\"https:\/\/exceladvisor.org\/de\/werte-einfugen\/#breadcrumb\",\"itemListElement\":[{\"@type\":\"ListItem\",\"position\":1,\"name\":\"Accueil\",\"item\":\"https:\/\/exceladvisor.org\/de\/\"},{\"@type\":\"ListItem\",\"position\":2,\"name\":\"Die beste excel-verkn\u00fcpfung zum einf\u00fcgen von werten\"}]},{\"@type\":\"WebSite\",\"@id\":\"https:\/\/exceladvisor.org\/de\/#website\",\"url\":\"https:\/\/exceladvisor.org\/de\/\",\"name\":\"Excel Advisor\",\"description\":\"Ihr Leitfaden zur Datendominanz\",\"publisher\":{\"@id\":\"https:\/\/exceladvisor.org\/de\/#organization\"},\"potentialAction\":[{\"@type\":\"SearchAction\",\"target\":{\"@type\":\"EntryPoint\",\"urlTemplate\":\"https:\/\/exceladvisor.org\/de\/?s={search_term_string}\"},\"query-input\":{\"@type\":\"PropertyValueSpecification\",\"valueRequired\":true,\"valueName\":\"search_term_string\"}}],\"inLanguage\":\"de\"},{\"@type\":\"Organization\",\"@id\":\"https:\/\/exceladvisor.org\/de\/#organization\",\"name\":\"Excel Advisor\",\"url\":\"https:\/\/exceladvisor.org\/de\/\",\"logo\":{\"@type\":\"ImageObject\",\"inLanguage\":\"de\",\"@id\":\"https:\/\/exceladvisor.org\/de\/#\/schema\/logo\/image\/\",\"url\":\"https:\/\/exceladvisor.org\/de\/wp-content\/uploads\/2023\/11\/exceladvisor.org_.png\",\"contentUrl\":\"https:\/\/exceladvisor.org\/de\/wp-content\/uploads\/2023\/11\/exceladvisor.org_.png\",\"width\":105,\"height\":36,\"caption\":\"Excel Advisor\"},\"image\":{\"@id\":\"https:\/\/exceladvisor.org\/de\/#\/schema\/logo\/image\/\"}}]}<\/script>\n<!-- \/ Yoast SEO plugin. -->","yoast_head_json":{"title":"\u25b7 Excel-Verkn\u00fcpfung zum Einf\u00fcgen von Werten (Neueste Version 2023)","description":"In diesem Tutorial erfahren Sie, wie Sie mithilfe einer Tastenkombination Werte in Excel einf\u00fcgen. Nun diese Tastenkombination","robots":{"index":"index","follow":"follow","max-snippet":"max-snippet:-1","max-image-preview":"max-image-preview:large","max-video-preview":"max-video-preview:-1"},"canonical":"https:\/\/exceladvisor.org\/de\/werte-einfugen\/","og_locale":"de_DE","og_type":"article","og_title":"\u25b7 Excel-Verkn\u00fcpfung zum Einf\u00fcgen von Werten (Neueste Version 2023)","og_description":"In diesem Tutorial erfahren Sie, wie Sie mithilfe einer Tastenkombination Werte in Excel einf\u00fcgen. Nun diese Tastenkombination","og_url":"https:\/\/exceladvisor.org\/de\/werte-einfugen\/","og_site_name":"Excel Advisor","article_modified_time":"2023-12-03T11:12:12+00:00","og_image":[{"url":"https:\/\/exceladvisor.org\/wp-content\/uploads\/2023\/08\/1-coller-les-touches-de-raccourci-des-valeurs.png","type":"","width":"","height":""}],"twitter_card":"summary_large_image","twitter_misc":{"Gesch\u00e4tzte Lesezeit":"1\u00a0Minute"},"schema":{"@context":"https:\/\/schema.org","@graph":[{"@type":"WebPage","@id":"https:\/\/exceladvisor.org\/de\/werte-einfugen\/","url":"https:\/\/exceladvisor.org\/de\/werte-einfugen\/","name":"\u25b7 Excel-Verkn\u00fcpfung zum Einf\u00fcgen von Werten (Neueste Version 2023)","isPartOf":{"@id":"https:\/\/exceladvisor.org\/de\/#website"},"primaryImageOfPage":{"@id":"https:\/\/exceladvisor.org\/de\/werte-einfugen\/#primaryimage"},"image":{"@id":"https:\/\/exceladvisor.org\/de\/werte-einfugen\/#primaryimage"},"thumbnailUrl":"https:\/\/exceladvisor.org\/wp-content\/uploads\/2023\/08\/1-coller-les-touches-de-raccourci-des-valeurs.png","datePublished":"2023-09-27T15:00:46+00:00","dateModified":"2023-12-03T11:12:12+00:00","description":"In diesem Tutorial erfahren Sie, wie Sie mithilfe einer Tastenkombination Werte in Excel einf\u00fcgen. Nun diese Tastenkombination","breadcrumb":{"@id":"https:\/\/exceladvisor.org\/de\/werte-einfugen\/#breadcrumb"},"inLanguage":"de","potentialAction":[{"@type":"ReadAction","target":["https:\/\/exceladvisor.org\/de\/werte-einfugen\/"]}]},{"@type":"ImageObject","inLanguage":"de","@id":"https:\/\/exceladvisor.org\/de\/werte-einfugen\/#primaryimage","url":"https:\/\/exceladvisor.org\/wp-content\/uploads\/2023\/08\/1-coller-les-touches-de-raccourci-des-valeurs.png","contentUrl":"https:\/\/exceladvisor.org\/wp-content\/uploads\/2023\/08\/1-coller-les-touches-de-raccourci-des-valeurs.png"},{"@type":"BreadcrumbList","@id":"https:\/\/exceladvisor.org\/de\/werte-einfugen\/#breadcrumb","itemListElement":[{"@type":"ListItem","position":1,"name":"Accueil","item":"https:\/\/exceladvisor.org\/de\/"},{"@type":"ListItem","position":2,"name":"Die beste excel-verkn\u00fcpfung zum einf\u00fcgen von werten"}]},{"@type":"WebSite","@id":"https:\/\/exceladvisor.org\/de\/#website","url":"https:\/\/exceladvisor.org\/de\/","name":"Excel Advisor","description":"Ihr Leitfaden zur Datendominanz","publisher":{"@id":"https:\/\/exceladvisor.org\/de\/#organization"},"potentialAction":[{"@type":"SearchAction","target":{"@type":"EntryPoint","urlTemplate":"https:\/\/exceladvisor.org\/de\/?s={search_term_string}"},"query-input":{"@type":"PropertyValueSpecification","valueRequired":true,"valueName":"search_term_string"}}],"inLanguage":"de"},{"@type":"Organization","@id":"https:\/\/exceladvisor.org\/de\/#organization","name":"Excel Advisor","url":"https:\/\/exceladvisor.org\/de\/","logo":{"@type":"ImageObject","inLanguage":"de","@id":"https:\/\/exceladvisor.org\/de\/#\/schema\/logo\/image\/","url":"https:\/\/exceladvisor.org\/de\/wp-content\/uploads\/2023\/11\/exceladvisor.org_.png","contentUrl":"https:\/\/exceladvisor.org\/de\/wp-content\/uploads\/2023\/11\/exceladvisor.org_.png","width":105,"height":36,"caption":"Excel Advisor"},"image":{"@id":"https:\/\/exceladvisor.org\/de\/#\/schema\/logo\/image\/"}}]}},"yoast_meta":{"yoast_wpseo_title":"","yoast_wpseo_metadesc":"","yoast_wpseo_canonical":""},"_links":{"self":[{"href":"https:\/\/exceladvisor.org\/de\/wp-json\/wp\/v2\/pages\/3656","targetHints":{"allow":["GET"]}}],"collection":[{"href":"https:\/\/exceladvisor.org\/de\/wp-json\/wp\/v2\/pages"}],"about":[{"href":"https:\/\/exceladvisor.org\/de\/wp-json\/wp\/v2\/types\/page"}],"author":[{"embeddable":true,"href":"https:\/\/exceladvisor.org\/de\/wp-json\/wp\/v2\/users\/1"}],"replies":[{"embeddable":true,"href":"https:\/\/exceladvisor.org\/de\/wp-json\/wp\/v2\/comments?post=3656"}],"version-history":[{"count":1,"href":"https:\/\/exceladvisor.org\/de\/wp-json\/wp\/v2\/pages\/3656\/revisions"}],"predecessor-version":[{"id":3739,"href":"https:\/\/exceladvisor.org\/de\/wp-json\/wp\/v2\/pages\/3656\/revisions\/3739"}],"wp:attachment":[{"href":"https:\/\/exceladvisor.org\/de\/wp-json\/wp\/v2\/media?parent=3656"}],"curies":[{"name":"wp","href":"https:\/\/api.w.org\/{rel}","templated":true}]}}