{"id":3657,"date":"2023-09-27T13:31:42","date_gmt":"2023-09-27T13:31:42","guid":{"rendered":"https:\/\/exceladvisor.org\/de\/den-verschluss-einfrieren\/"},"modified":"2023-12-03T11:20:20","modified_gmt":"2023-12-03T11:20:20","slug":"den-verschluss-einfrieren","status":"publish","type":"page","link":"https:\/\/exceladvisor.org\/de\/den-verschluss-einfrieren\/","title":{"rendered":"Wie friere ich einen bereich mit der excel-tastenkombination ein?"},"content":{"rendered":"<div class=\"excel-vor-dem-inhalt\" id=\"excel-3582826447\"><script type=\"text\/javascript\">\r\n\tatOptions = {\r\n\t\t'key' : 'c1158f160081d6540a8409e6925dab94',\r\n\t\t'format' : 'iframe',\r\n\t\t'height' : 250,\r\n\t\t'width' : 300,\r\n\t\t'params' : {}\r\n\t};\r\n<\/script>\r\n<script type=\"text\/javascript\" src=\"\/\/www.highperformanceformat.com\/c1158f160081d6540a8409e6925dab94\/invoke.js\"><\/script><\/div> <p>In Excel ist \u201eFenster einfrieren\u201c eine Funktion, die zum Einfrieren oder Sperren von Fenstern beim Scrollen an einer beliebigen Stelle im Blatt verwendet wird, um die eingefrorenen Daten sichtbar zu machen.<\/p><p> Wenn Benutzer mit gro\u00dfen Datenmengen arbeiten, frieren sie lieber die Kopfzeile oder bestimmte Zeilen und Spalten ein, damit sie immer sichtbar sind, wenn sie zu einem beliebigen Teil des Blatts scrollen.<\/p><p> Mit dem Bereich \u201eEinfrieren\u201c k\u00f6nnen Benutzer je nach Bedarf nur die Kopfzeile oder nur die erste Spalte oder die Kombination bestimmter Zeilen und Spalten einfrieren.<\/p><h2 class=\"wp-block-heading\"> Tastenkombination zum Einfrieren des Bereichs in Excel<\/h2><p> <kbd>Andere<\/kbd> \u2192 <kbd>W<\/kbd> \u2192 <kbd>F<\/kbd> \u2192 <kbd>R<\/kbd> (nur Freeze-Header) <\/p><div class=\"wp-block-image\"><figure class=\"aligncenter size-full is-resized\"><img loading=\"lazy\" decoding=\"async\" class=\"wp-image-69452\" src=\"https:\/\/exceladvisor.org\/wp-content\/uploads\/2023\/08\/1-raccourci-pour-figer-la-colonne.png\" sizes=\"auto, \" srcset=\"\" alt=\"Verkn\u00fcpfung zum Einfrieren der Spalte\" width=\"781\" height=\"306\"><\/figure><\/div><p> <kbd>Alt<\/kbd> \u2192 <kbd>W<\/kbd> \u2192 <kbd>F<\/kbd> \u2192 <kbd>C<\/kbd> (um nur die erste Spalte einzufrieren) <\/p><div class=\"wp-block-image\"><figure class=\"aligncenter size-full is-resized\"><img loading=\"lazy\" decoding=\"async\" class=\"wp-image-69453\" src=\"https:\/\/exceladvisor.org\/wp-content\/uploads\/2023\/08\/2-raccourci-pour-geler-len-tete.png\" sizes=\"auto, \" srcset=\"\" alt=\"Verkn\u00fcpfung zum eingefrorenen Header\" width=\"781\" height=\"306\"><\/figure><\/div><p> <kbd>Alt<\/kbd> \u2192 <kbd>W<\/kbd> \u2192 <kbd>F<\/kbd> \u2192 <kbd>F<\/kbd> (Um die Kombination aus Zeilen und Spalten einzufrieren oder den bereits eingefrorenen Bereich aufzuheben) <\/p><div class=\"wp-block-image\"><figure class=\"aligncenter size-full is-resized\"><img loading=\"lazy\" decoding=\"async\" class=\"wp-image-69454\" src=\"https:\/\/exceladvisor.org\/wp-content\/uploads\/2023\/08\/3-raccourci-pour-figer-les-lignes-et-les-colonnes.png\" sizes=\"auto, \" srcset=\"\" alt=\"Verkn\u00fcpfung zum Einfrieren von Zeilen und Spalten\" width=\"793\" height=\"311\"><\/figure><\/div><h2 class=\"wp-block-heading\"> Schritte zum Einfrieren des Bereichs mithilfe einer Tastenkombination<\/h2><ol><li> Um nur die Kopfzeile (erste Zeile) einzufrieren, klicken Sie einfach auf eine beliebige Stelle im Blatt und dr\u00fccken Sie der Reihe nach \u201eAlt \u2192 W \u2192 F \u2192 R\u201c. Ihre Kopfzeile wird dann eingefroren und ist jederzeit sichtbar, auch wenn Sie irgendwo scrollen im Blatt.<\/li><li> Wenn Sie nach rechts scrollen und die erste Spalte anstelle der Zeile einfrieren m\u00f6chten, klicken Sie einfach auf eine beliebige Stelle im Blatt und dr\u00fccken Sie der Reihe nach \u201eAlt \u2192 W \u2192 F \u2192 C\u201c, und Ihre erste Spalte wird eingefroren.<\/li><li> Um die spezifische Zeilen- und Spaltenkombination einzufrieren, navigieren Sie zur Zelle links und \u00fcber der Spalte und den Zeilen, die Sie einfrieren m\u00f6chten, und dr\u00fccken Sie dann \u201eAlt \u2192 W \u2192 F \u2192 F\u201c. Ihre Zeilenkombination und Spalten werden zusammen eingefroren.<\/li><li> Um das Fenster freizugeben, dr\u00fccken Sie einfach \u201eAlt \u2192 W \u2192 F \u2192 F\u201c. <\/li><\/ol><div class=\"wp-block-image\"><figure class=\"aligncenter size-full is-resized\"><img loading=\"lazy\" decoding=\"async\" class=\"wp-image-69455\" src=\"https:\/\/exceladvisor.org\/wp-content\/uploads\/2023\/08\/4-colonnes-pour-figer-les-lignes-et-les-colonnes.png\" sizes=\"auto, \" srcset=\"\" alt=\"Spalte zum Einfrieren von Zeilen und Spalten\" width=\"565\" height=\"195\"><\/figure><\/div><p> Im obigen Bild sind wir zuerst zu Zelle C3 gegangen und haben dann Alt \u2192 W \u2192 F \u2192 F gedr\u00fcckt, wodurch die Zeilen \u00fcber dieser Zelle und die Spalten links von dieser Zelle jetzt eingefroren sind, wenn wir die ersten beiden Zeilen nach unten scrollen immer sichtbar sein und wenn wir nach rechts scrollen, sind die ersten beiden Spalten immer sichtbar. <\/p><div class=\"wp-block-group more-tutorials is-layout-flow\"><div class=\"wp-block-group__inner-container\"><h2 class=\"wp-block-heading\"> Weitere Tutorials <\/h2><div class=\"wp-block-columns is-layout-flex wp-container-55\"><div class=\"wp-block-column is-layout-flow\"><ul><li> <a href=\"https:\/\/exceladvisor.org\/de\/ein-neues-blatt-hinzufugen\/\">F\u00fcgen Sie ein neues Blatt hinzu<\/a><\/li><li> <a href=\"https:\/\/exceladvisor.org\/de\/ein-blatt-loschen\/\">Blatt l\u00f6schen<\/a><\/li><li> <a href=\"https:\/\/exceladvisor.org\/de\/finde-ersetzen-1\/\">Suchen und Ersetzen<\/a><\/li><\/ul><\/div><div class=\"wp-block-column is-layout-flow\"><ul><li> <a href=\"https:\/\/exceladvisor.org\/de\/hyperlink-2\/\">Hyperlink<\/a><\/li><li> <a href=\"https:\/\/exceladvisor.org\/de\/hineinzoomen-herauszoomen\/\">Hineinzoomen herauszoomen<\/a><\/li><\/ul><\/div><\/div><p> \u21e0 Zur\u00fcck zu <a href=\"https:\/\/exceladvisor.org\/de\/tastaturkurzel\/\">Excel-Verkn\u00fcpfungen (PDF-Spickzettel)<\/a><\/p><\/div><\/div>","protected":false},"excerpt":{"rendered":"","protected":false},"author":1,"featured_media":0,"parent":0,"menu_order":0,"comment_status":"open","ping_status":"closed","template":"","meta":{"ub_ctt_via":"","footnotes":""},"class_list":["post-3657","page","type-page","status-publish","hentry"],"featured_image_src":null,"yoast_head":"<!-- This site is optimized with the Yoast SEO plugin v25.4 - https:\/\/yoast.com\/wordpress\/plugins\/seo\/ -->\n<title>Wie friere ich einen Bereich mit der Excel-Tastenkombination ein?<\/title>\n<meta name=\"description\" content=\"In diesem Tutorial erfahren Sie, wie Sie mithilfe einer Tastenkombination den Fixierbereich in Excel anwenden. Nun diese Abk\u00fcrzung\" \/>\n<meta name=\"robots\" content=\"index, follow, max-snippet:-1, max-image-preview:large, max-video-preview:-1\" \/>\n<link rel=\"canonical\" href=\"https:\/\/exceladvisor.org\/de\/den-verschluss-einfrieren\/\" \/>\n<meta property=\"og:locale\" content=\"de_DE\" \/>\n<meta property=\"og:type\" content=\"article\" \/>\n<meta property=\"og:title\" content=\"Wie friere ich einen Bereich mit der Excel-Tastenkombination ein?\" \/>\n<meta property=\"og:description\" content=\"In diesem Tutorial erfahren Sie, wie Sie mithilfe einer Tastenkombination den Fixierbereich in Excel anwenden. Nun diese Abk\u00fcrzung\" \/>\n<meta property=\"og:url\" content=\"https:\/\/exceladvisor.org\/de\/den-verschluss-einfrieren\/\" \/>\n<meta property=\"og:site_name\" content=\"Excel Advisor\" \/>\n<meta property=\"article:modified_time\" content=\"2023-12-03T11:20:20+00:00\" \/>\n<meta property=\"og:image\" content=\"https:\/\/exceladvisor.org\/wp-content\/uploads\/2023\/08\/1-raccourci-pour-figer-la-colonne.png\" \/>\n<meta name=\"twitter:card\" content=\"summary_large_image\" \/>\n<meta name=\"twitter:label1\" content=\"Gesch\u00e4tzte Lesezeit\" \/>\n\t<meta name=\"twitter:data1\" content=\"2\u00a0Minuten\" \/>\n<script type=\"application\/ld+json\" class=\"yoast-schema-graph\">{\"@context\":\"https:\/\/schema.org\",\"@graph\":[{\"@type\":\"WebPage\",\"@id\":\"https:\/\/exceladvisor.org\/de\/den-verschluss-einfrieren\/\",\"url\":\"https:\/\/exceladvisor.org\/de\/den-verschluss-einfrieren\/\",\"name\":\"Wie friere ich einen Bereich mit der Excel-Tastenkombination ein?\",\"isPartOf\":{\"@id\":\"https:\/\/exceladvisor.org\/de\/#website\"},\"primaryImageOfPage\":{\"@id\":\"https:\/\/exceladvisor.org\/de\/den-verschluss-einfrieren\/#primaryimage\"},\"image\":{\"@id\":\"https:\/\/exceladvisor.org\/de\/den-verschluss-einfrieren\/#primaryimage\"},\"thumbnailUrl\":\"https:\/\/exceladvisor.org\/wp-content\/uploads\/2023\/08\/1-raccourci-pour-figer-la-colonne.png\",\"datePublished\":\"2023-09-27T13:31:42+00:00\",\"dateModified\":\"2023-12-03T11:20:20+00:00\",\"description\":\"In diesem Tutorial erfahren Sie, wie Sie mithilfe einer Tastenkombination den Fixierbereich in Excel anwenden. Nun diese Abk\u00fcrzung\",\"breadcrumb\":{\"@id\":\"https:\/\/exceladvisor.org\/de\/den-verschluss-einfrieren\/#breadcrumb\"},\"inLanguage\":\"de\",\"potentialAction\":[{\"@type\":\"ReadAction\",\"target\":[\"https:\/\/exceladvisor.org\/de\/den-verschluss-einfrieren\/\"]}]},{\"@type\":\"ImageObject\",\"inLanguage\":\"de\",\"@id\":\"https:\/\/exceladvisor.org\/de\/den-verschluss-einfrieren\/#primaryimage\",\"url\":\"https:\/\/exceladvisor.org\/wp-content\/uploads\/2023\/08\/1-raccourci-pour-figer-la-colonne.png\",\"contentUrl\":\"https:\/\/exceladvisor.org\/wp-content\/uploads\/2023\/08\/1-raccourci-pour-figer-la-colonne.png\"},{\"@type\":\"BreadcrumbList\",\"@id\":\"https:\/\/exceladvisor.org\/de\/den-verschluss-einfrieren\/#breadcrumb\",\"itemListElement\":[{\"@type\":\"ListItem\",\"position\":1,\"name\":\"Accueil\",\"item\":\"https:\/\/exceladvisor.org\/de\/\"},{\"@type\":\"ListItem\",\"position\":2,\"name\":\"Wie friere ich einen bereich mit der excel-tastenkombination ein?\"}]},{\"@type\":\"WebSite\",\"@id\":\"https:\/\/exceladvisor.org\/de\/#website\",\"url\":\"https:\/\/exceladvisor.org\/de\/\",\"name\":\"Excel Advisor\",\"description\":\"Ihr Leitfaden zur Datendominanz\",\"publisher\":{\"@id\":\"https:\/\/exceladvisor.org\/de\/#organization\"},\"potentialAction\":[{\"@type\":\"SearchAction\",\"target\":{\"@type\":\"EntryPoint\",\"urlTemplate\":\"https:\/\/exceladvisor.org\/de\/?s={search_term_string}\"},\"query-input\":{\"@type\":\"PropertyValueSpecification\",\"valueRequired\":true,\"valueName\":\"search_term_string\"}}],\"inLanguage\":\"de\"},{\"@type\":\"Organization\",\"@id\":\"https:\/\/exceladvisor.org\/de\/#organization\",\"name\":\"Excel Advisor\",\"url\":\"https:\/\/exceladvisor.org\/de\/\",\"logo\":{\"@type\":\"ImageObject\",\"inLanguage\":\"de\",\"@id\":\"https:\/\/exceladvisor.org\/de\/#\/schema\/logo\/image\/\",\"url\":\"https:\/\/exceladvisor.org\/de\/wp-content\/uploads\/2023\/11\/exceladvisor.org_.png\",\"contentUrl\":\"https:\/\/exceladvisor.org\/de\/wp-content\/uploads\/2023\/11\/exceladvisor.org_.png\",\"width\":105,\"height\":36,\"caption\":\"Excel Advisor\"},\"image\":{\"@id\":\"https:\/\/exceladvisor.org\/de\/#\/schema\/logo\/image\/\"}}]}<\/script>\n<!-- \/ Yoast SEO plugin. -->","yoast_head_json":{"title":"Wie friere ich einen Bereich mit der Excel-Tastenkombination ein?","description":"In diesem Tutorial erfahren Sie, wie Sie mithilfe einer Tastenkombination den Fixierbereich in Excel anwenden. Nun diese Abk\u00fcrzung","robots":{"index":"index","follow":"follow","max-snippet":"max-snippet:-1","max-image-preview":"max-image-preview:large","max-video-preview":"max-video-preview:-1"},"canonical":"https:\/\/exceladvisor.org\/de\/den-verschluss-einfrieren\/","og_locale":"de_DE","og_type":"article","og_title":"Wie friere ich einen Bereich mit der Excel-Tastenkombination ein?","og_description":"In diesem Tutorial erfahren Sie, wie Sie mithilfe einer Tastenkombination den Fixierbereich in Excel anwenden. Nun diese Abk\u00fcrzung","og_url":"https:\/\/exceladvisor.org\/de\/den-verschluss-einfrieren\/","og_site_name":"Excel Advisor","article_modified_time":"2023-12-03T11:20:20+00:00","og_image":[{"url":"https:\/\/exceladvisor.org\/wp-content\/uploads\/2023\/08\/1-raccourci-pour-figer-la-colonne.png","type":"","width":"","height":""}],"twitter_card":"summary_large_image","twitter_misc":{"Gesch\u00e4tzte Lesezeit":"2\u00a0Minuten"},"schema":{"@context":"https:\/\/schema.org","@graph":[{"@type":"WebPage","@id":"https:\/\/exceladvisor.org\/de\/den-verschluss-einfrieren\/","url":"https:\/\/exceladvisor.org\/de\/den-verschluss-einfrieren\/","name":"Wie friere ich einen Bereich mit der Excel-Tastenkombination ein?","isPartOf":{"@id":"https:\/\/exceladvisor.org\/de\/#website"},"primaryImageOfPage":{"@id":"https:\/\/exceladvisor.org\/de\/den-verschluss-einfrieren\/#primaryimage"},"image":{"@id":"https:\/\/exceladvisor.org\/de\/den-verschluss-einfrieren\/#primaryimage"},"thumbnailUrl":"https:\/\/exceladvisor.org\/wp-content\/uploads\/2023\/08\/1-raccourci-pour-figer-la-colonne.png","datePublished":"2023-09-27T13:31:42+00:00","dateModified":"2023-12-03T11:20:20+00:00","description":"In diesem Tutorial erfahren Sie, wie Sie mithilfe einer Tastenkombination den Fixierbereich in Excel anwenden. Nun diese Abk\u00fcrzung","breadcrumb":{"@id":"https:\/\/exceladvisor.org\/de\/den-verschluss-einfrieren\/#breadcrumb"},"inLanguage":"de","potentialAction":[{"@type":"ReadAction","target":["https:\/\/exceladvisor.org\/de\/den-verschluss-einfrieren\/"]}]},{"@type":"ImageObject","inLanguage":"de","@id":"https:\/\/exceladvisor.org\/de\/den-verschluss-einfrieren\/#primaryimage","url":"https:\/\/exceladvisor.org\/wp-content\/uploads\/2023\/08\/1-raccourci-pour-figer-la-colonne.png","contentUrl":"https:\/\/exceladvisor.org\/wp-content\/uploads\/2023\/08\/1-raccourci-pour-figer-la-colonne.png"},{"@type":"BreadcrumbList","@id":"https:\/\/exceladvisor.org\/de\/den-verschluss-einfrieren\/#breadcrumb","itemListElement":[{"@type":"ListItem","position":1,"name":"Accueil","item":"https:\/\/exceladvisor.org\/de\/"},{"@type":"ListItem","position":2,"name":"Wie friere ich einen bereich mit der excel-tastenkombination ein?"}]},{"@type":"WebSite","@id":"https:\/\/exceladvisor.org\/de\/#website","url":"https:\/\/exceladvisor.org\/de\/","name":"Excel Advisor","description":"Ihr Leitfaden zur Datendominanz","publisher":{"@id":"https:\/\/exceladvisor.org\/de\/#organization"},"potentialAction":[{"@type":"SearchAction","target":{"@type":"EntryPoint","urlTemplate":"https:\/\/exceladvisor.org\/de\/?s={search_term_string}"},"query-input":{"@type":"PropertyValueSpecification","valueRequired":true,"valueName":"search_term_string"}}],"inLanguage":"de"},{"@type":"Organization","@id":"https:\/\/exceladvisor.org\/de\/#organization","name":"Excel Advisor","url":"https:\/\/exceladvisor.org\/de\/","logo":{"@type":"ImageObject","inLanguage":"de","@id":"https:\/\/exceladvisor.org\/de\/#\/schema\/logo\/image\/","url":"https:\/\/exceladvisor.org\/de\/wp-content\/uploads\/2023\/11\/exceladvisor.org_.png","contentUrl":"https:\/\/exceladvisor.org\/de\/wp-content\/uploads\/2023\/11\/exceladvisor.org_.png","width":105,"height":36,"caption":"Excel Advisor"},"image":{"@id":"https:\/\/exceladvisor.org\/de\/#\/schema\/logo\/image\/"}}]}},"yoast_meta":{"yoast_wpseo_title":"","yoast_wpseo_metadesc":"","yoast_wpseo_canonical":""},"_links":{"self":[{"href":"https:\/\/exceladvisor.org\/de\/wp-json\/wp\/v2\/pages\/3657","targetHints":{"allow":["GET"]}}],"collection":[{"href":"https:\/\/exceladvisor.org\/de\/wp-json\/wp\/v2\/pages"}],"about":[{"href":"https:\/\/exceladvisor.org\/de\/wp-json\/wp\/v2\/types\/page"}],"author":[{"embeddable":true,"href":"https:\/\/exceladvisor.org\/de\/wp-json\/wp\/v2\/users\/1"}],"replies":[{"embeddable":true,"href":"https:\/\/exceladvisor.org\/de\/wp-json\/wp\/v2\/comments?post=3657"}],"version-history":[{"count":1,"href":"https:\/\/exceladvisor.org\/de\/wp-json\/wp\/v2\/pages\/3657\/revisions"}],"predecessor-version":[{"id":4000,"href":"https:\/\/exceladvisor.org\/de\/wp-json\/wp\/v2\/pages\/3657\/revisions\/4000"}],"wp:attachment":[{"href":"https:\/\/exceladvisor.org\/de\/wp-json\/wp\/v2\/media?parent=3657"}],"curies":[{"name":"wp","href":"https:\/\/api.w.org\/{rel}","templated":true}]}}