{"id":3658,"date":"2023-09-26T17:03:33","date_gmt":"2023-09-26T17:03:33","guid":{"rendered":"https:\/\/exceladvisor.org\/de\/dunkelmodus\/"},"modified":"2023-12-03T11:13:29","modified_gmt":"2023-12-03T11:13:29","slug":"dunkelmodus","status":"publish","type":"page","link":"https:\/\/exceladvisor.org\/de\/dunkelmodus\/","title":{"rendered":"Wie aktiviere ich den dunkelmodus in excel?"},"content":{"rendered":"<div class=\"excel-vor-dem-inhalt\" id=\"excel-3883259948\"><script type=\"text\/javascript\">\r\n\tatOptions = {\r\n\t\t'key' : 'c1158f160081d6540a8409e6925dab94',\r\n\t\t'format' : 'iframe',\r\n\t\t'height' : 250,\r\n\t\t'width' : 300,\r\n\t\t'params' : {}\r\n\t};\r\n<\/script>\r\n<script type=\"text\/javascript\" src=\"\/\/www.highperformanceformat.com\/c1158f160081d6540a8409e6925dab94\/invoke.js\"><\/script><\/div> <p>Heutzutage bietet jede App die M\u00f6glichkeit, ihr Aussehen im Dunkelmodus zu \u00e4ndern. Auf die gleiche Weise k\u00f6nnen Sie beispielsweise in Excel (Office) in den Dunkelmodus wechseln. In diesem Tutorial lernen wir, wie man es aktiviert und verstehen, warum diese Funktionalit\u00e4t verbessert werden kann.<\/p><h2 class=\"wp-block-heading\"> Schritte zum Aktivieren des Dunkelmodus<\/h2><ol><li> Klicken Sie zun\u00e4chst auf die Registerkarte Datei. <br><img loading=\"lazy\" decoding=\"async\" title=\"1-Klick-auf-Tab-Datei\" src=\"https:\/\/exceladvisor.org\/wp-content\/uploads\/2023\/08\/1-clic-sur-longlet-fichier.png\" sizes=\"auto, \" srcset=\"\" alt=\"click-on-file-tab\" width=\"492\" height=\"258\"><\/li><li> Und \u00f6ffnen Sie <a href=\"https:\/\/exceladvisor.org\/de\/optionen\/\">die Excel-Optionen<\/a> . <br><img loading=\"lazy\" decoding=\"async\" title=\"2 Open-Excel-Optionen\" src=\"https:\/\/exceladvisor.org\/wp-content\/uploads\/2023\/08\/2-options-Excel-ouvertes.png\" sizes=\"auto, \" srcset=\"\" alt=\"open-excel-options\" width=\"352\" height=\"236\"><\/li><li> Gehen Sie nun im Reiter \u201eAllgemein\u201c auf \u201eIhre Kopie von Microsoft Office personalisieren\u201c. <br><img loading=\"lazy\" decoding=\"async\" class=\"alignnone wp-image-12736 \" src=\"https:\/\/exceladvisor.org\/wp-content\/uploads\/2023\/11\/3-personnalisez-votre-exemplair.png\" alt=\"Personalisieren Sie Ihr Exemplar\" width=\"467\" height=\"204\" srcset=\"https:\/\/exceladvisor.org\/wp-content\/uploads\/2023\/11\/3-personnalisez-votre-exemplair.png 791w, https:\/\/exceladvisor.org\/wp-content\/uploads\/2023\/11\/3-personnalisez-votre-exemplair-300x131.png 300w, https:\/\/exceladvisor.org\/wp-content\/uploads\/2023\/11\/3-personnalisez-votre-exemplair-768x335.png 768w\" sizes=\"auto, (max-width: 467px) 100vw, 467px\"><\/li><li> W\u00e4hlen Sie im Dropdown-Men\u00fc \u201eOffice-Design\u201c die Option \u201eLeer\u201c. <br><img loading=\"lazy\" decoding=\"async\" class=\"alignnone wp-image-12737 \" src=\"https:\/\/exceladvisor.org\/wp-content\/uploads\/2023\/11\/4-choisissez-le-noir-du-theme-bureau.png\" alt=\"W\u00e4hlen Sie Schwarz aus dem B\u00fcrothema\" width=\"459\" height=\"275\" srcset=\"https:\/\/exceladvisor.org\/wp-content\/uploads\/2023\/11\/4-choisissez-le-noir-du-theme-bureau.png 587w, https:\/\/exceladvisor.org\/wp-content\/uploads\/2023\/11\/4-choisissez-le-noir-du-theme-bureau-300x180.png 300w\" sizes=\"auto, (max-width: 459px) 100vw, 459px\"><\/li><li> Klicken Sie abschlie\u00dfend auf \u201eOK\u201c.<\/li><\/ol><p> Wenn Sie auf \u201eOK\u201c klicken, wird der Dunkelmodus auf Excel angewendet und das Arbeitsblatt bleibt unver\u00e4ndert. Aber die restlichen Fenster werden komplett leer sein. <\/p><div class=\"wp-block-image\"><figure class=\"aligncenter size-full is-resized\"><img loading=\"lazy\" decoding=\"async\" class=\"wp-image-88779\" src=\"https:\/\/exceladvisor.org\/wp-content\/uploads\/2023\/08\/6-mode-sombre-applique-a-excel.png\" sizes=\"auto, \" srcset=\"\" alt=\"Dunkelmodus-auf-Excel angewendet\" width=\"604\" height=\"350\"><\/figure><\/div><p> Eines m\u00fcssen Sie wissen: Wenn Sie das Erscheinungsbild von Excel \u00e4ndern, \u00e4ndert sich auch das Erscheinungsbild anderer Office-Anwendungen wie Word und PowerPoint. <\/p><div class=\"wp-block-image\"><figure class=\"aligncenter size-full is-resized\"><img loading=\"lazy\" decoding=\"async\" class=\"wp-image-88780\" src=\"https:\/\/exceladvisor.org\/wp-content\/uploads\/2023\/08\/7-autres-applications-bureautiques-sont-egalement-passees-en-mode-sombre.png\" sizes=\"auto, \" srcset=\"\" alt=\"Andere Desktop-Apps wurden ebenfalls in den Dunkelmodus versetzt\" width=\"592\" height=\"333\"><\/figure><\/div><p> Aber wie Sie in Word sehen k\u00f6nnen, wechselt es alle Windows in den dunklen Modus, aber in Excel gibt es immer noch wei\u00dfe Zellen und leeren Text. Und wenn Sie Excel auf einem Mac verwenden, m\u00fcssen Sie zu Excel \u21e2 Einstellungen\u2026 \u21e2 Allgemein gehen und das H\u00e4kchen bei \u201eDunkelmodus deaktivieren\u201c deaktivieren. <\/p><div class=\"wp-block-image\"><figure class=\"aligncenter size-full is-resized\"><img loading=\"lazy\" decoding=\"async\" class=\"alignnone wp-image-12733 size-large\" src=\"https:\/\/exceladvisor.org\/wp-content\/uploads\/2023\/11\/decochez-desactivez-le-mode-1024x696.png\" alt=\"uncheck-disable-mode\" width=\"678\" height=\"461\" srcset=\"https:\/\/exceladvisor.org\/wp-content\/uploads\/2023\/11\/decochez-desactivez-le-mode-1024x696.png 1024w, https:\/\/exceladvisor.org\/wp-content\/uploads\/2023\/11\/decochez-desactivez-le-mode-300x204.png 300w, https:\/\/exceladvisor.org\/wp-content\/uploads\/2023\/11\/decochez-desactivez-le-mode-768x522.png 768w, https:\/\/exceladvisor.org\/wp-content\/uploads\/2023\/11\/decochez-desactivez-le-mode-1536x1044.png 1536w, https:\/\/exceladvisor.org\/wp-content\/uploads\/2023\/11\/decochez-desactivez-le-mode.png 1692w\" sizes=\"auto, (max-width: 678px) 100vw, 678px\"><\/figure><\/div><h2 class=\"wp-block-heading\"> Versetzen Sie die Zellen in den Dunkelmodus und die Schriftart in Wei\u00df<\/h2><p> Es gibt einen einfachen Hack, mit dem Sie Ihre Zellen auch in den Dunkelmodus versetzen k\u00f6nnen.<\/p><ol type=\"1\"><li> F\u00fcgen Sie einen <a href=\"https:\/\/exceladvisor.org\/wp-content\/uploads\/2023\/08\/photo-17.png\" target=\"_blank\" rel=\"noreferrer noopener nofollow\">schwarzen Hintergrund<\/a> mit einem Bild hinzu.<\/li><li> \u00c4ndern Sie die Schriftfarbe im Design in Wei\u00df.<\/li><\/ol><p> Folge diesen Schritten:<\/p><ol><li> \u00d6ffnen Sie zun\u00e4chst PowerPoint in Ihrem System und f\u00fcgen Sie eine einzelne Folie hinzu. <br><img loading=\"lazy\" decoding=\"async\" title=\"9-offener-Stromanschluss\" src=\"https:\/\/exceladvisor.org\/wp-content\/uploads\/2023\/08\/9-prise-de-courant-ouverte.png\" sizes=\"auto, \" srcset=\"\" alt=\"open-power-point\" width=\"592\" height=\"344\"><\/li><li> Klicken Sie anschlie\u00dfend auf die Registerkarte \u201eDesign\u201c und gehen Sie zu \u201eHintergrund formatieren\u201c. <br><img loading=\"lazy\" decoding=\"async\" class=\"alignnone wp-image-12734 \" src=\"https:\/\/exceladvisor.org\/wp-content\/uploads\/2023\/11\/format-fond.png\" alt=\"Hintergrundformat\" width=\"534\" height=\"257\" srcset=\"https:\/\/exceladvisor.org\/wp-content\/uploads\/2023\/11\/format-fond.png 636w, https:\/\/exceladvisor.org\/wp-content\/uploads\/2023\/11\/format-fond-300x144.png 300w\" sizes=\"auto, (max-width: 534px) 100vw, 534px\"><\/li><li> \u00c4ndern Sie nun die Farbe in Schwarz oder eine andere dunkle Farbe Ihrer Wahl. Ich habe den Farbcode (HEX: #3a3a3a) verwendet, um eine benutzerdefinierte dunkle Farbe zu erhalten. <br><img loading=\"lazy\" decoding=\"async\" title=\"11-Farbe-zu-Schwarz \u00e4ndern\" src=\"https:\/\/exceladvisor.org\/wp-content\/uploads\/2023\/08\/11-changer-la-couleur-en-noir.png\" sizes=\"auto, \" srcset=\"\" alt=\"change-the-color-to-black\" width=\"262\" height=\"305\"><\/li><li> Gehen Sie als N\u00e4chstes zur Registerkarte \u201eDatei\u201c, klicken Sie auf \u201eSpeichern unter\u201c und speichern Sie die Pr\u00e4sentation im PNG-Dateiformat (Bild). Oder Sie k\u00f6nnen <a href=\"https:\/\/exceladvisor.org\/wp-content\/uploads\/2023\/08\/photo-17.png\">es hier herunterladen<\/a> . <br><img loading=\"lazy\" decoding=\"async\" class=\"alignnone wp-image-12735 \" src=\"https:\/\/exceladvisor.org\/wp-content\/uploads\/2023\/11\/12-enregistrer-de-fichier-png.png\" alt=\"Aus PNG-Datei speichern\" width=\"598\" height=\"228\" srcset=\"https:\/\/exceladvisor.org\/wp-content\/uploads\/2023\/11\/12-enregistrer-de-fichier-png.png 946w, https:\/\/exceladvisor.org\/wp-content\/uploads\/2023\/11\/12-enregistrer-de-fichier-png-300x114.png 300w, https:\/\/exceladvisor.org\/wp-content\/uploads\/2023\/11\/12-enregistrer-de-fichier-png-768x293.png 768w\" sizes=\"auto, (max-width: 598px) 100vw, 598px\"><\/li><li> Gehen Sie nun zur\u00fcck zu Excel und navigieren Sie zur Registerkarte \u201eSeitenlayout\u201c. Klicken Sie dort auf die Schaltfl\u00e4che \u201eHintergrund\u201c. <br><img loading=\"lazy\" decoding=\"async\" title=\"In Excel werden 13 Layout-Registerkarten ge\u00f6ffnet\" src=\"https:\/\/exceladvisor.org\/wp-content\/uploads\/2023\/08\/13-onglet-de-mise-en-page-ouvert-dans-Excel.png\" sizes=\"auto, \" srcset=\"\" alt=\"open-page-layout-tab-in-excel\" width=\"557\" height=\"225\"><\/li><li> Suchen Sie als N\u00e4chstes das Hintergrundbild, das wir gerade gespeichert haben, und wenden Sie es an. <br><img loading=\"lazy\" decoding=\"async\" title=\"14-lokalisieren-das-aufgezeichnete-Hintergrundbild\" src=\"https:\/\/exceladvisor.org\/wp-content\/uploads\/2023\/08\/14-localiser-limage-darriere-plan-enregistree.png\" sizes=\"auto, \" srcset=\"\" alt=\"locate-the-saved-background-image\" width=\"621\" height=\"278\"><\/li><\/ol><p> Es wird Excel in den vollst\u00e4ndigen Dunkelmodus konvertieren. <\/p><div class=\"wp-block-image\"><figure class=\"aligncenter size-full is-resized\"><img loading=\"lazy\" decoding=\"async\" class=\"wp-image-88788\" src=\"https:\/\/exceladvisor.org\/wp-content\/uploads\/2023\/08\/15-excel-convertis-en-mode-noir-complet.png\" sizes=\"auto, \" srcset=\"\" alt=\"Excel-in-den-Volldunkelmodus konvertiert\" width=\"650\" height=\"407\"><\/figure><\/div><p> Aber es gibt noch etwas, das Sie \u00e4ndern m\u00fcssen: die Schriftfarbe. Gehen Sie also zu Layout \u21e2 Themen \u21e2 Farben \u21e2 Farben anpassen. <\/p><div class=\"wp-block-image\"><figure class=\"aligncenter size-full is-resized\"><img loading=\"lazy\" decoding=\"async\" class=\"wp-image-88789\" src=\"https:\/\/exceladvisor.org\/wp-content\/uploads\/2023\/08\/16-en-mise-en-page-personnaliser-les-couleurs.png\" sizes=\"auto, \" srcset=\"\" alt=\"In-Page-Layout-Farben anpassen\" width=\"492\" height=\"302\"><\/figure><\/div><p> \u00c4ndern Sie unter \u201eBenutzerdefinierte Farbe\u201c die Schriftfarbe in Wei\u00df oder eine beliebige helle Farbe. Und nennen Sie es \u201eDark Theme\u201c. <\/p><div class=\"wp-block-image\"><figure class=\"aligncenter size-full is-resized\"><img loading=\"lazy\" decoding=\"async\" class=\"wp-image-88790\" src=\"https:\/\/exceladvisor.org\/wp-content\/uploads\/2023\/08\/17-changer-la-couleur-de-la-police-en-blanc.png\" sizes=\"auto, \" srcset=\"\" alt=\"\u00c4ndern Sie die Schriftfarbe in Wei\u00df\" width=\"478\" height=\"514\"><\/figure><\/div><p> Sie haben jetzt ein komplett dunkles Theme mit leeren Zellen und wei\u00dfer Schrift. <\/p><div class=\"wp-block-image\"><figure class=\"aligncenter size-full is-resized\"><img loading=\"lazy\" decoding=\"async\" class=\"wp-image-88791\" src=\"https:\/\/exceladvisor.org\/wp-content\/uploads\/2023\/08\/18-themes-sombres-avec-des-cellules-noires-et-une-police-blanche.png\" sizes=\"auto, \" srcset=\"\" alt=\"dunkles Thema mit schwarzen Zellen und wei\u00dfer Schriftart\" width=\"532\" height=\"370\"><\/figure><\/div><p> Sie k\u00f6nnen auch das gesamte aktuelle Thema speichern. Layout \u21e2 Themen \u21e2 Themen \u21e2 Speichern Sie das aktuelle Thema &#8230; und nennen Sie es dunkles Thema. <\/p><div class=\"wp-block-image\"><figure class=\"aligncenter size-full is-resized\"><img loading=\"lazy\" decoding=\"async\" class=\"wp-image-88792\" src=\"https:\/\/exceladvisor.org\/wp-content\/uploads\/2023\/08\/19-enregistrer-le-theme-actuel.png\" sizes=\"auto, \" srcset=\"\" alt=\"Aktuelles-Thema speichern\" width=\"469\" height=\"367\"><\/figure><\/div><h3 class=\"wp-block-heading\"> Wichtige Punkte<\/h3><ol><li> Das Hinzuf\u00fcgen eines leeren Hintergrunds mit einem Bild funktioniert nur im aktuellen Arbeitsblatt.<\/li><li> Das \u00c4ndern der Schriftfarbe mit dem Design funktioniert nur f\u00fcr die aktive Arbeitsmappe.<\/li><\/ol><p> Auch wenn diese Schritte nicht schwer zu befolgen sind, suche ich immer noch nach einer Option von Microsoft, eine Umschalttaste zu erstellen, um mit einem einzigen Klick in den Dunkel- und Lite-Modus zu wechseln.<\/p><p> Sie k\u00f6nnen zu diesem Link gehen und Feedback senden, um Microsoft dar\u00fcber zu informieren, dass diese Funktion erforderlich ist. Und ich er\u00f6ffne einen Kommentar zu diesem Beitrag, damit Sie Ihre Frage stellen k\u00f6nnen, wenn Sie ein Problem haben.<\/p><div class=\"gb-container gb-container-29c351cb gb-container-mt\"> <a class=\"gb-button gb-button-3f93e23e gb-button-text gb-button-mt-button\" href=\"https:\/\/exceladvisor.org\/de\/excel-grundlagen\/\">Microsoft Excel-Grundlagen (Komponenten, Teile und Wissenshinweise)<\/a><h2 class=\"gb-headline gb-headline-039c6b39 gb-headline-text gb-headline-mt-heading\"> Weitere Tutorials <\/h2><div class=\"gb-grid-wrapper gb-grid-wrapper-a21eef70 gb-grid-wrapper-mt-grid\"><div class=\"gb-grid-column gb-grid-column-8876d83d\"><div class=\"gb-container gb-container-8876d83d\"><ul><li> <a href=\"https:\/\/exceladvisor.org\/de\/vollig-rechtfertigen\/\">F\u00fcllen Sie \u201eAusrichten\u201c in Excel aus<\/a><\/li><li> <a href=\"https:\/\/exceladvisor.org\/de\/malerformat\/\">Format Painter in Excel<\/a><\/li><li> <a href=\"https:\/\/exceladvisor.org\/de\/schnellzugriffsleiste\/\">Symbolleiste f\u00fcr den Schnellzugriff in Excel<\/a> <\/li><\/ul><\/div><\/div><div class=\"gb-grid-column gb-grid-column-ee06a2c7\"><div class=\"gb-container gb-container-ee06a2c7\"><ul><li> <a href=\"https:\/\/exceladvisor.org\/de\/schleife\/\">Multifunktionsleiste in Excel<\/a><\/li><li> <a href=\"https:\/\/exceladvisor.org\/de\/ausrichtung\/\">Ausrichtung in Excel<\/a><\/li><li> <a href=\"https:\/\/exceladvisor.org\/de\/datei-speichern\/\">Speichern Sie eine Datei in Excel<\/a><\/li><\/ul><\/div><\/div><\/div><\/div>","protected":false},"excerpt":{"rendered":"","protected":false},"author":1,"featured_media":0,"parent":0,"menu_order":0,"comment_status":"open","ping_status":"closed","template":"","meta":{"ub_ctt_via":"","footnotes":""},"class_list":["post-3658","page","type-page","status-publish","hentry"],"featured_image_src":null,"yoast_head":"<!-- This site is optimized with the Yoast SEO plugin v25.4 - https:\/\/yoast.com\/wordpress\/plugins\/seo\/ -->\n<title>Wie aktiviere ich den Dunkelmodus in Excel? (Tutorial 2023)<\/title>\n<meta name=\"description\" content=\"Heutzutage bietet jede App die M\u00f6glichkeit, ihr Aussehen im Dunkelmodus zu \u00e4ndern. \u00c4hnlich zum Beispiel\" \/>\n<meta name=\"robots\" content=\"index, follow, max-snippet:-1, max-image-preview:large, max-video-preview:-1\" \/>\n<link rel=\"canonical\" href=\"https:\/\/exceladvisor.org\/de\/dunkelmodus\/\" \/>\n<meta property=\"og:locale\" content=\"de_DE\" \/>\n<meta property=\"og:type\" content=\"article\" \/>\n<meta property=\"og:title\" content=\"Wie aktiviere ich den Dunkelmodus in Excel? (Tutorial 2023)\" \/>\n<meta property=\"og:description\" content=\"Heutzutage bietet jede App die M\u00f6glichkeit, ihr Aussehen im Dunkelmodus zu \u00e4ndern. \u00c4hnlich zum Beispiel\" \/>\n<meta property=\"og:url\" content=\"https:\/\/exceladvisor.org\/de\/dunkelmodus\/\" \/>\n<meta property=\"og:site_name\" content=\"Excel Advisor\" \/>\n<meta property=\"article:modified_time\" content=\"2023-12-03T11:13:29+00:00\" \/>\n<meta property=\"og:image\" content=\"https:\/\/exceladvisor.org\/wp-content\/uploads\/2023\/08\/1-clic-sur-longlet-fichier.png\" \/>\n<meta name=\"twitter:card\" content=\"summary_large_image\" \/>\n<meta name=\"twitter:label1\" content=\"Gesch\u00e4tzte Lesezeit\" \/>\n\t<meta name=\"twitter:data1\" content=\"3\u00a0Minuten\" \/>\n<script type=\"application\/ld+json\" class=\"yoast-schema-graph\">{\"@context\":\"https:\/\/schema.org\",\"@graph\":[{\"@type\":\"WebPage\",\"@id\":\"https:\/\/exceladvisor.org\/de\/dunkelmodus\/\",\"url\":\"https:\/\/exceladvisor.org\/de\/dunkelmodus\/\",\"name\":\"Wie aktiviere ich den Dunkelmodus in Excel? (Tutorial 2023)\",\"isPartOf\":{\"@id\":\"https:\/\/exceladvisor.org\/de\/#website\"},\"primaryImageOfPage\":{\"@id\":\"https:\/\/exceladvisor.org\/de\/dunkelmodus\/#primaryimage\"},\"image\":{\"@id\":\"https:\/\/exceladvisor.org\/de\/dunkelmodus\/#primaryimage\"},\"thumbnailUrl\":\"https:\/\/exceladvisor.org\/wp-content\/uploads\/2023\/08\/1-clic-sur-longlet-fichier.png\",\"datePublished\":\"2023-09-26T17:03:33+00:00\",\"dateModified\":\"2023-12-03T11:13:29+00:00\",\"description\":\"Heutzutage bietet jede App die M\u00f6glichkeit, ihr Aussehen im Dunkelmodus zu \u00e4ndern. \u00c4hnlich zum Beispiel\",\"breadcrumb\":{\"@id\":\"https:\/\/exceladvisor.org\/de\/dunkelmodus\/#breadcrumb\"},\"inLanguage\":\"de\",\"potentialAction\":[{\"@type\":\"ReadAction\",\"target\":[\"https:\/\/exceladvisor.org\/de\/dunkelmodus\/\"]}]},{\"@type\":\"ImageObject\",\"inLanguage\":\"de\",\"@id\":\"https:\/\/exceladvisor.org\/de\/dunkelmodus\/#primaryimage\",\"url\":\"https:\/\/exceladvisor.org\/wp-content\/uploads\/2023\/08\/1-clic-sur-longlet-fichier.png\",\"contentUrl\":\"https:\/\/exceladvisor.org\/wp-content\/uploads\/2023\/08\/1-clic-sur-longlet-fichier.png\"},{\"@type\":\"BreadcrumbList\",\"@id\":\"https:\/\/exceladvisor.org\/de\/dunkelmodus\/#breadcrumb\",\"itemListElement\":[{\"@type\":\"ListItem\",\"position\":1,\"name\":\"Accueil\",\"item\":\"https:\/\/exceladvisor.org\/de\/\"},{\"@type\":\"ListItem\",\"position\":2,\"name\":\"Wie aktiviere ich den dunkelmodus in excel?\"}]},{\"@type\":\"WebSite\",\"@id\":\"https:\/\/exceladvisor.org\/de\/#website\",\"url\":\"https:\/\/exceladvisor.org\/de\/\",\"name\":\"Excel Advisor\",\"description\":\"Ihr Leitfaden zur Datendominanz\",\"publisher\":{\"@id\":\"https:\/\/exceladvisor.org\/de\/#organization\"},\"potentialAction\":[{\"@type\":\"SearchAction\",\"target\":{\"@type\":\"EntryPoint\",\"urlTemplate\":\"https:\/\/exceladvisor.org\/de\/?s={search_term_string}\"},\"query-input\":{\"@type\":\"PropertyValueSpecification\",\"valueRequired\":true,\"valueName\":\"search_term_string\"}}],\"inLanguage\":\"de\"},{\"@type\":\"Organization\",\"@id\":\"https:\/\/exceladvisor.org\/de\/#organization\",\"name\":\"Excel Advisor\",\"url\":\"https:\/\/exceladvisor.org\/de\/\",\"logo\":{\"@type\":\"ImageObject\",\"inLanguage\":\"de\",\"@id\":\"https:\/\/exceladvisor.org\/de\/#\/schema\/logo\/image\/\",\"url\":\"https:\/\/exceladvisor.org\/de\/wp-content\/uploads\/2023\/11\/exceladvisor.org_.png\",\"contentUrl\":\"https:\/\/exceladvisor.org\/de\/wp-content\/uploads\/2023\/11\/exceladvisor.org_.png\",\"width\":105,\"height\":36,\"caption\":\"Excel Advisor\"},\"image\":{\"@id\":\"https:\/\/exceladvisor.org\/de\/#\/schema\/logo\/image\/\"}}]}<\/script>\n<!-- \/ Yoast SEO plugin. -->","yoast_head_json":{"title":"Wie aktiviere ich den Dunkelmodus in Excel? (Tutorial 2023)","description":"Heutzutage bietet jede App die M\u00f6glichkeit, ihr Aussehen im Dunkelmodus zu \u00e4ndern. \u00c4hnlich zum Beispiel","robots":{"index":"index","follow":"follow","max-snippet":"max-snippet:-1","max-image-preview":"max-image-preview:large","max-video-preview":"max-video-preview:-1"},"canonical":"https:\/\/exceladvisor.org\/de\/dunkelmodus\/","og_locale":"de_DE","og_type":"article","og_title":"Wie aktiviere ich den Dunkelmodus in Excel? (Tutorial 2023)","og_description":"Heutzutage bietet jede App die M\u00f6glichkeit, ihr Aussehen im Dunkelmodus zu \u00e4ndern. \u00c4hnlich zum Beispiel","og_url":"https:\/\/exceladvisor.org\/de\/dunkelmodus\/","og_site_name":"Excel Advisor","article_modified_time":"2023-12-03T11:13:29+00:00","og_image":[{"url":"https:\/\/exceladvisor.org\/wp-content\/uploads\/2023\/08\/1-clic-sur-longlet-fichier.png","type":"","width":"","height":""}],"twitter_card":"summary_large_image","twitter_misc":{"Gesch\u00e4tzte Lesezeit":"3\u00a0Minuten"},"schema":{"@context":"https:\/\/schema.org","@graph":[{"@type":"WebPage","@id":"https:\/\/exceladvisor.org\/de\/dunkelmodus\/","url":"https:\/\/exceladvisor.org\/de\/dunkelmodus\/","name":"Wie aktiviere ich den Dunkelmodus in Excel? (Tutorial 2023)","isPartOf":{"@id":"https:\/\/exceladvisor.org\/de\/#website"},"primaryImageOfPage":{"@id":"https:\/\/exceladvisor.org\/de\/dunkelmodus\/#primaryimage"},"image":{"@id":"https:\/\/exceladvisor.org\/de\/dunkelmodus\/#primaryimage"},"thumbnailUrl":"https:\/\/exceladvisor.org\/wp-content\/uploads\/2023\/08\/1-clic-sur-longlet-fichier.png","datePublished":"2023-09-26T17:03:33+00:00","dateModified":"2023-12-03T11:13:29+00:00","description":"Heutzutage bietet jede App die M\u00f6glichkeit, ihr Aussehen im Dunkelmodus zu \u00e4ndern. \u00c4hnlich zum Beispiel","breadcrumb":{"@id":"https:\/\/exceladvisor.org\/de\/dunkelmodus\/#breadcrumb"},"inLanguage":"de","potentialAction":[{"@type":"ReadAction","target":["https:\/\/exceladvisor.org\/de\/dunkelmodus\/"]}]},{"@type":"ImageObject","inLanguage":"de","@id":"https:\/\/exceladvisor.org\/de\/dunkelmodus\/#primaryimage","url":"https:\/\/exceladvisor.org\/wp-content\/uploads\/2023\/08\/1-clic-sur-longlet-fichier.png","contentUrl":"https:\/\/exceladvisor.org\/wp-content\/uploads\/2023\/08\/1-clic-sur-longlet-fichier.png"},{"@type":"BreadcrumbList","@id":"https:\/\/exceladvisor.org\/de\/dunkelmodus\/#breadcrumb","itemListElement":[{"@type":"ListItem","position":1,"name":"Accueil","item":"https:\/\/exceladvisor.org\/de\/"},{"@type":"ListItem","position":2,"name":"Wie aktiviere ich den dunkelmodus in excel?"}]},{"@type":"WebSite","@id":"https:\/\/exceladvisor.org\/de\/#website","url":"https:\/\/exceladvisor.org\/de\/","name":"Excel Advisor","description":"Ihr Leitfaden zur Datendominanz","publisher":{"@id":"https:\/\/exceladvisor.org\/de\/#organization"},"potentialAction":[{"@type":"SearchAction","target":{"@type":"EntryPoint","urlTemplate":"https:\/\/exceladvisor.org\/de\/?s={search_term_string}"},"query-input":{"@type":"PropertyValueSpecification","valueRequired":true,"valueName":"search_term_string"}}],"inLanguage":"de"},{"@type":"Organization","@id":"https:\/\/exceladvisor.org\/de\/#organization","name":"Excel Advisor","url":"https:\/\/exceladvisor.org\/de\/","logo":{"@type":"ImageObject","inLanguage":"de","@id":"https:\/\/exceladvisor.org\/de\/#\/schema\/logo\/image\/","url":"https:\/\/exceladvisor.org\/de\/wp-content\/uploads\/2023\/11\/exceladvisor.org_.png","contentUrl":"https:\/\/exceladvisor.org\/de\/wp-content\/uploads\/2023\/11\/exceladvisor.org_.png","width":105,"height":36,"caption":"Excel Advisor"},"image":{"@id":"https:\/\/exceladvisor.org\/de\/#\/schema\/logo\/image\/"}}]}},"yoast_meta":{"yoast_wpseo_title":"","yoast_wpseo_metadesc":"","yoast_wpseo_canonical":""},"_links":{"self":[{"href":"https:\/\/exceladvisor.org\/de\/wp-json\/wp\/v2\/pages\/3658","targetHints":{"allow":["GET"]}}],"collection":[{"href":"https:\/\/exceladvisor.org\/de\/wp-json\/wp\/v2\/pages"}],"about":[{"href":"https:\/\/exceladvisor.org\/de\/wp-json\/wp\/v2\/types\/page"}],"author":[{"embeddable":true,"href":"https:\/\/exceladvisor.org\/de\/wp-json\/wp\/v2\/users\/1"}],"replies":[{"embeddable":true,"href":"https:\/\/exceladvisor.org\/de\/wp-json\/wp\/v2\/comments?post=3658"}],"version-history":[{"count":1,"href":"https:\/\/exceladvisor.org\/de\/wp-json\/wp\/v2\/pages\/3658\/revisions"}],"predecessor-version":[{"id":3838,"href":"https:\/\/exceladvisor.org\/de\/wp-json\/wp\/v2\/pages\/3658\/revisions\/3838"}],"wp:attachment":[{"href":"https:\/\/exceladvisor.org\/de\/wp-json\/wp\/v2\/media?parent=3658"}],"curies":[{"name":"wp","href":"https:\/\/api.w.org\/{rel}","templated":true}]}}