{"id":3661,"date":"2023-09-26T08:48:39","date_gmt":"2023-09-26T08:48:39","guid":{"rendered":"https:\/\/exceladvisor.org\/de\/einem-datum-einen-monat-hinzufugen-2\/"},"modified":"2023-12-03T11:21:01","modified_gmt":"2023-12-03T11:21:01","slug":"einem-datum-einen-monat-hinzufugen-2","status":"publish","type":"page","link":"https:\/\/exceladvisor.org\/de\/einem-datum-einen-monat-hinzufugen-2\/","title":{"rendered":"Wie f\u00fcge ich in excel einen monat zu einem datum hinzu?"},"content":{"rendered":"<div class=\"excel-vor-dem-inhalt\" id=\"excel-1090558283\"><script type=\"text\/javascript\">\r\n\tatOptions = {\r\n\t\t'key' : 'c1158f160081d6540a8409e6925dab94',\r\n\t\t'format' : 'iframe',\r\n\t\t'height' : 250,\r\n\t\t'width' : 300,\r\n\t\t'params' : {}\r\n\t};\r\n<\/script>\r\n<script type=\"text\/javascript\" src=\"\/\/www.highperformanceformat.com\/c1158f160081d6540a8409e6925dab94\/invoke.js\"><\/script><\/div> <p>Genau wie bei Jahren k\u00f6nnen Sie Monate zu einem Datum addieren, um ein zuk\u00fcnftiges Datum zu erhalten, und subtrahieren, um ein Datum in der Vergangenheit zu erhalten. In diesem Tutorial werden wir uns alle Methoden mit mehreren Beispielen daf\u00fcr ansehen.<\/p><h2 class=\"wp-block-heading\"> Einen Monat zu einem Datum hinzuf\u00fcgen (Datum des n\u00e4chsten Monats)<\/h2><p> Im ersten Beispiel schreiben wir eine Formel, um das Datum des n\u00e4chsten Monats zu ermitteln, und verwenden die EDATE-Formel. Wie Sie im folgenden Beispiel sehen k\u00f6nnen, haben wir in Zelle A1 ein Datum, f\u00fcr das wir das genaue Datum des n\u00e4chsten Monats ermitteln m\u00fcssen. <\/p><div class=\"wp-block-image\"><figure class=\"aligncenter size-full is-resized\"><img loading=\"lazy\" decoding=\"async\" class=\"wp-image-65983\" src=\"https:\/\/exceladvisor.org\/wp-content\/uploads\/2023\/08\/1-obtenir-la-date-du-mois-prochain.png\" sizes=\"auto, \" srcset=\"\" alt=\"Holen Sie sich das Datum des n\u00e4chsten Monats\" width=\"390\" height=\"311\"><\/figure><\/div><p> Folgen Sie den unteren Schritten:<\/p><ol type=\"1\"><li> Geben Sie zun\u00e4chst \u201e=EDATE(\u201c in Zelle B1 ein.<\/li><li> Schauen Sie sich danach Zelle A1 an, in der sich das Datum befindet.<\/li><li> Geben Sie nun im zweiten Argument 1 ein.<\/li><li> Geben Sie am Ende eine schlie\u00dfende Klammer ein und dr\u00fccken Sie die Eingabetaste.<\/li><\/ol><p> Hier haben Sie in Zelle B1 das Datum 10. Februar 2022, das genau einen Monat vor (dem n\u00e4chsten Monat) ab dem Datum liegt, das wir in der Formel angegeben haben. <\/p><div class=\"wp-block-image\"><figure class=\"aligncenter size-full is-resized\"><img loading=\"lazy\" decoding=\"async\" class=\"wp-image-65984\" src=\"https:\/\/exceladvisor.org\/wp-content\/uploads\/2023\/08\/Formule-2-jours.png\" sizes=\"auto, \" srcset=\"\" alt=\"Edate-Formel\" width=\"545\" height=\"254\"><\/figure><\/div><pre class=\"wp-block-code\"> <code class=\"language-excel-formula\" lang=\"excel-formula\">=EDATE(A1,1)<\/code><\/pre><h2 class=\"wp-block-heading\"> Addiere 6 Monate zu einem Datum<\/h2><p> Ebenso k\u00f6nnen Sie einem Datum 6 Monate hinzuf\u00fcgen und so ein Datum erhalten, das 6 Monate vor dem aktuellen Datum liegt. Im folgenden Beispiel haben wir in Zelle A1 dasselbe Datum wie zuvor. <\/p><div class=\"wp-block-image\"><figure class=\"aligncenter size-full is-resized\"><img loading=\"lazy\" decoding=\"async\" class=\"wp-image-65985\" src=\"https:\/\/exceladvisor.org\/wp-content\/uploads\/2023\/08\/3-ajouter-six-mois-a-ce-jour.png\" sizes=\"auto, \" srcset=\"\" alt=\"add-six-months-to-day\" width=\"533\" height=\"326\"><\/figure><\/div><p> Um nun 6 Monate dazuzuz\u00e4hlen, m\u00fcssen Sie nur noch die folgende Formel verwenden. <\/p><div class=\"wp-block-image\"><figure class=\"aligncenter size-full is-resized\"><img loading=\"lazy\" decoding=\"async\" class=\"wp-image-65986\" src=\"https:\/\/exceladvisor.org\/wp-content\/uploads\/2023\/08\/4-entrez-la-formule-de-date.png\" sizes=\"auto, \" srcset=\"\" alt=\"Geben Sie die Datumsformel ein\" width=\"551\" height=\"338\"><\/figure><\/div><pre class=\"wp-block-code\"> <code class=\"language-excel-formula\" lang=\"excel-formula\">=EDATE(A1,6)<\/code><\/pre><h2 class=\"wp-block-heading\"> Addiere 3 Monate zu einem Datum<\/h2><p> Und ebenso m\u00f6chten Sie drei Tage hinzuf\u00fcgen. <\/p><div class=\"wp-block-image\"><figure class=\"aligncenter size-full is-resized\"><img loading=\"lazy\" decoding=\"async\" class=\"wp-image-65987\" src=\"https:\/\/exceladvisor.org\/wp-content\/uploads\/2023\/08\/5-ajouter-trois-mois-a-ce-jour.png\" sizes=\"auto, \" srcset=\"\" alt=\"add-drei-monate-zum-tag\" width=\"534\" height=\"328\"><\/figure><\/div><pre class=\"wp-block-code\"> <code class=\"language-excel-formula\" lang=\"excel-formula\">=EDATE(A1,3)<\/code><\/pre><h2 class=\"wp-block-heading\"> Subtrahieren Sie Monate von einem Datum<\/h2><p> Angenommen, Sie m\u00f6chten Monate von einem Datum subtrahieren. In diesem Fall m\u00fcssen Sie lediglich im zweiten Argument (Monat) eine negative Zahl verwenden. <\/p><div class=\"wp-block-image\"><figure class=\"aligncenter size-full is-resized\"><img loading=\"lazy\" decoding=\"async\" class=\"wp-image-65988\" src=\"https:\/\/exceladvisor.org\/wp-content\/uploads\/2023\/08\/6-soustraire-des-mois-a-partir-de-la-date.png\" sizes=\"auto, \" srcset=\"\" alt=\"Monat vom Datum subtrahieren\" width=\"530\" height=\"333\"><\/figure><\/div><p> Im folgenden Beispiel haben wir -6 im Monatsargument verwendet und haben das Datum 10.07.21, das genau 6 Monate hinter dem 10.01.22 liegt.<\/p><pre class=\"wp-block-code\"> <code class=\"language-excel-formula\" lang=\"excel-formula\">=EDATE(A1,-6)<\/code><\/pre><div class=\"gb-container gb-container-0df56012 gb-container-mt\"> <a class=\"gb-button gb-button-f9f432f4 gb-button-text gb-button-mt-button\" href=\"https:\/\/exceladvisor.org\/de\/formeln\/\">Liste der Excel-Formeln<\/a><h2 class=\"gb-headline gb-headline-233444e8 gb-headline-text gb-headline-mt-heading\"> Verwandte Formeln <\/h2><div class=\"gb-grid-wrapper gb-grid-wrapper-a16fa65c gb-grid-wrapper-mt-grid\"><div class=\"gb-grid-column gb-grid-column-50d07e0d\"><div class=\"gb-container gb-container-50d07e0d\"><ul><li> <a href=\"https:\/\/exceladvisor.org\/de\/ende-des-monats\/\">Holen Sie sich das Enddatum des Monats in Excel<\/a><\/li><li> <a href=\"https:\/\/exceladvisor.org\/de\/erster-tag-des-2.-monats\/\">Erhalten Sie den ersten Tag des Monats in Excel (Monatsanfang)<\/a><\/li><li> <a href=\"https:\/\/exceladvisor.org\/de\/name-des-monats\/\">Monat aus einem Datum in Excel abrufen (Auszug)<\/a><\/li><li> <a href=\"https:\/\/exceladvisor.org\/de\/monat-zwischen-zwei-daten\/\">Anzahl der Monate zwischen zwei Daten in Excel<\/a><\/li><li> <a href=\"https:\/\/exceladvisor.org\/de\/name-des-monats-auf-platz-2\/\">Konvertieren Sie den Monatsnamen in eine Zahl<\/a> <\/li><\/ul><\/div><\/div><div class=\"gb-grid-column gb-grid-column-5b4a0cf9\"><div class=\"gb-container gb-container-5b4a0cf9\"><\/div><\/div><\/div><\/div>","protected":false},"excerpt":{"rendered":"","protected":false},"author":1,"featured_media":0,"parent":0,"menu_order":0,"comment_status":"open","ping_status":"closed","template":"","meta":{"ub_ctt_via":"","footnotes":""},"class_list":["post-3661","page","type-page","status-publish","hentry"],"featured_image_src":null,"yoast_head":"<!-- This site is optimized with the Yoast SEO plugin v25.4 - https:\/\/yoast.com\/wordpress\/plugins\/seo\/ -->\n<title>\u25b7 Wie f\u00fcge ich in Excel einen Monat zu einem Datum hinzu?<\/title>\n<meta name=\"description\" content=\"In diesem Tutorial erfahren Sie, wie Sie eine Formel schreiben, um Monate zu einem Datum zu addieren, um ein zuk\u00fcnftiges Datum zu erhalten und davon zu subtrahieren\" \/>\n<meta name=\"robots\" content=\"index, follow, max-snippet:-1, max-image-preview:large, max-video-preview:-1\" \/>\n<link rel=\"canonical\" href=\"https:\/\/exceladvisor.org\/de\/einem-datum-einen-monat-hinzufugen-2\/\" \/>\n<meta property=\"og:locale\" content=\"de_DE\" \/>\n<meta property=\"og:type\" content=\"article\" \/>\n<meta property=\"og:title\" content=\"\u25b7 Wie f\u00fcge ich in Excel einen Monat zu einem Datum hinzu?\" \/>\n<meta property=\"og:description\" content=\"In diesem Tutorial erfahren Sie, wie Sie eine Formel schreiben, um Monate zu einem Datum zu addieren, um ein zuk\u00fcnftiges Datum zu erhalten und davon zu subtrahieren\" \/>\n<meta property=\"og:url\" content=\"https:\/\/exceladvisor.org\/de\/einem-datum-einen-monat-hinzufugen-2\/\" \/>\n<meta property=\"og:site_name\" content=\"Excel Advisor\" \/>\n<meta property=\"article:modified_time\" content=\"2023-12-03T11:21:01+00:00\" \/>\n<meta property=\"og:image\" content=\"https:\/\/exceladvisor.org\/wp-content\/uploads\/2023\/08\/1-obtenir-la-date-du-mois-prochain.png\" \/>\n<meta name=\"twitter:card\" content=\"summary_large_image\" \/>\n<meta name=\"twitter:label1\" content=\"Gesch\u00e4tzte Lesezeit\" \/>\n\t<meta name=\"twitter:data1\" content=\"2\u00a0Minuten\" \/>\n<script type=\"application\/ld+json\" class=\"yoast-schema-graph\">{\"@context\":\"https:\/\/schema.org\",\"@graph\":[{\"@type\":\"WebPage\",\"@id\":\"https:\/\/exceladvisor.org\/de\/einem-datum-einen-monat-hinzufugen-2\/\",\"url\":\"https:\/\/exceladvisor.org\/de\/einem-datum-einen-monat-hinzufugen-2\/\",\"name\":\"\u25b7 Wie f\u00fcge ich in Excel einen Monat zu einem Datum hinzu?\",\"isPartOf\":{\"@id\":\"https:\/\/exceladvisor.org\/de\/#website\"},\"primaryImageOfPage\":{\"@id\":\"https:\/\/exceladvisor.org\/de\/einem-datum-einen-monat-hinzufugen-2\/#primaryimage\"},\"image\":{\"@id\":\"https:\/\/exceladvisor.org\/de\/einem-datum-einen-monat-hinzufugen-2\/#primaryimage\"},\"thumbnailUrl\":\"https:\/\/exceladvisor.org\/wp-content\/uploads\/2023\/08\/1-obtenir-la-date-du-mois-prochain.png\",\"datePublished\":\"2023-09-26T08:48:39+00:00\",\"dateModified\":\"2023-12-03T11:21:01+00:00\",\"description\":\"In diesem Tutorial erfahren Sie, wie Sie eine Formel schreiben, um Monate zu einem Datum zu addieren, um ein zuk\u00fcnftiges Datum zu erhalten und davon zu subtrahieren\",\"breadcrumb\":{\"@id\":\"https:\/\/exceladvisor.org\/de\/einem-datum-einen-monat-hinzufugen-2\/#breadcrumb\"},\"inLanguage\":\"de\",\"potentialAction\":[{\"@type\":\"ReadAction\",\"target\":[\"https:\/\/exceladvisor.org\/de\/einem-datum-einen-monat-hinzufugen-2\/\"]}]},{\"@type\":\"ImageObject\",\"inLanguage\":\"de\",\"@id\":\"https:\/\/exceladvisor.org\/de\/einem-datum-einen-monat-hinzufugen-2\/#primaryimage\",\"url\":\"https:\/\/exceladvisor.org\/wp-content\/uploads\/2023\/08\/1-obtenir-la-date-du-mois-prochain.png\",\"contentUrl\":\"https:\/\/exceladvisor.org\/wp-content\/uploads\/2023\/08\/1-obtenir-la-date-du-mois-prochain.png\"},{\"@type\":\"BreadcrumbList\",\"@id\":\"https:\/\/exceladvisor.org\/de\/einem-datum-einen-monat-hinzufugen-2\/#breadcrumb\",\"itemListElement\":[{\"@type\":\"ListItem\",\"position\":1,\"name\":\"Accueil\",\"item\":\"https:\/\/exceladvisor.org\/de\/\"},{\"@type\":\"ListItem\",\"position\":2,\"name\":\"Wie f\u00fcge ich in excel einen monat zu einem datum hinzu?\"}]},{\"@type\":\"WebSite\",\"@id\":\"https:\/\/exceladvisor.org\/de\/#website\",\"url\":\"https:\/\/exceladvisor.org\/de\/\",\"name\":\"Excel Advisor\",\"description\":\"Ihr Leitfaden zur Datendominanz\",\"publisher\":{\"@id\":\"https:\/\/exceladvisor.org\/de\/#organization\"},\"potentialAction\":[{\"@type\":\"SearchAction\",\"target\":{\"@type\":\"EntryPoint\",\"urlTemplate\":\"https:\/\/exceladvisor.org\/de\/?s={search_term_string}\"},\"query-input\":{\"@type\":\"PropertyValueSpecification\",\"valueRequired\":true,\"valueName\":\"search_term_string\"}}],\"inLanguage\":\"de\"},{\"@type\":\"Organization\",\"@id\":\"https:\/\/exceladvisor.org\/de\/#organization\",\"name\":\"Excel Advisor\",\"url\":\"https:\/\/exceladvisor.org\/de\/\",\"logo\":{\"@type\":\"ImageObject\",\"inLanguage\":\"de\",\"@id\":\"https:\/\/exceladvisor.org\/de\/#\/schema\/logo\/image\/\",\"url\":\"https:\/\/exceladvisor.org\/de\/wp-content\/uploads\/2023\/11\/exceladvisor.org_.png\",\"contentUrl\":\"https:\/\/exceladvisor.org\/de\/wp-content\/uploads\/2023\/11\/exceladvisor.org_.png\",\"width\":105,\"height\":36,\"caption\":\"Excel Advisor\"},\"image\":{\"@id\":\"https:\/\/exceladvisor.org\/de\/#\/schema\/logo\/image\/\"}}]}<\/script>\n<!-- \/ Yoast SEO plugin. -->","yoast_head_json":{"title":"\u25b7 Wie f\u00fcge ich in Excel einen Monat zu einem Datum hinzu?","description":"In diesem Tutorial erfahren Sie, wie Sie eine Formel schreiben, um Monate zu einem Datum zu addieren, um ein zuk\u00fcnftiges Datum zu erhalten und davon zu subtrahieren","robots":{"index":"index","follow":"follow","max-snippet":"max-snippet:-1","max-image-preview":"max-image-preview:large","max-video-preview":"max-video-preview:-1"},"canonical":"https:\/\/exceladvisor.org\/de\/einem-datum-einen-monat-hinzufugen-2\/","og_locale":"de_DE","og_type":"article","og_title":"\u25b7 Wie f\u00fcge ich in Excel einen Monat zu einem Datum hinzu?","og_description":"In diesem Tutorial erfahren Sie, wie Sie eine Formel schreiben, um Monate zu einem Datum zu addieren, um ein zuk\u00fcnftiges Datum zu erhalten und davon zu subtrahieren","og_url":"https:\/\/exceladvisor.org\/de\/einem-datum-einen-monat-hinzufugen-2\/","og_site_name":"Excel Advisor","article_modified_time":"2023-12-03T11:21:01+00:00","og_image":[{"url":"https:\/\/exceladvisor.org\/wp-content\/uploads\/2023\/08\/1-obtenir-la-date-du-mois-prochain.png","type":"","width":"","height":""}],"twitter_card":"summary_large_image","twitter_misc":{"Gesch\u00e4tzte Lesezeit":"2\u00a0Minuten"},"schema":{"@context":"https:\/\/schema.org","@graph":[{"@type":"WebPage","@id":"https:\/\/exceladvisor.org\/de\/einem-datum-einen-monat-hinzufugen-2\/","url":"https:\/\/exceladvisor.org\/de\/einem-datum-einen-monat-hinzufugen-2\/","name":"\u25b7 Wie f\u00fcge ich in Excel einen Monat zu einem Datum hinzu?","isPartOf":{"@id":"https:\/\/exceladvisor.org\/de\/#website"},"primaryImageOfPage":{"@id":"https:\/\/exceladvisor.org\/de\/einem-datum-einen-monat-hinzufugen-2\/#primaryimage"},"image":{"@id":"https:\/\/exceladvisor.org\/de\/einem-datum-einen-monat-hinzufugen-2\/#primaryimage"},"thumbnailUrl":"https:\/\/exceladvisor.org\/wp-content\/uploads\/2023\/08\/1-obtenir-la-date-du-mois-prochain.png","datePublished":"2023-09-26T08:48:39+00:00","dateModified":"2023-12-03T11:21:01+00:00","description":"In diesem Tutorial erfahren Sie, wie Sie eine Formel schreiben, um Monate zu einem Datum zu addieren, um ein zuk\u00fcnftiges Datum zu erhalten und davon zu subtrahieren","breadcrumb":{"@id":"https:\/\/exceladvisor.org\/de\/einem-datum-einen-monat-hinzufugen-2\/#breadcrumb"},"inLanguage":"de","potentialAction":[{"@type":"ReadAction","target":["https:\/\/exceladvisor.org\/de\/einem-datum-einen-monat-hinzufugen-2\/"]}]},{"@type":"ImageObject","inLanguage":"de","@id":"https:\/\/exceladvisor.org\/de\/einem-datum-einen-monat-hinzufugen-2\/#primaryimage","url":"https:\/\/exceladvisor.org\/wp-content\/uploads\/2023\/08\/1-obtenir-la-date-du-mois-prochain.png","contentUrl":"https:\/\/exceladvisor.org\/wp-content\/uploads\/2023\/08\/1-obtenir-la-date-du-mois-prochain.png"},{"@type":"BreadcrumbList","@id":"https:\/\/exceladvisor.org\/de\/einem-datum-einen-monat-hinzufugen-2\/#breadcrumb","itemListElement":[{"@type":"ListItem","position":1,"name":"Accueil","item":"https:\/\/exceladvisor.org\/de\/"},{"@type":"ListItem","position":2,"name":"Wie f\u00fcge ich in excel einen monat zu einem datum hinzu?"}]},{"@type":"WebSite","@id":"https:\/\/exceladvisor.org\/de\/#website","url":"https:\/\/exceladvisor.org\/de\/","name":"Excel Advisor","description":"Ihr Leitfaden zur Datendominanz","publisher":{"@id":"https:\/\/exceladvisor.org\/de\/#organization"},"potentialAction":[{"@type":"SearchAction","target":{"@type":"EntryPoint","urlTemplate":"https:\/\/exceladvisor.org\/de\/?s={search_term_string}"},"query-input":{"@type":"PropertyValueSpecification","valueRequired":true,"valueName":"search_term_string"}}],"inLanguage":"de"},{"@type":"Organization","@id":"https:\/\/exceladvisor.org\/de\/#organization","name":"Excel Advisor","url":"https:\/\/exceladvisor.org\/de\/","logo":{"@type":"ImageObject","inLanguage":"de","@id":"https:\/\/exceladvisor.org\/de\/#\/schema\/logo\/image\/","url":"https:\/\/exceladvisor.org\/de\/wp-content\/uploads\/2023\/11\/exceladvisor.org_.png","contentUrl":"https:\/\/exceladvisor.org\/de\/wp-content\/uploads\/2023\/11\/exceladvisor.org_.png","width":105,"height":36,"caption":"Excel Advisor"},"image":{"@id":"https:\/\/exceladvisor.org\/de\/#\/schema\/logo\/image\/"}}]}},"yoast_meta":{"yoast_wpseo_title":"","yoast_wpseo_metadesc":"","yoast_wpseo_canonical":""},"_links":{"self":[{"href":"https:\/\/exceladvisor.org\/de\/wp-json\/wp\/v2\/pages\/3661","targetHints":{"allow":["GET"]}}],"collection":[{"href":"https:\/\/exceladvisor.org\/de\/wp-json\/wp\/v2\/pages"}],"about":[{"href":"https:\/\/exceladvisor.org\/de\/wp-json\/wp\/v2\/types\/page"}],"author":[{"embeddable":true,"href":"https:\/\/exceladvisor.org\/de\/wp-json\/wp\/v2\/users\/1"}],"replies":[{"embeddable":true,"href":"https:\/\/exceladvisor.org\/de\/wp-json\/wp\/v2\/comments?post=3661"}],"version-history":[{"count":1,"href":"https:\/\/exceladvisor.org\/de\/wp-json\/wp\/v2\/pages\/3661\/revisions"}],"predecessor-version":[{"id":4041,"href":"https:\/\/exceladvisor.org\/de\/wp-json\/wp\/v2\/pages\/3661\/revisions\/4041"}],"wp:attachment":[{"href":"https:\/\/exceladvisor.org\/de\/wp-json\/wp\/v2\/media?parent=3661"}],"curies":[{"name":"wp","href":"https:\/\/api.w.org\/{rel}","templated":true}]}}