{"id":3662,"date":"2023-09-26T08:17:01","date_gmt":"2023-09-26T08:17:01","guid":{"rendered":"https:\/\/exceladvisor.org\/de\/alles-auffrischen\/"},"modified":"2023-12-03T11:13:34","modified_gmt":"2023-12-03T11:13:34","slug":"alles-auffrischen","status":"publish","type":"page","link":"https:\/\/exceladvisor.org\/de\/alles-auffrischen\/","title":{"rendered":"Wie aktualisiere ich alle pivot-tabellen?"},"content":{"rendered":"<div class=\"excel-vor-dem-inhalt\" id=\"excel-1976482721\"><script type=\"text\/javascript\">\r\n\tatOptions = {\r\n\t\t'key' : 'c1158f160081d6540a8409e6925dab94',\r\n\t\t'format' : 'iframe',\r\n\t\t'height' : 250,\r\n\t\t'width' : 300,\r\n\t\t'params' : {}\r\n\t};\r\n<\/script>\r\n<script type=\"text\/javascript\" src=\"\/\/www.highperformanceformat.com\/c1158f160081d6540a8409e6925dab94\/invoke.js\"><\/script><\/div> <p>Glauben Sie mir, wenn Sie alle Pivot-Tabellen gleichzeitig aktualisieren k\u00f6nnen, k\u00f6nnen Sie viel Zeit sparen. Ja, es ist wahr. Denken Sie so. Sie haben 10 Pivot-Tabellen und die Aktualisierung einer einzelnen Pivot-Tabelle dauert eine Sekunde.<\/p><p> <strong>10 Pivots = 10 Sekunden<\/strong><\/p><p> So wie Sie die <a style=\"outline: none;\" href=\"https:\/\/exceladvisor.org\/de\/pivot-tabelle-1\/\" data-wpel-link=\"internal\" data-wpil=\"url\">Erstellung einer Pivot-Tabelle automatisieren k\u00f6nnen,<\/a> gibt es mehrere M\u00f6glichkeiten, sie automatisch zu aktualisieren. In diesem Artikel werde ich Ihnen drei einfache Methoden vorstellen, mit denen Sie alle Pivot-Tabellen und Ihre Zeit aktualisieren k\u00f6nnen.<\/p><h2 class=\"wp-block-heading\"> Verwenden Sie die Schaltfl\u00e4che \u201eAlle aktualisieren\u201c, um alle Pivot-Tabellen in der Arbeitsmappe zu aktualisieren<\/h2><p> Die Schaltfl\u00e4che \u201eAlle aktualisieren\u201c ist eine einfache M\u00f6glichkeit, alle Pivot-Tabellen in einer Arbeitsmappe mit einem Klick zu aktualisieren. <\/p><div class=\"wp-block-image\"><figure class=\"aligncenter\"><img decoding=\"async\" src=\"https:\/\/exceladvisor.org\/wp-content\/uploads\/2023\/08\/Actualiser-manuellement-tous-les-tableaux-croises-dynamiques-en-un-seul-clic.png\" sizes=\"\" srcset=\"\" alt=\"Aktualisieren Sie alle Pivot-Tabellen manuell mit einem Klick\"><\/figure><\/div><p> Sie m\u00fcssen lediglich zur Registerkarte \u201eDaten\u201c \u279c Verbindungen \u279c Alle aktualisieren gehen.<\/p><h2 id=\"tab-con-2\" class=\"wp-block-heading\"> Aktualisieren Sie alle Pivots automatisch, wenn Sie eine Arbeitsmappe \u00f6ffnen<\/h2><p> Wenn Sie beim \u00d6ffnen einer Arbeitsmappe alle Pivot-Tabellen aktualisieren m\u00f6chten, k\u00f6nnen Sie mit den folgenden Schritten eine einmalige Einrichtung hierf\u00fcr durchf\u00fchren. <\/p><div class=\"wp-block-image\"><figure class=\"aligncenter\"><img decoding=\"async\" src=\"https:\/\/exceladvisor.org\/wp-content\/uploads\/2023\/08\/Actualiser-tous-les-tableaux-croises-dynamiques-a-louverture-dun-fichier-1.png\" sizes=\"\" srcset=\"\" alt=\"Aktualisieren Sie alle Pivot-Tabellen, wenn Sie eine Datei \u00f6ffnen\"><\/figure><\/div><p> Im Folgenden finden Sie die Schritte, mit denen Sie alle Pivot-Tabellen beim \u00d6ffnen einer Arbeitsmappe automatisch aktualisieren k\u00f6nnen.<\/p><ol><li> W\u00e4hlen Sie eine der Pivot-Tabellen in Ihrer Arbeitsmappe aus.<\/li><li> Klicken Sie mit der rechten Maustaste darauf und w\u00e4hlen Sie \u201ePivot-Tabellenoptionen\u201c.<\/li><li> Gehen Sie zur Registerkarte \u201eDaten\u201c und aktivieren Sie \u201eDaten beim \u00d6ffnen einer Datei aktualisieren\u201c.<\/li><li> OK klicken.<\/li><\/ol><h2 class=\"wp-block-heading\"> VBA-Code zum Aktualisieren aller Pivot-Tabellen mit einem Klick<\/h2><p> Ja, Sie k\u00f6nnen auch VBA verwenden, um alle Pivot-Tabellen zu aktualisieren. Sie m\u00fcssen lediglich den unten genannten Code verwenden.<\/p><pre class=\"wp-block-code\"> <code class=\"language-visual-basic line-numbers\" lang=\"visual-basic\">Sub RefreshCustomPivotTable() With ActiveSheet .PivotTables.RefreshTable End With End Sub<\/code><\/pre><p> Der obige Code aktualisiert alle Pivot-Tabellen in Ihrem aktiven Arbeitsblatt und Sie k\u00f6nnen dieses Makro auch einer Schaltfl\u00e4che zuweisen, um es mit einem einzigen Klick zu verwenden.<\/p><h3 class=\"wp-block-heading\"> Aktualisieren Sie nur bestimmte Pivot-Tabellen mit VBA<\/h3><p> Wenn Sie bestimmte Pivot-Tabellen aktualisieren m\u00f6chten, k\u00f6nnen Sie den folgenden VBA-Code verwenden.<\/p><pre class=\"wp-block-code\"> <code class=\"language-visual-basic\" lang=\"visual-basic\">Sub RefreshCustomPivotTable() With ActiveSheet .PivotTables(\"PivotTable1\").RefreshTable .PivotTables(\"PivotTable2\").RefreshTable .PivotTables(\"PivotTable3\").RefreshTable .PivotTables(\"PivotTable4\").RefreshTable .PivotTables(\"PivotTable5\").RefreshTable End With End Sub<\/code><\/pre><p> \u00c4ndern Sie den Namen der Pivot-Tabellen entsprechend Ihrer Arbeitsmappe. Und wenn Sie diese benutzerdefinierten Pivot-Tabellen jedes Mal aktualisieren m\u00f6chten, wenn Sie eine Arbeitsmappe \u00f6ffnen, \u00e4ndern Sie den Makronamen in <a href=\"https:\/\/support.office.com\/en-us\/article\/Automatically-run-a-macro-when-opening-a-workbook-1e55959b-e077-4c88-a696-c3017600db44\" target=\"_blank\" rel=\"noreferrer noopener nofollow\">auto_open<\/a> .<\/p><pre class=\"wp-block-code\"> <code class=\"language-visual-basic line-numbers\" lang=\"visual-basic\">Sub auto_open() With ActiveSheet .PivotTables(\"PivotTable1\").RefreshTable .PivotTables(\"PivotTable2\").RefreshTable .PivotTables(\"PivotTable3\").RefreshTable .PivotTables(\"PivotTable4\").RefreshTable .PivotTables(\"PivotTable5\").RefreshTable End With End Sub<\/code><\/pre><h2 class=\"wp-block-heading\"> Erfahren Sie mehr \u00fcber Pivot-Tabellen<\/h2><ol><li> <a style=\"outline: none;\" href=\"https:\/\/exceladvisor.org\/de\/verknupfen-sie-den-slicer-mit-mehreren-pivot-tabellen\/\" data-wpel-link=\"internal\">Verbinden Sie ein einzelnes Segment mit mehreren Pivot-Tabellen<\/a><\/li><li> <a style=\"outline: none;\" href=\"https:\/\/exceladvisor.org\/de\/verknupfen-sie-den-slicer-mit-mehreren-pivot-tabellen\/\" data-wpel-link=\"internal\">Aktualisieren Sie einen Pivot-Tabellenbereich automatisch<\/a><\/li><li> <a style=\"outline: none;\" href=\"https:\/\/exceladvisor.org\/de\/gruppentermine\/\" data-wpel-link=\"internal\">Gruppieren Sie Termine in einer Pivot-Tabelle<\/a><\/li><li> <a style=\"outline: none;\" href=\"https:\/\/exceladvisor.org\/de\/timeline-filter\/\" data-wpel-link=\"internal\">Zeitleiste der Pivot-Tabelle<\/a><\/li><li> <a style=\"outline: none;\" href=\"https:\/\/exceladvisor.org\/de\/dynamische-tabellen-verweisen-auf-mehrere-dateien\/\" data-wpel-link=\"internal\">Pivot-Tabelle mit mehreren Dateien<\/a><\/li><\/ol>","protected":false},"excerpt":{"rendered":"","protected":false},"author":1,"featured_media":0,"parent":0,"menu_order":0,"comment_status":"open","ping_status":"closed","template":"","meta":{"ub_ctt_via":"","footnotes":""},"class_list":["post-3662","page","type-page","status-publish","hentry"],"featured_image_src":null,"yoast_head":"<!-- This site is optimized with the Yoast SEO plugin v25.4 - https:\/\/yoast.com\/wordpress\/plugins\/seo\/ -->\n<title>Wie aktualisiere ich alle Pivot-Tabellen?<\/title>\n<meta name=\"description\" content=\"Um alle Pivot-Tabellen auf einmal zu aktualisieren, k\u00f6nnen Sie VBA, die Schaltfl\u00e4che \u201eAktualisieren\u201c oder Tabellenoptionen verwenden\" \/>\n<meta name=\"robots\" content=\"index, follow, max-snippet:-1, max-image-preview:large, max-video-preview:-1\" \/>\n<link rel=\"canonical\" href=\"https:\/\/exceladvisor.org\/de\/alles-auffrischen\/\" \/>\n<meta property=\"og:locale\" content=\"de_DE\" \/>\n<meta property=\"og:type\" content=\"article\" \/>\n<meta property=\"og:title\" content=\"Wie aktualisiere ich alle Pivot-Tabellen?\" \/>\n<meta property=\"og:description\" content=\"Um alle Pivot-Tabellen auf einmal zu aktualisieren, k\u00f6nnen Sie VBA, die Schaltfl\u00e4che \u201eAktualisieren\u201c oder Tabellenoptionen verwenden\" \/>\n<meta property=\"og:url\" content=\"https:\/\/exceladvisor.org\/de\/alles-auffrischen\/\" \/>\n<meta property=\"og:site_name\" content=\"Excel Advisor\" \/>\n<meta property=\"article:modified_time\" content=\"2023-12-03T11:13:34+00:00\" \/>\n<meta property=\"og:image\" content=\"https:\/\/exceladvisor.org\/wp-content\/uploads\/2023\/08\/Actualiser-manuellement-tous-les-tableaux-croises-dynamiques-en-un-seul-clic.png\" \/>\n<meta name=\"twitter:card\" content=\"summary_large_image\" \/>\n<meta name=\"twitter:label1\" content=\"Gesch\u00e4tzte Lesezeit\" \/>\n\t<meta name=\"twitter:data1\" content=\"2\u00a0Minuten\" \/>\n<script type=\"application\/ld+json\" class=\"yoast-schema-graph\">{\"@context\":\"https:\/\/schema.org\",\"@graph\":[{\"@type\":\"WebPage\",\"@id\":\"https:\/\/exceladvisor.org\/de\/alles-auffrischen\/\",\"url\":\"https:\/\/exceladvisor.org\/de\/alles-auffrischen\/\",\"name\":\"Wie aktualisiere ich alle Pivot-Tabellen?\",\"isPartOf\":{\"@id\":\"https:\/\/exceladvisor.org\/de\/#website\"},\"primaryImageOfPage\":{\"@id\":\"https:\/\/exceladvisor.org\/de\/alles-auffrischen\/#primaryimage\"},\"image\":{\"@id\":\"https:\/\/exceladvisor.org\/de\/alles-auffrischen\/#primaryimage\"},\"thumbnailUrl\":\"https:\/\/exceladvisor.org\/wp-content\/uploads\/2023\/08\/Actualiser-manuellement-tous-les-tableaux-croises-dynamiques-en-un-seul-clic.png\",\"datePublished\":\"2023-09-26T08:17:01+00:00\",\"dateModified\":\"2023-12-03T11:13:34+00:00\",\"description\":\"Um alle Pivot-Tabellen auf einmal zu aktualisieren, k\u00f6nnen Sie VBA, die Schaltfl\u00e4che \u201eAktualisieren\u201c oder Tabellenoptionen verwenden\",\"breadcrumb\":{\"@id\":\"https:\/\/exceladvisor.org\/de\/alles-auffrischen\/#breadcrumb\"},\"inLanguage\":\"de\",\"potentialAction\":[{\"@type\":\"ReadAction\",\"target\":[\"https:\/\/exceladvisor.org\/de\/alles-auffrischen\/\"]}]},{\"@type\":\"ImageObject\",\"inLanguage\":\"de\",\"@id\":\"https:\/\/exceladvisor.org\/de\/alles-auffrischen\/#primaryimage\",\"url\":\"https:\/\/exceladvisor.org\/wp-content\/uploads\/2023\/08\/Actualiser-manuellement-tous-les-tableaux-croises-dynamiques-en-un-seul-clic.png\",\"contentUrl\":\"https:\/\/exceladvisor.org\/wp-content\/uploads\/2023\/08\/Actualiser-manuellement-tous-les-tableaux-croises-dynamiques-en-un-seul-clic.png\"},{\"@type\":\"BreadcrumbList\",\"@id\":\"https:\/\/exceladvisor.org\/de\/alles-auffrischen\/#breadcrumb\",\"itemListElement\":[{\"@type\":\"ListItem\",\"position\":1,\"name\":\"Accueil\",\"item\":\"https:\/\/exceladvisor.org\/de\/\"},{\"@type\":\"ListItem\",\"position\":2,\"name\":\"Wie aktualisiere ich alle pivot-tabellen?\"}]},{\"@type\":\"WebSite\",\"@id\":\"https:\/\/exceladvisor.org\/de\/#website\",\"url\":\"https:\/\/exceladvisor.org\/de\/\",\"name\":\"Excel Advisor\",\"description\":\"Ihr Leitfaden zur Datendominanz\",\"publisher\":{\"@id\":\"https:\/\/exceladvisor.org\/de\/#organization\"},\"potentialAction\":[{\"@type\":\"SearchAction\",\"target\":{\"@type\":\"EntryPoint\",\"urlTemplate\":\"https:\/\/exceladvisor.org\/de\/?s={search_term_string}\"},\"query-input\":{\"@type\":\"PropertyValueSpecification\",\"valueRequired\":true,\"valueName\":\"search_term_string\"}}],\"inLanguage\":\"de\"},{\"@type\":\"Organization\",\"@id\":\"https:\/\/exceladvisor.org\/de\/#organization\",\"name\":\"Excel Advisor\",\"url\":\"https:\/\/exceladvisor.org\/de\/\",\"logo\":{\"@type\":\"ImageObject\",\"inLanguage\":\"de\",\"@id\":\"https:\/\/exceladvisor.org\/de\/#\/schema\/logo\/image\/\",\"url\":\"https:\/\/exceladvisor.org\/de\/wp-content\/uploads\/2023\/11\/exceladvisor.org_.png\",\"contentUrl\":\"https:\/\/exceladvisor.org\/de\/wp-content\/uploads\/2023\/11\/exceladvisor.org_.png\",\"width\":105,\"height\":36,\"caption\":\"Excel Advisor\"},\"image\":{\"@id\":\"https:\/\/exceladvisor.org\/de\/#\/schema\/logo\/image\/\"}}]}<\/script>\n<!-- \/ Yoast SEO plugin. -->","yoast_head_json":{"title":"Wie aktualisiere ich alle Pivot-Tabellen?","description":"Um alle Pivot-Tabellen auf einmal zu aktualisieren, k\u00f6nnen Sie VBA, die Schaltfl\u00e4che \u201eAktualisieren\u201c oder Tabellenoptionen verwenden","robots":{"index":"index","follow":"follow","max-snippet":"max-snippet:-1","max-image-preview":"max-image-preview:large","max-video-preview":"max-video-preview:-1"},"canonical":"https:\/\/exceladvisor.org\/de\/alles-auffrischen\/","og_locale":"de_DE","og_type":"article","og_title":"Wie aktualisiere ich alle Pivot-Tabellen?","og_description":"Um alle Pivot-Tabellen auf einmal zu aktualisieren, k\u00f6nnen Sie VBA, die Schaltfl\u00e4che \u201eAktualisieren\u201c oder Tabellenoptionen verwenden","og_url":"https:\/\/exceladvisor.org\/de\/alles-auffrischen\/","og_site_name":"Excel Advisor","article_modified_time":"2023-12-03T11:13:34+00:00","og_image":[{"url":"https:\/\/exceladvisor.org\/wp-content\/uploads\/2023\/08\/Actualiser-manuellement-tous-les-tableaux-croises-dynamiques-en-un-seul-clic.png","type":"","width":"","height":""}],"twitter_card":"summary_large_image","twitter_misc":{"Gesch\u00e4tzte Lesezeit":"2\u00a0Minuten"},"schema":{"@context":"https:\/\/schema.org","@graph":[{"@type":"WebPage","@id":"https:\/\/exceladvisor.org\/de\/alles-auffrischen\/","url":"https:\/\/exceladvisor.org\/de\/alles-auffrischen\/","name":"Wie aktualisiere ich alle Pivot-Tabellen?","isPartOf":{"@id":"https:\/\/exceladvisor.org\/de\/#website"},"primaryImageOfPage":{"@id":"https:\/\/exceladvisor.org\/de\/alles-auffrischen\/#primaryimage"},"image":{"@id":"https:\/\/exceladvisor.org\/de\/alles-auffrischen\/#primaryimage"},"thumbnailUrl":"https:\/\/exceladvisor.org\/wp-content\/uploads\/2023\/08\/Actualiser-manuellement-tous-les-tableaux-croises-dynamiques-en-un-seul-clic.png","datePublished":"2023-09-26T08:17:01+00:00","dateModified":"2023-12-03T11:13:34+00:00","description":"Um alle Pivot-Tabellen auf einmal zu aktualisieren, k\u00f6nnen Sie VBA, die Schaltfl\u00e4che \u201eAktualisieren\u201c oder Tabellenoptionen verwenden","breadcrumb":{"@id":"https:\/\/exceladvisor.org\/de\/alles-auffrischen\/#breadcrumb"},"inLanguage":"de","potentialAction":[{"@type":"ReadAction","target":["https:\/\/exceladvisor.org\/de\/alles-auffrischen\/"]}]},{"@type":"ImageObject","inLanguage":"de","@id":"https:\/\/exceladvisor.org\/de\/alles-auffrischen\/#primaryimage","url":"https:\/\/exceladvisor.org\/wp-content\/uploads\/2023\/08\/Actualiser-manuellement-tous-les-tableaux-croises-dynamiques-en-un-seul-clic.png","contentUrl":"https:\/\/exceladvisor.org\/wp-content\/uploads\/2023\/08\/Actualiser-manuellement-tous-les-tableaux-croises-dynamiques-en-un-seul-clic.png"},{"@type":"BreadcrumbList","@id":"https:\/\/exceladvisor.org\/de\/alles-auffrischen\/#breadcrumb","itemListElement":[{"@type":"ListItem","position":1,"name":"Accueil","item":"https:\/\/exceladvisor.org\/de\/"},{"@type":"ListItem","position":2,"name":"Wie aktualisiere ich alle pivot-tabellen?"}]},{"@type":"WebSite","@id":"https:\/\/exceladvisor.org\/de\/#website","url":"https:\/\/exceladvisor.org\/de\/","name":"Excel Advisor","description":"Ihr Leitfaden zur Datendominanz","publisher":{"@id":"https:\/\/exceladvisor.org\/de\/#organization"},"potentialAction":[{"@type":"SearchAction","target":{"@type":"EntryPoint","urlTemplate":"https:\/\/exceladvisor.org\/de\/?s={search_term_string}"},"query-input":{"@type":"PropertyValueSpecification","valueRequired":true,"valueName":"search_term_string"}}],"inLanguage":"de"},{"@type":"Organization","@id":"https:\/\/exceladvisor.org\/de\/#organization","name":"Excel Advisor","url":"https:\/\/exceladvisor.org\/de\/","logo":{"@type":"ImageObject","inLanguage":"de","@id":"https:\/\/exceladvisor.org\/de\/#\/schema\/logo\/image\/","url":"https:\/\/exceladvisor.org\/de\/wp-content\/uploads\/2023\/11\/exceladvisor.org_.png","contentUrl":"https:\/\/exceladvisor.org\/de\/wp-content\/uploads\/2023\/11\/exceladvisor.org_.png","width":105,"height":36,"caption":"Excel Advisor"},"image":{"@id":"https:\/\/exceladvisor.org\/de\/#\/schema\/logo\/image\/"}}]}},"yoast_meta":{"yoast_wpseo_title":"","yoast_wpseo_metadesc":"","yoast_wpseo_canonical":""},"_links":{"self":[{"href":"https:\/\/exceladvisor.org\/de\/wp-json\/wp\/v2\/pages\/3662","targetHints":{"allow":["GET"]}}],"collection":[{"href":"https:\/\/exceladvisor.org\/de\/wp-json\/wp\/v2\/pages"}],"about":[{"href":"https:\/\/exceladvisor.org\/de\/wp-json\/wp\/v2\/types\/page"}],"author":[{"embeddable":true,"href":"https:\/\/exceladvisor.org\/de\/wp-json\/wp\/v2\/users\/1"}],"replies":[{"embeddable":true,"href":"https:\/\/exceladvisor.org\/de\/wp-json\/wp\/v2\/comments?post=3662"}],"version-history":[{"count":1,"href":"https:\/\/exceladvisor.org\/de\/wp-json\/wp\/v2\/pages\/3662\/revisions"}],"predecessor-version":[{"id":3843,"href":"https:\/\/exceladvisor.org\/de\/wp-json\/wp\/v2\/pages\/3662\/revisions\/3843"}],"wp:attachment":[{"href":"https:\/\/exceladvisor.org\/de\/wp-json\/wp\/v2\/media?parent=3662"}],"curies":[{"name":"wp","href":"https:\/\/api.w.org\/{rel}","templated":true}]}}