{"id":3663,"date":"2023-09-26T07:28:02","date_gmt":"2023-09-26T07:28:02","guid":{"rendered":"https:\/\/exceladvisor.org\/de\/spalten-anzeigen\/"},"modified":"2023-12-03T11:12:28","modified_gmt":"2023-12-03T11:12:28","slug":"spalten-anzeigen","status":"publish","type":"page","link":"https:\/\/exceladvisor.org\/de\/spalten-anzeigen\/","title":{"rendered":"Excel-verkn\u00fcpfung zum anzeigen von spalten"},"content":{"rendered":"<div class=\"excel-vor-dem-inhalt\" id=\"excel-188198426\"><script type=\"text\/javascript\">\r\n\tatOptions = {\r\n\t\t'key' : 'c1158f160081d6540a8409e6925dab94',\r\n\t\t'format' : 'iframe',\r\n\t\t'height' : 250,\r\n\t\t'width' : 300,\r\n\t\t'params' : {}\r\n\t};\r\n<\/script>\r\n<script type=\"text\/javascript\" src=\"\/\/www.highperformanceformat.com\/c1158f160081d6540a8409e6925dab94\/invoke.js\"><\/script><\/div> <p>In Excel blenden Benutzer manchmal bestimmte Spalten aus, wenn sie mit Daten arbeiten, und vergessen, die Spalten anzuzeigen, bevor sie die Datei freigeben, oder blenden Spalten aus, von denen sie annehmen, dass sie f\u00fcr den Empf\u00e4nger nicht relevant sind, und geben die Datei mit ausgeblendeten Spalten frei, und der Empf\u00e4nger erh\u00e4lt die Datei mit ausgeblendeten Spalten .<\/p><p> Aber oft m\u00f6chten Sie die Anzeigespalten \u00fcberpr\u00fcfen und m\u00fcssen sich dar\u00fcber keine Sorgen machen, da Excel mehrere M\u00f6glichkeiten bietet, die Spalten manuell oder mithilfe von Tastaturk\u00fcrzeln anzuzeigen.<\/p><p> In diesem Tutorial haben wir die Tastenkombinationen zum Anzeigen von Spalten erkl\u00e4rt.<\/p><h2 class=\"wp-block-heading\"> Tastenkombination zum Anzeigen von Spalten in Excel<\/h2><p> Es gibt mehrere Tastenkombinationen zum Anzeigen von Spalten, aber einige Tastenkombinationen zum Anzeigen von Spalten funktionieren nicht f\u00fcr alle und man muss die Excel-Einstellung \u00e4ndern, damit sie funktionieren. Hier haben wir jedoch nur die Tastenkombinationen erfasst, die f\u00fcr alle funktionieren.<\/p><p> <kbd>Andere<\/kbd> \u2192 <kbd>O<\/kbd> \u2192 <kbd>C<\/kbd> \u2192 <kbd>U<\/kbd> <\/p><div class=\"wp-block-image\"><figure class=\"aligncenter size-full is-resized\"><img loading=\"lazy\" decoding=\"async\" class=\"wp-image-69491\" src=\"https:\/\/exceladvisor.org\/wp-content\/uploads\/2023\/08\/1-afficher-la-colonne-a-laide-du-raccourci-clavier.png\" sizes=\"auto, \" srcset=\"\" alt=\"Spalte mithilfe der Tastenkombination anzeigen\" width=\"837\" height=\"328\"><\/figure><\/div><p> <kbd>Alt<\/kbd> \u2192 <kbd>H<\/kbd> \u2192 <kbd>O<\/kbd> \u2192 <kbd>U<\/kbd> \u2192 <kbd>L<\/kbd> <\/p><div class=\"wp-block-image\"><figure class=\"aligncenter size-full is-resized\"><img loading=\"lazy\" decoding=\"async\" class=\"wp-image-69492\" src=\"https:\/\/exceladvisor.org\/wp-content\/uploads\/2023\/08\/2-raccourci-clavier-pour-afficher-les-colonnes.png\" sizes=\"auto, \" srcset=\"\" alt=\"Tastenkombination zum Anzeigen von Spalten\" width=\"837\" height=\"328\"><\/figure><\/div><h2 class=\"wp-block-heading\"> Schritte zum Anzeigen von Spalten mithilfe von Tastaturk\u00fcrzeln<\/h2><ol><li> Dr\u00fccken Sie zun\u00e4chst <kbd>Strg<\/kbd> + <kbd>A<\/kbd> + <kbd>A<\/kbd> , um das gesamte Blatt auszuw\u00e4hlen und alle ausgeblendeten Spalten des gesamten Blatts anzuzeigen.<\/li><li> Oder w\u00e4hlen Sie nur den bestimmten Spaltenbereich mit den Pfeiltasten Strg + Leertaste und Umschalt + &lt; oder &gt; aus, wenn Sie nur Spalten aus diesem bestimmten Spaltenbereich und nicht das gesamte Blatt anzeigen m\u00f6chten.<\/li><li> Sobald das gesamte Blatt oder ein bestimmter Spaltenbereich ausgew\u00e4hlt ist, dr\u00fccken Sie einfach die Hotkeys Alt \u2192 O \u2192 C \u2192 U oder Alt \u2192 H \u2192 O \u2192 U \u2192 L, und die ausgeblendeten Spalten werden sichtbar. <\/li><\/ol><div class=\"wp-block-group more-tutorials is-layout-flow\"><div class=\"wp-block-group__inner-container\"><h2 class=\"wp-block-heading\"> Weitere Tutorials <\/h2><div class=\"wp-block-columns is-layout-flex wp-container-43\"><div class=\"wp-block-column is-layout-flow\"><ul><li> <a href=\"https:\/\/exceladvisor.org\/de\/spalte-1-hinzufugen\/\">F\u00fcgen Sie eine Spalte hinzu<\/a><\/li><li> <a href=\"https:\/\/exceladvisor.org\/de\/zelle-loschen\/\">Zelle l\u00f6schen<\/a><\/li><li> <a href=\"https:\/\/exceladvisor.org\/de\/zeile-loschen\/\">Zeilen l\u00f6schen<\/a><\/li><li> <a href=\"https:\/\/exceladvisor.org\/de\/zelle-bearbeiten\/\">Zelle bearbeiten<\/a><\/li><\/ul><\/div><div class=\"wp-block-column is-layout-flow\"><ul><li> <a href=\"https:\/\/exceladvisor.org\/de\/eine-zelle-einfugen\/\">F\u00fcgen Sie eine Zelle ein<\/a><\/li><li> <a href=\"https:\/\/exceladvisor.org\/de\/eine-zeile-einfugen\/\">Einf\u00fcgen \u2013 Zeilen hinzuf\u00fcgen<\/a><\/li><li> <a href=\"https:\/\/exceladvisor.org\/de\/zellen-verschmelzen-dissoziieren-1\/\">Zellen zusammenf\u00fchren\/trennen<\/a><\/li><\/ul><\/div><\/div><p> \u21e0 Zur\u00fcck zu <a href=\"https:\/\/exceladvisor.org\/de\/tastaturkurzel\/\">Excel-Verkn\u00fcpfungen (PDF-Spickzettel)<\/a><\/p><\/div><\/div>","protected":false},"excerpt":{"rendered":"","protected":false},"author":1,"featured_media":0,"parent":0,"menu_order":0,"comment_status":"open","ping_status":"closed","template":"","meta":{"ub_ctt_via":"","footnotes":""},"class_list":["post-3663","page","type-page","status-publish","hentry"],"featured_image_src":null,"yoast_head":"<!-- This site is optimized with the Yoast SEO plugin v25.4 - https:\/\/yoast.com\/wordpress\/plugins\/seo\/ -->\n<title>Excel-Verkn\u00fcpfung zum Anzeigen von Spalten (Neueste Version 2023)<\/title>\n<meta name=\"description\" content=\"In diesem Tutorial erfahren Sie, wie Sie mithilfe einer Tastenkombination Spalten in Excel anzeigen. Nun diese Abk\u00fcrzung\" \/>\n<meta name=\"robots\" content=\"index, follow, max-snippet:-1, max-image-preview:large, max-video-preview:-1\" \/>\n<link rel=\"canonical\" href=\"https:\/\/exceladvisor.org\/de\/spalten-anzeigen\/\" \/>\n<meta property=\"og:locale\" content=\"de_DE\" \/>\n<meta property=\"og:type\" content=\"article\" \/>\n<meta property=\"og:title\" content=\"Excel-Verkn\u00fcpfung zum Anzeigen von Spalten (Neueste Version 2023)\" \/>\n<meta property=\"og:description\" content=\"In diesem Tutorial erfahren Sie, wie Sie mithilfe einer Tastenkombination Spalten in Excel anzeigen. Nun diese Abk\u00fcrzung\" \/>\n<meta property=\"og:url\" content=\"https:\/\/exceladvisor.org\/de\/spalten-anzeigen\/\" \/>\n<meta property=\"og:site_name\" content=\"Excel Advisor\" \/>\n<meta property=\"article:modified_time\" content=\"2023-12-03T11:12:28+00:00\" \/>\n<meta property=\"og:image\" content=\"https:\/\/exceladvisor.org\/wp-content\/uploads\/2023\/08\/1-afficher-la-colonne-a-laide-du-raccourci-clavier.png\" \/>\n<meta name=\"twitter:card\" content=\"summary_large_image\" \/>\n<meta name=\"twitter:label1\" content=\"Gesch\u00e4tzte Lesezeit\" \/>\n\t<meta name=\"twitter:data1\" content=\"2\u00a0Minuten\" \/>\n<script type=\"application\/ld+json\" class=\"yoast-schema-graph\">{\"@context\":\"https:\/\/schema.org\",\"@graph\":[{\"@type\":\"WebPage\",\"@id\":\"https:\/\/exceladvisor.org\/de\/spalten-anzeigen\/\",\"url\":\"https:\/\/exceladvisor.org\/de\/spalten-anzeigen\/\",\"name\":\"Excel-Verkn\u00fcpfung zum Anzeigen von Spalten (Neueste Version 2023)\",\"isPartOf\":{\"@id\":\"https:\/\/exceladvisor.org\/de\/#website\"},\"primaryImageOfPage\":{\"@id\":\"https:\/\/exceladvisor.org\/de\/spalten-anzeigen\/#primaryimage\"},\"image\":{\"@id\":\"https:\/\/exceladvisor.org\/de\/spalten-anzeigen\/#primaryimage\"},\"thumbnailUrl\":\"https:\/\/exceladvisor.org\/wp-content\/uploads\/2023\/08\/1-afficher-la-colonne-a-laide-du-raccourci-clavier.png\",\"datePublished\":\"2023-09-26T07:28:02+00:00\",\"dateModified\":\"2023-12-03T11:12:28+00:00\",\"description\":\"In diesem Tutorial erfahren Sie, wie Sie mithilfe einer Tastenkombination Spalten in Excel anzeigen. Nun diese Abk\u00fcrzung\",\"breadcrumb\":{\"@id\":\"https:\/\/exceladvisor.org\/de\/spalten-anzeigen\/#breadcrumb\"},\"inLanguage\":\"de\",\"potentialAction\":[{\"@type\":\"ReadAction\",\"target\":[\"https:\/\/exceladvisor.org\/de\/spalten-anzeigen\/\"]}]},{\"@type\":\"ImageObject\",\"inLanguage\":\"de\",\"@id\":\"https:\/\/exceladvisor.org\/de\/spalten-anzeigen\/#primaryimage\",\"url\":\"https:\/\/exceladvisor.org\/wp-content\/uploads\/2023\/08\/1-afficher-la-colonne-a-laide-du-raccourci-clavier.png\",\"contentUrl\":\"https:\/\/exceladvisor.org\/wp-content\/uploads\/2023\/08\/1-afficher-la-colonne-a-laide-du-raccourci-clavier.png\"},{\"@type\":\"BreadcrumbList\",\"@id\":\"https:\/\/exceladvisor.org\/de\/spalten-anzeigen\/#breadcrumb\",\"itemListElement\":[{\"@type\":\"ListItem\",\"position\":1,\"name\":\"Accueil\",\"item\":\"https:\/\/exceladvisor.org\/de\/\"},{\"@type\":\"ListItem\",\"position\":2,\"name\":\"Excel-verkn\u00fcpfung zum anzeigen von spalten\"}]},{\"@type\":\"WebSite\",\"@id\":\"https:\/\/exceladvisor.org\/de\/#website\",\"url\":\"https:\/\/exceladvisor.org\/de\/\",\"name\":\"Excel Advisor\",\"description\":\"Ihr Leitfaden zur Datendominanz\",\"publisher\":{\"@id\":\"https:\/\/exceladvisor.org\/de\/#organization\"},\"potentialAction\":[{\"@type\":\"SearchAction\",\"target\":{\"@type\":\"EntryPoint\",\"urlTemplate\":\"https:\/\/exceladvisor.org\/de\/?s={search_term_string}\"},\"query-input\":{\"@type\":\"PropertyValueSpecification\",\"valueRequired\":true,\"valueName\":\"search_term_string\"}}],\"inLanguage\":\"de\"},{\"@type\":\"Organization\",\"@id\":\"https:\/\/exceladvisor.org\/de\/#organization\",\"name\":\"Excel Advisor\",\"url\":\"https:\/\/exceladvisor.org\/de\/\",\"logo\":{\"@type\":\"ImageObject\",\"inLanguage\":\"de\",\"@id\":\"https:\/\/exceladvisor.org\/de\/#\/schema\/logo\/image\/\",\"url\":\"https:\/\/exceladvisor.org\/de\/wp-content\/uploads\/2023\/11\/exceladvisor.org_.png\",\"contentUrl\":\"https:\/\/exceladvisor.org\/de\/wp-content\/uploads\/2023\/11\/exceladvisor.org_.png\",\"width\":105,\"height\":36,\"caption\":\"Excel Advisor\"},\"image\":{\"@id\":\"https:\/\/exceladvisor.org\/de\/#\/schema\/logo\/image\/\"}}]}<\/script>\n<!-- \/ Yoast SEO plugin. -->","yoast_head_json":{"title":"Excel-Verkn\u00fcpfung zum Anzeigen von Spalten (Neueste Version 2023)","description":"In diesem Tutorial erfahren Sie, wie Sie mithilfe einer Tastenkombination Spalten in Excel anzeigen. Nun diese Abk\u00fcrzung","robots":{"index":"index","follow":"follow","max-snippet":"max-snippet:-1","max-image-preview":"max-image-preview:large","max-video-preview":"max-video-preview:-1"},"canonical":"https:\/\/exceladvisor.org\/de\/spalten-anzeigen\/","og_locale":"de_DE","og_type":"article","og_title":"Excel-Verkn\u00fcpfung zum Anzeigen von Spalten (Neueste Version 2023)","og_description":"In diesem Tutorial erfahren Sie, wie Sie mithilfe einer Tastenkombination Spalten in Excel anzeigen. Nun diese Abk\u00fcrzung","og_url":"https:\/\/exceladvisor.org\/de\/spalten-anzeigen\/","og_site_name":"Excel Advisor","article_modified_time":"2023-12-03T11:12:28+00:00","og_image":[{"url":"https:\/\/exceladvisor.org\/wp-content\/uploads\/2023\/08\/1-afficher-la-colonne-a-laide-du-raccourci-clavier.png","type":"","width":"","height":""}],"twitter_card":"summary_large_image","twitter_misc":{"Gesch\u00e4tzte Lesezeit":"2\u00a0Minuten"},"schema":{"@context":"https:\/\/schema.org","@graph":[{"@type":"WebPage","@id":"https:\/\/exceladvisor.org\/de\/spalten-anzeigen\/","url":"https:\/\/exceladvisor.org\/de\/spalten-anzeigen\/","name":"Excel-Verkn\u00fcpfung zum Anzeigen von Spalten (Neueste Version 2023)","isPartOf":{"@id":"https:\/\/exceladvisor.org\/de\/#website"},"primaryImageOfPage":{"@id":"https:\/\/exceladvisor.org\/de\/spalten-anzeigen\/#primaryimage"},"image":{"@id":"https:\/\/exceladvisor.org\/de\/spalten-anzeigen\/#primaryimage"},"thumbnailUrl":"https:\/\/exceladvisor.org\/wp-content\/uploads\/2023\/08\/1-afficher-la-colonne-a-laide-du-raccourci-clavier.png","datePublished":"2023-09-26T07:28:02+00:00","dateModified":"2023-12-03T11:12:28+00:00","description":"In diesem Tutorial erfahren Sie, wie Sie mithilfe einer Tastenkombination Spalten in Excel anzeigen. Nun diese Abk\u00fcrzung","breadcrumb":{"@id":"https:\/\/exceladvisor.org\/de\/spalten-anzeigen\/#breadcrumb"},"inLanguage":"de","potentialAction":[{"@type":"ReadAction","target":["https:\/\/exceladvisor.org\/de\/spalten-anzeigen\/"]}]},{"@type":"ImageObject","inLanguage":"de","@id":"https:\/\/exceladvisor.org\/de\/spalten-anzeigen\/#primaryimage","url":"https:\/\/exceladvisor.org\/wp-content\/uploads\/2023\/08\/1-afficher-la-colonne-a-laide-du-raccourci-clavier.png","contentUrl":"https:\/\/exceladvisor.org\/wp-content\/uploads\/2023\/08\/1-afficher-la-colonne-a-laide-du-raccourci-clavier.png"},{"@type":"BreadcrumbList","@id":"https:\/\/exceladvisor.org\/de\/spalten-anzeigen\/#breadcrumb","itemListElement":[{"@type":"ListItem","position":1,"name":"Accueil","item":"https:\/\/exceladvisor.org\/de\/"},{"@type":"ListItem","position":2,"name":"Excel-verkn\u00fcpfung zum anzeigen von spalten"}]},{"@type":"WebSite","@id":"https:\/\/exceladvisor.org\/de\/#website","url":"https:\/\/exceladvisor.org\/de\/","name":"Excel Advisor","description":"Ihr Leitfaden zur Datendominanz","publisher":{"@id":"https:\/\/exceladvisor.org\/de\/#organization"},"potentialAction":[{"@type":"SearchAction","target":{"@type":"EntryPoint","urlTemplate":"https:\/\/exceladvisor.org\/de\/?s={search_term_string}"},"query-input":{"@type":"PropertyValueSpecification","valueRequired":true,"valueName":"search_term_string"}}],"inLanguage":"de"},{"@type":"Organization","@id":"https:\/\/exceladvisor.org\/de\/#organization","name":"Excel Advisor","url":"https:\/\/exceladvisor.org\/de\/","logo":{"@type":"ImageObject","inLanguage":"de","@id":"https:\/\/exceladvisor.org\/de\/#\/schema\/logo\/image\/","url":"https:\/\/exceladvisor.org\/de\/wp-content\/uploads\/2023\/11\/exceladvisor.org_.png","contentUrl":"https:\/\/exceladvisor.org\/de\/wp-content\/uploads\/2023\/11\/exceladvisor.org_.png","width":105,"height":36,"caption":"Excel Advisor"},"image":{"@id":"https:\/\/exceladvisor.org\/de\/#\/schema\/logo\/image\/"}}]}},"yoast_meta":{"yoast_wpseo_title":"","yoast_wpseo_metadesc":"","yoast_wpseo_canonical":""},"_links":{"self":[{"href":"https:\/\/exceladvisor.org\/de\/wp-json\/wp\/v2\/pages\/3663","targetHints":{"allow":["GET"]}}],"collection":[{"href":"https:\/\/exceladvisor.org\/de\/wp-json\/wp\/v2\/pages"}],"about":[{"href":"https:\/\/exceladvisor.org\/de\/wp-json\/wp\/v2\/types\/page"}],"author":[{"embeddable":true,"href":"https:\/\/exceladvisor.org\/de\/wp-json\/wp\/v2\/users\/1"}],"replies":[{"embeddable":true,"href":"https:\/\/exceladvisor.org\/de\/wp-json\/wp\/v2\/comments?post=3663"}],"version-history":[{"count":1,"href":"https:\/\/exceladvisor.org\/de\/wp-json\/wp\/v2\/pages\/3663\/revisions"}],"predecessor-version":[{"id":3761,"href":"https:\/\/exceladvisor.org\/de\/wp-json\/wp\/v2\/pages\/3663\/revisions\/3761"}],"wp:attachment":[{"href":"https:\/\/exceladvisor.org\/de\/wp-json\/wp\/v2\/media?parent=3663"}],"curies":[{"name":"wp","href":"https:\/\/api.w.org\/{rel}","templated":true}]}}