{"id":3664,"date":"2023-09-26T07:18:38","date_gmt":"2023-09-26T07:18:38","guid":{"rendered":"https:\/\/exceladvisor.org\/de\/formeln-anzeigen\/"},"modified":"2023-12-03T13:06:08","modified_gmt":"2023-12-03T13:06:08","slug":"formeln-anzeigen","status":"publish","type":"page","link":"https:\/\/exceladvisor.org\/de\/formeln-anzeigen\/","title":{"rendered":"Wie zeige ich formeln in excel an?"},"content":{"rendered":"<div class=\"excel-vor-dem-inhalt\" id=\"excel-3512066590\"><script type=\"text\/javascript\">\r\n\tatOptions = {\r\n\t\t'key' : 'c1158f160081d6540a8409e6925dab94',\r\n\t\t'format' : 'iframe',\r\n\t\t'height' : 250,\r\n\t\t'width' : 300,\r\n\t\t'params' : {}\r\n\t};\r\n<\/script>\r\n<script type=\"text\/javascript\" src=\"\/\/www.highperformanceformat.com\/c1158f160081d6540a8409e6925dab94\/invoke.js\"><\/script><\/div> <p>In Excel gibt es so viele Formeln, die verwendet werden k\u00f6nnen, und wann immer der Benutzer die Formel in eine beliebige Zelle eingibt, zeigt Excel die resultierenden Werte dieser Formel an.<\/p><p> In einigen F\u00e4llen m\u00f6chten Benutzer jedoch die Zellen sehen, die Formeln enthalten, um die Formel anzuzeigen und zu validieren, und manchmal m\u00f6chten sie die Daten mit den Formeln anstelle der resultierenden Werte drucken. Daf\u00fcr verf\u00fcgt Excel \u00fcber die Optionen, die vorhandenen Formeln anzuzeigen.<\/p><h2 class=\"wp-block-heading\"> Tastenkombination zum Anzeigen von Formeln<\/h2><p> Wie viele andere Features und Funktionen von Excel verf\u00fcgt auch Excel \u00fcber eine Tastenkombination zum Anzeigen vorhandener Formeln im Arbeitsblatt. Die Tastenkombination zum Anzeigen von Formeln lautet: <\/p><div class=\"wp-block-image\"><figure class=\"aligncenter size-full is-resized\"><img loading=\"lazy\" decoding=\"async\" class=\"wp-image-67542\" src=\"https:\/\/exceladvisor.org\/wp-content\/uploads\/2023\/08\/1-raccourci-pour-afficher-les-formules.png\" sizes=\"auto, \" srcset=\"\" alt=\"Verkn\u00fcpfung zum Anzeigen von Formeln\" width=\"813\" height=\"319\"><\/figure><\/div><p> Strg + `<\/p><p> Im folgenden Beispiel haben wir die Tasten \u201eStrg + `\u201c gedr\u00fcckt und Excel hat alle vorhandenen Formeln anstelle ihrer resultierenden Werte angezeigt. <\/p><div class=\"wp-block-image\"><figure class=\"aligncenter size-full is-resized\"><img loading=\"lazy\" decoding=\"async\" class=\"wp-image-67543\" src=\"https:\/\/exceladvisor.org\/wp-content\/uploads\/2023\/08\/2-formules-affichees.png\" sizes=\"auto, \" srcset=\"\" alt=\"angezeigte Formeln\" width=\"738\" height=\"168\"><\/figure><\/div><h2 class=\"wp-block-heading\"> Schritte zum Anzeigen und Formeln mithilfe einer Tastenkombination<\/h2><ol><li> Klicken Sie auf eine beliebige Zelle in der Tabelle.<\/li><li> Dr\u00fccken Sie anschlie\u00dfend einfach die Tastenkombination \u00bbStrg + ` \u00bb und Sie erhalten alle Formeln anstelle der resultierenden Werte angezeigt.<\/li><li> Um zur\u00fcckzugehen und die resultierenden Werte anzuzeigen, dr\u00fccken Sie erneut die Tasten \u201eStrg + `\u201c. <\/li><\/ol><div class=\"wp-block-group more-tutorials is-layout-flow\"><div class=\"wp-block-group__inner-container\"><h2 class=\"wp-block-heading\"> Weitere Verkn\u00fcpfungen <\/h2><div class=\"wp-block-columns is-layout-flex wp-container-87\"><div class=\"wp-block-column is-layout-flow\"><ul><li> <a href=\"https:\/\/exceladvisor.org\/de\/filter-1\/\">Filter anwenden und entfernen<\/a><\/li><li> <a href=\"https:\/\/exceladvisor.org\/de\/autosumme-2\/\">Automatische Summe<\/a><\/li><li> <a href=\"https:\/\/exceladvisor.org\/de\/klarer-inhalt\/\">Klarer Inhalt<\/a><\/li><li> <a href=\"https:\/\/exceladvisor.org\/de\/herunterrutschen\/\">Wischen Sie nach unten<\/a><\/li><li> <a href=\"https:\/\/exceladvisor.org\/de\/loschen\/\">L\u00d6SCHEN<\/a><\/li><\/ul><\/div><div class=\"wp-block-column is-layout-flow\"><\/div><\/div><p> \u21e0 Zur\u00fcck zu <a href=\"https:\/\/exceladvisor.org\/de\/tastaturkurzel\/\">Excel-Verkn\u00fcpfungen (PDF-Spickzettel)<\/a><\/p><\/div><\/div>","protected":false},"excerpt":{"rendered":"","protected":false},"author":1,"featured_media":0,"parent":0,"menu_order":0,"comment_status":"open","ping_status":"closed","template":"","meta":{"ub_ctt_via":"","footnotes":""},"class_list":["post-3664","page","type-page","status-publish","hentry"],"featured_image_src":null,"yoast_head":"<!-- This site is optimized with the Yoast SEO plugin v25.4 - https:\/\/yoast.com\/wordpress\/plugins\/seo\/ -->\n<title>\u25b7 Wie werden Formeln angezeigt? (Excel 2023-Verkn\u00fcpfung)<\/title>\n<meta name=\"description\" content=\"In diesem Tutorial erfahren Sie, wie Sie mithilfe einer Tastenkombination Formeln in einer Tabellenkalkulation in Excel anzeigen.\" \/>\n<meta name=\"robots\" content=\"index, follow, max-snippet:-1, max-image-preview:large, max-video-preview:-1\" \/>\n<link rel=\"canonical\" href=\"https:\/\/exceladvisor.org\/de\/formeln-anzeigen\/\" \/>\n<meta property=\"og:locale\" content=\"de_DE\" \/>\n<meta property=\"og:type\" content=\"article\" \/>\n<meta property=\"og:title\" content=\"\u25b7 Wie werden Formeln angezeigt? (Excel 2023-Verkn\u00fcpfung)\" \/>\n<meta property=\"og:description\" content=\"In diesem Tutorial erfahren Sie, wie Sie mithilfe einer Tastenkombination Formeln in einer Tabellenkalkulation in Excel anzeigen.\" \/>\n<meta property=\"og:url\" content=\"https:\/\/exceladvisor.org\/de\/formeln-anzeigen\/\" \/>\n<meta property=\"og:site_name\" content=\"Excel Advisor\" \/>\n<meta property=\"article:modified_time\" content=\"2023-12-03T13:06:08+00:00\" \/>\n<meta property=\"og:image\" content=\"https:\/\/exceladvisor.org\/wp-content\/uploads\/2023\/08\/1-raccourci-pour-afficher-les-formules.png\" \/>\n<meta name=\"twitter:card\" content=\"summary_large_image\" \/>\n<meta name=\"twitter:label1\" content=\"Gesch\u00e4tzte Lesezeit\" \/>\n\t<meta name=\"twitter:data1\" content=\"1\u00a0Minute\" \/>\n<script type=\"application\/ld+json\" class=\"yoast-schema-graph\">{\"@context\":\"https:\/\/schema.org\",\"@graph\":[{\"@type\":\"WebPage\",\"@id\":\"https:\/\/exceladvisor.org\/de\/formeln-anzeigen\/\",\"url\":\"https:\/\/exceladvisor.org\/de\/formeln-anzeigen\/\",\"name\":\"\u25b7 Wie werden Formeln angezeigt? (Excel 2023-Verkn\u00fcpfung)\",\"isPartOf\":{\"@id\":\"https:\/\/exceladvisor.org\/de\/#website\"},\"primaryImageOfPage\":{\"@id\":\"https:\/\/exceladvisor.org\/de\/formeln-anzeigen\/#primaryimage\"},\"image\":{\"@id\":\"https:\/\/exceladvisor.org\/de\/formeln-anzeigen\/#primaryimage\"},\"thumbnailUrl\":\"https:\/\/exceladvisor.org\/wp-content\/uploads\/2023\/08\/1-raccourci-pour-afficher-les-formules.png\",\"datePublished\":\"2023-09-26T07:18:38+00:00\",\"dateModified\":\"2023-12-03T13:06:08+00:00\",\"description\":\"In diesem Tutorial erfahren Sie, wie Sie mithilfe einer Tastenkombination Formeln in einer Tabellenkalkulation in Excel anzeigen.\",\"breadcrumb\":{\"@id\":\"https:\/\/exceladvisor.org\/de\/formeln-anzeigen\/#breadcrumb\"},\"inLanguage\":\"de\",\"potentialAction\":[{\"@type\":\"ReadAction\",\"target\":[\"https:\/\/exceladvisor.org\/de\/formeln-anzeigen\/\"]}]},{\"@type\":\"ImageObject\",\"inLanguage\":\"de\",\"@id\":\"https:\/\/exceladvisor.org\/de\/formeln-anzeigen\/#primaryimage\",\"url\":\"https:\/\/exceladvisor.org\/wp-content\/uploads\/2023\/08\/1-raccourci-pour-afficher-les-formules.png\",\"contentUrl\":\"https:\/\/exceladvisor.org\/wp-content\/uploads\/2023\/08\/1-raccourci-pour-afficher-les-formules.png\"},{\"@type\":\"BreadcrumbList\",\"@id\":\"https:\/\/exceladvisor.org\/de\/formeln-anzeigen\/#breadcrumb\",\"itemListElement\":[{\"@type\":\"ListItem\",\"position\":1,\"name\":\"Accueil\",\"item\":\"https:\/\/exceladvisor.org\/de\/\"},{\"@type\":\"ListItem\",\"position\":2,\"name\":\"Wie zeige ich formeln in excel an?\"}]},{\"@type\":\"WebSite\",\"@id\":\"https:\/\/exceladvisor.org\/de\/#website\",\"url\":\"https:\/\/exceladvisor.org\/de\/\",\"name\":\"Excel Advisor\",\"description\":\"Ihr Leitfaden zur Datendominanz\",\"publisher\":{\"@id\":\"https:\/\/exceladvisor.org\/de\/#organization\"},\"potentialAction\":[{\"@type\":\"SearchAction\",\"target\":{\"@type\":\"EntryPoint\",\"urlTemplate\":\"https:\/\/exceladvisor.org\/de\/?s={search_term_string}\"},\"query-input\":{\"@type\":\"PropertyValueSpecification\",\"valueRequired\":true,\"valueName\":\"search_term_string\"}}],\"inLanguage\":\"de\"},{\"@type\":\"Organization\",\"@id\":\"https:\/\/exceladvisor.org\/de\/#organization\",\"name\":\"Excel Advisor\",\"url\":\"https:\/\/exceladvisor.org\/de\/\",\"logo\":{\"@type\":\"ImageObject\",\"inLanguage\":\"de\",\"@id\":\"https:\/\/exceladvisor.org\/de\/#\/schema\/logo\/image\/\",\"url\":\"https:\/\/exceladvisor.org\/de\/wp-content\/uploads\/2023\/11\/exceladvisor.org_.png\",\"contentUrl\":\"https:\/\/exceladvisor.org\/de\/wp-content\/uploads\/2023\/11\/exceladvisor.org_.png\",\"width\":105,\"height\":36,\"caption\":\"Excel Advisor\"},\"image\":{\"@id\":\"https:\/\/exceladvisor.org\/de\/#\/schema\/logo\/image\/\"}}]}<\/script>\n<!-- \/ Yoast SEO plugin. -->","yoast_head_json":{"title":"\u25b7 Wie werden Formeln angezeigt? (Excel 2023-Verkn\u00fcpfung)","description":"In diesem Tutorial erfahren Sie, wie Sie mithilfe einer Tastenkombination Formeln in einer Tabellenkalkulation in Excel anzeigen.","robots":{"index":"index","follow":"follow","max-snippet":"max-snippet:-1","max-image-preview":"max-image-preview:large","max-video-preview":"max-video-preview:-1"},"canonical":"https:\/\/exceladvisor.org\/de\/formeln-anzeigen\/","og_locale":"de_DE","og_type":"article","og_title":"\u25b7 Wie werden Formeln angezeigt? (Excel 2023-Verkn\u00fcpfung)","og_description":"In diesem Tutorial erfahren Sie, wie Sie mithilfe einer Tastenkombination Formeln in einer Tabellenkalkulation in Excel anzeigen.","og_url":"https:\/\/exceladvisor.org\/de\/formeln-anzeigen\/","og_site_name":"Excel Advisor","article_modified_time":"2023-12-03T13:06:08+00:00","og_image":[{"url":"https:\/\/exceladvisor.org\/wp-content\/uploads\/2023\/08\/1-raccourci-pour-afficher-les-formules.png","type":"","width":"","height":""}],"twitter_card":"summary_large_image","twitter_misc":{"Gesch\u00e4tzte Lesezeit":"1\u00a0Minute"},"schema":{"@context":"https:\/\/schema.org","@graph":[{"@type":"WebPage","@id":"https:\/\/exceladvisor.org\/de\/formeln-anzeigen\/","url":"https:\/\/exceladvisor.org\/de\/formeln-anzeigen\/","name":"\u25b7 Wie werden Formeln angezeigt? (Excel 2023-Verkn\u00fcpfung)","isPartOf":{"@id":"https:\/\/exceladvisor.org\/de\/#website"},"primaryImageOfPage":{"@id":"https:\/\/exceladvisor.org\/de\/formeln-anzeigen\/#primaryimage"},"image":{"@id":"https:\/\/exceladvisor.org\/de\/formeln-anzeigen\/#primaryimage"},"thumbnailUrl":"https:\/\/exceladvisor.org\/wp-content\/uploads\/2023\/08\/1-raccourci-pour-afficher-les-formules.png","datePublished":"2023-09-26T07:18:38+00:00","dateModified":"2023-12-03T13:06:08+00:00","description":"In diesem Tutorial erfahren Sie, wie Sie mithilfe einer Tastenkombination Formeln in einer Tabellenkalkulation in Excel anzeigen.","breadcrumb":{"@id":"https:\/\/exceladvisor.org\/de\/formeln-anzeigen\/#breadcrumb"},"inLanguage":"de","potentialAction":[{"@type":"ReadAction","target":["https:\/\/exceladvisor.org\/de\/formeln-anzeigen\/"]}]},{"@type":"ImageObject","inLanguage":"de","@id":"https:\/\/exceladvisor.org\/de\/formeln-anzeigen\/#primaryimage","url":"https:\/\/exceladvisor.org\/wp-content\/uploads\/2023\/08\/1-raccourci-pour-afficher-les-formules.png","contentUrl":"https:\/\/exceladvisor.org\/wp-content\/uploads\/2023\/08\/1-raccourci-pour-afficher-les-formules.png"},{"@type":"BreadcrumbList","@id":"https:\/\/exceladvisor.org\/de\/formeln-anzeigen\/#breadcrumb","itemListElement":[{"@type":"ListItem","position":1,"name":"Accueil","item":"https:\/\/exceladvisor.org\/de\/"},{"@type":"ListItem","position":2,"name":"Wie zeige ich formeln in excel an?"}]},{"@type":"WebSite","@id":"https:\/\/exceladvisor.org\/de\/#website","url":"https:\/\/exceladvisor.org\/de\/","name":"Excel Advisor","description":"Ihr Leitfaden zur Datendominanz","publisher":{"@id":"https:\/\/exceladvisor.org\/de\/#organization"},"potentialAction":[{"@type":"SearchAction","target":{"@type":"EntryPoint","urlTemplate":"https:\/\/exceladvisor.org\/de\/?s={search_term_string}"},"query-input":{"@type":"PropertyValueSpecification","valueRequired":true,"valueName":"search_term_string"}}],"inLanguage":"de"},{"@type":"Organization","@id":"https:\/\/exceladvisor.org\/de\/#organization","name":"Excel Advisor","url":"https:\/\/exceladvisor.org\/de\/","logo":{"@type":"ImageObject","inLanguage":"de","@id":"https:\/\/exceladvisor.org\/de\/#\/schema\/logo\/image\/","url":"https:\/\/exceladvisor.org\/de\/wp-content\/uploads\/2023\/11\/exceladvisor.org_.png","contentUrl":"https:\/\/exceladvisor.org\/de\/wp-content\/uploads\/2023\/11\/exceladvisor.org_.png","width":105,"height":36,"caption":"Excel Advisor"},"image":{"@id":"https:\/\/exceladvisor.org\/de\/#\/schema\/logo\/image\/"}}]}},"yoast_meta":{"yoast_wpseo_title":"","yoast_wpseo_metadesc":"","yoast_wpseo_canonical":""},"_links":{"self":[{"href":"https:\/\/exceladvisor.org\/de\/wp-json\/wp\/v2\/pages\/3664","targetHints":{"allow":["GET"]}}],"collection":[{"href":"https:\/\/exceladvisor.org\/de\/wp-json\/wp\/v2\/pages"}],"about":[{"href":"https:\/\/exceladvisor.org\/de\/wp-json\/wp\/v2\/types\/page"}],"author":[{"embeddable":true,"href":"https:\/\/exceladvisor.org\/de\/wp-json\/wp\/v2\/users\/1"}],"replies":[{"embeddable":true,"href":"https:\/\/exceladvisor.org\/de\/wp-json\/wp\/v2\/comments?post=3664"}],"version-history":[{"count":1,"href":"https:\/\/exceladvisor.org\/de\/wp-json\/wp\/v2\/pages\/3664\/revisions"}],"predecessor-version":[{"id":4436,"href":"https:\/\/exceladvisor.org\/de\/wp-json\/wp\/v2\/pages\/3664\/revisions\/4436"}],"wp:attachment":[{"href":"https:\/\/exceladvisor.org\/de\/wp-json\/wp\/v2\/media?parent=3664"}],"curies":[{"name":"wp","href":"https:\/\/api.w.org\/{rel}","templated":true}]}}