{"id":3665,"date":"2023-09-26T07:07:25","date_gmt":"2023-09-26T07:07:25","guid":{"rendered":"https:\/\/exceladvisor.org\/de\/aktualisieren-sie-eine-pivot-tabelle\/"},"modified":"2023-12-03T11:13:35","modified_gmt":"2023-12-03T11:13:35","slug":"aktualisieren-sie-eine-pivot-tabelle","status":"publish","type":"page","link":"https:\/\/exceladvisor.org\/de\/aktualisieren-sie-eine-pivot-tabelle\/","title":{"rendered":"Wie aktualisiere ich eine pivot-tabelle?"},"content":{"rendered":"<div class=\"excel-vor-dem-inhalt\" id=\"excel-1052431804\"><script type=\"text\/javascript\">\r\n\tatOptions = {\r\n\t\t'key' : 'c1158f160081d6540a8409e6925dab94',\r\n\t\t'format' : 'iframe',\r\n\t\t'height' : 250,\r\n\t\t'width' : 300,\r\n\t\t'params' : {}\r\n\t};\r\n<\/script>\r\n<script type=\"text\/javascript\" src=\"\/\/www.highperformanceformat.com\/c1158f160081d6540a8409e6925dab94\/invoke.js\"><\/script><\/div> <p>\u00c4nderungen an den Daten werden erst dann in die PivotTable hochgeladen, wenn Sie sie aktualisieren. Hier lernen wir verschiedene M\u00f6glichkeiten kennen, die Pivot-Tabelle zu aktualisieren.<\/p><h2 class=\"wp-block-heading\"> <strong>Manuell aktualisieren<\/strong><\/h2><p> Der einfachste und gebr\u00e4uchlichste Weg, eine Pivot-Tabelle zu aktualisieren, besteht darin, einfach auf die Schaltfl\u00e4che \u201eAktualisieren\u201c zu klicken. Lassen Sie es uns anhand eines einfachen Beispiels verstehen. Hier haben wir die Verkaufsdaten f\u00fcr 9 Monate und eine einfache Pivot-Tabelle mit dem Produkt und seiner Verkaufsmenge. <\/p><div class=\"wp-block-image\"><figure class=\"aligncenter size-large is-resized\"><img loading=\"lazy\" decoding=\"async\" class=\"wp-image-59026\" src=\"https:\/\/exceladvisor.org\/wp-content\/uploads\/2023\/08\/1-tableau-croise-dynamique-densemble-de-donnees.png\" sizes=\"auto, \" srcset=\"\" alt=\"Pivot-Tabelle des Datensatzes\" width=\"648\" height=\"325\"><\/figure><\/div><p> Nehmen wir nun einige \u00c4nderungen an den Daten vor. Da unsere Pivot-Tabelle Produkte und Verk\u00e4ufe enth\u00e4lt, \u00e4ndern wir die Anzahl der Verk\u00e4ufe f\u00fcr ein Produkt. Lassen Sie uns die Verk\u00e4ufe von \u201eBiscuits\u201c im April, oberste Zeile 4, auf 1230 statt 123 \u00e4ndern und die Pivot-Tabelle aktualisieren. <\/p><div class=\"wp-block-image\"><figure class=\"aligncenter size-large is-resized\"><img loading=\"lazy\" decoding=\"async\" class=\"wp-image-59028\" src=\"https:\/\/exceladvisor.org\/wp-content\/uploads\/2023\/08\/2-tableaux-croises-dynamiques.png\" sizes=\"auto, \" srcset=\"\" alt=\"Pivot-Tisch\" width=\"351\" height=\"207\"><\/figure><\/div><ol><li> Platzieren Sie zun\u00e4chst den Cursor auf der Pivot-Tabelle und klicken Sie mit der rechten Maustaste. Hier erhalten Sie einige Optionen wie im Screenshot unten. <br><img loading=\"lazy\" decoding=\"async\" title=\"3-Cursor-auf-der-Tabelle-Pivot-und-Rechtsklick\" src=\"https:\/\/exceladvisor.org\/wp-content\/uploads\/2023\/08\/3-curseur-sur-le-tableau-croise-dynamique-et-clic-droit.png\" sizes=\"auto, \" srcset=\"\" alt=\"cursor-on-the-pivot-table-and-right-click\" width=\"207\" height=\"347\"><\/li><li> Klicken Sie nun auf \u201eAktualisieren\u201c. <br><img loading=\"lazy\" decoding=\"async\" title=\"Aktualisieren Sie mit 4 Klicks\" src=\"https:\/\/exceladvisor.org\/wp-content\/uploads\/2023\/08\/4-cliquez-sur-actualiser.png\" sizes=\"auto, \" srcset=\"\" alt=\"click-on-refresh\" width=\"634\" height=\"317\"><\/li><li> Der Gesamtumsatz des Produkts \u201eBuiscuits\u201c wird aktualisiert.<\/li><li> Dies ist der einfachste Weg, die Pivot-Tabelle zu aktualisieren.<\/li><\/ol><p> Eine andere M\u00f6glichkeit, dies zu tun, besteht darin, den Cursor einfach an eine beliebige Stelle in der Pivot-Tabelle zu bewegen, um die Registerkarte <strong>\u201eAnalysieren\u201c<\/strong> im Men\u00fcband zu aktivieren. <\/p><div class=\"wp-block-image\"><figure class=\"aligncenter size-large is-resized\"><img loading=\"lazy\" decoding=\"async\" class=\"wp-image-59031\" src=\"https:\/\/exceladvisor.org\/wp-content\/uploads\/2023\/08\/5-activer-longlet-analyse.png\" sizes=\"auto, \" srcset=\"\" alt=\"tab-analysieren aktivieren\" width=\"781\" height=\"157\"><\/figure><\/div><p> Suchen Sie hier nach der Schaltfl\u00e4che <strong>\u201eAktualisieren\u201c<\/strong> . <\/p><div class=\"wp-block-image\"><figure class=\"aligncenter size-large is-resized\"><img loading=\"lazy\" decoding=\"async\" class=\"wp-image-59032\" src=\"https:\/\/exceladvisor.org\/wp-content\/uploads\/2023\/08\/6-recherchez-le-bouton-de-rafraichissement.png\" sizes=\"auto, \" srcset=\"\" alt=\"Finden Sie die Schaltfl\u00e4che \u201eAktualisieren\u201c.\" width=\"790\" height=\"159\"><\/figure><\/div><p> Klicken Sie nun auf den kleinen <strong>Dropdown-<\/strong> Pfeil und dann auf <strong>Aktualisieren<\/strong> . <\/p><div class=\"wp-block-image\"><figure class=\"aligncenter size-large is-resized\"><img loading=\"lazy\" decoding=\"async\" class=\"wp-image-59033\" src=\"https:\/\/exceladvisor.org\/wp-content\/uploads\/2023\/08\/7-clics-deroulants-cliquez-sur-rafraichir.png\" sizes=\"auto, \" srcset=\"\" alt=\"Klicken-Dropdown-Klick-Aktualisieren\" width=\"191\" height=\"138\"><\/figure><\/div><p class=\"qt-tip\"> Hinweis: Klicken Sie bei mehreren Pivot-Tabellen auf <strong>\u201eAlle aktualisieren\u201c<\/strong> . (Siehe Folgendes: <a href=\"https:\/\/exceladvisor.org\/de\/alles-auffrischen\/\">Alle Pivot-Tabellen auf einmal aktualisieren<\/a> )<\/p><h2 class=\"wp-block-heading\"> <strong>Pivot-Tabelle automatisch aktualisieren, wenn die Datei ge\u00f6ffnet wird<\/strong><\/h2><p> In unseren Berichten verwenden wir manchmal Formeln wie JETZT und HEUTE, die st\u00e4ndig aktualisiert werden. Was w\u00e4re, wenn wir eine Pivot-Tabelle und eine Analyse h\u00e4tten, die mit solchen Formeln verkn\u00fcpft w\u00e4re?<\/p><p> Wir m\u00fcssen die Pivot-Tabelle jedes Mal aktualisieren, wenn wir die Pivot-Tabelle \u00f6ffnen oder verwenden. Das scheint langwieriger zu sein. Hier ist eine L\u00f6sung. Sie k\u00f6nnen eine Pivot-Tabelle beim \u00d6ffnen automatisch aktualisieren.<\/p><ol><li> Klicken Sie zun\u00e4chst irgendwo auf die Pivot-Tabelle und gehen Sie im Men\u00fcband zur Registerkarte \u201eAnalysieren\u201c. <br><img loading=\"lazy\" decoding=\"async\" title=\"8-Punkte-Registerkarte \u201eZur Analyse\u201c.\" src=\"https:\/\/exceladvisor.org\/wp-content\/uploads\/2023\/08\/8-aller-a-longlet-analyser.png\" sizes=\"auto, \" srcset=\"\" alt=\"go-to-analyze-tab\" width=\"734\" height=\"148\"><\/li><li> Klicken Sie nun auf den kleinen Dropdown-Button unterhalb der Pivot-Tabelle. <br><img loading=\"lazy\" decoding=\"async\" title=\"Pivot-Tabelle in 9 Klicks\" src=\"https:\/\/exceladvisor.org\/wp-content\/uploads\/2023\/08\/9-cliquez-sous-le-tableau-croise-dynamique.png\" sizes=\"auto, \" srcset=\"\" alt=\"click-below-pivot-table\" width=\"749\" height=\"151\"><\/li><li> Klicken Sie anschlie\u00dfend auf <strong>Optionen<\/strong> . <br><img loading=\"lazy\" decoding=\"async\" title=\"Optionen in 10 Klicks\" src=\"https:\/\/exceladvisor.org\/wp-content\/uploads\/2023\/08\/10-cliquez-sur-les-options.png\" sizes=\"auto, \" srcset=\"\" alt=\"click-on-options\" width=\"124\" height=\"199\"><\/li><li> Hier \u00f6ffnet sich ein Fenster mit dem Namen <strong>\u201ePivot-Tabellenoptionen<\/strong> \u201c. Suchen Sie hier nach der Option \u201eDaten\u201c. <br><img loading=\"lazy\" decoding=\"async\" title=\"11-under-pivot-table-data-option\" src=\"https:\/\/exceladvisor.org\/wp-content\/uploads\/2023\/08\/11-sous-loption-de-donnees-de-tableau-croise-dynamique.png\" sizes=\"auto, \" srcset=\"\" alt=\"under-pivot-table-data-option\" width=\"423\" height=\"514\"><\/li><li> Aktivieren Sie nach dieser Pr\u00fcfung das Kontrollk\u00e4stchen vor \u201e <strong>Daten beim \u00d6ffnen der Datei aktualisieren<\/strong> \u201c und klicken Sie auf <strong>\u201eOK\u201c<\/strong> . <br><img loading=\"lazy\" decoding=\"async\" title=\"Aktualisieren Sie die Daten beim \u00d6ffnen der Datei mit 12 Klicks\" src=\"https:\/\/exceladvisor.org\/wp-content\/uploads\/2023\/08\/Actualiser-les-donnees-en-12-clics-lors-de-louverture-du-fichier.png\" sizes=\"auto, \" srcset=\"\" alt=\"click-refresh-data-when-opening-the-file\" width=\"432\" height=\"524\"><\/li><\/ol><p class=\"qt-tip\"> Hinweis: Sie k\u00f6nnen auch mit der rechten Maustaste auf die PivotTable klicken und auf PivotTable-Optionen klicken, um das Dialogfeld aufzurufen. <\/p><div class=\"wp-block-image\"><figure class=\"aligncenter size-large is-resized\"><img loading=\"lazy\" decoding=\"async\" class=\"wp-image-59039\" src=\"https:\/\/exceladvisor.org\/wp-content\/uploads\/2023\/08\/13-clic-droit-sur-le-tableau-croise-dynamique-cliquez-sur-les-options-du-tableau-croise-dynamique.png\" sizes=\"auto, \" srcset=\"\" alt=\"Rechtsklick-auf-Pivot-Tabelle-Klick-Optionen-Pivot-Tabelle\" width=\"147\" height=\"313\"><\/figure><\/div><h2 class=\"wp-block-heading\"> <strong>Automatisch per Timer<\/strong><\/h2><p> Um die Pivot-Tabelle mit einem Timer zu aktualisieren, m\u00fcssen wir sie zu einem OLAP-Pivot (Online Analytical Processing) machen. Scheint das kompliziert zu sein? Wenn ja, machen Sie sich keine Sorgen. Wir werden nicht auf die Details eingehen. F\u00fcgen Sie einfach den Pivot zum Datenmodell hinzu, um eine OLAP-Pivot-Tabelle zu erstellen.<\/p><ol><li> Erstellen Sie zun\u00e4chst eine Pivot-Tabelle \u00fcber Einf\u00fcgen \u2192 Pivot.<\/li><li> Aktivieren Sie nun das Kontrollk\u00e4stchen <strong>\u201eDiese Daten zum Datenmodell hinzuf\u00fcgen\u201c,<\/strong> um sie zu einem OLAP-Pivot zu machen. <br><img loading=\"lazy\" decoding=\"async\" title=\"14-H\u00e4kchen-diese-Daten-zu-Datenmodell hinzuf\u00fcgen\" src=\"https:\/\/exceladvisor.org\/wp-content\/uploads\/2023\/08\/14-coche-ajouter-ces-donnees-au-modele-de-donnees.png\" sizes=\"auto, \" srcset=\"\" alt=\"tick-mark-add-this-data-to-data-model\" width=\"463\" height=\"415\"><\/li><li> Klicken Sie dort im Men\u00fcband auf die <strong>Registerkarte \u201eDaten\u201c<\/strong> und suchen Sie nach <strong>\u201eAbfragen und Verbindungen<\/strong> \u201c. <br><img loading=\"lazy\" decoding=\"async\" title=\"15-auf-Daten-Tab-Abfragen-und-Verbindungen\" src=\"https:\/\/exceladvisor.org\/wp-content\/uploads\/2023\/08\/15-sur-les-requetes-et-les-connexions-de-longlet-de-donnees.png\" sizes=\"auto, \" srcset=\"\" alt=\"on-data-tab-queries-and-connections\" width=\"536\" height=\"169\"><\/li><li> Sobald Sie auf die Schaltfl\u00e4che \u201e <strong>Abfragen und Verbindungen<\/strong> \u201c klicken, \u00f6ffnet sich auf der rechten Seite der Tabelle ein Men\u00fc.<\/li><li> Klicken Sie hier auf <strong>Verbindungen<\/strong> und dann mit der rechten Maustaste auf das Verbindungsarbeitsblatt, um zu den Eigenschaften zu gelangen. <br><img loading=\"lazy\" decoding=\"async\" title=\"16-Rechtsklick-auf-Anmeldeblatt-f\u00fcr-Hit-Eigenschaften\" src=\"https:\/\/exceladvisor.org\/wp-content\/uploads\/2023\/08\/16-cliquez-avec-le-bouton-droit-sur-la-feuille-de-travail-de-connexion-pour-acceder-aux-proprietes.png\" sizes=\"auto, \" srcset=\"\" alt=\"right-click-on-the-connection-worksheet-to-hit-properties\" width=\"289\" height=\"383\"><\/li><li> Aktivieren Sie nun im Fenster \u201e <strong>Verbindungseigenschaften<\/strong> \u201c die Option \u201e <strong>Alle aktualisieren<\/strong> \u201c in der Kategorie \u201eNutzung\u201c und w\u00e4hlen Sie den Zeitraum aus, in dem Sie die Pivot-Tabelle aktualisieren m\u00f6chten. <br><img loading=\"lazy\" decoding=\"async\" title=\"17-H\u00e4kchen-markieren-die-Aktualisierung-jeweils\" src=\"https:\/\/exceladvisor.org\/wp-content\/uploads\/2023\/08\/17-cochez-lactualisation-tous-les.png\" sizes=\"auto, \" srcset=\"\" alt=\"tick-mark-the-refresh-every\" width=\"410\" height=\"497\"><\/li><\/ol><p> Hurra!! Wir sind fertig. Jetzt ist das Pivotable so eingestellt, dass es automatisch aktualisiert wird.<\/p><h2 class=\"wp-block-heading\"> <strong>Mehrere Pivots aktualisieren<\/strong><\/h2><p> Das Aktualisieren mehrerer Pivots ist genauso einfach wie das Aktualisieren einer einzelnen Pivot-Tabelle. Es funktioniert wie von Zauberhand, wenn mehrere Pivots mit einer einzigen Datenquelle verbunden sind. Wenn Sie die Daten \u00e4ndern, klicken Sie einfach auf eine Schaltfl\u00e4che, um alle Ihre Pivot-Tabellen zu aktualisieren.<\/p><p> Hier sind wir!!<\/p><ol><li> Um alle Pivot-Tabellen zu aktualisieren, wechseln Sie im Men\u00fcband zur Registerkarte \u201eDaten\u201c.<\/li><li> Klicken Sie unter <strong>\u201eAbfragen und Verbindungen\u201c<\/strong> auf die kleine Dropdown-Schaltfl\u00e4che \u201eAlle aktualisieren\u201c. <br><img loading=\"lazy\" decoding=\"async\" title=\"18 Aktualisieren Sie mehrere Pivot-Tabellen\" src=\"https:\/\/exceladvisor.org\/wp-content\/uploads\/2023\/08\/18-actualiser-plusieurs-tableaux-croises-dynamiques.png\" sizes=\"auto, \" srcset=\"\" alt=\"refresh-multiple-pivot-tables\" width=\"535\" height=\"168\"><\/li><li> Klicken Sie nun auf <strong>\u201eAlle aktualisieren\u201c<\/strong> . Dadurch werden alle Pivot-Tabellen aktualisiert. <br><img loading=\"lazy\" decoding=\"async\" title=\"19-Klick-Alles aktualisieren\" src=\"https:\/\/exceladvisor.org\/wp-content\/uploads\/2023\/08\/19-cliquez-sur-tout-actualiser.png\" sizes=\"auto, \" srcset=\"\" alt=\"click-on-refresh-all\" width=\"199\" height=\"215\"><\/li><\/ol><h2 class=\"wp-block-heading\"> <strong>Aktualisieren Sie eine Pivot-Tabelle, ohne die Formatierung zu \u00e4ndern<\/strong><\/h2><p> Bisher ist Ihnen aufgefallen, dass sich die Formatierung der Pivot-Tabelle nach jeder Aktualisierung \u00e4ndert. Wenn Sie die Pivot-Tabelle nach jeder Aktualisierung formatieren, wird Ihnen dieser Artikel Stress und zus\u00e4tzliche Arbeit abnehmen. Um eine Formatierung nach dem Aktualisieren der Pivot-Tabelle zu verhindern, f\u00fchren Sie die folgenden Schritte aus.<\/p><ol><li> Vorausgesetzt, Sie haben in Ihrem Arbeitsblatt bereits eine Pivot-Tabelle erstellt, bewegen Sie den Cursor einfach an eine beliebige Stelle innerhalb des Pivots.<\/li><li> Klicken Sie nun mit der rechten Maustaste und tippen Sie auf \u201e <strong>Pivot-Tabellenoptionen<\/strong> \u201c. <br><img loading=\"lazy\" decoding=\"async\" title=\"20-Pivot-Tabelle aktualisieren, ohne die Formatierung zu \u00e4ndern\" src=\"https:\/\/exceladvisor.org\/wp-content\/uploads\/2023\/08\/20-actualiser-le-tableau-croise-dynamique-sans-modifier-la-mise-en-forme.png\" sizes=\"auto, \" srcset=\"\" alt=\"refresh-pivot-table-without-changing-formatting\" width=\"154\" height=\"327\"><\/li><li> Aktivieren Sie nun auf der <strong>Registerkarte \u201eLayout &amp; Format\u201c<\/strong> die letzte Option, z. B. \u201e <strong>Zellenformatierung beim Aktualisieren beibehalten\u201c.<\/strong> <br><img loading=\"lazy\" decoding=\"async\" title=\"21-Tick-Preserve-Cell-Formatting-on-Update\" src=\"https:\/\/exceladvisor.org\/wp-content\/uploads\/2023\/08\/21-cocher-conserver-la-mise-en-forme-des-cellules-lors-de-la-mise-a-jour.png\" sizes=\"auto, \" srcset=\"\" alt=\"tick-preserve-cell-formatting-on-update\" width=\"432\" height=\"525\"><\/li><li> Klicken Sie abschlie\u00dfend auf <strong>OK<\/strong> .<\/li><\/ol><p> Sie werden nun feststellen, dass sich die Formatierung der Pivot-Tabelle nach dem Aktualisieren nicht \u00e4ndert.<\/p><h2 class=\"wp-block-heading\"> Erfahren Sie mehr \u00fcber die Pivot-Tabelle<\/h2><ul><li style=\"font-size: 14px;\"> <a href=\"https:\/\/exceladvisor.org\/de\/sortieren-sie-eine-pivot-tabelle\/\">Pivot-Sortierung der Tabelle<\/a><\/li><li style=\"font-size: 14px;\"> <a href=\"https:\/\/exceladvisor.org\/de\/aktualisieren-sie-eine-pivot-tabelle\/\">Aktualisieren Sie eine Pivot-Tabelle<\/a><\/li><li style=\"font-size: 14px;\"> <a href=\"https:\/\/exceladvisor.org\/de\/tastaturkurzel-1\/\">Tastenkombinationen f\u00fcr die Pivot-Tabelle<\/a><\/li><li style=\"font-size: 14px;\"> <a href=\"https:\/\/exceladvisor.org\/de\/pivot-tabelle-loschen\/\">L\u00f6schen Sie eine Pivot-Tabelle<\/a><\/li><li style=\"font-size: 14px;\"> <a href=\"https:\/\/exceladvisor.org\/de\/layout\/\">Formatieren der Pivot-Tabelle<\/a><\/li><\/ul>","protected":false},"excerpt":{"rendered":"","protected":false},"author":1,"featured_media":0,"parent":0,"menu_order":0,"comment_status":"open","ping_status":"closed","template":"","meta":{"ub_ctt_via":"","footnotes":""},"class_list":["post-3665","page","type-page","status-publish","hentry"],"featured_image_src":null,"yoast_head":"<!-- This site is optimized with the Yoast SEO plugin v25.4 - https:\/\/yoast.com\/wordpress\/plugins\/seo\/ -->\n<title>\u25b7 Wie aktualisiere ich eine Pivot-Tabelle?<\/title>\n<meta name=\"description\" content=\"In diesem Tutorial erfahren Sie, wie Sie eine Pivot-Tabelle mithilfe verschiedener hilfreicher Methoden aktualisieren\" \/>\n<meta name=\"robots\" content=\"index, follow, max-snippet:-1, max-image-preview:large, max-video-preview:-1\" \/>\n<link rel=\"canonical\" href=\"https:\/\/exceladvisor.org\/de\/aktualisieren-sie-eine-pivot-tabelle\/\" \/>\n<meta property=\"og:locale\" content=\"de_DE\" \/>\n<meta property=\"og:type\" content=\"article\" \/>\n<meta property=\"og:title\" content=\"\u25b7 Wie aktualisiere ich eine Pivot-Tabelle?\" \/>\n<meta property=\"og:description\" content=\"In diesem Tutorial erfahren Sie, wie Sie eine Pivot-Tabelle mithilfe verschiedener hilfreicher Methoden aktualisieren\" \/>\n<meta property=\"og:url\" content=\"https:\/\/exceladvisor.org\/de\/aktualisieren-sie-eine-pivot-tabelle\/\" \/>\n<meta property=\"og:site_name\" content=\"Excel Advisor\" \/>\n<meta property=\"article:modified_time\" content=\"2023-12-03T11:13:35+00:00\" \/>\n<meta property=\"og:image\" content=\"https:\/\/exceladvisor.org\/wp-content\/uploads\/2023\/08\/1-tableau-croise-dynamique-densemble-de-donnees.png\" \/>\n<meta name=\"twitter:card\" content=\"summary_large_image\" \/>\n<meta name=\"twitter:label1\" content=\"Gesch\u00e4tzte Lesezeit\" \/>\n\t<meta name=\"twitter:data1\" content=\"4\u00a0Minuten\" \/>\n<script type=\"application\/ld+json\" class=\"yoast-schema-graph\">{\"@context\":\"https:\/\/schema.org\",\"@graph\":[{\"@type\":\"WebPage\",\"@id\":\"https:\/\/exceladvisor.org\/de\/aktualisieren-sie-eine-pivot-tabelle\/\",\"url\":\"https:\/\/exceladvisor.org\/de\/aktualisieren-sie-eine-pivot-tabelle\/\",\"name\":\"\u25b7 Wie aktualisiere ich eine Pivot-Tabelle?\",\"isPartOf\":{\"@id\":\"https:\/\/exceladvisor.org\/de\/#website\"},\"primaryImageOfPage\":{\"@id\":\"https:\/\/exceladvisor.org\/de\/aktualisieren-sie-eine-pivot-tabelle\/#primaryimage\"},\"image\":{\"@id\":\"https:\/\/exceladvisor.org\/de\/aktualisieren-sie-eine-pivot-tabelle\/#primaryimage\"},\"thumbnailUrl\":\"https:\/\/exceladvisor.org\/wp-content\/uploads\/2023\/08\/1-tableau-croise-dynamique-densemble-de-donnees.png\",\"datePublished\":\"2023-09-26T07:07:25+00:00\",\"dateModified\":\"2023-12-03T11:13:35+00:00\",\"description\":\"In diesem Tutorial erfahren Sie, wie Sie eine Pivot-Tabelle mithilfe verschiedener hilfreicher Methoden aktualisieren\",\"breadcrumb\":{\"@id\":\"https:\/\/exceladvisor.org\/de\/aktualisieren-sie-eine-pivot-tabelle\/#breadcrumb\"},\"inLanguage\":\"de\",\"potentialAction\":[{\"@type\":\"ReadAction\",\"target\":[\"https:\/\/exceladvisor.org\/de\/aktualisieren-sie-eine-pivot-tabelle\/\"]}]},{\"@type\":\"ImageObject\",\"inLanguage\":\"de\",\"@id\":\"https:\/\/exceladvisor.org\/de\/aktualisieren-sie-eine-pivot-tabelle\/#primaryimage\",\"url\":\"https:\/\/exceladvisor.org\/wp-content\/uploads\/2023\/08\/1-tableau-croise-dynamique-densemble-de-donnees.png\",\"contentUrl\":\"https:\/\/exceladvisor.org\/wp-content\/uploads\/2023\/08\/1-tableau-croise-dynamique-densemble-de-donnees.png\"},{\"@type\":\"BreadcrumbList\",\"@id\":\"https:\/\/exceladvisor.org\/de\/aktualisieren-sie-eine-pivot-tabelle\/#breadcrumb\",\"itemListElement\":[{\"@type\":\"ListItem\",\"position\":1,\"name\":\"Accueil\",\"item\":\"https:\/\/exceladvisor.org\/de\/\"},{\"@type\":\"ListItem\",\"position\":2,\"name\":\"Wie aktualisiere ich eine pivot-tabelle?\"}]},{\"@type\":\"WebSite\",\"@id\":\"https:\/\/exceladvisor.org\/de\/#website\",\"url\":\"https:\/\/exceladvisor.org\/de\/\",\"name\":\"Excel Advisor\",\"description\":\"Ihr Leitfaden zur Datendominanz\",\"publisher\":{\"@id\":\"https:\/\/exceladvisor.org\/de\/#organization\"},\"potentialAction\":[{\"@type\":\"SearchAction\",\"target\":{\"@type\":\"EntryPoint\",\"urlTemplate\":\"https:\/\/exceladvisor.org\/de\/?s={search_term_string}\"},\"query-input\":{\"@type\":\"PropertyValueSpecification\",\"valueRequired\":true,\"valueName\":\"search_term_string\"}}],\"inLanguage\":\"de\"},{\"@type\":\"Organization\",\"@id\":\"https:\/\/exceladvisor.org\/de\/#organization\",\"name\":\"Excel Advisor\",\"url\":\"https:\/\/exceladvisor.org\/de\/\",\"logo\":{\"@type\":\"ImageObject\",\"inLanguage\":\"de\",\"@id\":\"https:\/\/exceladvisor.org\/de\/#\/schema\/logo\/image\/\",\"url\":\"https:\/\/exceladvisor.org\/de\/wp-content\/uploads\/2023\/11\/exceladvisor.org_.png\",\"contentUrl\":\"https:\/\/exceladvisor.org\/de\/wp-content\/uploads\/2023\/11\/exceladvisor.org_.png\",\"width\":105,\"height\":36,\"caption\":\"Excel Advisor\"},\"image\":{\"@id\":\"https:\/\/exceladvisor.org\/de\/#\/schema\/logo\/image\/\"}}]}<\/script>\n<!-- \/ Yoast SEO plugin. -->","yoast_head_json":{"title":"\u25b7 Wie aktualisiere ich eine Pivot-Tabelle?","description":"In diesem Tutorial erfahren Sie, wie Sie eine Pivot-Tabelle mithilfe verschiedener hilfreicher Methoden aktualisieren","robots":{"index":"index","follow":"follow","max-snippet":"max-snippet:-1","max-image-preview":"max-image-preview:large","max-video-preview":"max-video-preview:-1"},"canonical":"https:\/\/exceladvisor.org\/de\/aktualisieren-sie-eine-pivot-tabelle\/","og_locale":"de_DE","og_type":"article","og_title":"\u25b7 Wie aktualisiere ich eine Pivot-Tabelle?","og_description":"In diesem Tutorial erfahren Sie, wie Sie eine Pivot-Tabelle mithilfe verschiedener hilfreicher Methoden aktualisieren","og_url":"https:\/\/exceladvisor.org\/de\/aktualisieren-sie-eine-pivot-tabelle\/","og_site_name":"Excel Advisor","article_modified_time":"2023-12-03T11:13:35+00:00","og_image":[{"url":"https:\/\/exceladvisor.org\/wp-content\/uploads\/2023\/08\/1-tableau-croise-dynamique-densemble-de-donnees.png","type":"","width":"","height":""}],"twitter_card":"summary_large_image","twitter_misc":{"Gesch\u00e4tzte Lesezeit":"4\u00a0Minuten"},"schema":{"@context":"https:\/\/schema.org","@graph":[{"@type":"WebPage","@id":"https:\/\/exceladvisor.org\/de\/aktualisieren-sie-eine-pivot-tabelle\/","url":"https:\/\/exceladvisor.org\/de\/aktualisieren-sie-eine-pivot-tabelle\/","name":"\u25b7 Wie aktualisiere ich eine Pivot-Tabelle?","isPartOf":{"@id":"https:\/\/exceladvisor.org\/de\/#website"},"primaryImageOfPage":{"@id":"https:\/\/exceladvisor.org\/de\/aktualisieren-sie-eine-pivot-tabelle\/#primaryimage"},"image":{"@id":"https:\/\/exceladvisor.org\/de\/aktualisieren-sie-eine-pivot-tabelle\/#primaryimage"},"thumbnailUrl":"https:\/\/exceladvisor.org\/wp-content\/uploads\/2023\/08\/1-tableau-croise-dynamique-densemble-de-donnees.png","datePublished":"2023-09-26T07:07:25+00:00","dateModified":"2023-12-03T11:13:35+00:00","description":"In diesem Tutorial erfahren Sie, wie Sie eine Pivot-Tabelle mithilfe verschiedener hilfreicher Methoden aktualisieren","breadcrumb":{"@id":"https:\/\/exceladvisor.org\/de\/aktualisieren-sie-eine-pivot-tabelle\/#breadcrumb"},"inLanguage":"de","potentialAction":[{"@type":"ReadAction","target":["https:\/\/exceladvisor.org\/de\/aktualisieren-sie-eine-pivot-tabelle\/"]}]},{"@type":"ImageObject","inLanguage":"de","@id":"https:\/\/exceladvisor.org\/de\/aktualisieren-sie-eine-pivot-tabelle\/#primaryimage","url":"https:\/\/exceladvisor.org\/wp-content\/uploads\/2023\/08\/1-tableau-croise-dynamique-densemble-de-donnees.png","contentUrl":"https:\/\/exceladvisor.org\/wp-content\/uploads\/2023\/08\/1-tableau-croise-dynamique-densemble-de-donnees.png"},{"@type":"BreadcrumbList","@id":"https:\/\/exceladvisor.org\/de\/aktualisieren-sie-eine-pivot-tabelle\/#breadcrumb","itemListElement":[{"@type":"ListItem","position":1,"name":"Accueil","item":"https:\/\/exceladvisor.org\/de\/"},{"@type":"ListItem","position":2,"name":"Wie aktualisiere ich eine pivot-tabelle?"}]},{"@type":"WebSite","@id":"https:\/\/exceladvisor.org\/de\/#website","url":"https:\/\/exceladvisor.org\/de\/","name":"Excel Advisor","description":"Ihr Leitfaden zur Datendominanz","publisher":{"@id":"https:\/\/exceladvisor.org\/de\/#organization"},"potentialAction":[{"@type":"SearchAction","target":{"@type":"EntryPoint","urlTemplate":"https:\/\/exceladvisor.org\/de\/?s={search_term_string}"},"query-input":{"@type":"PropertyValueSpecification","valueRequired":true,"valueName":"search_term_string"}}],"inLanguage":"de"},{"@type":"Organization","@id":"https:\/\/exceladvisor.org\/de\/#organization","name":"Excel Advisor","url":"https:\/\/exceladvisor.org\/de\/","logo":{"@type":"ImageObject","inLanguage":"de","@id":"https:\/\/exceladvisor.org\/de\/#\/schema\/logo\/image\/","url":"https:\/\/exceladvisor.org\/de\/wp-content\/uploads\/2023\/11\/exceladvisor.org_.png","contentUrl":"https:\/\/exceladvisor.org\/de\/wp-content\/uploads\/2023\/11\/exceladvisor.org_.png","width":105,"height":36,"caption":"Excel Advisor"},"image":{"@id":"https:\/\/exceladvisor.org\/de\/#\/schema\/logo\/image\/"}}]}},"yoast_meta":{"yoast_wpseo_title":"","yoast_wpseo_metadesc":"","yoast_wpseo_canonical":""},"_links":{"self":[{"href":"https:\/\/exceladvisor.org\/de\/wp-json\/wp\/v2\/pages\/3665","targetHints":{"allow":["GET"]}}],"collection":[{"href":"https:\/\/exceladvisor.org\/de\/wp-json\/wp\/v2\/pages"}],"about":[{"href":"https:\/\/exceladvisor.org\/de\/wp-json\/wp\/v2\/types\/page"}],"author":[{"embeddable":true,"href":"https:\/\/exceladvisor.org\/de\/wp-json\/wp\/v2\/users\/1"}],"replies":[{"embeddable":true,"href":"https:\/\/exceladvisor.org\/de\/wp-json\/wp\/v2\/comments?post=3665"}],"version-history":[{"count":1,"href":"https:\/\/exceladvisor.org\/de\/wp-json\/wp\/v2\/pages\/3665\/revisions"}],"predecessor-version":[{"id":3844,"href":"https:\/\/exceladvisor.org\/de\/wp-json\/wp\/v2\/pages\/3665\/revisions\/3844"}],"wp:attachment":[{"href":"https:\/\/exceladvisor.org\/de\/wp-json\/wp\/v2\/media?parent=3665"}],"curies":[{"name":"wp","href":"https:\/\/api.w.org\/{rel}","templated":true}]}}