{"id":3666,"date":"2023-09-26T05:54:25","date_gmt":"2023-09-26T05:54:25","guid":{"rendered":"https:\/\/exceladvisor.org\/de\/benutzerdefinierte-datumsformate\/"},"modified":"2023-12-03T11:11:56","modified_gmt":"2023-12-03T11:11:56","slug":"benutzerdefinierte-datumsformate","status":"publish","type":"page","link":"https:\/\/exceladvisor.org\/de\/benutzerdefinierte-datumsformate\/","title":{"rendered":"5 benutzerdefinierte datumsformate in excel"},"content":{"rendered":"<div class=\"excel-vor-dem-inhalt\" id=\"excel-1432435233\"><script type=\"text\/javascript\">\r\n\tatOptions = {\r\n\t\t'key' : 'c1158f160081d6540a8409e6925dab94',\r\n\t\t'format' : 'iframe',\r\n\t\t'height' : 250,\r\n\t\t'width' : 300,\r\n\t\t'params' : {}\r\n\t};\r\n<\/script>\r\n<script type=\"text\/javascript\" src=\"\/\/www.highperformanceformat.com\/c1158f160081d6540a8409e6925dab94\/invoke.js\"><\/script><\/div> <p>Manchmal m\u00fcssen wir ein benutzerdefiniertes Datumsformat verwenden, das nicht den Standard-Datumsformaten entspricht. Wie Sie wissen, verf\u00fcgen wir \u00fcber eine benutzerdefinierte Formatierung, sodass Sie ein benutzerdefiniertes Datum mit einer regul\u00e4ren Datumsseriennummer erstellen k\u00f6nnen.<\/p><p> Der Vorteil eines benutzerdefinierten Formats besteht darin, dass Sie die Seriennummer des tats\u00e4chlichen Datums nicht \u00e4ndern m\u00fcssen, was bedeutet, dass Sie in Berechnungen einen Drilldown auf diese Daten durchf\u00fchren k\u00f6nnen.<\/p><p> Deshalb m\u00f6chte ich Ihnen heute einige meiner bevorzugten benutzerdefinierten Datumsformate vorstellen, die Ihnen dabei helfen k\u00f6nnen, Daten auf einzigartige Weise darzustellen.<\/p><h2 class=\"wp-block-heading\"> So verwenden Sie diese benutzerdefinierten Datumsformate<\/h2><p> F\u00fcr alle oben genannten Formate m\u00fcssen Sie die folgenden Schritte ausf\u00fchren.<\/p><ol><li> W\u00e4hlen Sie die Zelle aus, auf die Sie das Format anwenden m\u00f6chten.<\/li><li> Klicken Sie nun mit der rechten Maustaste und w\u00e4hlen Sie \u201eZelle formatieren\u201c. Sie k\u00f6nnen auch die Tastenkombination <a href=\"https:\/\/exceladvisor.org\/de\/optionen-zum-offnen-von-zellenformaten\/\">Strg+1 verwenden, um die Optionen zum Formatieren von Zellen zu \u00f6ffnen<\/a> .<\/li><li> W\u00e4hlen Sie anschlie\u00dfend \u201eBenutzerdefiniert\u201c aus, geben Sie das Format in die Eingabeleiste ein und klicken Sie auf \u201eOK\u201c. <\/li><\/ol><div class=\"wp-block-image\"><figure class=\"aligncenter\"><img decoding=\"async\" src=\"https:\/\/exceladvisor.org\/wp-content\/uploads\/2023\/08\/ajouter-un-format-personnalise-a-loption-de-format-de-cellule.png\" sizes=\"\" srcset=\"\" alt=\"F\u00fcgen Sie der Zellenformatoption ein benutzerdefiniertes Format hinzu\"><\/figure><\/div><h2 class=\"wp-block-heading\"> Name des Tages<\/h2><p> Dieses hier ist mein Favorit. Wenn Sie an bestimmten Daten arbeiten und nur den Tagesnamen erhalten m\u00f6chten, kann Ihnen dieses benutzerdefinierte Datumsformat hilfreich sein. <\/p><pre class=\"wp-block-code\"> <code class=\"language-excel-formula\" lang=\"excel-formula\">\"It's\" dddd<\/code><\/pre><div class=\"wp-block-image\"><figure class=\"aligncenter\"><img decoding=\"async\" src=\"https:\/\/exceladvisor.org\/wp-content\/uploads\/2023\/08\/nom-du-jour-format-de-date-personnalise-dans-excel.gif\" sizes=\"\" srcset=\"\" alt=\"Benutzerdefiniertes Datumsformat f\u00fcr Tagesnamen in Excel\"><\/figure><\/div><p> Und wenn Sie den Namen des Tages in Kurzform erhalten m\u00f6chten, k\u00f6nnen Sie das folgende Format verwenden.<\/p><pre class=\"wp-block-code\"> <code class=\"language-Visual Basic\" lang=\"Visual Basic\">\"It's\" ddd<\/code><\/pre><h2 class=\"wp-block-heading\"> Nummer des Tages<\/h2><p> Wenn Sie die Tagesnummer erhalten m\u00f6chten, k\u00f6nnen Sie genau wie beim Tagesnamen dieses benutzerdefinierte Format verwenden. <\/p><pre class=\"wp-block-code\"> <code class=\"language-Visual Basic\" lang=\"Visual Basic\">\"Day\" d<\/code><\/pre><div class=\"wp-block-image\"><figure class=\"aligncenter\"><img decoding=\"async\" src=\"https:\/\/exceladvisor.org\/wp-content\/uploads\/2023\/08\/un-numero-de-jour-avec-un-format-de-date-personnalise.gif\" sizes=\"\" srcset=\"\" alt=\"eine Tageszahl mit einem benutzerdefinierten Datumsformat\"><\/figure><\/div><h2 class=\"wp-block-heading\"> Name des Monats<\/h2><p> Dieses benutzerdefinierte Datumsformat hilft Ihnen dabei, den Monatsnamen f\u00fcr Ihren Datumswert zu erhalten. Und Sie k\u00f6nnen je nach Bedarf auch benutzerdefinierten Text hinzuf\u00fcgen. <\/p><pre class=\"wp-block-code\"> <code class=\"language-Visual Basic\" lang=\"Visual Basic\">\"Current Month is:\" mmmm<\/code><\/pre><div class=\"wp-block-image\"><figure class=\"aligncenter\"><img decoding=\"async\" src=\"https:\/\/exceladvisor.org\/wp-content\/uploads\/2023\/08\/un-nom-de-mois-complet-avec-un-format-personnalise.png\" sizes=\"\" srcset=\"\" alt=\"ein vollst\u00e4ndiger Monatsname mit einem benutzerdefinierten Format\"><\/figure><\/div><h2 class=\"wp-block-heading\"> Datum mit Tagesnamen<\/h2><p> Dieses Format hilft Ihnen bei einem Datum mit einem Tagesnamen am Ende. <\/p><pre class=\"wp-block-code\"> <code class=\"language-Visual Basic\" lang=\"Visual Basic\">dd-mmm-yyyy (ddd)<\/code><\/pre><div class=\"wp-block-image\"><figure class=\"aligncenter\"><img decoding=\"async\" src=\"https:\/\/exceladvisor.org\/wp-content\/uploads\/2023\/08\/une-date-simple-avec-le-nom-du-jour-avec-un-format-personnalise.png\" sizes=\"\" srcset=\"\" alt=\"ein einfaches Datum mit dem Namen des Tages in einem benutzerdefinierten Format\"><\/figure><\/div><h2 class=\"wp-block-heading\"> Langtextdatum<\/h2><p> Und wenn Sie lange Textdaten w\u00fcnschen, k\u00f6nnen Sie dies mit dem untenstehenden Format tun. <\/p><pre class=\"wp-block-code\"> <code class=\"language-Visual Basic\" lang=\"Visual Basic\">\"Today is Day\" d\", Month\" m \"&amp; Year\" yyyy.<\/code><\/pre><div class=\"wp-block-image\"><figure class=\"aligncenter\"><img decoding=\"async\" src=\"https:\/\/exceladvisor.org\/wp-content\/uploads\/2023\/08\/une-longue-date-textuelle-avec-un-format-personnalise.png\" sizes=\"\" srcset=\"\" alt=\"ein Langtextdatum mit einem benutzerdefinierten Format\"><\/figure><\/div><p> Jetzt sag mir eins. <strong>Haben Sie ein Format, das Sie verwenden<\/strong> ? Teilen Sie es mir im Kommentarbereich mit.<\/p><div class=\"gb-container gb-container-0df56012 gb-container-mt\"> <a class=\"gb-button gb-button-f9f432f4 gb-button-text gb-button-mt-button\" href=\"https:\/\/exceladvisor.org\/de\/formeln\/\">Liste der Excel-Formeln<\/a><h2 class=\"gb-headline gb-headline-233444e8 gb-headline-text gb-headline-mt-heading\"> Verwandte Formeln <\/h2><div class=\"gb-grid-wrapper gb-grid-wrapper-a16fa65c gb-grid-wrapper-mt-grid\"><div class=\"gb-grid-column gb-grid-column-50d07e0d\"><div class=\"gb-container gb-container-50d07e0d\"><ul><li> <a href=\"https:\/\/exceladvisor.org\/de\/vergleichen-sie-zwei-daten\/\">Vergleichen Sie zwei Daten in Excel<\/a><\/li><li> <a href=\"https:\/\/exceladvisor.org\/de\/datum-in-zahl-umwandeln\/\">Konvertieren Sie ein Datum in eine Zahl in Excel<\/a><\/li><li> <a href=\"https:\/\/exceladvisor.org\/de\/text-bis-heute\/\">Konvertieren Sie Text in Excel in ein Datum<\/a><\/li><li> <a href=\"https:\/\/exceladvisor.org\/de\/datumsbereich\/\">Erstellen Sie einen Datumsbereich in Excel<\/a> <\/li><\/ul><\/div><\/div><div class=\"gb-grid-column gb-grid-column-5b4a0cf9\"><div class=\"gb-container gb-container-5b4a0cf9\"><ul><li> <a href=\"https:\/\/exceladvisor.org\/de\/hervorhebung-zwischen-zwei-daten\/\">Markieren Sie Daten zwischen zwei Daten in Excel<\/a><\/li><li> <a href=\"https:\/\/exceladvisor.org\/de\/zwei-daten-verketten\/\">Verketten Sie schnell zwei Daten in Excel<\/a><\/li><li> <a href=\"https:\/\/exceladvisor.org\/de\/zufallsdatengenerator\/\">Zufallsdatumsgenerator (Excel-Formel) in Excel<\/a><\/li><li> <a href=\"https:\/\/exceladvisor.org\/de\/kombinieren-sie-datum-und-uhrzeit\/\">Kombinieren Sie Datum und Uhrzeit in Excel<\/a><\/li><\/ul><\/div><\/div><\/div><\/div>","protected":false},"excerpt":{"rendered":"","protected":false},"author":1,"featured_media":0,"parent":0,"menu_order":0,"comment_status":"open","ping_status":"closed","template":"","meta":{"ub_ctt_via":"","footnotes":""},"class_list":["post-3666","page","type-page","status-publish","hentry"],"featured_image_src":null,"yoast_head":"<!-- This site is optimized with the Yoast SEO plugin v25.4 - https:\/\/yoast.com\/wordpress\/plugins\/seo\/ -->\n<title>\u25b7 5 benutzerdefinierte Datumsformate in Excel (Neueste Version 2023)<\/title>\n<meta name=\"description\" content=\"In diesem Artikel lernen Sie einige n\u00fctzliche benutzerdefinierte Datumsformate kennen. Sie k\u00f6nnen diese Formate verwenden, um Ihre Daten anzuzeigen ...\" \/>\n<meta name=\"robots\" content=\"index, follow, max-snippet:-1, max-image-preview:large, max-video-preview:-1\" \/>\n<link rel=\"canonical\" href=\"https:\/\/exceladvisor.org\/de\/benutzerdefinierte-datumsformate\/\" \/>\n<meta property=\"og:locale\" content=\"de_DE\" \/>\n<meta property=\"og:type\" content=\"article\" \/>\n<meta property=\"og:title\" content=\"\u25b7 5 benutzerdefinierte Datumsformate in Excel (Neueste Version 2023)\" \/>\n<meta property=\"og:description\" content=\"In diesem Artikel lernen Sie einige n\u00fctzliche benutzerdefinierte Datumsformate kennen. Sie k\u00f6nnen diese Formate verwenden, um Ihre Daten anzuzeigen ...\" \/>\n<meta property=\"og:url\" content=\"https:\/\/exceladvisor.org\/de\/benutzerdefinierte-datumsformate\/\" \/>\n<meta property=\"og:site_name\" content=\"Excel Advisor\" \/>\n<meta property=\"article:modified_time\" content=\"2023-12-03T11:11:56+00:00\" \/>\n<meta property=\"og:image\" content=\"https:\/\/exceladvisor.org\/wp-content\/uploads\/2023\/08\/ajouter-un-format-personnalise-a-loption-de-format-de-cellule.png\" \/>\n<meta name=\"twitter:card\" content=\"summary_large_image\" \/>\n<meta name=\"twitter:label1\" content=\"Gesch\u00e4tzte Lesezeit\" \/>\n\t<meta name=\"twitter:data1\" content=\"2\u00a0Minuten\" \/>\n<script type=\"application\/ld+json\" class=\"yoast-schema-graph\">{\"@context\":\"https:\/\/schema.org\",\"@graph\":[{\"@type\":\"WebPage\",\"@id\":\"https:\/\/exceladvisor.org\/de\/benutzerdefinierte-datumsformate\/\",\"url\":\"https:\/\/exceladvisor.org\/de\/benutzerdefinierte-datumsformate\/\",\"name\":\"\u25b7 5 benutzerdefinierte Datumsformate in Excel (Neueste Version 2023)\",\"isPartOf\":{\"@id\":\"https:\/\/exceladvisor.org\/de\/#website\"},\"primaryImageOfPage\":{\"@id\":\"https:\/\/exceladvisor.org\/de\/benutzerdefinierte-datumsformate\/#primaryimage\"},\"image\":{\"@id\":\"https:\/\/exceladvisor.org\/de\/benutzerdefinierte-datumsformate\/#primaryimage\"},\"thumbnailUrl\":\"https:\/\/exceladvisor.org\/wp-content\/uploads\/2023\/08\/ajouter-un-format-personnalise-a-loption-de-format-de-cellule.png\",\"datePublished\":\"2023-09-26T05:54:25+00:00\",\"dateModified\":\"2023-12-03T11:11:56+00:00\",\"description\":\"In diesem Artikel lernen Sie einige n\u00fctzliche benutzerdefinierte Datumsformate kennen. Sie k\u00f6nnen diese Formate verwenden, um Ihre Daten anzuzeigen ...\",\"breadcrumb\":{\"@id\":\"https:\/\/exceladvisor.org\/de\/benutzerdefinierte-datumsformate\/#breadcrumb\"},\"inLanguage\":\"de\",\"potentialAction\":[{\"@type\":\"ReadAction\",\"target\":[\"https:\/\/exceladvisor.org\/de\/benutzerdefinierte-datumsformate\/\"]}]},{\"@type\":\"ImageObject\",\"inLanguage\":\"de\",\"@id\":\"https:\/\/exceladvisor.org\/de\/benutzerdefinierte-datumsformate\/#primaryimage\",\"url\":\"https:\/\/exceladvisor.org\/wp-content\/uploads\/2023\/08\/ajouter-un-format-personnalise-a-loption-de-format-de-cellule.png\",\"contentUrl\":\"https:\/\/exceladvisor.org\/wp-content\/uploads\/2023\/08\/ajouter-un-format-personnalise-a-loption-de-format-de-cellule.png\"},{\"@type\":\"BreadcrumbList\",\"@id\":\"https:\/\/exceladvisor.org\/de\/benutzerdefinierte-datumsformate\/#breadcrumb\",\"itemListElement\":[{\"@type\":\"ListItem\",\"position\":1,\"name\":\"Accueil\",\"item\":\"https:\/\/exceladvisor.org\/de\/\"},{\"@type\":\"ListItem\",\"position\":2,\"name\":\"5 benutzerdefinierte datumsformate in excel\"}]},{\"@type\":\"WebSite\",\"@id\":\"https:\/\/exceladvisor.org\/de\/#website\",\"url\":\"https:\/\/exceladvisor.org\/de\/\",\"name\":\"Excel Advisor\",\"description\":\"Ihr Leitfaden zur Datendominanz\",\"publisher\":{\"@id\":\"https:\/\/exceladvisor.org\/de\/#organization\"},\"potentialAction\":[{\"@type\":\"SearchAction\",\"target\":{\"@type\":\"EntryPoint\",\"urlTemplate\":\"https:\/\/exceladvisor.org\/de\/?s={search_term_string}\"},\"query-input\":{\"@type\":\"PropertyValueSpecification\",\"valueRequired\":true,\"valueName\":\"search_term_string\"}}],\"inLanguage\":\"de\"},{\"@type\":\"Organization\",\"@id\":\"https:\/\/exceladvisor.org\/de\/#organization\",\"name\":\"Excel Advisor\",\"url\":\"https:\/\/exceladvisor.org\/de\/\",\"logo\":{\"@type\":\"ImageObject\",\"inLanguage\":\"de\",\"@id\":\"https:\/\/exceladvisor.org\/de\/#\/schema\/logo\/image\/\",\"url\":\"https:\/\/exceladvisor.org\/de\/wp-content\/uploads\/2023\/11\/exceladvisor.org_.png\",\"contentUrl\":\"https:\/\/exceladvisor.org\/de\/wp-content\/uploads\/2023\/11\/exceladvisor.org_.png\",\"width\":105,\"height\":36,\"caption\":\"Excel Advisor\"},\"image\":{\"@id\":\"https:\/\/exceladvisor.org\/de\/#\/schema\/logo\/image\/\"}}]}<\/script>\n<!-- \/ Yoast SEO plugin. -->","yoast_head_json":{"title":"\u25b7 5 benutzerdefinierte Datumsformate in Excel (Neueste Version 2023)","description":"In diesem Artikel lernen Sie einige n\u00fctzliche benutzerdefinierte Datumsformate kennen. Sie k\u00f6nnen diese Formate verwenden, um Ihre Daten anzuzeigen ...","robots":{"index":"index","follow":"follow","max-snippet":"max-snippet:-1","max-image-preview":"max-image-preview:large","max-video-preview":"max-video-preview:-1"},"canonical":"https:\/\/exceladvisor.org\/de\/benutzerdefinierte-datumsformate\/","og_locale":"de_DE","og_type":"article","og_title":"\u25b7 5 benutzerdefinierte Datumsformate in Excel (Neueste Version 2023)","og_description":"In diesem Artikel lernen Sie einige n\u00fctzliche benutzerdefinierte Datumsformate kennen. Sie k\u00f6nnen diese Formate verwenden, um Ihre Daten anzuzeigen ...","og_url":"https:\/\/exceladvisor.org\/de\/benutzerdefinierte-datumsformate\/","og_site_name":"Excel Advisor","article_modified_time":"2023-12-03T11:11:56+00:00","og_image":[{"url":"https:\/\/exceladvisor.org\/wp-content\/uploads\/2023\/08\/ajouter-un-format-personnalise-a-loption-de-format-de-cellule.png","type":"","width":"","height":""}],"twitter_card":"summary_large_image","twitter_misc":{"Gesch\u00e4tzte Lesezeit":"2\u00a0Minuten"},"schema":{"@context":"https:\/\/schema.org","@graph":[{"@type":"WebPage","@id":"https:\/\/exceladvisor.org\/de\/benutzerdefinierte-datumsformate\/","url":"https:\/\/exceladvisor.org\/de\/benutzerdefinierte-datumsformate\/","name":"\u25b7 5 benutzerdefinierte Datumsformate in Excel (Neueste Version 2023)","isPartOf":{"@id":"https:\/\/exceladvisor.org\/de\/#website"},"primaryImageOfPage":{"@id":"https:\/\/exceladvisor.org\/de\/benutzerdefinierte-datumsformate\/#primaryimage"},"image":{"@id":"https:\/\/exceladvisor.org\/de\/benutzerdefinierte-datumsformate\/#primaryimage"},"thumbnailUrl":"https:\/\/exceladvisor.org\/wp-content\/uploads\/2023\/08\/ajouter-un-format-personnalise-a-loption-de-format-de-cellule.png","datePublished":"2023-09-26T05:54:25+00:00","dateModified":"2023-12-03T11:11:56+00:00","description":"In diesem Artikel lernen Sie einige n\u00fctzliche benutzerdefinierte Datumsformate kennen. Sie k\u00f6nnen diese Formate verwenden, um Ihre Daten anzuzeigen ...","breadcrumb":{"@id":"https:\/\/exceladvisor.org\/de\/benutzerdefinierte-datumsformate\/#breadcrumb"},"inLanguage":"de","potentialAction":[{"@type":"ReadAction","target":["https:\/\/exceladvisor.org\/de\/benutzerdefinierte-datumsformate\/"]}]},{"@type":"ImageObject","inLanguage":"de","@id":"https:\/\/exceladvisor.org\/de\/benutzerdefinierte-datumsformate\/#primaryimage","url":"https:\/\/exceladvisor.org\/wp-content\/uploads\/2023\/08\/ajouter-un-format-personnalise-a-loption-de-format-de-cellule.png","contentUrl":"https:\/\/exceladvisor.org\/wp-content\/uploads\/2023\/08\/ajouter-un-format-personnalise-a-loption-de-format-de-cellule.png"},{"@type":"BreadcrumbList","@id":"https:\/\/exceladvisor.org\/de\/benutzerdefinierte-datumsformate\/#breadcrumb","itemListElement":[{"@type":"ListItem","position":1,"name":"Accueil","item":"https:\/\/exceladvisor.org\/de\/"},{"@type":"ListItem","position":2,"name":"5 benutzerdefinierte datumsformate in excel"}]},{"@type":"WebSite","@id":"https:\/\/exceladvisor.org\/de\/#website","url":"https:\/\/exceladvisor.org\/de\/","name":"Excel Advisor","description":"Ihr Leitfaden zur Datendominanz","publisher":{"@id":"https:\/\/exceladvisor.org\/de\/#organization"},"potentialAction":[{"@type":"SearchAction","target":{"@type":"EntryPoint","urlTemplate":"https:\/\/exceladvisor.org\/de\/?s={search_term_string}"},"query-input":{"@type":"PropertyValueSpecification","valueRequired":true,"valueName":"search_term_string"}}],"inLanguage":"de"},{"@type":"Organization","@id":"https:\/\/exceladvisor.org\/de\/#organization","name":"Excel Advisor","url":"https:\/\/exceladvisor.org\/de\/","logo":{"@type":"ImageObject","inLanguage":"de","@id":"https:\/\/exceladvisor.org\/de\/#\/schema\/logo\/image\/","url":"https:\/\/exceladvisor.org\/de\/wp-content\/uploads\/2023\/11\/exceladvisor.org_.png","contentUrl":"https:\/\/exceladvisor.org\/de\/wp-content\/uploads\/2023\/11\/exceladvisor.org_.png","width":105,"height":36,"caption":"Excel Advisor"},"image":{"@id":"https:\/\/exceladvisor.org\/de\/#\/schema\/logo\/image\/"}}]}},"yoast_meta":{"yoast_wpseo_title":"","yoast_wpseo_metadesc":"","yoast_wpseo_canonical":""},"_links":{"self":[{"href":"https:\/\/exceladvisor.org\/de\/wp-json\/wp\/v2\/pages\/3666","targetHints":{"allow":["GET"]}}],"collection":[{"href":"https:\/\/exceladvisor.org\/de\/wp-json\/wp\/v2\/pages"}],"about":[{"href":"https:\/\/exceladvisor.org\/de\/wp-json\/wp\/v2\/types\/page"}],"author":[{"embeddable":true,"href":"https:\/\/exceladvisor.org\/de\/wp-json\/wp\/v2\/users\/1"}],"replies":[{"embeddable":true,"href":"https:\/\/exceladvisor.org\/de\/wp-json\/wp\/v2\/comments?post=3666"}],"version-history":[{"count":1,"href":"https:\/\/exceladvisor.org\/de\/wp-json\/wp\/v2\/pages\/3666\/revisions"}],"predecessor-version":[{"id":3719,"href":"https:\/\/exceladvisor.org\/de\/wp-json\/wp\/v2\/pages\/3666\/revisions\/3719"}],"wp:attachment":[{"href":"https:\/\/exceladvisor.org\/de\/wp-json\/wp\/v2\/media?parent=3666"}],"curies":[{"name":"wp","href":"https:\/\/api.w.org\/{rel}","templated":true}]}}