{"id":3667,"date":"2023-09-26T05:13:14","date_gmt":"2023-09-26T05:13:14","guid":{"rendered":"https:\/\/exceladvisor.org\/de\/referenzfehler\/"},"modified":"2023-12-03T11:12:46","modified_gmt":"2023-12-03T11:12:46","slug":"referenzfehler","status":"publish","type":"page","link":"https:\/\/exceladvisor.org\/de\/referenzfehler\/","title":{"rendered":"So beheben sie #ref! fehler in excel?"},"content":{"rendered":"<div class=\"excel-vor-dem-inhalt\" id=\"excel-2006410031\"><script type=\"text\/javascript\">\r\n\tatOptions = {\r\n\t\t'key' : 'c1158f160081d6540a8409e6925dab94',\r\n\t\t'format' : 'iframe',\r\n\t\t'height' : 250,\r\n\t\t'width' : 300,\r\n\t\t'params' : {}\r\n\t};\r\n<\/script>\r\n<script type=\"text\/javascript\" src=\"\/\/www.highperformanceformat.com\/c1158f160081d6540a8409e6925dab94\/invoke.js\"><\/script><\/div> <p>Meistens #REF! Ein Fehler tritt auf, wenn Sie eine Formel in eine Zelle eingegeben haben und der Verweis in dieser Formel ung\u00fcltig ist. Nehmen wir zum Beispiel an, Sie haben eine Formel, die die Werte von f\u00fcnf Zellen oben addiert, und kopieren Sie diese Formel und f\u00fcgen Sie sie an einer Stelle ein, an der Sie nur drei Zellen oben haben. Sie erhalten die #REF! Fehler.<\/p><h2 id=\"h-copied-formula-to-a-new-location\" class=\"wp-block-heading\"> Formel an neuen Speicherort kopiert<\/h2><p> Im Beispiel unten haben wir in Zelle A5 die Summenformel, die die Werte im Bereich A1:A5 addiert. Sie haben einen relativen Zellbezug in der Formel. <\/p><div class=\"wp-block-image\"><figure class=\"aligncenter size-full is-resized\"><img loading=\"lazy\" decoding=\"async\" class=\"wp-image-82504\" src=\"https:\/\/exceladvisor.org\/wp-content\/uploads\/2023\/08\/1-erreur-de-reference-dans-excel.png\" sizes=\"auto, \" srcset=\"\" alt=\"ref-error-in-excel\" width=\"378\" height=\"382\"><\/figure><\/div><p> Und wenn Sie diese Formel kopieren und in Zelle C3 einf\u00fcgen, wird #REF zur\u00fcckgegeben! im Ergebnis. <\/p><div class=\"wp-block-image\"><figure class=\"aligncenter size-full is-resized\"><img loading=\"lazy\" decoding=\"async\" class=\"wp-image-82505\" src=\"https:\/\/exceladvisor.org\/wp-content\/uploads\/2023\/08\/2-renvoie-lerreur-de-reference.png\" sizes=\"auto, \" srcset=\"\" alt=\"return-ref-error\" width=\"496\" height=\"377\"><\/figure><\/div><p> Wie ich bereits sagte: Wenn Sie die Formel von A6 nach C3 kopieren, befinden sich \u00fcber C3 keine f\u00fcnf Zellen, was bedeutet, dass es unm\u00f6glich ist, auf f\u00fcnf Zellen von oben zu verweisen.<\/p><h2 id=\"h-ref-error-with-vlookup\" class=\"wp-block-heading\"> #REF! Fehler beim VLOOKUP<\/h2><p> Geben Sie bei Verwendung von SVERWEIS die Spalte an, aus der Sie den Wert abrufen m\u00f6chten. <\/p><div class=\"wp-block-image\"><figure class=\"aligncenter size-full is-resized\"><img loading=\"lazy\" decoding=\"async\" class=\"wp-image-82506\" src=\"https:\/\/exceladvisor.org\/wp-content\/uploads\/2023\/08\/3-erreur-de-reference-avec-la-recherche-v.png\" sizes=\"auto, \" srcset=\"\" alt=\"ref-error-with-vlookup\" width=\"601\" height=\"317\"><\/figure><\/div><p> Im obigen Beispiel haben wir drei als col_index_num in der Formel angegeben. Aber in der Nachschlagetabelle haben wir nur zwei Spalten und deshalb haben wir das #REF! Fehler im Ergebnis. <\/p><div class=\"wp-block-image\"><figure class=\"aligncenter size-full is-resized\"><img loading=\"lazy\" decoding=\"async\" class=\"wp-image-82507\" src=\"https:\/\/exceladvisor.org\/wp-content\/uploads\/2023\/08\/4-ref-erreur-dans-le-resultat.png\" sizes=\"auto, \" srcset=\"\" alt=\"Ref-Fehler im Ergebnis\" width=\"526\" height=\"279\"><\/figure><\/div><p> Mit INDEX k\u00f6nnte das Gleiche passieren. Wenn Sie versuchen, nach einer Zeilen- oder Spaltennummer zu suchen, die gr\u00f6\u00dfer ist als die Gesamtzahl der Spalten oder Zeilen in den referenzierten Daten, wird ein #REF zur\u00fcckgegeben! Fehler im Ergebnis. <\/p><div class=\"wp-block-image\"><figure class=\"aligncenter size-full is-resized\"><img loading=\"lazy\" decoding=\"async\" class=\"wp-image-82508\" src=\"https:\/\/exceladvisor.org\/wp-content\/uploads\/2023\/08\/5-erreur-de-reference-lors-de-lutilisation-de-lindex.png\" sizes=\"auto, \" srcset=\"\" alt=\"ref-error-while-using-index\" width=\"470\" height=\"310\"><\/figure><\/div><p> Im obigen Beispiel suchen wir nach dem Wert in der 7. Zeile des Bereichs, haben aber insgesamt nur 6 Zellen.<\/p><h2 id=\"h-ref-error-when-you-delete-a-column\" class=\"wp-block-heading\"> #REF! Fehler beim L\u00f6schen einer Spalte<\/h2><p> Im folgenden Beispiel haben wir den Bereich A1:C3 als drei Teile bezeichnet. <\/p><div class=\"wp-block-image\"><figure class=\"aligncenter size-full is-resized\"><img loading=\"lazy\" decoding=\"async\" class=\"wp-image-82509\" src=\"https:\/\/exceladvisor.org\/wp-content\/uploads\/2023\/08\/6-erreur-de-reference-lors-de-la-suppression-dune-colonne.png\" sizes=\"auto, \" srcset=\"\" alt=\"Ref-Fehler beim L\u00f6schen einer Spalte\" width=\"474\" height=\"395\"><\/figure><\/div><p> Wenn Sie jedoch eine dieser Spalten entfernen, gibt die Formel ein #REF zur\u00fcck! Fehler im Ergebnis. <\/p><div class=\"wp-block-image\"><figure class=\"aligncenter size-full is-resized\"><img loading=\"lazy\" decoding=\"async\" class=\"wp-image-82510\" src=\"https:\/\/exceladvisor.org\/wp-content\/uploads\/2023\/08\/7-la-formule-renvoie-une-erreur-de-reference.png\" sizes=\"auto, \" srcset=\"\" alt=\"Formel gibt Ref-Fehler zur\u00fcck\" width=\"484\" height=\"330\"><\/figure><\/div><h2 id=\"h-other-reasons\" class=\"wp-block-heading\"> Andere Gr\u00fcnde<\/h2><p> Wenn Sie die INDIRECT-Funktion verwenden, wenn Sie sich auf eine Zelle oder einen Bereich in einer geschlossenen Arbeitsmappe beziehen. Es besteht die M\u00f6glichkeit, dass Sie die #REF erhalten! Fehler im Ergebnis. <\/p><div class=\"wp-block-image\"><figure class=\"aligncenter size-full is-resized\"><img loading=\"lazy\" decoding=\"async\" class=\"wp-image-82511\" src=\"https:\/\/exceladvisor.org\/wp-content\/uploads\/2023\/08\/8-ref-erreur-avec-fonction-indirecte.png\" sizes=\"auto, \" srcset=\"\" alt=\"ref-error-with-indirect-function\" width=\"665\" height=\"284\"><\/figure><\/div><h2 id=\"h-fixing-the-ref-error\" class=\"wp-block-heading\"> Korrektur von #REF! Fehler<\/h2><p> In Excel ist es beim Arbeiten mit Formeln besser, das #REF nicht abzufangen! Fehler bei ISERROR oder einer anderen Funktion. Es ist besser, den Fehler zu korrigieren, wenn er im Ergebnis angezeigt wird.<\/p><p> In den meisten F\u00e4llen sollten Sie den Verweis auf den Bereich oder die Zelle festlegen, damit Ihre Formeln ordnungsgem\u00e4\u00df funktionieren. Manchmal kann es jedoch schwierig sein, genau zu wissen, welcher Verweis entfernt oder entfernt wird.<\/p><p> Wenn Sie beispielsweise ein Blatt aus einer Arbeitsmappe l\u00f6schen, ist es nicht m\u00f6glich, diesen Vorgang r\u00fcckg\u00e4ngig zu machen, und es ist schwieriger, diese Verweise in der Formel zu ersetzen.<\/p><h2 id=\"h-finding-all-the-ref-errors\" class=\"wp-block-heading\"> Finden Sie alle #REFs! Fehler<\/h2><p> Mit Hilfe der FINDEN-Option von Excel k\u00f6nnen Sie die Zellen finden und ausw\u00e4hlen, in denen sich das #REF! befindet. Fehler.<\/p><ol type=\"1\"><li> \u00d6ffnen Sie \u201eSuchen und Ersetzen\u201c mit Strg + F.<\/li><li> Geben Sie den #REF-Wert ein! im Abschnitt \u201eSuchen nach\u201c.<\/li><li> Klicken Sie auf die Schaltfl\u00e4che \u201eOptionen\u201c.<\/li><li> W\u00e4hlen Sie \u201eWerte\u201c bei \u201eSuchen in\u201c.<\/li><li> Klicken Sie auf die Schaltfl\u00e4che \u201eAlle durchsuchen\u201c. <\/li><\/ol><div class=\"wp-block-image\"><figure class=\"aligncenter size-full is-resized\"><img loading=\"lazy\" decoding=\"async\" class=\"wp-image-82512\" src=\"https:\/\/exceladvisor.org\/wp-content\/uploads\/2023\/08\/9-trouver-toutes-les-erreurs-de-reference.png\" sizes=\"auto, \" srcset=\"\" alt=\"Finden Sie alle Referenzfehler\" width=\"655\" height=\"418\"><\/figure><\/div><p> Danach k\u00f6nnen Sie zu jeder Zelle gehen und die Formel korrigieren. <\/p><div class=\"gb-container gb-container-bafb25cc gb-container-download-2\"><div class=\"gb-grid-wrapper gb-grid-wrapper-91201309\"><div class=\"gb-grid-column gb-grid-column-15a917ef\"><div class=\"gb-container gb-container-15a917ef\"><h2 class=\"gb-headline gb-headline-f2deb261 gb-headline-text gb-headline-download-2\"> Holen Sie sich die Excel-Datei <\/h2><\/div><\/div><div class=\"gb-grid-column gb-grid-column-18357188\"><div class=\"gb-container gb-container-18357188\"><div class=\"gb-container gb-container-76cbe15e\"> <a class=\"gb-button gb-button-cb63d00a gb-button-text gb-button-download-2\" href=\"https:\/\/exceladvisor.org\/wp-content\/uploads\/2023\/11\/ref.xlsx\" rel=\"nofollow\">Herunterladen<\/a><\/div><\/div><\/div><\/div><\/div><div class=\"gb-container gb-container-0df56012 gb-container-mt\"> <a class=\"gb-button gb-button-f9f432f4 gb-button-text gb-button-mt-button\" href=\"https:\/\/exceladvisor.org\/de\/formeln\/\">Liste der Excel-Formeln<\/a><h2 class=\"gb-headline gb-headline-233444e8 gb-headline-text gb-headline-mt-heading\"> Verwandte Formeln <\/h2><div class=\"gb-grid-wrapper gb-grid-wrapper-a16fa65c gb-grid-wrapper-mt-grid\"><div class=\"gb-grid-column gb-grid-column-50d07e0d\"><div class=\"gb-container gb-container-50d07e0d\"><ul><li> <a href=\"https:\/\/exceladvisor.org\/de\/divisionsfehler\/\">Fehler #DIV\/0<\/a><\/li><li> <a href=\"https:\/\/exceladvisor.org\/de\/verschuttungsfehler\/\">#VERBREITEN! Fehler<\/a><\/li><li> <a href=\"https:\/\/exceladvisor.org\/de\/wertfehler\/\">#VALUE Fehler<\/a><\/li><li> <a href=\"https:\/\/exceladvisor.org\/de\/fehler-ignorieren\/\">Ignorieren Sie alle Fehler in Excel<\/a><\/li><li> <a href=\"https:\/\/exceladvisor.org\/de\/kein-fehler\/\">#N\/A Fehler<\/a> <\/li><\/ul><\/div><\/div><div class=\"gb-grid-column gb-grid-column-5b4a0cf9\"><div class=\"gb-container gb-container-5b4a0cf9\"><\/div><\/div><\/div><\/div>","protected":false},"excerpt":{"rendered":"","protected":false},"author":1,"featured_media":0,"parent":0,"menu_order":0,"comment_status":"open","ping_status":"closed","template":"","meta":{"ub_ctt_via":"","footnotes":""},"class_list":["post-3667","page","type-page","status-publish","hentry"],"featured_image_src":null,"yoast_head":"<!-- This site is optimized with the Yoast SEO plugin v25.4 - https:\/\/yoast.com\/wordpress\/plugins\/seo\/ -->\n<title>So beheben Sie #REF! Fehler in Excel? (Tutorial 2023)<\/title>\n<meta name=\"description\" content=\"Dieses Tutorial wird Ihnen helfen, das #REF zu verstehen! Fehler in der Excel-Formel und M\u00f6glichkeiten, ihn zu beheben. Lassen Sie uns das \u00fcberpr\u00fcfen ...\" \/>\n<meta name=\"robots\" content=\"index, follow, max-snippet:-1, max-image-preview:large, max-video-preview:-1\" \/>\n<link rel=\"canonical\" href=\"https:\/\/exceladvisor.org\/de\/referenzfehler\/\" \/>\n<meta property=\"og:locale\" content=\"de_DE\" \/>\n<meta property=\"og:type\" content=\"article\" \/>\n<meta property=\"og:title\" content=\"So beheben Sie #REF! Fehler in Excel? (Tutorial 2023)\" \/>\n<meta property=\"og:description\" content=\"Dieses Tutorial wird Ihnen helfen, das #REF zu verstehen! Fehler in der Excel-Formel und M\u00f6glichkeiten, ihn zu beheben. Lassen Sie uns das \u00fcberpr\u00fcfen ...\" \/>\n<meta property=\"og:url\" content=\"https:\/\/exceladvisor.org\/de\/referenzfehler\/\" \/>\n<meta property=\"og:site_name\" content=\"Excel Advisor\" \/>\n<meta property=\"article:modified_time\" content=\"2023-12-03T11:12:46+00:00\" \/>\n<meta property=\"og:image\" content=\"https:\/\/exceladvisor.org\/wp-content\/uploads\/2023\/08\/1-erreur-de-reference-dans-excel.png\" \/>\n<meta name=\"twitter:card\" content=\"summary_large_image\" \/>\n<meta name=\"twitter:label1\" content=\"Gesch\u00e4tzte Lesezeit\" \/>\n\t<meta name=\"twitter:data1\" content=\"3\u00a0Minuten\" \/>\n<script type=\"application\/ld+json\" class=\"yoast-schema-graph\">{\"@context\":\"https:\/\/schema.org\",\"@graph\":[{\"@type\":\"WebPage\",\"@id\":\"https:\/\/exceladvisor.org\/de\/referenzfehler\/\",\"url\":\"https:\/\/exceladvisor.org\/de\/referenzfehler\/\",\"name\":\"So beheben Sie #REF! Fehler in Excel? (Tutorial 2023)\",\"isPartOf\":{\"@id\":\"https:\/\/exceladvisor.org\/de\/#website\"},\"primaryImageOfPage\":{\"@id\":\"https:\/\/exceladvisor.org\/de\/referenzfehler\/#primaryimage\"},\"image\":{\"@id\":\"https:\/\/exceladvisor.org\/de\/referenzfehler\/#primaryimage\"},\"thumbnailUrl\":\"https:\/\/exceladvisor.org\/wp-content\/uploads\/2023\/08\/1-erreur-de-reference-dans-excel.png\",\"datePublished\":\"2023-09-26T05:13:14+00:00\",\"dateModified\":\"2023-12-03T11:12:46+00:00\",\"description\":\"Dieses Tutorial wird Ihnen helfen, das #REF zu verstehen! Fehler in der Excel-Formel und M\u00f6glichkeiten, ihn zu beheben. Lassen Sie uns das \u00fcberpr\u00fcfen ...\",\"breadcrumb\":{\"@id\":\"https:\/\/exceladvisor.org\/de\/referenzfehler\/#breadcrumb\"},\"inLanguage\":\"de\",\"potentialAction\":[{\"@type\":\"ReadAction\",\"target\":[\"https:\/\/exceladvisor.org\/de\/referenzfehler\/\"]}]},{\"@type\":\"ImageObject\",\"inLanguage\":\"de\",\"@id\":\"https:\/\/exceladvisor.org\/de\/referenzfehler\/#primaryimage\",\"url\":\"https:\/\/exceladvisor.org\/wp-content\/uploads\/2023\/08\/1-erreur-de-reference-dans-excel.png\",\"contentUrl\":\"https:\/\/exceladvisor.org\/wp-content\/uploads\/2023\/08\/1-erreur-de-reference-dans-excel.png\"},{\"@type\":\"BreadcrumbList\",\"@id\":\"https:\/\/exceladvisor.org\/de\/referenzfehler\/#breadcrumb\",\"itemListElement\":[{\"@type\":\"ListItem\",\"position\":1,\"name\":\"Accueil\",\"item\":\"https:\/\/exceladvisor.org\/de\/\"},{\"@type\":\"ListItem\",\"position\":2,\"name\":\"So beheben sie #ref! fehler in excel?\"}]},{\"@type\":\"WebSite\",\"@id\":\"https:\/\/exceladvisor.org\/de\/#website\",\"url\":\"https:\/\/exceladvisor.org\/de\/\",\"name\":\"Excel Advisor\",\"description\":\"Ihr Leitfaden zur Datendominanz\",\"publisher\":{\"@id\":\"https:\/\/exceladvisor.org\/de\/#organization\"},\"potentialAction\":[{\"@type\":\"SearchAction\",\"target\":{\"@type\":\"EntryPoint\",\"urlTemplate\":\"https:\/\/exceladvisor.org\/de\/?s={search_term_string}\"},\"query-input\":{\"@type\":\"PropertyValueSpecification\",\"valueRequired\":true,\"valueName\":\"search_term_string\"}}],\"inLanguage\":\"de\"},{\"@type\":\"Organization\",\"@id\":\"https:\/\/exceladvisor.org\/de\/#organization\",\"name\":\"Excel Advisor\",\"url\":\"https:\/\/exceladvisor.org\/de\/\",\"logo\":{\"@type\":\"ImageObject\",\"inLanguage\":\"de\",\"@id\":\"https:\/\/exceladvisor.org\/de\/#\/schema\/logo\/image\/\",\"url\":\"https:\/\/exceladvisor.org\/de\/wp-content\/uploads\/2023\/11\/exceladvisor.org_.png\",\"contentUrl\":\"https:\/\/exceladvisor.org\/de\/wp-content\/uploads\/2023\/11\/exceladvisor.org_.png\",\"width\":105,\"height\":36,\"caption\":\"Excel Advisor\"},\"image\":{\"@id\":\"https:\/\/exceladvisor.org\/de\/#\/schema\/logo\/image\/\"}}]}<\/script>\n<!-- \/ Yoast SEO plugin. -->","yoast_head_json":{"title":"So beheben Sie #REF! Fehler in Excel? (Tutorial 2023)","description":"Dieses Tutorial wird Ihnen helfen, das #REF zu verstehen! Fehler in der Excel-Formel und M\u00f6glichkeiten, ihn zu beheben. Lassen Sie uns das \u00fcberpr\u00fcfen ...","robots":{"index":"index","follow":"follow","max-snippet":"max-snippet:-1","max-image-preview":"max-image-preview:large","max-video-preview":"max-video-preview:-1"},"canonical":"https:\/\/exceladvisor.org\/de\/referenzfehler\/","og_locale":"de_DE","og_type":"article","og_title":"So beheben Sie #REF! Fehler in Excel? (Tutorial 2023)","og_description":"Dieses Tutorial wird Ihnen helfen, das #REF zu verstehen! Fehler in der Excel-Formel und M\u00f6glichkeiten, ihn zu beheben. Lassen Sie uns das \u00fcberpr\u00fcfen ...","og_url":"https:\/\/exceladvisor.org\/de\/referenzfehler\/","og_site_name":"Excel Advisor","article_modified_time":"2023-12-03T11:12:46+00:00","og_image":[{"url":"https:\/\/exceladvisor.org\/wp-content\/uploads\/2023\/08\/1-erreur-de-reference-dans-excel.png","type":"","width":"","height":""}],"twitter_card":"summary_large_image","twitter_misc":{"Gesch\u00e4tzte Lesezeit":"3\u00a0Minuten"},"schema":{"@context":"https:\/\/schema.org","@graph":[{"@type":"WebPage","@id":"https:\/\/exceladvisor.org\/de\/referenzfehler\/","url":"https:\/\/exceladvisor.org\/de\/referenzfehler\/","name":"So beheben Sie #REF! Fehler in Excel? (Tutorial 2023)","isPartOf":{"@id":"https:\/\/exceladvisor.org\/de\/#website"},"primaryImageOfPage":{"@id":"https:\/\/exceladvisor.org\/de\/referenzfehler\/#primaryimage"},"image":{"@id":"https:\/\/exceladvisor.org\/de\/referenzfehler\/#primaryimage"},"thumbnailUrl":"https:\/\/exceladvisor.org\/wp-content\/uploads\/2023\/08\/1-erreur-de-reference-dans-excel.png","datePublished":"2023-09-26T05:13:14+00:00","dateModified":"2023-12-03T11:12:46+00:00","description":"Dieses Tutorial wird Ihnen helfen, das #REF zu verstehen! Fehler in der Excel-Formel und M\u00f6glichkeiten, ihn zu beheben. Lassen Sie uns das \u00fcberpr\u00fcfen ...","breadcrumb":{"@id":"https:\/\/exceladvisor.org\/de\/referenzfehler\/#breadcrumb"},"inLanguage":"de","potentialAction":[{"@type":"ReadAction","target":["https:\/\/exceladvisor.org\/de\/referenzfehler\/"]}]},{"@type":"ImageObject","inLanguage":"de","@id":"https:\/\/exceladvisor.org\/de\/referenzfehler\/#primaryimage","url":"https:\/\/exceladvisor.org\/wp-content\/uploads\/2023\/08\/1-erreur-de-reference-dans-excel.png","contentUrl":"https:\/\/exceladvisor.org\/wp-content\/uploads\/2023\/08\/1-erreur-de-reference-dans-excel.png"},{"@type":"BreadcrumbList","@id":"https:\/\/exceladvisor.org\/de\/referenzfehler\/#breadcrumb","itemListElement":[{"@type":"ListItem","position":1,"name":"Accueil","item":"https:\/\/exceladvisor.org\/de\/"},{"@type":"ListItem","position":2,"name":"So beheben sie #ref! fehler in excel?"}]},{"@type":"WebSite","@id":"https:\/\/exceladvisor.org\/de\/#website","url":"https:\/\/exceladvisor.org\/de\/","name":"Excel Advisor","description":"Ihr Leitfaden zur Datendominanz","publisher":{"@id":"https:\/\/exceladvisor.org\/de\/#organization"},"potentialAction":[{"@type":"SearchAction","target":{"@type":"EntryPoint","urlTemplate":"https:\/\/exceladvisor.org\/de\/?s={search_term_string}"},"query-input":{"@type":"PropertyValueSpecification","valueRequired":true,"valueName":"search_term_string"}}],"inLanguage":"de"},{"@type":"Organization","@id":"https:\/\/exceladvisor.org\/de\/#organization","name":"Excel Advisor","url":"https:\/\/exceladvisor.org\/de\/","logo":{"@type":"ImageObject","inLanguage":"de","@id":"https:\/\/exceladvisor.org\/de\/#\/schema\/logo\/image\/","url":"https:\/\/exceladvisor.org\/de\/wp-content\/uploads\/2023\/11\/exceladvisor.org_.png","contentUrl":"https:\/\/exceladvisor.org\/de\/wp-content\/uploads\/2023\/11\/exceladvisor.org_.png","width":105,"height":36,"caption":"Excel Advisor"},"image":{"@id":"https:\/\/exceladvisor.org\/de\/#\/schema\/logo\/image\/"}}]}},"yoast_meta":{"yoast_wpseo_title":"","yoast_wpseo_metadesc":"","yoast_wpseo_canonical":""},"_links":{"self":[{"href":"https:\/\/exceladvisor.org\/de\/wp-json\/wp\/v2\/pages\/3667","targetHints":{"allow":["GET"]}}],"collection":[{"href":"https:\/\/exceladvisor.org\/de\/wp-json\/wp\/v2\/pages"}],"about":[{"href":"https:\/\/exceladvisor.org\/de\/wp-json\/wp\/v2\/types\/page"}],"author":[{"embeddable":true,"href":"https:\/\/exceladvisor.org\/de\/wp-json\/wp\/v2\/users\/1"}],"replies":[{"embeddable":true,"href":"https:\/\/exceladvisor.org\/de\/wp-json\/wp\/v2\/comments?post=3667"}],"version-history":[{"count":1,"href":"https:\/\/exceladvisor.org\/de\/wp-json\/wp\/v2\/pages\/3667\/revisions"}],"predecessor-version":[{"id":3783,"href":"https:\/\/exceladvisor.org\/de\/wp-json\/wp\/v2\/pages\/3667\/revisions\/3783"}],"wp:attachment":[{"href":"https:\/\/exceladvisor.org\/de\/wp-json\/wp\/v2\/media?parent=3667"}],"curies":[{"name":"wp","href":"https:\/\/api.w.org\/{rel}","templated":true}]}}