{"id":3668,"date":"2023-09-26T04:30:35","date_gmt":"2023-09-26T04:30:35","guid":{"rendered":"https:\/\/exceladvisor.org\/de\/hinzufugen-gesamtsumme-loschen\/"},"modified":"2023-12-03T11:20:40","modified_gmt":"2023-12-03T11:20:40","slug":"hinzufugen-gesamtsumme-loschen","status":"publish","type":"page","link":"https:\/\/exceladvisor.org\/de\/hinzufugen-gesamtsumme-loschen\/","title":{"rendered":"Wie f\u00fcge ich eine summe in einer pivot-tabelle hinzu bzw. entferne sie?"},"content":{"rendered":"<div class=\"excel-vor-dem-inhalt\" id=\"excel-246005243\"><script type=\"text\/javascript\">\r\n\tatOptions = {\r\n\t\t'key' : 'c1158f160081d6540a8409e6925dab94',\r\n\t\t'format' : 'iframe',\r\n\t\t'height' : 250,\r\n\t\t'width' : 300,\r\n\t\t'params' : {}\r\n\t};\r\n<\/script>\r\n<script type=\"text\/javascript\" src=\"\/\/www.highperformanceformat.com\/c1158f160081d6540a8409e6925dab94\/invoke.js\"><\/script><\/div> <p>Gesamtsummen werden automatisch angezeigt, wenn Sie eine Pivot-Tabelle erstellen. Abh\u00e4ngig von Ihren Berichten finden Sie sie jedoch manchmal irrelevant oder weniger wichtig. Hier ist ein Beispiel. Wir haben einen Umsatzvergleich f\u00fcr zwei aufeinanderfolgende Jahre 2018 und 2019. <\/p><div class=\"wp-block-image\"><figure class=\"aligncenter size-large is-resized\"><img loading=\"lazy\" decoding=\"async\" class=\"wp-image-59094\" src=\"https:\/\/exceladvisor.org\/wp-content\/uploads\/2023\/08\/1-ajouter-supprimer-le-total-general-dans-le-tableau-croise-dynamique.png\" sizes=\"auto, \" srcset=\"\" alt=\"add-delete-total-large-in-pivot-table\" width=\"356\" height=\"214\"><\/figure><\/div><p> Das passiert, wenn wir eine Pivot-Tabelle erstellen. <\/p><div class=\"wp-block-image\"><figure class=\"aligncenter size-large is-resized\"><img loading=\"lazy\" decoding=\"async\" class=\"wp-image-59096\" src=\"https:\/\/exceladvisor.org\/wp-content\/uploads\/2023\/08\/2-creer-un-tableau-croise-dynamique.png\" sizes=\"auto, \" srcset=\"\" alt=\"Erstellen Sie eine Pivot-Tabelle\" width=\"604\" height=\"167\"><\/figure><\/div><p> Hier werden Sie feststellen, dass die Gesamtsummenspalte irrelevant ist oder mit anderen Worten beim Vergleich zweier aufeinanderfolgender Jahre keine Aussage trifft. F\u00fchren Sie die folgenden Schritte aus, um Gesamtsummen aus der Pivot-Tabelle zu entfernen.<\/p><ol><li> Klicken Sie zun\u00e4chst irgendwo auf die Pivot-Tabelle, um die Registerkarte \u201eDesign\u201c zu aktivieren. <br><img loading=\"lazy\" decoding=\"async\" title=\"3-Design-Registerkarte aktivieren\" src=\"https:\/\/exceladvisor.org\/wp-content\/uploads\/2023\/08\/3-activer-longlet-design.png\" sizes=\"auto, \" srcset=\"\" alt=\"activate-the-design-tab\" width=\"946\" height=\"182\"><\/li><li> Klicken Sie anschlie\u00dfend im Men\u00fcband auf die Registerkarte \u201eDesign\u201c und suchen Sie nach \u201eGesamtsummen\u201c. <br><img loading=\"lazy\" decoding=\"async\" title=\"4-Klick-auf-die-Design-Registerkarte\" src=\"https:\/\/exceladvisor.org\/wp-content\/uploads\/2023\/08\/4-cliquez-sur-longlet-conception.png\" sizes=\"auto, \" srcset=\"\" alt=\"click-on-the-design-tab\" width=\"230\" height=\"141\"><\/li><li> Hier finden Sie einige Optionen. <br><img loading=\"lazy\" decoding=\"async\" title=\"5-Optionen-Teilgesamtsumme\" src=\"https:\/\/exceladvisor.org\/wp-content\/uploads\/2023\/08\/5-options-sous-le-grand-total.png\" sizes=\"auto, \" srcset=\"\" alt=\"options-under-grand-total\" width=\"238\" height=\"278\"><\/li><li> Von hier aus k\u00f6nnen Sie die Option zum Hinzuf\u00fcgen oder Entfernen von Gesamtsummen ausw\u00e4hlen<ol><li> <strong data-rich-text-format-boundary=\"true\">F\u00fcr Zeilen und Spalten deaktiviert<\/strong> : Klicken Sie hier, um Gesamtsummen f\u00fcr Zeilen und Spalten zu entfernen.<\/li><li> <strong>F\u00fcr Zeilen und Spalten aktiviert<\/strong> : Wenn Sie Ihre Gesamtsummen ausgeblendet oder gel\u00f6scht haben, k\u00f6nnen Sie sie mit dieser Option wiederherstellen.<\/li><li> <strong>Nur f\u00fcr Zeilen aktiviert<\/strong> \u2013 Wenn Sie nur Gesamtsummen f\u00fcr Zeilen anzeigen m\u00f6chten.<\/li><li> <strong>Nur f\u00fcr Spalten aktiviert<\/strong> : Dadurch werden nur die Gesamtsummen f\u00fcr Ihre Spalten angezeigt. <\/li><\/ol><\/li><\/ol><div class=\"wp-block-group main-page-bottom is-layout-flow\"><div class=\"wp-block-group__inner-container\"><h2 class=\"wp-block-heading\"> Weitere PivotTable-Tutorials <\/h2><div class=\"wp-block-columns is-layout-flex wp-container-126\"><div class=\"wp-block-column is-layout-flow\"><ul><li> <a href=\"https:\/\/exceladvisor.org\/de\/kumulative-gesamt\/\">F\u00fcgen Sie einer Pivot-Tabelle eine laufende Summe hinzu<\/a><\/li><li> <a href=\"https:\/\/exceladvisor.org\/de\/automatischer-aktualisierungsbereich\/\">Aktualisieren Sie eine Pivot-Tabelle automatisch<\/a><\/li><li> <a href=\"https:\/\/exceladvisor.org\/de\/berechnung-in-der-pivot-tabelle\/\">Formeln in einer Pivot-Tabelle (berechnetes Feld und Element)<\/a><\/li><\/ul><\/div><div class=\"wp-block-column is-layout-flow\"><ul><li> <a href=\"https:\/\/exceladvisor.org\/de\/gruppentermine\/\">Gruppieren Sie Daten in einem Pivot in Excel<\/a><\/li><li> <a href=\"https:\/\/exceladvisor.org\/de\/bewegen-sie-den-pivot-tisch\/\">Verschieben Sie eine PivotTable in Excel<\/a><\/li><li> <a href=\"https:\/\/exceladvisor.org\/de\/layout\/\">PivotTables in Excel formatieren<\/a><\/li><\/ul><\/div><\/div><p> \u21e0 Zur\u00fcck zum <a href=\"https:\/\/exceladvisor.org\/de\/pivot-tisch\/\"><strong>Pivot-Table-Tutorial<\/strong><\/a> <\/p><\/div><\/div><div id=\"ub-content-toggle-732deb25-cb9e-4727-adf3-94ea88a5ffd3\" class=\"wp-block-ub-content-toggle myList\" data-mobilecollapse=\"false\" data-desktopcollapse=\"false\"><div class=\"wp-block-ub-content-toggle-panel wp-block-ub-content-toggle-accordion\" style=\"border-color: #f1f1f1;\"><div class=\"wp-block-ub-content-toggle-accordion-content-wrap\"><\/div><\/div><\/div>","protected":false},"excerpt":{"rendered":"","protected":false},"author":1,"featured_media":0,"parent":0,"menu_order":0,"comment_status":"open","ping_status":"closed","template":"","meta":{"ub_ctt_via":"","footnotes":""},"class_list":["post-3668","page","type-page","status-publish","hentry"],"featured_image_src":null,"yoast_head":"<!-- This site is optimized with the Yoast SEO plugin v25.4 - https:\/\/yoast.com\/wordpress\/plugins\/seo\/ -->\n<title>Eine Summe in einer Pivot-Tabelle hinzuf\u00fcgen\/entfernen<\/title>\n<meta name=\"description\" content=\"In diesem Tutorial erfahren Sie, wie Sie die Gesamtsumme einer Pivot-Tabelle hinzuf\u00fcgen oder entfernen, zusammen mit allen Optionen\" \/>\n<meta name=\"robots\" content=\"index, follow, max-snippet:-1, max-image-preview:large, max-video-preview:-1\" \/>\n<link rel=\"canonical\" href=\"https:\/\/exceladvisor.org\/de\/hinzufugen-gesamtsumme-loschen\/\" \/>\n<meta property=\"og:locale\" content=\"de_DE\" \/>\n<meta property=\"og:type\" content=\"article\" \/>\n<meta property=\"og:title\" content=\"Eine Summe in einer Pivot-Tabelle hinzuf\u00fcgen\/entfernen\" \/>\n<meta property=\"og:description\" content=\"In diesem Tutorial erfahren Sie, wie Sie die Gesamtsumme einer Pivot-Tabelle hinzuf\u00fcgen oder entfernen, zusammen mit allen Optionen\" \/>\n<meta property=\"og:url\" content=\"https:\/\/exceladvisor.org\/de\/hinzufugen-gesamtsumme-loschen\/\" \/>\n<meta property=\"og:site_name\" content=\"Excel Advisor\" \/>\n<meta property=\"article:modified_time\" content=\"2023-12-03T11:20:40+00:00\" \/>\n<meta property=\"og:image\" content=\"https:\/\/exceladvisor.org\/wp-content\/uploads\/2023\/08\/1-ajouter-supprimer-le-total-general-dans-le-tableau-croise-dynamique.png\" \/>\n<meta name=\"twitter:card\" content=\"summary_large_image\" \/>\n<meta name=\"twitter:label1\" content=\"Gesch\u00e4tzte Lesezeit\" \/>\n\t<meta name=\"twitter:data1\" content=\"1\u00a0Minute\" \/>\n<script type=\"application\/ld+json\" class=\"yoast-schema-graph\">{\"@context\":\"https:\/\/schema.org\",\"@graph\":[{\"@type\":\"WebPage\",\"@id\":\"https:\/\/exceladvisor.org\/de\/hinzufugen-gesamtsumme-loschen\/\",\"url\":\"https:\/\/exceladvisor.org\/de\/hinzufugen-gesamtsumme-loschen\/\",\"name\":\"Eine Summe in einer Pivot-Tabelle hinzuf\u00fcgen\/entfernen\",\"isPartOf\":{\"@id\":\"https:\/\/exceladvisor.org\/de\/#website\"},\"primaryImageOfPage\":{\"@id\":\"https:\/\/exceladvisor.org\/de\/hinzufugen-gesamtsumme-loschen\/#primaryimage\"},\"image\":{\"@id\":\"https:\/\/exceladvisor.org\/de\/hinzufugen-gesamtsumme-loschen\/#primaryimage\"},\"thumbnailUrl\":\"https:\/\/exceladvisor.org\/wp-content\/uploads\/2023\/08\/1-ajouter-supprimer-le-total-general-dans-le-tableau-croise-dynamique.png\",\"datePublished\":\"2023-09-26T04:30:35+00:00\",\"dateModified\":\"2023-12-03T11:20:40+00:00\",\"description\":\"In diesem Tutorial erfahren Sie, wie Sie die Gesamtsumme einer Pivot-Tabelle hinzuf\u00fcgen oder entfernen, zusammen mit allen Optionen\",\"breadcrumb\":{\"@id\":\"https:\/\/exceladvisor.org\/de\/hinzufugen-gesamtsumme-loschen\/#breadcrumb\"},\"inLanguage\":\"de\",\"potentialAction\":[{\"@type\":\"ReadAction\",\"target\":[\"https:\/\/exceladvisor.org\/de\/hinzufugen-gesamtsumme-loschen\/\"]}]},{\"@type\":\"ImageObject\",\"inLanguage\":\"de\",\"@id\":\"https:\/\/exceladvisor.org\/de\/hinzufugen-gesamtsumme-loschen\/#primaryimage\",\"url\":\"https:\/\/exceladvisor.org\/wp-content\/uploads\/2023\/08\/1-ajouter-supprimer-le-total-general-dans-le-tableau-croise-dynamique.png\",\"contentUrl\":\"https:\/\/exceladvisor.org\/wp-content\/uploads\/2023\/08\/1-ajouter-supprimer-le-total-general-dans-le-tableau-croise-dynamique.png\"},{\"@type\":\"BreadcrumbList\",\"@id\":\"https:\/\/exceladvisor.org\/de\/hinzufugen-gesamtsumme-loschen\/#breadcrumb\",\"itemListElement\":[{\"@type\":\"ListItem\",\"position\":1,\"name\":\"Accueil\",\"item\":\"https:\/\/exceladvisor.org\/de\/\"},{\"@type\":\"ListItem\",\"position\":2,\"name\":\"Wie f\u00fcge ich eine summe in einer pivot-tabelle hinzu bzw. entferne sie?\"}]},{\"@type\":\"WebSite\",\"@id\":\"https:\/\/exceladvisor.org\/de\/#website\",\"url\":\"https:\/\/exceladvisor.org\/de\/\",\"name\":\"Excel Advisor\",\"description\":\"Ihr Leitfaden zur Datendominanz\",\"publisher\":{\"@id\":\"https:\/\/exceladvisor.org\/de\/#organization\"},\"potentialAction\":[{\"@type\":\"SearchAction\",\"target\":{\"@type\":\"EntryPoint\",\"urlTemplate\":\"https:\/\/exceladvisor.org\/de\/?s={search_term_string}\"},\"query-input\":{\"@type\":\"PropertyValueSpecification\",\"valueRequired\":true,\"valueName\":\"search_term_string\"}}],\"inLanguage\":\"de\"},{\"@type\":\"Organization\",\"@id\":\"https:\/\/exceladvisor.org\/de\/#organization\",\"name\":\"Excel Advisor\",\"url\":\"https:\/\/exceladvisor.org\/de\/\",\"logo\":{\"@type\":\"ImageObject\",\"inLanguage\":\"de\",\"@id\":\"https:\/\/exceladvisor.org\/de\/#\/schema\/logo\/image\/\",\"url\":\"https:\/\/exceladvisor.org\/de\/wp-content\/uploads\/2023\/11\/exceladvisor.org_.png\",\"contentUrl\":\"https:\/\/exceladvisor.org\/de\/wp-content\/uploads\/2023\/11\/exceladvisor.org_.png\",\"width\":105,\"height\":36,\"caption\":\"Excel Advisor\"},\"image\":{\"@id\":\"https:\/\/exceladvisor.org\/de\/#\/schema\/logo\/image\/\"}}]}<\/script>\n<!-- \/ Yoast SEO plugin. -->","yoast_head_json":{"title":"Eine Summe in einer Pivot-Tabelle hinzuf\u00fcgen\/entfernen","description":"In diesem Tutorial erfahren Sie, wie Sie die Gesamtsumme einer Pivot-Tabelle hinzuf\u00fcgen oder entfernen, zusammen mit allen Optionen","robots":{"index":"index","follow":"follow","max-snippet":"max-snippet:-1","max-image-preview":"max-image-preview:large","max-video-preview":"max-video-preview:-1"},"canonical":"https:\/\/exceladvisor.org\/de\/hinzufugen-gesamtsumme-loschen\/","og_locale":"de_DE","og_type":"article","og_title":"Eine Summe in einer Pivot-Tabelle hinzuf\u00fcgen\/entfernen","og_description":"In diesem Tutorial erfahren Sie, wie Sie die Gesamtsumme einer Pivot-Tabelle hinzuf\u00fcgen oder entfernen, zusammen mit allen Optionen","og_url":"https:\/\/exceladvisor.org\/de\/hinzufugen-gesamtsumme-loschen\/","og_site_name":"Excel Advisor","article_modified_time":"2023-12-03T11:20:40+00:00","og_image":[{"url":"https:\/\/exceladvisor.org\/wp-content\/uploads\/2023\/08\/1-ajouter-supprimer-le-total-general-dans-le-tableau-croise-dynamique.png","type":"","width":"","height":""}],"twitter_card":"summary_large_image","twitter_misc":{"Gesch\u00e4tzte Lesezeit":"1\u00a0Minute"},"schema":{"@context":"https:\/\/schema.org","@graph":[{"@type":"WebPage","@id":"https:\/\/exceladvisor.org\/de\/hinzufugen-gesamtsumme-loschen\/","url":"https:\/\/exceladvisor.org\/de\/hinzufugen-gesamtsumme-loschen\/","name":"Eine Summe in einer Pivot-Tabelle hinzuf\u00fcgen\/entfernen","isPartOf":{"@id":"https:\/\/exceladvisor.org\/de\/#website"},"primaryImageOfPage":{"@id":"https:\/\/exceladvisor.org\/de\/hinzufugen-gesamtsumme-loschen\/#primaryimage"},"image":{"@id":"https:\/\/exceladvisor.org\/de\/hinzufugen-gesamtsumme-loschen\/#primaryimage"},"thumbnailUrl":"https:\/\/exceladvisor.org\/wp-content\/uploads\/2023\/08\/1-ajouter-supprimer-le-total-general-dans-le-tableau-croise-dynamique.png","datePublished":"2023-09-26T04:30:35+00:00","dateModified":"2023-12-03T11:20:40+00:00","description":"In diesem Tutorial erfahren Sie, wie Sie die Gesamtsumme einer Pivot-Tabelle hinzuf\u00fcgen oder entfernen, zusammen mit allen Optionen","breadcrumb":{"@id":"https:\/\/exceladvisor.org\/de\/hinzufugen-gesamtsumme-loschen\/#breadcrumb"},"inLanguage":"de","potentialAction":[{"@type":"ReadAction","target":["https:\/\/exceladvisor.org\/de\/hinzufugen-gesamtsumme-loschen\/"]}]},{"@type":"ImageObject","inLanguage":"de","@id":"https:\/\/exceladvisor.org\/de\/hinzufugen-gesamtsumme-loschen\/#primaryimage","url":"https:\/\/exceladvisor.org\/wp-content\/uploads\/2023\/08\/1-ajouter-supprimer-le-total-general-dans-le-tableau-croise-dynamique.png","contentUrl":"https:\/\/exceladvisor.org\/wp-content\/uploads\/2023\/08\/1-ajouter-supprimer-le-total-general-dans-le-tableau-croise-dynamique.png"},{"@type":"BreadcrumbList","@id":"https:\/\/exceladvisor.org\/de\/hinzufugen-gesamtsumme-loschen\/#breadcrumb","itemListElement":[{"@type":"ListItem","position":1,"name":"Accueil","item":"https:\/\/exceladvisor.org\/de\/"},{"@type":"ListItem","position":2,"name":"Wie f\u00fcge ich eine summe in einer pivot-tabelle hinzu bzw. entferne sie?"}]},{"@type":"WebSite","@id":"https:\/\/exceladvisor.org\/de\/#website","url":"https:\/\/exceladvisor.org\/de\/","name":"Excel Advisor","description":"Ihr Leitfaden zur Datendominanz","publisher":{"@id":"https:\/\/exceladvisor.org\/de\/#organization"},"potentialAction":[{"@type":"SearchAction","target":{"@type":"EntryPoint","urlTemplate":"https:\/\/exceladvisor.org\/de\/?s={search_term_string}"},"query-input":{"@type":"PropertyValueSpecification","valueRequired":true,"valueName":"search_term_string"}}],"inLanguage":"de"},{"@type":"Organization","@id":"https:\/\/exceladvisor.org\/de\/#organization","name":"Excel Advisor","url":"https:\/\/exceladvisor.org\/de\/","logo":{"@type":"ImageObject","inLanguage":"de","@id":"https:\/\/exceladvisor.org\/de\/#\/schema\/logo\/image\/","url":"https:\/\/exceladvisor.org\/de\/wp-content\/uploads\/2023\/11\/exceladvisor.org_.png","contentUrl":"https:\/\/exceladvisor.org\/de\/wp-content\/uploads\/2023\/11\/exceladvisor.org_.png","width":105,"height":36,"caption":"Excel Advisor"},"image":{"@id":"https:\/\/exceladvisor.org\/de\/#\/schema\/logo\/image\/"}}]}},"yoast_meta":{"yoast_wpseo_title":"","yoast_wpseo_metadesc":"","yoast_wpseo_canonical":""},"_links":{"self":[{"href":"https:\/\/exceladvisor.org\/de\/wp-json\/wp\/v2\/pages\/3668","targetHints":{"allow":["GET"]}}],"collection":[{"href":"https:\/\/exceladvisor.org\/de\/wp-json\/wp\/v2\/pages"}],"about":[{"href":"https:\/\/exceladvisor.org\/de\/wp-json\/wp\/v2\/types\/page"}],"author":[{"embeddable":true,"href":"https:\/\/exceladvisor.org\/de\/wp-json\/wp\/v2\/users\/1"}],"replies":[{"embeddable":true,"href":"https:\/\/exceladvisor.org\/de\/wp-json\/wp\/v2\/comments?post=3668"}],"version-history":[{"count":1,"href":"https:\/\/exceladvisor.org\/de\/wp-json\/wp\/v2\/pages\/3668\/revisions"}],"predecessor-version":[{"id":4020,"href":"https:\/\/exceladvisor.org\/de\/wp-json\/wp\/v2\/pages\/3668\/revisions\/4020"}],"wp:attachment":[{"href":"https:\/\/exceladvisor.org\/de\/wp-json\/wp\/v2\/media?parent=3668"}],"curies":[{"name":"wp","href":"https:\/\/api.w.org\/{rel}","templated":true}]}}