{"id":3669,"date":"2023-09-26T03:27:11","date_gmt":"2023-09-26T03:27:11","guid":{"rendered":"https:\/\/exceladvisor.org\/de\/im-zentrum-anordnen\/"},"modified":"2023-12-03T11:12:29","modified_gmt":"2023-12-03T11:12:29","slug":"im-zentrum-anordnen","status":"publish","type":"page","link":"https:\/\/exceladvisor.org\/de\/im-zentrum-anordnen\/","title":{"rendered":"Excel-verkn\u00fcpfung zum zentrieren von text"},"content":{"rendered":"<div class=\"excel-vor-dem-inhalt\" id=\"excel-2507743322\"><script type=\"text\/javascript\">\r\n\tatOptions = {\r\n\t\t'key' : 'c1158f160081d6540a8409e6925dab94',\r\n\t\t'format' : 'iframe',\r\n\t\t'height' : 250,\r\n\t\t'width' : 300,\r\n\t\t'params' : {}\r\n\t};\r\n<\/script>\r\n<script type=\"text\/javascript\" src=\"\/\/www.highperformanceformat.com\/c1158f160081d6540a8409e6925dab94\/invoke.js\"><\/script><\/div> <p>Benutzer geben den Wert in die Zellen ein, Excel richtet die Zahlen standardm\u00e4\u00dfig links von der Zelle und den Text rechts von der Zelle aus.<\/p><p> Excel bietet aber auch die M\u00f6glichkeit, die Ausrichtung des Zellenwerts rechts, links oder in der Mitte der Zelle anzupassen bzw. zu \u00e4ndern, sodass Benutzer die Position des Zellenwerts jederzeit nach ihrem Geschmack und Bedarf \u00e4ndern k\u00f6nnen.<\/p><p> In diesem Tutorial haben wir erkl\u00e4rt, wie man Werte mithilfe einer Tastenkombination zentriert ausrichtet.<\/p><h2 class=\"wp-block-heading\"> Tastenkombination zum Ausrichten der Mitte in Excel<\/h2><p> <kbd>Alt<\/kbd> \u2192 <kbd>H<\/kbd> \u2192 <kbd>A<\/kbd> \u2192 <kbd>C<\/kbd> <\/p><div class=\"wp-block-image\"><figure class=\"aligncenter size-full is-resized\"><img loading=\"lazy\" decoding=\"async\" class=\"wp-image-70414\" src=\"https:\/\/exceladvisor.org\/wp-content\/uploads\/2023\/08\/1-raccourci-pour-aligner-le-centre1.png\" sizes=\"auto, \" srcset=\"\" alt=\"Verkn\u00fcpfung zum Ausrichtungszentrum\" width=\"769\" height=\"301\"><\/figure><\/div><h2 class=\"wp-block-heading\"> Schritte zum Ausrichten der Mitte mithilfe einer Tastenkombination<\/h2><ol><li> Navigieren Sie zun\u00e4chst zu der Zelle oder w\u00e4hlen Sie den Zellbereich aus, in dem Sie den Wert zentrieren m\u00f6chten. <br><img decoding=\"async\" title=\"2-Zellen ausw\u00e4hlen\" src=\"https:\/\/exceladvisor.org\/wp-content\/uploads\/2023\/08\/2-cellules-selectionnees.png\" sizes=\"\" srcset=\"\" alt=\"select-cells\"><\/li><li> Dr\u00fccken Sie nun einfach der Reihe nach Alt \u2192 H \u2192 A \u2192 C und Sie erhalten den mittig ausgerichteten Wert. <br><img decoding=\"async\" title=\"3-zentrierter Text\" src=\"https:\/\/exceladvisor.org\/wp-content\/uploads\/2023\/08\/3-texte-aligne-au-centre.png\" sizes=\"\" srcset=\"\" alt=\"text-aligned-to-center\"><\/li><\/ol><div class=\"gb-container gb-container-2116538e gb-container-mt\"><h2 class=\"gb-headline gb-headline-7ed68554 gb-headline-text gb-headline-mt-heading\"> Weitere Verkn\u00fcpfungen <\/h2><div class=\"gb-grid-wrapper gb-grid-wrapper-edeef538 gb-grid-wrapper-mt-grid\"><div class=\"gb-grid-column gb-grid-column-6ab6fbc6\"><div class=\"gb-container gb-container-6ab6fbc6\"><ul><li> <a href=\"https:\/\/exceladvisor.org\/de\/takt-1\/\">Stange<\/a><\/li><li> <a href=\"https:\/\/exceladvisor.org\/de\/index-2\/\">Hinweis<\/a><\/li><li> <a href=\"https:\/\/exceladvisor.org\/de\/exponent\/\">Aussteller<\/a><\/li><li> <a href=\"https:\/\/exceladvisor.org\/de\/hakchen-1\/\">H\u00e4kchen<\/a> <\/li><\/ul><\/div><\/div><div class=\"gb-grid-column gb-grid-column-766d598b\"><div class=\"gb-container gb-container-766d598b\"><ul><li> <a href=\"https:\/\/exceladvisor.org\/de\/wahrungsformat\/\">W\u00e4hrungsformat anwenden<\/a><\/li><li> <a href=\"https:\/\/exceladvisor.org\/de\/prozentformat\/\">Formatprozentsatz<\/a><\/li><li> <a href=\"https:\/\/exceladvisor.org\/de\/datumsformat\/\">Datumsformat anwenden<\/a><\/li><li> <a href=\"https:\/\/exceladvisor.org\/de\/zeitformat\/\">Zeitformat anwenden<\/a><\/li><\/ul><\/div><\/div><\/div><\/div>","protected":false},"excerpt":{"rendered":"","protected":false},"author":1,"featured_media":0,"parent":0,"menu_order":0,"comment_status":"open","ping_status":"closed","template":"","meta":{"ub_ctt_via":"","footnotes":""},"class_list":["post-3669","page","type-page","status-publish","hentry"],"featured_image_src":null,"yoast_head":"<!-- This site is optimized with the Yoast SEO plugin v25.4 - https:\/\/yoast.com\/wordpress\/plugins\/seo\/ -->\n<title>\u25b7 Excel-Verkn\u00fcpfung zum Zentrieren von Text (Neueste Version 2023)<\/title>\n<meta name=\"description\" content=\"In diesem Tutorial erfahren Sie, wie Sie mithilfe einer Tastenkombination die Ausrichtung in Excel zentrieren und alle zugeh\u00f6rigen Informationen erhalten\" \/>\n<meta name=\"robots\" content=\"index, follow, max-snippet:-1, max-image-preview:large, max-video-preview:-1\" \/>\n<link rel=\"canonical\" href=\"https:\/\/exceladvisor.org\/de\/im-zentrum-anordnen\/\" \/>\n<meta property=\"og:locale\" content=\"de_DE\" \/>\n<meta property=\"og:type\" content=\"article\" \/>\n<meta property=\"og:title\" content=\"\u25b7 Excel-Verkn\u00fcpfung zum Zentrieren von Text (Neueste Version 2023)\" \/>\n<meta property=\"og:description\" content=\"In diesem Tutorial erfahren Sie, wie Sie mithilfe einer Tastenkombination die Ausrichtung in Excel zentrieren und alle zugeh\u00f6rigen Informationen erhalten\" \/>\n<meta property=\"og:url\" content=\"https:\/\/exceladvisor.org\/de\/im-zentrum-anordnen\/\" \/>\n<meta property=\"og:site_name\" content=\"Excel Advisor\" \/>\n<meta property=\"article:modified_time\" content=\"2023-12-03T11:12:29+00:00\" \/>\n<meta property=\"og:image\" content=\"https:\/\/exceladvisor.org\/wp-content\/uploads\/2023\/08\/1-raccourci-pour-aligner-le-centre1.png\" \/>\n<meta name=\"twitter:card\" content=\"summary_large_image\" \/>\n<meta name=\"twitter:label1\" content=\"Gesch\u00e4tzte Lesezeit\" \/>\n\t<meta name=\"twitter:data1\" content=\"1\u00a0Minute\" \/>\n<script type=\"application\/ld+json\" class=\"yoast-schema-graph\">{\"@context\":\"https:\/\/schema.org\",\"@graph\":[{\"@type\":\"WebPage\",\"@id\":\"https:\/\/exceladvisor.org\/de\/im-zentrum-anordnen\/\",\"url\":\"https:\/\/exceladvisor.org\/de\/im-zentrum-anordnen\/\",\"name\":\"\u25b7 Excel-Verkn\u00fcpfung zum Zentrieren von Text (Neueste Version 2023)\",\"isPartOf\":{\"@id\":\"https:\/\/exceladvisor.org\/de\/#website\"},\"primaryImageOfPage\":{\"@id\":\"https:\/\/exceladvisor.org\/de\/im-zentrum-anordnen\/#primaryimage\"},\"image\":{\"@id\":\"https:\/\/exceladvisor.org\/de\/im-zentrum-anordnen\/#primaryimage\"},\"thumbnailUrl\":\"https:\/\/exceladvisor.org\/wp-content\/uploads\/2023\/08\/1-raccourci-pour-aligner-le-centre1.png\",\"datePublished\":\"2023-09-26T03:27:11+00:00\",\"dateModified\":\"2023-12-03T11:12:29+00:00\",\"description\":\"In diesem Tutorial erfahren Sie, wie Sie mithilfe einer Tastenkombination die Ausrichtung in Excel zentrieren und alle zugeh\u00f6rigen Informationen erhalten\",\"breadcrumb\":{\"@id\":\"https:\/\/exceladvisor.org\/de\/im-zentrum-anordnen\/#breadcrumb\"},\"inLanguage\":\"de\",\"potentialAction\":[{\"@type\":\"ReadAction\",\"target\":[\"https:\/\/exceladvisor.org\/de\/im-zentrum-anordnen\/\"]}]},{\"@type\":\"ImageObject\",\"inLanguage\":\"de\",\"@id\":\"https:\/\/exceladvisor.org\/de\/im-zentrum-anordnen\/#primaryimage\",\"url\":\"https:\/\/exceladvisor.org\/wp-content\/uploads\/2023\/08\/1-raccourci-pour-aligner-le-centre1.png\",\"contentUrl\":\"https:\/\/exceladvisor.org\/wp-content\/uploads\/2023\/08\/1-raccourci-pour-aligner-le-centre1.png\"},{\"@type\":\"BreadcrumbList\",\"@id\":\"https:\/\/exceladvisor.org\/de\/im-zentrum-anordnen\/#breadcrumb\",\"itemListElement\":[{\"@type\":\"ListItem\",\"position\":1,\"name\":\"Accueil\",\"item\":\"https:\/\/exceladvisor.org\/de\/\"},{\"@type\":\"ListItem\",\"position\":2,\"name\":\"Excel-verkn\u00fcpfung zum zentrieren von text\"}]},{\"@type\":\"WebSite\",\"@id\":\"https:\/\/exceladvisor.org\/de\/#website\",\"url\":\"https:\/\/exceladvisor.org\/de\/\",\"name\":\"Excel Advisor\",\"description\":\"Ihr Leitfaden zur Datendominanz\",\"publisher\":{\"@id\":\"https:\/\/exceladvisor.org\/de\/#organization\"},\"potentialAction\":[{\"@type\":\"SearchAction\",\"target\":{\"@type\":\"EntryPoint\",\"urlTemplate\":\"https:\/\/exceladvisor.org\/de\/?s={search_term_string}\"},\"query-input\":{\"@type\":\"PropertyValueSpecification\",\"valueRequired\":true,\"valueName\":\"search_term_string\"}}],\"inLanguage\":\"de\"},{\"@type\":\"Organization\",\"@id\":\"https:\/\/exceladvisor.org\/de\/#organization\",\"name\":\"Excel Advisor\",\"url\":\"https:\/\/exceladvisor.org\/de\/\",\"logo\":{\"@type\":\"ImageObject\",\"inLanguage\":\"de\",\"@id\":\"https:\/\/exceladvisor.org\/de\/#\/schema\/logo\/image\/\",\"url\":\"https:\/\/exceladvisor.org\/de\/wp-content\/uploads\/2023\/11\/exceladvisor.org_.png\",\"contentUrl\":\"https:\/\/exceladvisor.org\/de\/wp-content\/uploads\/2023\/11\/exceladvisor.org_.png\",\"width\":105,\"height\":36,\"caption\":\"Excel Advisor\"},\"image\":{\"@id\":\"https:\/\/exceladvisor.org\/de\/#\/schema\/logo\/image\/\"}}]}<\/script>\n<!-- \/ Yoast SEO plugin. -->","yoast_head_json":{"title":"\u25b7 Excel-Verkn\u00fcpfung zum Zentrieren von Text (Neueste Version 2023)","description":"In diesem Tutorial erfahren Sie, wie Sie mithilfe einer Tastenkombination die Ausrichtung in Excel zentrieren und alle zugeh\u00f6rigen Informationen erhalten","robots":{"index":"index","follow":"follow","max-snippet":"max-snippet:-1","max-image-preview":"max-image-preview:large","max-video-preview":"max-video-preview:-1"},"canonical":"https:\/\/exceladvisor.org\/de\/im-zentrum-anordnen\/","og_locale":"de_DE","og_type":"article","og_title":"\u25b7 Excel-Verkn\u00fcpfung zum Zentrieren von Text (Neueste Version 2023)","og_description":"In diesem Tutorial erfahren Sie, wie Sie mithilfe einer Tastenkombination die Ausrichtung in Excel zentrieren und alle zugeh\u00f6rigen Informationen erhalten","og_url":"https:\/\/exceladvisor.org\/de\/im-zentrum-anordnen\/","og_site_name":"Excel Advisor","article_modified_time":"2023-12-03T11:12:29+00:00","og_image":[{"url":"https:\/\/exceladvisor.org\/wp-content\/uploads\/2023\/08\/1-raccourci-pour-aligner-le-centre1.png","type":"","width":"","height":""}],"twitter_card":"summary_large_image","twitter_misc":{"Gesch\u00e4tzte Lesezeit":"1\u00a0Minute"},"schema":{"@context":"https:\/\/schema.org","@graph":[{"@type":"WebPage","@id":"https:\/\/exceladvisor.org\/de\/im-zentrum-anordnen\/","url":"https:\/\/exceladvisor.org\/de\/im-zentrum-anordnen\/","name":"\u25b7 Excel-Verkn\u00fcpfung zum Zentrieren von Text (Neueste Version 2023)","isPartOf":{"@id":"https:\/\/exceladvisor.org\/de\/#website"},"primaryImageOfPage":{"@id":"https:\/\/exceladvisor.org\/de\/im-zentrum-anordnen\/#primaryimage"},"image":{"@id":"https:\/\/exceladvisor.org\/de\/im-zentrum-anordnen\/#primaryimage"},"thumbnailUrl":"https:\/\/exceladvisor.org\/wp-content\/uploads\/2023\/08\/1-raccourci-pour-aligner-le-centre1.png","datePublished":"2023-09-26T03:27:11+00:00","dateModified":"2023-12-03T11:12:29+00:00","description":"In diesem Tutorial erfahren Sie, wie Sie mithilfe einer Tastenkombination die Ausrichtung in Excel zentrieren und alle zugeh\u00f6rigen Informationen erhalten","breadcrumb":{"@id":"https:\/\/exceladvisor.org\/de\/im-zentrum-anordnen\/#breadcrumb"},"inLanguage":"de","potentialAction":[{"@type":"ReadAction","target":["https:\/\/exceladvisor.org\/de\/im-zentrum-anordnen\/"]}]},{"@type":"ImageObject","inLanguage":"de","@id":"https:\/\/exceladvisor.org\/de\/im-zentrum-anordnen\/#primaryimage","url":"https:\/\/exceladvisor.org\/wp-content\/uploads\/2023\/08\/1-raccourci-pour-aligner-le-centre1.png","contentUrl":"https:\/\/exceladvisor.org\/wp-content\/uploads\/2023\/08\/1-raccourci-pour-aligner-le-centre1.png"},{"@type":"BreadcrumbList","@id":"https:\/\/exceladvisor.org\/de\/im-zentrum-anordnen\/#breadcrumb","itemListElement":[{"@type":"ListItem","position":1,"name":"Accueil","item":"https:\/\/exceladvisor.org\/de\/"},{"@type":"ListItem","position":2,"name":"Excel-verkn\u00fcpfung zum zentrieren von text"}]},{"@type":"WebSite","@id":"https:\/\/exceladvisor.org\/de\/#website","url":"https:\/\/exceladvisor.org\/de\/","name":"Excel Advisor","description":"Ihr Leitfaden zur Datendominanz","publisher":{"@id":"https:\/\/exceladvisor.org\/de\/#organization"},"potentialAction":[{"@type":"SearchAction","target":{"@type":"EntryPoint","urlTemplate":"https:\/\/exceladvisor.org\/de\/?s={search_term_string}"},"query-input":{"@type":"PropertyValueSpecification","valueRequired":true,"valueName":"search_term_string"}}],"inLanguage":"de"},{"@type":"Organization","@id":"https:\/\/exceladvisor.org\/de\/#organization","name":"Excel Advisor","url":"https:\/\/exceladvisor.org\/de\/","logo":{"@type":"ImageObject","inLanguage":"de","@id":"https:\/\/exceladvisor.org\/de\/#\/schema\/logo\/image\/","url":"https:\/\/exceladvisor.org\/de\/wp-content\/uploads\/2023\/11\/exceladvisor.org_.png","contentUrl":"https:\/\/exceladvisor.org\/de\/wp-content\/uploads\/2023\/11\/exceladvisor.org_.png","width":105,"height":36,"caption":"Excel Advisor"},"image":{"@id":"https:\/\/exceladvisor.org\/de\/#\/schema\/logo\/image\/"}}]}},"yoast_meta":{"yoast_wpseo_title":"","yoast_wpseo_metadesc":"","yoast_wpseo_canonical":""},"_links":{"self":[{"href":"https:\/\/exceladvisor.org\/de\/wp-json\/wp\/v2\/pages\/3669","targetHints":{"allow":["GET"]}}],"collection":[{"href":"https:\/\/exceladvisor.org\/de\/wp-json\/wp\/v2\/pages"}],"about":[{"href":"https:\/\/exceladvisor.org\/de\/wp-json\/wp\/v2\/types\/page"}],"author":[{"embeddable":true,"href":"https:\/\/exceladvisor.org\/de\/wp-json\/wp\/v2\/users\/1"}],"replies":[{"embeddable":true,"href":"https:\/\/exceladvisor.org\/de\/wp-json\/wp\/v2\/comments?post=3669"}],"version-history":[{"count":1,"href":"https:\/\/exceladvisor.org\/de\/wp-json\/wp\/v2\/pages\/3669\/revisions"}],"predecessor-version":[{"id":3762,"href":"https:\/\/exceladvisor.org\/de\/wp-json\/wp\/v2\/pages\/3669\/revisions\/3762"}],"wp:attachment":[{"href":"https:\/\/exceladvisor.org\/de\/wp-json\/wp\/v2\/media?parent=3669"}],"curies":[{"name":"wp","href":"https:\/\/api.w.org\/{rel}","templated":true}]}}