{"id":3670,"date":"2023-09-26T01:59:07","date_gmt":"2023-09-26T01:59:07","guid":{"rendered":"https:\/\/exceladvisor.org\/de\/hineinzoomen-herauszoomen\/"},"modified":"2023-12-03T11:22:14","modified_gmt":"2023-12-03T11:22:14","slug":"hineinzoomen-herauszoomen","status":"publish","type":"page","link":"https:\/\/exceladvisor.org\/de\/hineinzoomen-herauszoomen\/","title":{"rendered":"Wie kann man in excel hinein- oder herauszoomen?"},"content":{"rendered":"<div class=\"excel-vor-dem-inhalt\" id=\"excel-3996169717\"><script type=\"text\/javascript\">\r\n\tatOptions = {\r\n\t\t'key' : 'c1158f160081d6540a8409e6925dab94',\r\n\t\t'format' : 'iframe',\r\n\t\t'height' : 250,\r\n\t\t'width' : 300,\r\n\t\t'params' : {}\r\n\t};\r\n<\/script>\r\n<script type=\"text\/javascript\" src=\"\/\/www.highperformanceformat.com\/c1158f160081d6540a8409e6925dab94\/invoke.js\"><\/script><\/div> <p>Wie andere Microsoft Office-Anwendungen verf\u00fcgt auch Excel \u00fcber die Funktion zum Vergr\u00f6\u00dfern und Verkleinern des Arbeitsblatts. Excel erm\u00f6glicht ein maximales Vergr\u00f6\u00dfern bis zu 400 % und ein Verkleinern bis zu 10 %, was bedeutet, dass der Benutzer das Arbeitsblatt bis zu einem maximalen Wert von 400 % vergr\u00f6\u00dfern und bis zu 10 % verkleinern kann.<\/p><p> \u00c4hnlich wie andere Funktionen in Excel kann die Funktion zum Vergr\u00f6\u00dfern und Verkleinern manuell oder \u00fcber die Tastenkombination verwendet werden.<\/p><h2 class=\"wp-block-heading\"> Tastenkombination zum Zoomen \u2013 Verkleinern in Excel<\/h2><p> Hier haben wir zwei Tastenkombinationen zum Vergr\u00f6\u00dfern und Verkleinern des Arbeitsblatts bereitgestellt, wie unten erw\u00e4hnt: <\/p><div class=\"wp-block-image\"><figure class=\"aligncenter size-full is-resized\"><img loading=\"lazy\" decoding=\"async\" class=\"wp-image-69507\" src=\"https:\/\/exceladvisor.org\/wp-content\/uploads\/2023\/08\/1-raccourci-clavier-pour-zoomer.png\" sizes=\"auto, \" srcset=\"\" alt=\"Tastaturk\u00fcrzel zum Zoomen\" width=\"819\" height=\"321\"><\/figure><\/div><p> <kbd>Strg<\/kbd> + <kbd>Alt<\/kbd> + <kbd>+<\/kbd> Zum Zoomen <\/p><div class=\"wp-block-image\"><figure class=\"aligncenter size-full is-resized\"><img loading=\"lazy\" decoding=\"async\" class=\"wp-image-69508\" src=\"https:\/\/exceladvisor.org\/wp-content\/uploads\/2023\/08\/2-raccourcis-clavier-pour-effectuer-un-zoom-arriere.png\" sizes=\"auto, \" srcset=\"\" alt=\"Tastaturk\u00fcrzel zum Zoomen\" width=\"818\" height=\"321\"><\/figure><\/div><p> <kbd>Strg<\/kbd> + <kbd>Alt<\/kbd> + <kbd>\u2013<\/kbd> Zum Verkleinern <\/p><div class=\"wp-block-image\"><figure class=\"aligncenter size-full is-resized\"><img loading=\"lazy\" decoding=\"async\" class=\"wp-image-69509\" src=\"https:\/\/exceladvisor.org\/wp-content\/uploads\/2023\/08\/3-touches-de-raccourci-pour-zoomer-et-dezoomer.png\" sizes=\"auto, \" srcset=\"\" alt=\"Hotkeys zum Vergr\u00f6\u00dfern und Verkleinern\" width=\"820\" height=\"322\"><\/figure><\/div><p> <kbd>Alt<\/kbd> \u2192 <kbd>V<\/kbd> \u2192 <kbd>Z<\/kbd><\/p><h2 class=\"wp-block-heading\"> Schritte zum Vergr\u00f6\u00dfern \u2013 Verkleinern mit einer Tastenkombination<\/h2><ol><li> \u00d6ffnen Sie zun\u00e4chst die Tabelle, die Sie vergr\u00f6\u00dfern oder verkleinern m\u00f6chten.<\/li><li> Halten Sie anschlie\u00dfend die Tasten \u201eStrg + Alt\u201c gedr\u00fcckt und dr\u00fccken Sie dann das Pluszeichen \u201e+\u201c oder das Minuszeichen \u201e\u2013\u201c, um hinein- bzw. herauszuzoomen.<\/li><li> Oder dr\u00fccken Sie nacheinander die Tasten \u201eAlt \u2192 V \u2192 Z\u201c, um das Dialogfeld \u201eZoom\u201c zu \u00f6ffnen.<\/li><li> W\u00e4hlen Sie nun die voreingestellte Option zum Vergr\u00f6\u00dfern oder w\u00e4hlen Sie \u201eBenutzerdefiniert\u201c, um je nach Bedarf mit den Auf- und Ab-Pfeiltasten auf der Tastatur hinein- oder herauszuzoomen, und dr\u00fccken Sie dann \u201eEnter\u201c. <\/li><\/ol><div class=\"wp-block-image\"><figure class=\"aligncenter size-full is-resized\"><img loading=\"lazy\" decoding=\"async\" class=\"wp-image-69510\" src=\"https:\/\/exceladvisor.org\/wp-content\/uploads\/2023\/08\/4-boite-de-dialogue-de-zoom.png\" sizes=\"auto, \" srcset=\"\" alt=\"Zoom-Dialog\" width=\"233\" height=\"326\"><\/figure><\/div><h2 class=\"wp-block-heading\"> Imbissbuden<\/h2><ul><li> Wenn Sie das aktuelle Arbeitsblatt vergr\u00f6\u00dfern oder verkleinern, vergr\u00f6\u00dfert Excel nur dieses Arbeitsblatt und andere Arbeitsbl\u00e4tter in dieser Arbeitsmappe bleiben unver\u00e4ndert.<\/li><li> Um mehrere Arbeitsbl\u00e4tter gleichzeitig zu vergr\u00f6\u00dfern oder zu verkleinern, w\u00e4hlen Sie alle Bl\u00e4tter (Registerkarten) aus und verwenden Sie dann die Tastenkombinationen zum Vergr\u00f6\u00dfern oder Verkleinern.<\/li><li> Wenn Sie eine Tastatur mit Zifferntasten haben, funktioniert die \u2013 Minus-Taste der oberen Tasten manchmal nicht richtig. Daher ist es besser, die + Plus- und \u2013 Minus-Tasten der Zifferntasten zu verwenden. <\/li><\/ul><div class=\"wp-block-group more-tutorials is-layout-flow\"><div class=\"wp-block-group__inner-container\"><h2 class=\"wp-block-heading\"> Weitere Tutorials <\/h2><div class=\"wp-block-columns is-layout-flex wp-container-27\"><div class=\"wp-block-column is-layout-flow\"><ul><li> <a href=\"https:\/\/exceladvisor.org\/de\/ein-neues-blatt-hinzufugen\/\">F\u00fcgen Sie ein neues Blatt hinzu<\/a><\/li><li> <a href=\"https:\/\/exceladvisor.org\/de\/ein-blatt-loschen\/\">Blatt l\u00f6schen<\/a><\/li><li> <a href=\"https:\/\/exceladvisor.org\/de\/finde-ersetzen-1\/\">Suchen und Ersetzen<\/a><\/li><li> <a href=\"https:\/\/exceladvisor.org\/de\/den-verschluss-einfrieren\/\">Die Pfanne einfrieren<\/a><\/li><li> <a href=\"https:\/\/exceladvisor.org\/de\/hyperlink-2\/\">Hyperlink<\/a><\/li><\/ul><\/div><div class=\"wp-block-column is-layout-flow\"><\/div><\/div><p> \u21e0 Zur\u00fcck zu <a href=\"https:\/\/exceladvisor.org\/de\/tastaturkurzel\/\">Excel-Verkn\u00fcpfungen (PDF-Spickzettel)<\/a><\/p><\/div><\/div>","protected":false},"excerpt":{"rendered":"","protected":false},"author":1,"featured_media":0,"parent":0,"menu_order":0,"comment_status":"open","ping_status":"closed","template":"","meta":{"ub_ctt_via":"","footnotes":""},"class_list":["post-3670","page","type-page","status-publish","hentry"],"featured_image_src":null,"yoast_head":"<!-- This site is optimized with the Yoast SEO plugin v25.4 - https:\/\/yoast.com\/wordpress\/plugins\/seo\/ -->\n<title>\u25b7 Wie kann man hinein- oder herauszoomen? (Excel 2023-Verkn\u00fcpfung)<\/title>\n<meta name=\"description\" content=\"In diesem Tutorial erfahren Sie, wie Sie eine Tastenkombination zum Vergr\u00f6\u00dfern bzw. Verkleinern in Excel verwenden. Nun diese Tastenkombination\" \/>\n<meta name=\"robots\" content=\"index, follow, max-snippet:-1, max-image-preview:large, max-video-preview:-1\" \/>\n<link rel=\"canonical\" href=\"https:\/\/exceladvisor.org\/de\/hineinzoomen-herauszoomen\/\" \/>\n<meta property=\"og:locale\" content=\"de_DE\" \/>\n<meta property=\"og:type\" content=\"article\" \/>\n<meta property=\"og:title\" content=\"\u25b7 Wie kann man hinein- oder herauszoomen? (Excel 2023-Verkn\u00fcpfung)\" \/>\n<meta property=\"og:description\" content=\"In diesem Tutorial erfahren Sie, wie Sie eine Tastenkombination zum Vergr\u00f6\u00dfern bzw. Verkleinern in Excel verwenden. Nun diese Tastenkombination\" \/>\n<meta property=\"og:url\" content=\"https:\/\/exceladvisor.org\/de\/hineinzoomen-herauszoomen\/\" \/>\n<meta property=\"og:site_name\" content=\"Excel Advisor\" \/>\n<meta property=\"article:modified_time\" content=\"2023-12-03T11:22:14+00:00\" \/>\n<meta property=\"og:image\" content=\"https:\/\/exceladvisor.org\/wp-content\/uploads\/2023\/08\/1-raccourci-clavier-pour-zoomer.png\" \/>\n<meta name=\"twitter:card\" content=\"summary_large_image\" \/>\n<meta name=\"twitter:label1\" content=\"Gesch\u00e4tzte Lesezeit\" \/>\n\t<meta name=\"twitter:data1\" content=\"2\u00a0Minuten\" \/>\n<script type=\"application\/ld+json\" class=\"yoast-schema-graph\">{\"@context\":\"https:\/\/schema.org\",\"@graph\":[{\"@type\":\"WebPage\",\"@id\":\"https:\/\/exceladvisor.org\/de\/hineinzoomen-herauszoomen\/\",\"url\":\"https:\/\/exceladvisor.org\/de\/hineinzoomen-herauszoomen\/\",\"name\":\"\u25b7 Wie kann man hinein- oder herauszoomen? (Excel 2023-Verkn\u00fcpfung)\",\"isPartOf\":{\"@id\":\"https:\/\/exceladvisor.org\/de\/#website\"},\"primaryImageOfPage\":{\"@id\":\"https:\/\/exceladvisor.org\/de\/hineinzoomen-herauszoomen\/#primaryimage\"},\"image\":{\"@id\":\"https:\/\/exceladvisor.org\/de\/hineinzoomen-herauszoomen\/#primaryimage\"},\"thumbnailUrl\":\"https:\/\/exceladvisor.org\/wp-content\/uploads\/2023\/08\/1-raccourci-clavier-pour-zoomer.png\",\"datePublished\":\"2023-09-26T01:59:07+00:00\",\"dateModified\":\"2023-12-03T11:22:14+00:00\",\"description\":\"In diesem Tutorial erfahren Sie, wie Sie eine Tastenkombination zum Vergr\u00f6\u00dfern bzw. Verkleinern in Excel verwenden. Nun diese Tastenkombination\",\"breadcrumb\":{\"@id\":\"https:\/\/exceladvisor.org\/de\/hineinzoomen-herauszoomen\/#breadcrumb\"},\"inLanguage\":\"de\",\"potentialAction\":[{\"@type\":\"ReadAction\",\"target\":[\"https:\/\/exceladvisor.org\/de\/hineinzoomen-herauszoomen\/\"]}]},{\"@type\":\"ImageObject\",\"inLanguage\":\"de\",\"@id\":\"https:\/\/exceladvisor.org\/de\/hineinzoomen-herauszoomen\/#primaryimage\",\"url\":\"https:\/\/exceladvisor.org\/wp-content\/uploads\/2023\/08\/1-raccourci-clavier-pour-zoomer.png\",\"contentUrl\":\"https:\/\/exceladvisor.org\/wp-content\/uploads\/2023\/08\/1-raccourci-clavier-pour-zoomer.png\"},{\"@type\":\"BreadcrumbList\",\"@id\":\"https:\/\/exceladvisor.org\/de\/hineinzoomen-herauszoomen\/#breadcrumb\",\"itemListElement\":[{\"@type\":\"ListItem\",\"position\":1,\"name\":\"Accueil\",\"item\":\"https:\/\/exceladvisor.org\/de\/\"},{\"@type\":\"ListItem\",\"position\":2,\"name\":\"Wie kann man in excel hinein- oder herauszoomen?\"}]},{\"@type\":\"WebSite\",\"@id\":\"https:\/\/exceladvisor.org\/de\/#website\",\"url\":\"https:\/\/exceladvisor.org\/de\/\",\"name\":\"Excel Advisor\",\"description\":\"Ihr Leitfaden zur Datendominanz\",\"publisher\":{\"@id\":\"https:\/\/exceladvisor.org\/de\/#organization\"},\"potentialAction\":[{\"@type\":\"SearchAction\",\"target\":{\"@type\":\"EntryPoint\",\"urlTemplate\":\"https:\/\/exceladvisor.org\/de\/?s={search_term_string}\"},\"query-input\":{\"@type\":\"PropertyValueSpecification\",\"valueRequired\":true,\"valueName\":\"search_term_string\"}}],\"inLanguage\":\"de\"},{\"@type\":\"Organization\",\"@id\":\"https:\/\/exceladvisor.org\/de\/#organization\",\"name\":\"Excel Advisor\",\"url\":\"https:\/\/exceladvisor.org\/de\/\",\"logo\":{\"@type\":\"ImageObject\",\"inLanguage\":\"de\",\"@id\":\"https:\/\/exceladvisor.org\/de\/#\/schema\/logo\/image\/\",\"url\":\"https:\/\/exceladvisor.org\/de\/wp-content\/uploads\/2023\/11\/exceladvisor.org_.png\",\"contentUrl\":\"https:\/\/exceladvisor.org\/de\/wp-content\/uploads\/2023\/11\/exceladvisor.org_.png\",\"width\":105,\"height\":36,\"caption\":\"Excel Advisor\"},\"image\":{\"@id\":\"https:\/\/exceladvisor.org\/de\/#\/schema\/logo\/image\/\"}}]}<\/script>\n<!-- \/ Yoast SEO plugin. -->","yoast_head_json":{"title":"\u25b7 Wie kann man hinein- oder herauszoomen? (Excel 2023-Verkn\u00fcpfung)","description":"In diesem Tutorial erfahren Sie, wie Sie eine Tastenkombination zum Vergr\u00f6\u00dfern bzw. Verkleinern in Excel verwenden. Nun diese Tastenkombination","robots":{"index":"index","follow":"follow","max-snippet":"max-snippet:-1","max-image-preview":"max-image-preview:large","max-video-preview":"max-video-preview:-1"},"canonical":"https:\/\/exceladvisor.org\/de\/hineinzoomen-herauszoomen\/","og_locale":"de_DE","og_type":"article","og_title":"\u25b7 Wie kann man hinein- oder herauszoomen? (Excel 2023-Verkn\u00fcpfung)","og_description":"In diesem Tutorial erfahren Sie, wie Sie eine Tastenkombination zum Vergr\u00f6\u00dfern bzw. Verkleinern in Excel verwenden. Nun diese Tastenkombination","og_url":"https:\/\/exceladvisor.org\/de\/hineinzoomen-herauszoomen\/","og_site_name":"Excel Advisor","article_modified_time":"2023-12-03T11:22:14+00:00","og_image":[{"url":"https:\/\/exceladvisor.org\/wp-content\/uploads\/2023\/08\/1-raccourci-clavier-pour-zoomer.png","type":"","width":"","height":""}],"twitter_card":"summary_large_image","twitter_misc":{"Gesch\u00e4tzte Lesezeit":"2\u00a0Minuten"},"schema":{"@context":"https:\/\/schema.org","@graph":[{"@type":"WebPage","@id":"https:\/\/exceladvisor.org\/de\/hineinzoomen-herauszoomen\/","url":"https:\/\/exceladvisor.org\/de\/hineinzoomen-herauszoomen\/","name":"\u25b7 Wie kann man hinein- oder herauszoomen? (Excel 2023-Verkn\u00fcpfung)","isPartOf":{"@id":"https:\/\/exceladvisor.org\/de\/#website"},"primaryImageOfPage":{"@id":"https:\/\/exceladvisor.org\/de\/hineinzoomen-herauszoomen\/#primaryimage"},"image":{"@id":"https:\/\/exceladvisor.org\/de\/hineinzoomen-herauszoomen\/#primaryimage"},"thumbnailUrl":"https:\/\/exceladvisor.org\/wp-content\/uploads\/2023\/08\/1-raccourci-clavier-pour-zoomer.png","datePublished":"2023-09-26T01:59:07+00:00","dateModified":"2023-12-03T11:22:14+00:00","description":"In diesem Tutorial erfahren Sie, wie Sie eine Tastenkombination zum Vergr\u00f6\u00dfern bzw. Verkleinern in Excel verwenden. Nun diese Tastenkombination","breadcrumb":{"@id":"https:\/\/exceladvisor.org\/de\/hineinzoomen-herauszoomen\/#breadcrumb"},"inLanguage":"de","potentialAction":[{"@type":"ReadAction","target":["https:\/\/exceladvisor.org\/de\/hineinzoomen-herauszoomen\/"]}]},{"@type":"ImageObject","inLanguage":"de","@id":"https:\/\/exceladvisor.org\/de\/hineinzoomen-herauszoomen\/#primaryimage","url":"https:\/\/exceladvisor.org\/wp-content\/uploads\/2023\/08\/1-raccourci-clavier-pour-zoomer.png","contentUrl":"https:\/\/exceladvisor.org\/wp-content\/uploads\/2023\/08\/1-raccourci-clavier-pour-zoomer.png"},{"@type":"BreadcrumbList","@id":"https:\/\/exceladvisor.org\/de\/hineinzoomen-herauszoomen\/#breadcrumb","itemListElement":[{"@type":"ListItem","position":1,"name":"Accueil","item":"https:\/\/exceladvisor.org\/de\/"},{"@type":"ListItem","position":2,"name":"Wie kann man in excel hinein- oder herauszoomen?"}]},{"@type":"WebSite","@id":"https:\/\/exceladvisor.org\/de\/#website","url":"https:\/\/exceladvisor.org\/de\/","name":"Excel Advisor","description":"Ihr Leitfaden zur Datendominanz","publisher":{"@id":"https:\/\/exceladvisor.org\/de\/#organization"},"potentialAction":[{"@type":"SearchAction","target":{"@type":"EntryPoint","urlTemplate":"https:\/\/exceladvisor.org\/de\/?s={search_term_string}"},"query-input":{"@type":"PropertyValueSpecification","valueRequired":true,"valueName":"search_term_string"}}],"inLanguage":"de"},{"@type":"Organization","@id":"https:\/\/exceladvisor.org\/de\/#organization","name":"Excel Advisor","url":"https:\/\/exceladvisor.org\/de\/","logo":{"@type":"ImageObject","inLanguage":"de","@id":"https:\/\/exceladvisor.org\/de\/#\/schema\/logo\/image\/","url":"https:\/\/exceladvisor.org\/de\/wp-content\/uploads\/2023\/11\/exceladvisor.org_.png","contentUrl":"https:\/\/exceladvisor.org\/de\/wp-content\/uploads\/2023\/11\/exceladvisor.org_.png","width":105,"height":36,"caption":"Excel Advisor"},"image":{"@id":"https:\/\/exceladvisor.org\/de\/#\/schema\/logo\/image\/"}}]}},"yoast_meta":{"yoast_wpseo_title":"","yoast_wpseo_metadesc":"","yoast_wpseo_canonical":""},"_links":{"self":[{"href":"https:\/\/exceladvisor.org\/de\/wp-json\/wp\/v2\/pages\/3670","targetHints":{"allow":["GET"]}}],"collection":[{"href":"https:\/\/exceladvisor.org\/de\/wp-json\/wp\/v2\/pages"}],"about":[{"href":"https:\/\/exceladvisor.org\/de\/wp-json\/wp\/v2\/types\/page"}],"author":[{"embeddable":true,"href":"https:\/\/exceladvisor.org\/de\/wp-json\/wp\/v2\/users\/1"}],"replies":[{"embeddable":true,"href":"https:\/\/exceladvisor.org\/de\/wp-json\/wp\/v2\/comments?post=3670"}],"version-history":[{"count":1,"href":"https:\/\/exceladvisor.org\/de\/wp-json\/wp\/v2\/pages\/3670\/revisions"}],"predecessor-version":[{"id":4108,"href":"https:\/\/exceladvisor.org\/de\/wp-json\/wp\/v2\/pages\/3670\/revisions\/4108"}],"wp:attachment":[{"href":"https:\/\/exceladvisor.org\/de\/wp-json\/wp\/v2\/media?parent=3670"}],"curies":[{"name":"wp","href":"https:\/\/api.w.org\/{rel}","templated":true}]}}