{"id":3671,"date":"2023-09-25T23:25:01","date_gmt":"2023-09-25T23:25:01","guid":{"rendered":"https:\/\/exceladvisor.org\/de\/excel-formelleiste\/"},"modified":"2023-12-03T13:05:52","modified_gmt":"2023-12-03T13:05:52","slug":"excel-formelleiste","status":"publish","type":"page","link":"https:\/\/exceladvisor.org\/de\/excel-formelleiste\/","title":{"rendered":"Wie verwende ich die formelleiste in excel?"},"content":{"rendered":"<div class=\"excel-vor-dem-inhalt\" id=\"excel-2955337332\"><script type=\"text\/javascript\">\r\n\tatOptions = {\r\n\t\t'key' : 'c1158f160081d6540a8409e6925dab94',\r\n\t\t'format' : 'iframe',\r\n\t\t'height' : 250,\r\n\t\t'width' : 300,\r\n\t\t'params' : {}\r\n\t};\r\n<\/script>\r\n<script type=\"text\/javascript\" src=\"\/\/www.highperformanceformat.com\/c1158f160081d6540a8409e6925dab94\/invoke.js\"><\/script><\/div> <div class=\"gb-container gb-container-ab8cc27b\"><p class=\"wp-block-heading\"><strong>Wichtige Punkte<\/strong><\/p><ul><li> Sie k\u00f6nnen die Bearbeitungsleiste ein- und ausblenden.<\/li><li> Sie k\u00f6nnen die H\u00f6he \u00e4ndern (vergr\u00f6\u00dfern), aber nicht die Position.<\/li><\/ul><h2 class=\"wp-block-heading\"> Was ist die Excel-Formelleiste?<\/h2><p> Die Excel-Formelleiste ist eine d\u00fcnne Leiste unterhalb des Men\u00fcbands, die den Inhalt der ausgew\u00e4hlten Zelle und auf der linken Seite die Adresse der ausgew\u00e4hlten Zelle anzeigt. Sie k\u00f6nnen auch \u00fcber die Bearbeitungsleiste einen Wert in die Zelle eingeben. Es verf\u00fcgt \u00fcber drei Tasten (Eingabe-, Abbruch- und Einf\u00fcgefunktion). <\/p><\/div><div class=\"wp-block-image\"><figure class=\"aligncenter size-large is-resized\"><img loading=\"lazy\" decoding=\"async\" class=\"wp-image-50542\" src=\"https:\/\/exceladvisor.org\/wp-content\/uploads\/2023\/08\/1-barre-de-formule-excel.png\" sizes=\"auto, \" srcset=\"\" alt=\"Excel-Formelleiste\" width=\"623\" height=\"57\"><\/figure><\/div><ul><li> Namensfeld<\/li><li> Horizontal erweitern<\/li><li> Tasten<\/li><li> Eingabeleiste<\/li><li> Vertikal erweitern<\/li><\/ul><h2 class=\"wp-block-heading\"> So zeigen Sie die Bearbeitungsleiste an (oder blenden sie aus)<\/h2><p> Die Bearbeitungsleiste ist standardm\u00e4\u00dfig aktiv. Wenn sie jedoch ausgeblendet ist, k\u00f6nnen Sie sie \u00fcber die Registerkarte \u201eAnsicht\u201c aktivieren.<\/p><ol><li> Gehen Sie zuerst zur Registerkarte \u201eAnsicht\u201c, dann zur Gruppe \u201eAnsicht\u201c und \u00fcberpr\u00fcfen Sie die Bearbeitungsleiste. <br><img loading=\"lazy\" decoding=\"async\" title=\"2-wie-man-die-Formelleiste-anzeigt\" src=\"https:\/\/exceladvisor.org\/wp-content\/uploads\/2023\/08\/2-comment-afficher-la-barre-de-formule.png\" sizes=\"auto, \" srcset=\"\" alt=\"how-to-show-formula-bar\" width=\"519\" height=\"164\"><\/li><li> Dar\u00fcber hinaus k\u00f6nnen Sie es auch \u00fcber die Excel-Optionen aktivieren.<\/li><li> Gehen Sie zu Excel-Optionen \u279c Erweitert \u279c Ansicht \u279c Formelleiste anzeigen. <br><img loading=\"lazy\" decoding=\"async\" title=\"3-Excel-Optionen-Formelleiste aktivieren\" src=\"https:\/\/exceladvisor.org\/wp-content\/uploads\/2023\/08\/3-activer-la-barre-de-formule-a-partir-des-options-Excel.png\" sizes=\"auto, \" srcset=\"\" alt=\"activate-formula-bar-from-excel-options\" width=\"645\" height=\"280\"><\/li><\/ol><p> Sie k\u00f6nnen dieselben Schritte ausf\u00fchren, wenn Sie es ausblenden m\u00f6chten.<\/p><h2 class=\"wp-block-heading\"> Erweitern Sie die Formelleiste<\/h2><p> Standardm\u00e4\u00dfig ist die Bearbeitungsleiste d\u00fcnn, Sie k\u00f6nnen sie jedoch vergr\u00f6\u00dfern und etwas breiter machen. Wenn Sie den Cursor am unteren Rand der Bearbeitungsleiste bewegen, verwandelt er sich in einen vertikalen Doppelpfeil. Sie k\u00f6nnen ihn dann nach unten ziehen, um ihn zu erweitern. <\/p><div class=\"wp-block-image\"><figure class=\"aligncenter size-large is-resized\"><img loading=\"lazy\" decoding=\"async\" class=\"wp-image-50545\" src=\"https:\/\/exceladvisor.org\/wp-content\/uploads\/2023\/08\/4-developper-la-barre-de-formule.png\" sizes=\"auto, \" srcset=\"\" alt=\"Formelleiste erweitern\" width=\"617\" height=\"66\"><\/figure><\/div><p> Es gibt auch eine Tastenkombination ( <strong>Strg + Umschalt + U<\/strong> ), mit der Sie die Bearbeitungsleiste vertikal erweitern k\u00f6nnen. Sie k\u00f6nnen auch das Dropdown-Symbol auf der rechten Seite verwenden. <\/p><div class=\"wp-block-image\"><figure class=\"aligncenter size-large is-resized\"><img loading=\"lazy\" decoding=\"async\" class=\"wp-image-50546\" src=\"https:\/\/exceladvisor.org\/wp-content\/uploads\/2023\/08\/5-raccourcis-clavier-Excel-pour-developper-la-barre-de-formule.png\" sizes=\"auto, \" srcset=\"\" alt=\"Tastenkombination-Excel-Taste-zum-Erweitern-der-Formelleiste\" width=\"317\" height=\"90\"><\/figure><\/div><p> Und wenn Sie die Breite \u00e4ndern m\u00f6chten, k\u00f6nnen Sie dies tun, indem Sie den Cursor \u00fcber die drei Punkte zwischen dem Namensfeld und der Bearbeitungsleiste platzieren und ihn dann nach rechts oder links strecken.<\/p><p class=\"link\"> <strong>Verwandt \u2013 <a href=\"https:\/\/exceladvisor.org\/de\/tastaturkurzel\/\">Spickzettel f\u00fcr Excel-Tastaturk\u00fcrzel<\/a><\/strong><\/p><h2 class=\"wp-block-heading\"> Geben Sie Daten \u00fcber die Bearbeitungsleiste ein<\/h2><p> Sie k\u00f6nnen Daten in eine <a href=\"https:\/\/exceladvisor.org\/de\/zelle-bearbeiten\/\">Zelle eingeben, indem Sie sie \u00fcber die Bearbeitungsleiste bearbeiten<\/a> . Dazu m\u00fcssen Sie die Zelle ausw\u00e4hlen und in der Bearbeitungsleiste auf die Eingabeleiste klicken. <\/p><div class=\"wp-block-image\"><figure class=\"aligncenter size-large is-resized\"><img loading=\"lazy\" decoding=\"async\" class=\"wp-image-50547\" src=\"https:\/\/exceladvisor.org\/wp-content\/uploads\/2023\/08\/6-saisir-les-donnees-de-la-barre-de-formule.png\" sizes=\"auto, \" srcset=\"\" alt=\"Geben Sie Daten aus der Formelleiste ein\" width=\"298\" height=\"152\"><\/figure><\/div><p> Und sobald Sie mit dem Wert, den Sie eingeben m\u00f6chten, fertig sind; Sie k\u00f6nnen auf die Eingabetaste klicken, die sich auf der linken Seite der Bearbeitungsleiste befindet. <\/p><div class=\"wp-block-image\"><figure class=\"aligncenter size-large is-resized\"><img loading=\"lazy\" decoding=\"async\" class=\"wp-image-50548\" src=\"https:\/\/exceladvisor.org\/wp-content\/uploads\/2023\/08\/7-cliquez-sur-le-bouton-entrer.png\" sizes=\"auto, \" srcset=\"\" alt=\"Klicken Sie auf die Eingabetaste\" width=\"350\" height=\"162\"><\/figure><\/div><p> Es gibt auch eine Schaltfl\u00e4che zum Abbrechen der Dateneingabe oder Sie k\u00f6nnen die Escape-Taste dr\u00fccken.<\/p><h2 class=\"wp-block-heading\"> Geben Sie \u00fcber die Formelleiste eine Funktion ein<\/h2><p> In der Bearbeitungsleiste gibt es eine Schaltfl\u00e4che zum Einf\u00fcgen einer Funktion. Wenn Sie auf diese Schaltfl\u00e4che klicken, wird ein Dialogfeld ge\u00f6ffnet, in dem Sie die Funktion suchen und einf\u00fcgen k\u00f6nnen. <\/p><div class=\"wp-block-image\"><figure class=\"aligncenter size-large is-resized\"><img loading=\"lazy\" decoding=\"async\" class=\"wp-image-50549\" src=\"https:\/\/exceladvisor.org\/wp-content\/uploads\/2023\/08\/8-saisir-une-fonction-a-laide-de-la-barre-de-formule.png\" sizes=\"auto, \" srcset=\"\" alt=\"Geben Sie eine Funktion \u00fcber die Formelleiste ein\" width=\"556\" height=\"374\"><\/figure><\/div><p> Nachdem Sie die Funktion ausgew\u00e4hlt haben, die Sie einf\u00fcgen m\u00f6chten, klicken Sie auf OK. Daraufhin wird ein Dialogfeld zum Festlegen der Funktionsargumente angezeigt. <\/p><div class=\"wp-block-image\"><figure class=\"aligncenter size-large is-resized\"><img loading=\"lazy\" decoding=\"async\" class=\"wp-image-50550\" src=\"https:\/\/exceladvisor.org\/wp-content\/uploads\/2023\/08\/9-selectionnez-la-fonction-que-vous-souhaitez-inserer.png\" sizes=\"auto, \" srcset=\"\" alt=\"W\u00e4hlen Sie die Funktion aus, die Sie einf\u00fcgen m\u00f6chten\" width=\"501\" height=\"273\"><\/figure><\/div><h2 class=\"wp-block-heading\"> Verwenden Sie das Namensfeld<\/h2><p> Auf der rechten Seite der Bearbeitungsleiste befindet sich ein Namensfeld, in dem die Adresse der ausgew\u00e4hlten Zelle angezeigt wird. Sie k\u00f6nnen dieses Namensfeld aber auch zur Navigation nutzen.<\/p><p> Sie befinden sich in einer bestimmten Zelle oder einem bestimmten Bereich. Wenn Sie auf das Namensfeld klicken, k\u00f6nnen Sie es bearbeiten und eine Zellenadresse eingeben. Wenn Sie dies tun und die Eingabetaste dr\u00fccken, werden Sie zu dieser Zelle weitergeleitet. <\/p><div class=\"wp-block-image\"><figure class=\"aligncenter size-large is-resized\"><img loading=\"lazy\" decoding=\"async\" class=\"wp-image-50551\" src=\"https:\/\/exceladvisor.org\/wp-content\/uploads\/2023\/08\/10-utiliser-la-boite-de-nom.png\" sizes=\"auto, \" srcset=\"\" alt=\"Feld \u201eBenutzername\u201c verwenden\" width=\"241\" height=\"90\"><\/figure><\/div><p> Ebenso k\u00f6nnen Sie zur Auswahl auch die Adresse eines Titels eingeben. <\/p><div class=\"wp-block-image\"><figure class=\"aligncenter size-large is-resized\"><img loading=\"lazy\" decoding=\"async\" class=\"wp-image-50552\" src=\"https:\/\/exceladvisor.org\/wp-content\/uploads\/2023\/08\/11-entrez-une-adresse-de-plage.png\" sizes=\"auto, \" srcset=\"\" alt=\"Geben Sie einen Adressbereich ein\" width=\"162\" height=\"286\"><\/figure><\/div><h2 class=\"wp-block-heading\"> Bearbeiten Sie Formen \u00fcber die Bearbeitungsleiste<\/h2><p> Wenn Sie eine Form mit einer Zelle verbinden m\u00f6chten, k\u00f6nnen Sie dies tun, indem Sie sie in der Bearbeitungsleiste bearbeiten. <\/p><div class=\"wp-block-image\"><figure class=\"aligncenter size-large is-resized\"><img loading=\"lazy\" decoding=\"async\" class=\"wp-image-50553\" src=\"https:\/\/exceladvisor.org\/wp-content\/uploads\/2023\/08\/12-formes-dedition-a-partir-de-la-barre-de-formule.png\" sizes=\"auto, \" srcset=\"\" alt=\"Formelleistenformen bearbeiten\" width=\"475\" height=\"213\"><\/figure><\/div><ol type=\"1\"><li> W\u00e4hlen Sie die Form aus, die Sie in der Tabelle haben.<\/li><li> Klicken Sie auf die Bearbeitungsleiste, um sie zu bearbeiten.<\/li><li> Geben Sie \u201e=\u201c ein und w\u00e4hlen Sie die Zelle aus, die Sie mit der Form verbinden m\u00f6chten.<\/li><li> Klicken Sie am Ende auf OK.<\/li><\/ol><div class=\"gb-container gb-container-4db6181c gb-container-mt\"> <a class=\"gb-button gb-button-c5897111 gb-button-text gb-button-mt-button\" href=\"https:\/\/exceladvisor.org\/de\/excel-grundlagen\/\">Microsoft Excel-Grundlagen (Komponenten, Teile und Wissenshinweise)<\/a><h2 class=\"gb-headline gb-headline-665e5f6b gb-headline-text gb-headline-mt-heading\"> Verwandte Tutorials <\/h2><div class=\"gb-grid-wrapper gb-grid-wrapper-a20baf7c gb-grid-wrapper-mt-grid\"><div class=\"gb-grid-column gb-grid-column-65ddf67e\"><div class=\"gb-container gb-container-65ddf67e\"><ul><li> <a href=\"https:\/\/exceladvisor.org\/de\/schnellzugriffsleiste\/\">Symbolleiste f\u00fcr den Schnellzugriff in Excel<\/a><\/li><li> <a href=\"https:\/\/exceladvisor.org\/de\/statusleiste\/\">Statusleiste in Excel<\/a><\/li><li> <a href=\"https:\/\/exceladvisor.org\/de\/textzone\/\">F\u00fcgen Sie ein Textfeld in Excel ein<\/a><\/li><li> <a href=\"https:\/\/exceladvisor.org\/de\/automatisch-rollierende-monate\/\">Automatische rollierende Monate in Excel<\/a><\/li><li> <a href=\"https:\/\/exceladvisor.org\/de\/blick-hinter-die-kulissen\/\">\u00d6ffnen Sie die Backstage-Ansicht in Excel<\/a> <\/li><\/ul><\/div><\/div><div class=\"gb-grid-column gb-grid-column-50067b57\"><div class=\"gb-container gb-container-50067b57\"><\/div><\/div><\/div><\/div>","protected":false},"excerpt":{"rendered":"","protected":false},"author":1,"featured_media":0,"parent":0,"menu_order":0,"comment_status":"open","ping_status":"closed","template":"","meta":{"ub_ctt_via":"","footnotes":""},"class_list":["post-3671","page","type-page","status-publish","hentry"],"featured_image_src":null,"yoast_head":"<!-- This site is optimized with the Yoast SEO plugin v25.4 - https:\/\/yoast.com\/wordpress\/plugins\/seo\/ -->\n<title>Wie verwende ich die Formelleiste in Excel? (Tutorial 2023)<\/title>\n<meta name=\"description\" content=\"Die Excel-Formelleiste ist eine d\u00fcnne Leiste unterhalb des Men\u00fcbands, die den Inhalt der ausgew\u00e4hlten Zelle und die Adresse von anzeigt\" \/>\n<meta name=\"robots\" content=\"index, follow, max-snippet:-1, max-image-preview:large, max-video-preview:-1\" \/>\n<link rel=\"canonical\" href=\"https:\/\/exceladvisor.org\/de\/excel-formelleiste\/\" \/>\n<meta property=\"og:locale\" content=\"de_DE\" \/>\n<meta property=\"og:type\" content=\"article\" \/>\n<meta property=\"og:title\" content=\"Wie verwende ich die Formelleiste in Excel? (Tutorial 2023)\" \/>\n<meta property=\"og:description\" content=\"Die Excel-Formelleiste ist eine d\u00fcnne Leiste unterhalb des Men\u00fcbands, die den Inhalt der ausgew\u00e4hlten Zelle und die Adresse von anzeigt\" \/>\n<meta property=\"og:url\" content=\"https:\/\/exceladvisor.org\/de\/excel-formelleiste\/\" \/>\n<meta property=\"og:site_name\" content=\"Excel Advisor\" \/>\n<meta property=\"article:modified_time\" content=\"2023-12-03T13:05:52+00:00\" \/>\n<meta property=\"og:image\" content=\"https:\/\/exceladvisor.org\/wp-content\/uploads\/2023\/08\/1-barre-de-formule-excel.png\" \/>\n<meta name=\"twitter:card\" content=\"summary_large_image\" \/>\n<meta name=\"twitter:label1\" content=\"Gesch\u00e4tzte Lesezeit\" \/>\n\t<meta name=\"twitter:data1\" content=\"3\u00a0Minuten\" \/>\n<script type=\"application\/ld+json\" class=\"yoast-schema-graph\">{\"@context\":\"https:\/\/schema.org\",\"@graph\":[{\"@type\":\"WebPage\",\"@id\":\"https:\/\/exceladvisor.org\/de\/excel-formelleiste\/\",\"url\":\"https:\/\/exceladvisor.org\/de\/excel-formelleiste\/\",\"name\":\"Wie verwende ich die Formelleiste in Excel? (Tutorial 2023)\",\"isPartOf\":{\"@id\":\"https:\/\/exceladvisor.org\/de\/#website\"},\"primaryImageOfPage\":{\"@id\":\"https:\/\/exceladvisor.org\/de\/excel-formelleiste\/#primaryimage\"},\"image\":{\"@id\":\"https:\/\/exceladvisor.org\/de\/excel-formelleiste\/#primaryimage\"},\"thumbnailUrl\":\"https:\/\/exceladvisor.org\/wp-content\/uploads\/2023\/08\/1-barre-de-formule-excel.png\",\"datePublished\":\"2023-09-25T23:25:01+00:00\",\"dateModified\":\"2023-12-03T13:05:52+00:00\",\"description\":\"Die Excel-Formelleiste ist eine d\u00fcnne Leiste unterhalb des Men\u00fcbands, die den Inhalt der ausgew\u00e4hlten Zelle und die Adresse von anzeigt\",\"breadcrumb\":{\"@id\":\"https:\/\/exceladvisor.org\/de\/excel-formelleiste\/#breadcrumb\"},\"inLanguage\":\"de\",\"potentialAction\":[{\"@type\":\"ReadAction\",\"target\":[\"https:\/\/exceladvisor.org\/de\/excel-formelleiste\/\"]}]},{\"@type\":\"ImageObject\",\"inLanguage\":\"de\",\"@id\":\"https:\/\/exceladvisor.org\/de\/excel-formelleiste\/#primaryimage\",\"url\":\"https:\/\/exceladvisor.org\/wp-content\/uploads\/2023\/08\/1-barre-de-formule-excel.png\",\"contentUrl\":\"https:\/\/exceladvisor.org\/wp-content\/uploads\/2023\/08\/1-barre-de-formule-excel.png\"},{\"@type\":\"BreadcrumbList\",\"@id\":\"https:\/\/exceladvisor.org\/de\/excel-formelleiste\/#breadcrumb\",\"itemListElement\":[{\"@type\":\"ListItem\",\"position\":1,\"name\":\"Accueil\",\"item\":\"https:\/\/exceladvisor.org\/de\/\"},{\"@type\":\"ListItem\",\"position\":2,\"name\":\"Wie verwende ich die formelleiste in excel?\"}]},{\"@type\":\"WebSite\",\"@id\":\"https:\/\/exceladvisor.org\/de\/#website\",\"url\":\"https:\/\/exceladvisor.org\/de\/\",\"name\":\"Excel Advisor\",\"description\":\"Ihr Leitfaden zur Datendominanz\",\"publisher\":{\"@id\":\"https:\/\/exceladvisor.org\/de\/#organization\"},\"potentialAction\":[{\"@type\":\"SearchAction\",\"target\":{\"@type\":\"EntryPoint\",\"urlTemplate\":\"https:\/\/exceladvisor.org\/de\/?s={search_term_string}\"},\"query-input\":{\"@type\":\"PropertyValueSpecification\",\"valueRequired\":true,\"valueName\":\"search_term_string\"}}],\"inLanguage\":\"de\"},{\"@type\":\"Organization\",\"@id\":\"https:\/\/exceladvisor.org\/de\/#organization\",\"name\":\"Excel Advisor\",\"url\":\"https:\/\/exceladvisor.org\/de\/\",\"logo\":{\"@type\":\"ImageObject\",\"inLanguage\":\"de\",\"@id\":\"https:\/\/exceladvisor.org\/de\/#\/schema\/logo\/image\/\",\"url\":\"https:\/\/exceladvisor.org\/de\/wp-content\/uploads\/2023\/11\/exceladvisor.org_.png\",\"contentUrl\":\"https:\/\/exceladvisor.org\/de\/wp-content\/uploads\/2023\/11\/exceladvisor.org_.png\",\"width\":105,\"height\":36,\"caption\":\"Excel Advisor\"},\"image\":{\"@id\":\"https:\/\/exceladvisor.org\/de\/#\/schema\/logo\/image\/\"}}]}<\/script>\n<!-- \/ Yoast SEO plugin. -->","yoast_head_json":{"title":"Wie verwende ich die Formelleiste in Excel? (Tutorial 2023)","description":"Die Excel-Formelleiste ist eine d\u00fcnne Leiste unterhalb des Men\u00fcbands, die den Inhalt der ausgew\u00e4hlten Zelle und die Adresse von anzeigt","robots":{"index":"index","follow":"follow","max-snippet":"max-snippet:-1","max-image-preview":"max-image-preview:large","max-video-preview":"max-video-preview:-1"},"canonical":"https:\/\/exceladvisor.org\/de\/excel-formelleiste\/","og_locale":"de_DE","og_type":"article","og_title":"Wie verwende ich die Formelleiste in Excel? (Tutorial 2023)","og_description":"Die Excel-Formelleiste ist eine d\u00fcnne Leiste unterhalb des Men\u00fcbands, die den Inhalt der ausgew\u00e4hlten Zelle und die Adresse von anzeigt","og_url":"https:\/\/exceladvisor.org\/de\/excel-formelleiste\/","og_site_name":"Excel Advisor","article_modified_time":"2023-12-03T13:05:52+00:00","og_image":[{"url":"https:\/\/exceladvisor.org\/wp-content\/uploads\/2023\/08\/1-barre-de-formule-excel.png","type":"","width":"","height":""}],"twitter_card":"summary_large_image","twitter_misc":{"Gesch\u00e4tzte Lesezeit":"3\u00a0Minuten"},"schema":{"@context":"https:\/\/schema.org","@graph":[{"@type":"WebPage","@id":"https:\/\/exceladvisor.org\/de\/excel-formelleiste\/","url":"https:\/\/exceladvisor.org\/de\/excel-formelleiste\/","name":"Wie verwende ich die Formelleiste in Excel? (Tutorial 2023)","isPartOf":{"@id":"https:\/\/exceladvisor.org\/de\/#website"},"primaryImageOfPage":{"@id":"https:\/\/exceladvisor.org\/de\/excel-formelleiste\/#primaryimage"},"image":{"@id":"https:\/\/exceladvisor.org\/de\/excel-formelleiste\/#primaryimage"},"thumbnailUrl":"https:\/\/exceladvisor.org\/wp-content\/uploads\/2023\/08\/1-barre-de-formule-excel.png","datePublished":"2023-09-25T23:25:01+00:00","dateModified":"2023-12-03T13:05:52+00:00","description":"Die Excel-Formelleiste ist eine d\u00fcnne Leiste unterhalb des Men\u00fcbands, die den Inhalt der ausgew\u00e4hlten Zelle und die Adresse von anzeigt","breadcrumb":{"@id":"https:\/\/exceladvisor.org\/de\/excel-formelleiste\/#breadcrumb"},"inLanguage":"de","potentialAction":[{"@type":"ReadAction","target":["https:\/\/exceladvisor.org\/de\/excel-formelleiste\/"]}]},{"@type":"ImageObject","inLanguage":"de","@id":"https:\/\/exceladvisor.org\/de\/excel-formelleiste\/#primaryimage","url":"https:\/\/exceladvisor.org\/wp-content\/uploads\/2023\/08\/1-barre-de-formule-excel.png","contentUrl":"https:\/\/exceladvisor.org\/wp-content\/uploads\/2023\/08\/1-barre-de-formule-excel.png"},{"@type":"BreadcrumbList","@id":"https:\/\/exceladvisor.org\/de\/excel-formelleiste\/#breadcrumb","itemListElement":[{"@type":"ListItem","position":1,"name":"Accueil","item":"https:\/\/exceladvisor.org\/de\/"},{"@type":"ListItem","position":2,"name":"Wie verwende ich die formelleiste in excel?"}]},{"@type":"WebSite","@id":"https:\/\/exceladvisor.org\/de\/#website","url":"https:\/\/exceladvisor.org\/de\/","name":"Excel Advisor","description":"Ihr Leitfaden zur Datendominanz","publisher":{"@id":"https:\/\/exceladvisor.org\/de\/#organization"},"potentialAction":[{"@type":"SearchAction","target":{"@type":"EntryPoint","urlTemplate":"https:\/\/exceladvisor.org\/de\/?s={search_term_string}"},"query-input":{"@type":"PropertyValueSpecification","valueRequired":true,"valueName":"search_term_string"}}],"inLanguage":"de"},{"@type":"Organization","@id":"https:\/\/exceladvisor.org\/de\/#organization","name":"Excel Advisor","url":"https:\/\/exceladvisor.org\/de\/","logo":{"@type":"ImageObject","inLanguage":"de","@id":"https:\/\/exceladvisor.org\/de\/#\/schema\/logo\/image\/","url":"https:\/\/exceladvisor.org\/de\/wp-content\/uploads\/2023\/11\/exceladvisor.org_.png","contentUrl":"https:\/\/exceladvisor.org\/de\/wp-content\/uploads\/2023\/11\/exceladvisor.org_.png","width":105,"height":36,"caption":"Excel Advisor"},"image":{"@id":"https:\/\/exceladvisor.org\/de\/#\/schema\/logo\/image\/"}}]}},"yoast_meta":{"yoast_wpseo_title":"","yoast_wpseo_metadesc":"","yoast_wpseo_canonical":""},"_links":{"self":[{"href":"https:\/\/exceladvisor.org\/de\/wp-json\/wp\/v2\/pages\/3671","targetHints":{"allow":["GET"]}}],"collection":[{"href":"https:\/\/exceladvisor.org\/de\/wp-json\/wp\/v2\/pages"}],"about":[{"href":"https:\/\/exceladvisor.org\/de\/wp-json\/wp\/v2\/types\/page"}],"author":[{"embeddable":true,"href":"https:\/\/exceladvisor.org\/de\/wp-json\/wp\/v2\/users\/1"}],"replies":[{"embeddable":true,"href":"https:\/\/exceladvisor.org\/de\/wp-json\/wp\/v2\/comments?post=3671"}],"version-history":[{"count":1,"href":"https:\/\/exceladvisor.org\/de\/wp-json\/wp\/v2\/pages\/3671\/revisions"}],"predecessor-version":[{"id":4242,"href":"https:\/\/exceladvisor.org\/de\/wp-json\/wp\/v2\/pages\/3671\/revisions\/4242"}],"wp:attachment":[{"href":"https:\/\/exceladvisor.org\/de\/wp-json\/wp\/v2\/media?parent=3671"}],"curies":[{"name":"wp","href":"https:\/\/api.w.org\/{rel}","templated":true}]}}