{"id":3672,"date":"2023-09-25T21:58:39","date_gmt":"2023-09-25T21:58:39","guid":{"rendered":"https:\/\/exceladvisor.org\/de\/herrscher\/"},"modified":"2023-12-03T13:06:06","modified_gmt":"2023-12-03T13:06:06","slug":"herrscher","status":"publish","type":"page","link":"https:\/\/exceladvisor.org\/de\/herrscher\/","title":{"rendered":"Wie zeige ich das lineal in excel an?"},"content":{"rendered":"<div class=\"excel-vor-dem-inhalt\" id=\"excel-500690670\"><script type=\"text\/javascript\">\r\n\tatOptions = {\r\n\t\t'key' : 'c1158f160081d6540a8409e6925dab94',\r\n\t\t'format' : 'iframe',\r\n\t\t'height' : 250,\r\n\t\t'width' : 300,\r\n\t\t'params' : {}\r\n\t};\r\n<\/script>\r\n<script type=\"text\/javascript\" src=\"\/\/www.highperformanceformat.com\/c1158f160081d6540a8409e6925dab94\/invoke.js\"><\/script><\/div> <p>In Excel gibt es eine Option zum Anzeigen eines Lineals um Zeilen und Spalten, mit dem Sie Objekte wie Diagramme und Bilder ausrichten und beim Drucken sogar Spaltenbreiten und Zeilenh\u00f6hen \u00e4ndern k\u00f6nnen. <\/p><div class=\"wp-block-image\"><figure class=\"aligncenter size-full is-resized\"><img loading=\"lazy\" decoding=\"async\" class=\"wp-image-63643\" src=\"https:\/\/exceladvisor.org\/wp-content\/uploads\/2023\/08\/1-regle-autour-des-lignes-colonnes.png\" sizes=\"auto, \" srcset=\"\" alt=\"Regel um Spaltenzeilen\" width=\"376\" height=\"284\"><\/figure><\/div><h2 class=\"wp-block-heading\"> Schritte zum Anzeigen des Lineals in Excel<\/h2><ol type=\"1\"><li> Aktivieren Sie zun\u00e4chst das Blatt, in dem Sie das Lineal anzeigen m\u00f6chten.<\/li><li> Gehen Sie anschlie\u00dfend im Men\u00fcband zur Registerkarte \u201eAnsicht\u201c.<\/li><li> Suchen Sie von dort aus die Schaltfl\u00e4che \u201eSeitenlayout\u201c in der \u201eArbeitsmappenansicht\u201c.<\/li><li> Klicken Sie anschlie\u00dfend auf die Schaltfl\u00e4che \u201eLayout\u201c.<\/li><li> Aktivieren Sie abschlie\u00dfend das Kontrollk\u00e4stchen \u201eLineal\u201c der Anzeigegruppe. <\/li><\/ol><div class=\"wp-block-image\"><figure class=\"aligncenter size-full is-resized\"><img loading=\"lazy\" decoding=\"async\" class=\"wp-image-63644\" src=\"https:\/\/exceladvisor.org\/wp-content\/uploads\/2023\/08\/2-afficher-la-regle-dans-excel.png\" sizes=\"auto, \" srcset=\"\" alt=\"Lineal-in-Excel anzeigen\" width=\"589\" height=\"348\"><\/figure><\/div><p class=\"qt-tip\"> <strong>Hinweis:<\/strong> Die einzige M\u00f6glichkeit, das Lineal anzuzeigen, besteht darin, das Layout zu aktivieren. Und das ist der Grund, warum, wenn Sie versuchen, auf das Lineal-Kontrollk\u00e4stchen zu klicken, es in der Normalansicht ausgegraut ist.<\/p><p> Wenn Sie nach der Aktivierung des Lineals eine Zelle oder einen Zellbereich ausw\u00e4hlen, hebt Excel diesen Teil der Auswahl auf dem Lineal hervor. <\/p><div class=\"wp-block-image\"><figure class=\"aligncenter size-full is-resized\"><img loading=\"lazy\" decoding=\"async\" class=\"wp-image-63645\" src=\"https:\/\/exceladvisor.org\/wp-content\/uploads\/2023\/08\/3-regles-de-selection-en-surbrillance.png\" sizes=\"auto, \" srcset=\"\" alt=\"Hervorhebungsauswahlregel\" width=\"616\" height=\"326\"><\/figure><\/div><h2 class=\"wp-block-heading\"> \u00c4ndern Sie die Linealeinheit<\/h2><p> Wenn Sie die Regel aktivieren, werden die Standardeinheiten angezeigt, die Ihrem System entsprechen. Sie k\u00f6nnen die Einheiten jedoch \u00fcber die Excel-Optionen \u00e4ndern.<\/p><p> Gehen Sie zur <strong>Registerkarte Datei<\/strong> <strong>\u279f<\/strong> <strong>Optionen<\/strong> <strong>\u279f<\/strong> <strong>Erweitert<\/strong> . Scrollen Sie in den erweiterten Optionen nach unten zur Gruppe \u201eAnzeige\u201c. In der Anzeigegruppe finden Sie das Dropdown-Men\u00fc \u201eLinealeinheiten\u201c, mit dem Sie die Einheit in Zoll, Zentimeter oder Millimeter \u00e4ndern k\u00f6nnen. <\/p><div class=\"wp-block-image\"><figure class=\"aligncenter size-full is-resized\"><img loading=\"lazy\" decoding=\"async\" class=\"wp-image-63646\" src=\"https:\/\/exceladvisor.org\/wp-content\/uploads\/2023\/08\/4-changer-lunite-de-la-regle.png\" sizes=\"auto, \" srcset=\"\" alt=\"Herrscherwechsel-Einheit\" width=\"563\" height=\"416\"><\/figure><\/div><p> Und sobald Sie die Einheit ausgew\u00e4hlt haben, klicken Sie auf OK.<\/p><p class=\"qt-tip\"> <strong>Hinweis:<\/strong> Wenn Sie die Ansicht von Normal auf Layout \u00e4ndern und das Lineal aktivieren. Diese Einstellung gilt nur f\u00fcr das aktuelle Arbeitsblatt.<\/p><div class=\"gb-container gb-container-4db6181c gb-container-mt\"> <a class=\"gb-button gb-button-c5897111 gb-button-text gb-button-mt-button\" href=\"https:\/\/exceladvisor.org\/de\/excel-grundlagen\/\">Microsoft Excel-Grundlagen (Komponenten, Teile und Wissenshinweise)<\/a><h2 class=\"gb-headline gb-headline-665e5f6b gb-headline-text gb-headline-mt-heading\"> Verwandte Tutorials <\/h2><div class=\"gb-grid-wrapper gb-grid-wrapper-a20baf7c gb-grid-wrapper-mt-grid\"><div class=\"gb-grid-column gb-grid-column-65ddf67e\"><div class=\"gb-container gb-container-65ddf67e\"><ul><li> <a href=\"https:\/\/exceladvisor.org\/de\/vollig-rechtfertigen\/\">F\u00fcllen Sie \u201eAusrichten\u201c in Excel aus<\/a><\/li><li> <a href=\"https:\/\/exceladvisor.org\/de\/excel-formelleiste\/\">Formelleiste in Excel<\/a><\/li><li> <a href=\"https:\/\/exceladvisor.org\/de\/fugen-sie-eine-fusszeile-hinzu\/\">F\u00fcgen Sie in Excel eine Kopf- und Fu\u00dfzeile hinzu<\/a><\/li><li> <a href=\"https:\/\/exceladvisor.org\/de\/fullgriff\/\">Handle in Excel ausf\u00fcllen<\/a><\/li><li> <a href=\"https:\/\/exceladvisor.org\/de\/malerformat\/\">Format Painter in Excel<\/a> <\/li><\/ul><\/div><\/div><div class=\"gb-grid-column gb-grid-column-50067b57\"><div class=\"gb-container gb-container-50067b57\"><\/div><\/div><\/div><\/div>","protected":false},"excerpt":{"rendered":"","protected":false},"author":1,"featured_media":0,"parent":0,"menu_order":0,"comment_status":"open","ping_status":"closed","template":"","meta":{"ub_ctt_via":"","footnotes":""},"class_list":["post-3672","page","type-page","status-publish","hentry"],"featured_image_src":null,"yoast_head":"<!-- This site is optimized with the Yoast SEO plugin v25.4 - https:\/\/yoast.com\/wordpress\/plugins\/seo\/ -->\n<title>\u25b7 Wie zeige ich das Lineal in Excel an? (Tutorial 2023)<\/title>\n<meta name=\"description\" content=\"In Excel gibt es eine Option zum Anzeigen eines Lineals um Zeilen und Spalten, das Ihnen beim Ausrichten von Objekten helfen kann\" \/>\n<meta name=\"robots\" content=\"index, follow, max-snippet:-1, max-image-preview:large, max-video-preview:-1\" \/>\n<link rel=\"canonical\" href=\"https:\/\/exceladvisor.org\/de\/herrscher\/\" \/>\n<meta property=\"og:locale\" content=\"de_DE\" \/>\n<meta property=\"og:type\" content=\"article\" \/>\n<meta property=\"og:title\" content=\"\u25b7 Wie zeige ich das Lineal in Excel an? (Tutorial 2023)\" \/>\n<meta property=\"og:description\" content=\"In Excel gibt es eine Option zum Anzeigen eines Lineals um Zeilen und Spalten, das Ihnen beim Ausrichten von Objekten helfen kann\" \/>\n<meta property=\"og:url\" content=\"https:\/\/exceladvisor.org\/de\/herrscher\/\" \/>\n<meta property=\"og:site_name\" content=\"Excel Advisor\" \/>\n<meta property=\"article:modified_time\" content=\"2023-12-03T13:06:06+00:00\" \/>\n<meta property=\"og:image\" content=\"https:\/\/exceladvisor.org\/wp-content\/uploads\/2023\/08\/1-regle-autour-des-lignes-colonnes.png\" \/>\n<meta name=\"twitter:card\" content=\"summary_large_image\" \/>\n<meta name=\"twitter:label1\" content=\"Gesch\u00e4tzte Lesezeit\" \/>\n\t<meta name=\"twitter:data1\" content=\"1\u00a0Minute\" \/>\n<script type=\"application\/ld+json\" class=\"yoast-schema-graph\">{\"@context\":\"https:\/\/schema.org\",\"@graph\":[{\"@type\":\"WebPage\",\"@id\":\"https:\/\/exceladvisor.org\/de\/herrscher\/\",\"url\":\"https:\/\/exceladvisor.org\/de\/herrscher\/\",\"name\":\"\u25b7 Wie zeige ich das Lineal in Excel an? (Tutorial 2023)\",\"isPartOf\":{\"@id\":\"https:\/\/exceladvisor.org\/de\/#website\"},\"primaryImageOfPage\":{\"@id\":\"https:\/\/exceladvisor.org\/de\/herrscher\/#primaryimage\"},\"image\":{\"@id\":\"https:\/\/exceladvisor.org\/de\/herrscher\/#primaryimage\"},\"thumbnailUrl\":\"https:\/\/exceladvisor.org\/wp-content\/uploads\/2023\/08\/1-regle-autour-des-lignes-colonnes.png\",\"datePublished\":\"2023-09-25T21:58:39+00:00\",\"dateModified\":\"2023-12-03T13:06:06+00:00\",\"description\":\"In Excel gibt es eine Option zum Anzeigen eines Lineals um Zeilen und Spalten, das Ihnen beim Ausrichten von Objekten helfen kann\",\"breadcrumb\":{\"@id\":\"https:\/\/exceladvisor.org\/de\/herrscher\/#breadcrumb\"},\"inLanguage\":\"de\",\"potentialAction\":[{\"@type\":\"ReadAction\",\"target\":[\"https:\/\/exceladvisor.org\/de\/herrscher\/\"]}]},{\"@type\":\"ImageObject\",\"inLanguage\":\"de\",\"@id\":\"https:\/\/exceladvisor.org\/de\/herrscher\/#primaryimage\",\"url\":\"https:\/\/exceladvisor.org\/wp-content\/uploads\/2023\/08\/1-regle-autour-des-lignes-colonnes.png\",\"contentUrl\":\"https:\/\/exceladvisor.org\/wp-content\/uploads\/2023\/08\/1-regle-autour-des-lignes-colonnes.png\"},{\"@type\":\"BreadcrumbList\",\"@id\":\"https:\/\/exceladvisor.org\/de\/herrscher\/#breadcrumb\",\"itemListElement\":[{\"@type\":\"ListItem\",\"position\":1,\"name\":\"Accueil\",\"item\":\"https:\/\/exceladvisor.org\/de\/\"},{\"@type\":\"ListItem\",\"position\":2,\"name\":\"Wie zeige ich das lineal in excel an?\"}]},{\"@type\":\"WebSite\",\"@id\":\"https:\/\/exceladvisor.org\/de\/#website\",\"url\":\"https:\/\/exceladvisor.org\/de\/\",\"name\":\"Excel Advisor\",\"description\":\"Ihr Leitfaden zur Datendominanz\",\"publisher\":{\"@id\":\"https:\/\/exceladvisor.org\/de\/#organization\"},\"potentialAction\":[{\"@type\":\"SearchAction\",\"target\":{\"@type\":\"EntryPoint\",\"urlTemplate\":\"https:\/\/exceladvisor.org\/de\/?s={search_term_string}\"},\"query-input\":{\"@type\":\"PropertyValueSpecification\",\"valueRequired\":true,\"valueName\":\"search_term_string\"}}],\"inLanguage\":\"de\"},{\"@type\":\"Organization\",\"@id\":\"https:\/\/exceladvisor.org\/de\/#organization\",\"name\":\"Excel Advisor\",\"url\":\"https:\/\/exceladvisor.org\/de\/\",\"logo\":{\"@type\":\"ImageObject\",\"inLanguage\":\"de\",\"@id\":\"https:\/\/exceladvisor.org\/de\/#\/schema\/logo\/image\/\",\"url\":\"https:\/\/exceladvisor.org\/de\/wp-content\/uploads\/2023\/11\/exceladvisor.org_.png\",\"contentUrl\":\"https:\/\/exceladvisor.org\/de\/wp-content\/uploads\/2023\/11\/exceladvisor.org_.png\",\"width\":105,\"height\":36,\"caption\":\"Excel Advisor\"},\"image\":{\"@id\":\"https:\/\/exceladvisor.org\/de\/#\/schema\/logo\/image\/\"}}]}<\/script>\n<!-- \/ Yoast SEO plugin. -->","yoast_head_json":{"title":"\u25b7 Wie zeige ich das Lineal in Excel an? (Tutorial 2023)","description":"In Excel gibt es eine Option zum Anzeigen eines Lineals um Zeilen und Spalten, das Ihnen beim Ausrichten von Objekten helfen kann","robots":{"index":"index","follow":"follow","max-snippet":"max-snippet:-1","max-image-preview":"max-image-preview:large","max-video-preview":"max-video-preview:-1"},"canonical":"https:\/\/exceladvisor.org\/de\/herrscher\/","og_locale":"de_DE","og_type":"article","og_title":"\u25b7 Wie zeige ich das Lineal in Excel an? (Tutorial 2023)","og_description":"In Excel gibt es eine Option zum Anzeigen eines Lineals um Zeilen und Spalten, das Ihnen beim Ausrichten von Objekten helfen kann","og_url":"https:\/\/exceladvisor.org\/de\/herrscher\/","og_site_name":"Excel Advisor","article_modified_time":"2023-12-03T13:06:06+00:00","og_image":[{"url":"https:\/\/exceladvisor.org\/wp-content\/uploads\/2023\/08\/1-regle-autour-des-lignes-colonnes.png","type":"","width":"","height":""}],"twitter_card":"summary_large_image","twitter_misc":{"Gesch\u00e4tzte Lesezeit":"1\u00a0Minute"},"schema":{"@context":"https:\/\/schema.org","@graph":[{"@type":"WebPage","@id":"https:\/\/exceladvisor.org\/de\/herrscher\/","url":"https:\/\/exceladvisor.org\/de\/herrscher\/","name":"\u25b7 Wie zeige ich das Lineal in Excel an? (Tutorial 2023)","isPartOf":{"@id":"https:\/\/exceladvisor.org\/de\/#website"},"primaryImageOfPage":{"@id":"https:\/\/exceladvisor.org\/de\/herrscher\/#primaryimage"},"image":{"@id":"https:\/\/exceladvisor.org\/de\/herrscher\/#primaryimage"},"thumbnailUrl":"https:\/\/exceladvisor.org\/wp-content\/uploads\/2023\/08\/1-regle-autour-des-lignes-colonnes.png","datePublished":"2023-09-25T21:58:39+00:00","dateModified":"2023-12-03T13:06:06+00:00","description":"In Excel gibt es eine Option zum Anzeigen eines Lineals um Zeilen und Spalten, das Ihnen beim Ausrichten von Objekten helfen kann","breadcrumb":{"@id":"https:\/\/exceladvisor.org\/de\/herrscher\/#breadcrumb"},"inLanguage":"de","potentialAction":[{"@type":"ReadAction","target":["https:\/\/exceladvisor.org\/de\/herrscher\/"]}]},{"@type":"ImageObject","inLanguage":"de","@id":"https:\/\/exceladvisor.org\/de\/herrscher\/#primaryimage","url":"https:\/\/exceladvisor.org\/wp-content\/uploads\/2023\/08\/1-regle-autour-des-lignes-colonnes.png","contentUrl":"https:\/\/exceladvisor.org\/wp-content\/uploads\/2023\/08\/1-regle-autour-des-lignes-colonnes.png"},{"@type":"BreadcrumbList","@id":"https:\/\/exceladvisor.org\/de\/herrscher\/#breadcrumb","itemListElement":[{"@type":"ListItem","position":1,"name":"Accueil","item":"https:\/\/exceladvisor.org\/de\/"},{"@type":"ListItem","position":2,"name":"Wie zeige ich das lineal in excel an?"}]},{"@type":"WebSite","@id":"https:\/\/exceladvisor.org\/de\/#website","url":"https:\/\/exceladvisor.org\/de\/","name":"Excel Advisor","description":"Ihr Leitfaden zur Datendominanz","publisher":{"@id":"https:\/\/exceladvisor.org\/de\/#organization"},"potentialAction":[{"@type":"SearchAction","target":{"@type":"EntryPoint","urlTemplate":"https:\/\/exceladvisor.org\/de\/?s={search_term_string}"},"query-input":{"@type":"PropertyValueSpecification","valueRequired":true,"valueName":"search_term_string"}}],"inLanguage":"de"},{"@type":"Organization","@id":"https:\/\/exceladvisor.org\/de\/#organization","name":"Excel Advisor","url":"https:\/\/exceladvisor.org\/de\/","logo":{"@type":"ImageObject","inLanguage":"de","@id":"https:\/\/exceladvisor.org\/de\/#\/schema\/logo\/image\/","url":"https:\/\/exceladvisor.org\/de\/wp-content\/uploads\/2023\/11\/exceladvisor.org_.png","contentUrl":"https:\/\/exceladvisor.org\/de\/wp-content\/uploads\/2023\/11\/exceladvisor.org_.png","width":105,"height":36,"caption":"Excel Advisor"},"image":{"@id":"https:\/\/exceladvisor.org\/de\/#\/schema\/logo\/image\/"}}]}},"yoast_meta":{"yoast_wpseo_title":"","yoast_wpseo_metadesc":"","yoast_wpseo_canonical":""},"_links":{"self":[{"href":"https:\/\/exceladvisor.org\/de\/wp-json\/wp\/v2\/pages\/3672","targetHints":{"allow":["GET"]}}],"collection":[{"href":"https:\/\/exceladvisor.org\/de\/wp-json\/wp\/v2\/pages"}],"about":[{"href":"https:\/\/exceladvisor.org\/de\/wp-json\/wp\/v2\/types\/page"}],"author":[{"embeddable":true,"href":"https:\/\/exceladvisor.org\/de\/wp-json\/wp\/v2\/users\/1"}],"replies":[{"embeddable":true,"href":"https:\/\/exceladvisor.org\/de\/wp-json\/wp\/v2\/comments?post=3672"}],"version-history":[{"count":1,"href":"https:\/\/exceladvisor.org\/de\/wp-json\/wp\/v2\/pages\/3672\/revisions"}],"predecessor-version":[{"id":4434,"href":"https:\/\/exceladvisor.org\/de\/wp-json\/wp\/v2\/pages\/3672\/revisions\/4434"}],"wp:attachment":[{"href":"https:\/\/exceladvisor.org\/de\/wp-json\/wp\/v2\/media?parent=3672"}],"curies":[{"name":"wp","href":"https:\/\/api.w.org\/{rel}","templated":true}]}}