{"id":3674,"date":"2023-09-25T20:59:33","date_gmt":"2023-09-25T20:59:33","guid":{"rendered":"https:\/\/exceladvisor.org\/de\/prozentformat\/"},"modified":"2023-12-03T13:05:35","modified_gmt":"2023-12-03T13:05:35","slug":"prozentformat","status":"publish","type":"page","link":"https:\/\/exceladvisor.org\/de\/prozentformat\/","title":{"rendered":"Wie wende ich das prozentformat an?"},"content":{"rendered":"<div class=\"excel-vor-dem-inhalt\" id=\"excel-694250285\"><script type=\"text\/javascript\">\r\n\tatOptions = {\r\n\t\t'key' : 'c1158f160081d6540a8409e6925dab94',\r\n\t\t'format' : 'iframe',\r\n\t\t'height' : 250,\r\n\t\t'width' : 300,\r\n\t\t'params' : {}\r\n\t};\r\n<\/script>\r\n<script type=\"text\/javascript\" src=\"\/\/www.highperformanceformat.com\/c1158f160081d6540a8409e6925dab94\/invoke.js\"><\/script><\/div> <p>Wenn Sie in Excel mit Daten arbeiten, m\u00f6chten Sie die Datenausgaben\/-ergebnisse h\u00e4ufig als Prozentsatz statt als Zahl anzeigen. Dies k\u00f6nnen Sie erreichen, indem Sie das Prozentformat auf den Zellbereich anwenden, in dem Sie Zahlen anzeigen m\u00f6chten. in Prozentform.<\/p><p> Benutzer k\u00f6nnen das Prozentformat manuell oder sehr schnell \u00fcber eine Tastenkombination anwenden. In diesem Tutorial haben wir die Tastenkombination zum Anwenden des Prozentformats erkl\u00e4rt.<\/p><h2 class=\"wp-block-heading\"> Tastenkombination zum Anwenden des Prozentformats in Excel<\/h2><p> Die Tastenkombination zum Anwenden des Prozentformats ist unten aufgef\u00fchrt:<\/p><p> <kbd>Strg<\/kbd> + <kbd>Umschalt<\/kbd> + <kbd>%<\/kbd> <\/p><div class=\"wp-block-image\"><figure class=\"aligncenter size-full is-resized\"><img loading=\"lazy\" decoding=\"async\" class=\"wp-image-72769\" src=\"https:\/\/exceladvisor.org\/wp-content\/uploads\/2023\/08\/1-raccourci-de-format-de-pourcentage.png\" sizes=\"auto, \" srcset=\"\" alt=\"Shortcut-Format-Prozentsatz\" width=\"758\" height=\"297\"><\/figure><\/div><h2 class=\"wp-block-heading\"> Schritte zum Anwenden des Prozentformats mithilfe einer Tastenkombination<\/h2><ul><li> W\u00e4hlen Sie zun\u00e4chst die Zellen, Spalten oder Zellbereiche aus, auf die Sie das Prozentformat anwenden m\u00f6chten. <\/li><\/ul><div class=\"wp-block-image\"><figure class=\"aligncenter size-full is-resized\"><img loading=\"lazy\" decoding=\"async\" class=\"wp-image-72770\" src=\"https:\/\/exceladvisor.org\/wp-content\/uploads\/2023\/08\/2-appliquer-le-raccourci-de-format-de-pourcentage.png\" sizes=\"auto, \" srcset=\"\" alt=\"Verkn\u00fcpfung zum Prozentformat-Anwenden\" width=\"607\" height=\"248\"><\/figure><\/div><ul><li> Dr\u00fccken Sie nach der Auswahl einfach gleichzeitig die Tasten \u201eStrg + Umschalt + %\u201c und Ihre Werte im Zahlenformat werden in das Prozentformat umgewandelt. <\/li><\/ul><div class=\"wp-block-image\"><figure class=\"aligncenter size-full is-resized\"><img loading=\"lazy\" decoding=\"async\" class=\"wp-image-72771\" src=\"https:\/\/exceladvisor.org\/wp-content\/uploads\/2023\/08\/3-nombres-convertis-au-format-pourcentage.png\" sizes=\"auto, \" srcset=\"\" alt=\"Zahlen-in-Prozent-Format konvertiert\" width=\"626\" height=\"261\"><\/figure><\/div><div class=\"gb-container gb-container-2116538e gb-container-mt\"> <a class=\"gb-button gb-button-f7d2c131 gb-button-text gb-button-mt-button\" href=\"https:\/\/exceladvisor.org\/de\/tastaturkurzel\/\">Tastenkombinationen f\u00fcr Excel-PDFs<\/a><h2 class=\"gb-headline gb-headline-7ed68554 gb-headline-text gb-headline-mt-heading\"> Weitere Verkn\u00fcpfungen <\/h2><div class=\"gb-grid-wrapper gb-grid-wrapper-edeef538 gb-grid-wrapper-mt-grid\"><div class=\"gb-grid-column gb-grid-column-6ab6fbc6\"><div class=\"gb-container gb-container-6ab6fbc6\"><ul><li> <a href=\"https:\/\/exceladvisor.org\/de\/wahrungsformat\/\">W\u00e4hrungsformat anwenden<\/a><\/li><li> <a href=\"https:\/\/exceladvisor.org\/de\/datumsformat\/\">Datumsformat anwenden<\/a><\/li><li> <a href=\"https:\/\/exceladvisor.org\/de\/zeitformat\/\">Zeitformat anwenden<\/a> <\/li><\/ul><\/div><\/div><div class=\"gb-grid-column gb-grid-column-766d598b\"><div class=\"gb-container gb-container-766d598b\"><\/div><\/div><\/div><\/div>","protected":false},"excerpt":{"rendered":"","protected":false},"author":1,"featured_media":0,"parent":0,"menu_order":0,"comment_status":"open","ping_status":"closed","template":"","meta":{"ub_ctt_via":"","footnotes":""},"class_list":["post-3674","page","type-page","status-publish","hentry"],"featured_image_src":null,"yoast_head":"<!-- This site is optimized with the Yoast SEO plugin v25.4 - https:\/\/yoast.com\/wordpress\/plugins\/seo\/ -->\n<title>Wie wende ich das Prozentformat an? (Excel-Verkn\u00fcpfung)<\/title>\n<meta name=\"description\" content=\"Benutzer k\u00f6nnen das Prozentformat manuell oder sehr schnell \u00fcber die Tastenkombination anwenden und,\" \/>\n<meta name=\"robots\" content=\"index, follow, max-snippet:-1, max-image-preview:large, max-video-preview:-1\" \/>\n<link rel=\"canonical\" href=\"https:\/\/exceladvisor.org\/de\/prozentformat\/\" \/>\n<meta property=\"og:locale\" content=\"de_DE\" \/>\n<meta property=\"og:type\" content=\"article\" \/>\n<meta property=\"og:title\" content=\"Wie wende ich das Prozentformat an? (Excel-Verkn\u00fcpfung)\" \/>\n<meta property=\"og:description\" content=\"Benutzer k\u00f6nnen das Prozentformat manuell oder sehr schnell \u00fcber die Tastenkombination anwenden und,\" \/>\n<meta property=\"og:url\" content=\"https:\/\/exceladvisor.org\/de\/prozentformat\/\" \/>\n<meta property=\"og:site_name\" content=\"Excel Advisor\" \/>\n<meta property=\"article:modified_time\" content=\"2023-12-03T13:05:35+00:00\" \/>\n<meta property=\"og:image\" content=\"https:\/\/exceladvisor.org\/wp-content\/uploads\/2023\/08\/1-raccourci-de-format-de-pourcentage.png\" \/>\n<meta name=\"twitter:card\" content=\"summary_large_image\" \/>\n<meta name=\"twitter:label1\" content=\"Gesch\u00e4tzte Lesezeit\" \/>\n\t<meta name=\"twitter:data1\" content=\"1\u00a0Minute\" \/>\n<script type=\"application\/ld+json\" class=\"yoast-schema-graph\">{\"@context\":\"https:\/\/schema.org\",\"@graph\":[{\"@type\":\"WebPage\",\"@id\":\"https:\/\/exceladvisor.org\/de\/prozentformat\/\",\"url\":\"https:\/\/exceladvisor.org\/de\/prozentformat\/\",\"name\":\"Wie wende ich das Prozentformat an? (Excel-Verkn\u00fcpfung)\",\"isPartOf\":{\"@id\":\"https:\/\/exceladvisor.org\/de\/#website\"},\"primaryImageOfPage\":{\"@id\":\"https:\/\/exceladvisor.org\/de\/prozentformat\/#primaryimage\"},\"image\":{\"@id\":\"https:\/\/exceladvisor.org\/de\/prozentformat\/#primaryimage\"},\"thumbnailUrl\":\"https:\/\/exceladvisor.org\/wp-content\/uploads\/2023\/08\/1-raccourci-de-format-de-pourcentage.png\",\"datePublished\":\"2023-09-25T20:59:33+00:00\",\"dateModified\":\"2023-12-03T13:05:35+00:00\",\"description\":\"Benutzer k\u00f6nnen das Prozentformat manuell oder sehr schnell \u00fcber die Tastenkombination anwenden und,\",\"breadcrumb\":{\"@id\":\"https:\/\/exceladvisor.org\/de\/prozentformat\/#breadcrumb\"},\"inLanguage\":\"de\",\"potentialAction\":[{\"@type\":\"ReadAction\",\"target\":[\"https:\/\/exceladvisor.org\/de\/prozentformat\/\"]}]},{\"@type\":\"ImageObject\",\"inLanguage\":\"de\",\"@id\":\"https:\/\/exceladvisor.org\/de\/prozentformat\/#primaryimage\",\"url\":\"https:\/\/exceladvisor.org\/wp-content\/uploads\/2023\/08\/1-raccourci-de-format-de-pourcentage.png\",\"contentUrl\":\"https:\/\/exceladvisor.org\/wp-content\/uploads\/2023\/08\/1-raccourci-de-format-de-pourcentage.png\"},{\"@type\":\"BreadcrumbList\",\"@id\":\"https:\/\/exceladvisor.org\/de\/prozentformat\/#breadcrumb\",\"itemListElement\":[{\"@type\":\"ListItem\",\"position\":1,\"name\":\"Accueil\",\"item\":\"https:\/\/exceladvisor.org\/de\/\"},{\"@type\":\"ListItem\",\"position\":2,\"name\":\"Wie wende ich das prozentformat an?\"}]},{\"@type\":\"WebSite\",\"@id\":\"https:\/\/exceladvisor.org\/de\/#website\",\"url\":\"https:\/\/exceladvisor.org\/de\/\",\"name\":\"Excel Advisor\",\"description\":\"Ihr Leitfaden zur Datendominanz\",\"publisher\":{\"@id\":\"https:\/\/exceladvisor.org\/de\/#organization\"},\"potentialAction\":[{\"@type\":\"SearchAction\",\"target\":{\"@type\":\"EntryPoint\",\"urlTemplate\":\"https:\/\/exceladvisor.org\/de\/?s={search_term_string}\"},\"query-input\":{\"@type\":\"PropertyValueSpecification\",\"valueRequired\":true,\"valueName\":\"search_term_string\"}}],\"inLanguage\":\"de\"},{\"@type\":\"Organization\",\"@id\":\"https:\/\/exceladvisor.org\/de\/#organization\",\"name\":\"Excel Advisor\",\"url\":\"https:\/\/exceladvisor.org\/de\/\",\"logo\":{\"@type\":\"ImageObject\",\"inLanguage\":\"de\",\"@id\":\"https:\/\/exceladvisor.org\/de\/#\/schema\/logo\/image\/\",\"url\":\"https:\/\/exceladvisor.org\/de\/wp-content\/uploads\/2023\/11\/exceladvisor.org_.png\",\"contentUrl\":\"https:\/\/exceladvisor.org\/de\/wp-content\/uploads\/2023\/11\/exceladvisor.org_.png\",\"width\":105,\"height\":36,\"caption\":\"Excel Advisor\"},\"image\":{\"@id\":\"https:\/\/exceladvisor.org\/de\/#\/schema\/logo\/image\/\"}}]}<\/script>\n<!-- \/ Yoast SEO plugin. -->","yoast_head_json":{"title":"Wie wende ich das Prozentformat an? (Excel-Verkn\u00fcpfung)","description":"Benutzer k\u00f6nnen das Prozentformat manuell oder sehr schnell \u00fcber die Tastenkombination anwenden und,","robots":{"index":"index","follow":"follow","max-snippet":"max-snippet:-1","max-image-preview":"max-image-preview:large","max-video-preview":"max-video-preview:-1"},"canonical":"https:\/\/exceladvisor.org\/de\/prozentformat\/","og_locale":"de_DE","og_type":"article","og_title":"Wie wende ich das Prozentformat an? (Excel-Verkn\u00fcpfung)","og_description":"Benutzer k\u00f6nnen das Prozentformat manuell oder sehr schnell \u00fcber die Tastenkombination anwenden und,","og_url":"https:\/\/exceladvisor.org\/de\/prozentformat\/","og_site_name":"Excel Advisor","article_modified_time":"2023-12-03T13:05:35+00:00","og_image":[{"url":"https:\/\/exceladvisor.org\/wp-content\/uploads\/2023\/08\/1-raccourci-de-format-de-pourcentage.png","type":"","width":"","height":""}],"twitter_card":"summary_large_image","twitter_misc":{"Gesch\u00e4tzte Lesezeit":"1\u00a0Minute"},"schema":{"@context":"https:\/\/schema.org","@graph":[{"@type":"WebPage","@id":"https:\/\/exceladvisor.org\/de\/prozentformat\/","url":"https:\/\/exceladvisor.org\/de\/prozentformat\/","name":"Wie wende ich das Prozentformat an? (Excel-Verkn\u00fcpfung)","isPartOf":{"@id":"https:\/\/exceladvisor.org\/de\/#website"},"primaryImageOfPage":{"@id":"https:\/\/exceladvisor.org\/de\/prozentformat\/#primaryimage"},"image":{"@id":"https:\/\/exceladvisor.org\/de\/prozentformat\/#primaryimage"},"thumbnailUrl":"https:\/\/exceladvisor.org\/wp-content\/uploads\/2023\/08\/1-raccourci-de-format-de-pourcentage.png","datePublished":"2023-09-25T20:59:33+00:00","dateModified":"2023-12-03T13:05:35+00:00","description":"Benutzer k\u00f6nnen das Prozentformat manuell oder sehr schnell \u00fcber die Tastenkombination anwenden und,","breadcrumb":{"@id":"https:\/\/exceladvisor.org\/de\/prozentformat\/#breadcrumb"},"inLanguage":"de","potentialAction":[{"@type":"ReadAction","target":["https:\/\/exceladvisor.org\/de\/prozentformat\/"]}]},{"@type":"ImageObject","inLanguage":"de","@id":"https:\/\/exceladvisor.org\/de\/prozentformat\/#primaryimage","url":"https:\/\/exceladvisor.org\/wp-content\/uploads\/2023\/08\/1-raccourci-de-format-de-pourcentage.png","contentUrl":"https:\/\/exceladvisor.org\/wp-content\/uploads\/2023\/08\/1-raccourci-de-format-de-pourcentage.png"},{"@type":"BreadcrumbList","@id":"https:\/\/exceladvisor.org\/de\/prozentformat\/#breadcrumb","itemListElement":[{"@type":"ListItem","position":1,"name":"Accueil","item":"https:\/\/exceladvisor.org\/de\/"},{"@type":"ListItem","position":2,"name":"Wie wende ich das prozentformat an?"}]},{"@type":"WebSite","@id":"https:\/\/exceladvisor.org\/de\/#website","url":"https:\/\/exceladvisor.org\/de\/","name":"Excel Advisor","description":"Ihr Leitfaden zur Datendominanz","publisher":{"@id":"https:\/\/exceladvisor.org\/de\/#organization"},"potentialAction":[{"@type":"SearchAction","target":{"@type":"EntryPoint","urlTemplate":"https:\/\/exceladvisor.org\/de\/?s={search_term_string}"},"query-input":{"@type":"PropertyValueSpecification","valueRequired":true,"valueName":"search_term_string"}}],"inLanguage":"de"},{"@type":"Organization","@id":"https:\/\/exceladvisor.org\/de\/#organization","name":"Excel Advisor","url":"https:\/\/exceladvisor.org\/de\/","logo":{"@type":"ImageObject","inLanguage":"de","@id":"https:\/\/exceladvisor.org\/de\/#\/schema\/logo\/image\/","url":"https:\/\/exceladvisor.org\/de\/wp-content\/uploads\/2023\/11\/exceladvisor.org_.png","contentUrl":"https:\/\/exceladvisor.org\/de\/wp-content\/uploads\/2023\/11\/exceladvisor.org_.png","width":105,"height":36,"caption":"Excel Advisor"},"image":{"@id":"https:\/\/exceladvisor.org\/de\/#\/schema\/logo\/image\/"}}]}},"yoast_meta":{"yoast_wpseo_title":"","yoast_wpseo_metadesc":"","yoast_wpseo_canonical":""},"_links":{"self":[{"href":"https:\/\/exceladvisor.org\/de\/wp-json\/wp\/v2\/pages\/3674","targetHints":{"allow":["GET"]}}],"collection":[{"href":"https:\/\/exceladvisor.org\/de\/wp-json\/wp\/v2\/pages"}],"about":[{"href":"https:\/\/exceladvisor.org\/de\/wp-json\/wp\/v2\/types\/page"}],"author":[{"embeddable":true,"href":"https:\/\/exceladvisor.org\/de\/wp-json\/wp\/v2\/users\/1"}],"replies":[{"embeddable":true,"href":"https:\/\/exceladvisor.org\/de\/wp-json\/wp\/v2\/comments?post=3674"}],"version-history":[{"count":1,"href":"https:\/\/exceladvisor.org\/de\/wp-json\/wp\/v2\/pages\/3674\/revisions"}],"predecessor-version":[{"id":4403,"href":"https:\/\/exceladvisor.org\/de\/wp-json\/wp\/v2\/pages\/3674\/revisions\/4403"}],"wp:attachment":[{"href":"https:\/\/exceladvisor.org\/de\/wp-json\/wp\/v2\/media?parent=3674"}],"curies":[{"name":"wp","href":"https:\/\/api.w.org\/{rel}","templated":true}]}}