{"id":3675,"date":"2023-09-25T20:42:27","date_gmt":"2023-09-25T20:42:27","guid":{"rendered":"https:\/\/exceladvisor.org\/de\/vba-loop-array\/"},"modified":"2023-12-03T13:04:27","modified_gmt":"2023-12-03T13:04:27","slug":"vba-loop-array","status":"publish","type":"page","link":"https:\/\/exceladvisor.org\/de\/vba-loop-array\/","title":{"rendered":"Wie navigiere ich in vba durch ein array?"},"content":{"rendered":"<div class=\"excel-vor-dem-inhalt\" id=\"excel-2665943534\"><script type=\"text\/javascript\">\r\n\tatOptions = {\r\n\t\t'key' : 'c1158f160081d6540a8409e6925dab94',\r\n\t\t'format' : 'iframe',\r\n\t\t'height' : 250,\r\n\t\t'width' : 300,\r\n\t\t'params' : {}\r\n\t};\r\n<\/script>\r\n<script type=\"text\/javascript\" src=\"\/\/www.highperformanceformat.com\/c1158f160081d6540a8409e6925dab94\/invoke.js\"><\/script><\/div> <p>In VBA k\u00f6nnen Sie zum Durchlaufen eines Arrays die <a href=\"https:\/\/exceladvisor.org\/de\/fur-die-schleife\/\">For-Schleife (For Next)<\/a> verwenden. Und um diesen Schleifencode zu schreiben, m\u00fcssen Sie die <a href=\"https:\/\/exceladvisor.org\/de\/arraygrosse\/\">Gr\u00f6\u00dfe des Arrays (obere und untere Grenze)<\/a> kennen, damit Sie beide als Z\u00e4hler f\u00fcr die Schleife verwenden k\u00f6nnen. Grunds\u00e4tzlich beginnt die for-Schleife beim ersten Element des Arrays und f\u00fchrt eine Schleife bis zum letzten durch.<\/p><p> Sie haben die folgende Tabelle mit f\u00fcnf Elementen von 1 bis 5 und in diesen Elementen haben Sie Zahlen. Die Idee besteht also darin, Code zu schreiben, der diese f\u00fcnf Elemente durchlaufen und ihn dann mit 2 multiplizieren kann. <\/p><div class=\"wp-block-image\"><figure class=\"aligncenter size-large is-resized\"><img loading=\"lazy\" decoding=\"async\" class=\"wp-image-57171\" src=\"https:\/\/exceladvisor.org\/wp-content\/uploads\/2023\/08\/1-boucle-vba-a-travers-un-tableau-1.png\" sizes=\"auto, \" srcset=\"\" alt=\"vba-loop-through-a-radius-1\" width=\"352\" height=\"413\"><\/figure><\/div><h2 class=\"wp-block-heading\"> <strong>Durchlaufen Sie ein Array in VBA<\/strong><\/h2><ol><li> Zun\u00e4chst m\u00fcssen Sie die Ober- und Untergrenze des Arrays kennen und dazu die Funktionen UBOUND und LBOUND verwenden. <br><img loading=\"lazy\" decoding=\"async\" title=\"2-terminal-oben-unten-2\" src=\"https:\/\/exceladvisor.org\/wp-content\/uploads\/2023\/08\/2-limite-superieure-et-inferieure-2.png\" sizes=\"auto, \" srcset=\"\" alt=\"\" width=\"416\" height=\"336\"><\/li><li> Anschlie\u00dfend m\u00fcssen Sie diese Grenzwerte verwenden, um einen Z\u00e4hler f\u00fcr die Schleife zu erstellen. <br><img loading=\"lazy\" decoding=\"async\" title=\"3-Terminals-um-einen-gegen-3 zu schaffen\" src=\"https:\/\/exceladvisor.org\/wp-content\/uploads\/2023\/08\/3-bornes-pour-creer-un-compteur-3.png\" sizes=\"auto, \" srcset=\"\" alt=\"\" width=\"403\" height=\"379\"><\/li><li> Als n\u00e4chstes m\u00fcssen Sie einen Zeilencode schreiben, um den Wert des Elements mit 2 zu multiplizieren. Diese Codezeile nimmt den Wert des Elements selbst und multipliziert ihn dann. <br><img loading=\"lazy\" decoding=\"async\" title=\"4-zeiliger Code zum Multiplizieren von Element 4\" src=\"https:\/\/exceladvisor.org\/wp-content\/uploads\/2023\/08\/Code-de-4-lignes-pour-multiplier-lelement-4.png\" sizes=\"auto, \" srcset=\"\" alt=\"\" width=\"404\" height=\"394\"><\/li><li> Verwenden Sie am Ende das Schl\u00fcsselwort \u201eNext\u201c, um den Schleifencode zu schlie\u00dfen. <br><img loading=\"lazy\" decoding=\"async\" title=\"5-n\u00e4chste-Tastatur-zum-Schlie\u00dfen-Schleife-5\" src=\"https:\/\/exceladvisor.org\/wp-content\/uploads\/2023\/08\/5-clavier-suivant-pour-boucler-la-boucle-5.png\" sizes=\"auto, \" srcset=\"\" alt=\"\" width=\"406\" height=\"491\"><\/li><\/ol><p> Hier ist der vollst\u00e4ndige Code.<\/p><pre class=\"wp-block-code\"> <code class=\"language-visual-basic\" lang=\"visual-basic\">Option Base 1 Sub vba_array_loop() Dim myArray(5) As Integer myArray(1) = 10 myArray(2) = 20 myArray(3) = 30 myArray(4) = 40 myArray(5) = 50 Dim uB As Integer, lB As Integer uB = UBound(myArray) lB = LBound(myArray) For i = lB To uB myArray(i) = myArray(i) * 2 Next i End Sub<\/code><\/pre><div class=\"gb-container gb-container-4db6181c gb-container-mt\"> <a class=\"gb-button gb-button-c5897111 gb-button-text gb-button-mt-button\" href=\"https:\/\/exceladvisor.org\/de\/vba\/\">Was ist VBA<\/a><h2 class=\"gb-headline gb-headline-665e5f6b gb-headline-text gb-headline-mt-heading\"> Erfahren Sie mehr \u00fcber <a href=\"https:\/\/exceladvisor.org\/de\/gemalde\/\">VBA-Tabellen<\/a> <\/h2><div class=\"gb-grid-wrapper gb-grid-wrapper-a20baf7c gb-grid-wrapper-mt-grid\"><div class=\"gb-grid-column gb-grid-column-65ddf67e\"><div class=\"gb-container gb-container-65ddf67e\"><ul><li> <a href=\"https:\/\/exceladvisor.org\/de\/fugen-sie-ein-neues-wertearray-hinzu\/\">VBA Neuen Wert zum Array hinzuf\u00fcgen<\/a><\/li><li> <a href=\"https:\/\/exceladvisor.org\/de\/arraygrosse\/\">VBA-Array-L\u00e4nge (Gr\u00f6\u00dfe)<\/a><\/li><li> <a href=\"https:\/\/exceladvisor.org\/de\/tisch-mit-ketten\/\">VBA-Array mit Strings<\/a><\/li><li> <a href=\"https:\/\/exceladvisor.org\/de\/losch-die-tafel\/\">VBA Array l\u00f6schen<\/a><\/li><li> <a href=\"https:\/\/exceladvisor.org\/de\/dynamische-tabelle\/\">Dynamische Tabelle VBA<\/a> <\/li><\/ul><\/div><\/div><div class=\"gb-grid-column gb-grid-column-50067b57\"><div class=\"gb-container gb-container-50067b57\"><\/div><\/div><\/div><\/div>","protected":false},"excerpt":{"rendered":"","protected":false},"author":1,"featured_media":0,"parent":0,"menu_order":0,"comment_status":"open","ping_status":"closed","template":"","meta":{"ub_ctt_via":"","footnotes":""},"class_list":["post-3675","page","type-page","status-publish","hentry"],"featured_image_src":null,"yoast_head":"<!-- This site is optimized with the Yoast SEO plugin v25.4 - https:\/\/yoast.com\/wordpress\/plugins\/seo\/ -->\n<title>\u25b7 Wie durchsuche ich eine Tabelle in VBA? (Tutorial 2023)<\/title>\n<meta name=\"description\" content=\"Um For-Schleifencode zu schreiben, m\u00fcssen Sie die Gr\u00f6\u00dfe des Arrays (Ober- und Untergrenze) kennen, damit Sie es verwenden k\u00f6nnen\" \/>\n<meta name=\"robots\" content=\"index, follow, max-snippet:-1, max-image-preview:large, max-video-preview:-1\" \/>\n<link rel=\"canonical\" href=\"https:\/\/exceladvisor.org\/de\/vba-loop-array\/\" \/>\n<meta property=\"og:locale\" content=\"de_DE\" \/>\n<meta property=\"og:type\" content=\"article\" \/>\n<meta property=\"og:title\" content=\"\u25b7 Wie durchsuche ich eine Tabelle in VBA? (Tutorial 2023)\" \/>\n<meta property=\"og:description\" content=\"Um For-Schleifencode zu schreiben, m\u00fcssen Sie die Gr\u00f6\u00dfe des Arrays (Ober- und Untergrenze) kennen, damit Sie es verwenden k\u00f6nnen\" \/>\n<meta property=\"og:url\" content=\"https:\/\/exceladvisor.org\/de\/vba-loop-array\/\" \/>\n<meta property=\"og:site_name\" content=\"Excel Advisor\" \/>\n<meta property=\"article:modified_time\" content=\"2023-12-03T13:04:27+00:00\" \/>\n<meta property=\"og:image\" content=\"https:\/\/exceladvisor.org\/wp-content\/uploads\/2023\/08\/1-boucle-vba-a-travers-un-tableau-1.png\" \/>\n<meta name=\"twitter:card\" content=\"summary_large_image\" \/>\n<meta name=\"twitter:label1\" content=\"Gesch\u00e4tzte Lesezeit\" \/>\n\t<meta name=\"twitter:data1\" content=\"1\u00a0Minute\" \/>\n<script type=\"application\/ld+json\" class=\"yoast-schema-graph\">{\"@context\":\"https:\/\/schema.org\",\"@graph\":[{\"@type\":\"WebPage\",\"@id\":\"https:\/\/exceladvisor.org\/de\/vba-loop-array\/\",\"url\":\"https:\/\/exceladvisor.org\/de\/vba-loop-array\/\",\"name\":\"\u25b7 Wie durchsuche ich eine Tabelle in VBA? (Tutorial 2023)\",\"isPartOf\":{\"@id\":\"https:\/\/exceladvisor.org\/de\/#website\"},\"primaryImageOfPage\":{\"@id\":\"https:\/\/exceladvisor.org\/de\/vba-loop-array\/#primaryimage\"},\"image\":{\"@id\":\"https:\/\/exceladvisor.org\/de\/vba-loop-array\/#primaryimage\"},\"thumbnailUrl\":\"https:\/\/exceladvisor.org\/wp-content\/uploads\/2023\/08\/1-boucle-vba-a-travers-un-tableau-1.png\",\"datePublished\":\"2023-09-25T20:42:27+00:00\",\"dateModified\":\"2023-12-03T13:04:27+00:00\",\"description\":\"Um For-Schleifencode zu schreiben, m\u00fcssen Sie die Gr\u00f6\u00dfe des Arrays (Ober- und Untergrenze) kennen, damit Sie es verwenden k\u00f6nnen\",\"breadcrumb\":{\"@id\":\"https:\/\/exceladvisor.org\/de\/vba-loop-array\/#breadcrumb\"},\"inLanguage\":\"de\",\"potentialAction\":[{\"@type\":\"ReadAction\",\"target\":[\"https:\/\/exceladvisor.org\/de\/vba-loop-array\/\"]}]},{\"@type\":\"ImageObject\",\"inLanguage\":\"de\",\"@id\":\"https:\/\/exceladvisor.org\/de\/vba-loop-array\/#primaryimage\",\"url\":\"https:\/\/exceladvisor.org\/wp-content\/uploads\/2023\/08\/1-boucle-vba-a-travers-un-tableau-1.png\",\"contentUrl\":\"https:\/\/exceladvisor.org\/wp-content\/uploads\/2023\/08\/1-boucle-vba-a-travers-un-tableau-1.png\"},{\"@type\":\"BreadcrumbList\",\"@id\":\"https:\/\/exceladvisor.org\/de\/vba-loop-array\/#breadcrumb\",\"itemListElement\":[{\"@type\":\"ListItem\",\"position\":1,\"name\":\"Accueil\",\"item\":\"https:\/\/exceladvisor.org\/de\/\"},{\"@type\":\"ListItem\",\"position\":2,\"name\":\"Wie navigiere ich in vba durch ein array?\"}]},{\"@type\":\"WebSite\",\"@id\":\"https:\/\/exceladvisor.org\/de\/#website\",\"url\":\"https:\/\/exceladvisor.org\/de\/\",\"name\":\"Excel Advisor\",\"description\":\"Ihr Leitfaden zur Datendominanz\",\"publisher\":{\"@id\":\"https:\/\/exceladvisor.org\/de\/#organization\"},\"potentialAction\":[{\"@type\":\"SearchAction\",\"target\":{\"@type\":\"EntryPoint\",\"urlTemplate\":\"https:\/\/exceladvisor.org\/de\/?s={search_term_string}\"},\"query-input\":{\"@type\":\"PropertyValueSpecification\",\"valueRequired\":true,\"valueName\":\"search_term_string\"}}],\"inLanguage\":\"de\"},{\"@type\":\"Organization\",\"@id\":\"https:\/\/exceladvisor.org\/de\/#organization\",\"name\":\"Excel Advisor\",\"url\":\"https:\/\/exceladvisor.org\/de\/\",\"logo\":{\"@type\":\"ImageObject\",\"inLanguage\":\"de\",\"@id\":\"https:\/\/exceladvisor.org\/de\/#\/schema\/logo\/image\/\",\"url\":\"https:\/\/exceladvisor.org\/de\/wp-content\/uploads\/2023\/11\/exceladvisor.org_.png\",\"contentUrl\":\"https:\/\/exceladvisor.org\/de\/wp-content\/uploads\/2023\/11\/exceladvisor.org_.png\",\"width\":105,\"height\":36,\"caption\":\"Excel Advisor\"},\"image\":{\"@id\":\"https:\/\/exceladvisor.org\/de\/#\/schema\/logo\/image\/\"}}]}<\/script>\n<!-- \/ Yoast SEO plugin. -->","yoast_head_json":{"title":"\u25b7 Wie durchsuche ich eine Tabelle in VBA? (Tutorial 2023)","description":"Um For-Schleifencode zu schreiben, m\u00fcssen Sie die Gr\u00f6\u00dfe des Arrays (Ober- und Untergrenze) kennen, damit Sie es verwenden k\u00f6nnen","robots":{"index":"index","follow":"follow","max-snippet":"max-snippet:-1","max-image-preview":"max-image-preview:large","max-video-preview":"max-video-preview:-1"},"canonical":"https:\/\/exceladvisor.org\/de\/vba-loop-array\/","og_locale":"de_DE","og_type":"article","og_title":"\u25b7 Wie durchsuche ich eine Tabelle in VBA? (Tutorial 2023)","og_description":"Um For-Schleifencode zu schreiben, m\u00fcssen Sie die Gr\u00f6\u00dfe des Arrays (Ober- und Untergrenze) kennen, damit Sie es verwenden k\u00f6nnen","og_url":"https:\/\/exceladvisor.org\/de\/vba-loop-array\/","og_site_name":"Excel Advisor","article_modified_time":"2023-12-03T13:04:27+00:00","og_image":[{"url":"https:\/\/exceladvisor.org\/wp-content\/uploads\/2023\/08\/1-boucle-vba-a-travers-un-tableau-1.png","type":"","width":"","height":""}],"twitter_card":"summary_large_image","twitter_misc":{"Gesch\u00e4tzte Lesezeit":"1\u00a0Minute"},"schema":{"@context":"https:\/\/schema.org","@graph":[{"@type":"WebPage","@id":"https:\/\/exceladvisor.org\/de\/vba-loop-array\/","url":"https:\/\/exceladvisor.org\/de\/vba-loop-array\/","name":"\u25b7 Wie durchsuche ich eine Tabelle in VBA? (Tutorial 2023)","isPartOf":{"@id":"https:\/\/exceladvisor.org\/de\/#website"},"primaryImageOfPage":{"@id":"https:\/\/exceladvisor.org\/de\/vba-loop-array\/#primaryimage"},"image":{"@id":"https:\/\/exceladvisor.org\/de\/vba-loop-array\/#primaryimage"},"thumbnailUrl":"https:\/\/exceladvisor.org\/wp-content\/uploads\/2023\/08\/1-boucle-vba-a-travers-un-tableau-1.png","datePublished":"2023-09-25T20:42:27+00:00","dateModified":"2023-12-03T13:04:27+00:00","description":"Um For-Schleifencode zu schreiben, m\u00fcssen Sie die Gr\u00f6\u00dfe des Arrays (Ober- und Untergrenze) kennen, damit Sie es verwenden k\u00f6nnen","breadcrumb":{"@id":"https:\/\/exceladvisor.org\/de\/vba-loop-array\/#breadcrumb"},"inLanguage":"de","potentialAction":[{"@type":"ReadAction","target":["https:\/\/exceladvisor.org\/de\/vba-loop-array\/"]}]},{"@type":"ImageObject","inLanguage":"de","@id":"https:\/\/exceladvisor.org\/de\/vba-loop-array\/#primaryimage","url":"https:\/\/exceladvisor.org\/wp-content\/uploads\/2023\/08\/1-boucle-vba-a-travers-un-tableau-1.png","contentUrl":"https:\/\/exceladvisor.org\/wp-content\/uploads\/2023\/08\/1-boucle-vba-a-travers-un-tableau-1.png"},{"@type":"BreadcrumbList","@id":"https:\/\/exceladvisor.org\/de\/vba-loop-array\/#breadcrumb","itemListElement":[{"@type":"ListItem","position":1,"name":"Accueil","item":"https:\/\/exceladvisor.org\/de\/"},{"@type":"ListItem","position":2,"name":"Wie navigiere ich in vba durch ein array?"}]},{"@type":"WebSite","@id":"https:\/\/exceladvisor.org\/de\/#website","url":"https:\/\/exceladvisor.org\/de\/","name":"Excel Advisor","description":"Ihr Leitfaden zur Datendominanz","publisher":{"@id":"https:\/\/exceladvisor.org\/de\/#organization"},"potentialAction":[{"@type":"SearchAction","target":{"@type":"EntryPoint","urlTemplate":"https:\/\/exceladvisor.org\/de\/?s={search_term_string}"},"query-input":{"@type":"PropertyValueSpecification","valueRequired":true,"valueName":"search_term_string"}}],"inLanguage":"de"},{"@type":"Organization","@id":"https:\/\/exceladvisor.org\/de\/#organization","name":"Excel Advisor","url":"https:\/\/exceladvisor.org\/de\/","logo":{"@type":"ImageObject","inLanguage":"de","@id":"https:\/\/exceladvisor.org\/de\/#\/schema\/logo\/image\/","url":"https:\/\/exceladvisor.org\/de\/wp-content\/uploads\/2023\/11\/exceladvisor.org_.png","contentUrl":"https:\/\/exceladvisor.org\/de\/wp-content\/uploads\/2023\/11\/exceladvisor.org_.png","width":105,"height":36,"caption":"Excel Advisor"},"image":{"@id":"https:\/\/exceladvisor.org\/de\/#\/schema\/logo\/image\/"}}]}},"yoast_meta":{"yoast_wpseo_title":"","yoast_wpseo_metadesc":"","yoast_wpseo_canonical":""},"_links":{"self":[{"href":"https:\/\/exceladvisor.org\/de\/wp-json\/wp\/v2\/pages\/3675","targetHints":{"allow":["GET"]}}],"collection":[{"href":"https:\/\/exceladvisor.org\/de\/wp-json\/wp\/v2\/pages"}],"about":[{"href":"https:\/\/exceladvisor.org\/de\/wp-json\/wp\/v2\/types\/page"}],"author":[{"embeddable":true,"href":"https:\/\/exceladvisor.org\/de\/wp-json\/wp\/v2\/users\/1"}],"replies":[{"embeddable":true,"href":"https:\/\/exceladvisor.org\/de\/wp-json\/wp\/v2\/comments?post=3675"}],"version-history":[{"count":1,"href":"https:\/\/exceladvisor.org\/de\/wp-json\/wp\/v2\/pages\/3675\/revisions"}],"predecessor-version":[{"id":4157,"href":"https:\/\/exceladvisor.org\/de\/wp-json\/wp\/v2\/pages\/3675\/revisions\/4157"}],"wp:attachment":[{"href":"https:\/\/exceladvisor.org\/de\/wp-json\/wp\/v2\/media?parent=3675"}],"curies":[{"name":"wp","href":"https:\/\/api.w.org\/{rel}","templated":true}]}}