{"id":3679,"date":"2023-09-25T19:09:38","date_gmt":"2023-09-25T19:09:38","guid":{"rendered":"https:\/\/exceladvisor.org\/de\/aktive-zelle\/"},"modified":"2023-12-03T11:13:21","modified_gmt":"2023-12-03T11:13:21","slug":"aktive-zelle","status":"publish","type":"page","link":"https:\/\/exceladvisor.org\/de\/aktive-zelle\/","title":{"rendered":"Was sind aktive zellen in excel?"},"content":{"rendered":"<div class=\"excel-vor-dem-inhalt\" id=\"excel-1515670562\"><script type=\"text\/javascript\">\r\n\tatOptions = {\r\n\t\t'key' : 'c1158f160081d6540a8409e6925dab94',\r\n\t\t'format' : 'iframe',\r\n\t\t'height' : 250,\r\n\t\t'width' : 300,\r\n\t\t'params' : {}\r\n\t};\r\n<\/script>\r\n<script type=\"text\/javascript\" src=\"\/\/www.highperformanceformat.com\/c1158f160081d6540a8409e6925dab94\/invoke.js\"><\/script><\/div> <p>Wenn Sie eine Zelle im Arbeitsblatt ausw\u00e4hlen, ist diese Zelle die aktive Zelle. Um zu sehen, welche Zelle aktiv ist, suchen Sie die Zelle mit dem dicken dunkelgr\u00fcnen Rand und sehen Sie sich die Adresse der aktiven Zelle in der Adressleiste an. Wenn Sie dann mit der Dateneingabe \u00fcber Ihre Tastatur beginnen, wird diese direkt in die aktive Zelle eingegeben. <\/p><div class=\"wp-block-image\"><figure class=\"aligncenter size-full is-resized\"><img loading=\"lazy\" decoding=\"async\" class=\"wp-image-84276\" src=\"https:\/\/exceladvisor.org\/wp-content\/uploads\/2023\/08\/1-cellule-active-dans-excel.png\" sizes=\"auto, \" srcset=\"\" alt=\"aktive-zelle-in-excel\" width=\"331\" height=\"378\"><\/figure><\/div><h2 class=\"wp-block-heading\"> Geben Sie Daten in die aktive Zelle ein<\/h2><p> Sie k\u00f6nnen auf zwei Arten Daten in die aktive Zelle eingeben:<\/p><ul><li> Geben Sie Daten \u00fcber die Tastatur ein.<\/li><li> F\u00fcgen Sie es dort ein, w\u00e4hrend Sie es von einer anderen Stelle kopieren.<\/li><\/ul><h3 class=\"wp-block-heading\"> Geben Sie Daten \u00fcber die Tastatur ein<\/h3><p> Um es einzugeben, m\u00fcssen Sie mit der Eingabe \u00fcber Ihre Tastatur beginnen. Alternativ k\u00f6nnen Sie auch die Tastenkombination F2 verwenden, um die Zelle zu bearbeiten und dann Daten durch Tippen einzugeben. <\/p><div class=\"wp-block-image\"><figure class=\"aligncenter size-full is-resized\"><img loading=\"lazy\" decoding=\"async\" class=\"wp-image-84277\" src=\"https:\/\/exceladvisor.org\/wp-content\/uploads\/2023\/08\/2-saisir-les-donnees-dans-la-cellule-active.png\" sizes=\"auto, \" srcset=\"\" alt=\"Geben Sie Daten in die aktive Zelle ein\" width=\"407\" height=\"283\"><\/figure><\/div><p> Wenn Sie eine Funktion in die aktive Zelle eingeben m\u00f6chten, k\u00f6nnen Sie \u201eGleich\u201c eingeben und dann mit der Eingabe der Funktion beginnen, die Sie verwenden m\u00f6chten. <\/p><div class=\"wp-block-image\"><figure class=\"aligncenter size-full is-resized\"><img loading=\"lazy\" decoding=\"async\" class=\"wp-image-84278\" src=\"https:\/\/exceladvisor.org\/wp-content\/uploads\/2023\/08\/3-entrez-la-fonction-dans-la-cellule-active.png\" sizes=\"auto, \" srcset=\"\" alt=\"Eintragsfunktion-in-aktiver-Zelle\" width=\"516\" height=\"305\"><\/figure><\/div><h3 class=\"wp-block-heading\"> Daten kopieren und einf\u00fcgen<\/h3><p> Sie k\u00f6nnen auch Kopieren und Einf\u00fcgen verwenden, um Daten zur aktiven Zelle hinzuzuf\u00fcgen. Verwenden Sie die Tastenkombinationen Strg + C zum Kopieren und Strg + V zum Einf\u00fcgen. ( <a href=\"https:\/\/exceladvisor.org\/de\/kopieren-einfugen\/\">Kopieren und Einf\u00fcgen<\/a> )<\/p><h2 class=\"wp-block-heading\"> Navigieren<\/h2><p> Wenn Sie von einer Zelle zur anderen navigieren, wird eine andere Zelle zur aktiven Zelle. Wenn Ihre aktive Zelle beispielsweise B2 ist, k\u00f6nnen Sie mit der Pfeiltaste auf Ihrer Tastatur navigieren. <\/p><div class=\"wp-block-image\"><figure class=\"aligncenter size-full is-resized\"><img loading=\"lazy\" decoding=\"async\" class=\"wp-image-84279\" src=\"https:\/\/exceladvisor.org\/wp-content\/uploads\/2023\/08\/4-naviguer-dune-cellule-a-lautre.png\" sizes=\"auto, \" srcset=\"\" alt=\"Navigieren Sie von einer Zelle zur anderen\" width=\"413\" height=\"316\"><\/figure><\/div><p> Die andere Methode besteht darin, mit der Maus auf die Zelle zu klicken, die Sie ausw\u00e4hlen m\u00f6chten. Diese ausgew\u00e4hlte Zelle wird dann zur aktiven Zelle.<\/p><div class=\"gb-container gb-container-4db6181c gb-container-mt\"> <a class=\"gb-button gb-button-c5897111 gb-button-text gb-button-mt-button\" href=\"https:\/\/exceladvisor.org\/de\/excel-fortschritt\/\">Erweiterte Excel-Tutorials<\/a><h2 class=\"gb-headline gb-headline-665e5f6b gb-headline-text gb-headline-mt-heading\"> Verwandte Tutorials <\/h2><div class=\"gb-grid-wrapper gb-grid-wrapper-a20baf7c gb-grid-wrapper-mt-grid\"><div class=\"gb-grid-column gb-grid-column-65ddf67e\"><div class=\"gb-container gb-container-65ddf67e\"><ul><li> <a href=\"https:\/\/exceladvisor.org\/de\/hyperlinks-hinzufugen-und-entfernen\/\">F\u00fcgen Sie Hyperlinks in Excel hinzu und entfernen Sie sie<\/a><\/li><li> <a href=\"https:\/\/exceladvisor.org\/de\/wasserzeichen-hinzufugen\/\">F\u00fcgen Sie in Excel ein Wasserzeichen hinzu<\/a><\/li><li> <a href=\"https:\/\/exceladvisor.org\/de\/entfernen-sie-ausgeblendete-zeilenspalten\/\">L\u00f6schen Sie ausgeblendete Zeilen in Excel<\/a><\/li><li> <a href=\"https:\/\/exceladvisor.org\/de\/zellen-abwahlen\/\">Zellen in Excel abw\u00e4hlen<\/a><\/li><li> <a href=\"https:\/\/exceladvisor.org\/de\/fugen-sie-eine-spalte-hinzu\/\">F\u00fcgen Sie eine Spalte in Excel hinzu<\/a> <\/li><\/ul><\/div><\/div><div class=\"gb-grid-column gb-grid-column-50067b57\"><div class=\"gb-container gb-container-50067b57\"><\/div><\/div><\/div><\/div>","protected":false},"excerpt":{"rendered":"","protected":false},"author":1,"featured_media":0,"parent":0,"menu_order":0,"comment_status":"open","ping_status":"closed","template":"","meta":{"ub_ctt_via":"","footnotes":""},"class_list":["post-3679","page","type-page","status-publish","hentry"],"featured_image_src":null,"yoast_head":"<!-- This site is optimized with the Yoast SEO plugin v25.4 - https:\/\/yoast.com\/wordpress\/plugins\/seo\/ -->\n<title>\u25b7 Was sind aktive Zellen in Excel? (Leitfaden 2023)<\/title>\n<meta name=\"description\" content=\"Wenn Sie eine Zelle im Arbeitsblatt ausw\u00e4hlen, ist diese Zelle die aktive Zelle. Um zu sehen, welche Zelle aktiv ist\" \/>\n<meta name=\"robots\" content=\"index, follow, max-snippet:-1, max-image-preview:large, max-video-preview:-1\" \/>\n<link rel=\"canonical\" href=\"https:\/\/exceladvisor.org\/de\/aktive-zelle\/\" \/>\n<meta property=\"og:locale\" content=\"de_DE\" \/>\n<meta property=\"og:type\" content=\"article\" \/>\n<meta property=\"og:title\" content=\"\u25b7 Was sind aktive Zellen in Excel? (Leitfaden 2023)\" \/>\n<meta property=\"og:description\" content=\"Wenn Sie eine Zelle im Arbeitsblatt ausw\u00e4hlen, ist diese Zelle die aktive Zelle. Um zu sehen, welche Zelle aktiv ist\" \/>\n<meta property=\"og:url\" content=\"https:\/\/exceladvisor.org\/de\/aktive-zelle\/\" \/>\n<meta property=\"og:site_name\" content=\"Excel Advisor\" \/>\n<meta property=\"article:modified_time\" content=\"2023-12-03T11:13:21+00:00\" \/>\n<meta property=\"og:image\" content=\"https:\/\/exceladvisor.org\/wp-content\/uploads\/2023\/08\/1-cellule-active-dans-excel.png\" \/>\n<meta name=\"twitter:card\" content=\"summary_large_image\" \/>\n<meta name=\"twitter:label1\" content=\"Gesch\u00e4tzte Lesezeit\" \/>\n\t<meta name=\"twitter:data1\" content=\"2\u00a0Minuten\" \/>\n<script type=\"application\/ld+json\" class=\"yoast-schema-graph\">{\"@context\":\"https:\/\/schema.org\",\"@graph\":[{\"@type\":\"WebPage\",\"@id\":\"https:\/\/exceladvisor.org\/de\/aktive-zelle\/\",\"url\":\"https:\/\/exceladvisor.org\/de\/aktive-zelle\/\",\"name\":\"\u25b7 Was sind aktive Zellen in Excel? (Leitfaden 2023)\",\"isPartOf\":{\"@id\":\"https:\/\/exceladvisor.org\/de\/#website\"},\"primaryImageOfPage\":{\"@id\":\"https:\/\/exceladvisor.org\/de\/aktive-zelle\/#primaryimage\"},\"image\":{\"@id\":\"https:\/\/exceladvisor.org\/de\/aktive-zelle\/#primaryimage\"},\"thumbnailUrl\":\"https:\/\/exceladvisor.org\/wp-content\/uploads\/2023\/08\/1-cellule-active-dans-excel.png\",\"datePublished\":\"2023-09-25T19:09:38+00:00\",\"dateModified\":\"2023-12-03T11:13:21+00:00\",\"description\":\"Wenn Sie eine Zelle im Arbeitsblatt ausw\u00e4hlen, ist diese Zelle die aktive Zelle. Um zu sehen, welche Zelle aktiv ist\",\"breadcrumb\":{\"@id\":\"https:\/\/exceladvisor.org\/de\/aktive-zelle\/#breadcrumb\"},\"inLanguage\":\"de\",\"potentialAction\":[{\"@type\":\"ReadAction\",\"target\":[\"https:\/\/exceladvisor.org\/de\/aktive-zelle\/\"]}]},{\"@type\":\"ImageObject\",\"inLanguage\":\"de\",\"@id\":\"https:\/\/exceladvisor.org\/de\/aktive-zelle\/#primaryimage\",\"url\":\"https:\/\/exceladvisor.org\/wp-content\/uploads\/2023\/08\/1-cellule-active-dans-excel.png\",\"contentUrl\":\"https:\/\/exceladvisor.org\/wp-content\/uploads\/2023\/08\/1-cellule-active-dans-excel.png\"},{\"@type\":\"BreadcrumbList\",\"@id\":\"https:\/\/exceladvisor.org\/de\/aktive-zelle\/#breadcrumb\",\"itemListElement\":[{\"@type\":\"ListItem\",\"position\":1,\"name\":\"Accueil\",\"item\":\"https:\/\/exceladvisor.org\/de\/\"},{\"@type\":\"ListItem\",\"position\":2,\"name\":\"Was sind aktive zellen in excel?\"}]},{\"@type\":\"WebSite\",\"@id\":\"https:\/\/exceladvisor.org\/de\/#website\",\"url\":\"https:\/\/exceladvisor.org\/de\/\",\"name\":\"Excel Advisor\",\"description\":\"Ihr Leitfaden zur Datendominanz\",\"publisher\":{\"@id\":\"https:\/\/exceladvisor.org\/de\/#organization\"},\"potentialAction\":[{\"@type\":\"SearchAction\",\"target\":{\"@type\":\"EntryPoint\",\"urlTemplate\":\"https:\/\/exceladvisor.org\/de\/?s={search_term_string}\"},\"query-input\":{\"@type\":\"PropertyValueSpecification\",\"valueRequired\":true,\"valueName\":\"search_term_string\"}}],\"inLanguage\":\"de\"},{\"@type\":\"Organization\",\"@id\":\"https:\/\/exceladvisor.org\/de\/#organization\",\"name\":\"Excel Advisor\",\"url\":\"https:\/\/exceladvisor.org\/de\/\",\"logo\":{\"@type\":\"ImageObject\",\"inLanguage\":\"de\",\"@id\":\"https:\/\/exceladvisor.org\/de\/#\/schema\/logo\/image\/\",\"url\":\"https:\/\/exceladvisor.org\/de\/wp-content\/uploads\/2023\/11\/exceladvisor.org_.png\",\"contentUrl\":\"https:\/\/exceladvisor.org\/de\/wp-content\/uploads\/2023\/11\/exceladvisor.org_.png\",\"width\":105,\"height\":36,\"caption\":\"Excel Advisor\"},\"image\":{\"@id\":\"https:\/\/exceladvisor.org\/de\/#\/schema\/logo\/image\/\"}}]}<\/script>\n<!-- \/ Yoast SEO plugin. -->","yoast_head_json":{"title":"\u25b7 Was sind aktive Zellen in Excel? (Leitfaden 2023)","description":"Wenn Sie eine Zelle im Arbeitsblatt ausw\u00e4hlen, ist diese Zelle die aktive Zelle. Um zu sehen, welche Zelle aktiv ist","robots":{"index":"index","follow":"follow","max-snippet":"max-snippet:-1","max-image-preview":"max-image-preview:large","max-video-preview":"max-video-preview:-1"},"canonical":"https:\/\/exceladvisor.org\/de\/aktive-zelle\/","og_locale":"de_DE","og_type":"article","og_title":"\u25b7 Was sind aktive Zellen in Excel? (Leitfaden 2023)","og_description":"Wenn Sie eine Zelle im Arbeitsblatt ausw\u00e4hlen, ist diese Zelle die aktive Zelle. Um zu sehen, welche Zelle aktiv ist","og_url":"https:\/\/exceladvisor.org\/de\/aktive-zelle\/","og_site_name":"Excel Advisor","article_modified_time":"2023-12-03T11:13:21+00:00","og_image":[{"url":"https:\/\/exceladvisor.org\/wp-content\/uploads\/2023\/08\/1-cellule-active-dans-excel.png","type":"","width":"","height":""}],"twitter_card":"summary_large_image","twitter_misc":{"Gesch\u00e4tzte Lesezeit":"2\u00a0Minuten"},"schema":{"@context":"https:\/\/schema.org","@graph":[{"@type":"WebPage","@id":"https:\/\/exceladvisor.org\/de\/aktive-zelle\/","url":"https:\/\/exceladvisor.org\/de\/aktive-zelle\/","name":"\u25b7 Was sind aktive Zellen in Excel? (Leitfaden 2023)","isPartOf":{"@id":"https:\/\/exceladvisor.org\/de\/#website"},"primaryImageOfPage":{"@id":"https:\/\/exceladvisor.org\/de\/aktive-zelle\/#primaryimage"},"image":{"@id":"https:\/\/exceladvisor.org\/de\/aktive-zelle\/#primaryimage"},"thumbnailUrl":"https:\/\/exceladvisor.org\/wp-content\/uploads\/2023\/08\/1-cellule-active-dans-excel.png","datePublished":"2023-09-25T19:09:38+00:00","dateModified":"2023-12-03T11:13:21+00:00","description":"Wenn Sie eine Zelle im Arbeitsblatt ausw\u00e4hlen, ist diese Zelle die aktive Zelle. Um zu sehen, welche Zelle aktiv ist","breadcrumb":{"@id":"https:\/\/exceladvisor.org\/de\/aktive-zelle\/#breadcrumb"},"inLanguage":"de","potentialAction":[{"@type":"ReadAction","target":["https:\/\/exceladvisor.org\/de\/aktive-zelle\/"]}]},{"@type":"ImageObject","inLanguage":"de","@id":"https:\/\/exceladvisor.org\/de\/aktive-zelle\/#primaryimage","url":"https:\/\/exceladvisor.org\/wp-content\/uploads\/2023\/08\/1-cellule-active-dans-excel.png","contentUrl":"https:\/\/exceladvisor.org\/wp-content\/uploads\/2023\/08\/1-cellule-active-dans-excel.png"},{"@type":"BreadcrumbList","@id":"https:\/\/exceladvisor.org\/de\/aktive-zelle\/#breadcrumb","itemListElement":[{"@type":"ListItem","position":1,"name":"Accueil","item":"https:\/\/exceladvisor.org\/de\/"},{"@type":"ListItem","position":2,"name":"Was sind aktive zellen in excel?"}]},{"@type":"WebSite","@id":"https:\/\/exceladvisor.org\/de\/#website","url":"https:\/\/exceladvisor.org\/de\/","name":"Excel Advisor","description":"Ihr Leitfaden zur Datendominanz","publisher":{"@id":"https:\/\/exceladvisor.org\/de\/#organization"},"potentialAction":[{"@type":"SearchAction","target":{"@type":"EntryPoint","urlTemplate":"https:\/\/exceladvisor.org\/de\/?s={search_term_string}"},"query-input":{"@type":"PropertyValueSpecification","valueRequired":true,"valueName":"search_term_string"}}],"inLanguage":"de"},{"@type":"Organization","@id":"https:\/\/exceladvisor.org\/de\/#organization","name":"Excel Advisor","url":"https:\/\/exceladvisor.org\/de\/","logo":{"@type":"ImageObject","inLanguage":"de","@id":"https:\/\/exceladvisor.org\/de\/#\/schema\/logo\/image\/","url":"https:\/\/exceladvisor.org\/de\/wp-content\/uploads\/2023\/11\/exceladvisor.org_.png","contentUrl":"https:\/\/exceladvisor.org\/de\/wp-content\/uploads\/2023\/11\/exceladvisor.org_.png","width":105,"height":36,"caption":"Excel Advisor"},"image":{"@id":"https:\/\/exceladvisor.org\/de\/#\/schema\/logo\/image\/"}}]}},"yoast_meta":{"yoast_wpseo_title":"","yoast_wpseo_metadesc":"","yoast_wpseo_canonical":""},"_links":{"self":[{"href":"https:\/\/exceladvisor.org\/de\/wp-json\/wp\/v2\/pages\/3679","targetHints":{"allow":["GET"]}}],"collection":[{"href":"https:\/\/exceladvisor.org\/de\/wp-json\/wp\/v2\/pages"}],"about":[{"href":"https:\/\/exceladvisor.org\/de\/wp-json\/wp\/v2\/types\/page"}],"author":[{"embeddable":true,"href":"https:\/\/exceladvisor.org\/de\/wp-json\/wp\/v2\/users\/1"}],"replies":[{"embeddable":true,"href":"https:\/\/exceladvisor.org\/de\/wp-json\/wp\/v2\/comments?post=3679"}],"version-history":[{"count":1,"href":"https:\/\/exceladvisor.org\/de\/wp-json\/wp\/v2\/pages\/3679\/revisions"}],"predecessor-version":[{"id":3828,"href":"https:\/\/exceladvisor.org\/de\/wp-json\/wp\/v2\/pages\/3679\/revisions\/3828"}],"wp:attachment":[{"href":"https:\/\/exceladvisor.org\/de\/wp-json\/wp\/v2\/media?parent=3679"}],"curies":[{"name":"wp","href":"https:\/\/api.w.org\/{rel}","templated":true}]}}