{"id":3681,"date":"2023-09-25T16:20:45","date_gmt":"2023-09-25T16:20:45","guid":{"rendered":"https:\/\/exceladvisor.org\/de\/automatische-anpassung-1\/"},"modified":"2023-12-03T13:04:38","modified_gmt":"2023-12-03T13:04:38","slug":"automatische-anpassung-1","status":"publish","type":"page","link":"https:\/\/exceladvisor.org\/de\/automatische-anpassung-1\/","title":{"rendered":"Wie passt man zeilen\/spalten in vba automatisch an?"},"content":{"rendered":"<div class=\"excel-vor-dem-inhalt\" id=\"excel-1537889823\"><script type=\"text\/javascript\">\r\n\tatOptions = {\r\n\t\t'key' : 'c1158f160081d6540a8409e6925dab94',\r\n\t\t'format' : 'iframe',\r\n\t\t'height' : 250,\r\n\t\t'width' : 300,\r\n\t\t'params' : {}\r\n\t};\r\n<\/script>\r\n<script type=\"text\/javascript\" src=\"\/\/www.highperformanceformat.com\/c1158f160081d6540a8409e6925dab94\/invoke.js\"><\/script><\/div> <p class=\"wp-block-heading\"><strong>Wichtige Punkte<\/strong><\/p><ul><li> In VBA k\u00f6nnen Sie die <strong>AutoFit-Methode<\/strong> verwenden, um Zeilen, Spalten und sogar ein ganzes Arbeitsblatt automatisch anzupassen.<\/li><li> Sie m\u00fcssen <a href=\"https:\/\/exceladvisor.org\/de\/bereich-1\/\" target=\"_blank\" rel=\"noreferrer noopener\">den Bereich angeben<\/a> , dann k\u00f6nnen Sie die AutoFit-Methode verwenden.<\/li><\/ul><h2 class=\"wp-block-heading\"> Spalte automatisch anpassen<\/h2><p> Nehmen wir an, Sie m\u00f6chten Spalte A automatisch anpassen. Der Code sieht etwa wie folgt aus: <\/p><pre class=\"wp-block-code\"> <code class=\"language-visual-basic\" lang=\"visual-basic\">Range(\"A1\").EntireColumn.AutoFit<\/code><\/pre><div class=\"wp-block-image\"><figure class=\"aligncenter size-large is-resized\"><img loading=\"lazy\" decoding=\"async\" class=\"wp-image-51714\" src=\"https:\/\/exceladvisor.org\/wp-content\/uploads\/2023\/08\/1-vba-sadapte-automatiquement-a-une-colonne.png\" sizes=\"auto, \" srcset=\"\" alt=\"vba-auto-fit-a-column\" width=\"392\" height=\"226\"><\/figure><\/div><p> In der obigen Codezeile haben Sie die EntireColumn-Eigenschaft verwendet, um auf die gesamte Spalte von Zelle A1 zu verweisen.<\/p><p> Da Sie sich in einer Tabelle befinden, k\u00f6nnen Sie auch die Eigenschaft columns verwenden und einen Code wie unten schreiben. <\/p><pre class=\"wp-block-code\"> <code class=\"language-visual-basic\" lang=\"visual-basic\">Columns(1).AutoFit<\/code><\/pre><div class=\"wp-block-image\"><figure class=\"aligncenter size-large is-resized\"><img loading=\"lazy\" decoding=\"async\" class=\"wp-image-51715\" src=\"https:\/\/exceladvisor.org\/wp-content\/uploads\/2023\/08\/2-utiliser-la-propriete-de-colonne.png\" sizes=\"auto, \" srcset=\"\" alt=\"use-column-property\" width=\"393\" height=\"229\"><\/figure><\/div><h2 class=\"wp-block-heading\"> Eine Linie automatisch anpassen<\/h2><p> Ebenso k\u00f6nnen Sie Code schreiben, um eine Zeile automatisch anzupassen. Nehmen wir an, Sie m\u00f6chten Zeile 5 automatisch anpassen, der Code w\u00e4re: <\/p><pre class=\"wp-block-code\"> <code class=\"language-visual-basic\" lang=\"visual-basic\">Range(\"A5\").EntireRow.AutoFit<\/code><\/pre><div class=\"wp-block-image\"><figure class=\"aligncenter size-large is-resized\"><img loading=\"lazy\" decoding=\"async\" class=\"wp-image-51716\" src=\"https:\/\/exceladvisor.org\/wp-content\/uploads\/2023\/08\/3-ajustement-automatique-dune-ligne.png\" sizes=\"auto, \" srcset=\"\" alt=\"Automatische Anpassung einer einzelnen Reihe\" width=\"404\" height=\"192\"><\/figure><\/div><p> Und wenn Sie die Zeileneigenschaft verwenden m\u00f6chten, k\u00f6nnen Sie den Code wie folgt verwenden. <\/p><pre class=\"wp-block-code\"> <code class=\"language-visual-basic\" lang=\"visual-basic\">Rows(5).AutoFit<\/code><\/pre><div class=\"wp-block-image\"><figure class=\"aligncenter size-large is-resized\"><img loading=\"lazy\" decoding=\"async\" class=\"wp-image-51717\" src=\"https:\/\/exceladvisor.org\/wp-content\/uploads\/2023\/08\/4-code-de-ligne-dajustement-automatique.png\" sizes=\"auto, \" srcset=\"\" alt=\"Zeilencode automatisch anpassen\" width=\"355\" height=\"189\"><\/figure><\/div><h2 class=\"wp-block-heading\"> AutoFit UsedRange (Zeilen und Spalten)<\/h2><p> Angenommen, Sie m\u00f6chten nur Spalten und Zeilen automatisch anpassen, die Daten enthalten. In VBA gibt es eine Eigenschaft namens \u201eused range\u201c, die Sie verwenden k\u00f6nnen. So w\u00e4re der Code. <\/p><pre class=\"wp-block-code\"> <code class=\"language-visual-basic\" lang=\"visual-basic\">ActiveSheet.UsedRange.EntireColumn.AutoFit ActiveSheet.UsedRange.EntireRow.AutoFit<\/code><\/pre><div class=\"wp-block-image\"><figure class=\"aligncenter size-large is-resized\"><img loading=\"lazy\" decoding=\"async\" class=\"wp-image-51718\" src=\"https:\/\/exceladvisor.org\/wp-content\/uploads\/2023\/08\/5-plage-dutilisation-dajustement-automatique.png\" sizes=\"auto, \" srcset=\"\" alt=\"Auto-Fit-Benutzerbereich\" width=\"479\" height=\"176\"><\/figure><\/div><p> Und wenn Sie eine bestimmte Tabelle verwenden m\u00f6chten, w\u00e4re der Code. <\/p><pre class=\"wp-block-code\"> <code class=\"language-visual-basic\" lang=\"visual-basic\">Worksheets(\"Sheet1\").UsedRange.EntireColumn.AutoFit Worksheets(\"Sheet1\").UsedRange.EntireRow.AutoFit<\/code><\/pre><div class=\"wp-block-image\"><figure class=\"aligncenter size-large is-resized\"><img loading=\"lazy\" decoding=\"async\" class=\"wp-image-51719\" src=\"https:\/\/exceladvisor.org\/wp-content\/uploads\/2023\/08\/6-ajustement-automatique-du-code-de-plage-utilise.png\" sizes=\"auto, \" srcset=\"\" alt=\"Auto-fit-usedrange-code\" width=\"512\" height=\"174\"><\/figure><\/div><h2 class=\"wp-block-heading\"> Gesamtes Arbeitsblatt automatisch anpassen<\/h2><p> Und wenn Sie sich auf alle Spalten und Zeilen im Arbeitsblatt beziehen m\u00f6chten, k\u00f6nnen Sie die Eigenschaft \u201eCELLS\u201c verwenden. Hier ist der Code. <\/p><pre class=\"wp-block-code\"> <code class=\"language-visual-basic\" lang=\"visual-basic\">Worksheets(\"Sheet1\").Cells.EntireColumn.AutoFit Worksheets(\"Sheet1\").Cells.EntireRow.AutoFit<\/code><\/pre><div class=\"wp-block-image\"><figure class=\"aligncenter size-large is-resized\"><img loading=\"lazy\" decoding=\"async\" class=\"wp-image-51720\" src=\"https:\/\/exceladvisor.org\/wp-content\/uploads\/2023\/08\/7-ajustement-automatique-de-la-feuille-de-travail-entiere.png\" sizes=\"auto, \" srcset=\"\" alt=\"Gesamtes Arbeitsblatt automatisch anpassen\" width=\"478\" height=\"189\"><\/figure><\/div><p> Oder Sie k\u00f6nnen auch <a href=\"https:\/\/exceladvisor.org\/de\/mit\/\">die WITH-Anweisung von VBA<\/a> verwenden, um Code wie den folgenden zu schreiben. <\/p><pre class=\"wp-block-code\"> <code class=\"language-visual-basic\" lang=\"visual-basic\">With Worksheets(\"Sheet1\").Cells .EntireColumn.AutoFit .EntireRow.AutoFit End With<\/code><\/pre><div class=\"wp-block-image\"><figure class=\"aligncenter size-large is-resized\"><img loading=\"lazy\" decoding=\"async\" class=\"wp-image-51721\" src=\"https:\/\/exceladvisor.org\/wp-content\/uploads\/2023\/08\/8-ajustement-automatique-du-code-de-la-feuille-de-calcul-entiere.png\" sizes=\"auto, \" srcset=\"\" alt=\"Auto-Fit-Integer-Worksheet-Code\" width=\"377\" height=\"223\"><\/figure><\/div><div class=\"gb-container gb-container-4db6181c gb-container-mt\"> <a class=\"gb-button gb-button-c5897111 gb-button-text gb-button-mt-button\" href=\"https:\/\/exceladvisor.org\/de\/vba\/\">Was ist VBA<\/a><h2 class=\"gb-headline gb-headline-665e5f6b gb-headline-text gb-headline-mt-heading\"> Verwandte Tutorials <\/h2><div class=\"gb-grid-wrapper gb-grid-wrapper-a20baf7c gb-grid-wrapper-mt-grid\"><div class=\"gb-grid-column gb-grid-column-65ddf67e\"><div class=\"gb-container gb-container-65ddf67e\"><ul><li> <a href=\"https:\/\/exceladvisor.org\/de\/anzahl-der-zeilen\/\">Z\u00e4hlen Sie Zeilen mit VBA in Excel<\/a><\/li><li> <a href=\"https:\/\/exceladvisor.org\/de\/zeichenschrift\/\">Excel VBA-Schriftart (Farbe, Gr\u00f6\u00dfe, Typ und Fett)<\/a><\/li><li> <a href=\"https:\/\/exceladvisor.org\/de\/spaltenzeile-ausblenden-und-anzeigen\/\">Excel VBA Eine Spalte oder Zeile ein- und ausblenden<\/a><\/li><li> <a href=\"https:\/\/exceladvisor.org\/de\/bereich-1\/\">Excel VBA-Bereich \u2013 Arbeiten mit Bereichen und Zellen<\/a><\/li><li> <a href=\"https:\/\/exceladvisor.org\/de\/grenzen\/\">Wenden Sie mit VBA in Excel Rahmen auf eine Zelle an<\/a> <\/li><\/ul><\/div><\/div><div class=\"gb-grid-column gb-grid-column-50067b57\"><div class=\"gb-container gb-container-50067b57\"><\/div><\/div><\/div><\/div>","protected":false},"excerpt":{"rendered":"","protected":false},"author":1,"featured_media":0,"parent":0,"menu_order":0,"comment_status":"open","ping_status":"closed","template":"","meta":{"ub_ctt_via":"","footnotes":""},"class_list":["post-3681","page","type-page","status-publish","hentry"],"featured_image_src":null,"yoast_head":"<!-- This site is optimized with the Yoast SEO plugin v25.4 - https:\/\/yoast.com\/wordpress\/plugins\/seo\/ -->\n<title>Wie passt man Zeilen\/Spalten in VBA automatisch an?<\/title>\n<meta name=\"description\" content=\"In diesem Tutorial erfahren Sie, wie Sie mit VBA die automatische Anpassung auf eine oder mehrere Spalten anwenden.\" \/>\n<meta name=\"robots\" content=\"index, follow, max-snippet:-1, max-image-preview:large, max-video-preview:-1\" \/>\n<link rel=\"canonical\" href=\"https:\/\/exceladvisor.org\/de\/automatische-anpassung-1\/\" \/>\n<meta property=\"og:locale\" content=\"de_DE\" \/>\n<meta property=\"og:type\" content=\"article\" \/>\n<meta property=\"og:title\" content=\"Wie passt man Zeilen\/Spalten in VBA automatisch an?\" \/>\n<meta property=\"og:description\" content=\"In diesem Tutorial erfahren Sie, wie Sie mit VBA die automatische Anpassung auf eine oder mehrere Spalten anwenden.\" \/>\n<meta property=\"og:url\" content=\"https:\/\/exceladvisor.org\/de\/automatische-anpassung-1\/\" \/>\n<meta property=\"og:site_name\" content=\"Excel Advisor\" \/>\n<meta property=\"article:modified_time\" content=\"2023-12-03T13:04:38+00:00\" \/>\n<meta property=\"og:image\" content=\"https:\/\/exceladvisor.org\/wp-content\/uploads\/2023\/08\/1-vba-sadapte-automatiquement-a-une-colonne.png\" \/>\n<meta name=\"twitter:card\" content=\"summary_large_image\" \/>\n<meta name=\"twitter:label1\" content=\"Gesch\u00e4tzte Lesezeit\" \/>\n\t<meta name=\"twitter:data1\" content=\"2\u00a0Minuten\" \/>\n<script type=\"application\/ld+json\" class=\"yoast-schema-graph\">{\"@context\":\"https:\/\/schema.org\",\"@graph\":[{\"@type\":\"WebPage\",\"@id\":\"https:\/\/exceladvisor.org\/de\/automatische-anpassung-1\/\",\"url\":\"https:\/\/exceladvisor.org\/de\/automatische-anpassung-1\/\",\"name\":\"Wie passt man Zeilen\/Spalten in VBA automatisch an?\",\"isPartOf\":{\"@id\":\"https:\/\/exceladvisor.org\/de\/#website\"},\"primaryImageOfPage\":{\"@id\":\"https:\/\/exceladvisor.org\/de\/automatische-anpassung-1\/#primaryimage\"},\"image\":{\"@id\":\"https:\/\/exceladvisor.org\/de\/automatische-anpassung-1\/#primaryimage\"},\"thumbnailUrl\":\"https:\/\/exceladvisor.org\/wp-content\/uploads\/2023\/08\/1-vba-sadapte-automatiquement-a-une-colonne.png\",\"datePublished\":\"2023-09-25T16:20:45+00:00\",\"dateModified\":\"2023-12-03T13:04:38+00:00\",\"description\":\"In diesem Tutorial erfahren Sie, wie Sie mit VBA die automatische Anpassung auf eine oder mehrere Spalten anwenden.\",\"breadcrumb\":{\"@id\":\"https:\/\/exceladvisor.org\/de\/automatische-anpassung-1\/#breadcrumb\"},\"inLanguage\":\"de\",\"potentialAction\":[{\"@type\":\"ReadAction\",\"target\":[\"https:\/\/exceladvisor.org\/de\/automatische-anpassung-1\/\"]}]},{\"@type\":\"ImageObject\",\"inLanguage\":\"de\",\"@id\":\"https:\/\/exceladvisor.org\/de\/automatische-anpassung-1\/#primaryimage\",\"url\":\"https:\/\/exceladvisor.org\/wp-content\/uploads\/2023\/08\/1-vba-sadapte-automatiquement-a-une-colonne.png\",\"contentUrl\":\"https:\/\/exceladvisor.org\/wp-content\/uploads\/2023\/08\/1-vba-sadapte-automatiquement-a-une-colonne.png\"},{\"@type\":\"BreadcrumbList\",\"@id\":\"https:\/\/exceladvisor.org\/de\/automatische-anpassung-1\/#breadcrumb\",\"itemListElement\":[{\"@type\":\"ListItem\",\"position\":1,\"name\":\"Accueil\",\"item\":\"https:\/\/exceladvisor.org\/de\/\"},{\"@type\":\"ListItem\",\"position\":2,\"name\":\"Wie passt man zeilen\/spalten in vba automatisch an?\"}]},{\"@type\":\"WebSite\",\"@id\":\"https:\/\/exceladvisor.org\/de\/#website\",\"url\":\"https:\/\/exceladvisor.org\/de\/\",\"name\":\"Excel Advisor\",\"description\":\"Ihr Leitfaden zur Datendominanz\",\"publisher\":{\"@id\":\"https:\/\/exceladvisor.org\/de\/#organization\"},\"potentialAction\":[{\"@type\":\"SearchAction\",\"target\":{\"@type\":\"EntryPoint\",\"urlTemplate\":\"https:\/\/exceladvisor.org\/de\/?s={search_term_string}\"},\"query-input\":{\"@type\":\"PropertyValueSpecification\",\"valueRequired\":true,\"valueName\":\"search_term_string\"}}],\"inLanguage\":\"de\"},{\"@type\":\"Organization\",\"@id\":\"https:\/\/exceladvisor.org\/de\/#organization\",\"name\":\"Excel Advisor\",\"url\":\"https:\/\/exceladvisor.org\/de\/\",\"logo\":{\"@type\":\"ImageObject\",\"inLanguage\":\"de\",\"@id\":\"https:\/\/exceladvisor.org\/de\/#\/schema\/logo\/image\/\",\"url\":\"https:\/\/exceladvisor.org\/de\/wp-content\/uploads\/2023\/11\/exceladvisor.org_.png\",\"contentUrl\":\"https:\/\/exceladvisor.org\/de\/wp-content\/uploads\/2023\/11\/exceladvisor.org_.png\",\"width\":105,\"height\":36,\"caption\":\"Excel Advisor\"},\"image\":{\"@id\":\"https:\/\/exceladvisor.org\/de\/#\/schema\/logo\/image\/\"}}]}<\/script>\n<!-- \/ Yoast SEO plugin. -->","yoast_head_json":{"title":"Wie passt man Zeilen\/Spalten in VBA automatisch an?","description":"In diesem Tutorial erfahren Sie, wie Sie mit VBA die automatische Anpassung auf eine oder mehrere Spalten anwenden.","robots":{"index":"index","follow":"follow","max-snippet":"max-snippet:-1","max-image-preview":"max-image-preview:large","max-video-preview":"max-video-preview:-1"},"canonical":"https:\/\/exceladvisor.org\/de\/automatische-anpassung-1\/","og_locale":"de_DE","og_type":"article","og_title":"Wie passt man Zeilen\/Spalten in VBA automatisch an?","og_description":"In diesem Tutorial erfahren Sie, wie Sie mit VBA die automatische Anpassung auf eine oder mehrere Spalten anwenden.","og_url":"https:\/\/exceladvisor.org\/de\/automatische-anpassung-1\/","og_site_name":"Excel Advisor","article_modified_time":"2023-12-03T13:04:38+00:00","og_image":[{"url":"https:\/\/exceladvisor.org\/wp-content\/uploads\/2023\/08\/1-vba-sadapte-automatiquement-a-une-colonne.png","type":"","width":"","height":""}],"twitter_card":"summary_large_image","twitter_misc":{"Gesch\u00e4tzte Lesezeit":"2\u00a0Minuten"},"schema":{"@context":"https:\/\/schema.org","@graph":[{"@type":"WebPage","@id":"https:\/\/exceladvisor.org\/de\/automatische-anpassung-1\/","url":"https:\/\/exceladvisor.org\/de\/automatische-anpassung-1\/","name":"Wie passt man Zeilen\/Spalten in VBA automatisch an?","isPartOf":{"@id":"https:\/\/exceladvisor.org\/de\/#website"},"primaryImageOfPage":{"@id":"https:\/\/exceladvisor.org\/de\/automatische-anpassung-1\/#primaryimage"},"image":{"@id":"https:\/\/exceladvisor.org\/de\/automatische-anpassung-1\/#primaryimage"},"thumbnailUrl":"https:\/\/exceladvisor.org\/wp-content\/uploads\/2023\/08\/1-vba-sadapte-automatiquement-a-une-colonne.png","datePublished":"2023-09-25T16:20:45+00:00","dateModified":"2023-12-03T13:04:38+00:00","description":"In diesem Tutorial erfahren Sie, wie Sie mit VBA die automatische Anpassung auf eine oder mehrere Spalten anwenden.","breadcrumb":{"@id":"https:\/\/exceladvisor.org\/de\/automatische-anpassung-1\/#breadcrumb"},"inLanguage":"de","potentialAction":[{"@type":"ReadAction","target":["https:\/\/exceladvisor.org\/de\/automatische-anpassung-1\/"]}]},{"@type":"ImageObject","inLanguage":"de","@id":"https:\/\/exceladvisor.org\/de\/automatische-anpassung-1\/#primaryimage","url":"https:\/\/exceladvisor.org\/wp-content\/uploads\/2023\/08\/1-vba-sadapte-automatiquement-a-une-colonne.png","contentUrl":"https:\/\/exceladvisor.org\/wp-content\/uploads\/2023\/08\/1-vba-sadapte-automatiquement-a-une-colonne.png"},{"@type":"BreadcrumbList","@id":"https:\/\/exceladvisor.org\/de\/automatische-anpassung-1\/#breadcrumb","itemListElement":[{"@type":"ListItem","position":1,"name":"Accueil","item":"https:\/\/exceladvisor.org\/de\/"},{"@type":"ListItem","position":2,"name":"Wie passt man zeilen\/spalten in vba automatisch an?"}]},{"@type":"WebSite","@id":"https:\/\/exceladvisor.org\/de\/#website","url":"https:\/\/exceladvisor.org\/de\/","name":"Excel Advisor","description":"Ihr Leitfaden zur Datendominanz","publisher":{"@id":"https:\/\/exceladvisor.org\/de\/#organization"},"potentialAction":[{"@type":"SearchAction","target":{"@type":"EntryPoint","urlTemplate":"https:\/\/exceladvisor.org\/de\/?s={search_term_string}"},"query-input":{"@type":"PropertyValueSpecification","valueRequired":true,"valueName":"search_term_string"}}],"inLanguage":"de"},{"@type":"Organization","@id":"https:\/\/exceladvisor.org\/de\/#organization","name":"Excel Advisor","url":"https:\/\/exceladvisor.org\/de\/","logo":{"@type":"ImageObject","inLanguage":"de","@id":"https:\/\/exceladvisor.org\/de\/#\/schema\/logo\/image\/","url":"https:\/\/exceladvisor.org\/de\/wp-content\/uploads\/2023\/11\/exceladvisor.org_.png","contentUrl":"https:\/\/exceladvisor.org\/de\/wp-content\/uploads\/2023\/11\/exceladvisor.org_.png","width":105,"height":36,"caption":"Excel Advisor"},"image":{"@id":"https:\/\/exceladvisor.org\/de\/#\/schema\/logo\/image\/"}}]}},"yoast_meta":{"yoast_wpseo_title":"","yoast_wpseo_metadesc":"","yoast_wpseo_canonical":""},"_links":{"self":[{"href":"https:\/\/exceladvisor.org\/de\/wp-json\/wp\/v2\/pages\/3681","targetHints":{"allow":["GET"]}}],"collection":[{"href":"https:\/\/exceladvisor.org\/de\/wp-json\/wp\/v2\/pages"}],"about":[{"href":"https:\/\/exceladvisor.org\/de\/wp-json\/wp\/v2\/types\/page"}],"author":[{"embeddable":true,"href":"https:\/\/exceladvisor.org\/de\/wp-json\/wp\/v2\/users\/1"}],"replies":[{"embeddable":true,"href":"https:\/\/exceladvisor.org\/de\/wp-json\/wp\/v2\/comments?post=3681"}],"version-history":[{"count":1,"href":"https:\/\/exceladvisor.org\/de\/wp-json\/wp\/v2\/pages\/3681\/revisions"}],"predecessor-version":[{"id":4168,"href":"https:\/\/exceladvisor.org\/de\/wp-json\/wp\/v2\/pages\/3681\/revisions\/4168"}],"wp:attachment":[{"href":"https:\/\/exceladvisor.org\/de\/wp-json\/wp\/v2\/media?parent=3681"}],"curies":[{"name":"wp","href":"https:\/\/api.w.org\/{rel}","templated":true}]}}