{"id":3682,"date":"2023-09-25T15:00:15","date_gmt":"2023-09-25T15:00:15","guid":{"rendered":"https:\/\/exceladvisor.org\/de\/schleifen\/"},"modified":"2023-12-03T11:13:05","modified_gmt":"2023-12-03T11:13:05","slug":"schleifen","status":"publish","type":"page","link":"https:\/\/exceladvisor.org\/de\/schleifen\/","title":{"rendered":"Vba-schleifen: der ultimative leitfaden f\u00fcr anf\u00e4nger"},"content":{"rendered":"<div class=\"excel-vor-dem-inhalt\" id=\"excel-597764793\"><script type=\"text\/javascript\">\r\n\tatOptions = {\r\n\t\t'key' : 'c1158f160081d6540a8409e6925dab94',\r\n\t\t'format' : 'iframe',\r\n\t\t'height' : 250,\r\n\t\t'width' : 300,\r\n\t\t'params' : {}\r\n\t};\r\n<\/script>\r\n<script type=\"text\/javascript\" src=\"\/\/www.highperformanceformat.com\/c1158f160081d6540a8409e6925dab94\/invoke.js\"><\/script><\/div> <p class=\"wp-block-heading\"><strong>Wichtige Punkte<\/strong><\/p><ol><li> Die Verwendung von Schleifen in VBA kann n\u00fctzlich sein, wenn Sie eine sich wiederholende Aufgabe ausf\u00fchren m\u00f6chten.<\/li><li> Sie k\u00f6nnen eine Schleife auch innerhalb einer anderen Schleife verwenden (Verschachtelung).<\/li><li> Seien Sie vorsichtig, wenn Sie eine Endlosschleife erstellen.<\/li><\/ol><h2 class=\"wp-block-heading\"> Was ist eine LOOP in VBA?<\/h2><p> In VBA ist eine LOOP eine Struktur, die eine Anweisung wiederholen kann. Einfach ausgedr\u00fcckt kann eine Schleife eine oder mehrere Aktivit\u00e4ten ausf\u00fchren und zum Anfang zur\u00fcckkehren, um eine bestimmte Anzahl von Malen oder bis eine Bedingung erf\u00fcllt ist, erneut zu beginnen. Dieser Zyklus der Ausf\u00fchrung einer Schleife wird als Iteration bezeichnet. <\/p><div class=\"wp-block-image\"><figure class=\"aligncenter size-large is-resized\"><img loading=\"lazy\" decoding=\"async\" class=\"wp-image-52033\" src=\"https:\/\/exceladvisor.org\/wp-content\/uploads\/2023\/08\/structure-de-boucle-vba1.png\" sizes=\"auto, \" srcset=\"\" alt=\"vba-loop-structure1\" width=\"499\" height=\"299\"><\/figure><\/div><h2 class=\"wp-block-heading\"> Arten von LOOPs in VBA<\/h2><p> In VBA gibt es sechs verschiedene Arten von Schleifen, die Sie verwenden k\u00f6nnen, Sie k\u00f6nnen sie aber auch in zwei grundlegende Kategorien beschreiben.<\/p><ol><li> <strong>F\u00fcr Next<\/strong> : Um FOR NEXT LOOP zu verwenden, m\u00fcssen Sie eine Zahl als Z\u00e4hler f\u00fcr die Anzahl der Schleifenausf\u00fchrungen festlegen. Wenn Sie eine 10-malige Schleife durchf\u00fchren m\u00f6chten, m\u00fcssen Sie diesen Wert f\u00fcr den Z\u00e4hler festlegen. <br><img loading=\"lazy\" decoding=\"async\" title=\"vba-for-next-loop\" src=\"https:\/\/exceladvisor.org\/wp-content\/uploads\/2023\/08\/vba-pour-la-boucle-suivante.png\" sizes=\"auto, \" srcset=\"\" alt=\"vba-for-next-loop\" width=\"521\" height=\"107\"><\/li><li> <strong>For Each<\/strong> : Mit FOR EACH k\u00f6nnen Sie alle Objekte in einer Objektsammlung durchsuchen. Da jede Sammlung \u00fcber eine festgelegte Anzahl von Objekten verf\u00fcgt, handelt es sich um eine feste Schleife.<\/li><li> <strong>While-Schleife ausf\u00fchren<\/strong> : Es testet eine Bedingung und f\u00fchrt dann die Aktivit\u00e4t weiter aus, solange diese Bedingung TRUE ist. Vereinfacht ausgedr\u00fcckt testet es zun\u00e4chst eine Bedingung und f\u00fchrt die Anweisung nur aus, wenn diese Bedingung erf\u00fcllt ist.<\/li><li> <strong>Do Loop While<\/strong> : Funktioniert genauso wie \u201eDo While\u201c, aber es iteriert zuerst die Aktivit\u00e4t und testet dann die Bedingung. Wenn diese Bedingung TRUE ist, f\u00fchrt es diese Aktivit\u00e4t weiter aus.<\/li><li> <strong>Bis-Schleife ausf\u00fchren<\/strong> : Sie testet eine Bedingung und f\u00fchrt dann die von Ihnen definierte Anweisung weiter aus, bis diese Bedingung FALSCH ist. In dem Moment, in dem diese Bedingung WAHR wird, stoppt sie. Im Grunde ist es das Gegenteil von \u201eDo While\u201c.<\/li><li> <strong>Schleife bis<\/strong> : Dies funktioniert genauso wie \u201eDo Until\u201c, aber es iteriert zuerst die Aktivit\u00e4t und testet dann die Bedingung. Wenn diese Bedingung FALSE ist, wird diese Aktivit\u00e4t weiterhin ausgef\u00fchrt.<\/li><\/ol><div class=\"gb-container gb-container-4db6181c gb-container-mt\"> <a class=\"gb-button gb-button-c5897111 gb-button-text gb-button-mt-button\" href=\"https:\/\/exceladvisor.org\/de\/vba\/\">Was ist VBA<\/a><h2 class=\"gb-headline gb-headline-665e5f6b gb-headline-text gb-headline-mt-heading\"> Verwandte Tutorials <\/h2><div class=\"gb-grid-wrapper gb-grid-wrapper-a20baf7c gb-grid-wrapper-mt-grid\"><div class=\"gb-grid-column gb-grid-column-65ddf67e\"><div class=\"gb-container gb-container-65ddf67e\"><ul><li> <a href=\"https:\/\/exceladvisor.org\/de\/wahlen-sie-den-fall-aus\/\">VBA-Fall ausw\u00e4hlen<\/a><\/li><li> <a href=\"https:\/\/exceladvisor.org\/de\/wahrend-tun\/\">Excel VBA Do While Loop und (Do Loop While) \u2013 Eine Anleitung<\/a><\/li><li> <a href=\"https:\/\/exceladvisor.org\/de\/schleifenblatter\/\">Durchlaufen Sie alle Bl\u00e4tter mit VBA in Excel<\/a><\/li><li> <a href=\"https:\/\/exceladvisor.org\/de\/schleife-durch-den-bereich\/\">Schleife \u00fcber einen Bereich mit VBA (Spalten, Zeilen und UsedRange)<\/a><\/li><li> <a href=\"https:\/\/exceladvisor.org\/de\/fur-die-schleife\/\">VBA FOR LOOP (F\u00fcr Next, For Each)<\/a> <\/li><\/ul><\/div><\/div><div class=\"gb-grid-column gb-grid-column-50067b57\"><div class=\"gb-container gb-container-50067b57\"><\/div><\/div><\/div><\/div>","protected":false},"excerpt":{"rendered":"","protected":false},"author":1,"featured_media":0,"parent":0,"menu_order":0,"comment_status":"open","ping_status":"closed","template":"","meta":{"ub_ctt_via":"","footnotes":""},"class_list":["post-3682","page","type-page","status-publish","hentry"],"featured_image_src":null,"yoast_head":"<!-- This site is optimized with the Yoast SEO plugin v25.4 - https:\/\/yoast.com\/wordpress\/plugins\/seo\/ -->\n<title>VBA-Loops: Der ultimative Leitfaden f\u00fcr Anf\u00e4nger im Jahr 2023<\/title>\n<meta name=\"description\" content=\"Eine Schleife kann eine oder mehrere Aktivit\u00e4ten ausf\u00fchren und zum Anfang zur\u00fcckkehren, um eine bestimmte Anzahl von Malen zu wiederholen\" \/>\n<meta name=\"robots\" content=\"index, follow, max-snippet:-1, max-image-preview:large, max-video-preview:-1\" \/>\n<link rel=\"canonical\" href=\"https:\/\/exceladvisor.org\/de\/schleifen\/\" \/>\n<meta property=\"og:locale\" content=\"de_DE\" \/>\n<meta property=\"og:type\" content=\"article\" \/>\n<meta property=\"og:title\" content=\"VBA-Loops: Der ultimative Leitfaden f\u00fcr Anf\u00e4nger im Jahr 2023\" \/>\n<meta property=\"og:description\" content=\"Eine Schleife kann eine oder mehrere Aktivit\u00e4ten ausf\u00fchren und zum Anfang zur\u00fcckkehren, um eine bestimmte Anzahl von Malen zu wiederholen\" \/>\n<meta property=\"og:url\" content=\"https:\/\/exceladvisor.org\/de\/schleifen\/\" \/>\n<meta property=\"og:site_name\" content=\"Excel Advisor\" \/>\n<meta property=\"article:modified_time\" content=\"2023-12-03T11:13:05+00:00\" \/>\n<meta property=\"og:image\" content=\"https:\/\/exceladvisor.org\/wp-content\/uploads\/2023\/08\/structure-de-boucle-vba1.png\" \/>\n<meta name=\"twitter:card\" content=\"summary_large_image\" \/>\n<meta name=\"twitter:label1\" content=\"Gesch\u00e4tzte Lesezeit\" \/>\n\t<meta name=\"twitter:data1\" content=\"2\u00a0Minuten\" \/>\n<script type=\"application\/ld+json\" class=\"yoast-schema-graph\">{\"@context\":\"https:\/\/schema.org\",\"@graph\":[{\"@type\":\"WebPage\",\"@id\":\"https:\/\/exceladvisor.org\/de\/schleifen\/\",\"url\":\"https:\/\/exceladvisor.org\/de\/schleifen\/\",\"name\":\"VBA-Loops: Der ultimative Leitfaden f\u00fcr Anf\u00e4nger im Jahr 2023\",\"isPartOf\":{\"@id\":\"https:\/\/exceladvisor.org\/de\/#website\"},\"primaryImageOfPage\":{\"@id\":\"https:\/\/exceladvisor.org\/de\/schleifen\/#primaryimage\"},\"image\":{\"@id\":\"https:\/\/exceladvisor.org\/de\/schleifen\/#primaryimage\"},\"thumbnailUrl\":\"https:\/\/exceladvisor.org\/wp-content\/uploads\/2023\/08\/structure-de-boucle-vba1.png\",\"datePublished\":\"2023-09-25T15:00:15+00:00\",\"dateModified\":\"2023-12-03T11:13:05+00:00\",\"description\":\"Eine Schleife kann eine oder mehrere Aktivit\u00e4ten ausf\u00fchren und zum Anfang zur\u00fcckkehren, um eine bestimmte Anzahl von Malen zu wiederholen\",\"breadcrumb\":{\"@id\":\"https:\/\/exceladvisor.org\/de\/schleifen\/#breadcrumb\"},\"inLanguage\":\"de\",\"potentialAction\":[{\"@type\":\"ReadAction\",\"target\":[\"https:\/\/exceladvisor.org\/de\/schleifen\/\"]}]},{\"@type\":\"ImageObject\",\"inLanguage\":\"de\",\"@id\":\"https:\/\/exceladvisor.org\/de\/schleifen\/#primaryimage\",\"url\":\"https:\/\/exceladvisor.org\/wp-content\/uploads\/2023\/08\/structure-de-boucle-vba1.png\",\"contentUrl\":\"https:\/\/exceladvisor.org\/wp-content\/uploads\/2023\/08\/structure-de-boucle-vba1.png\"},{\"@type\":\"BreadcrumbList\",\"@id\":\"https:\/\/exceladvisor.org\/de\/schleifen\/#breadcrumb\",\"itemListElement\":[{\"@type\":\"ListItem\",\"position\":1,\"name\":\"Accueil\",\"item\":\"https:\/\/exceladvisor.org\/de\/\"},{\"@type\":\"ListItem\",\"position\":2,\"name\":\"Vba-schleifen: der ultimative leitfaden f\u00fcr anf\u00e4nger\"}]},{\"@type\":\"WebSite\",\"@id\":\"https:\/\/exceladvisor.org\/de\/#website\",\"url\":\"https:\/\/exceladvisor.org\/de\/\",\"name\":\"Excel Advisor\",\"description\":\"Ihr Leitfaden zur Datendominanz\",\"publisher\":{\"@id\":\"https:\/\/exceladvisor.org\/de\/#organization\"},\"potentialAction\":[{\"@type\":\"SearchAction\",\"target\":{\"@type\":\"EntryPoint\",\"urlTemplate\":\"https:\/\/exceladvisor.org\/de\/?s={search_term_string}\"},\"query-input\":{\"@type\":\"PropertyValueSpecification\",\"valueRequired\":true,\"valueName\":\"search_term_string\"}}],\"inLanguage\":\"de\"},{\"@type\":\"Organization\",\"@id\":\"https:\/\/exceladvisor.org\/de\/#organization\",\"name\":\"Excel Advisor\",\"url\":\"https:\/\/exceladvisor.org\/de\/\",\"logo\":{\"@type\":\"ImageObject\",\"inLanguage\":\"de\",\"@id\":\"https:\/\/exceladvisor.org\/de\/#\/schema\/logo\/image\/\",\"url\":\"https:\/\/exceladvisor.org\/de\/wp-content\/uploads\/2023\/11\/exceladvisor.org_.png\",\"contentUrl\":\"https:\/\/exceladvisor.org\/de\/wp-content\/uploads\/2023\/11\/exceladvisor.org_.png\",\"width\":105,\"height\":36,\"caption\":\"Excel Advisor\"},\"image\":{\"@id\":\"https:\/\/exceladvisor.org\/de\/#\/schema\/logo\/image\/\"}}]}<\/script>\n<!-- \/ Yoast SEO plugin. -->","yoast_head_json":{"title":"VBA-Loops: Der ultimative Leitfaden f\u00fcr Anf\u00e4nger im Jahr 2023","description":"Eine Schleife kann eine oder mehrere Aktivit\u00e4ten ausf\u00fchren und zum Anfang zur\u00fcckkehren, um eine bestimmte Anzahl von Malen zu wiederholen","robots":{"index":"index","follow":"follow","max-snippet":"max-snippet:-1","max-image-preview":"max-image-preview:large","max-video-preview":"max-video-preview:-1"},"canonical":"https:\/\/exceladvisor.org\/de\/schleifen\/","og_locale":"de_DE","og_type":"article","og_title":"VBA-Loops: Der ultimative Leitfaden f\u00fcr Anf\u00e4nger im Jahr 2023","og_description":"Eine Schleife kann eine oder mehrere Aktivit\u00e4ten ausf\u00fchren und zum Anfang zur\u00fcckkehren, um eine bestimmte Anzahl von Malen zu wiederholen","og_url":"https:\/\/exceladvisor.org\/de\/schleifen\/","og_site_name":"Excel Advisor","article_modified_time":"2023-12-03T11:13:05+00:00","og_image":[{"url":"https:\/\/exceladvisor.org\/wp-content\/uploads\/2023\/08\/structure-de-boucle-vba1.png","type":"","width":"","height":""}],"twitter_card":"summary_large_image","twitter_misc":{"Gesch\u00e4tzte Lesezeit":"2\u00a0Minuten"},"schema":{"@context":"https:\/\/schema.org","@graph":[{"@type":"WebPage","@id":"https:\/\/exceladvisor.org\/de\/schleifen\/","url":"https:\/\/exceladvisor.org\/de\/schleifen\/","name":"VBA-Loops: Der ultimative Leitfaden f\u00fcr Anf\u00e4nger im Jahr 2023","isPartOf":{"@id":"https:\/\/exceladvisor.org\/de\/#website"},"primaryImageOfPage":{"@id":"https:\/\/exceladvisor.org\/de\/schleifen\/#primaryimage"},"image":{"@id":"https:\/\/exceladvisor.org\/de\/schleifen\/#primaryimage"},"thumbnailUrl":"https:\/\/exceladvisor.org\/wp-content\/uploads\/2023\/08\/structure-de-boucle-vba1.png","datePublished":"2023-09-25T15:00:15+00:00","dateModified":"2023-12-03T11:13:05+00:00","description":"Eine Schleife kann eine oder mehrere Aktivit\u00e4ten ausf\u00fchren und zum Anfang zur\u00fcckkehren, um eine bestimmte Anzahl von Malen zu wiederholen","breadcrumb":{"@id":"https:\/\/exceladvisor.org\/de\/schleifen\/#breadcrumb"},"inLanguage":"de","potentialAction":[{"@type":"ReadAction","target":["https:\/\/exceladvisor.org\/de\/schleifen\/"]}]},{"@type":"ImageObject","inLanguage":"de","@id":"https:\/\/exceladvisor.org\/de\/schleifen\/#primaryimage","url":"https:\/\/exceladvisor.org\/wp-content\/uploads\/2023\/08\/structure-de-boucle-vba1.png","contentUrl":"https:\/\/exceladvisor.org\/wp-content\/uploads\/2023\/08\/structure-de-boucle-vba1.png"},{"@type":"BreadcrumbList","@id":"https:\/\/exceladvisor.org\/de\/schleifen\/#breadcrumb","itemListElement":[{"@type":"ListItem","position":1,"name":"Accueil","item":"https:\/\/exceladvisor.org\/de\/"},{"@type":"ListItem","position":2,"name":"Vba-schleifen: der ultimative leitfaden f\u00fcr anf\u00e4nger"}]},{"@type":"WebSite","@id":"https:\/\/exceladvisor.org\/de\/#website","url":"https:\/\/exceladvisor.org\/de\/","name":"Excel Advisor","description":"Ihr Leitfaden zur Datendominanz","publisher":{"@id":"https:\/\/exceladvisor.org\/de\/#organization"},"potentialAction":[{"@type":"SearchAction","target":{"@type":"EntryPoint","urlTemplate":"https:\/\/exceladvisor.org\/de\/?s={search_term_string}"},"query-input":{"@type":"PropertyValueSpecification","valueRequired":true,"valueName":"search_term_string"}}],"inLanguage":"de"},{"@type":"Organization","@id":"https:\/\/exceladvisor.org\/de\/#organization","name":"Excel Advisor","url":"https:\/\/exceladvisor.org\/de\/","logo":{"@type":"ImageObject","inLanguage":"de","@id":"https:\/\/exceladvisor.org\/de\/#\/schema\/logo\/image\/","url":"https:\/\/exceladvisor.org\/de\/wp-content\/uploads\/2023\/11\/exceladvisor.org_.png","contentUrl":"https:\/\/exceladvisor.org\/de\/wp-content\/uploads\/2023\/11\/exceladvisor.org_.png","width":105,"height":36,"caption":"Excel Advisor"},"image":{"@id":"https:\/\/exceladvisor.org\/de\/#\/schema\/logo\/image\/"}}]}},"yoast_meta":{"yoast_wpseo_title":"","yoast_wpseo_metadesc":"","yoast_wpseo_canonical":""},"_links":{"self":[{"href":"https:\/\/exceladvisor.org\/de\/wp-json\/wp\/v2\/pages\/3682","targetHints":{"allow":["GET"]}}],"collection":[{"href":"https:\/\/exceladvisor.org\/de\/wp-json\/wp\/v2\/pages"}],"about":[{"href":"https:\/\/exceladvisor.org\/de\/wp-json\/wp\/v2\/types\/page"}],"author":[{"embeddable":true,"href":"https:\/\/exceladvisor.org\/de\/wp-json\/wp\/v2\/users\/1"}],"replies":[{"embeddable":true,"href":"https:\/\/exceladvisor.org\/de\/wp-json\/wp\/v2\/comments?post=3682"}],"version-history":[{"count":1,"href":"https:\/\/exceladvisor.org\/de\/wp-json\/wp\/v2\/pages\/3682\/revisions"}],"predecessor-version":[{"id":3808,"href":"https:\/\/exceladvisor.org\/de\/wp-json\/wp\/v2\/pages\/3682\/revisions\/3808"}],"wp:attachment":[{"href":"https:\/\/exceladvisor.org\/de\/wp-json\/wp\/v2\/media?parent=3682"}],"curies":[{"name":"wp","href":"https:\/\/api.w.org\/{rel}","templated":true}]}}