{"id":3683,"date":"2023-09-25T14:20:37","date_gmt":"2023-09-25T14:20:37","guid":{"rendered":"https:\/\/exceladvisor.org\/de\/zellfarbe\/"},"modified":"2023-12-03T13:05:40","modified_gmt":"2023-12-03T13:05:40","slug":"zellfarbe","status":"publish","type":"page","link":"https:\/\/exceladvisor.org\/de\/zellfarbe\/","title":{"rendered":"Wie wende ich eine hintergrundfarbe in excel an?"},"content":{"rendered":"<div class=\"excel-vor-dem-inhalt\" id=\"excel-1285667379\"><script type=\"text\/javascript\">\r\n\tatOptions = {\r\n\t\t'key' : 'c1158f160081d6540a8409e6925dab94',\r\n\t\t'format' : 'iframe',\r\n\t\t'height' : 250,\r\n\t\t'width' : 300,\r\n\t\t'params' : {}\r\n\t};\r\n<\/script>\r\n<script type=\"text\/javascript\" src=\"\/\/www.highperformanceformat.com\/c1158f160081d6540a8409e6925dab94\/invoke.js\"><\/script><\/div> <p>Wie Sie wissen, ist Wei\u00df die Standardhintergrundfarbe in Excel. Um eine Zelle oder einen Zellbereich hervorzuheben, ziehen Benutzer es in den meisten F\u00e4llen vor, die Hintergrundfarbe auf die Zellen anzuwenden.<\/p><p> In Excel kann die Hintergrundfarbe auf verschiedene Arten angewendet werden, z. B. mit der Option \u201eF\u00fcllfarbe\u201c oder durch Anwenden verschiedener Arten von Bedingungen mithilfe der Option \u201eBedingte Formatierung\u201c und vielen anderen.<\/p><p> Die Hintergrundfarbe, die einmal mit der Option \u201eF\u00fcllfarbe\u201c auf die Zellen oder das Blatt angewendet wurde, \u00e4ndert sich bei der \u00c4nderung des Zellenwerts nicht. Bei Verwendung der Option \u201eBedingte Formatierung\u201c \u00e4ndert sich jedoch die Farbe der Zellen mit der \u00c4nderung der Zelle Wert abh\u00e4ngig von den angewandten Bedingungen.<\/p><p> Wir haben einige schnelle und einfache Schritte zum Anwenden von Hintergrundfarben in Excel erw\u00e4hnt.<\/p><h2 class=\"wp-block-heading\"> Tragen Sie Hintergrundfarbe mit der Option \u201eF\u00fcllfarbe\u201c auf<\/h2><ul><li> W\u00e4hlen Sie zun\u00e4chst die Zelle bzw. den Zellbereich bzw. das gesamte Blatt aus, um die Hintergrundfarbe auf die Zelle bzw. den Zellbereich bzw. das gesamte Blatt anzuwenden.<\/li><li> Gehen Sie anschlie\u00dfend zur Registerkarte \u201eStartseite\u201c, klicken Sie auf den Dropdown-Pfeil \u201eF\u00fcllfarbe\u201c und w\u00e4hlen Sie die Farbe aus, die Sie anwenden m\u00f6chten. <br><img loading=\"lazy\" decoding=\"async\" title=\"Option 1 F\u00fcllfarbe\" src=\"https:\/\/exceladvisor.org\/wp-content\/uploads\/2023\/08\/1-option-de-couleur-de-remplissage.png\" sizes=\"auto, \" srcset=\"\" alt=\"fill-color-option\" width=\"407\" height=\"340\"><\/li><li> Sobald Sie die Farbe ausgew\u00e4hlt haben, werden die ausgew\u00e4hlten Zellen oder Zellbereiche oder das gesamte Blatt mit der ausgew\u00e4hlten Farbe hervorgehoben.<\/li><\/ul><h2 class=\"wp-block-heading\"> Wenden Sie mithilfe der bedingten Formatierung eine Hintergrundfarbe basierend auf den Zellwerten an<\/h2><p> Mithilfe der bedingten Formatierung k\u00f6nnen Benutzer Hintergrundfarben auf Zellen anwenden, die auf einer oder mehreren Bedingungen gleichzeitig basieren, z. B. Wert gr\u00f6\u00dfer als, Wert kleiner als, Werte gleich, doppelte Werte, Text in der Zelle usw.<\/p><p> Und wenn der Zellenwert aktualisiert wird, \u00e4ndert sich die Zellenfarbe automatisch basierend auf den angegebenen Bedingungen.<\/p><ul><li> W\u00e4hlen Sie zun\u00e4chst das gesamte Blatt oder einen Zellbereich aus, auf den Sie die Hintergrundfarbformatierung anwenden m\u00f6chten, und wechseln Sie dann zur Registerkarte \u201eStartseite\u201c.<\/li><li> Klicken Sie anschlie\u00dfend auf den Dropdown-Pfeil \u201eBedingte Formatierung\u201c, dann auf \u201eZellenhervorhebungsregeln\u201c und dann auf die Option \u201eWeitere Regeln\u201c. <br><img loading=\"lazy\" decoding=\"async\" title=\"2-Hintergrundfarben-mit-bedingter-Formatierung\" src=\"https:\/\/exceladvisor.org\/wp-content\/uploads\/2023\/08\/2-couleurs-darriere-plan-utilisant-la-mise-en-forme-conditionnelle.png\" sizes=\"auto, \" srcset=\"\" alt=\"background-color-using-conditional-formatting\" width=\"597\" height=\"338\"><\/li><li> Sobald Sie auf \u201eWeitere Regeln\u201c klicken, wird das Dialogfeld \u201eNeue Formatierungsregel\u201c ge\u00f6ffnet. <br><img loading=\"lazy\" decoding=\"async\" title=\"3-Neuer-Formatierungsregel-Dialog\" src=\"https:\/\/exceladvisor.org\/wp-content\/uploads\/2023\/08\/3-nouvelle-boite-de-dialogue-de-regle-de-formatage.png\" sizes=\"auto, \" srcset=\"\" alt=\"new-formatting-rule-dialog-box\" width=\"486\" height=\"355\"><\/li><li> W\u00e4hlen Sie nun den Regeltyp \u201eNur Zellen formatieren, die enthalten\u201c aus, w\u00e4hlen Sie dann die Formatierungsbedingung aus, die Sie anwenden m\u00f6chten, geben Sie den Wert ein und klicken Sie auf die Schaltfl\u00e4che \u201eFormatieren\u201c. <br><img loading=\"lazy\" decoding=\"async\" title=\"4-Formatierungsbedingung\" src=\"https:\/\/exceladvisor.org\/wp-content\/uploads\/2023\/08\/4-conditions-de-formatage.png\" sizes=\"auto, \" srcset=\"\" alt=\"formatting-condition\" width=\"488\" height=\"360\"><\/li><li> W\u00e4hlen Sie nun im Dialogfeld \u201eZellen formatieren\u201c die \u00dcberschrift \u201eF\u00fcllen\u201c aus, w\u00e4hlen Sie dann die Farbe aus, die Sie anwenden m\u00f6chten, und klicken Sie dann auf \u201eOK\u201c. <br><img loading=\"lazy\" decoding=\"async\" title=\"Dialogfeld \u201eZellen im 5-Format\u201c.\" src=\"https:\/\/exceladvisor.org\/wp-content\/uploads\/2023\/08\/5-boite-de-dialogue-formater-les-cellules-2.png\" sizes=\"auto, \" srcset=\"\" alt=\"format-cells-dialog-box\" width=\"473\" height=\"418\"><\/li><li> Sobald Sie auf \u201eOK\u201c klicken, kehren Sie zum Dialogfeld \u201eNeue Formatierungsregel\u201c zur\u00fcck, in dem Sie nun die Vorschau der ausgew\u00e4hlten Farbe sehen k\u00f6nnen.<\/li><li> Klicken Sie am Ende auf OK. <br><img loading=\"lazy\" decoding=\"async\" title=\"6-Klick-OK-Formatierung\" src=\"https:\/\/exceladvisor.org\/wp-content\/uploads\/2023\/08\/6-clic-ok-formatage.png\" sizes=\"auto, \" srcset=\"\" alt=\"click-ok-formatting\" width=\"676\" height=\"321\"><\/li><li> An diesem Punkt werden die Zellen in Ihrem ausgew\u00e4hlten Bereich basierend auf der angewendeten Bedingung mit der Hintergrundfarbe hervorgehoben. <br><img loading=\"lazy\" decoding=\"async\" title=\"7-Hintergrundfarbe aufgetragen\" src=\"https:\/\/exceladvisor.org\/wp-content\/uploads\/2023\/08\/7-couleurs-de-fond-appliquees.png\" sizes=\"auto, \" srcset=\"\" alt=\"applied-background-color\" width=\"294\" height=\"271\"><\/li><\/ul><p> Im obigen Beispiel haben wir die Bedingung \u201eGr\u00f6\u00dfer als oder gleich\u201c mit einem Basiswert von \u201e10000\u201c und einer gr\u00fcnen Farbe ausgew\u00e4hlt. Daher wurden alle Zellen mit einem Wert von 10000 oder mehr mit der gr\u00fcnen Hintergrundfarbe hervorgehoben.<\/p><p> Um weitere Farbformatierungsbedingungen auf denselben Bereich anzuwenden, m\u00fcssen Benutzer die gleichen Schritte ausf\u00fchren und nur die zweite Bedingung neben der ersten anwenden, die wir oben erstellt haben.<\/p><ul><li> W\u00e4hlen Sie erneut den Zellbereich aus und navigieren Sie mit den oben genannten Schritten zum Dialogfeld \u201eNeue Formatierungsregel\u201c.<\/li><li> W\u00e4hlen Sie nun erneut die neue Bedingung mit dem Wert aus, klicken Sie dann auf die Schaltfl\u00e4che \u201eFormat\u201c, um die Farbe auszuw\u00e4hlen, und klicken Sie auf \u201eOK\u201c. <br><img loading=\"lazy\" decoding=\"async\" title=\"8-Formatierungsbedingung ausw\u00e4hlen\" src=\"https:\/\/exceladvisor.org\/wp-content\/uploads\/2023\/08\/8-selectionner-la-condition-de-formatage.png\" sizes=\"auto, \" srcset=\"\" alt=\"select-formatting-condition\" width=\"515\" height=\"376\"><\/li><li> An diesem Punkt erhalten Sie die neue zus\u00e4tzliche Hintergrundfarbe, die basierend auf der zweiten angewendeten Bedingung auf die Zellen angewendet wird. <br><img loading=\"lazy\" decoding=\"async\" title=\"9 Hintergrundfarben f\u00fcr Zellen\" src=\"https:\/\/exceladvisor.org\/wp-content\/uploads\/2023\/08\/9-couleurs-de-fond-pour-les-cellules.png\" sizes=\"auto, \" srcset=\"\" alt=\"background-colors-to-the-cells\" width=\"269\" height=\"245\"><\/li><\/ul><p> Jetzt k\u00f6nnen Sie die beiden unterschiedlichen Farben sehen, die auf den beiden von uns angewendeten Bedingungen basieren.<\/p><p> Und auf die gleiche Weise k\u00f6nnen Sie weitere Bedingungen auf denselben Bereich anwenden, z. B. das Hervorheben der Hintergrundfarbe, wenn die Zellen gleich Null (0) sind. In diesem Fall m\u00fcssen Sie die neue Bedingung \u201eGleich\u201c mit dem eingegebenen Wert anwenden Null (0).<\/p><p> Dabei werden die Zellen mit dem Wert Null mit der Hintergrundfarbe hervorgehoben, die Sie beim Anwenden der Bedingung ausw\u00e4hlen.<\/p><h2 class=\"wp-block-heading\"> Wenden Sie mithilfe der bedingten Formatierung eine Hintergrundfarbe auf spezielle Zellen an<\/h2><p> Unter speziellen Zellen versteht man hier leere oder leere Zellen ohne Daten oder Zellen mit Formelfehlern.<\/p><ol><li> W\u00e4hlen Sie zun\u00e4chst den Zellbereich oder die gesamte Tabelle bzw. das gesamte Blatt aus, wenn Sie den speziellen Zellen eines bestimmten Zellbereichs bzw. der gesamten Tabelle bzw. des gesamten Blattes eine Hintergrundfarbe zuweisen m\u00f6chten. <br><img loading=\"lazy\" decoding=\"async\" title=\"10-Hintergrundfarben-f\u00fcr-spezielle-Zellen\" src=\"https:\/\/exceladvisor.org\/wp-content\/uploads\/2023\/08\/10-couleurs-darriere-plan-pour-les-cellules-speciales.png\" sizes=\"auto, \" srcset=\"\" alt=\"background-color-to-special-cells\" width=\"331\" height=\"176\"><\/li><li> Gehen Sie anschlie\u00dfend zu \u201eBedingte Formatierung\u201c, klicken Sie auf \u201eNeue Regel\u201c und \u00f6ffnen Sie das Dialogfeld \u201eNeue Formatierungsregel\u201c.<\/li><li> Klicken Sie nun auf den linken Dropdown-Pfeil und w\u00e4hlen Sie die Option \u201eLeer\u201c oder \u201eFehler\u201c, um die Hintergrundfarbe auf leere Zellen oder Zellen mit Fehlern anzuwenden. <br><img loading=\"lazy\" decoding=\"async\" title=\"11-Auswahl-Leer-Option\" src=\"https:\/\/exceladvisor.org\/wp-content\/uploads\/2023\/08\/11-selectionnez-loption-vierge.png\" sizes=\"auto, \" srcset=\"\" alt=\"select-the-blank-option\" width=\"538\" height=\"331\"><\/li><li> Wenn Sie mit der Auswahl des Formatzellentyps wie \u201eLeer\u201c oder eines anderen Typs basierend auf den Zellen, auf die Sie Farbe anwenden m\u00f6chten, fertig sind, klicken Sie auf die Schaltfl\u00e4che \u201eFormat\u201c und w\u00e4hlen Sie den Farbtyp aus.<\/li><li> Klicken Sie am Ende auf OK. <br><img loading=\"lazy\" decoding=\"async\" title=\"12-Farbtyp ausw\u00e4hlen\" src=\"https:\/\/exceladvisor.org\/wp-content\/uploads\/2023\/08\/12-selectionnez-le-type-de-couleur.png\" sizes=\"auto, \" srcset=\"\" alt=\"select-the-color-type\" width=\"346\" height=\"347\"><\/li><li> An diesem Punkt werden die Zellen des ausgew\u00e4hlten Bereichs, der Tabelle oder der ausgew\u00e4hlten Bl\u00e4tter mit der Farbe hervorgehoben, die der angewendeten Bedingung entspricht. <br><img loading=\"lazy\" decoding=\"async\" title=\"13-leere-Zellen-Hintergrundfarbe1\" src=\"https:\/\/exceladvisor.org\/wp-content\/uploads\/2023\/08\/13-cellules-vides-couleur-de-fond1.png\" sizes=\"auto, \" srcset=\"\" alt=\"blank-cells-background-color\" width=\"351\" height=\"189\"><\/li><\/ol><h2 class=\"wp-block-heading\"> Wenden Sie Hintergrundfarbe mithilfe von Zellenstilen an<\/h2><ol><li> W\u00e4hlen Sie zun\u00e4chst den Zellbereich oder die gesamte Tabelle bzw. das gesamte Blatt aus, wenn Sie den speziellen Zellen eines bestimmten Zellbereichs bzw. der gesamten Tabelle bzw. des gesamten Blattes eine Hintergrundfarbe zuweisen m\u00f6chten.<\/li><li> Gehen Sie anschlie\u00dfend zur Registerkarte \u201eStartseite\u201c, klicken Sie auf das Symbol \u201eZellenstile\u201c und w\u00e4hlen Sie dann den Hintergrundfarbstil aus, den Sie anwenden m\u00f6chten.<\/li><li> In diesem Beispiel haben wir f\u00fcr die ausgew\u00e4hlte Tabelle die Farbe \u201eNeutral\u201c ausgew\u00e4hlt. <br><img loading=\"lazy\" decoding=\"async\" title=\"14-Hintergrundfarben-mit-Zellenstilen\" src=\"https:\/\/exceladvisor.org\/wp-content\/uploads\/2023\/08\/14-couleurs-darriere-plan-a-laide-de-styles-de-cellule.png\" sizes=\"auto, \" srcset=\"\" alt=\"background-color-using-cell-styles\" width=\"800\" height=\"373\"><\/li><li> Sobald Sie die Farbe ausgew\u00e4hlt haben, erhalten Sie die ausgew\u00e4hlten Zellen, Bereiche, Tabellen oder Bl\u00e4tter mit dieser Farbe. <br><img loading=\"lazy\" decoding=\"async\" title=\"15 Zeilen mit Hintergrundfarbe\" src=\"https:\/\/exceladvisor.org\/wp-content\/uploads\/2023\/08\/15-gamme-avec-couleur-de-fond.png\" sizes=\"auto, \" srcset=\"\" alt=\"range-with-background-color\" width=\"361\" height=\"196\"><\/li><\/ol><p> In Excel gibt es mehrere M\u00f6glichkeiten, eine Hintergrundfarbe auf die Zelle oder das gesamte Blatt anzuwenden, aber es h\u00e4ngt alles von Ihren Anforderungen ab.<\/p><p> Wenn Sie m\u00f6chten, dass sich die einmal angewendete Farbe bei einer \u00c4nderung des Zellenwerts nicht \u00e4ndert, k\u00f6nnen Sie einfach die Option \u201eF\u00fcllfarbe\u201c oder \u201eZellen formatieren\u201c oder \u201eZellenstile\u201c verwenden.<\/p><p> Wenn Sie jedoch m\u00f6chten, dass Ihre Zellenfarben dynamisch sind, bedeutet dies, dass sich die Farbe automatisch mit der \u00c4nderung des Zellenwerts \u00e4ndert. Abh\u00e4ngig von den angewendeten Bedingungen k\u00f6nnen Sie in diesem Fall die Option \u201eBedingte Formatierung\u201c verwenden.<\/p><div class=\"gb-container gb-container-4db6181c gb-container-mt\"> <a class=\"gb-button gb-button-c5897111 gb-button-text gb-button-mt-button\" href=\"https:\/\/exceladvisor.org\/de\/excel-grundlagen\/\">Microsoft Excel-Grundlagen (Komponenten, Teile und Wissenshinweise)<\/a><h2 class=\"gb-headline gb-headline-665e5f6b gb-headline-text gb-headline-mt-heading\"> Verwandte Tutorials <\/h2><div class=\"gb-grid-wrapper gb-grid-wrapper-a20baf7c gb-grid-wrapper-mt-grid\"><div class=\"gb-grid-column gb-grid-column-65ddf67e\"><div class=\"gb-container gb-container-65ddf67e\"><ul><li> <a href=\"https:\/\/exceladvisor.org\/de\/buchhaltungsnummernformat\/\">Wenden Sie das Buchhaltungsnummernformat in Excel an<\/a><\/li><li> <a href=\"https:\/\/exceladvisor.org\/de\/das-gitter\/\">Excel-Gitternetzlinien drucken (l\u00f6schen, k\u00fcrzen und Farbe \u00e4ndern)<\/a><\/li><li> <a href=\"https:\/\/exceladvisor.org\/de\/fugen-sie-eine-seitenzahl-hinzu\/\">F\u00fcgen Sie in Excel eine Seitenzahl hinzu<\/a><\/li><li> <a href=\"https:\/\/exceladvisor.org\/de\/komma-stil-anwenden\/\">Wenden Sie den Kommastil in Excel an<\/a><\/li><li> <a href=\"https:\/\/exceladvisor.org\/de\/stange\/\">Durchstreichen in Excel anwenden<\/a> <\/li><\/ul><\/div><\/div><div class=\"gb-grid-column gb-grid-column-50067b57\"><div class=\"gb-container gb-container-50067b57\"><\/div><\/div><\/div><\/div>","protected":false},"excerpt":{"rendered":"","protected":false},"author":1,"featured_media":0,"parent":0,"menu_order":0,"comment_status":"open","ping_status":"closed","template":"","meta":{"ub_ctt_via":"","footnotes":""},"class_list":["post-3683","page","type-page","status-publish","hentry"],"featured_image_src":null,"yoast_head":"<!-- This site is optimized with the Yoast SEO plugin v25.4 - https:\/\/yoast.com\/wordpress\/plugins\/seo\/ -->\n<title>Wie wende ich eine Hintergrundfarbe in Excel an? (Tutorial 2023)<\/title>\n<meta name=\"description\" content=\"In diesem Tutorial erfahren Sie, wie Sie mit vier verschiedenen Methoden eine Hintergrundfarbe auf eine Zelle in Excel anwenden k\u00f6nnen\" \/>\n<meta name=\"robots\" content=\"index, follow, max-snippet:-1, max-image-preview:large, max-video-preview:-1\" \/>\n<link rel=\"canonical\" href=\"https:\/\/exceladvisor.org\/de\/zellfarbe\/\" \/>\n<meta property=\"og:locale\" content=\"de_DE\" \/>\n<meta property=\"og:type\" content=\"article\" \/>\n<meta property=\"og:title\" content=\"Wie wende ich eine Hintergrundfarbe in Excel an? (Tutorial 2023)\" \/>\n<meta property=\"og:description\" content=\"In diesem Tutorial erfahren Sie, wie Sie mit vier verschiedenen Methoden eine Hintergrundfarbe auf eine Zelle in Excel anwenden k\u00f6nnen\" \/>\n<meta property=\"og:url\" content=\"https:\/\/exceladvisor.org\/de\/zellfarbe\/\" \/>\n<meta property=\"og:site_name\" content=\"Excel Advisor\" \/>\n<meta property=\"article:modified_time\" content=\"2023-12-03T13:05:40+00:00\" \/>\n<meta property=\"og:image\" content=\"https:\/\/exceladvisor.org\/wp-content\/uploads\/2023\/08\/1-option-de-couleur-de-remplissage.png\" \/>\n<meta name=\"twitter:card\" content=\"summary_large_image\" \/>\n<meta name=\"twitter:label1\" content=\"Gesch\u00e4tzte Lesezeit\" \/>\n\t<meta name=\"twitter:data1\" content=\"6\u00a0Minuten\" \/>\n<script type=\"application\/ld+json\" class=\"yoast-schema-graph\">{\"@context\":\"https:\/\/schema.org\",\"@graph\":[{\"@type\":\"WebPage\",\"@id\":\"https:\/\/exceladvisor.org\/de\/zellfarbe\/\",\"url\":\"https:\/\/exceladvisor.org\/de\/zellfarbe\/\",\"name\":\"Wie wende ich eine Hintergrundfarbe in Excel an? (Tutorial 2023)\",\"isPartOf\":{\"@id\":\"https:\/\/exceladvisor.org\/de\/#website\"},\"primaryImageOfPage\":{\"@id\":\"https:\/\/exceladvisor.org\/de\/zellfarbe\/#primaryimage\"},\"image\":{\"@id\":\"https:\/\/exceladvisor.org\/de\/zellfarbe\/#primaryimage\"},\"thumbnailUrl\":\"https:\/\/exceladvisor.org\/wp-content\/uploads\/2023\/08\/1-option-de-couleur-de-remplissage.png\",\"datePublished\":\"2023-09-25T14:20:37+00:00\",\"dateModified\":\"2023-12-03T13:05:40+00:00\",\"description\":\"In diesem Tutorial erfahren Sie, wie Sie mit vier verschiedenen Methoden eine Hintergrundfarbe auf eine Zelle in Excel anwenden k\u00f6nnen\",\"breadcrumb\":{\"@id\":\"https:\/\/exceladvisor.org\/de\/zellfarbe\/#breadcrumb\"},\"inLanguage\":\"de\",\"potentialAction\":[{\"@type\":\"ReadAction\",\"target\":[\"https:\/\/exceladvisor.org\/de\/zellfarbe\/\"]}]},{\"@type\":\"ImageObject\",\"inLanguage\":\"de\",\"@id\":\"https:\/\/exceladvisor.org\/de\/zellfarbe\/#primaryimage\",\"url\":\"https:\/\/exceladvisor.org\/wp-content\/uploads\/2023\/08\/1-option-de-couleur-de-remplissage.png\",\"contentUrl\":\"https:\/\/exceladvisor.org\/wp-content\/uploads\/2023\/08\/1-option-de-couleur-de-remplissage.png\"},{\"@type\":\"BreadcrumbList\",\"@id\":\"https:\/\/exceladvisor.org\/de\/zellfarbe\/#breadcrumb\",\"itemListElement\":[{\"@type\":\"ListItem\",\"position\":1,\"name\":\"Accueil\",\"item\":\"https:\/\/exceladvisor.org\/de\/\"},{\"@type\":\"ListItem\",\"position\":2,\"name\":\"Wie wende ich eine hintergrundfarbe in excel an?\"}]},{\"@type\":\"WebSite\",\"@id\":\"https:\/\/exceladvisor.org\/de\/#website\",\"url\":\"https:\/\/exceladvisor.org\/de\/\",\"name\":\"Excel Advisor\",\"description\":\"Ihr Leitfaden zur Datendominanz\",\"publisher\":{\"@id\":\"https:\/\/exceladvisor.org\/de\/#organization\"},\"potentialAction\":[{\"@type\":\"SearchAction\",\"target\":{\"@type\":\"EntryPoint\",\"urlTemplate\":\"https:\/\/exceladvisor.org\/de\/?s={search_term_string}\"},\"query-input\":{\"@type\":\"PropertyValueSpecification\",\"valueRequired\":true,\"valueName\":\"search_term_string\"}}],\"inLanguage\":\"de\"},{\"@type\":\"Organization\",\"@id\":\"https:\/\/exceladvisor.org\/de\/#organization\",\"name\":\"Excel Advisor\",\"url\":\"https:\/\/exceladvisor.org\/de\/\",\"logo\":{\"@type\":\"ImageObject\",\"inLanguage\":\"de\",\"@id\":\"https:\/\/exceladvisor.org\/de\/#\/schema\/logo\/image\/\",\"url\":\"https:\/\/exceladvisor.org\/de\/wp-content\/uploads\/2023\/11\/exceladvisor.org_.png\",\"contentUrl\":\"https:\/\/exceladvisor.org\/de\/wp-content\/uploads\/2023\/11\/exceladvisor.org_.png\",\"width\":105,\"height\":36,\"caption\":\"Excel Advisor\"},\"image\":{\"@id\":\"https:\/\/exceladvisor.org\/de\/#\/schema\/logo\/image\/\"}}]}<\/script>\n<!-- \/ Yoast SEO plugin. -->","yoast_head_json":{"title":"Wie wende ich eine Hintergrundfarbe in Excel an? (Tutorial 2023)","description":"In diesem Tutorial erfahren Sie, wie Sie mit vier verschiedenen Methoden eine Hintergrundfarbe auf eine Zelle in Excel anwenden k\u00f6nnen","robots":{"index":"index","follow":"follow","max-snippet":"max-snippet:-1","max-image-preview":"max-image-preview:large","max-video-preview":"max-video-preview:-1"},"canonical":"https:\/\/exceladvisor.org\/de\/zellfarbe\/","og_locale":"de_DE","og_type":"article","og_title":"Wie wende ich eine Hintergrundfarbe in Excel an? (Tutorial 2023)","og_description":"In diesem Tutorial erfahren Sie, wie Sie mit vier verschiedenen Methoden eine Hintergrundfarbe auf eine Zelle in Excel anwenden k\u00f6nnen","og_url":"https:\/\/exceladvisor.org\/de\/zellfarbe\/","og_site_name":"Excel Advisor","article_modified_time":"2023-12-03T13:05:40+00:00","og_image":[{"url":"https:\/\/exceladvisor.org\/wp-content\/uploads\/2023\/08\/1-option-de-couleur-de-remplissage.png","type":"","width":"","height":""}],"twitter_card":"summary_large_image","twitter_misc":{"Gesch\u00e4tzte Lesezeit":"6\u00a0Minuten"},"schema":{"@context":"https:\/\/schema.org","@graph":[{"@type":"WebPage","@id":"https:\/\/exceladvisor.org\/de\/zellfarbe\/","url":"https:\/\/exceladvisor.org\/de\/zellfarbe\/","name":"Wie wende ich eine Hintergrundfarbe in Excel an? (Tutorial 2023)","isPartOf":{"@id":"https:\/\/exceladvisor.org\/de\/#website"},"primaryImageOfPage":{"@id":"https:\/\/exceladvisor.org\/de\/zellfarbe\/#primaryimage"},"image":{"@id":"https:\/\/exceladvisor.org\/de\/zellfarbe\/#primaryimage"},"thumbnailUrl":"https:\/\/exceladvisor.org\/wp-content\/uploads\/2023\/08\/1-option-de-couleur-de-remplissage.png","datePublished":"2023-09-25T14:20:37+00:00","dateModified":"2023-12-03T13:05:40+00:00","description":"In diesem Tutorial erfahren Sie, wie Sie mit vier verschiedenen Methoden eine Hintergrundfarbe auf eine Zelle in Excel anwenden k\u00f6nnen","breadcrumb":{"@id":"https:\/\/exceladvisor.org\/de\/zellfarbe\/#breadcrumb"},"inLanguage":"de","potentialAction":[{"@type":"ReadAction","target":["https:\/\/exceladvisor.org\/de\/zellfarbe\/"]}]},{"@type":"ImageObject","inLanguage":"de","@id":"https:\/\/exceladvisor.org\/de\/zellfarbe\/#primaryimage","url":"https:\/\/exceladvisor.org\/wp-content\/uploads\/2023\/08\/1-option-de-couleur-de-remplissage.png","contentUrl":"https:\/\/exceladvisor.org\/wp-content\/uploads\/2023\/08\/1-option-de-couleur-de-remplissage.png"},{"@type":"BreadcrumbList","@id":"https:\/\/exceladvisor.org\/de\/zellfarbe\/#breadcrumb","itemListElement":[{"@type":"ListItem","position":1,"name":"Accueil","item":"https:\/\/exceladvisor.org\/de\/"},{"@type":"ListItem","position":2,"name":"Wie wende ich eine hintergrundfarbe in excel an?"}]},{"@type":"WebSite","@id":"https:\/\/exceladvisor.org\/de\/#website","url":"https:\/\/exceladvisor.org\/de\/","name":"Excel Advisor","description":"Ihr Leitfaden zur Datendominanz","publisher":{"@id":"https:\/\/exceladvisor.org\/de\/#organization"},"potentialAction":[{"@type":"SearchAction","target":{"@type":"EntryPoint","urlTemplate":"https:\/\/exceladvisor.org\/de\/?s={search_term_string}"},"query-input":{"@type":"PropertyValueSpecification","valueRequired":true,"valueName":"search_term_string"}}],"inLanguage":"de"},{"@type":"Organization","@id":"https:\/\/exceladvisor.org\/de\/#organization","name":"Excel Advisor","url":"https:\/\/exceladvisor.org\/de\/","logo":{"@type":"ImageObject","inLanguage":"de","@id":"https:\/\/exceladvisor.org\/de\/#\/schema\/logo\/image\/","url":"https:\/\/exceladvisor.org\/de\/wp-content\/uploads\/2023\/11\/exceladvisor.org_.png","contentUrl":"https:\/\/exceladvisor.org\/de\/wp-content\/uploads\/2023\/11\/exceladvisor.org_.png","width":105,"height":36,"caption":"Excel Advisor"},"image":{"@id":"https:\/\/exceladvisor.org\/de\/#\/schema\/logo\/image\/"}}]}},"yoast_meta":{"yoast_wpseo_title":"","yoast_wpseo_metadesc":"","yoast_wpseo_canonical":""},"_links":{"self":[{"href":"https:\/\/exceladvisor.org\/de\/wp-json\/wp\/v2\/pages\/3683","targetHints":{"allow":["GET"]}}],"collection":[{"href":"https:\/\/exceladvisor.org\/de\/wp-json\/wp\/v2\/pages"}],"about":[{"href":"https:\/\/exceladvisor.org\/de\/wp-json\/wp\/v2\/types\/page"}],"author":[{"embeddable":true,"href":"https:\/\/exceladvisor.org\/de\/wp-json\/wp\/v2\/users\/1"}],"replies":[{"embeddable":true,"href":"https:\/\/exceladvisor.org\/de\/wp-json\/wp\/v2\/comments?post=3683"}],"version-history":[{"count":1,"href":"https:\/\/exceladvisor.org\/de\/wp-json\/wp\/v2\/pages\/3683\/revisions"}],"predecessor-version":[{"id":4408,"href":"https:\/\/exceladvisor.org\/de\/wp-json\/wp\/v2\/pages\/3683\/revisions\/4408"}],"wp:attachment":[{"href":"https:\/\/exceladvisor.org\/de\/wp-json\/wp\/v2\/media?parent=3683"}],"curies":[{"name":"wp","href":"https:\/\/api.w.org\/{rel}","templated":true}]}}