{"id":3684,"date":"2023-09-25T11:06:02","date_gmt":"2023-09-25T11:06:02","guid":{"rendered":"https:\/\/exceladvisor.org\/de\/statusleiste-1\/"},"modified":"2023-12-03T11:21:48","modified_gmt":"2023-12-03T11:21:48","slug":"statusleiste-1","status":"publish","type":"page","link":"https:\/\/exceladvisor.org\/de\/statusleiste-1\/","title":{"rendered":"Wie kann ich die statusleiste mit vba ein-\/ausblenden?"},"content":{"rendered":"<div class=\"excel-vor-dem-inhalt\" id=\"excel-2884162657\"><script type=\"text\/javascript\">\r\n\tatOptions = {\r\n\t\t'key' : 'c1158f160081d6540a8409e6925dab94',\r\n\t\t'format' : 'iframe',\r\n\t\t'height' : 250,\r\n\t\t'width' : 300,\r\n\t\t'params' : {}\r\n\t};\r\n<\/script>\r\n<script type=\"text\/javascript\" src=\"\/\/www.highperformanceformat.com\/c1158f160081d6540a8409e6925dab94\/invoke.js\"><\/script><\/div> <p>In VBA gibt es eine Eigenschaft \u201eStatusleiste\u201c, die Ihnen helfen kann, einen Wert in der Statusleiste anzuzeigen, und es gibt auch \u201eDisplayStatusBar\u201c, um den Status des Excel-Fensters auszublenden und anzuzeigen. Bei Verwendung dieser Eigenschaften m\u00fcssen Sie die Statusleiste bis zum Ende zur\u00fccksetzen, da sonst die letzte Meldung oder Einstellung dort verbleibt.<\/p><p> Im Tutorial sehen wir einige Beispiele, die wir bei der Arbeit in Excel verwenden k\u00f6nnen.<\/p><h2 class=\"wp-block-heading\"> Einen Wert in der Statusleiste anzeigen<\/h2><p> Wie gesagt, Sie k\u00f6nnen die StatusBar-Eigenschaft verwenden, um einen Wert in der Statusleiste anzuzeigen. Im folgenden Code haben Sie den Wert \u201eHallo\u201c verwendet, um ihn zur Statusleiste hinzuzuf\u00fcgen. <\/p><div class=\"wp-block-image\"><figure class=\"aligncenter size-large is-resized\"><img loading=\"lazy\" decoding=\"async\" class=\"wp-image-55620\" src=\"https:\/\/exceladvisor.org\/wp-content\/uploads\/2023\/08\/1-afficher-une-valeur-dans-la-barre-detat.png\" sizes=\"auto, \" srcset=\"\" alt=\"einen Wert in der Statusleiste anzeigen\" width=\"431\" height=\"390\"><\/figure><\/div><ol type=\"1\"><li> Verwenden Sie das Schl\u00fcsselwort \u201eAnwendung\u201c, um auf die Excel-Anwendung zu verweisen.<\/li><li> Geben Sie einen Punkt ein, um eine Liste der Eigenschaften und Methoden zu erhalten.<\/li><li> W\u00e4hlen Sie die Eigenschaft \u201eStatusBar\u201c.<\/li><li> Am Ende geben Sie mit dem Gleichheitszeichen den Wert an, der in der Statusleiste angezeigt werden soll.<\/li><\/ol><pre class=\"wp-block-code\"> <code class=\"language-visual-basic\" lang=\"visual-basic\">Sub vba_status_bar() Application.StatusBar = \"Hello\" End Sub<\/code><\/pre><h2 class=\"wp-block-heading\"> Statusleiste mit VBA ausblenden<\/h2><p> Angenommen, Sie m\u00f6chten die Statusleiste ausblenden, indem Sie DisplayStatusBar verwenden und diese Eigenschaft auf \u201eFalse\u201c festlegen ( <em>beachten Sie den folgenden Code<\/em> ). <\/p><div class=\"wp-block-image\"><figure class=\"aligncenter size-large is-resized\"><img loading=\"lazy\" decoding=\"async\" class=\"wp-image-55621\" src=\"https:\/\/exceladvisor.org\/wp-content\/uploads\/2023\/08\/2-masquer-la-barre-detat.png\" sizes=\"auto, \" srcset=\"\" alt=\"Statusleiste verstecken\" width=\"484\" height=\"270\"><\/figure><\/div><ol type=\"1\"><li> Verwenden Sie das Schl\u00fcsselwort \u201eAnwendung\u201c, um auf die Excel-Anwendung zu verweisen.<\/li><li> Geben Sie einen Punkt ein, um eine Liste der Eigenschaften und Methoden zu erhalten.<\/li><li> W\u00e4hlen Sie die Eigenschaft \u201eDisplayStatusBar\u201c.<\/li><li> Verwenden Sie am Ende das Gleichheitszeichen, um \u201eFalse\u201c anzugeben.<\/li><\/ol><pre class=\"wp-block-code\"> <code class=\"language-visual-basic\" lang=\"visual-basic\">Sub vba_status_bar_hide() Application.DisplayStatusBar = False End Sub<\/code><\/pre><h2 class=\"wp-block-heading\"> Fortschritt in der Statusleiste aktualisieren<\/h2><p> Nachfolgende Codeausf\u00fchrungen zeigen in der Statusleiste einen Fortschrittsz\u00e4hler mit einer Zahl von 1 bis 100 an, die Sie nach Bedarf \u00e4ndern k\u00f6nnen.<\/p><pre class=\"wp-block-code\"> <code class=\"language-visual-basic\" lang=\"visual-basic\">Sub vba_status_bar_update() Dim x As Integer Dim iTimer As Double 'you can change the loop if you need For x = 1 To 100 'dummy loop to run, you can change it as well iTimer = Timer Do Loop While Timer - MyTimer &lt; 0.03 Application.StatusBar = \"Progress: \" &amp; x &amp; \" of 100: \" &amp; Format(x \/ 100, \"Percent\") DoEvents Next x Application.StatusBar = False End Sub<\/code><\/pre><h2 class=\"wp-block-heading\"> Wichtige Punkte, die Sie beachten sollten<\/h2><ol type=\"1\"><li> Um sie nutzen zu k\u00f6nnen, m\u00fcssen Sie \u201eApp\u201c mit Statusleisteneigenschaften verwenden.<\/li><li> Sobald Sie eine Statusmeldung sehen, m\u00fcssen Sie diese Meldung l\u00f6schen.<\/li><\/ol><div class=\"gb-container gb-container-4db6181c gb-container-mt\"> <a class=\"gb-button gb-button-c5897111 gb-button-text gb-button-mt-button\" href=\"https:\/\/exceladvisor.org\/de\/vba\/\">Was ist VBA<\/a><h2 class=\"gb-headline gb-headline-665e5f6b gb-headline-text gb-headline-mt-heading\"> Verwandte Tutorials <\/h2><div class=\"gb-grid-wrapper gb-grid-wrapper-a20baf7c gb-grid-wrapper-mt-grid\"><div class=\"gb-grid-column gb-grid-column-65ddf67e\"><div class=\"gb-container gb-container-65ddf67e\"><ul><li> <a href=\"https:\/\/exceladvisor.org\/de\/markieren-sie-doppelte-werte\/\">Markieren Sie doppelte Werte mit VBA<\/a><\/li><li> <a href=\"https:\/\/exceladvisor.org\/de\/hyperlink-extrahieren\/\">Extrahieren Sie die Hyperlink-Adresse (URL) per VBA<\/a><\/li><li> <a href=\"https:\/\/exceladvisor.org\/de\/eingabefeld\/\">Eingabefeld in VBA<\/a><\/li><li> <a href=\"https:\/\/exceladvisor.org\/de\/textdateien\/\">VBA erstellen und in eine Textdatei schreiben<\/a><\/li><li> <a href=\"https:\/\/exceladvisor.org\/de\/bildschirmaktualisierung\/\">VBA-Bildschirmaktualisierung<\/a> <\/li><\/ul><\/div><\/div><div class=\"gb-grid-column gb-grid-column-50067b57\"><div class=\"gb-container gb-container-50067b57\"><\/div><\/div><\/div><\/div>","protected":false},"excerpt":{"rendered":"","protected":false},"author":1,"featured_media":0,"parent":0,"menu_order":0,"comment_status":"open","ping_status":"closed","template":"","meta":{"ub_ctt_via":"","footnotes":""},"class_list":["post-3684","page","type-page","status-publish","hentry"],"featured_image_src":null,"yoast_head":"<!-- This site is optimized with the Yoast SEO plugin v25.4 - https:\/\/yoast.com\/wordpress\/plugins\/seo\/ -->\n<title>Wie kann ich die Statusleiste mit VBA ein-\/ausblenden?<\/title>\n<meta name=\"description\" content=\"Wenn Sie Statusleisteneigenschaften verwenden, m\u00fcssen Sie die Statusleiste bis zum Ende zur\u00fccksetzen, andernfalls wird die letzte Nachricht bzw. angezeigt\" \/>\n<meta name=\"robots\" content=\"index, follow, max-snippet:-1, max-image-preview:large, max-video-preview:-1\" \/>\n<link rel=\"canonical\" href=\"https:\/\/exceladvisor.org\/de\/statusleiste-1\/\" \/>\n<meta property=\"og:locale\" content=\"de_DE\" \/>\n<meta property=\"og:type\" content=\"article\" \/>\n<meta property=\"og:title\" content=\"Wie kann ich die Statusleiste mit VBA ein-\/ausblenden?\" \/>\n<meta property=\"og:description\" content=\"Wenn Sie Statusleisteneigenschaften verwenden, m\u00fcssen Sie die Statusleiste bis zum Ende zur\u00fccksetzen, andernfalls wird die letzte Nachricht bzw. angezeigt\" \/>\n<meta property=\"og:url\" content=\"https:\/\/exceladvisor.org\/de\/statusleiste-1\/\" \/>\n<meta property=\"og:site_name\" content=\"Excel Advisor\" \/>\n<meta property=\"article:modified_time\" content=\"2023-12-03T11:21:48+00:00\" \/>\n<meta property=\"og:image\" content=\"https:\/\/exceladvisor.org\/wp-content\/uploads\/2023\/08\/1-afficher-une-valeur-dans-la-barre-detat.png\" \/>\n<meta name=\"twitter:card\" content=\"summary_large_image\" \/>\n<meta name=\"twitter:label1\" content=\"Gesch\u00e4tzte Lesezeit\" \/>\n\t<meta name=\"twitter:data1\" content=\"2\u00a0Minuten\" \/>\n<script type=\"application\/ld+json\" class=\"yoast-schema-graph\">{\"@context\":\"https:\/\/schema.org\",\"@graph\":[{\"@type\":\"WebPage\",\"@id\":\"https:\/\/exceladvisor.org\/de\/statusleiste-1\/\",\"url\":\"https:\/\/exceladvisor.org\/de\/statusleiste-1\/\",\"name\":\"Wie kann ich die Statusleiste mit VBA ein-\/ausblenden?\",\"isPartOf\":{\"@id\":\"https:\/\/exceladvisor.org\/de\/#website\"},\"primaryImageOfPage\":{\"@id\":\"https:\/\/exceladvisor.org\/de\/statusleiste-1\/#primaryimage\"},\"image\":{\"@id\":\"https:\/\/exceladvisor.org\/de\/statusleiste-1\/#primaryimage\"},\"thumbnailUrl\":\"https:\/\/exceladvisor.org\/wp-content\/uploads\/2023\/08\/1-afficher-une-valeur-dans-la-barre-detat.png\",\"datePublished\":\"2023-09-25T11:06:02+00:00\",\"dateModified\":\"2023-12-03T11:21:48+00:00\",\"description\":\"Wenn Sie Statusleisteneigenschaften verwenden, m\u00fcssen Sie die Statusleiste bis zum Ende zur\u00fccksetzen, andernfalls wird die letzte Nachricht bzw. angezeigt\",\"breadcrumb\":{\"@id\":\"https:\/\/exceladvisor.org\/de\/statusleiste-1\/#breadcrumb\"},\"inLanguage\":\"de\",\"potentialAction\":[{\"@type\":\"ReadAction\",\"target\":[\"https:\/\/exceladvisor.org\/de\/statusleiste-1\/\"]}]},{\"@type\":\"ImageObject\",\"inLanguage\":\"de\",\"@id\":\"https:\/\/exceladvisor.org\/de\/statusleiste-1\/#primaryimage\",\"url\":\"https:\/\/exceladvisor.org\/wp-content\/uploads\/2023\/08\/1-afficher-une-valeur-dans-la-barre-detat.png\",\"contentUrl\":\"https:\/\/exceladvisor.org\/wp-content\/uploads\/2023\/08\/1-afficher-une-valeur-dans-la-barre-detat.png\"},{\"@type\":\"BreadcrumbList\",\"@id\":\"https:\/\/exceladvisor.org\/de\/statusleiste-1\/#breadcrumb\",\"itemListElement\":[{\"@type\":\"ListItem\",\"position\":1,\"name\":\"Accueil\",\"item\":\"https:\/\/exceladvisor.org\/de\/\"},{\"@type\":\"ListItem\",\"position\":2,\"name\":\"Wie kann ich die statusleiste mit vba ein-\/ausblenden?\"}]},{\"@type\":\"WebSite\",\"@id\":\"https:\/\/exceladvisor.org\/de\/#website\",\"url\":\"https:\/\/exceladvisor.org\/de\/\",\"name\":\"Excel Advisor\",\"description\":\"Ihr Leitfaden zur Datendominanz\",\"publisher\":{\"@id\":\"https:\/\/exceladvisor.org\/de\/#organization\"},\"potentialAction\":[{\"@type\":\"SearchAction\",\"target\":{\"@type\":\"EntryPoint\",\"urlTemplate\":\"https:\/\/exceladvisor.org\/de\/?s={search_term_string}\"},\"query-input\":{\"@type\":\"PropertyValueSpecification\",\"valueRequired\":true,\"valueName\":\"search_term_string\"}}],\"inLanguage\":\"de\"},{\"@type\":\"Organization\",\"@id\":\"https:\/\/exceladvisor.org\/de\/#organization\",\"name\":\"Excel Advisor\",\"url\":\"https:\/\/exceladvisor.org\/de\/\",\"logo\":{\"@type\":\"ImageObject\",\"inLanguage\":\"de\",\"@id\":\"https:\/\/exceladvisor.org\/de\/#\/schema\/logo\/image\/\",\"url\":\"https:\/\/exceladvisor.org\/de\/wp-content\/uploads\/2023\/11\/exceladvisor.org_.png\",\"contentUrl\":\"https:\/\/exceladvisor.org\/de\/wp-content\/uploads\/2023\/11\/exceladvisor.org_.png\",\"width\":105,\"height\":36,\"caption\":\"Excel Advisor\"},\"image\":{\"@id\":\"https:\/\/exceladvisor.org\/de\/#\/schema\/logo\/image\/\"}}]}<\/script>\n<!-- \/ Yoast SEO plugin. -->","yoast_head_json":{"title":"Wie kann ich die Statusleiste mit VBA ein-\/ausblenden?","description":"Wenn Sie Statusleisteneigenschaften verwenden, m\u00fcssen Sie die Statusleiste bis zum Ende zur\u00fccksetzen, andernfalls wird die letzte Nachricht bzw. angezeigt","robots":{"index":"index","follow":"follow","max-snippet":"max-snippet:-1","max-image-preview":"max-image-preview:large","max-video-preview":"max-video-preview:-1"},"canonical":"https:\/\/exceladvisor.org\/de\/statusleiste-1\/","og_locale":"de_DE","og_type":"article","og_title":"Wie kann ich die Statusleiste mit VBA ein-\/ausblenden?","og_description":"Wenn Sie Statusleisteneigenschaften verwenden, m\u00fcssen Sie die Statusleiste bis zum Ende zur\u00fccksetzen, andernfalls wird die letzte Nachricht bzw. angezeigt","og_url":"https:\/\/exceladvisor.org\/de\/statusleiste-1\/","og_site_name":"Excel Advisor","article_modified_time":"2023-12-03T11:21:48+00:00","og_image":[{"url":"https:\/\/exceladvisor.org\/wp-content\/uploads\/2023\/08\/1-afficher-une-valeur-dans-la-barre-detat.png","type":"","width":"","height":""}],"twitter_card":"summary_large_image","twitter_misc":{"Gesch\u00e4tzte Lesezeit":"2\u00a0Minuten"},"schema":{"@context":"https:\/\/schema.org","@graph":[{"@type":"WebPage","@id":"https:\/\/exceladvisor.org\/de\/statusleiste-1\/","url":"https:\/\/exceladvisor.org\/de\/statusleiste-1\/","name":"Wie kann ich die Statusleiste mit VBA ein-\/ausblenden?","isPartOf":{"@id":"https:\/\/exceladvisor.org\/de\/#website"},"primaryImageOfPage":{"@id":"https:\/\/exceladvisor.org\/de\/statusleiste-1\/#primaryimage"},"image":{"@id":"https:\/\/exceladvisor.org\/de\/statusleiste-1\/#primaryimage"},"thumbnailUrl":"https:\/\/exceladvisor.org\/wp-content\/uploads\/2023\/08\/1-afficher-une-valeur-dans-la-barre-detat.png","datePublished":"2023-09-25T11:06:02+00:00","dateModified":"2023-12-03T11:21:48+00:00","description":"Wenn Sie Statusleisteneigenschaften verwenden, m\u00fcssen Sie die Statusleiste bis zum Ende zur\u00fccksetzen, andernfalls wird die letzte Nachricht bzw. angezeigt","breadcrumb":{"@id":"https:\/\/exceladvisor.org\/de\/statusleiste-1\/#breadcrumb"},"inLanguage":"de","potentialAction":[{"@type":"ReadAction","target":["https:\/\/exceladvisor.org\/de\/statusleiste-1\/"]}]},{"@type":"ImageObject","inLanguage":"de","@id":"https:\/\/exceladvisor.org\/de\/statusleiste-1\/#primaryimage","url":"https:\/\/exceladvisor.org\/wp-content\/uploads\/2023\/08\/1-afficher-une-valeur-dans-la-barre-detat.png","contentUrl":"https:\/\/exceladvisor.org\/wp-content\/uploads\/2023\/08\/1-afficher-une-valeur-dans-la-barre-detat.png"},{"@type":"BreadcrumbList","@id":"https:\/\/exceladvisor.org\/de\/statusleiste-1\/#breadcrumb","itemListElement":[{"@type":"ListItem","position":1,"name":"Accueil","item":"https:\/\/exceladvisor.org\/de\/"},{"@type":"ListItem","position":2,"name":"Wie kann ich die statusleiste mit vba ein-\/ausblenden?"}]},{"@type":"WebSite","@id":"https:\/\/exceladvisor.org\/de\/#website","url":"https:\/\/exceladvisor.org\/de\/","name":"Excel Advisor","description":"Ihr Leitfaden zur Datendominanz","publisher":{"@id":"https:\/\/exceladvisor.org\/de\/#organization"},"potentialAction":[{"@type":"SearchAction","target":{"@type":"EntryPoint","urlTemplate":"https:\/\/exceladvisor.org\/de\/?s={search_term_string}"},"query-input":{"@type":"PropertyValueSpecification","valueRequired":true,"valueName":"search_term_string"}}],"inLanguage":"de"},{"@type":"Organization","@id":"https:\/\/exceladvisor.org\/de\/#organization","name":"Excel Advisor","url":"https:\/\/exceladvisor.org\/de\/","logo":{"@type":"ImageObject","inLanguage":"de","@id":"https:\/\/exceladvisor.org\/de\/#\/schema\/logo\/image\/","url":"https:\/\/exceladvisor.org\/de\/wp-content\/uploads\/2023\/11\/exceladvisor.org_.png","contentUrl":"https:\/\/exceladvisor.org\/de\/wp-content\/uploads\/2023\/11\/exceladvisor.org_.png","width":105,"height":36,"caption":"Excel Advisor"},"image":{"@id":"https:\/\/exceladvisor.org\/de\/#\/schema\/logo\/image\/"}}]}},"yoast_meta":{"yoast_wpseo_title":"","yoast_wpseo_metadesc":"","yoast_wpseo_canonical":""},"_links":{"self":[{"href":"https:\/\/exceladvisor.org\/de\/wp-json\/wp\/v2\/pages\/3684","targetHints":{"allow":["GET"]}}],"collection":[{"href":"https:\/\/exceladvisor.org\/de\/wp-json\/wp\/v2\/pages"}],"about":[{"href":"https:\/\/exceladvisor.org\/de\/wp-json\/wp\/v2\/types\/page"}],"author":[{"embeddable":true,"href":"https:\/\/exceladvisor.org\/de\/wp-json\/wp\/v2\/users\/1"}],"replies":[{"embeddable":true,"href":"https:\/\/exceladvisor.org\/de\/wp-json\/wp\/v2\/comments?post=3684"}],"version-history":[{"count":1,"href":"https:\/\/exceladvisor.org\/de\/wp-json\/wp\/v2\/pages\/3684\/revisions"}],"predecessor-version":[{"id":4084,"href":"https:\/\/exceladvisor.org\/de\/wp-json\/wp\/v2\/pages\/3684\/revisions\/4084"}],"wp:attachment":[{"href":"https:\/\/exceladvisor.org\/de\/wp-json\/wp\/v2\/media?parent=3684"}],"curies":[{"name":"wp","href":"https:\/\/api.w.org\/{rel}","templated":true}]}}