{"id":3685,"date":"2023-09-25T11:03:23","date_gmt":"2023-09-25T11:03:23","guid":{"rendered":"https:\/\/exceladvisor.org\/de\/durchschnittlicher-prozentsatz-2\/"},"modified":"2023-12-03T11:14:06","modified_gmt":"2023-12-03T11:14:06","slug":"durchschnittlicher-prozentsatz-2","status":"publish","type":"page","link":"https:\/\/exceladvisor.org\/de\/durchschnittlicher-prozentsatz-2\/","title":{"rendered":"Wie berechnet man den durchschnitt der prozentwerte?"},"content":{"rendered":"<div class=\"excel-vor-dem-inhalt\" id=\"excel-2850685498\"><script type=\"text\/javascript\">\r\n\tatOptions = {\r\n\t\t'key' : 'c1158f160081d6540a8409e6925dab94',\r\n\t\t'format' : 'iframe',\r\n\t\t'height' : 250,\r\n\t\t'width' : 300,\r\n\t\t'params' : {}\r\n\t};\r\n<\/script>\r\n<script type=\"text\/javascript\" src=\"\/\/www.highperformanceformat.com\/c1158f160081d6540a8409e6925dab94\/invoke.js\"><\/script><\/div> <p>Um den Durchschnitt der Prozents\u00e4tze in Excel zu berechnen, k\u00f6nnen Sie die Funktion AVERAGE verwenden. Sehen Sie sich den Bereich an, in dem Sie die Werte haben, und dr\u00fccken Sie dann die Eingabetaste, um das Ergebnis zu erhalten. Alles, was Sie tun m\u00fcssen, ist, dass die Zelle, in der Sie diese Formel verwenden, das Prozentzellenformat haben muss. <\/p><div class=\"wp-block-image\"><figure class=\"aligncenter size-full is-resized\"><img loading=\"lazy\" decoding=\"async\" class=\"wp-image-79276\" src=\"https:\/\/exceladvisor.org\/wp-content\/uploads\/2023\/08\/1-moyenne-des-valeurs-en-pourcentage.png\" sizes=\"auto, \" srcset=\"\" alt=\"Durchschnitt der Werte Prozentsatz\" width=\"614\" height=\"332\"><\/figure><\/div><p> In diesem Tutorial lernen wir, wie man hierf\u00fcr eine Formel schreibt.<\/p><h2 class=\"wp-block-heading\"> Durchschnittliche Prozentformel<\/h2><p> Sie k\u00f6nnen dazu die folgenden Schritte ausf\u00fchren:<\/p><ol type=\"1\"><li> Zuerst in einer Zelle vom Typ =AVERAGE.<\/li><li> Geben Sie nun die f\u00fchrende Klammer \u201e(\u201c ein.<\/li><li> Beziehen Sie sich anschlie\u00dfend auf den Bereich, in dem Sie die Werte haben, die Sie mitteln m\u00f6chten.<\/li><li> Geben Sie am Ende die schlie\u00dfenden Klammern ein und dr\u00fccken Sie die Eingabetaste, um das Ergebnis zu erhalten.<\/li><\/ol><p> Sobald Sie die Eingabetaste dr\u00fccken, wird der Durchschnitt der Prozentwerte des Bereichs zur\u00fcckgegeben.<\/p><pre class=\"wp-block-code\"> <code class=\"language-excel-formula\" lang=\"excel-formula\">=AVERAGE(A1:A3)<\/code><\/pre><p> Excel ist intelligent genug, um das Zellenformat in Prozent zu \u00e4ndern, wenn Sie die Eingabetaste dr\u00fccken.<\/p><h2 class=\"wp-block-heading\"> Gewichteter Durchschnitt der Prozents\u00e4tze<\/h2><p> Ja, Sie k\u00f6nnen auch <a href=\"https:\/\/exceladvisor.org\/de\/gewichteter-durchschnitt\/\">den gewichteten Durchschnitt der Prozents\u00e4tze berechnen<\/a> . Nachfolgend finden Sie die Anzahl der Sch\u00fcler, die \u00fcber dem Leistungsniveau lagen. Und jetzt m\u00fcssen Sie den gewichteten Durchschnitt dieser Prozentwerte berechnen <\/p><div class=\"wp-block-image\"><figure class=\"aligncenter size-full is-resized\"><img loading=\"lazy\" decoding=\"async\" class=\"wp-image-79277\" src=\"https:\/\/exceladvisor.org\/wp-content\/uploads\/2023\/08\/2-moyenne-ponderee-des-pourcentages.png\" sizes=\"auto, \" srcset=\"\" alt=\"gewichteter Durchschnitt der Prozents\u00e4tze\" width=\"636\" height=\"290\"><\/figure><\/div><p> Diese Formel ist eine Kombination aus SUMPRODUCT und SUM.<\/p><ol><li> SUMPRODUCT multipliziert jede Sch\u00fclerzahl mit dem Prozentsatz und addiert dann alle diese Produkte.<\/li><li> SUM gibt die Gesamtzahl der Studierenden (Summe der Studierendenzahl) zur\u00fcck.<\/li><li> Teilen Sie schlie\u00dflich die beiden Werte, um den gewichteten Durchschnitt der Prozents\u00e4tze zu erhalten.<\/li><\/ol><h2 class=\"wp-block-heading\"> Verwenden Sie AVERAGEI<\/h2><p> Sie k\u00f6nnen AVERAGEIF auch zum Mitteln von Prozents\u00e4tzen verwenden oder eine Bedingung erstellen, um den Durchschnitt zu berechnen. Angenommen, Sie m\u00f6chten Durchschnittswerte \u00fcber 50 % ermitteln. <\/p><div class=\"wp-block-image\"><figure class=\"aligncenter size-full is-resized\"><img loading=\"lazy\" decoding=\"async\" class=\"wp-image-79278\" src=\"https:\/\/exceladvisor.org\/wp-content\/uploads\/2023\/08\/3-moyenne-si-pour-les-valeurs-en-pourcentage.png\" sizes=\"auto, \" srcset=\"\" alt=\"Durchschnittssi-Prozentwerte\" width=\"563\" height=\"368\"><\/figure><\/div><p> Sie k\u00f6nnen die folgende Formel verwenden:<\/p><pre class=\"wp-block-code\"> <code class=\"language-excel-formula\" lang=\"excel-formula\">=AVERAGEIF(A2:A12,\"&gt;50%\")<\/code><\/pre><p> Dabei werden nur Zellen ber\u00fccksichtigt, deren Prozentsatz gr\u00f6\u00dfer als 50 ist. <\/p><div class=\"gb-container gb-container-52dfcee1 gb-container-sample-file\"><h2 class=\"gb-headline gb-headline-e289c143 gb-headline-text gb-headline-4f7959c2\"> Holen Sie sich die Excel-Datei<\/h2><p> <a class=\"gb-button gb-button-e88d6bee gb-button-text gb-button-button1\" href=\"https:\/\/exceladvisor.org\/wp-content\/uploads\/2023\/11\/pourcentage-moyen.xlsx\" rel=\"nofollow\">Herunterladen<\/a><\/p><\/div><div class=\"gb-container gb-container-0df56012 gb-container-mt\"> <a class=\"gb-button gb-button-f9f432f4 gb-button-text gb-button-mt-button\" href=\"https:\/\/exceladvisor.org\/de\/formeln\/\">Liste der Excel-Formeln<\/a><h2 class=\"gb-headline gb-headline-233444e8 gb-headline-text gb-headline-mt-heading\"> Verwandte Formeln <\/h2><div class=\"gb-grid-wrapper gb-grid-wrapper-a16fa65c gb-grid-wrapper-mt-grid\"><div class=\"gb-grid-column gb-grid-column-50d07e0d\"><div class=\"gb-container gb-container-50d07e0d\"><ul><li> <a href=\"https:\/\/exceladvisor.org\/de\/durchschnittliche-maximalwerte\/\">Durchschnitt der 5 h\u00f6chsten Werte in Excel<\/a><\/li><li> <a href=\"https:\/\/exceladvisor.org\/de\/gewichteter-durchschnitt\/\">Berechnen Sie den gewichteten Durchschnitt in Excel<\/a><\/li><li> <a href=\"https:\/\/exceladvisor.org\/de\/durchschnittlich-ignorierte-fehler-2\/\">Durchschnittlich, aber Fehler ignorieren (#N\/A und andere Fehler)<\/a><\/li><li> <a href=\"https:\/\/exceladvisor.org\/de\/der-durchschnitt-schliesst-nullen-aus-2\/\">Durchschnittliche Zahl, jedoch ohne Nullen<\/a><\/li><\/ul><\/div><\/div><\/div><\/div>","protected":false},"excerpt":{"rendered":"","protected":false},"author":1,"featured_media":0,"parent":0,"menu_order":0,"comment_status":"open","ping_status":"closed","template":"","meta":{"ub_ctt_via":"","footnotes":""},"class_list":["post-3685","page","type-page","status-publish","hentry"],"featured_image_src":null,"yoast_head":"<!-- This site is optimized with the Yoast SEO plugin v25.4 - https:\/\/yoast.com\/wordpress\/plugins\/seo\/ -->\n<title>Wie berechnet man den Durchschnitt der Prozentwerte?<\/title>\n<meta name=\"description\" content=\"In diesem Tutorial erfahren Sie, wie Sie Excel-Formeln f\u00fcr durchschnittliche Prozentwerte schreiben. Lassen Sie uns das \u00fcberpr\u00fcfen ...\" \/>\n<meta name=\"robots\" content=\"index, follow, max-snippet:-1, max-image-preview:large, max-video-preview:-1\" \/>\n<link rel=\"canonical\" href=\"https:\/\/exceladvisor.org\/de\/durchschnittlicher-prozentsatz-2\/\" \/>\n<meta property=\"og:locale\" content=\"de_DE\" \/>\n<meta property=\"og:type\" content=\"article\" \/>\n<meta property=\"og:title\" content=\"Wie berechnet man den Durchschnitt der Prozentwerte?\" \/>\n<meta property=\"og:description\" content=\"In diesem Tutorial erfahren Sie, wie Sie Excel-Formeln f\u00fcr durchschnittliche Prozentwerte schreiben. Lassen Sie uns das \u00fcberpr\u00fcfen ...\" \/>\n<meta property=\"og:url\" content=\"https:\/\/exceladvisor.org\/de\/durchschnittlicher-prozentsatz-2\/\" \/>\n<meta property=\"og:site_name\" content=\"Excel Advisor\" \/>\n<meta property=\"article:modified_time\" content=\"2023-12-03T11:14:06+00:00\" \/>\n<meta property=\"og:image\" content=\"https:\/\/exceladvisor.org\/wp-content\/uploads\/2023\/08\/1-moyenne-des-valeurs-en-pourcentage.png\" \/>\n<meta name=\"twitter:card\" content=\"summary_large_image\" \/>\n<meta name=\"twitter:label1\" content=\"Gesch\u00e4tzte Lesezeit\" \/>\n\t<meta name=\"twitter:data1\" content=\"2\u00a0Minuten\" \/>\n<script type=\"application\/ld+json\" class=\"yoast-schema-graph\">{\"@context\":\"https:\/\/schema.org\",\"@graph\":[{\"@type\":\"WebPage\",\"@id\":\"https:\/\/exceladvisor.org\/de\/durchschnittlicher-prozentsatz-2\/\",\"url\":\"https:\/\/exceladvisor.org\/de\/durchschnittlicher-prozentsatz-2\/\",\"name\":\"Wie berechnet man den Durchschnitt der Prozentwerte?\",\"isPartOf\":{\"@id\":\"https:\/\/exceladvisor.org\/de\/#website\"},\"primaryImageOfPage\":{\"@id\":\"https:\/\/exceladvisor.org\/de\/durchschnittlicher-prozentsatz-2\/#primaryimage\"},\"image\":{\"@id\":\"https:\/\/exceladvisor.org\/de\/durchschnittlicher-prozentsatz-2\/#primaryimage\"},\"thumbnailUrl\":\"https:\/\/exceladvisor.org\/wp-content\/uploads\/2023\/08\/1-moyenne-des-valeurs-en-pourcentage.png\",\"datePublished\":\"2023-09-25T11:03:23+00:00\",\"dateModified\":\"2023-12-03T11:14:06+00:00\",\"description\":\"In diesem Tutorial erfahren Sie, wie Sie Excel-Formeln f\u00fcr durchschnittliche Prozentwerte schreiben. Lassen Sie uns das \u00fcberpr\u00fcfen ...\",\"breadcrumb\":{\"@id\":\"https:\/\/exceladvisor.org\/de\/durchschnittlicher-prozentsatz-2\/#breadcrumb\"},\"inLanguage\":\"de\",\"potentialAction\":[{\"@type\":\"ReadAction\",\"target\":[\"https:\/\/exceladvisor.org\/de\/durchschnittlicher-prozentsatz-2\/\"]}]},{\"@type\":\"ImageObject\",\"inLanguage\":\"de\",\"@id\":\"https:\/\/exceladvisor.org\/de\/durchschnittlicher-prozentsatz-2\/#primaryimage\",\"url\":\"https:\/\/exceladvisor.org\/wp-content\/uploads\/2023\/08\/1-moyenne-des-valeurs-en-pourcentage.png\",\"contentUrl\":\"https:\/\/exceladvisor.org\/wp-content\/uploads\/2023\/08\/1-moyenne-des-valeurs-en-pourcentage.png\"},{\"@type\":\"BreadcrumbList\",\"@id\":\"https:\/\/exceladvisor.org\/de\/durchschnittlicher-prozentsatz-2\/#breadcrumb\",\"itemListElement\":[{\"@type\":\"ListItem\",\"position\":1,\"name\":\"Accueil\",\"item\":\"https:\/\/exceladvisor.org\/de\/\"},{\"@type\":\"ListItem\",\"position\":2,\"name\":\"Wie berechnet man den durchschnitt der prozentwerte?\"}]},{\"@type\":\"WebSite\",\"@id\":\"https:\/\/exceladvisor.org\/de\/#website\",\"url\":\"https:\/\/exceladvisor.org\/de\/\",\"name\":\"Excel Advisor\",\"description\":\"Ihr Leitfaden zur Datendominanz\",\"publisher\":{\"@id\":\"https:\/\/exceladvisor.org\/de\/#organization\"},\"potentialAction\":[{\"@type\":\"SearchAction\",\"target\":{\"@type\":\"EntryPoint\",\"urlTemplate\":\"https:\/\/exceladvisor.org\/de\/?s={search_term_string}\"},\"query-input\":{\"@type\":\"PropertyValueSpecification\",\"valueRequired\":true,\"valueName\":\"search_term_string\"}}],\"inLanguage\":\"de\"},{\"@type\":\"Organization\",\"@id\":\"https:\/\/exceladvisor.org\/de\/#organization\",\"name\":\"Excel Advisor\",\"url\":\"https:\/\/exceladvisor.org\/de\/\",\"logo\":{\"@type\":\"ImageObject\",\"inLanguage\":\"de\",\"@id\":\"https:\/\/exceladvisor.org\/de\/#\/schema\/logo\/image\/\",\"url\":\"https:\/\/exceladvisor.org\/de\/wp-content\/uploads\/2023\/11\/exceladvisor.org_.png\",\"contentUrl\":\"https:\/\/exceladvisor.org\/de\/wp-content\/uploads\/2023\/11\/exceladvisor.org_.png\",\"width\":105,\"height\":36,\"caption\":\"Excel Advisor\"},\"image\":{\"@id\":\"https:\/\/exceladvisor.org\/de\/#\/schema\/logo\/image\/\"}}]}<\/script>\n<!-- \/ Yoast SEO plugin. -->","yoast_head_json":{"title":"Wie berechnet man den Durchschnitt der Prozentwerte?","description":"In diesem Tutorial erfahren Sie, wie Sie Excel-Formeln f\u00fcr durchschnittliche Prozentwerte schreiben. Lassen Sie uns das \u00fcberpr\u00fcfen ...","robots":{"index":"index","follow":"follow","max-snippet":"max-snippet:-1","max-image-preview":"max-image-preview:large","max-video-preview":"max-video-preview:-1"},"canonical":"https:\/\/exceladvisor.org\/de\/durchschnittlicher-prozentsatz-2\/","og_locale":"de_DE","og_type":"article","og_title":"Wie berechnet man den Durchschnitt der Prozentwerte?","og_description":"In diesem Tutorial erfahren Sie, wie Sie Excel-Formeln f\u00fcr durchschnittliche Prozentwerte schreiben. Lassen Sie uns das \u00fcberpr\u00fcfen ...","og_url":"https:\/\/exceladvisor.org\/de\/durchschnittlicher-prozentsatz-2\/","og_site_name":"Excel Advisor","article_modified_time":"2023-12-03T11:14:06+00:00","og_image":[{"url":"https:\/\/exceladvisor.org\/wp-content\/uploads\/2023\/08\/1-moyenne-des-valeurs-en-pourcentage.png","type":"","width":"","height":""}],"twitter_card":"summary_large_image","twitter_misc":{"Gesch\u00e4tzte Lesezeit":"2\u00a0Minuten"},"schema":{"@context":"https:\/\/schema.org","@graph":[{"@type":"WebPage","@id":"https:\/\/exceladvisor.org\/de\/durchschnittlicher-prozentsatz-2\/","url":"https:\/\/exceladvisor.org\/de\/durchschnittlicher-prozentsatz-2\/","name":"Wie berechnet man den Durchschnitt der Prozentwerte?","isPartOf":{"@id":"https:\/\/exceladvisor.org\/de\/#website"},"primaryImageOfPage":{"@id":"https:\/\/exceladvisor.org\/de\/durchschnittlicher-prozentsatz-2\/#primaryimage"},"image":{"@id":"https:\/\/exceladvisor.org\/de\/durchschnittlicher-prozentsatz-2\/#primaryimage"},"thumbnailUrl":"https:\/\/exceladvisor.org\/wp-content\/uploads\/2023\/08\/1-moyenne-des-valeurs-en-pourcentage.png","datePublished":"2023-09-25T11:03:23+00:00","dateModified":"2023-12-03T11:14:06+00:00","description":"In diesem Tutorial erfahren Sie, wie Sie Excel-Formeln f\u00fcr durchschnittliche Prozentwerte schreiben. Lassen Sie uns das \u00fcberpr\u00fcfen ...","breadcrumb":{"@id":"https:\/\/exceladvisor.org\/de\/durchschnittlicher-prozentsatz-2\/#breadcrumb"},"inLanguage":"de","potentialAction":[{"@type":"ReadAction","target":["https:\/\/exceladvisor.org\/de\/durchschnittlicher-prozentsatz-2\/"]}]},{"@type":"ImageObject","inLanguage":"de","@id":"https:\/\/exceladvisor.org\/de\/durchschnittlicher-prozentsatz-2\/#primaryimage","url":"https:\/\/exceladvisor.org\/wp-content\/uploads\/2023\/08\/1-moyenne-des-valeurs-en-pourcentage.png","contentUrl":"https:\/\/exceladvisor.org\/wp-content\/uploads\/2023\/08\/1-moyenne-des-valeurs-en-pourcentage.png"},{"@type":"BreadcrumbList","@id":"https:\/\/exceladvisor.org\/de\/durchschnittlicher-prozentsatz-2\/#breadcrumb","itemListElement":[{"@type":"ListItem","position":1,"name":"Accueil","item":"https:\/\/exceladvisor.org\/de\/"},{"@type":"ListItem","position":2,"name":"Wie berechnet man den durchschnitt der prozentwerte?"}]},{"@type":"WebSite","@id":"https:\/\/exceladvisor.org\/de\/#website","url":"https:\/\/exceladvisor.org\/de\/","name":"Excel Advisor","description":"Ihr Leitfaden zur Datendominanz","publisher":{"@id":"https:\/\/exceladvisor.org\/de\/#organization"},"potentialAction":[{"@type":"SearchAction","target":{"@type":"EntryPoint","urlTemplate":"https:\/\/exceladvisor.org\/de\/?s={search_term_string}"},"query-input":{"@type":"PropertyValueSpecification","valueRequired":true,"valueName":"search_term_string"}}],"inLanguage":"de"},{"@type":"Organization","@id":"https:\/\/exceladvisor.org\/de\/#organization","name":"Excel Advisor","url":"https:\/\/exceladvisor.org\/de\/","logo":{"@type":"ImageObject","inLanguage":"de","@id":"https:\/\/exceladvisor.org\/de\/#\/schema\/logo\/image\/","url":"https:\/\/exceladvisor.org\/de\/wp-content\/uploads\/2023\/11\/exceladvisor.org_.png","contentUrl":"https:\/\/exceladvisor.org\/de\/wp-content\/uploads\/2023\/11\/exceladvisor.org_.png","width":105,"height":36,"caption":"Excel Advisor"},"image":{"@id":"https:\/\/exceladvisor.org\/de\/#\/schema\/logo\/image\/"}}]}},"yoast_meta":{"yoast_wpseo_title":"","yoast_wpseo_metadesc":"","yoast_wpseo_canonical":""},"_links":{"self":[{"href":"https:\/\/exceladvisor.org\/de\/wp-json\/wp\/v2\/pages\/3685","targetHints":{"allow":["GET"]}}],"collection":[{"href":"https:\/\/exceladvisor.org\/de\/wp-json\/wp\/v2\/pages"}],"about":[{"href":"https:\/\/exceladvisor.org\/de\/wp-json\/wp\/v2\/types\/page"}],"author":[{"embeddable":true,"href":"https:\/\/exceladvisor.org\/de\/wp-json\/wp\/v2\/users\/1"}],"replies":[{"embeddable":true,"href":"https:\/\/exceladvisor.org\/de\/wp-json\/wp\/v2\/comments?post=3685"}],"version-history":[{"count":1,"href":"https:\/\/exceladvisor.org\/de\/wp-json\/wp\/v2\/pages\/3685\/revisions"}],"predecessor-version":[{"id":3882,"href":"https:\/\/exceladvisor.org\/de\/wp-json\/wp\/v2\/pages\/3685\/revisions\/3882"}],"wp:attachment":[{"href":"https:\/\/exceladvisor.org\/de\/wp-json\/wp\/v2\/media?parent=3685"}],"curies":[{"name":"wp","href":"https:\/\/api.w.org\/{rel}","templated":true}]}}