{"id":3686,"date":"2023-09-25T10:50:52","date_gmt":"2023-09-25T10:50:52","guid":{"rendered":"https:\/\/exceladvisor.org\/de\/statusleiste\/"},"modified":"2023-12-03T11:13:12","modified_gmt":"2023-12-03T11:13:12","slug":"statusleiste","status":"publish","type":"page","link":"https:\/\/exceladvisor.org\/de\/statusleiste\/","title":{"rendered":"Was ist die statusleiste in excel?"},"content":{"rendered":"<div class=\"excel-vor-dem-inhalt\" id=\"excel-2043378415\"><script type=\"text\/javascript\">\r\n\tatOptions = {\r\n\t\t'key' : 'c1158f160081d6540a8409e6925dab94',\r\n\t\t'format' : 'iframe',\r\n\t\t'height' : 250,\r\n\t\t'width' : 300,\r\n\t\t'params' : {}\r\n\t};\r\n<\/script>\r\n<script type=\"text\/javascript\" src=\"\/\/www.highperformanceformat.com\/c1158f160081d6540a8409e6925dab94\/invoke.js\"><\/script><\/div> <p>In Excel ist die Statusleiste eine d\u00fcnne Leiste am unteren Rand des Excel-Fensters. Dar\u00fcber hinaus bietet es eine Vielzahl von Optionen, darunter Seitenlayout, <a href=\"https:\/\/exceladvisor.org\/de\/seitenumbruch-entfernen\/\">Seitenumbruchlayout<\/a> , <a href=\"https:\/\/exceladvisor.org\/de\/hineinzoomen-herauszoomen\/\">Vergr\u00f6\u00dfern oder Verkleinern<\/a> und Zoomprozentsatz. Es zeigt sogar den Durchschnitt, die Anzahl und die Summe der ausgew\u00e4hlten Zellen an. <\/p><div class=\"wp-block-image\"><figure class=\"aligncenter size-full is-resized\"><img loading=\"lazy\" decoding=\"async\" class=\"wp-image-71938\" src=\"https:\/\/exceladvisor.org\/wp-content\/uploads\/2023\/08\/barre-detat-2.png\" sizes=\"auto, \" srcset=\"\" alt=\"Statusleiste unten\" width=\"499\" height=\"146\"><\/figure><\/div><p> In diesem Tutorial schauen wir uns alle Optionen an, die wir in der Statusleiste haben.<\/p><h2 id=\"h-modes-on-status-bar\" class=\"wp-block-heading\"> Modi in der Statusleiste<\/h2><h3 id=\"h-1-ready\" class=\"wp-block-heading\"> 1. Bereit<\/h3><p> Der \u201eBereit\u201c-Modus wird in der unteren linken Ecke der Statusleiste angezeigt. Das bedeutet, dass das Blatt mit den Werten bzw. Daten fertig ist und nun auf Ihren n\u00e4chsten Befehl wartet. <\/p><div class=\"wp-block-image\"><figure class=\"aligncenter size-full\"><img loading=\"lazy\" decoding=\"async\" class=\"wp-image-71729\" src=\"https:\/\/exceladvisor.org\/wp-content\/uploads\/2023\/08\/1-mode-pret-dans-la-barre-detat.png\" sizes=\"auto, \" srcset=\"\" alt=\"Statusleiste f\u00fcr den Bereitschaftsmodus in der unteren linken Ecke\" width=\"590\" height=\"270\"><\/figure><\/div><h3 id=\"h-2-enter\" class=\"wp-block-heading\"> 2. Geben Sie ein<\/h3><p> In der Statusleiste wird der \u201eEingabemodus\u201c angezeigt, was bedeutet, dass Sie mit der Eingabe von Daten in die Zelle begonnen haben. <\/p><div class=\"wp-block-image\"><figure class=\"aligncenter size-full is-resized\"><img loading=\"lazy\" decoding=\"async\" class=\"wp-image-71731\" src=\"https:\/\/exceladvisor.org\/wp-content\/uploads\/2023\/08\/2-entrer-en-mode.png\" sizes=\"auto, \" srcset=\"\" alt=\"Statusleiste des Eingabemodus unten links\" width=\"364\" height=\"209\"><\/figure><\/div><h3 id=\"h-3-edit\" class=\"wp-block-heading\"> 3.Bearbeiten<\/h3><p> Vereinfacht ausgedr\u00fcckt <a href=\"https:\/\/exceladvisor.org\/de\/zelle-bearbeiten\/\">wird eine Zelle bearbeitet<\/a> . <\/p><div class=\"wp-block-image\"><figure class=\"aligncenter size-full is-resized\"><img loading=\"lazy\" decoding=\"async\" class=\"wp-image-71732\" src=\"https:\/\/exceladvisor.org\/wp-content\/uploads\/2023\/08\/3-modes-dedition.png\" sizes=\"auto, \" srcset=\"\" alt=\"Statusleiste des Bearbeitungsmodus in der unteren linken Ecke\" width=\"433\" height=\"410\"><\/figure><\/div><h3 id=\"h-4-point\" class=\"wp-block-heading\"> 4.Tipp<\/h3><p> Dieser Modus wird aktiviert, wenn Sie die Formel in eine Zelle eingeben und gleichzeitig andere Zellen mit Eingabedaten versorgen. <\/p><div class=\"wp-block-image\"><figure class=\"aligncenter size-full is-resized\"><img loading=\"lazy\" decoding=\"async\" class=\"wp-image-71733\" src=\"https:\/\/exceladvisor.org\/wp-content\/uploads\/2023\/08\/Mode-4-points.png\" sizes=\"auto, \" srcset=\"\" alt=\"Punktmodus-Statusleiste unten links\" width=\"416\" height=\"480\"><\/figure><\/div><h2 id=\"h-worksheet-views\" class=\"wp-block-heading\"> Tabellenansichten<\/h2><p> Jedes Arbeitsblatt verf\u00fcgt \u00fcber drei Standardoptionen f\u00fcr Arbeitsblattansichten: <strong>Normalansicht, Layoutansicht und Seitenumbruchvorschau<\/strong> . Sie haben die drei Schaltfl\u00e4chen in der unteren rechten Ecke.<\/p><ul><li> <strong>Normalansicht:<\/strong> In dieser Ansicht k\u00f6nnen Sie Ihr Arbeitsblatt auf einfache Weise anzeigen, das mehrere Zeilen und Spalten enth\u00e4lt. <\/li><\/ul><div class=\"wp-block-image\"><figure class=\"aligncenter size-full is-resized\"><img loading=\"lazy\" decoding=\"async\" class=\"wp-image-71734\" src=\"https:\/\/exceladvisor.org\/wp-content\/uploads\/2023\/08\/5-feuille-de-calcul-en-vue-normale.png\" sizes=\"auto, \" srcset=\"\" alt=\"Statusleiste der Tabellenkalkulation in der Normalansicht\" width=\"495\" height=\"325\"><\/figure><\/div><ul><li> <strong>Layoutansicht:<\/strong> Dies ist eine gro\u00dfartige M\u00f6glichkeit, die <a href=\"https:\/\/exceladvisor.org\/de\/fugen-sie-eine-fusszeile-hinzu\/\">Kopf- und Fu\u00dfzeile<\/a> der Seite zu \u00fcberpr\u00fcfen. Au\u00dferdem k\u00f6nnen Sie sich schon vor dem Ausdrucken ein Bild davon machen, wie es aussehen wird. <\/li><\/ul><div class=\"wp-block-image\"><figure class=\"aligncenter size-full is-resized\"><img loading=\"lazy\" decoding=\"async\" class=\"wp-image-71735\" src=\"https:\/\/exceladvisor.org\/wp-content\/uploads\/2023\/08\/Feuille-de-calcul-de-la-vue-de-mise-en-page-de-6-pages.png\" sizes=\"auto, \" srcset=\"\" alt=\"Seitenlayout-Ansicht-Arbeitsblatt-Statusleiste\" width=\"847\" height=\"361\"><\/figure><\/div><ul><li> <strong>Seitenumbruch-Vorschau:<\/strong> Wie der Name schon sagt, hilft Ihnen diese Option dabei, eine Vorstellung davon zu bekommen, wo sich <a href=\"https:\/\/exceladvisor.org\/de\/seitenumbruch-entfernen\/\">Seitenumbr\u00fcche<\/a> im Arbeitsblatt befinden. <\/li><\/ul><div class=\"wp-block-image\"><figure class=\"aligncenter size-full is-resized\"><img loading=\"lazy\" decoding=\"async\" class=\"wp-image-71736\" src=\"https:\/\/exceladvisor.org\/wp-content\/uploads\/2023\/08\/Apercu-de-saut-de-page-de-7-pages.png\" sizes=\"auto, \" srcset=\"\" alt=\"Seitenumbruch-Vorschau-Arbeitsblatt-Statusleiste\" width=\"786\" height=\"492\"><\/figure><\/div><h2 id=\"h-zoom-slider\" class=\"wp-block-heading\"> Zoom-Schieberegler<\/h2><p> Dies ist eine h\u00e4ufig verwendete Option unter Excel-Benutzern und wird in der rechten Ecke der Statusleiste angezeigt.<\/p><ul><li> Es verf\u00fcgt \u00fcber (-) (+) zwei Schaltfl\u00e4chen zum \u201eVerkleinern\u201c und \u201eVergr\u00f6\u00dfern\u201c des Arbeitsblatts.<\/li><li> Mit der Verkleinerungstaste k\u00f6nnen Sie die Gr\u00f6\u00dfe verkleinern. W\u00e4hrend Sie hineinzoomen, k\u00f6nnen Sie die Daten genau betrachten. <\/li><\/ul><div class=\"wp-block-image\"><figure class=\"aligncenter size-full is-resized\"><img loading=\"lazy\" decoding=\"async\" class=\"wp-image-71737\" src=\"https:\/\/exceladvisor.org\/wp-content\/uploads\/2023\/08\/8-zoom-avant-zoom-arriere.png\" sizes=\"auto, \" srcset=\"\" alt=\"Statusleiste unten rechts zum Vergr\u00f6\u00dfern und Verkleinern\" width=\"429\" height=\"264\"><\/figure><\/div><ul><li> Au\u00dferdem k\u00f6nnen Sie die Sichtbarkeit der Seite anpassen, indem Sie die Zoomtaste hin und her ziehen. <\/li><\/ul><div class=\"wp-block-image\"><figure class=\"aligncenter size-full is-resized\"><img loading=\"lazy\" decoding=\"async\" class=\"wp-image-71738\" src=\"https:\/\/exceladvisor.org\/wp-content\/uploads\/2023\/08\/9-options-de-curseur-de-zoom.png\" sizes=\"auto, \" srcset=\"\" alt=\"Zoom-Schieberegler-Statusleiste\" width=\"446\" height=\"272\"><\/figure><\/div><p class=\"mytip\"> Sie k\u00f6nnen die Sichtbarkeit um (10 %) erh\u00f6hen oder verringern und auf die Optionen zum Vergr\u00f6\u00dfern (-) oder Verkleinern (+) klicken.<\/p><h2 id=\"h-zoom-percentage\" class=\"wp-block-heading\"> Zoomprozentsatz<\/h2><p> In Excel entspricht der Zoom-Prozentsatz dem Zoom-Schieberegler. Neben dem Zoom-Schieberegler befindet sich eine Schaltfl\u00e4che, auf die Sie klicken k\u00f6nnen. <\/p><div class=\"wp-block-image\"><figure class=\"aligncenter size-full is-resized\"><img loading=\"lazy\" decoding=\"async\" class=\"wp-image-71739\" src=\"https:\/\/exceladvisor.org\/wp-content\/uploads\/2023\/08\/10-pourcentage-de-zoom.png\" sizes=\"auto, \" srcset=\"\" alt=\"Zoom-Prozent-Statusleiste unten rechts\" width=\"455\" height=\"41\"><\/figure><\/div><p> Es wird Ihnen ein Zoom-Dialogfeld angezeigt. Und jetzt k\u00f6nnen Sie den Vergr\u00f6\u00dferungsprozentsatz f\u00fcr ein aktuelles Arbeitsblatt festlegen. <\/p><div class=\"wp-block-image\"><figure class=\"aligncenter size-full is-resized\"><img loading=\"lazy\" decoding=\"async\" class=\"wp-image-71740\" src=\"https:\/\/exceladvisor.org\/wp-content\/uploads\/2023\/08\/11-boite-de-dialogue-de-pourcentage-de-zoom.png\" sizes=\"auto, \" srcset=\"\" alt=\"Dialogfeld \u201eZoomprozentsatz\u201c.\" width=\"211\" height=\"287\"><\/figure><\/div><h2 id=\"h-customize-the-status-bar\" class=\"wp-block-heading\"> Passen Sie die Statusleiste an<\/h2><p> Die Statusleiste in Excel mit den dort standardm\u00e4\u00dfig verf\u00fcgbaren Optionen ist sehr n\u00fctzlich. Wenn Sie mit der rechten Maustaste klicken, finden Sie weitere Optionen, die f\u00fcr Sie sehr n\u00fctzlich sein k\u00f6nnen. <\/p><div class=\"wp-block-image\"><figure class=\"aligncenter size-full is-resized\"><img loading=\"lazy\" decoding=\"async\" class=\"wp-image-71741\" src=\"https:\/\/exceladvisor.org\/wp-content\/uploads\/2023\/08\/12-personnaliser-la-barre-detat.png\" sizes=\"auto, \" srcset=\"\" alt=\"Anpassen der Popup-Statusleiste\" width=\"395\" height=\"726\"><\/figure><\/div><h3 id=\"h-workbook-statistics\" class=\"wp-block-heading\"> Arbeitsmappenstatistik<\/h3><p> Arbeitsmappenstatistik ist ein Dialogfeld, das alle Informationen zum aktuellen Blatt sowie zur Arbeitsmappe anzeigt (Anzahl der Bl\u00e4tter, Zellen mit Daten, Tabellen, Diagramme, Formeln usw.).<\/p><p> Sie k\u00f6nnen es aktivieren, indem Sie darauf klicken. Dies wird nun mit einem H\u00e4kchen markiert und erscheint in der Statusleiste. <\/p><div class=\"wp-block-image\"><figure class=\"aligncenter size-full is-resized\"><img loading=\"lazy\" decoding=\"async\" class=\"wp-image-71742\" src=\"https:\/\/exceladvisor.org\/wp-content\/uploads\/2023\/08\/13-statistiques-de-classeur.png\" sizes=\"auto, \" srcset=\"\" alt=\"Arbeitsmappenstatistik-Statusleiste\" width=\"643\" height=\"660\"><\/figure><\/div><p> Klicken Sie auf \u201eArbeitsmappenstatistik\u201c, um das Dialogfeld zu \u00f6ffnen, in dem die <a href=\"https:\/\/exceladvisor.org\/de\/zahlen-sie-nicht-leere-zellen\/\">Anzahl der Zellen mit Daten<\/a> und anderen Informationen zur Arbeitsmappe angezeigt wird. <\/p><div class=\"wp-block-image\"><figure class=\"aligncenter size-full is-resized\"><img loading=\"lazy\" decoding=\"async\" class=\"wp-image-71743\" src=\"https:\/\/exceladvisor.org\/wp-content\/uploads\/2023\/08\/14-boite-de-dialogue-des-statistiques-du-classeur.png\" sizes=\"auto, \" srcset=\"\" alt=\"Arbeitsmappenstatistik-Dialog-Statusleiste\" width=\"450\" height=\"281\"><\/figure><\/div><h3 id=\"h-caps-num-and-scroll-lock\" class=\"wp-block-heading\"> Umschalt-, Num- und Scroll-Taste<\/h3><p> Wenn eine dieser Optionen aktiviert ist, werden Sie in der Statusleiste dar\u00fcber informiert. Auf der linken Seite der Statusleiste wird eine Meldung mit der Aufschrift \u201eFeststelltaste, Num-Taste und <a href=\"https:\/\/exceladvisor.org\/de\/scroll-sperre\/\">Scroll-Taste<\/a> \u201c angezeigt. <\/p><div class=\"wp-block-image\"><figure class=\"aligncenter size-full is-resized\"><img loading=\"lazy\" decoding=\"async\" class=\"wp-image-71936\" src=\"https:\/\/exceladvisor.org\/wp-content\/uploads\/2023\/08\/16-Verrouillage-des-majuscules-Verrouillage-numerique-Verrouillage-du-defilement-Barre-detat.png\" sizes=\"auto, \" srcset=\"\" alt=\"caps-lock.num-lock.scroll-statusbar\" width=\"372\" height=\"150\"><\/figure><\/div><p> Wie Sie im obigen Beispiel sehen k\u00f6nnen, haben wir f\u00fcr alle Sperren eine Benachrichtigung in der Statusleiste. Sobald Sie eine dieser Optionen deaktivieren, wird die Benachrichtigung auch aus der Statusleiste entfernt. <\/p><div class=\"wp-block-image\"><figure class=\"aligncenter size-full is-resized\"><img loading=\"lazy\" decoding=\"async\" class=\"wp-image-71937\" src=\"https:\/\/exceladvisor.org\/wp-content\/uploads\/2023\/08\/verrouillage-des-majuscules-sur-la-barre-detat.png\" sizes=\"auto, \" srcset=\"\" alt=\"Feststelltaste in der Statusleiste\" width=\"414\" height=\"117\"><\/figure><\/div><h3 id=\"h-page-number\" class=\"wp-block-heading\"> Seitennummer<\/h3><p> Die Option \u201eLayout anzeigen\u201c erscheint direkt neben dem \u201eBereit\u201c-Modus in der Statusleiste. So k\u00f6nnen Sie die Gesamtzahl der Seiten mit der gew\u00e4hlten Seitenzahl im Arbeitsblatt beobachten. <\/p><div class=\"wp-block-image\"><figure class=\"aligncenter size-full is-resized\"><img loading=\"lazy\" decoding=\"async\" class=\"wp-image-71746\" src=\"https:\/\/exceladvisor.org\/wp-content\/uploads\/2023\/08\/17-numeros-de-pages.png\" sizes=\"auto, \" srcset=\"\" alt=\"Seitenzahl-Statusleiste\" width=\"356\" height=\"299\"><\/figure><\/div><h3 id=\"h-statistical-mathematical-options\" class=\"wp-block-heading\"> Statistik-\/Mathematikoptionen<\/h3><p> Um numerische Werte oder Daten schnell zu berechnen, aktivieren Sie einige Optionen im Dialogfeld zur Anpassung der Statusleiste. <\/p><div class=\"wp-block-image\"><figure class=\"aligncenter size-full is-resized\"><img loading=\"lazy\" decoding=\"async\" class=\"wp-image-71747\" src=\"https:\/\/exceladvisor.org\/wp-content\/uploads\/2023\/08\/18-selectionner-le-nombre-de-sommes-moyennes.png\" sizes=\"auto, \" srcset=\"\" alt=\"Statusleiste der Statistikfunktionen\" width=\"333\" height=\"197\"><\/figure><\/div><ul><li> <strong>Durchschnitt:<\/strong> Sie erhalten einen Durchschnitt aller Zellen, die Sie in der Tabelle ausgew\u00e4hlt haben.<\/li><li> <strong>Anzahl:<\/strong> Anhand des angegebenen Namens erfahren Sie <a href=\"https:\/\/exceladvisor.org\/de\/zahlen-sie-nicht-leere-zellen\/\">, wie viele nicht leere Zellen ausgew\u00e4hlt wurden<\/a> .<\/li><li> <strong>Numerische Zahl:<\/strong> Diese Option ist sehr n\u00fctzlich, wenn Sie mit gemischten Daten in einer Tabellenkalkulation arbeiten. Da nur die Anzahl der Zellen angezeigt wird, die numerische Werte haben. <\/li><\/ul><div class=\"wp-block-image\"><figure class=\"aligncenter size-full is-resized\"><img loading=\"lazy\" decoding=\"async\" class=\"wp-image-71748\" src=\"https:\/\/exceladvisor.org\/wp-content\/uploads\/2023\/08\/19-decompte-numerique.png\" sizes=\"auto, \" srcset=\"\" alt=\"Zahlenz\u00e4hlfunktionen-Statistik-Statusleiste\" width=\"472\" height=\"248\"><\/figure><\/div><ul><li> <strong>Summe:<\/strong> Zeigt Ihnen die Summe der Werte der ausgew\u00e4hlten Zellen.<\/li><li> <strong>Minimum:<\/strong> Diese Option hilft Ihnen, den niedrigsten Wert aus einer gro\u00dfen Menge ausgew\u00e4hlter numerischer Daten zu finden.<\/li><li> <strong>Maximum:<\/strong> Im Falle eines Maximums k\u00f6nnen Sie den h\u00f6chsten Wert unter allen numerischen Daten ermitteln. <\/li><\/ul><div class=\"wp-block-image\"><figure class=\"aligncenter size-full is-resized\"><img loading=\"lazy\" decoding=\"async\" class=\"wp-image-71749\" src=\"https:\/\/exceladvisor.org\/wp-content\/uploads\/2023\/08\/20-surbrillance-somme-maximum-minimum.png\" sizes=\"auto, \" srcset=\"\" alt=\"Highlight-Summe-Maximum-Minimum-Statusleiste\" width=\"544\" height=\"272\"><\/figure><\/div><div class=\"gb-container gb-container-4db6181c gb-container-mt\"> <a class=\"gb-button gb-button-c5897111 gb-button-text gb-button-mt-button\" href=\"https:\/\/exceladvisor.org\/de\/excel-grundlagen\/\">Microsoft Excel-Grundlagen (Komponenten, Teile und Wissenshinweise)<\/a><h2 class=\"gb-headline gb-headline-665e5f6b gb-headline-text gb-headline-mt-heading\"> Verwandte Tutorials <\/h2><div class=\"gb-grid-wrapper gb-grid-wrapper-a20baf7c gb-grid-wrapper-mt-grid\"><div class=\"gb-grid-column gb-grid-column-65ddf67e\"><div class=\"gb-container gb-container-65ddf67e\"><ul><li> <a href=\"https:\/\/exceladvisor.org\/de\/vollig-rechtfertigen\/\">F\u00fcllen Sie \u201eAusrichten\u201c in Excel aus<\/a><\/li><li> <a href=\"https:\/\/exceladvisor.org\/de\/excel-formelleiste\/\">Formelleiste in Excel<\/a><\/li><li> <a href=\"https:\/\/exceladvisor.org\/de\/fugen-sie-eine-fusszeile-hinzu\/\">F\u00fcgen Sie in Excel eine Kopf- und Fu\u00dfzeile hinzu<\/a><\/li><li> <a href=\"https:\/\/exceladvisor.org\/de\/herrscher\/\">Lineal in Excel anzeigen<\/a><\/li><li> <a href=\"https:\/\/exceladvisor.org\/de\/fullgriff\/\">Handle in Excel ausf\u00fcllen<\/a> <\/li><\/ul><\/div><\/div><div class=\"gb-grid-column gb-grid-column-50067b57\"><div class=\"gb-container gb-container-50067b57\"><\/div><\/div><\/div><\/div>","protected":false},"excerpt":{"rendered":"","protected":false},"author":1,"featured_media":0,"parent":0,"menu_order":0,"comment_status":"open","ping_status":"closed","template":"","meta":{"ub_ctt_via":"","footnotes":""},"class_list":["post-3686","page","type-page","status-publish","hentry"],"featured_image_src":null,"yoast_head":"<!-- This site is optimized with the Yoast SEO plugin v25.4 - https:\/\/yoast.com\/wordpress\/plugins\/seo\/ -->\n<title>\u25b7 Excel-Statusleiste: Alles, was Sie im Jahr 2023 wissen m\u00fcssen<\/title>\n<meta name=\"description\" content=\"In diesem Artikel lernen Sie die verschiedenen Statusleistenmodi kennen. Mit einigen n\u00fctzlichen Anpassungsoptionen.\" \/>\n<meta name=\"robots\" content=\"index, follow, max-snippet:-1, max-image-preview:large, max-video-preview:-1\" \/>\n<link rel=\"canonical\" href=\"https:\/\/exceladvisor.org\/de\/statusleiste\/\" \/>\n<meta property=\"og:locale\" content=\"de_DE\" \/>\n<meta property=\"og:type\" content=\"article\" \/>\n<meta property=\"og:title\" content=\"\u25b7 Excel-Statusleiste: Alles, was Sie im Jahr 2023 wissen m\u00fcssen\" \/>\n<meta property=\"og:description\" content=\"In diesem Artikel lernen Sie die verschiedenen Statusleistenmodi kennen. Mit einigen n\u00fctzlichen Anpassungsoptionen.\" \/>\n<meta property=\"og:url\" content=\"https:\/\/exceladvisor.org\/de\/statusleiste\/\" \/>\n<meta property=\"og:site_name\" content=\"Excel Advisor\" \/>\n<meta property=\"article:modified_time\" content=\"2023-12-03T11:13:12+00:00\" \/>\n<meta property=\"og:image\" content=\"https:\/\/exceladvisor.org\/wp-content\/uploads\/2023\/08\/barre-detat-2.png\" \/>\n<meta name=\"twitter:card\" content=\"summary_large_image\" \/>\n<meta name=\"twitter:label1\" content=\"Gesch\u00e4tzte Lesezeit\" \/>\n\t<meta name=\"twitter:data1\" content=\"4\u00a0Minuten\" \/>\n<script type=\"application\/ld+json\" class=\"yoast-schema-graph\">{\"@context\":\"https:\/\/schema.org\",\"@graph\":[{\"@type\":\"WebPage\",\"@id\":\"https:\/\/exceladvisor.org\/de\/statusleiste\/\",\"url\":\"https:\/\/exceladvisor.org\/de\/statusleiste\/\",\"name\":\"\u25b7 Excel-Statusleiste: Alles, was Sie im Jahr 2023 wissen m\u00fcssen\",\"isPartOf\":{\"@id\":\"https:\/\/exceladvisor.org\/de\/#website\"},\"primaryImageOfPage\":{\"@id\":\"https:\/\/exceladvisor.org\/de\/statusleiste\/#primaryimage\"},\"image\":{\"@id\":\"https:\/\/exceladvisor.org\/de\/statusleiste\/#primaryimage\"},\"thumbnailUrl\":\"https:\/\/exceladvisor.org\/wp-content\/uploads\/2023\/08\/barre-detat-2.png\",\"datePublished\":\"2023-09-25T10:50:52+00:00\",\"dateModified\":\"2023-12-03T11:13:12+00:00\",\"description\":\"In diesem Artikel lernen Sie die verschiedenen Statusleistenmodi kennen. Mit einigen n\u00fctzlichen Anpassungsoptionen.\",\"breadcrumb\":{\"@id\":\"https:\/\/exceladvisor.org\/de\/statusleiste\/#breadcrumb\"},\"inLanguage\":\"de\",\"potentialAction\":[{\"@type\":\"ReadAction\",\"target\":[\"https:\/\/exceladvisor.org\/de\/statusleiste\/\"]}]},{\"@type\":\"ImageObject\",\"inLanguage\":\"de\",\"@id\":\"https:\/\/exceladvisor.org\/de\/statusleiste\/#primaryimage\",\"url\":\"https:\/\/exceladvisor.org\/wp-content\/uploads\/2023\/08\/barre-detat-2.png\",\"contentUrl\":\"https:\/\/exceladvisor.org\/wp-content\/uploads\/2023\/08\/barre-detat-2.png\"},{\"@type\":\"BreadcrumbList\",\"@id\":\"https:\/\/exceladvisor.org\/de\/statusleiste\/#breadcrumb\",\"itemListElement\":[{\"@type\":\"ListItem\",\"position\":1,\"name\":\"Accueil\",\"item\":\"https:\/\/exceladvisor.org\/de\/\"},{\"@type\":\"ListItem\",\"position\":2,\"name\":\"Was ist die statusleiste in excel?\"}]},{\"@type\":\"WebSite\",\"@id\":\"https:\/\/exceladvisor.org\/de\/#website\",\"url\":\"https:\/\/exceladvisor.org\/de\/\",\"name\":\"Excel Advisor\",\"description\":\"Ihr Leitfaden zur Datendominanz\",\"publisher\":{\"@id\":\"https:\/\/exceladvisor.org\/de\/#organization\"},\"potentialAction\":[{\"@type\":\"SearchAction\",\"target\":{\"@type\":\"EntryPoint\",\"urlTemplate\":\"https:\/\/exceladvisor.org\/de\/?s={search_term_string}\"},\"query-input\":{\"@type\":\"PropertyValueSpecification\",\"valueRequired\":true,\"valueName\":\"search_term_string\"}}],\"inLanguage\":\"de\"},{\"@type\":\"Organization\",\"@id\":\"https:\/\/exceladvisor.org\/de\/#organization\",\"name\":\"Excel Advisor\",\"url\":\"https:\/\/exceladvisor.org\/de\/\",\"logo\":{\"@type\":\"ImageObject\",\"inLanguage\":\"de\",\"@id\":\"https:\/\/exceladvisor.org\/de\/#\/schema\/logo\/image\/\",\"url\":\"https:\/\/exceladvisor.org\/de\/wp-content\/uploads\/2023\/11\/exceladvisor.org_.png\",\"contentUrl\":\"https:\/\/exceladvisor.org\/de\/wp-content\/uploads\/2023\/11\/exceladvisor.org_.png\",\"width\":105,\"height\":36,\"caption\":\"Excel Advisor\"},\"image\":{\"@id\":\"https:\/\/exceladvisor.org\/de\/#\/schema\/logo\/image\/\"}}]}<\/script>\n<!-- \/ Yoast SEO plugin. -->","yoast_head_json":{"title":"\u25b7 Excel-Statusleiste: Alles, was Sie im Jahr 2023 wissen m\u00fcssen","description":"In diesem Artikel lernen Sie die verschiedenen Statusleistenmodi kennen. Mit einigen n\u00fctzlichen Anpassungsoptionen.","robots":{"index":"index","follow":"follow","max-snippet":"max-snippet:-1","max-image-preview":"max-image-preview:large","max-video-preview":"max-video-preview:-1"},"canonical":"https:\/\/exceladvisor.org\/de\/statusleiste\/","og_locale":"de_DE","og_type":"article","og_title":"\u25b7 Excel-Statusleiste: Alles, was Sie im Jahr 2023 wissen m\u00fcssen","og_description":"In diesem Artikel lernen Sie die verschiedenen Statusleistenmodi kennen. Mit einigen n\u00fctzlichen Anpassungsoptionen.","og_url":"https:\/\/exceladvisor.org\/de\/statusleiste\/","og_site_name":"Excel Advisor","article_modified_time":"2023-12-03T11:13:12+00:00","og_image":[{"url":"https:\/\/exceladvisor.org\/wp-content\/uploads\/2023\/08\/barre-detat-2.png","type":"","width":"","height":""}],"twitter_card":"summary_large_image","twitter_misc":{"Gesch\u00e4tzte Lesezeit":"4\u00a0Minuten"},"schema":{"@context":"https:\/\/schema.org","@graph":[{"@type":"WebPage","@id":"https:\/\/exceladvisor.org\/de\/statusleiste\/","url":"https:\/\/exceladvisor.org\/de\/statusleiste\/","name":"\u25b7 Excel-Statusleiste: Alles, was Sie im Jahr 2023 wissen m\u00fcssen","isPartOf":{"@id":"https:\/\/exceladvisor.org\/de\/#website"},"primaryImageOfPage":{"@id":"https:\/\/exceladvisor.org\/de\/statusleiste\/#primaryimage"},"image":{"@id":"https:\/\/exceladvisor.org\/de\/statusleiste\/#primaryimage"},"thumbnailUrl":"https:\/\/exceladvisor.org\/wp-content\/uploads\/2023\/08\/barre-detat-2.png","datePublished":"2023-09-25T10:50:52+00:00","dateModified":"2023-12-03T11:13:12+00:00","description":"In diesem Artikel lernen Sie die verschiedenen Statusleistenmodi kennen. Mit einigen n\u00fctzlichen Anpassungsoptionen.","breadcrumb":{"@id":"https:\/\/exceladvisor.org\/de\/statusleiste\/#breadcrumb"},"inLanguage":"de","potentialAction":[{"@type":"ReadAction","target":["https:\/\/exceladvisor.org\/de\/statusleiste\/"]}]},{"@type":"ImageObject","inLanguage":"de","@id":"https:\/\/exceladvisor.org\/de\/statusleiste\/#primaryimage","url":"https:\/\/exceladvisor.org\/wp-content\/uploads\/2023\/08\/barre-detat-2.png","contentUrl":"https:\/\/exceladvisor.org\/wp-content\/uploads\/2023\/08\/barre-detat-2.png"},{"@type":"BreadcrumbList","@id":"https:\/\/exceladvisor.org\/de\/statusleiste\/#breadcrumb","itemListElement":[{"@type":"ListItem","position":1,"name":"Accueil","item":"https:\/\/exceladvisor.org\/de\/"},{"@type":"ListItem","position":2,"name":"Was ist die statusleiste in excel?"}]},{"@type":"WebSite","@id":"https:\/\/exceladvisor.org\/de\/#website","url":"https:\/\/exceladvisor.org\/de\/","name":"Excel Advisor","description":"Ihr Leitfaden zur Datendominanz","publisher":{"@id":"https:\/\/exceladvisor.org\/de\/#organization"},"potentialAction":[{"@type":"SearchAction","target":{"@type":"EntryPoint","urlTemplate":"https:\/\/exceladvisor.org\/de\/?s={search_term_string}"},"query-input":{"@type":"PropertyValueSpecification","valueRequired":true,"valueName":"search_term_string"}}],"inLanguage":"de"},{"@type":"Organization","@id":"https:\/\/exceladvisor.org\/de\/#organization","name":"Excel Advisor","url":"https:\/\/exceladvisor.org\/de\/","logo":{"@type":"ImageObject","inLanguage":"de","@id":"https:\/\/exceladvisor.org\/de\/#\/schema\/logo\/image\/","url":"https:\/\/exceladvisor.org\/de\/wp-content\/uploads\/2023\/11\/exceladvisor.org_.png","contentUrl":"https:\/\/exceladvisor.org\/de\/wp-content\/uploads\/2023\/11\/exceladvisor.org_.png","width":105,"height":36,"caption":"Excel Advisor"},"image":{"@id":"https:\/\/exceladvisor.org\/de\/#\/schema\/logo\/image\/"}}]}},"yoast_meta":{"yoast_wpseo_title":"","yoast_wpseo_metadesc":"","yoast_wpseo_canonical":""},"_links":{"self":[{"href":"https:\/\/exceladvisor.org\/de\/wp-json\/wp\/v2\/pages\/3686","targetHints":{"allow":["GET"]}}],"collection":[{"href":"https:\/\/exceladvisor.org\/de\/wp-json\/wp\/v2\/pages"}],"about":[{"href":"https:\/\/exceladvisor.org\/de\/wp-json\/wp\/v2\/types\/page"}],"author":[{"embeddable":true,"href":"https:\/\/exceladvisor.org\/de\/wp-json\/wp\/v2\/users\/1"}],"replies":[{"embeddable":true,"href":"https:\/\/exceladvisor.org\/de\/wp-json\/wp\/v2\/comments?post=3686"}],"version-history":[{"count":1,"href":"https:\/\/exceladvisor.org\/de\/wp-json\/wp\/v2\/pages\/3686\/revisions"}],"predecessor-version":[{"id":3816,"href":"https:\/\/exceladvisor.org\/de\/wp-json\/wp\/v2\/pages\/3686\/revisions\/3816"}],"wp:attachment":[{"href":"https:\/\/exceladvisor.org\/de\/wp-json\/wp\/v2\/media?parent=3686"}],"curies":[{"name":"wp","href":"https:\/\/api.w.org\/{rel}","templated":true}]}}