{"id":3689,"date":"2023-09-25T08:40:40","date_gmt":"2023-09-25T08:40:40","guid":{"rendered":"https:\/\/exceladvisor.org\/de\/druckvorschau-1\/"},"modified":"2023-12-03T11:14:23","modified_gmt":"2023-12-03T11:14:23","slug":"druckvorschau-1","status":"publish","type":"page","link":"https:\/\/exceladvisor.org\/de\/druckvorschau-1\/","title":{"rendered":"Wie drucke ich eine vorschau \u00fcber eine excel-verkn\u00fcpfung?"},"content":{"rendered":"<div class=\"excel-vor-dem-inhalt\" id=\"excel-112685696\"><script type=\"text\/javascript\">\r\n\tatOptions = {\r\n\t\t'key' : 'c1158f160081d6540a8409e6925dab94',\r\n\t\t'format' : 'iframe',\r\n\t\t'height' : 250,\r\n\t\t'width' : 300,\r\n\t\t'params' : {}\r\n\t};\r\n<\/script>\r\n<script type=\"text\/javascript\" src=\"\/\/www.highperformanceformat.com\/c1158f160081d6540a8409e6925dab94\/invoke.js\"><\/script><\/div> <p>Um die Druckvorschau zu erhalten, k\u00f6nnen Sie die Tastenkombination Strg + P verwenden. Wenn Sie diese Tastenkombination dr\u00fccken (es ist dieselbe Taste, die wir zum Drucken verwenden), wird Ihnen der Druckbereich der Seite angezeigt und auf der rechten Seite k\u00f6nnen Sie sehen die Druckvorschau.<\/p><p> <kbd>Strg<\/kbd> + <kbd>P<\/kbd> <\/p><div class=\"wp-block-image\"><figure class=\"aligncenter size-full is-resized\"><img loading=\"lazy\" decoding=\"async\" class=\"wp-image-62313\" src=\"https:\/\/exceladvisor.org\/wp-content\/uploads\/2023\/08\/1-apercu-avant-impression.png\" sizes=\"auto, \" srcset=\"\" alt=\"Vorschau vor dem Drucken\" width=\"893\" height=\"481\"><\/figure><\/div><div class=\"wp-block-image\"><figure class=\"aligncenter size-full is-resized\"><img loading=\"lazy\" decoding=\"async\" class=\"wp-image-62319\" src=\"https:\/\/exceladvisor.org\/wp-content\/uploads\/2023\/08\/2-raccourci-dapercu-avant-impression.png\" sizes=\"auto, \" srcset=\"\" alt=\"Verkn\u00fcpfung zur Druckvorschau\" width=\"852\" height=\"197\"><\/figure><\/div><p> Es gibt eine weitere Tastenkombination, die Sie f\u00fcr die Druckvorschau in Excel verwenden k\u00f6nnen: AF P. Diese Tastenkombination \u00f6ffnet die Registerkarte \u201eDatei\u201c und dann die Option \u201eDrucken\u201c, um Ihnen den Abschnitt \u201eDruckvorschau\u201c anzuzeigen. <\/p><div class=\"wp-block-group more-tutorials is-layout-flow\"><div class=\"wp-block-group__inner-container\"><h2 class=\"wp-block-heading\"> Weitere Tutorials <\/h2><div class=\"wp-block-columns is-layout-flex wp-container-20\"><div class=\"wp-block-column is-layout-flow\"><ul><li> <a href=\"https:\/\/exceladvisor.org\/de\/schliessen\/\">Schlie\u00dfen<\/a><\/li><li> <a href=\"https:\/\/exceladvisor.org\/de\/vollbild\/\">Ganzer Bildschirm<\/a><\/li><li> <a href=\"https:\/\/exceladvisor.org\/de\/band\/\">Band<\/a><\/li><\/ul><\/div><div class=\"wp-block-column is-layout-flow\"><ul><li> <a href=\"https:\/\/exceladvisor.org\/de\/speichern-als\/\">Speichern als<\/a><\/li><li> <a href=\"https:\/\/exceladvisor.org\/de\/tab-wechseln\/\">Tab wechseln<\/a><\/li><li> <a href=\"https:\/\/exceladvisor.org\/de\/ruckgangig-wiederholen\/\">R\u00fcckg\u00e4ngig machen und wiederholen<\/a><\/li><\/ul><\/div><\/div><p> \u21e0 Zur\u00fcck zu <a href=\"https:\/\/exceladvisor.org\/de\/tastaturkurzel\/\">Excel-Verkn\u00fcpfungen (PDF-Spickzettel)<\/a><\/p><\/div><\/div>","protected":false},"excerpt":{"rendered":"","protected":false},"author":1,"featured_media":0,"parent":0,"menu_order":0,"comment_status":"open","ping_status":"closed","template":"","meta":{"ub_ctt_via":"","footnotes":""},"class_list":["post-3689","page","type-page","status-publish","hentry"],"featured_image_src":null,"yoast_head":"<!-- This site is optimized with the Yoast SEO plugin v25.4 - https:\/\/yoast.com\/wordpress\/plugins\/seo\/ -->\n<title>Wie drucke ich eine Vorschau \u00fcber eine Excel-Verkn\u00fcpfung?<\/title>\n<meta name=\"description\" content=\"Um die Druckvorschau zu erhalten, k\u00f6nnen Sie die Tastenkombination Strg + P verwenden. Wenn Sie diese Tastenkombination dr\u00fccken\" \/>\n<meta name=\"robots\" content=\"index, follow, max-snippet:-1, max-image-preview:large, max-video-preview:-1\" \/>\n<link rel=\"canonical\" href=\"https:\/\/exceladvisor.org\/de\/druckvorschau-1\/\" \/>\n<meta property=\"og:locale\" content=\"de_DE\" \/>\n<meta property=\"og:type\" content=\"article\" \/>\n<meta property=\"og:title\" content=\"Wie drucke ich eine Vorschau \u00fcber eine Excel-Verkn\u00fcpfung?\" \/>\n<meta property=\"og:description\" content=\"Um die Druckvorschau zu erhalten, k\u00f6nnen Sie die Tastenkombination Strg + P verwenden. Wenn Sie diese Tastenkombination dr\u00fccken\" \/>\n<meta property=\"og:url\" content=\"https:\/\/exceladvisor.org\/de\/druckvorschau-1\/\" \/>\n<meta property=\"og:site_name\" content=\"Excel Advisor\" \/>\n<meta property=\"article:modified_time\" content=\"2023-12-03T11:14:23+00:00\" \/>\n<meta property=\"og:image\" content=\"https:\/\/exceladvisor.org\/wp-content\/uploads\/2023\/08\/1-apercu-avant-impression.png\" \/>\n<meta name=\"twitter:card\" content=\"summary_large_image\" \/>\n<meta name=\"twitter:label1\" content=\"Gesch\u00e4tzte Lesezeit\" \/>\n\t<meta name=\"twitter:data1\" content=\"1\u00a0Minute\" \/>\n<script type=\"application\/ld+json\" class=\"yoast-schema-graph\">{\"@context\":\"https:\/\/schema.org\",\"@graph\":[{\"@type\":\"WebPage\",\"@id\":\"https:\/\/exceladvisor.org\/de\/druckvorschau-1\/\",\"url\":\"https:\/\/exceladvisor.org\/de\/druckvorschau-1\/\",\"name\":\"Wie drucke ich eine Vorschau \u00fcber eine Excel-Verkn\u00fcpfung?\",\"isPartOf\":{\"@id\":\"https:\/\/exceladvisor.org\/de\/#website\"},\"primaryImageOfPage\":{\"@id\":\"https:\/\/exceladvisor.org\/de\/druckvorschau-1\/#primaryimage\"},\"image\":{\"@id\":\"https:\/\/exceladvisor.org\/de\/druckvorschau-1\/#primaryimage\"},\"thumbnailUrl\":\"https:\/\/exceladvisor.org\/wp-content\/uploads\/2023\/08\/1-apercu-avant-impression.png\",\"datePublished\":\"2023-09-25T08:40:40+00:00\",\"dateModified\":\"2023-12-03T11:14:23+00:00\",\"description\":\"Um die Druckvorschau zu erhalten, k\u00f6nnen Sie die Tastenkombination Strg + P verwenden. Wenn Sie diese Tastenkombination dr\u00fccken\",\"breadcrumb\":{\"@id\":\"https:\/\/exceladvisor.org\/de\/druckvorschau-1\/#breadcrumb\"},\"inLanguage\":\"de\",\"potentialAction\":[{\"@type\":\"ReadAction\",\"target\":[\"https:\/\/exceladvisor.org\/de\/druckvorschau-1\/\"]}]},{\"@type\":\"ImageObject\",\"inLanguage\":\"de\",\"@id\":\"https:\/\/exceladvisor.org\/de\/druckvorschau-1\/#primaryimage\",\"url\":\"https:\/\/exceladvisor.org\/wp-content\/uploads\/2023\/08\/1-apercu-avant-impression.png\",\"contentUrl\":\"https:\/\/exceladvisor.org\/wp-content\/uploads\/2023\/08\/1-apercu-avant-impression.png\"},{\"@type\":\"BreadcrumbList\",\"@id\":\"https:\/\/exceladvisor.org\/de\/druckvorschau-1\/#breadcrumb\",\"itemListElement\":[{\"@type\":\"ListItem\",\"position\":1,\"name\":\"Accueil\",\"item\":\"https:\/\/exceladvisor.org\/de\/\"},{\"@type\":\"ListItem\",\"position\":2,\"name\":\"Wie drucke ich eine vorschau \u00fcber eine excel-verkn\u00fcpfung?\"}]},{\"@type\":\"WebSite\",\"@id\":\"https:\/\/exceladvisor.org\/de\/#website\",\"url\":\"https:\/\/exceladvisor.org\/de\/\",\"name\":\"Excel Advisor\",\"description\":\"Ihr Leitfaden zur Datendominanz\",\"publisher\":{\"@id\":\"https:\/\/exceladvisor.org\/de\/#organization\"},\"potentialAction\":[{\"@type\":\"SearchAction\",\"target\":{\"@type\":\"EntryPoint\",\"urlTemplate\":\"https:\/\/exceladvisor.org\/de\/?s={search_term_string}\"},\"query-input\":{\"@type\":\"PropertyValueSpecification\",\"valueRequired\":true,\"valueName\":\"search_term_string\"}}],\"inLanguage\":\"de\"},{\"@type\":\"Organization\",\"@id\":\"https:\/\/exceladvisor.org\/de\/#organization\",\"name\":\"Excel Advisor\",\"url\":\"https:\/\/exceladvisor.org\/de\/\",\"logo\":{\"@type\":\"ImageObject\",\"inLanguage\":\"de\",\"@id\":\"https:\/\/exceladvisor.org\/de\/#\/schema\/logo\/image\/\",\"url\":\"https:\/\/exceladvisor.org\/de\/wp-content\/uploads\/2023\/11\/exceladvisor.org_.png\",\"contentUrl\":\"https:\/\/exceladvisor.org\/de\/wp-content\/uploads\/2023\/11\/exceladvisor.org_.png\",\"width\":105,\"height\":36,\"caption\":\"Excel Advisor\"},\"image\":{\"@id\":\"https:\/\/exceladvisor.org\/de\/#\/schema\/logo\/image\/\"}}]}<\/script>\n<!-- \/ Yoast SEO plugin. -->","yoast_head_json":{"title":"Wie drucke ich eine Vorschau \u00fcber eine Excel-Verkn\u00fcpfung?","description":"Um die Druckvorschau zu erhalten, k\u00f6nnen Sie die Tastenkombination Strg + P verwenden. Wenn Sie diese Tastenkombination dr\u00fccken","robots":{"index":"index","follow":"follow","max-snippet":"max-snippet:-1","max-image-preview":"max-image-preview:large","max-video-preview":"max-video-preview:-1"},"canonical":"https:\/\/exceladvisor.org\/de\/druckvorschau-1\/","og_locale":"de_DE","og_type":"article","og_title":"Wie drucke ich eine Vorschau \u00fcber eine Excel-Verkn\u00fcpfung?","og_description":"Um die Druckvorschau zu erhalten, k\u00f6nnen Sie die Tastenkombination Strg + P verwenden. Wenn Sie diese Tastenkombination dr\u00fccken","og_url":"https:\/\/exceladvisor.org\/de\/druckvorschau-1\/","og_site_name":"Excel Advisor","article_modified_time":"2023-12-03T11:14:23+00:00","og_image":[{"url":"https:\/\/exceladvisor.org\/wp-content\/uploads\/2023\/08\/1-apercu-avant-impression.png","type":"","width":"","height":""}],"twitter_card":"summary_large_image","twitter_misc":{"Gesch\u00e4tzte Lesezeit":"1\u00a0Minute"},"schema":{"@context":"https:\/\/schema.org","@graph":[{"@type":"WebPage","@id":"https:\/\/exceladvisor.org\/de\/druckvorschau-1\/","url":"https:\/\/exceladvisor.org\/de\/druckvorschau-1\/","name":"Wie drucke ich eine Vorschau \u00fcber eine Excel-Verkn\u00fcpfung?","isPartOf":{"@id":"https:\/\/exceladvisor.org\/de\/#website"},"primaryImageOfPage":{"@id":"https:\/\/exceladvisor.org\/de\/druckvorschau-1\/#primaryimage"},"image":{"@id":"https:\/\/exceladvisor.org\/de\/druckvorschau-1\/#primaryimage"},"thumbnailUrl":"https:\/\/exceladvisor.org\/wp-content\/uploads\/2023\/08\/1-apercu-avant-impression.png","datePublished":"2023-09-25T08:40:40+00:00","dateModified":"2023-12-03T11:14:23+00:00","description":"Um die Druckvorschau zu erhalten, k\u00f6nnen Sie die Tastenkombination Strg + P verwenden. Wenn Sie diese Tastenkombination dr\u00fccken","breadcrumb":{"@id":"https:\/\/exceladvisor.org\/de\/druckvorschau-1\/#breadcrumb"},"inLanguage":"de","potentialAction":[{"@type":"ReadAction","target":["https:\/\/exceladvisor.org\/de\/druckvorschau-1\/"]}]},{"@type":"ImageObject","inLanguage":"de","@id":"https:\/\/exceladvisor.org\/de\/druckvorschau-1\/#primaryimage","url":"https:\/\/exceladvisor.org\/wp-content\/uploads\/2023\/08\/1-apercu-avant-impression.png","contentUrl":"https:\/\/exceladvisor.org\/wp-content\/uploads\/2023\/08\/1-apercu-avant-impression.png"},{"@type":"BreadcrumbList","@id":"https:\/\/exceladvisor.org\/de\/druckvorschau-1\/#breadcrumb","itemListElement":[{"@type":"ListItem","position":1,"name":"Accueil","item":"https:\/\/exceladvisor.org\/de\/"},{"@type":"ListItem","position":2,"name":"Wie drucke ich eine vorschau \u00fcber eine excel-verkn\u00fcpfung?"}]},{"@type":"WebSite","@id":"https:\/\/exceladvisor.org\/de\/#website","url":"https:\/\/exceladvisor.org\/de\/","name":"Excel Advisor","description":"Ihr Leitfaden zur Datendominanz","publisher":{"@id":"https:\/\/exceladvisor.org\/de\/#organization"},"potentialAction":[{"@type":"SearchAction","target":{"@type":"EntryPoint","urlTemplate":"https:\/\/exceladvisor.org\/de\/?s={search_term_string}"},"query-input":{"@type":"PropertyValueSpecification","valueRequired":true,"valueName":"search_term_string"}}],"inLanguage":"de"},{"@type":"Organization","@id":"https:\/\/exceladvisor.org\/de\/#organization","name":"Excel Advisor","url":"https:\/\/exceladvisor.org\/de\/","logo":{"@type":"ImageObject","inLanguage":"de","@id":"https:\/\/exceladvisor.org\/de\/#\/schema\/logo\/image\/","url":"https:\/\/exceladvisor.org\/de\/wp-content\/uploads\/2023\/11\/exceladvisor.org_.png","contentUrl":"https:\/\/exceladvisor.org\/de\/wp-content\/uploads\/2023\/11\/exceladvisor.org_.png","width":105,"height":36,"caption":"Excel Advisor"},"image":{"@id":"https:\/\/exceladvisor.org\/de\/#\/schema\/logo\/image\/"}}]}},"yoast_meta":{"yoast_wpseo_title":"","yoast_wpseo_metadesc":"","yoast_wpseo_canonical":""},"_links":{"self":[{"href":"https:\/\/exceladvisor.org\/de\/wp-json\/wp\/v2\/pages\/3689","targetHints":{"allow":["GET"]}}],"collection":[{"href":"https:\/\/exceladvisor.org\/de\/wp-json\/wp\/v2\/pages"}],"about":[{"href":"https:\/\/exceladvisor.org\/de\/wp-json\/wp\/v2\/types\/page"}],"author":[{"embeddable":true,"href":"https:\/\/exceladvisor.org\/de\/wp-json\/wp\/v2\/users\/1"}],"replies":[{"embeddable":true,"href":"https:\/\/exceladvisor.org\/de\/wp-json\/wp\/v2\/comments?post=3689"}],"version-history":[{"count":1,"href":"https:\/\/exceladvisor.org\/de\/wp-json\/wp\/v2\/pages\/3689\/revisions"}],"predecessor-version":[{"id":3905,"href":"https:\/\/exceladvisor.org\/de\/wp-json\/wp\/v2\/pages\/3689\/revisions\/3905"}],"wp:attachment":[{"href":"https:\/\/exceladvisor.org\/de\/wp-json\/wp\/v2\/media?parent=3689"}],"curies":[{"name":"wp","href":"https:\/\/api.w.org\/{rel}","templated":true}]}}