{"id":3690,"date":"2023-09-25T08:22:17","date_gmt":"2023-09-25T08:22:17","guid":{"rendered":"https:\/\/exceladvisor.org\/de\/takt-1\/"},"modified":"2023-12-03T11:13:16","modified_gmt":"2023-12-03T11:13:16","slug":"takt-1","status":"publish","type":"page","link":"https:\/\/exceladvisor.org\/de\/takt-1\/","title":{"rendered":"Was ist eine durchgestrichene verkn\u00fcpfung f\u00fcr excel?"},"content":{"rendered":"<div class=\"excel-vor-dem-inhalt\" id=\"excel-294959127\"><script type=\"text\/javascript\">\r\n\tatOptions = {\r\n\t\t'key' : 'c1158f160081d6540a8409e6925dab94',\r\n\t\t'format' : 'iframe',\r\n\t\t'height' : 250,\r\n\t\t'width' : 300,\r\n\t\t'params' : {}\r\n\t};\r\n<\/script>\r\n<script type=\"text\/javascript\" src=\"\/\/www.highperformanceformat.com\/c1158f160081d6540a8409e6925dab94\/invoke.js\"><\/script><\/div> <p>Um das Durchstreichen in einer Zelle in Excel anzuwenden, m\u00fcssen Sie die Tastenkombination Strg + 5 dr\u00fccken. Mit dieser Tastenkombination werden W\u00f6rter in einer einzelnen Zelle, nicht zusammenh\u00e4ngenden Zellen, einem Zellbereich oder sogar f\u00fcr Teilwerte einer Zelle durchgestrichen. <\/p><div class=\"wp-block-image\"><figure class=\"aligncenter size-full is-resized\"><img loading=\"lazy\" decoding=\"async\" class=\"size-full wp-image-12880 aligncenter\" src=\"https:\/\/exceladvisor.org\/wp-content\/uploads\/2023\/11\/Barre-raccourci-Excel.png\" alt=\"Durchgestrichen (Excel-Verkn\u00fcpfung)\" width=\"290\" height=\"314\" srcset=\"https:\/\/exceladvisor.org\/wp-content\/uploads\/2023\/11\/Barre-raccourci-Excel.png 290w, https:\/\/exceladvisor.org\/wp-content\/uploads\/2023\/11\/Barre-raccourci-Excel-277x300.png 277w\" sizes=\"auto, (max-width: 290px) 100vw, 290px\"><\/figure><\/div><p> <kbd>Strg<\/kbd> + <kbd>5<\/kbd> <\/p><div class=\"wp-block-image\"><figure class=\"aligncenter size-full is-resized\"><img loading=\"lazy\" decoding=\"async\" class=\"wp-image-62320\" src=\"https:\/\/exceladvisor.org\/wp-content\/uploads\/2023\/08\/2-raccourcis-barres.png\" sizes=\"auto, \" srcset=\"\" alt=\"durchgestrichene Abk\u00fcrzung\" width=\"813\" height=\"187\"><\/figure><\/div><p> Und dann m\u00fcssen Sie die Durchstreichung einer Zelle entfernen, indem Sie den Hotkey erneut dr\u00fccken.<\/p><h2 class=\"wp-block-heading\"> So wenden Sie eine Durchstreichung auf Teiltext in einer Zelle an<\/h2><ol type=\"1\"><li> Bearbeiten Sie die Zelle mit der F2-Taste oder doppelklicken Sie mit der Maus.<\/li><li> W\u00e4hlen Sie den Teilwert mit den Navigationstasten der Maus oder der Tastatur aus.<\/li><li> Dr\u00fccken Sie die Tastenkombination Strg + 5, um die Durchstreichung anzuwenden.<\/li><li> Dr\u00fccken Sie die Eingabetaste, um den Bearbeitungsmodus zu verlassen.<\/li><\/ol><div class=\"gb-container gb-container-2116538e gb-container-mt\"> <a class=\"gb-button gb-button-f7d2c131 gb-button-text gb-button-mt-button\" href=\"https:\/\/exceladvisor.org\/de\/tastaturkurzel\/\">Tastenkombinationen f\u00fcr Excel-PDFs<\/a><h2 class=\"gb-headline gb-headline-7ed68554 gb-headline-text gb-headline-mt-heading\"> Weitere Verkn\u00fcpfungen <\/h2><div class=\"gb-grid-wrapper gb-grid-wrapper-edeef538 gb-grid-wrapper-mt-grid\"><div class=\"gb-grid-column gb-grid-column-6ab6fbc6\"><div class=\"gb-container gb-container-6ab6fbc6\"><ul><li> <a href=\"https:\/\/exceladvisor.org\/de\/index-2\/\">Hinweis<\/a><\/li><li> <a href=\"https:\/\/exceladvisor.org\/de\/exponent\/\">Aussteller<\/a><\/li><li> <a href=\"https:\/\/exceladvisor.org\/de\/hakchen-1\/\">H\u00e4kchen<\/a><\/li><li> <a href=\"https:\/\/exceladvisor.org\/de\/im-zentrum-anordnen\/\">Im Zentrum anordnen<\/a> <\/li><\/ul><\/div><\/div><div class=\"gb-grid-column gb-grid-column-766d598b\"><div class=\"gb-container gb-container-766d598b\"><ul><li> <a href=\"https:\/\/exceladvisor.org\/de\/wahrungsformat\/\">Applu-W\u00e4hrungsformat<\/a><\/li><li> <a href=\"https:\/\/exceladvisor.org\/de\/prozentformat\/\">Prozentformat<\/a><\/li><li> <a href=\"https:\/\/exceladvisor.org\/de\/datumsformat\/\">Datumsformat anwenden<\/a><\/li><li> <a href=\"https:\/\/exceladvisor.org\/de\/zeitformat\/\">Zeitformat anwenden<\/a><\/li><\/ul><\/div><\/div><\/div><\/div>","protected":false},"excerpt":{"rendered":"","protected":false},"author":1,"featured_media":0,"parent":0,"menu_order":0,"comment_status":"open","ping_status":"closed","template":"","meta":{"ub_ctt_via":"","footnotes":""},"class_list":["post-3690","page","type-page","status-publish","hentry"],"featured_image_src":null,"yoast_head":"<!-- This site is optimized with the Yoast SEO plugin v25.4 - https:\/\/yoast.com\/wordpress\/plugins\/seo\/ -->\n<title>\u25b7 Was ist die durchgestrichene Verkn\u00fcpfung f\u00fcr Excel? (Einfache Methode)<\/title>\n<meta name=\"description\" content=\"Wenn Sie viele Besorgungen erledigen m\u00fcssen, ist es \u00fcblich, eine To-Do-Liste zu erstellen und erledigte Aufgaben durchzustreichen.\" \/>\n<meta name=\"robots\" content=\"index, follow, max-snippet:-1, max-image-preview:large, max-video-preview:-1\" \/>\n<link rel=\"canonical\" href=\"https:\/\/exceladvisor.org\/de\/takt-1\/\" \/>\n<meta property=\"og:locale\" content=\"de_DE\" \/>\n<meta property=\"og:type\" content=\"article\" \/>\n<meta property=\"og:title\" content=\"\u25b7 Was ist die durchgestrichene Verkn\u00fcpfung f\u00fcr Excel? (Einfache Methode)\" \/>\n<meta property=\"og:description\" content=\"Wenn Sie viele Besorgungen erledigen m\u00fcssen, ist es \u00fcblich, eine To-Do-Liste zu erstellen und erledigte Aufgaben durchzustreichen.\" \/>\n<meta property=\"og:url\" content=\"https:\/\/exceladvisor.org\/de\/takt-1\/\" \/>\n<meta property=\"og:site_name\" content=\"Excel Advisor\" \/>\n<meta property=\"article:modified_time\" content=\"2023-12-03T11:13:16+00:00\" \/>\n<meta property=\"og:image\" content=\"https:\/\/exceladvisor.org\/wp-content\/uploads\/2023\/11\/Barre-raccourci-Excel.png\" \/>\n<meta name=\"twitter:card\" content=\"summary_large_image\" \/>\n<meta name=\"twitter:label1\" content=\"Gesch\u00e4tzte Lesezeit\" \/>\n\t<meta name=\"twitter:data1\" content=\"1\u00a0Minute\" \/>\n<script type=\"application\/ld+json\" class=\"yoast-schema-graph\">{\"@context\":\"https:\/\/schema.org\",\"@graph\":[{\"@type\":\"WebPage\",\"@id\":\"https:\/\/exceladvisor.org\/de\/takt-1\/\",\"url\":\"https:\/\/exceladvisor.org\/de\/takt-1\/\",\"name\":\"\u25b7 Was ist die durchgestrichene Verkn\u00fcpfung f\u00fcr Excel? (Einfache Methode)\",\"isPartOf\":{\"@id\":\"https:\/\/exceladvisor.org\/de\/#website\"},\"primaryImageOfPage\":{\"@id\":\"https:\/\/exceladvisor.org\/de\/takt-1\/#primaryimage\"},\"image\":{\"@id\":\"https:\/\/exceladvisor.org\/de\/takt-1\/#primaryimage\"},\"thumbnailUrl\":\"https:\/\/exceladvisor.org\/wp-content\/uploads\/2023\/11\/Barre-raccourci-Excel.png\",\"datePublished\":\"2023-09-25T08:22:17+00:00\",\"dateModified\":\"2023-12-03T11:13:16+00:00\",\"description\":\"Wenn Sie viele Besorgungen erledigen m\u00fcssen, ist es \u00fcblich, eine To-Do-Liste zu erstellen und erledigte Aufgaben durchzustreichen.\",\"breadcrumb\":{\"@id\":\"https:\/\/exceladvisor.org\/de\/takt-1\/#breadcrumb\"},\"inLanguage\":\"de\",\"potentialAction\":[{\"@type\":\"ReadAction\",\"target\":[\"https:\/\/exceladvisor.org\/de\/takt-1\/\"]}]},{\"@type\":\"ImageObject\",\"inLanguage\":\"de\",\"@id\":\"https:\/\/exceladvisor.org\/de\/takt-1\/#primaryimage\",\"url\":\"https:\/\/exceladvisor.org\/wp-content\/uploads\/2023\/11\/Barre-raccourci-Excel.png\",\"contentUrl\":\"https:\/\/exceladvisor.org\/wp-content\/uploads\/2023\/11\/Barre-raccourci-Excel.png\"},{\"@type\":\"BreadcrumbList\",\"@id\":\"https:\/\/exceladvisor.org\/de\/takt-1\/#breadcrumb\",\"itemListElement\":[{\"@type\":\"ListItem\",\"position\":1,\"name\":\"Accueil\",\"item\":\"https:\/\/exceladvisor.org\/de\/\"},{\"@type\":\"ListItem\",\"position\":2,\"name\":\"Was ist eine durchgestrichene verkn\u00fcpfung f\u00fcr excel?\"}]},{\"@type\":\"WebSite\",\"@id\":\"https:\/\/exceladvisor.org\/de\/#website\",\"url\":\"https:\/\/exceladvisor.org\/de\/\",\"name\":\"Excel Advisor\",\"description\":\"Ihr Leitfaden zur Datendominanz\",\"publisher\":{\"@id\":\"https:\/\/exceladvisor.org\/de\/#organization\"},\"potentialAction\":[{\"@type\":\"SearchAction\",\"target\":{\"@type\":\"EntryPoint\",\"urlTemplate\":\"https:\/\/exceladvisor.org\/de\/?s={search_term_string}\"},\"query-input\":{\"@type\":\"PropertyValueSpecification\",\"valueRequired\":true,\"valueName\":\"search_term_string\"}}],\"inLanguage\":\"de\"},{\"@type\":\"Organization\",\"@id\":\"https:\/\/exceladvisor.org\/de\/#organization\",\"name\":\"Excel Advisor\",\"url\":\"https:\/\/exceladvisor.org\/de\/\",\"logo\":{\"@type\":\"ImageObject\",\"inLanguage\":\"de\",\"@id\":\"https:\/\/exceladvisor.org\/de\/#\/schema\/logo\/image\/\",\"url\":\"https:\/\/exceladvisor.org\/de\/wp-content\/uploads\/2023\/11\/exceladvisor.org_.png\",\"contentUrl\":\"https:\/\/exceladvisor.org\/de\/wp-content\/uploads\/2023\/11\/exceladvisor.org_.png\",\"width\":105,\"height\":36,\"caption\":\"Excel Advisor\"},\"image\":{\"@id\":\"https:\/\/exceladvisor.org\/de\/#\/schema\/logo\/image\/\"}}]}<\/script>\n<!-- \/ Yoast SEO plugin. -->","yoast_head_json":{"title":"\u25b7 Was ist die durchgestrichene Verkn\u00fcpfung f\u00fcr Excel? (Einfache Methode)","description":"Wenn Sie viele Besorgungen erledigen m\u00fcssen, ist es \u00fcblich, eine To-Do-Liste zu erstellen und erledigte Aufgaben durchzustreichen.","robots":{"index":"index","follow":"follow","max-snippet":"max-snippet:-1","max-image-preview":"max-image-preview:large","max-video-preview":"max-video-preview:-1"},"canonical":"https:\/\/exceladvisor.org\/de\/takt-1\/","og_locale":"de_DE","og_type":"article","og_title":"\u25b7 Was ist die durchgestrichene Verkn\u00fcpfung f\u00fcr Excel? (Einfache Methode)","og_description":"Wenn Sie viele Besorgungen erledigen m\u00fcssen, ist es \u00fcblich, eine To-Do-Liste zu erstellen und erledigte Aufgaben durchzustreichen.","og_url":"https:\/\/exceladvisor.org\/de\/takt-1\/","og_site_name":"Excel Advisor","article_modified_time":"2023-12-03T11:13:16+00:00","og_image":[{"url":"https:\/\/exceladvisor.org\/wp-content\/uploads\/2023\/11\/Barre-raccourci-Excel.png","type":"","width":"","height":""}],"twitter_card":"summary_large_image","twitter_misc":{"Gesch\u00e4tzte Lesezeit":"1\u00a0Minute"},"schema":{"@context":"https:\/\/schema.org","@graph":[{"@type":"WebPage","@id":"https:\/\/exceladvisor.org\/de\/takt-1\/","url":"https:\/\/exceladvisor.org\/de\/takt-1\/","name":"\u25b7 Was ist die durchgestrichene Verkn\u00fcpfung f\u00fcr Excel? (Einfache Methode)","isPartOf":{"@id":"https:\/\/exceladvisor.org\/de\/#website"},"primaryImageOfPage":{"@id":"https:\/\/exceladvisor.org\/de\/takt-1\/#primaryimage"},"image":{"@id":"https:\/\/exceladvisor.org\/de\/takt-1\/#primaryimage"},"thumbnailUrl":"https:\/\/exceladvisor.org\/wp-content\/uploads\/2023\/11\/Barre-raccourci-Excel.png","datePublished":"2023-09-25T08:22:17+00:00","dateModified":"2023-12-03T11:13:16+00:00","description":"Wenn Sie viele Besorgungen erledigen m\u00fcssen, ist es \u00fcblich, eine To-Do-Liste zu erstellen und erledigte Aufgaben durchzustreichen.","breadcrumb":{"@id":"https:\/\/exceladvisor.org\/de\/takt-1\/#breadcrumb"},"inLanguage":"de","potentialAction":[{"@type":"ReadAction","target":["https:\/\/exceladvisor.org\/de\/takt-1\/"]}]},{"@type":"ImageObject","inLanguage":"de","@id":"https:\/\/exceladvisor.org\/de\/takt-1\/#primaryimage","url":"https:\/\/exceladvisor.org\/wp-content\/uploads\/2023\/11\/Barre-raccourci-Excel.png","contentUrl":"https:\/\/exceladvisor.org\/wp-content\/uploads\/2023\/11\/Barre-raccourci-Excel.png"},{"@type":"BreadcrumbList","@id":"https:\/\/exceladvisor.org\/de\/takt-1\/#breadcrumb","itemListElement":[{"@type":"ListItem","position":1,"name":"Accueil","item":"https:\/\/exceladvisor.org\/de\/"},{"@type":"ListItem","position":2,"name":"Was ist eine durchgestrichene verkn\u00fcpfung f\u00fcr excel?"}]},{"@type":"WebSite","@id":"https:\/\/exceladvisor.org\/de\/#website","url":"https:\/\/exceladvisor.org\/de\/","name":"Excel Advisor","description":"Ihr Leitfaden zur Datendominanz","publisher":{"@id":"https:\/\/exceladvisor.org\/de\/#organization"},"potentialAction":[{"@type":"SearchAction","target":{"@type":"EntryPoint","urlTemplate":"https:\/\/exceladvisor.org\/de\/?s={search_term_string}"},"query-input":{"@type":"PropertyValueSpecification","valueRequired":true,"valueName":"search_term_string"}}],"inLanguage":"de"},{"@type":"Organization","@id":"https:\/\/exceladvisor.org\/de\/#organization","name":"Excel Advisor","url":"https:\/\/exceladvisor.org\/de\/","logo":{"@type":"ImageObject","inLanguage":"de","@id":"https:\/\/exceladvisor.org\/de\/#\/schema\/logo\/image\/","url":"https:\/\/exceladvisor.org\/de\/wp-content\/uploads\/2023\/11\/exceladvisor.org_.png","contentUrl":"https:\/\/exceladvisor.org\/de\/wp-content\/uploads\/2023\/11\/exceladvisor.org_.png","width":105,"height":36,"caption":"Excel Advisor"},"image":{"@id":"https:\/\/exceladvisor.org\/de\/#\/schema\/logo\/image\/"}}]}},"yoast_meta":{"yoast_wpseo_title":"","yoast_wpseo_metadesc":"","yoast_wpseo_canonical":""},"_links":{"self":[{"href":"https:\/\/exceladvisor.org\/de\/wp-json\/wp\/v2\/pages\/3690","targetHints":{"allow":["GET"]}}],"collection":[{"href":"https:\/\/exceladvisor.org\/de\/wp-json\/wp\/v2\/pages"}],"about":[{"href":"https:\/\/exceladvisor.org\/de\/wp-json\/wp\/v2\/types\/page"}],"author":[{"embeddable":true,"href":"https:\/\/exceladvisor.org\/de\/wp-json\/wp\/v2\/users\/1"}],"replies":[{"embeddable":true,"href":"https:\/\/exceladvisor.org\/de\/wp-json\/wp\/v2\/comments?post=3690"}],"version-history":[{"count":1,"href":"https:\/\/exceladvisor.org\/de\/wp-json\/wp\/v2\/pages\/3690\/revisions"}],"predecessor-version":[{"id":3821,"href":"https:\/\/exceladvisor.org\/de\/wp-json\/wp\/v2\/pages\/3690\/revisions\/3821"}],"wp:attachment":[{"href":"https:\/\/exceladvisor.org\/de\/wp-json\/wp\/v2\/media?parent=3690"}],"curies":[{"name":"wp","href":"https:\/\/api.w.org\/{rel}","templated":true}]}}