{"id":3691,"date":"2023-09-25T06:33:35","date_gmt":"2023-09-25T06:33:35","guid":{"rendered":"https:\/\/exceladvisor.org\/de\/mwst\/"},"modified":"2023-12-03T11:14:14","modified_gmt":"2023-12-03T11:14:14","slug":"mwst","status":"publish","type":"page","link":"https:\/\/exceladvisor.org\/de\/mwst\/","title":{"rendered":"Wie berechnet man die mehrwertsteuer in excel?"},"content":{"rendered":"<div class=\"excel-vor-dem-inhalt\" id=\"excel-3620920105\"><script type=\"text\/javascript\">\r\n\tatOptions = {\r\n\t\t'key' : 'c1158f160081d6540a8409e6925dab94',\r\n\t\t'format' : 'iframe',\r\n\t\t'height' : 250,\r\n\t\t'width' : 300,\r\n\t\t'params' : {}\r\n\t};\r\n<\/script>\r\n<script type=\"text\/javascript\" src=\"\/\/www.highperformanceformat.com\/c1158f160081d6540a8409e6925dab94\/invoke.js\"><\/script><\/div> <p>Um die Mehrwertsteuer in Excel zu berechnen, m\u00fcssen Sie den genauen Steuerprozentsatz kennen und ihn dann mit dem Bruttobetrag multiplizieren, um den Mehrwertsteuerbetrag zu erhalten. Anschlie\u00dfend addieren Sie diesen Steuerbetrag zum tats\u00e4chlichen Rechnungsbetrag. <\/p><div class=\"wp-block-image\"><figure class=\"aligncenter size-full is-resized\"><img loading=\"lazy\" decoding=\"async\" class=\"wp-image-82435\" src=\"https:\/\/exceladvisor.org\/wp-content\/uploads\/2023\/08\/1-calculer-la-TVA.png\" sizes=\"auto, \" srcset=\"\" alt=\"berechnen-Mehrwertsteuer\" width=\"579\" height=\"314\"><\/figure><\/div><p> In diesem Tutorial schreiben wir eine Formel zur Berechnung der Mehrwertsteuer. Lassen Sie uns das \u00fcberpr\u00fcfen.<\/p><h2 class=\"wp-block-heading\"> Berechnen Sie die Mehrwertsteuer separat<\/h2><p> Sie k\u00f6nnen die folgenden Schritte ausf\u00fchren:<\/p><ol type=\"1\"><li> Beziehen Sie sich zun\u00e4chst auf die Zelle mit dem Rechnungsbetrag.<\/li><li> Geben Sie anschlie\u00dfend den Sternchen (*)-Operator f\u00fcr die Multiplikation ein.<\/li><li> Sehen Sie sich nun die Zelle an, in der Sie den Mehrwertsteuerprozentsatz haben.<\/li><li> Dr\u00fccken Sie am Ende die Eingabetaste, um den Steuerbetrag zu erhalten. <\/li><\/ol><div class=\"wp-block-image\"><figure class=\"aligncenter size-full is-resized\"><img loading=\"lazy\" decoding=\"async\" class=\"wp-image-82436\" src=\"https:\/\/exceladvisor.org\/wp-content\/uploads\/2023\/08\/2-calculer-la-TVA-separement.png\" sizes=\"auto, \" srcset=\"\" alt=\"Mehrwertsteuer separat berechnen\" width=\"589\" height=\"260\"><\/figure><\/div><pre class=\"wp-block-code\"> <code class=\"language-excel-formula\" lang=\"excel-formula\">=tax_percentage * invoice_amount<\/code><\/pre><p> Sobald Sie die Eingabetaste dr\u00fccken, wird der Mehrwertsteuerbetrag in der Zelle angezeigt. <\/p><div class=\"wp-block-image\"><figure class=\"aligncenter size-full is-resized\"><img loading=\"lazy\" decoding=\"async\" class=\"wp-image-82437\" src=\"https:\/\/exceladvisor.org\/wp-content\/uploads\/2023\/08\/3-montant-de-TVA-obtenu.png\" sizes=\"auto, \" srcset=\"\" alt=\"Betrag-Mehrwertsteuer-Ergebnis\" width=\"527\" height=\"286\"><\/figure><\/div><p> Im n\u00e4chsten Teil m\u00fcssen Sie die Steuer zum Gesamtbetrag hinzuf\u00fcgen. Dazu m\u00fcssen Sie auf die Zelle mit dem Bruttorechnungsbetrag verweisen, den Additionsoperator eingeben und auf die Zelle mit dem von Ihnen berechneten Mehrwertsteuerbetrag (TAX) verweisen. <\/p><div class=\"wp-block-image\"><figure class=\"aligncenter size-full is-resized\"><img loading=\"lazy\" decoding=\"async\" class=\"wp-image-82438\" src=\"https:\/\/exceladvisor.org\/wp-content\/uploads\/2023\/08\/4-ajouter-la-taxe-au-montant.png\" sizes=\"auto, \" srcset=\"\" alt=\"Steuer zum Betrag hinzuf\u00fcgen\" width=\"600\" height=\"236\"><\/figure><\/div><pre class=\"wp-block-code\"> <code class=\"language-excel-formula\" lang=\"excel-formula\">=vat_amount + invoice_amount<\/code><\/pre><p> Dadurch erhalten Sie den Gesamtbetrag inklusive Mehrwertsteuer. <\/p><div class=\"wp-block-image\"><figure class=\"aligncenter size-full is-resized\"><img loading=\"lazy\" decoding=\"async\" class=\"wp-image-82439\" src=\"https:\/\/exceladvisor.org\/wp-content\/uploads\/2023\/08\/5-montant-total-TTC.png\" sizes=\"auto, \" srcset=\"\" alt=\"Gesamtbetrag-Mehrwertsteuer-Mehrwertsteuer\" width=\"556\" height=\"265\"><\/figure><\/div><h2 class=\"wp-block-heading\"> Berechnung der Mehrwertsteuer im Gesamtbetrag<\/h2><p> Wenn Sie m\u00f6chten, dass der Mehrwertsteuerbetrag im Gesamtbetrag enthalten ist, k\u00f6nnen Sie die folgende Formel verwenden: <\/p><div class=\"wp-block-image\"><figure class=\"aligncenter size-full is-resized\"><img loading=\"lazy\" decoding=\"async\" class=\"wp-image-82440\" src=\"https:\/\/exceladvisor.org\/wp-content\/uploads\/2023\/08\/6-calculer-la-TVA-en-montant-total.png\" sizes=\"auto, \" srcset=\"\" alt=\"Berechnen Sie den Gesamtbetrag der Mehrwertsteuer\" width=\"549\" height=\"244\"><\/figure><\/div><pre class=\"wp-block-code\"> <code class=\"language-excel-formula\" lang=\"excel-formula\">=(tax_percentage * invoice_amount) + invoice_amount<\/code><\/pre><p> Mit der obigen Formel ben\u00f6tigen Sie keine separate Spalte f\u00fcr den Mehrwertsteuerbetrag. Der Gesamtbetrag beinhaltet Steuern und Rechnungsbetrag.<\/p><p> Es gibt eine andere M\u00f6glichkeit, diese Formel zu schreiben. In dieser Formel k\u00f6nnen Sie Prozents\u00e4tze verwenden, um den Gesamtbetrag inklusive Mehrwertsteuer zu erhalten. <\/p><pre class=\"wp-block-code\"> <code class=\"language-excel-formula\" lang=\"excel-formula\">=invoice_amount * (100% + vat_percentage)<\/code><\/pre><div class=\"wp-block-image\"><figure class=\"aligncenter size-full is-resized\"><img loading=\"lazy\" decoding=\"async\" class=\"wp-image-82441\" src=\"https:\/\/exceladvisor.org\/wp-content\/uploads\/2023\/08\/7-autres-formules-pour-calculer-la-TVA-au-total.png\" sizes=\"auto, \" srcset=\"\" alt=\"eine andere Formel zur Berechnung der Mehrwertsteuer insgesamt\" width=\"512\" height=\"280\"><\/figure><\/div><p> Diese Formel funktioniert genauso wie die erste, wir verwenden jedoch stattdessen den Prozentsatz.<\/p><p> Wenn Sie 100 % verwenden und den Steuerprozentsatz hinzuf\u00fcgen, beispielsweise 10 %, multiplizieren Sie ihn mit dem Rechnungsbetrag. Der Betrag wird um den exakten Steuerprozentsatz erh\u00f6ht und Sie erhalten den Gesamtbetrag inklusive Steuern. <\/p><div class=\"gb-container gb-container-52dfcee1 gb-container-sample-file\"><h2 class=\"gb-headline gb-headline-e289c143 gb-headline-text gb-headline-4f7959c2\"> Holen Sie sich die Excel-Datei<\/h2> <a class=\"gb-button gb-button-e88d6bee gb-button-text gb-button-button1\" href=\"https:\/\/exceladvisor.org\/wp-content\/uploads\/2023\/11\/calculer-la-TVA.xlsx\" rel=\"nofollow\">Herunterladen<\/a><\/div><div class=\"gb-container gb-container-0df56012 gb-container-mt\"> <a class=\"gb-button gb-button-f9f432f4 gb-button-text gb-button-mt-button\" href=\"https:\/\/exceladvisor.org\/de\/formeln\/\">Liste der Excel-Formeln<\/a><h2 class=\"gb-headline gb-headline-233444e8 gb-headline-text gb-headline-mt-heading\"> Verwandte Formeln <\/h2><div class=\"gb-grid-wrapper gb-grid-wrapper-a16fa65c gb-grid-wrapper-mt-grid\"><div class=\"gb-grid-column gb-grid-column-50d07e0d\"><div class=\"gb-container gb-container-50d07e0d\"><ul><li> <a href=\"https:\/\/exceladvisor.org\/de\/zinseszins\/\">Berechnen Sie den Zinseszins in Excel<\/a><\/li><li> <a href=\"https:\/\/exceladvisor.org\/de\/einfaches-interesse\/\">Berechnen Sie den einfachen Zinssatz in Excel<\/a><\/li><li> <a href=\"https:\/\/exceladvisor.org\/de\/gewinnspanne\/\">Bruttogewinn (Marge und Verh\u00e4ltnis)<\/a><\/li><\/ul><\/div><\/div><\/div><\/div>","protected":false},"excerpt":{"rendered":"","protected":false},"author":1,"featured_media":0,"parent":0,"menu_order":0,"comment_status":"open","ping_status":"closed","template":"","meta":{"ub_ctt_via":"","footnotes":""},"class_list":["post-3691","page","type-page","status-publish","hentry"],"featured_image_src":null,"yoast_head":"<!-- This site is optimized with the Yoast SEO plugin v25.4 - https:\/\/yoast.com\/wordpress\/plugins\/seo\/ -->\n<title>\u25b7 Wie berechnet man die Mehrwertsteuer in Excel? (Tutorial 2023)<\/title>\n<meta name=\"description\" content=\"In diesem Tutorial erfahren Sie, wie Sie eine Excel-Formel schreiben, um die Mehrwertsteuer eines Betrags in Excel zu berechnen. Lassen Sie uns das \u00fcberpr\u00fcfen ...\" \/>\n<meta name=\"robots\" content=\"index, follow, max-snippet:-1, max-image-preview:large, max-video-preview:-1\" \/>\n<link rel=\"canonical\" href=\"https:\/\/exceladvisor.org\/de\/mwst\/\" \/>\n<meta property=\"og:locale\" content=\"de_DE\" \/>\n<meta property=\"og:type\" content=\"article\" \/>\n<meta property=\"og:title\" content=\"\u25b7 Wie berechnet man die Mehrwertsteuer in Excel? (Tutorial 2023)\" \/>\n<meta property=\"og:description\" content=\"In diesem Tutorial erfahren Sie, wie Sie eine Excel-Formel schreiben, um die Mehrwertsteuer eines Betrags in Excel zu berechnen. Lassen Sie uns das \u00fcberpr\u00fcfen ...\" \/>\n<meta property=\"og:url\" content=\"https:\/\/exceladvisor.org\/de\/mwst\/\" \/>\n<meta property=\"og:site_name\" content=\"Excel Advisor\" \/>\n<meta property=\"article:modified_time\" content=\"2023-12-03T11:14:14+00:00\" \/>\n<meta property=\"og:image\" content=\"https:\/\/exceladvisor.org\/wp-content\/uploads\/2023\/08\/1-calculer-la-TVA.png\" \/>\n<meta name=\"twitter:card\" content=\"summary_large_image\" \/>\n<meta name=\"twitter:label1\" content=\"Gesch\u00e4tzte Lesezeit\" \/>\n\t<meta name=\"twitter:data1\" content=\"2\u00a0Minuten\" \/>\n<script type=\"application\/ld+json\" class=\"yoast-schema-graph\">{\"@context\":\"https:\/\/schema.org\",\"@graph\":[{\"@type\":\"WebPage\",\"@id\":\"https:\/\/exceladvisor.org\/de\/mwst\/\",\"url\":\"https:\/\/exceladvisor.org\/de\/mwst\/\",\"name\":\"\u25b7 Wie berechnet man die Mehrwertsteuer in Excel? (Tutorial 2023)\",\"isPartOf\":{\"@id\":\"https:\/\/exceladvisor.org\/de\/#website\"},\"primaryImageOfPage\":{\"@id\":\"https:\/\/exceladvisor.org\/de\/mwst\/#primaryimage\"},\"image\":{\"@id\":\"https:\/\/exceladvisor.org\/de\/mwst\/#primaryimage\"},\"thumbnailUrl\":\"https:\/\/exceladvisor.org\/wp-content\/uploads\/2023\/08\/1-calculer-la-TVA.png\",\"datePublished\":\"2023-09-25T06:33:35+00:00\",\"dateModified\":\"2023-12-03T11:14:14+00:00\",\"description\":\"In diesem Tutorial erfahren Sie, wie Sie eine Excel-Formel schreiben, um die Mehrwertsteuer eines Betrags in Excel zu berechnen. Lassen Sie uns das \u00fcberpr\u00fcfen ...\",\"breadcrumb\":{\"@id\":\"https:\/\/exceladvisor.org\/de\/mwst\/#breadcrumb\"},\"inLanguage\":\"de\",\"potentialAction\":[{\"@type\":\"ReadAction\",\"target\":[\"https:\/\/exceladvisor.org\/de\/mwst\/\"]}]},{\"@type\":\"ImageObject\",\"inLanguage\":\"de\",\"@id\":\"https:\/\/exceladvisor.org\/de\/mwst\/#primaryimage\",\"url\":\"https:\/\/exceladvisor.org\/wp-content\/uploads\/2023\/08\/1-calculer-la-TVA.png\",\"contentUrl\":\"https:\/\/exceladvisor.org\/wp-content\/uploads\/2023\/08\/1-calculer-la-TVA.png\"},{\"@type\":\"BreadcrumbList\",\"@id\":\"https:\/\/exceladvisor.org\/de\/mwst\/#breadcrumb\",\"itemListElement\":[{\"@type\":\"ListItem\",\"position\":1,\"name\":\"Accueil\",\"item\":\"https:\/\/exceladvisor.org\/de\/\"},{\"@type\":\"ListItem\",\"position\":2,\"name\":\"Wie berechnet man die mehrwertsteuer in excel?\"}]},{\"@type\":\"WebSite\",\"@id\":\"https:\/\/exceladvisor.org\/de\/#website\",\"url\":\"https:\/\/exceladvisor.org\/de\/\",\"name\":\"Excel Advisor\",\"description\":\"Ihr Leitfaden zur Datendominanz\",\"publisher\":{\"@id\":\"https:\/\/exceladvisor.org\/de\/#organization\"},\"potentialAction\":[{\"@type\":\"SearchAction\",\"target\":{\"@type\":\"EntryPoint\",\"urlTemplate\":\"https:\/\/exceladvisor.org\/de\/?s={search_term_string}\"},\"query-input\":{\"@type\":\"PropertyValueSpecification\",\"valueRequired\":true,\"valueName\":\"search_term_string\"}}],\"inLanguage\":\"de\"},{\"@type\":\"Organization\",\"@id\":\"https:\/\/exceladvisor.org\/de\/#organization\",\"name\":\"Excel Advisor\",\"url\":\"https:\/\/exceladvisor.org\/de\/\",\"logo\":{\"@type\":\"ImageObject\",\"inLanguage\":\"de\",\"@id\":\"https:\/\/exceladvisor.org\/de\/#\/schema\/logo\/image\/\",\"url\":\"https:\/\/exceladvisor.org\/de\/wp-content\/uploads\/2023\/11\/exceladvisor.org_.png\",\"contentUrl\":\"https:\/\/exceladvisor.org\/de\/wp-content\/uploads\/2023\/11\/exceladvisor.org_.png\",\"width\":105,\"height\":36,\"caption\":\"Excel Advisor\"},\"image\":{\"@id\":\"https:\/\/exceladvisor.org\/de\/#\/schema\/logo\/image\/\"}}]}<\/script>\n<!-- \/ Yoast SEO plugin. -->","yoast_head_json":{"title":"\u25b7 Wie berechnet man die Mehrwertsteuer in Excel? (Tutorial 2023)","description":"In diesem Tutorial erfahren Sie, wie Sie eine Excel-Formel schreiben, um die Mehrwertsteuer eines Betrags in Excel zu berechnen. Lassen Sie uns das \u00fcberpr\u00fcfen ...","robots":{"index":"index","follow":"follow","max-snippet":"max-snippet:-1","max-image-preview":"max-image-preview:large","max-video-preview":"max-video-preview:-1"},"canonical":"https:\/\/exceladvisor.org\/de\/mwst\/","og_locale":"de_DE","og_type":"article","og_title":"\u25b7 Wie berechnet man die Mehrwertsteuer in Excel? (Tutorial 2023)","og_description":"In diesem Tutorial erfahren Sie, wie Sie eine Excel-Formel schreiben, um die Mehrwertsteuer eines Betrags in Excel zu berechnen. Lassen Sie uns das \u00fcberpr\u00fcfen ...","og_url":"https:\/\/exceladvisor.org\/de\/mwst\/","og_site_name":"Excel Advisor","article_modified_time":"2023-12-03T11:14:14+00:00","og_image":[{"url":"https:\/\/exceladvisor.org\/wp-content\/uploads\/2023\/08\/1-calculer-la-TVA.png","type":"","width":"","height":""}],"twitter_card":"summary_large_image","twitter_misc":{"Gesch\u00e4tzte Lesezeit":"2\u00a0Minuten"},"schema":{"@context":"https:\/\/schema.org","@graph":[{"@type":"WebPage","@id":"https:\/\/exceladvisor.org\/de\/mwst\/","url":"https:\/\/exceladvisor.org\/de\/mwst\/","name":"\u25b7 Wie berechnet man die Mehrwertsteuer in Excel? (Tutorial 2023)","isPartOf":{"@id":"https:\/\/exceladvisor.org\/de\/#website"},"primaryImageOfPage":{"@id":"https:\/\/exceladvisor.org\/de\/mwst\/#primaryimage"},"image":{"@id":"https:\/\/exceladvisor.org\/de\/mwst\/#primaryimage"},"thumbnailUrl":"https:\/\/exceladvisor.org\/wp-content\/uploads\/2023\/08\/1-calculer-la-TVA.png","datePublished":"2023-09-25T06:33:35+00:00","dateModified":"2023-12-03T11:14:14+00:00","description":"In diesem Tutorial erfahren Sie, wie Sie eine Excel-Formel schreiben, um die Mehrwertsteuer eines Betrags in Excel zu berechnen. Lassen Sie uns das \u00fcberpr\u00fcfen ...","breadcrumb":{"@id":"https:\/\/exceladvisor.org\/de\/mwst\/#breadcrumb"},"inLanguage":"de","potentialAction":[{"@type":"ReadAction","target":["https:\/\/exceladvisor.org\/de\/mwst\/"]}]},{"@type":"ImageObject","inLanguage":"de","@id":"https:\/\/exceladvisor.org\/de\/mwst\/#primaryimage","url":"https:\/\/exceladvisor.org\/wp-content\/uploads\/2023\/08\/1-calculer-la-TVA.png","contentUrl":"https:\/\/exceladvisor.org\/wp-content\/uploads\/2023\/08\/1-calculer-la-TVA.png"},{"@type":"BreadcrumbList","@id":"https:\/\/exceladvisor.org\/de\/mwst\/#breadcrumb","itemListElement":[{"@type":"ListItem","position":1,"name":"Accueil","item":"https:\/\/exceladvisor.org\/de\/"},{"@type":"ListItem","position":2,"name":"Wie berechnet man die mehrwertsteuer in excel?"}]},{"@type":"WebSite","@id":"https:\/\/exceladvisor.org\/de\/#website","url":"https:\/\/exceladvisor.org\/de\/","name":"Excel Advisor","description":"Ihr Leitfaden zur Datendominanz","publisher":{"@id":"https:\/\/exceladvisor.org\/de\/#organization"},"potentialAction":[{"@type":"SearchAction","target":{"@type":"EntryPoint","urlTemplate":"https:\/\/exceladvisor.org\/de\/?s={search_term_string}"},"query-input":{"@type":"PropertyValueSpecification","valueRequired":true,"valueName":"search_term_string"}}],"inLanguage":"de"},{"@type":"Organization","@id":"https:\/\/exceladvisor.org\/de\/#organization","name":"Excel Advisor","url":"https:\/\/exceladvisor.org\/de\/","logo":{"@type":"ImageObject","inLanguage":"de","@id":"https:\/\/exceladvisor.org\/de\/#\/schema\/logo\/image\/","url":"https:\/\/exceladvisor.org\/de\/wp-content\/uploads\/2023\/11\/exceladvisor.org_.png","contentUrl":"https:\/\/exceladvisor.org\/de\/wp-content\/uploads\/2023\/11\/exceladvisor.org_.png","width":105,"height":36,"caption":"Excel Advisor"},"image":{"@id":"https:\/\/exceladvisor.org\/de\/#\/schema\/logo\/image\/"}}]}},"yoast_meta":{"yoast_wpseo_title":"","yoast_wpseo_metadesc":"","yoast_wpseo_canonical":""},"_links":{"self":[{"href":"https:\/\/exceladvisor.org\/de\/wp-json\/wp\/v2\/pages\/3691","targetHints":{"allow":["GET"]}}],"collection":[{"href":"https:\/\/exceladvisor.org\/de\/wp-json\/wp\/v2\/pages"}],"about":[{"href":"https:\/\/exceladvisor.org\/de\/wp-json\/wp\/v2\/types\/page"}],"author":[{"embeddable":true,"href":"https:\/\/exceladvisor.org\/de\/wp-json\/wp\/v2\/users\/1"}],"replies":[{"embeddable":true,"href":"https:\/\/exceladvisor.org\/de\/wp-json\/wp\/v2\/comments?post=3691"}],"version-history":[{"count":1,"href":"https:\/\/exceladvisor.org\/de\/wp-json\/wp\/v2\/pages\/3691\/revisions"}],"predecessor-version":[{"id":3893,"href":"https:\/\/exceladvisor.org\/de\/wp-json\/wp\/v2\/pages\/3691\/revisions\/3893"}],"wp:attachment":[{"href":"https:\/\/exceladvisor.org\/de\/wp-json\/wp\/v2\/media?parent=3691"}],"curies":[{"name":"wp","href":"https:\/\/api.w.org\/{rel}","templated":true}]}}