{"id":3692,"date":"2023-09-25T06:25:20","date_gmt":"2023-09-25T06:25:20","guid":{"rendered":"https:\/\/exceladvisor.org\/de\/automatische-anpassung\/"},"modified":"2023-12-03T13:04:37","modified_gmt":"2023-12-03T13:04:37","slug":"automatische-anpassung","status":"publish","type":"page","link":"https:\/\/exceladvisor.org\/de\/automatische-anpassung\/","title":{"rendered":"Wie passt man text automatisch \u00fcber eine excel-formel an?"},"content":{"rendered":"<div class=\"excel-vor-dem-inhalt\" id=\"excel-694702964\"><script type=\"text\/javascript\">\r\n\tatOptions = {\r\n\t\t'key' : 'c1158f160081d6540a8409e6925dab94',\r\n\t\t'format' : 'iframe',\r\n\t\t'height' : 250,\r\n\t\t'width' : 300,\r\n\t\t'params' : {}\r\n\t};\r\n<\/script>\r\n<script type=\"text\/javascript\" src=\"\/\/www.highperformanceformat.com\/c1158f160081d6540a8409e6925dab94\/invoke.js\"><\/script><\/div> <p>In Excel wird die Funktion \u201eAutoFit\u201c verwendet, um die Zeilenh\u00f6he und Zellenbreite basierend auf der Gr\u00f6\u00dfe des Werts in den Zellen anzupassen.<\/p><p> Wie Sie wissen, verf\u00fcgt Excel standardm\u00e4\u00dfig \u00fcber Zeilenh\u00f6he und Zellenbreite. Wenn der Benutzer einen Wert eingibt, dessen L\u00e4nge gr\u00f6\u00dfer als die Zellenbreite ist, \u00fcberl\u00e4uft der Wert die Zellen und um die Gr\u00f6\u00dfe der Zellen zu \u00e4ndern, k\u00f6nnen wir abh\u00e4ngig von diesem Wert AutoFit verwenden.<\/p><p> Im Bild unten k\u00f6nnen Sie sehen, dass die L\u00e4nge der eingegebenen Werte gr\u00f6\u00dfer war als die Standardzellengr\u00f6\u00dfe, wodurch sich die Werte \u00fcber die Zellen verteilten. <\/p><div class=\"wp-block-image\"><figure class=\"aligncenter size-full is-resized\"><img loading=\"lazy\" decoding=\"async\" class=\"wp-image-67515\" src=\"https:\/\/exceladvisor.org\/wp-content\/uploads\/2023\/08\/1-valeurs-debordees.png\" sizes=\"auto, \" srcset=\"\" alt=\"\u00dcberfluss an Werten\" width=\"327\" height=\"225\"><\/figure><\/div><h2 class=\"wp-block-heading\"> Tastenkombination zur Verwendung von AutoFit in Excel <\/h2><div class=\"wp-block-image\"><figure class=\"aligncenter size-full is-resized\"><img loading=\"lazy\" decoding=\"async\" class=\"wp-image-67516\" src=\"https:\/\/exceladvisor.org\/wp-content\/uploads\/2023\/08\/2-raccourcis-clavier-pour-ajuster-automatiquement-la-largeur-des-cellules.png\" sizes=\"auto, \" srcset=\"\" alt=\"Tastenkombination zum automatischen Anpassen der Zellenbreite\" width=\"821\" height=\"322\"><\/figure><\/div><p> <strong>Zellenbreite (Spalte) automatisch anpassen:<\/strong> Alt \u2192 H \u2192 O \u2192 I <\/p><div class=\"wp-block-image\"><figure class=\"aligncenter size-full is-resized\"><img loading=\"lazy\" decoding=\"async\" class=\"wp-image-67517\" src=\"https:\/\/exceladvisor.org\/wp-content\/uploads\/2023\/08\/3-raccourci-pour-ajuster-automatiquement-la-hauteur-de-ligne.png\" sizes=\"auto, \" srcset=\"\" alt=\"Verkn\u00fcpfung zur automatischen Anpassung der Zeilenh\u00f6he\" width=\"804\" height=\"315\"><\/figure><\/div><p> <strong>Zeilenh\u00f6he (Zeilen) automatisch anpassen:<\/strong> Alt \u2192 H \u2192 O \u2192 A<\/p><h2 class=\"wp-block-heading\"> Schritte zur Verwendung der automatischen Anpassung der Zellenbreite mithilfe einer Tastenkombination<\/h2><ol><li> W\u00e4hlen Sie zun\u00e4chst die einzelne Zelle oder die gesamte Spalte mit den Tasten \u201eStrg + Leertaste\u201c aus. <br><img loading=\"lazy\" decoding=\"async\" title=\"4-Spalte ausw\u00e4hlen\" src=\"https:\/\/exceladvisor.org\/wp-content\/uploads\/2023\/08\/4-selectionner-la-colonne.png\" sizes=\"auto, \" srcset=\"\" alt=\"select-the-column\" width=\"334\" height=\"229\"><\/li><li> Dr\u00fccken Sie nun einfach \u201eAlt \u2192 H \u2192 O \u2192 I\u201c und die Breite Ihrer Zellen wird basierend auf dem gr\u00f6\u00dften Zellenwert in der Spalte vergr\u00f6\u00dfert. <br><img decoding=\"async\" title=\"5 Zellen nach automatischer Anpassung\" src=\"https:\/\/exceladvisor.org\/wp-content\/uploads\/2023\/08\/5-cellules-apres-ajustement-automatique.png\" sizes=\"\" srcset=\"\" alt=\"cells-after-autofit\"><\/li><\/ol><h2 class=\"wp-block-heading\"> Schritte zur Verwendung der automatischen Anpassung der Zeilenh\u00f6he mithilfe einer Tastenkombination<\/h2><p> Angenommen, Sie haben unstrukturierte Daten, bei denen in einer Spalte Werte im umschlie\u00dfenden Text vorhanden sind und einige nicht, da die Zeilenh\u00f6he der Daten nicht dieselbe ist. Um Zeilen und AutoFit-Spalten zu erstellen, f\u00fchren Sie die folgenden Schritte aus: <\/p><div class=\"wp-block-image\"><figure class=\"aligncenter size-full is-resized\"><img loading=\"lazy\" decoding=\"async\" class=\"wp-image-67520\" src=\"https:\/\/exceladvisor.org\/wp-content\/uploads\/2023\/08\/6-donnees-non-structurees-dans-les-cellules.png\" sizes=\"auto, \" srcset=\"\" alt=\"unstrukturierte-daten-in-zellen\" width=\"285\" height=\"306\"><\/figure><\/div><ol><li> W\u00e4hlen Sie zun\u00e4chst die Spalte aus und erweitern Sie die Spaltenbreite manuell so weit, dass alle Werte abgedeckt werden k\u00f6nnen. <br><img loading=\"lazy\" decoding=\"async\" title=\"7-Spaltenbreite erweitern\" src=\"https:\/\/exceladvisor.org\/wp-content\/uploads\/2023\/08\/7-augmenter-la-largeur-de-la-colonne.png\" sizes=\"auto, \" srcset=\"\" alt=\"expand-the-column-width\" width=\"382\" height=\"241\"><\/li><li> Danach dr\u00fccken Sie einfach \u201eAlt \u2192 H \u2192 O \u2192 A\u201c und Sie erhalten die angepasste Zeilenh\u00f6he. <br><img loading=\"lazy\" decoding=\"async\" title=\"8 Reihen h\u00f6henverstellbar durch automatische Anpassung\" src=\"https:\/\/exceladvisor.org\/wp-content\/uploads\/2023\/08\/8-rangees-hauteur-ajustee-par-autofit.png\" sizes=\"auto, \" srcset=\"\" alt=\"rows-height-adjusted-by-autofit\" width=\"431\" height=\"223\"><\/li><\/ol><p> Wenn Sie im obigen Fall die Zellenverkn\u00fcpfung \u201eAutoFit\u201c verwenden, um die Zellenbreite automatisch anzupassen, funktioniert dies nicht ordnungsgem\u00e4\u00df, da die automatische Anpassung bei umbrochenen Textzellen nicht funktioniert.<\/p><p> Es besteht die M\u00f6glichkeit, dass in einer umbrochenen Textzelle ein gr\u00f6\u00dferer Wert vorhanden ist. Es empfiehlt sich daher, die Spalte manuell zu erweitern und dann die Tastenkombination \u201eZeilenh\u00f6he automatisch anpassen\u201c zu verwenden.<\/p><div class=\"gb-container gb-container-2116538e gb-container-mt\"> <a class=\"gb-button gb-button-f7d2c131 gb-button-text gb-button-mt-button\" href=\"https:\/\/exceladvisor.org\/de\/tastaturkurzel\/\">Excel-Tastaturk\u00fcrzel<\/a><h2 class=\"gb-headline gb-headline-7ed68554 gb-headline-text gb-headline-mt-heading\"> Weitere Verkn\u00fcpfungen <\/h2><div class=\"gb-grid-wrapper gb-grid-wrapper-edeef538 gb-grid-wrapper-mt-grid\"><div class=\"gb-grid-column gb-grid-column-6ab6fbc6\"><div class=\"gb-container gb-container-6ab6fbc6\"><ul><li> <a href=\"https:\/\/exceladvisor.org\/de\/optionen-zum-offnen-von-zellenformaten\/\">Option zum \u00d6ffnen von Formatzellen<\/a><\/li><li> <a href=\"https:\/\/exceladvisor.org\/de\/malerformat-1\/\">Malerformat<\/a><\/li><li> Zeilenumbruch<\/li><li> <a href=\"https:\/\/exceladvisor.org\/de\/fuge-kommentare-hinzu\/\">F\u00fcge Kommentare hinzu<\/a> <\/li><\/ul><\/div><\/div><div class=\"gb-grid-column gb-grid-column-766d598b\"><div class=\"gb-container gb-container-766d598b\"><ul><li> <a href=\"https:\/\/exceladvisor.org\/de\/einen-einzug-hinzufugen\/\">F\u00fcgen Sie einen Einzug hinzu<\/a><\/li><li> <a href=\"https:\/\/exceladvisor.org\/de\/grenzen-anwenden\/\">Rand anwenden<\/a><\/li><li> <a href=\"https:\/\/exceladvisor.org\/de\/fullfarbe\/\">F\u00fcllfarbe<\/a><\/li><\/ul><\/div><\/div><\/div><\/div>","protected":false},"excerpt":{"rendered":"","protected":false},"author":1,"featured_media":0,"parent":0,"menu_order":0,"comment_status":"open","ping_status":"closed","template":"","meta":{"ub_ctt_via":"","footnotes":""},"class_list":["post-3692","page","type-page","status-publish","hentry"],"featured_image_src":null,"yoast_head":"<!-- This site is optimized with the Yoast SEO plugin v25.4 - https:\/\/yoast.com\/wordpress\/plugins\/seo\/ -->\n<title>Wie passt man Text automatisch \u00fcber eine Excel-Formel an?<\/title>\n<meta name=\"description\" content=\"In diesem Tutorial erfahren Sie, wie Sie mithilfe einer Tastenkombination Zeilen und Spalten in Excel automatisch anpassen.\" \/>\n<meta name=\"robots\" content=\"index, follow, max-snippet:-1, max-image-preview:large, max-video-preview:-1\" \/>\n<link rel=\"canonical\" href=\"https:\/\/exceladvisor.org\/de\/automatische-anpassung\/\" \/>\n<meta property=\"og:locale\" content=\"de_DE\" \/>\n<meta property=\"og:type\" content=\"article\" \/>\n<meta property=\"og:title\" content=\"Wie passt man Text automatisch \u00fcber eine Excel-Formel an?\" \/>\n<meta property=\"og:description\" content=\"In diesem Tutorial erfahren Sie, wie Sie mithilfe einer Tastenkombination Zeilen und Spalten in Excel automatisch anpassen.\" \/>\n<meta property=\"og:url\" content=\"https:\/\/exceladvisor.org\/de\/automatische-anpassung\/\" \/>\n<meta property=\"og:site_name\" content=\"Excel Advisor\" \/>\n<meta property=\"article:modified_time\" content=\"2023-12-03T13:04:37+00:00\" \/>\n<meta property=\"og:image\" content=\"https:\/\/exceladvisor.org\/wp-content\/uploads\/2023\/08\/1-valeurs-debordees.png\" \/>\n<meta name=\"twitter:card\" content=\"summary_large_image\" \/>\n<meta name=\"twitter:label1\" content=\"Gesch\u00e4tzte Lesezeit\" \/>\n\t<meta name=\"twitter:data1\" content=\"2\u00a0Minuten\" \/>\n<script type=\"application\/ld+json\" class=\"yoast-schema-graph\">{\"@context\":\"https:\/\/schema.org\",\"@graph\":[{\"@type\":\"WebPage\",\"@id\":\"https:\/\/exceladvisor.org\/de\/automatische-anpassung\/\",\"url\":\"https:\/\/exceladvisor.org\/de\/automatische-anpassung\/\",\"name\":\"Wie passt man Text automatisch \u00fcber eine Excel-Formel an?\",\"isPartOf\":{\"@id\":\"https:\/\/exceladvisor.org\/de\/#website\"},\"primaryImageOfPage\":{\"@id\":\"https:\/\/exceladvisor.org\/de\/automatische-anpassung\/#primaryimage\"},\"image\":{\"@id\":\"https:\/\/exceladvisor.org\/de\/automatische-anpassung\/#primaryimage\"},\"thumbnailUrl\":\"https:\/\/exceladvisor.org\/wp-content\/uploads\/2023\/08\/1-valeurs-debordees.png\",\"datePublished\":\"2023-09-25T06:25:20+00:00\",\"dateModified\":\"2023-12-03T13:04:37+00:00\",\"description\":\"In diesem Tutorial erfahren Sie, wie Sie mithilfe einer Tastenkombination Zeilen und Spalten in Excel automatisch anpassen.\",\"breadcrumb\":{\"@id\":\"https:\/\/exceladvisor.org\/de\/automatische-anpassung\/#breadcrumb\"},\"inLanguage\":\"de\",\"potentialAction\":[{\"@type\":\"ReadAction\",\"target\":[\"https:\/\/exceladvisor.org\/de\/automatische-anpassung\/\"]}]},{\"@type\":\"ImageObject\",\"inLanguage\":\"de\",\"@id\":\"https:\/\/exceladvisor.org\/de\/automatische-anpassung\/#primaryimage\",\"url\":\"https:\/\/exceladvisor.org\/wp-content\/uploads\/2023\/08\/1-valeurs-debordees.png\",\"contentUrl\":\"https:\/\/exceladvisor.org\/wp-content\/uploads\/2023\/08\/1-valeurs-debordees.png\"},{\"@type\":\"BreadcrumbList\",\"@id\":\"https:\/\/exceladvisor.org\/de\/automatische-anpassung\/#breadcrumb\",\"itemListElement\":[{\"@type\":\"ListItem\",\"position\":1,\"name\":\"Accueil\",\"item\":\"https:\/\/exceladvisor.org\/de\/\"},{\"@type\":\"ListItem\",\"position\":2,\"name\":\"Wie passt man text automatisch \u00fcber eine excel-formel an?\"}]},{\"@type\":\"WebSite\",\"@id\":\"https:\/\/exceladvisor.org\/de\/#website\",\"url\":\"https:\/\/exceladvisor.org\/de\/\",\"name\":\"Excel Advisor\",\"description\":\"Ihr Leitfaden zur Datendominanz\",\"publisher\":{\"@id\":\"https:\/\/exceladvisor.org\/de\/#organization\"},\"potentialAction\":[{\"@type\":\"SearchAction\",\"target\":{\"@type\":\"EntryPoint\",\"urlTemplate\":\"https:\/\/exceladvisor.org\/de\/?s={search_term_string}\"},\"query-input\":{\"@type\":\"PropertyValueSpecification\",\"valueRequired\":true,\"valueName\":\"search_term_string\"}}],\"inLanguage\":\"de\"},{\"@type\":\"Organization\",\"@id\":\"https:\/\/exceladvisor.org\/de\/#organization\",\"name\":\"Excel Advisor\",\"url\":\"https:\/\/exceladvisor.org\/de\/\",\"logo\":{\"@type\":\"ImageObject\",\"inLanguage\":\"de\",\"@id\":\"https:\/\/exceladvisor.org\/de\/#\/schema\/logo\/image\/\",\"url\":\"https:\/\/exceladvisor.org\/de\/wp-content\/uploads\/2023\/11\/exceladvisor.org_.png\",\"contentUrl\":\"https:\/\/exceladvisor.org\/de\/wp-content\/uploads\/2023\/11\/exceladvisor.org_.png\",\"width\":105,\"height\":36,\"caption\":\"Excel Advisor\"},\"image\":{\"@id\":\"https:\/\/exceladvisor.org\/de\/#\/schema\/logo\/image\/\"}}]}<\/script>\n<!-- \/ Yoast SEO plugin. -->","yoast_head_json":{"title":"Wie passt man Text automatisch \u00fcber eine Excel-Formel an?","description":"In diesem Tutorial erfahren Sie, wie Sie mithilfe einer Tastenkombination Zeilen und Spalten in Excel automatisch anpassen.","robots":{"index":"index","follow":"follow","max-snippet":"max-snippet:-1","max-image-preview":"max-image-preview:large","max-video-preview":"max-video-preview:-1"},"canonical":"https:\/\/exceladvisor.org\/de\/automatische-anpassung\/","og_locale":"de_DE","og_type":"article","og_title":"Wie passt man Text automatisch \u00fcber eine Excel-Formel an?","og_description":"In diesem Tutorial erfahren Sie, wie Sie mithilfe einer Tastenkombination Zeilen und Spalten in Excel automatisch anpassen.","og_url":"https:\/\/exceladvisor.org\/de\/automatische-anpassung\/","og_site_name":"Excel Advisor","article_modified_time":"2023-12-03T13:04:37+00:00","og_image":[{"url":"https:\/\/exceladvisor.org\/wp-content\/uploads\/2023\/08\/1-valeurs-debordees.png","type":"","width":"","height":""}],"twitter_card":"summary_large_image","twitter_misc":{"Gesch\u00e4tzte Lesezeit":"2\u00a0Minuten"},"schema":{"@context":"https:\/\/schema.org","@graph":[{"@type":"WebPage","@id":"https:\/\/exceladvisor.org\/de\/automatische-anpassung\/","url":"https:\/\/exceladvisor.org\/de\/automatische-anpassung\/","name":"Wie passt man Text automatisch \u00fcber eine Excel-Formel an?","isPartOf":{"@id":"https:\/\/exceladvisor.org\/de\/#website"},"primaryImageOfPage":{"@id":"https:\/\/exceladvisor.org\/de\/automatische-anpassung\/#primaryimage"},"image":{"@id":"https:\/\/exceladvisor.org\/de\/automatische-anpassung\/#primaryimage"},"thumbnailUrl":"https:\/\/exceladvisor.org\/wp-content\/uploads\/2023\/08\/1-valeurs-debordees.png","datePublished":"2023-09-25T06:25:20+00:00","dateModified":"2023-12-03T13:04:37+00:00","description":"In diesem Tutorial erfahren Sie, wie Sie mithilfe einer Tastenkombination Zeilen und Spalten in Excel automatisch anpassen.","breadcrumb":{"@id":"https:\/\/exceladvisor.org\/de\/automatische-anpassung\/#breadcrumb"},"inLanguage":"de","potentialAction":[{"@type":"ReadAction","target":["https:\/\/exceladvisor.org\/de\/automatische-anpassung\/"]}]},{"@type":"ImageObject","inLanguage":"de","@id":"https:\/\/exceladvisor.org\/de\/automatische-anpassung\/#primaryimage","url":"https:\/\/exceladvisor.org\/wp-content\/uploads\/2023\/08\/1-valeurs-debordees.png","contentUrl":"https:\/\/exceladvisor.org\/wp-content\/uploads\/2023\/08\/1-valeurs-debordees.png"},{"@type":"BreadcrumbList","@id":"https:\/\/exceladvisor.org\/de\/automatische-anpassung\/#breadcrumb","itemListElement":[{"@type":"ListItem","position":1,"name":"Accueil","item":"https:\/\/exceladvisor.org\/de\/"},{"@type":"ListItem","position":2,"name":"Wie passt man text automatisch \u00fcber eine excel-formel an?"}]},{"@type":"WebSite","@id":"https:\/\/exceladvisor.org\/de\/#website","url":"https:\/\/exceladvisor.org\/de\/","name":"Excel Advisor","description":"Ihr Leitfaden zur Datendominanz","publisher":{"@id":"https:\/\/exceladvisor.org\/de\/#organization"},"potentialAction":[{"@type":"SearchAction","target":{"@type":"EntryPoint","urlTemplate":"https:\/\/exceladvisor.org\/de\/?s={search_term_string}"},"query-input":{"@type":"PropertyValueSpecification","valueRequired":true,"valueName":"search_term_string"}}],"inLanguage":"de"},{"@type":"Organization","@id":"https:\/\/exceladvisor.org\/de\/#organization","name":"Excel Advisor","url":"https:\/\/exceladvisor.org\/de\/","logo":{"@type":"ImageObject","inLanguage":"de","@id":"https:\/\/exceladvisor.org\/de\/#\/schema\/logo\/image\/","url":"https:\/\/exceladvisor.org\/de\/wp-content\/uploads\/2023\/11\/exceladvisor.org_.png","contentUrl":"https:\/\/exceladvisor.org\/de\/wp-content\/uploads\/2023\/11\/exceladvisor.org_.png","width":105,"height":36,"caption":"Excel Advisor"},"image":{"@id":"https:\/\/exceladvisor.org\/de\/#\/schema\/logo\/image\/"}}]}},"yoast_meta":{"yoast_wpseo_title":"","yoast_wpseo_metadesc":"","yoast_wpseo_canonical":""},"_links":{"self":[{"href":"https:\/\/exceladvisor.org\/de\/wp-json\/wp\/v2\/pages\/3692","targetHints":{"allow":["GET"]}}],"collection":[{"href":"https:\/\/exceladvisor.org\/de\/wp-json\/wp\/v2\/pages"}],"about":[{"href":"https:\/\/exceladvisor.org\/de\/wp-json\/wp\/v2\/types\/page"}],"author":[{"embeddable":true,"href":"https:\/\/exceladvisor.org\/de\/wp-json\/wp\/v2\/users\/1"}],"replies":[{"embeddable":true,"href":"https:\/\/exceladvisor.org\/de\/wp-json\/wp\/v2\/comments?post=3692"}],"version-history":[{"count":1,"href":"https:\/\/exceladvisor.org\/de\/wp-json\/wp\/v2\/pages\/3692\/revisions"}],"predecessor-version":[{"id":4167,"href":"https:\/\/exceladvisor.org\/de\/wp-json\/wp\/v2\/pages\/3692\/revisions\/4167"}],"wp:attachment":[{"href":"https:\/\/exceladvisor.org\/de\/wp-json\/wp\/v2\/media?parent=3692"}],"curies":[{"name":"wp","href":"https:\/\/api.w.org\/{rel}","templated":true}]}}