{"id":3693,"date":"2023-09-25T05:50:34","date_gmt":"2023-09-25T05:50:34","guid":{"rendered":"https:\/\/exceladvisor.org\/de\/ein-neues-blatt-hinzufugen\/"},"modified":"2023-12-03T11:21:20","modified_gmt":"2023-12-03T11:21:20","slug":"ein-neues-blatt-hinzufugen","status":"publish","type":"page","link":"https:\/\/exceladvisor.org\/de\/ein-neues-blatt-hinzufugen\/","title":{"rendered":"Wie f\u00fcge ich \u00fcber eine excel-verkn\u00fcpfung ein neues blatt hinzu?"},"content":{"rendered":"<div class=\"excel-vor-dem-inhalt\" id=\"excel-2975913581\"><script type=\"text\/javascript\">\r\n\tatOptions = {\r\n\t\t'key' : 'c1158f160081d6540a8409e6925dab94',\r\n\t\t'format' : 'iframe',\r\n\t\t'height' : 250,\r\n\t\t'width' : 300,\r\n\t\t'params' : {}\r\n\t};\r\n<\/script>\r\n<script type=\"text\/javascript\" src=\"\/\/www.highperformanceformat.com\/c1158f160081d6540a8409e6925dab94\/invoke.js\"><\/script><\/div> <p>Wenn wir in Excel die neue Arbeitsmappe \u00f6ffnen, finden wir in alten Excel-Versionen (2013 und 2016) immer drei Arbeitsbl\u00e4tter und in Excel 2019 und anderen aktuellen Versionen nur ein Blatt.<\/p><p> Oft m\u00fcssen wir der aktuellen Arbeitsmappe ein neues Arbeitsblatt hinzuf\u00fcgen, um alle zus\u00e4tzlichen Datenwerte, Kontrolltabellen usw. zu erfassen.<\/p><p> Dazu k\u00f6nnen wir die Tastenkombination verwenden, um ein neues Blatt hinzuzuf\u00fcgen. Ein neues Blatt wird immer links vom aktuellen\/ausgew\u00e4hlten Blatt hinzugef\u00fcgt.<\/p><h2 class=\"wp-block-heading\"> Tastenkombination zum Hinzuf\u00fcgen eines neuen Blatts in Excel<\/h2><p> Wir haben unten zwei Tastaturk\u00fcrzel definiert, damit Sie die f\u00fcr Sie passende ausw\u00e4hlen k\u00f6nnen.<\/p><p> <kbd>Umschalt<\/kbd> + <kbd>F11<\/kbd> <\/p><div class=\"wp-block-image\"><figure class=\"aligncenter size-full is-resized\"><img loading=\"lazy\" decoding=\"async\" class=\"wp-image-67500\" src=\"https:\/\/exceladvisor.org\/wp-content\/uploads\/2023\/08\/1-raccourci-pour-ajouter-une-nouvelle-feuille.png\" sizes=\"auto, \" srcset=\"\" alt=\"Verkn\u00fcpfung zum Hinzuf\u00fcgen eines neuen Blatts\" width=\"900\" height=\"353\"><\/figure><\/div><p> <kbd>Alt<\/kbd> + <kbd>Umschalt<\/kbd> + <kbd>F1<\/kbd> <\/p><div class=\"wp-block-image\"><figure class=\"aligncenter size-full is-resized\"><img loading=\"lazy\" decoding=\"async\" class=\"wp-image-67501\" src=\"https:\/\/exceladvisor.org\/wp-content\/uploads\/2023\/08\/2-touches-de-raccourci-pour-ajouter-une-nouvelle-feuille.png\" sizes=\"auto, \" srcset=\"\" alt=\"Hotkeys zum Hinzuf\u00fcgen eines neuen Blatts\" width=\"898\" height=\"352\"><\/figure><\/div><h2 class=\"wp-block-heading\"> Schritte zum Hinzuf\u00fcgen von Zeilen mithilfe einer Tastenkombination<\/h2><ol><li> \u00d6ffnen Sie zun\u00e4chst die Arbeitsmappe.<\/li><li> Gehen Sie nun auf das linke Blatt, zu dem Sie <a href=\"https:\/\/exceladvisor.org\/de\/hinzufugen\/\">ein neues Blatt hinzuf\u00fcgen<\/a> m\u00f6chten.<\/li><li> Danach dr\u00fccken Sie einfach die Tastenkombination <kbd>Umschalt<\/kbd> + <kbd>F11<\/kbd> .<\/li><li> Oder Sie k\u00f6nnen auch <kbd>Alt<\/kbd> + <kbd>Umschalt<\/kbd> + <kbd>F1<\/kbd> verwenden und das neue Blatt wird hinzugef\u00fcgt. <\/li><\/ol><div class=\"wp-block-group more-tutorials is-layout-flow\"><div class=\"wp-block-group__inner-container\"><h2 class=\"wp-block-heading\"> Weitere Tutorials <\/h2><div class=\"wp-block-columns is-layout-flex wp-container-71\"><div class=\"wp-block-column is-layout-flow\"><ul><li> <a href=\"https:\/\/exceladvisor.org\/de\/ein-blatt-loschen\/\">Blatt l\u00f6schen<\/a><\/li><li> <a href=\"https:\/\/exceladvisor.org\/de\/finde-ersetzen-1\/\">Suchen und Ersetzen<\/a><\/li><li> <a href=\"https:\/\/exceladvisor.org\/de\/hineinzoomen-herauszoomen\/\">Hineinzoomen herauszoomen<\/a><\/li><li> <a href=\"https:\/\/exceladvisor.org\/de\/den-verschluss-einfrieren\/\">Die Pfanne einfrieren<\/a><\/li><li> <a href=\"https:\/\/exceladvisor.org\/de\/hyperlink-2\/\">Hyperlink<\/a><\/li><\/ul><\/div><div class=\"wp-block-column is-layout-flow\"><\/div><\/div><p> \u21e0 Zur\u00fcck zu <a href=\"https:\/\/exceladvisor.org\/de\/tastaturkurzel\/\">Excel-Verkn\u00fcpfungen (PDF-Spickzettel)<\/a><\/p><\/div><\/div>","protected":false},"excerpt":{"rendered":"","protected":false},"author":1,"featured_media":0,"parent":0,"menu_order":0,"comment_status":"open","ping_status":"closed","template":"","meta":{"ub_ctt_via":"","footnotes":""},"class_list":["post-3693","page","type-page","status-publish","hentry"],"featured_image_src":null,"yoast_head":"<!-- This site is optimized with the Yoast SEO plugin v25.4 - https:\/\/yoast.com\/wordpress\/plugins\/seo\/ -->\n<title>Wie f\u00fcge ich \u00fcber eine Excel-Verkn\u00fcpfung ein neues Blatt hinzu?<\/title>\n<meta name=\"description\" content=\"In diesem Tutorial erfahren Sie, wie Sie mit einer Tastenkombination ein neues Blatt in Excel hinzuf\u00fcgen. Lassen Sie uns das \u00fcberpr\u00fcfen ...\" \/>\n<meta name=\"robots\" content=\"index, follow, max-snippet:-1, max-image-preview:large, max-video-preview:-1\" \/>\n<link rel=\"canonical\" href=\"https:\/\/exceladvisor.org\/de\/ein-neues-blatt-hinzufugen\/\" \/>\n<meta property=\"og:locale\" content=\"de_DE\" \/>\n<meta property=\"og:type\" content=\"article\" \/>\n<meta property=\"og:title\" content=\"Wie f\u00fcge ich \u00fcber eine Excel-Verkn\u00fcpfung ein neues Blatt hinzu?\" \/>\n<meta property=\"og:description\" content=\"In diesem Tutorial erfahren Sie, wie Sie mit einer Tastenkombination ein neues Blatt in Excel hinzuf\u00fcgen. Lassen Sie uns das \u00fcberpr\u00fcfen ...\" \/>\n<meta property=\"og:url\" content=\"https:\/\/exceladvisor.org\/de\/ein-neues-blatt-hinzufugen\/\" \/>\n<meta property=\"og:site_name\" content=\"Excel Advisor\" \/>\n<meta property=\"article:modified_time\" content=\"2023-12-03T11:21:20+00:00\" \/>\n<meta property=\"og:image\" content=\"https:\/\/exceladvisor.org\/wp-content\/uploads\/2023\/08\/1-raccourci-pour-ajouter-une-nouvelle-feuille.png\" \/>\n<meta name=\"twitter:card\" content=\"summary_large_image\" \/>\n<meta name=\"twitter:label1\" content=\"Gesch\u00e4tzte Lesezeit\" \/>\n\t<meta name=\"twitter:data1\" content=\"1\u00a0Minute\" \/>\n<script type=\"application\/ld+json\" class=\"yoast-schema-graph\">{\"@context\":\"https:\/\/schema.org\",\"@graph\":[{\"@type\":\"WebPage\",\"@id\":\"https:\/\/exceladvisor.org\/de\/ein-neues-blatt-hinzufugen\/\",\"url\":\"https:\/\/exceladvisor.org\/de\/ein-neues-blatt-hinzufugen\/\",\"name\":\"Wie f\u00fcge ich \u00fcber eine Excel-Verkn\u00fcpfung ein neues Blatt hinzu?\",\"isPartOf\":{\"@id\":\"https:\/\/exceladvisor.org\/de\/#website\"},\"primaryImageOfPage\":{\"@id\":\"https:\/\/exceladvisor.org\/de\/ein-neues-blatt-hinzufugen\/#primaryimage\"},\"image\":{\"@id\":\"https:\/\/exceladvisor.org\/de\/ein-neues-blatt-hinzufugen\/#primaryimage\"},\"thumbnailUrl\":\"https:\/\/exceladvisor.org\/wp-content\/uploads\/2023\/08\/1-raccourci-pour-ajouter-une-nouvelle-feuille.png\",\"datePublished\":\"2023-09-25T05:50:34+00:00\",\"dateModified\":\"2023-12-03T11:21:20+00:00\",\"description\":\"In diesem Tutorial erfahren Sie, wie Sie mit einer Tastenkombination ein neues Blatt in Excel hinzuf\u00fcgen. Lassen Sie uns das \u00fcberpr\u00fcfen ...\",\"breadcrumb\":{\"@id\":\"https:\/\/exceladvisor.org\/de\/ein-neues-blatt-hinzufugen\/#breadcrumb\"},\"inLanguage\":\"de\",\"potentialAction\":[{\"@type\":\"ReadAction\",\"target\":[\"https:\/\/exceladvisor.org\/de\/ein-neues-blatt-hinzufugen\/\"]}]},{\"@type\":\"ImageObject\",\"inLanguage\":\"de\",\"@id\":\"https:\/\/exceladvisor.org\/de\/ein-neues-blatt-hinzufugen\/#primaryimage\",\"url\":\"https:\/\/exceladvisor.org\/wp-content\/uploads\/2023\/08\/1-raccourci-pour-ajouter-une-nouvelle-feuille.png\",\"contentUrl\":\"https:\/\/exceladvisor.org\/wp-content\/uploads\/2023\/08\/1-raccourci-pour-ajouter-une-nouvelle-feuille.png\"},{\"@type\":\"BreadcrumbList\",\"@id\":\"https:\/\/exceladvisor.org\/de\/ein-neues-blatt-hinzufugen\/#breadcrumb\",\"itemListElement\":[{\"@type\":\"ListItem\",\"position\":1,\"name\":\"Accueil\",\"item\":\"https:\/\/exceladvisor.org\/de\/\"},{\"@type\":\"ListItem\",\"position\":2,\"name\":\"Wie f\u00fcge ich \u00fcber eine excel-verkn\u00fcpfung ein neues blatt hinzu?\"}]},{\"@type\":\"WebSite\",\"@id\":\"https:\/\/exceladvisor.org\/de\/#website\",\"url\":\"https:\/\/exceladvisor.org\/de\/\",\"name\":\"Excel Advisor\",\"description\":\"Ihr Leitfaden zur Datendominanz\",\"publisher\":{\"@id\":\"https:\/\/exceladvisor.org\/de\/#organization\"},\"potentialAction\":[{\"@type\":\"SearchAction\",\"target\":{\"@type\":\"EntryPoint\",\"urlTemplate\":\"https:\/\/exceladvisor.org\/de\/?s={search_term_string}\"},\"query-input\":{\"@type\":\"PropertyValueSpecification\",\"valueRequired\":true,\"valueName\":\"search_term_string\"}}],\"inLanguage\":\"de\"},{\"@type\":\"Organization\",\"@id\":\"https:\/\/exceladvisor.org\/de\/#organization\",\"name\":\"Excel Advisor\",\"url\":\"https:\/\/exceladvisor.org\/de\/\",\"logo\":{\"@type\":\"ImageObject\",\"inLanguage\":\"de\",\"@id\":\"https:\/\/exceladvisor.org\/de\/#\/schema\/logo\/image\/\",\"url\":\"https:\/\/exceladvisor.org\/de\/wp-content\/uploads\/2023\/11\/exceladvisor.org_.png\",\"contentUrl\":\"https:\/\/exceladvisor.org\/de\/wp-content\/uploads\/2023\/11\/exceladvisor.org_.png\",\"width\":105,\"height\":36,\"caption\":\"Excel Advisor\"},\"image\":{\"@id\":\"https:\/\/exceladvisor.org\/de\/#\/schema\/logo\/image\/\"}}]}<\/script>\n<!-- \/ Yoast SEO plugin. -->","yoast_head_json":{"title":"Wie f\u00fcge ich \u00fcber eine Excel-Verkn\u00fcpfung ein neues Blatt hinzu?","description":"In diesem Tutorial erfahren Sie, wie Sie mit einer Tastenkombination ein neues Blatt in Excel hinzuf\u00fcgen. Lassen Sie uns das \u00fcberpr\u00fcfen ...","robots":{"index":"index","follow":"follow","max-snippet":"max-snippet:-1","max-image-preview":"max-image-preview:large","max-video-preview":"max-video-preview:-1"},"canonical":"https:\/\/exceladvisor.org\/de\/ein-neues-blatt-hinzufugen\/","og_locale":"de_DE","og_type":"article","og_title":"Wie f\u00fcge ich \u00fcber eine Excel-Verkn\u00fcpfung ein neues Blatt hinzu?","og_description":"In diesem Tutorial erfahren Sie, wie Sie mit einer Tastenkombination ein neues Blatt in Excel hinzuf\u00fcgen. Lassen Sie uns das \u00fcberpr\u00fcfen ...","og_url":"https:\/\/exceladvisor.org\/de\/ein-neues-blatt-hinzufugen\/","og_site_name":"Excel Advisor","article_modified_time":"2023-12-03T11:21:20+00:00","og_image":[{"url":"https:\/\/exceladvisor.org\/wp-content\/uploads\/2023\/08\/1-raccourci-pour-ajouter-une-nouvelle-feuille.png","type":"","width":"","height":""}],"twitter_card":"summary_large_image","twitter_misc":{"Gesch\u00e4tzte Lesezeit":"1\u00a0Minute"},"schema":{"@context":"https:\/\/schema.org","@graph":[{"@type":"WebPage","@id":"https:\/\/exceladvisor.org\/de\/ein-neues-blatt-hinzufugen\/","url":"https:\/\/exceladvisor.org\/de\/ein-neues-blatt-hinzufugen\/","name":"Wie f\u00fcge ich \u00fcber eine Excel-Verkn\u00fcpfung ein neues Blatt hinzu?","isPartOf":{"@id":"https:\/\/exceladvisor.org\/de\/#website"},"primaryImageOfPage":{"@id":"https:\/\/exceladvisor.org\/de\/ein-neues-blatt-hinzufugen\/#primaryimage"},"image":{"@id":"https:\/\/exceladvisor.org\/de\/ein-neues-blatt-hinzufugen\/#primaryimage"},"thumbnailUrl":"https:\/\/exceladvisor.org\/wp-content\/uploads\/2023\/08\/1-raccourci-pour-ajouter-une-nouvelle-feuille.png","datePublished":"2023-09-25T05:50:34+00:00","dateModified":"2023-12-03T11:21:20+00:00","description":"In diesem Tutorial erfahren Sie, wie Sie mit einer Tastenkombination ein neues Blatt in Excel hinzuf\u00fcgen. Lassen Sie uns das \u00fcberpr\u00fcfen ...","breadcrumb":{"@id":"https:\/\/exceladvisor.org\/de\/ein-neues-blatt-hinzufugen\/#breadcrumb"},"inLanguage":"de","potentialAction":[{"@type":"ReadAction","target":["https:\/\/exceladvisor.org\/de\/ein-neues-blatt-hinzufugen\/"]}]},{"@type":"ImageObject","inLanguage":"de","@id":"https:\/\/exceladvisor.org\/de\/ein-neues-blatt-hinzufugen\/#primaryimage","url":"https:\/\/exceladvisor.org\/wp-content\/uploads\/2023\/08\/1-raccourci-pour-ajouter-une-nouvelle-feuille.png","contentUrl":"https:\/\/exceladvisor.org\/wp-content\/uploads\/2023\/08\/1-raccourci-pour-ajouter-une-nouvelle-feuille.png"},{"@type":"BreadcrumbList","@id":"https:\/\/exceladvisor.org\/de\/ein-neues-blatt-hinzufugen\/#breadcrumb","itemListElement":[{"@type":"ListItem","position":1,"name":"Accueil","item":"https:\/\/exceladvisor.org\/de\/"},{"@type":"ListItem","position":2,"name":"Wie f\u00fcge ich \u00fcber eine excel-verkn\u00fcpfung ein neues blatt hinzu?"}]},{"@type":"WebSite","@id":"https:\/\/exceladvisor.org\/de\/#website","url":"https:\/\/exceladvisor.org\/de\/","name":"Excel Advisor","description":"Ihr Leitfaden zur Datendominanz","publisher":{"@id":"https:\/\/exceladvisor.org\/de\/#organization"},"potentialAction":[{"@type":"SearchAction","target":{"@type":"EntryPoint","urlTemplate":"https:\/\/exceladvisor.org\/de\/?s={search_term_string}"},"query-input":{"@type":"PropertyValueSpecification","valueRequired":true,"valueName":"search_term_string"}}],"inLanguage":"de"},{"@type":"Organization","@id":"https:\/\/exceladvisor.org\/de\/#organization","name":"Excel Advisor","url":"https:\/\/exceladvisor.org\/de\/","logo":{"@type":"ImageObject","inLanguage":"de","@id":"https:\/\/exceladvisor.org\/de\/#\/schema\/logo\/image\/","url":"https:\/\/exceladvisor.org\/de\/wp-content\/uploads\/2023\/11\/exceladvisor.org_.png","contentUrl":"https:\/\/exceladvisor.org\/de\/wp-content\/uploads\/2023\/11\/exceladvisor.org_.png","width":105,"height":36,"caption":"Excel Advisor"},"image":{"@id":"https:\/\/exceladvisor.org\/de\/#\/schema\/logo\/image\/"}}]}},"yoast_meta":{"yoast_wpseo_title":"","yoast_wpseo_metadesc":"","yoast_wpseo_canonical":""},"_links":{"self":[{"href":"https:\/\/exceladvisor.org\/de\/wp-json\/wp\/v2\/pages\/3693","targetHints":{"allow":["GET"]}}],"collection":[{"href":"https:\/\/exceladvisor.org\/de\/wp-json\/wp\/v2\/pages"}],"about":[{"href":"https:\/\/exceladvisor.org\/de\/wp-json\/wp\/v2\/types\/page"}],"author":[{"embeddable":true,"href":"https:\/\/exceladvisor.org\/de\/wp-json\/wp\/v2\/users\/1"}],"replies":[{"embeddable":true,"href":"https:\/\/exceladvisor.org\/de\/wp-json\/wp\/v2\/comments?post=3693"}],"version-history":[{"count":1,"href":"https:\/\/exceladvisor.org\/de\/wp-json\/wp\/v2\/pages\/3693\/revisions"}],"predecessor-version":[{"id":4058,"href":"https:\/\/exceladvisor.org\/de\/wp-json\/wp\/v2\/pages\/3693\/revisions\/4058"}],"wp:attachment":[{"href":"https:\/\/exceladvisor.org\/de\/wp-json\/wp\/v2\/media?parent=3693"}],"curies":[{"name":"wp","href":"https:\/\/api.w.org\/{rel}","templated":true}]}}