{"id":3694,"date":"2023-09-25T03:07:26","date_gmt":"2023-09-25T03:07:26","guid":{"rendered":"https:\/\/exceladvisor.org\/de\/tab-wechseln\/"},"modified":"2023-12-03T13:05:33","modified_gmt":"2023-12-03T13:05:33","slug":"tab-wechseln","status":"publish","type":"page","link":"https:\/\/exceladvisor.org\/de\/tab-wechseln\/","title":{"rendered":"Wie wechsle ich die registerkarten per excel-verkn\u00fcpfung?"},"content":{"rendered":"<div class=\"excel-vor-dem-inhalt\" id=\"excel-1218043776\"><script type=\"text\/javascript\">\r\n\tatOptions = {\r\n\t\t'key' : 'c1158f160081d6540a8409e6925dab94',\r\n\t\t'format' : 'iframe',\r\n\t\t'height' : 250,\r\n\t\t'width' : 300,\r\n\t\t'params' : {}\r\n\t};\r\n<\/script>\r\n<script type=\"text\/javascript\" src=\"\/\/www.highperformanceformat.com\/c1158f160081d6540a8409e6925dab94\/invoke.js\"><\/script><\/div> <p>In Excel kann der Benutzer mehrere Registerkarten in einer Arbeitsmappe verwenden, um mehrere Daten einzugeben, und er kann auch die Arbeitsmappe erhalten, die Daten in mehreren Registerkarten enth\u00e4lt. Um zwischen Registerkarten zu wechseln, kann der Benutzer entweder manuell mit der Maus wechseln, indem er auf den Namen der einzelnen Registerkarten klickt, oder Sie k\u00f6nnen die Registerkarten mithilfe der Tastenkombination wechseln.<\/p><p> In diesem Tutorial haben wir die Verkn\u00fcpfung zum Wechseln zwischen mehreren Registerkarten (Arbeitsbl\u00e4ttern) in einer Arbeitsmappe erkl\u00e4rt.<\/p><h2 class=\"wp-block-heading\"> Tastenkombination zum Wechseln der Registerkarten in Excel<\/h2><p> <kbd>Strg<\/kbd> + <kbd>PgDn<\/kbd> (Bild nach unten) \u2013 Zum Wechseln zu den rechten Registerkarten <\/p><div class=\"wp-block-image\"><figure class=\"aligncenter size-full\"><img loading=\"lazy\" decoding=\"async\" class=\"wp-image-69484\" src=\"https:\/\/exceladvisor.org\/wp-content\/uploads\/2023\/08\/1-raccourci-clavier-pour-basculer-les-onglets-vers-la-droite.png\" sizes=\"auto, \" srcset=\"\" alt=\"Tastenkombination zum Wechseln der Tabs nach rechts\" width=\"1918\" height=\"393\"><\/figure><\/div><p> <kbd>Strg<\/kbd> + <kbd>PgUp<\/kbd> (Bild nach oben) \u2013 Um zur\u00fcck oder zu den linken Registerkarten zu gehen <\/p><div class=\"wp-block-image\"><figure class=\"aligncenter size-full\"><img loading=\"lazy\" decoding=\"async\" class=\"wp-image-69485\" src=\"https:\/\/exceladvisor.org\/wp-content\/uploads\/2023\/08\/2-raccourci-clavier-pour-basculer-les-onglets-vers-la-gauche-png.png\" sizes=\"auto, \" srcset=\"\" alt=\"Tastenkombination zum Wechseln der Tabs nach links\" width=\"1918\" height=\"393\"><\/figure><\/div><h2 class=\"wp-block-heading\"> Schritte zum Wechseln von Tabs mithilfe einer Tastenkombination<\/h2><ol><li> Halten Sie die \u201eStrg\u201c-Taste gedr\u00fcckt und dr\u00fccken Sie dann die \u201eBild-Ab\u201c-Taste, um zur n\u00e4chsten Registerkarte rechts neben der aktuellen Registerkarte zu wechseln.<\/li><li> Oder halten Sie die \u201eStrg\u201c-Taste gedr\u00fcckt und dr\u00fccken Sie dann die \u201eBild-auf\u201c-Taste, um zu den linken Registerkarten der aktuellen Registerkarte zur\u00fcckzukehren.<\/li><\/ol><h2 class=\"wp-block-heading\"> Imbissbuden<\/h2><ol><li> Der Benutzer muss mehrmals die Tasten \u201eBild ab\u201c oder \u201eBild auf\u201c dr\u00fccken, um zu mehreren Registerkarten zu wechseln, bis er zur gew\u00fcnschten Registerkarte wechselt.<\/li><li> Wenn die Arbeitsmappe beispielsweise 15\u201320 oder mehr Registerkarten enth\u00e4lt, ist es keine gute Option, mit der Tastenkombination zu wechseln, da die Tastenkombination nicht direkt zu den Registerkarten wechselt, sondern Tab f\u00fcr Tab verschiebt. In diesem Fall k\u00f6nnen wir also auf die Browserzeichen in der Bildlaufleiste unten klicken und mit den Aufw\u00e4rts- und Abw\u00e4rtspfeiltasten auf der Tastatur die Registerkarte (Tabelle) ausw\u00e4hlen und die Eingabetaste dr\u00fccken, um direkt zu dieser Registerkarte zu gelangen <\/li><\/ol><div class=\"wp-block-image\"><figure class=\"aligncenter size-full is-resized\"><img loading=\"lazy\" decoding=\"async\" class=\"wp-image-69486\" src=\"https:\/\/exceladvisor.org\/wp-content\/uploads\/2023\/08\/3-signe-de-navigation-sous-la-barre-de-defilement.png\" sizes=\"auto, \" srcset=\"\" alt=\"browser-sign-below-scrollbar\" width=\"379\" height=\"375\"><\/figure><\/div><div class=\"wp-block-group more-tutorials is-layout-flow\"><div class=\"wp-block-group__inner-container\"><h2 class=\"wp-block-heading\"> Weitere Tutorials <\/h2><div class=\"wp-block-columns is-layout-flex wp-container-39\"><div class=\"wp-block-column is-layout-flow\"><ul><li> <a href=\"https:\/\/exceladvisor.org\/de\/schliessen\/\">Schlie\u00dfen<\/a><\/li><li> <a href=\"https:\/\/exceladvisor.org\/de\/vollbild\/\">Ganzer Bildschirm<\/a><\/li><li> <a href=\"https:\/\/exceladvisor.org\/de\/band\/\">Band<\/a><\/li><li> <a href=\"https:\/\/exceladvisor.org\/de\/speichern-als\/\">Speichern als<\/a><\/li><li> <a href=\"https:\/\/exceladvisor.org\/de\/ruckgangig-wiederholen\/\">R\u00fcckg\u00e4ngig machen und wiederholen<\/a><\/li><\/ul><\/div><div class=\"wp-block-column is-layout-flow\"><\/div><\/div><p> \u21e0 Zur\u00fcck zu <a href=\"https:\/\/exceladvisor.org\/de\/tastaturkurzel\/\">Excel-Verkn\u00fcpfungen (PDF-Spickzettel)<\/a><\/p><\/div><\/div>","protected":false},"excerpt":{"rendered":"","protected":false},"author":1,"featured_media":0,"parent":0,"menu_order":0,"comment_status":"open","ping_status":"closed","template":"","meta":{"ub_ctt_via":"","footnotes":""},"class_list":["post-3694","page","type-page","status-publish","hentry"],"featured_image_src":null,"yoast_head":"<!-- This site is optimized with the Yoast SEO plugin v25.4 - https:\/\/yoast.com\/wordpress\/plugins\/seo\/ -->\n<title>\u25b7 Wie wechselt man Tabs per Excel-Verkn\u00fcpfung?<\/title>\n<meta name=\"description\" content=\"In diesem Tutorial erfahren Sie, wie Sie mit einer Tastenkombination zwischen Registerkarten (Arbeitsbl\u00e4ttern) in Excel wechseln. Jetzt das\" \/>\n<meta name=\"robots\" content=\"index, follow, max-snippet:-1, max-image-preview:large, max-video-preview:-1\" \/>\n<link rel=\"canonical\" href=\"https:\/\/exceladvisor.org\/de\/tab-wechseln\/\" \/>\n<meta property=\"og:locale\" content=\"de_DE\" \/>\n<meta property=\"og:type\" content=\"article\" \/>\n<meta property=\"og:title\" content=\"\u25b7 Wie wechselt man Tabs per Excel-Verkn\u00fcpfung?\" \/>\n<meta property=\"og:description\" content=\"In diesem Tutorial erfahren Sie, wie Sie mit einer Tastenkombination zwischen Registerkarten (Arbeitsbl\u00e4ttern) in Excel wechseln. Jetzt das\" \/>\n<meta property=\"og:url\" content=\"https:\/\/exceladvisor.org\/de\/tab-wechseln\/\" \/>\n<meta property=\"og:site_name\" content=\"Excel Advisor\" \/>\n<meta property=\"article:modified_time\" content=\"2023-12-03T13:05:33+00:00\" \/>\n<meta property=\"og:image\" content=\"https:\/\/exceladvisor.org\/wp-content\/uploads\/2023\/08\/1-raccourci-clavier-pour-basculer-les-onglets-vers-la-droite.png\" \/>\n<meta name=\"twitter:card\" content=\"summary_large_image\" \/>\n<meta name=\"twitter:label1\" content=\"Gesch\u00e4tzte Lesezeit\" \/>\n\t<meta name=\"twitter:data1\" content=\"2\u00a0Minuten\" \/>\n<script type=\"application\/ld+json\" class=\"yoast-schema-graph\">{\"@context\":\"https:\/\/schema.org\",\"@graph\":[{\"@type\":\"WebPage\",\"@id\":\"https:\/\/exceladvisor.org\/de\/tab-wechseln\/\",\"url\":\"https:\/\/exceladvisor.org\/de\/tab-wechseln\/\",\"name\":\"\u25b7 Wie wechselt man Tabs per Excel-Verkn\u00fcpfung?\",\"isPartOf\":{\"@id\":\"https:\/\/exceladvisor.org\/de\/#website\"},\"primaryImageOfPage\":{\"@id\":\"https:\/\/exceladvisor.org\/de\/tab-wechseln\/#primaryimage\"},\"image\":{\"@id\":\"https:\/\/exceladvisor.org\/de\/tab-wechseln\/#primaryimage\"},\"thumbnailUrl\":\"https:\/\/exceladvisor.org\/wp-content\/uploads\/2023\/08\/1-raccourci-clavier-pour-basculer-les-onglets-vers-la-droite.png\",\"datePublished\":\"2023-09-25T03:07:26+00:00\",\"dateModified\":\"2023-12-03T13:05:33+00:00\",\"description\":\"In diesem Tutorial erfahren Sie, wie Sie mit einer Tastenkombination zwischen Registerkarten (Arbeitsbl\u00e4ttern) in Excel wechseln. Jetzt das\",\"breadcrumb\":{\"@id\":\"https:\/\/exceladvisor.org\/de\/tab-wechseln\/#breadcrumb\"},\"inLanguage\":\"de\",\"potentialAction\":[{\"@type\":\"ReadAction\",\"target\":[\"https:\/\/exceladvisor.org\/de\/tab-wechseln\/\"]}]},{\"@type\":\"ImageObject\",\"inLanguage\":\"de\",\"@id\":\"https:\/\/exceladvisor.org\/de\/tab-wechseln\/#primaryimage\",\"url\":\"https:\/\/exceladvisor.org\/wp-content\/uploads\/2023\/08\/1-raccourci-clavier-pour-basculer-les-onglets-vers-la-droite.png\",\"contentUrl\":\"https:\/\/exceladvisor.org\/wp-content\/uploads\/2023\/08\/1-raccourci-clavier-pour-basculer-les-onglets-vers-la-droite.png\"},{\"@type\":\"BreadcrumbList\",\"@id\":\"https:\/\/exceladvisor.org\/de\/tab-wechseln\/#breadcrumb\",\"itemListElement\":[{\"@type\":\"ListItem\",\"position\":1,\"name\":\"Accueil\",\"item\":\"https:\/\/exceladvisor.org\/de\/\"},{\"@type\":\"ListItem\",\"position\":2,\"name\":\"Wie wechsle ich die registerkarten per excel-verkn\u00fcpfung?\"}]},{\"@type\":\"WebSite\",\"@id\":\"https:\/\/exceladvisor.org\/de\/#website\",\"url\":\"https:\/\/exceladvisor.org\/de\/\",\"name\":\"Excel Advisor\",\"description\":\"Ihr Leitfaden zur Datendominanz\",\"publisher\":{\"@id\":\"https:\/\/exceladvisor.org\/de\/#organization\"},\"potentialAction\":[{\"@type\":\"SearchAction\",\"target\":{\"@type\":\"EntryPoint\",\"urlTemplate\":\"https:\/\/exceladvisor.org\/de\/?s={search_term_string}\"},\"query-input\":{\"@type\":\"PropertyValueSpecification\",\"valueRequired\":true,\"valueName\":\"search_term_string\"}}],\"inLanguage\":\"de\"},{\"@type\":\"Organization\",\"@id\":\"https:\/\/exceladvisor.org\/de\/#organization\",\"name\":\"Excel Advisor\",\"url\":\"https:\/\/exceladvisor.org\/de\/\",\"logo\":{\"@type\":\"ImageObject\",\"inLanguage\":\"de\",\"@id\":\"https:\/\/exceladvisor.org\/de\/#\/schema\/logo\/image\/\",\"url\":\"https:\/\/exceladvisor.org\/de\/wp-content\/uploads\/2023\/11\/exceladvisor.org_.png\",\"contentUrl\":\"https:\/\/exceladvisor.org\/de\/wp-content\/uploads\/2023\/11\/exceladvisor.org_.png\",\"width\":105,\"height\":36,\"caption\":\"Excel Advisor\"},\"image\":{\"@id\":\"https:\/\/exceladvisor.org\/de\/#\/schema\/logo\/image\/\"}}]}<\/script>\n<!-- \/ Yoast SEO plugin. -->","yoast_head_json":{"title":"\u25b7 Wie wechselt man Tabs per Excel-Verkn\u00fcpfung?","description":"In diesem Tutorial erfahren Sie, wie Sie mit einer Tastenkombination zwischen Registerkarten (Arbeitsbl\u00e4ttern) in Excel wechseln. Jetzt das","robots":{"index":"index","follow":"follow","max-snippet":"max-snippet:-1","max-image-preview":"max-image-preview:large","max-video-preview":"max-video-preview:-1"},"canonical":"https:\/\/exceladvisor.org\/de\/tab-wechseln\/","og_locale":"de_DE","og_type":"article","og_title":"\u25b7 Wie wechselt man Tabs per Excel-Verkn\u00fcpfung?","og_description":"In diesem Tutorial erfahren Sie, wie Sie mit einer Tastenkombination zwischen Registerkarten (Arbeitsbl\u00e4ttern) in Excel wechseln. Jetzt das","og_url":"https:\/\/exceladvisor.org\/de\/tab-wechseln\/","og_site_name":"Excel Advisor","article_modified_time":"2023-12-03T13:05:33+00:00","og_image":[{"url":"https:\/\/exceladvisor.org\/wp-content\/uploads\/2023\/08\/1-raccourci-clavier-pour-basculer-les-onglets-vers-la-droite.png","type":"","width":"","height":""}],"twitter_card":"summary_large_image","twitter_misc":{"Gesch\u00e4tzte Lesezeit":"2\u00a0Minuten"},"schema":{"@context":"https:\/\/schema.org","@graph":[{"@type":"WebPage","@id":"https:\/\/exceladvisor.org\/de\/tab-wechseln\/","url":"https:\/\/exceladvisor.org\/de\/tab-wechseln\/","name":"\u25b7 Wie wechselt man Tabs per Excel-Verkn\u00fcpfung?","isPartOf":{"@id":"https:\/\/exceladvisor.org\/de\/#website"},"primaryImageOfPage":{"@id":"https:\/\/exceladvisor.org\/de\/tab-wechseln\/#primaryimage"},"image":{"@id":"https:\/\/exceladvisor.org\/de\/tab-wechseln\/#primaryimage"},"thumbnailUrl":"https:\/\/exceladvisor.org\/wp-content\/uploads\/2023\/08\/1-raccourci-clavier-pour-basculer-les-onglets-vers-la-droite.png","datePublished":"2023-09-25T03:07:26+00:00","dateModified":"2023-12-03T13:05:33+00:00","description":"In diesem Tutorial erfahren Sie, wie Sie mit einer Tastenkombination zwischen Registerkarten (Arbeitsbl\u00e4ttern) in Excel wechseln. Jetzt das","breadcrumb":{"@id":"https:\/\/exceladvisor.org\/de\/tab-wechseln\/#breadcrumb"},"inLanguage":"de","potentialAction":[{"@type":"ReadAction","target":["https:\/\/exceladvisor.org\/de\/tab-wechseln\/"]}]},{"@type":"ImageObject","inLanguage":"de","@id":"https:\/\/exceladvisor.org\/de\/tab-wechseln\/#primaryimage","url":"https:\/\/exceladvisor.org\/wp-content\/uploads\/2023\/08\/1-raccourci-clavier-pour-basculer-les-onglets-vers-la-droite.png","contentUrl":"https:\/\/exceladvisor.org\/wp-content\/uploads\/2023\/08\/1-raccourci-clavier-pour-basculer-les-onglets-vers-la-droite.png"},{"@type":"BreadcrumbList","@id":"https:\/\/exceladvisor.org\/de\/tab-wechseln\/#breadcrumb","itemListElement":[{"@type":"ListItem","position":1,"name":"Accueil","item":"https:\/\/exceladvisor.org\/de\/"},{"@type":"ListItem","position":2,"name":"Wie wechsle ich die registerkarten per excel-verkn\u00fcpfung?"}]},{"@type":"WebSite","@id":"https:\/\/exceladvisor.org\/de\/#website","url":"https:\/\/exceladvisor.org\/de\/","name":"Excel Advisor","description":"Ihr Leitfaden zur Datendominanz","publisher":{"@id":"https:\/\/exceladvisor.org\/de\/#organization"},"potentialAction":[{"@type":"SearchAction","target":{"@type":"EntryPoint","urlTemplate":"https:\/\/exceladvisor.org\/de\/?s={search_term_string}"},"query-input":{"@type":"PropertyValueSpecification","valueRequired":true,"valueName":"search_term_string"}}],"inLanguage":"de"},{"@type":"Organization","@id":"https:\/\/exceladvisor.org\/de\/#organization","name":"Excel Advisor","url":"https:\/\/exceladvisor.org\/de\/","logo":{"@type":"ImageObject","inLanguage":"de","@id":"https:\/\/exceladvisor.org\/de\/#\/schema\/logo\/image\/","url":"https:\/\/exceladvisor.org\/de\/wp-content\/uploads\/2023\/11\/exceladvisor.org_.png","contentUrl":"https:\/\/exceladvisor.org\/de\/wp-content\/uploads\/2023\/11\/exceladvisor.org_.png","width":105,"height":36,"caption":"Excel Advisor"},"image":{"@id":"https:\/\/exceladvisor.org\/de\/#\/schema\/logo\/image\/"}}]}},"yoast_meta":{"yoast_wpseo_title":"","yoast_wpseo_metadesc":"","yoast_wpseo_canonical":""},"_links":{"self":[{"href":"https:\/\/exceladvisor.org\/de\/wp-json\/wp\/v2\/pages\/3694","targetHints":{"allow":["GET"]}}],"collection":[{"href":"https:\/\/exceladvisor.org\/de\/wp-json\/wp\/v2\/pages"}],"about":[{"href":"https:\/\/exceladvisor.org\/de\/wp-json\/wp\/v2\/types\/page"}],"author":[{"embeddable":true,"href":"https:\/\/exceladvisor.org\/de\/wp-json\/wp\/v2\/users\/1"}],"replies":[{"embeddable":true,"href":"https:\/\/exceladvisor.org\/de\/wp-json\/wp\/v2\/comments?post=3694"}],"version-history":[{"count":1,"href":"https:\/\/exceladvisor.org\/de\/wp-json\/wp\/v2\/pages\/3694\/revisions"}],"predecessor-version":[{"id":4401,"href":"https:\/\/exceladvisor.org\/de\/wp-json\/wp\/v2\/pages\/3694\/revisions\/4401"}],"wp:attachment":[{"href":"https:\/\/exceladvisor.org\/de\/wp-json\/wp\/v2\/media?parent=3694"}],"curies":[{"name":"wp","href":"https:\/\/api.w.org\/{rel}","templated":true}]}}