{"id":3695,"date":"2023-09-25T02:50:51","date_gmt":"2023-09-25T02:50:51","guid":{"rendered":"https:\/\/exceladvisor.org\/de\/hakchen-1\/"},"modified":"2023-12-03T11:21:36","modified_gmt":"2023-12-03T11:21:36","slug":"hakchen-1","status":"publish","type":"page","link":"https:\/\/exceladvisor.org\/de\/hakchen-1\/","title":{"rendered":"Wie gebe ich mit der excel-verkn\u00fcpfung ein h\u00e4kchen ein?"},"content":{"rendered":"<div class=\"excel-vor-dem-inhalt\" id=\"excel-581834444\"><script type=\"text\/javascript\">\r\n\tatOptions = {\r\n\t\t'key' : 'c1158f160081d6540a8409e6925dab94',\r\n\t\t'format' : 'iframe',\r\n\t\t'height' : 250,\r\n\t\t'width' : 300,\r\n\t\t'params' : {}\r\n\t};\r\n<\/script>\r\n<script type=\"text\/javascript\" src=\"\/\/www.highperformanceformat.com\/c1158f160081d6540a8409e6925dab94\/invoke.js\"><\/script><\/div> <p>In Excel wird h\u00e4ufig ein H\u00e4kchen verwendet, um anzuzeigen, ob die Aufgabe abgeschlossen ist oder nicht. Benutzer k\u00f6nnen das H\u00e4kchensymbol in Excel einf\u00fcgen, anstatt \u201eJa\u201c einzugeben, um die durchgef\u00fchrten oder abgeschlossenen Aufgaben in der angegebenen Liste anzuzeigen.<\/p><p> Es gibt mehrere M\u00f6glichkeiten, ein H\u00e4kchen einzuf\u00fcgen. Die beste M\u00f6glichkeit zum Einf\u00fcgen des H\u00e4kchens besteht jedoch darin, die Tastenkombination zu verwenden.<\/p><h2 class=\"wp-block-heading\"> Tastenkombination zum Kontrollk\u00e4stchen in Excel<\/h2><p> <kbd>Alt<\/kbd> + <kbd>0<\/kbd> \u21e2 <kbd>2<\/kbd> \u21e2 <kbd>5<\/kbd> \u21e2 <kbd>2<\/kbd> <\/p><div class=\"wp-block-image\"><figure class=\"aligncenter size-full is-resized\"><img loading=\"lazy\" decoding=\"async\" class=\"wp-image-69413\" src=\"https:\/\/exceladvisor.org\/wp-content\/uploads\/2023\/08\/1-coche-de-raccourci-clavier.png\" sizes=\"auto, \" srcset=\"\" alt=\"Tastaturk\u00fcrzel-H\u00e4kchen\" width=\"739\" height=\"290\"><\/figure><\/div><p> <kbd>Umschalt<\/kbd> + <kbd>P<\/kbd> <\/p><div class=\"wp-block-image\"><figure class=\"aligncenter size-full is-resized\"><img loading=\"lazy\" decoding=\"async\" class=\"wp-image-69414\" src=\"https:\/\/exceladvisor.org\/wp-content\/uploads\/2023\/08\/2-coche-raccourci-clavier.png\" sizes=\"auto, \" srcset=\"\" alt=\"H\u00e4kchen-Tastaturk\u00fcrzel\" width=\"746\" height=\"292\"><\/figure><\/div><h2 class=\"wp-block-heading\"> Schritte zum Eingeben eines H\u00e4kchens mithilfe einer Tastenkombination<\/h2><ol><li> Navigieren Sie zun\u00e4chst zu der Zelle, in der Sie das H\u00e4kchensymbol einf\u00fcgen m\u00f6chten.<\/li><li> Gehen Sie anschlie\u00dfend zur Registerkarte \u201eStartseite\u201c und \u00e4ndern Sie in der Gruppe \u201eSchriftart\u201c den Schriftstil in \u201eWingdings\u201c-Schriftart.<\/li><li> Halten Sie nun die <kbd>Alt-<\/kbd> Taste gedr\u00fcckt und dr\u00fccken Sie <kbd>0<\/kbd> \u21e2 <kbd>2<\/kbd> \u21e2 <kbd>5<\/kbd> \u21e2 <kbd>2,<\/kbd> dann lassen Sie die <kbd>Alt-Taste<\/kbd> los.<\/li><li> Oder gehen Sie in die Zelle und dr\u00fccken Sie einfach <kbd>Umschalt<\/kbd> + <kbd>P<\/kbd> , gehen Sie dann zur Gruppe Schriftart und w\u00e4hlen Sie den Schriftstil Wingdings 2 aus.<\/li><li> An dieser Stelle wird das H\u00e4kchensymbol in die Zelle eingef\u00fcgt. <\/li><\/ol><div class=\"wp-block-image\"><figure class=\"aligncenter size-full is-resized\"><img loading=\"lazy\" decoding=\"async\" class=\"wp-image-69415\" src=\"https:\/\/exceladvisor.org\/wp-content\/uploads\/2023\/08\/3-symbole-de-coche.png\" sizes=\"auto, \" srcset=\"\" alt=\"H\u00e4kchensymbol\" width=\"461\" height=\"261\"><\/figure><\/div><h2 class=\"wp-block-heading\"> Imbissbuden<\/h2><ol><li> Um <a href=\"https:\/\/exceladvisor.org\/de\/hakchen-2\/\" data-wpil=\"url\">ein H\u00e4kchen einzuf\u00fcgen<\/a> , muss der <a href=\"https:\/\/exceladvisor.org\/de\/standardschriftart\/\">Schriftstil<\/a> der Zelle als Wingdings ausgew\u00e4hlt sein, wenn Sie <kbd>Alt<\/kbd> + <kbd>0<\/kbd> \u21e2 <kbd>2<\/kbd> \u21e2 <kbd>5<\/kbd> \u21e2 <kbd>2<\/kbd> verwenden m\u00f6chten.<\/li><li> Wenn Sie die Tastenkombination <kbd>Umschalt<\/kbd> + <kbd>P<\/kbd> verwenden, sollte die Schriftart Wingdings 2 sein.<\/li><li> Unabh\u00e4ngig davon, ob manuelle Tasten oder Hotkeys verwendet werden, k\u00f6nnen H\u00e4kchen jeweils nur in eine Zelle eingef\u00fcgt werden.<\/li><li> Sie k\u00f6nnen auch zuerst die H\u00e4kchenverkn\u00fcpfung anwenden und dann den Schriftstil \u00e4ndern.<\/li><li> Wenn Sie das H\u00e4kchensymbol in andere Zellen einf\u00fcgen m\u00f6chten, kopieren Sie es einfach und f\u00fcgen Sie es ein.<\/li><\/ol><div class=\"gb-container gb-container-2116538e gb-container-mt\"> <a class=\"gb-button gb-button-f7d2c131 gb-button-text gb-button-mt-button\" href=\"https:\/\/exceladvisor.org\/de\/tastaturkurzel\/\">Tastenkombinationen f\u00fcr Excel-PDFs<\/a><h2 class=\"gb-headline gb-headline-7ed68554 gb-headline-text gb-headline-mt-heading\"> Weitere Verkn\u00fcpfungen <\/h2><div class=\"gb-grid-wrapper gb-grid-wrapper-edeef538 gb-grid-wrapper-mt-grid\"><div class=\"gb-grid-column gb-grid-column-6ab6fbc6\"><div class=\"gb-container gb-container-6ab6fbc6\"><ul><li> <a href=\"https:\/\/exceladvisor.org\/de\/takt-1\/\">Stange<\/a><\/li><li> <a href=\"https:\/\/exceladvisor.org\/de\/index-2\/\">Hinweis<\/a><\/li><li> <a href=\"https:\/\/exceladvisor.org\/de\/exponent\/\">Aussteller<\/a><\/li><li> <a href=\"https:\/\/exceladvisor.org\/de\/im-zentrum-anordnen\/\">Im Zentrum anordnen<\/a> <\/li><\/ul><\/div><\/div><div class=\"gb-grid-column gb-grid-column-766d598b\"><div class=\"gb-container gb-container-766d598b\"><ul><li> <a href=\"https:\/\/exceladvisor.org\/de\/wahrungsformat\/\">W\u00e4hrungsformat anwenden<\/a><\/li><li> <a href=\"https:\/\/exceladvisor.org\/de\/prozentformat\/\">Formatprozentsatz<\/a><\/li><li> <a href=\"https:\/\/exceladvisor.org\/de\/datumsformat\/\">Datumsformat anwenden<\/a><\/li><li> <a href=\"https:\/\/exceladvisor.org\/de\/zeitformat\/\">Zeitformat anwenden<\/a><\/li><\/ul><\/div><\/div><\/div><\/div>","protected":false},"excerpt":{"rendered":"","protected":false},"author":1,"featured_media":0,"parent":0,"menu_order":0,"comment_status":"open","ping_status":"closed","template":"","meta":{"ub_ctt_via":"","footnotes":""},"class_list":["post-3695","page","type-page","status-publish","hentry"],"featured_image_src":null,"yoast_head":"<!-- This site is optimized with the Yoast SEO plugin v25.4 - https:\/\/yoast.com\/wordpress\/plugins\/seo\/ -->\n<title>\u25b7 Wie gebe ich ein H\u00e4kchen \u00fcber die Excel-Verkn\u00fcpfung ein?<\/title>\n<meta name=\"description\" content=\"In diesem Tutorial erfahren Sie, wie Sie mit einer Tastenkombination ein H\u00e4kchen in Excel setzen. Nun diese Tastenkombination\" \/>\n<meta name=\"robots\" content=\"index, follow, max-snippet:-1, max-image-preview:large, max-video-preview:-1\" \/>\n<link rel=\"canonical\" href=\"https:\/\/exceladvisor.org\/de\/hakchen-1\/\" \/>\n<meta property=\"og:locale\" content=\"de_DE\" \/>\n<meta property=\"og:type\" content=\"article\" \/>\n<meta property=\"og:title\" content=\"\u25b7 Wie gebe ich ein H\u00e4kchen \u00fcber die Excel-Verkn\u00fcpfung ein?\" \/>\n<meta property=\"og:description\" content=\"In diesem Tutorial erfahren Sie, wie Sie mit einer Tastenkombination ein H\u00e4kchen in Excel setzen. Nun diese Tastenkombination\" \/>\n<meta property=\"og:url\" content=\"https:\/\/exceladvisor.org\/de\/hakchen-1\/\" \/>\n<meta property=\"og:site_name\" content=\"Excel Advisor\" \/>\n<meta property=\"article:modified_time\" content=\"2023-12-03T11:21:36+00:00\" \/>\n<meta property=\"og:image\" content=\"https:\/\/exceladvisor.org\/wp-content\/uploads\/2023\/08\/1-coche-de-raccourci-clavier.png\" \/>\n<meta name=\"twitter:card\" content=\"summary_large_image\" \/>\n<meta name=\"twitter:label1\" content=\"Gesch\u00e4tzte Lesezeit\" \/>\n\t<meta name=\"twitter:data1\" content=\"1\u00a0Minute\" \/>\n<script type=\"application\/ld+json\" class=\"yoast-schema-graph\">{\"@context\":\"https:\/\/schema.org\",\"@graph\":[{\"@type\":\"WebPage\",\"@id\":\"https:\/\/exceladvisor.org\/de\/hakchen-1\/\",\"url\":\"https:\/\/exceladvisor.org\/de\/hakchen-1\/\",\"name\":\"\u25b7 Wie gebe ich ein H\u00e4kchen \u00fcber die Excel-Verkn\u00fcpfung ein?\",\"isPartOf\":{\"@id\":\"https:\/\/exceladvisor.org\/de\/#website\"},\"primaryImageOfPage\":{\"@id\":\"https:\/\/exceladvisor.org\/de\/hakchen-1\/#primaryimage\"},\"image\":{\"@id\":\"https:\/\/exceladvisor.org\/de\/hakchen-1\/#primaryimage\"},\"thumbnailUrl\":\"https:\/\/exceladvisor.org\/wp-content\/uploads\/2023\/08\/1-coche-de-raccourci-clavier.png\",\"datePublished\":\"2023-09-25T02:50:51+00:00\",\"dateModified\":\"2023-12-03T11:21:36+00:00\",\"description\":\"In diesem Tutorial erfahren Sie, wie Sie mit einer Tastenkombination ein H\u00e4kchen in Excel setzen. Nun diese Tastenkombination\",\"breadcrumb\":{\"@id\":\"https:\/\/exceladvisor.org\/de\/hakchen-1\/#breadcrumb\"},\"inLanguage\":\"de\",\"potentialAction\":[{\"@type\":\"ReadAction\",\"target\":[\"https:\/\/exceladvisor.org\/de\/hakchen-1\/\"]}]},{\"@type\":\"ImageObject\",\"inLanguage\":\"de\",\"@id\":\"https:\/\/exceladvisor.org\/de\/hakchen-1\/#primaryimage\",\"url\":\"https:\/\/exceladvisor.org\/wp-content\/uploads\/2023\/08\/1-coche-de-raccourci-clavier.png\",\"contentUrl\":\"https:\/\/exceladvisor.org\/wp-content\/uploads\/2023\/08\/1-coche-de-raccourci-clavier.png\"},{\"@type\":\"BreadcrumbList\",\"@id\":\"https:\/\/exceladvisor.org\/de\/hakchen-1\/#breadcrumb\",\"itemListElement\":[{\"@type\":\"ListItem\",\"position\":1,\"name\":\"Accueil\",\"item\":\"https:\/\/exceladvisor.org\/de\/\"},{\"@type\":\"ListItem\",\"position\":2,\"name\":\"Wie gebe ich mit der excel-verkn\u00fcpfung ein h\u00e4kchen ein?\"}]},{\"@type\":\"WebSite\",\"@id\":\"https:\/\/exceladvisor.org\/de\/#website\",\"url\":\"https:\/\/exceladvisor.org\/de\/\",\"name\":\"Excel Advisor\",\"description\":\"Ihr Leitfaden zur Datendominanz\",\"publisher\":{\"@id\":\"https:\/\/exceladvisor.org\/de\/#organization\"},\"potentialAction\":[{\"@type\":\"SearchAction\",\"target\":{\"@type\":\"EntryPoint\",\"urlTemplate\":\"https:\/\/exceladvisor.org\/de\/?s={search_term_string}\"},\"query-input\":{\"@type\":\"PropertyValueSpecification\",\"valueRequired\":true,\"valueName\":\"search_term_string\"}}],\"inLanguage\":\"de\"},{\"@type\":\"Organization\",\"@id\":\"https:\/\/exceladvisor.org\/de\/#organization\",\"name\":\"Excel Advisor\",\"url\":\"https:\/\/exceladvisor.org\/de\/\",\"logo\":{\"@type\":\"ImageObject\",\"inLanguage\":\"de\",\"@id\":\"https:\/\/exceladvisor.org\/de\/#\/schema\/logo\/image\/\",\"url\":\"https:\/\/exceladvisor.org\/de\/wp-content\/uploads\/2023\/11\/exceladvisor.org_.png\",\"contentUrl\":\"https:\/\/exceladvisor.org\/de\/wp-content\/uploads\/2023\/11\/exceladvisor.org_.png\",\"width\":105,\"height\":36,\"caption\":\"Excel Advisor\"},\"image\":{\"@id\":\"https:\/\/exceladvisor.org\/de\/#\/schema\/logo\/image\/\"}}]}<\/script>\n<!-- \/ Yoast SEO plugin. -->","yoast_head_json":{"title":"\u25b7 Wie gebe ich ein H\u00e4kchen \u00fcber die Excel-Verkn\u00fcpfung ein?","description":"In diesem Tutorial erfahren Sie, wie Sie mit einer Tastenkombination ein H\u00e4kchen in Excel setzen. Nun diese Tastenkombination","robots":{"index":"index","follow":"follow","max-snippet":"max-snippet:-1","max-image-preview":"max-image-preview:large","max-video-preview":"max-video-preview:-1"},"canonical":"https:\/\/exceladvisor.org\/de\/hakchen-1\/","og_locale":"de_DE","og_type":"article","og_title":"\u25b7 Wie gebe ich ein H\u00e4kchen \u00fcber die Excel-Verkn\u00fcpfung ein?","og_description":"In diesem Tutorial erfahren Sie, wie Sie mit einer Tastenkombination ein H\u00e4kchen in Excel setzen. Nun diese Tastenkombination","og_url":"https:\/\/exceladvisor.org\/de\/hakchen-1\/","og_site_name":"Excel Advisor","article_modified_time":"2023-12-03T11:21:36+00:00","og_image":[{"url":"https:\/\/exceladvisor.org\/wp-content\/uploads\/2023\/08\/1-coche-de-raccourci-clavier.png","type":"","width":"","height":""}],"twitter_card":"summary_large_image","twitter_misc":{"Gesch\u00e4tzte Lesezeit":"1\u00a0Minute"},"schema":{"@context":"https:\/\/schema.org","@graph":[{"@type":"WebPage","@id":"https:\/\/exceladvisor.org\/de\/hakchen-1\/","url":"https:\/\/exceladvisor.org\/de\/hakchen-1\/","name":"\u25b7 Wie gebe ich ein H\u00e4kchen \u00fcber die Excel-Verkn\u00fcpfung ein?","isPartOf":{"@id":"https:\/\/exceladvisor.org\/de\/#website"},"primaryImageOfPage":{"@id":"https:\/\/exceladvisor.org\/de\/hakchen-1\/#primaryimage"},"image":{"@id":"https:\/\/exceladvisor.org\/de\/hakchen-1\/#primaryimage"},"thumbnailUrl":"https:\/\/exceladvisor.org\/wp-content\/uploads\/2023\/08\/1-coche-de-raccourci-clavier.png","datePublished":"2023-09-25T02:50:51+00:00","dateModified":"2023-12-03T11:21:36+00:00","description":"In diesem Tutorial erfahren Sie, wie Sie mit einer Tastenkombination ein H\u00e4kchen in Excel setzen. Nun diese Tastenkombination","breadcrumb":{"@id":"https:\/\/exceladvisor.org\/de\/hakchen-1\/#breadcrumb"},"inLanguage":"de","potentialAction":[{"@type":"ReadAction","target":["https:\/\/exceladvisor.org\/de\/hakchen-1\/"]}]},{"@type":"ImageObject","inLanguage":"de","@id":"https:\/\/exceladvisor.org\/de\/hakchen-1\/#primaryimage","url":"https:\/\/exceladvisor.org\/wp-content\/uploads\/2023\/08\/1-coche-de-raccourci-clavier.png","contentUrl":"https:\/\/exceladvisor.org\/wp-content\/uploads\/2023\/08\/1-coche-de-raccourci-clavier.png"},{"@type":"BreadcrumbList","@id":"https:\/\/exceladvisor.org\/de\/hakchen-1\/#breadcrumb","itemListElement":[{"@type":"ListItem","position":1,"name":"Accueil","item":"https:\/\/exceladvisor.org\/de\/"},{"@type":"ListItem","position":2,"name":"Wie gebe ich mit der excel-verkn\u00fcpfung ein h\u00e4kchen ein?"}]},{"@type":"WebSite","@id":"https:\/\/exceladvisor.org\/de\/#website","url":"https:\/\/exceladvisor.org\/de\/","name":"Excel Advisor","description":"Ihr Leitfaden zur Datendominanz","publisher":{"@id":"https:\/\/exceladvisor.org\/de\/#organization"},"potentialAction":[{"@type":"SearchAction","target":{"@type":"EntryPoint","urlTemplate":"https:\/\/exceladvisor.org\/de\/?s={search_term_string}"},"query-input":{"@type":"PropertyValueSpecification","valueRequired":true,"valueName":"search_term_string"}}],"inLanguage":"de"},{"@type":"Organization","@id":"https:\/\/exceladvisor.org\/de\/#organization","name":"Excel Advisor","url":"https:\/\/exceladvisor.org\/de\/","logo":{"@type":"ImageObject","inLanguage":"de","@id":"https:\/\/exceladvisor.org\/de\/#\/schema\/logo\/image\/","url":"https:\/\/exceladvisor.org\/de\/wp-content\/uploads\/2023\/11\/exceladvisor.org_.png","contentUrl":"https:\/\/exceladvisor.org\/de\/wp-content\/uploads\/2023\/11\/exceladvisor.org_.png","width":105,"height":36,"caption":"Excel Advisor"},"image":{"@id":"https:\/\/exceladvisor.org\/de\/#\/schema\/logo\/image\/"}}]}},"yoast_meta":{"yoast_wpseo_title":"","yoast_wpseo_metadesc":"","yoast_wpseo_canonical":""},"_links":{"self":[{"href":"https:\/\/exceladvisor.org\/de\/wp-json\/wp\/v2\/pages\/3695","targetHints":{"allow":["GET"]}}],"collection":[{"href":"https:\/\/exceladvisor.org\/de\/wp-json\/wp\/v2\/pages"}],"about":[{"href":"https:\/\/exceladvisor.org\/de\/wp-json\/wp\/v2\/types\/page"}],"author":[{"embeddable":true,"href":"https:\/\/exceladvisor.org\/de\/wp-json\/wp\/v2\/users\/1"}],"replies":[{"embeddable":true,"href":"https:\/\/exceladvisor.org\/de\/wp-json\/wp\/v2\/comments?post=3695"}],"version-history":[{"count":1,"href":"https:\/\/exceladvisor.org\/de\/wp-json\/wp\/v2\/pages\/3695\/revisions"}],"predecessor-version":[{"id":4074,"href":"https:\/\/exceladvisor.org\/de\/wp-json\/wp\/v2\/pages\/3695\/revisions\/4074"}],"wp:attachment":[{"href":"https:\/\/exceladvisor.org\/de\/wp-json\/wp\/v2\/media?parent=3695"}],"curies":[{"name":"wp","href":"https:\/\/api.w.org\/{rel}","templated":true}]}}