{"id":3696,"date":"2023-09-25T02:20:43","date_gmt":"2023-09-25T02:20:43","guid":{"rendered":"https:\/\/exceladvisor.org\/de\/ruckgangig-wiederholen\/"},"modified":"2023-12-03T11:22:00","modified_gmt":"2023-12-03T11:22:00","slug":"ruckgangig-wiederholen","status":"publish","type":"page","link":"https:\/\/exceladvisor.org\/de\/ruckgangig-wiederholen\/","title":{"rendered":"Wie kann ich mit einer excel-verkn\u00fcpfung einen vorgang r\u00fcckg\u00e4ngig machen und wiederherstellen?"},"content":{"rendered":"<div class=\"excel-vor-dem-inhalt\" id=\"excel-613549818\"><script type=\"text\/javascript\">\r\n\tatOptions = {\r\n\t\t'key' : 'c1158f160081d6540a8409e6925dab94',\r\n\t\t'format' : 'iframe',\r\n\t\t'height' : 250,\r\n\t\t'width' : 300,\r\n\t\t'params' : {}\r\n\t};\r\n<\/script>\r\n<script type=\"text\/javascript\" src=\"\/\/www.highperformanceformat.com\/c1158f160081d6540a8409e6925dab94\/invoke.js\"><\/script><\/div> <p>R\u00fcckg\u00e4ngig wird verwendet, um die letzten Aktionen des Benutzers in Excel r\u00fcckg\u00e4ngig zu machen. Excel speichert standardm\u00e4\u00dfig die letzten 100 Aktionen, sodass der Benutzer mit der Option \u201eR\u00fcckg\u00e4ngig\u201c seine Aktionen bis zu 100 Mal r\u00fcckg\u00e4ngig machen und die Dinge so wiederherstellen kann, wie sie waren. Eine Abbruchaktion kann auch dann durchgef\u00fchrt werden, wenn die Datei gespeichert wurde.<\/p><p> \u201eWiederholen\u201c bewirkt das Gegenteil von \u201eR\u00fcckg\u00e4ngig\u201c. Angenommen, der Benutzer hat einige letzte Aktionen r\u00fcckg\u00e4ngig gemacht, m\u00f6chte nun aber einige der R\u00fcckg\u00e4ngig-Aktionen wiederherstellen, damit er die R\u00fcckg\u00e4ngig-Aktionen mithilfe der Option \u201eWiederherstellen\u201c wiederholen kann, die die R\u00fcckg\u00e4ngig-Aktionen wiederherstellt.<\/p><h2 class=\"wp-block-heading\"> Tastenkombination zum R\u00fcckg\u00e4ngigmachen \u2013 Wiederherstellen in Excel<\/h2><p> R\u00fcckg\u00e4ngig machen: <kbd>Strg<\/kbd> + <kbd>Z<\/kbd> <\/p><div class=\"wp-block-image\"><figure class=\"aligncenter size-full is-resized\"><img loading=\"lazy\" decoding=\"async\" class=\"wp-image-67565\" src=\"https:\/\/exceladvisor.org\/wp-content\/uploads\/2023\/08\/1-touches-de-raccourci-dannulation.png\" sizes=\"auto, \" srcset=\"\" alt=\"Abbrechen-Tastenkombinationen\" width=\"897\" height=\"351\"><\/figure><\/div><p> Wiederherstellen: <kbd>Strg<\/kbd> + <kbd>Y<\/kbd> <\/p><div class=\"wp-block-image\"><figure class=\"aligncenter size-full is-resized\"><img loading=\"lazy\" decoding=\"async\" class=\"wp-image-67566\" src=\"https:\/\/exceladvisor.org\/wp-content\/uploads\/2023\/08\/2-touches-de-raccourci-de-retablissement.png\" sizes=\"auto, \" srcset=\"\" alt=\"Wiederherstellen-Tastenkombinationen\" width=\"899\" height=\"352\"><\/figure><\/div><h2 class=\"wp-block-heading\"> Schritte zur Verwendung von \u201eR\u00fcckg\u00e4ngig\u201c \u2013 \u201eWiederholen\u201c mithilfe der Tastenkombination<\/h2><ol><li> Dr\u00fccken Sie einfach einmal die Tastenkombination Strg+Z, wenn Sie einen einzelnen letzten Schritt r\u00fcckg\u00e4ngig machen m\u00f6chten, oder dr\u00fccken Sie wiederholt, bis die Anzahl der Schritte erreicht ist, die Sie r\u00fcckg\u00e4ngig machen m\u00f6chten.<\/li><li> Um die R\u00fcckg\u00e4ngig-Schritte wiederherzustellen, dr\u00fccken Sie einfach mehrmals die Tastenkombination Strg + Y, bis Sie den Punkt erreichen, an dem die R\u00fcckg\u00e4ngig-Aktionen wiederhergestellt werden sollen. <\/li><\/ol><div class=\"wp-block-group more-tutorials is-layout-flow\"><div class=\"wp-block-group__inner-container\"><h2 class=\"wp-block-heading\"> Weitere Tutorials <\/h2><div class=\"wp-block-columns is-layout-flex wp-container-31\"><div class=\"wp-block-column is-layout-flow\"><ul><li> <a href=\"https:\/\/exceladvisor.org\/de\/schliessen\/\">Schlie\u00dfen<\/a><\/li><li> <a href=\"https:\/\/exceladvisor.org\/de\/vollbild\/\">Ganzer Bildschirm<\/a><\/li><li> <a href=\"https:\/\/exceladvisor.org\/de\/band\/\">Band<\/a><\/li><li> <a href=\"https:\/\/exceladvisor.org\/de\/druckvorschau-1\/\">Vorschau vor dem Drucken<\/a><\/li><li> <a href=\"https:\/\/exceladvisor.org\/de\/speichern-als\/\">Speichern als<\/a><\/li><\/ul><\/div><div class=\"wp-block-column is-layout-flow\"><\/div><\/div><p> \u21e0 Zur\u00fcck zu <a href=\"https:\/\/exceladvisor.org\/de\/tastaturkurzel\/\">Excel-Verkn\u00fcpfungen (PDF-Spickzettel)<\/a><\/p><\/div><\/div>","protected":false},"excerpt":{"rendered":"","protected":false},"author":1,"featured_media":0,"parent":0,"menu_order":0,"comment_status":"open","ping_status":"closed","template":"","meta":{"ub_ctt_via":"","footnotes":""},"class_list":["post-3696","page","type-page","status-publish","hentry"],"featured_image_src":null,"yoast_head":"<!-- This site is optimized with the Yoast SEO plugin v25.4 - https:\/\/yoast.com\/wordpress\/plugins\/seo\/ -->\n<title>\u25b7 Wie kann ich mit der Excel-Verkn\u00fcpfung einen Vorgang r\u00fcckg\u00e4ngig machen und wiederherstellen?<\/title>\n<meta name=\"description\" content=\"In diesem Tutorial erfahren Sie, wie Sie mithilfe einer Tastenkombination in einem Arbeitsblatt in Excel r\u00fcckg\u00e4ngig machen und wiederherstellen k\u00f6nnen.\" \/>\n<meta name=\"robots\" content=\"index, follow, max-snippet:-1, max-image-preview:large, max-video-preview:-1\" \/>\n<link rel=\"canonical\" href=\"https:\/\/exceladvisor.org\/de\/ruckgangig-wiederholen\/\" \/>\n<meta property=\"og:locale\" content=\"de_DE\" \/>\n<meta property=\"og:type\" content=\"article\" \/>\n<meta property=\"og:title\" content=\"\u25b7 Wie kann ich mit der Excel-Verkn\u00fcpfung einen Vorgang r\u00fcckg\u00e4ngig machen und wiederherstellen?\" \/>\n<meta property=\"og:description\" content=\"In diesem Tutorial erfahren Sie, wie Sie mithilfe einer Tastenkombination in einem Arbeitsblatt in Excel r\u00fcckg\u00e4ngig machen und wiederherstellen k\u00f6nnen.\" \/>\n<meta property=\"og:url\" content=\"https:\/\/exceladvisor.org\/de\/ruckgangig-wiederholen\/\" \/>\n<meta property=\"og:site_name\" content=\"Excel Advisor\" \/>\n<meta property=\"article:modified_time\" content=\"2023-12-03T11:22:00+00:00\" \/>\n<meta property=\"og:image\" content=\"https:\/\/exceladvisor.org\/wp-content\/uploads\/2023\/08\/1-touches-de-raccourci-dannulation.png\" \/>\n<meta name=\"twitter:card\" content=\"summary_large_image\" \/>\n<meta name=\"twitter:label1\" content=\"Gesch\u00e4tzte Lesezeit\" \/>\n\t<meta name=\"twitter:data1\" content=\"1\u00a0Minute\" \/>\n<script type=\"application\/ld+json\" class=\"yoast-schema-graph\">{\"@context\":\"https:\/\/schema.org\",\"@graph\":[{\"@type\":\"WebPage\",\"@id\":\"https:\/\/exceladvisor.org\/de\/ruckgangig-wiederholen\/\",\"url\":\"https:\/\/exceladvisor.org\/de\/ruckgangig-wiederholen\/\",\"name\":\"\u25b7 Wie kann ich mit der Excel-Verkn\u00fcpfung einen Vorgang r\u00fcckg\u00e4ngig machen und wiederherstellen?\",\"isPartOf\":{\"@id\":\"https:\/\/exceladvisor.org\/de\/#website\"},\"primaryImageOfPage\":{\"@id\":\"https:\/\/exceladvisor.org\/de\/ruckgangig-wiederholen\/#primaryimage\"},\"image\":{\"@id\":\"https:\/\/exceladvisor.org\/de\/ruckgangig-wiederholen\/#primaryimage\"},\"thumbnailUrl\":\"https:\/\/exceladvisor.org\/wp-content\/uploads\/2023\/08\/1-touches-de-raccourci-dannulation.png\",\"datePublished\":\"2023-09-25T02:20:43+00:00\",\"dateModified\":\"2023-12-03T11:22:00+00:00\",\"description\":\"In diesem Tutorial erfahren Sie, wie Sie mithilfe einer Tastenkombination in einem Arbeitsblatt in Excel r\u00fcckg\u00e4ngig machen und wiederherstellen k\u00f6nnen.\",\"breadcrumb\":{\"@id\":\"https:\/\/exceladvisor.org\/de\/ruckgangig-wiederholen\/#breadcrumb\"},\"inLanguage\":\"de\",\"potentialAction\":[{\"@type\":\"ReadAction\",\"target\":[\"https:\/\/exceladvisor.org\/de\/ruckgangig-wiederholen\/\"]}]},{\"@type\":\"ImageObject\",\"inLanguage\":\"de\",\"@id\":\"https:\/\/exceladvisor.org\/de\/ruckgangig-wiederholen\/#primaryimage\",\"url\":\"https:\/\/exceladvisor.org\/wp-content\/uploads\/2023\/08\/1-touches-de-raccourci-dannulation.png\",\"contentUrl\":\"https:\/\/exceladvisor.org\/wp-content\/uploads\/2023\/08\/1-touches-de-raccourci-dannulation.png\"},{\"@type\":\"BreadcrumbList\",\"@id\":\"https:\/\/exceladvisor.org\/de\/ruckgangig-wiederholen\/#breadcrumb\",\"itemListElement\":[{\"@type\":\"ListItem\",\"position\":1,\"name\":\"Accueil\",\"item\":\"https:\/\/exceladvisor.org\/de\/\"},{\"@type\":\"ListItem\",\"position\":2,\"name\":\"Wie kann ich mit einer excel-verkn\u00fcpfung einen vorgang r\u00fcckg\u00e4ngig machen und wiederherstellen?\"}]},{\"@type\":\"WebSite\",\"@id\":\"https:\/\/exceladvisor.org\/de\/#website\",\"url\":\"https:\/\/exceladvisor.org\/de\/\",\"name\":\"Excel Advisor\",\"description\":\"Ihr Leitfaden zur Datendominanz\",\"publisher\":{\"@id\":\"https:\/\/exceladvisor.org\/de\/#organization\"},\"potentialAction\":[{\"@type\":\"SearchAction\",\"target\":{\"@type\":\"EntryPoint\",\"urlTemplate\":\"https:\/\/exceladvisor.org\/de\/?s={search_term_string}\"},\"query-input\":{\"@type\":\"PropertyValueSpecification\",\"valueRequired\":true,\"valueName\":\"search_term_string\"}}],\"inLanguage\":\"de\"},{\"@type\":\"Organization\",\"@id\":\"https:\/\/exceladvisor.org\/de\/#organization\",\"name\":\"Excel Advisor\",\"url\":\"https:\/\/exceladvisor.org\/de\/\",\"logo\":{\"@type\":\"ImageObject\",\"inLanguage\":\"de\",\"@id\":\"https:\/\/exceladvisor.org\/de\/#\/schema\/logo\/image\/\",\"url\":\"https:\/\/exceladvisor.org\/de\/wp-content\/uploads\/2023\/11\/exceladvisor.org_.png\",\"contentUrl\":\"https:\/\/exceladvisor.org\/de\/wp-content\/uploads\/2023\/11\/exceladvisor.org_.png\",\"width\":105,\"height\":36,\"caption\":\"Excel Advisor\"},\"image\":{\"@id\":\"https:\/\/exceladvisor.org\/de\/#\/schema\/logo\/image\/\"}}]}<\/script>\n<!-- \/ Yoast SEO plugin. -->","yoast_head_json":{"title":"\u25b7 Wie kann ich mit der Excel-Verkn\u00fcpfung einen Vorgang r\u00fcckg\u00e4ngig machen und wiederherstellen?","description":"In diesem Tutorial erfahren Sie, wie Sie mithilfe einer Tastenkombination in einem Arbeitsblatt in Excel r\u00fcckg\u00e4ngig machen und wiederherstellen k\u00f6nnen.","robots":{"index":"index","follow":"follow","max-snippet":"max-snippet:-1","max-image-preview":"max-image-preview:large","max-video-preview":"max-video-preview:-1"},"canonical":"https:\/\/exceladvisor.org\/de\/ruckgangig-wiederholen\/","og_locale":"de_DE","og_type":"article","og_title":"\u25b7 Wie kann ich mit der Excel-Verkn\u00fcpfung einen Vorgang r\u00fcckg\u00e4ngig machen und wiederherstellen?","og_description":"In diesem Tutorial erfahren Sie, wie Sie mithilfe einer Tastenkombination in einem Arbeitsblatt in Excel r\u00fcckg\u00e4ngig machen und wiederherstellen k\u00f6nnen.","og_url":"https:\/\/exceladvisor.org\/de\/ruckgangig-wiederholen\/","og_site_name":"Excel Advisor","article_modified_time":"2023-12-03T11:22:00+00:00","og_image":[{"url":"https:\/\/exceladvisor.org\/wp-content\/uploads\/2023\/08\/1-touches-de-raccourci-dannulation.png","type":"","width":"","height":""}],"twitter_card":"summary_large_image","twitter_misc":{"Gesch\u00e4tzte Lesezeit":"1\u00a0Minute"},"schema":{"@context":"https:\/\/schema.org","@graph":[{"@type":"WebPage","@id":"https:\/\/exceladvisor.org\/de\/ruckgangig-wiederholen\/","url":"https:\/\/exceladvisor.org\/de\/ruckgangig-wiederholen\/","name":"\u25b7 Wie kann ich mit der Excel-Verkn\u00fcpfung einen Vorgang r\u00fcckg\u00e4ngig machen und wiederherstellen?","isPartOf":{"@id":"https:\/\/exceladvisor.org\/de\/#website"},"primaryImageOfPage":{"@id":"https:\/\/exceladvisor.org\/de\/ruckgangig-wiederholen\/#primaryimage"},"image":{"@id":"https:\/\/exceladvisor.org\/de\/ruckgangig-wiederholen\/#primaryimage"},"thumbnailUrl":"https:\/\/exceladvisor.org\/wp-content\/uploads\/2023\/08\/1-touches-de-raccourci-dannulation.png","datePublished":"2023-09-25T02:20:43+00:00","dateModified":"2023-12-03T11:22:00+00:00","description":"In diesem Tutorial erfahren Sie, wie Sie mithilfe einer Tastenkombination in einem Arbeitsblatt in Excel r\u00fcckg\u00e4ngig machen und wiederherstellen k\u00f6nnen.","breadcrumb":{"@id":"https:\/\/exceladvisor.org\/de\/ruckgangig-wiederholen\/#breadcrumb"},"inLanguage":"de","potentialAction":[{"@type":"ReadAction","target":["https:\/\/exceladvisor.org\/de\/ruckgangig-wiederholen\/"]}]},{"@type":"ImageObject","inLanguage":"de","@id":"https:\/\/exceladvisor.org\/de\/ruckgangig-wiederholen\/#primaryimage","url":"https:\/\/exceladvisor.org\/wp-content\/uploads\/2023\/08\/1-touches-de-raccourci-dannulation.png","contentUrl":"https:\/\/exceladvisor.org\/wp-content\/uploads\/2023\/08\/1-touches-de-raccourci-dannulation.png"},{"@type":"BreadcrumbList","@id":"https:\/\/exceladvisor.org\/de\/ruckgangig-wiederholen\/#breadcrumb","itemListElement":[{"@type":"ListItem","position":1,"name":"Accueil","item":"https:\/\/exceladvisor.org\/de\/"},{"@type":"ListItem","position":2,"name":"Wie kann ich mit einer excel-verkn\u00fcpfung einen vorgang r\u00fcckg\u00e4ngig machen und wiederherstellen?"}]},{"@type":"WebSite","@id":"https:\/\/exceladvisor.org\/de\/#website","url":"https:\/\/exceladvisor.org\/de\/","name":"Excel Advisor","description":"Ihr Leitfaden zur Datendominanz","publisher":{"@id":"https:\/\/exceladvisor.org\/de\/#organization"},"potentialAction":[{"@type":"SearchAction","target":{"@type":"EntryPoint","urlTemplate":"https:\/\/exceladvisor.org\/de\/?s={search_term_string}"},"query-input":{"@type":"PropertyValueSpecification","valueRequired":true,"valueName":"search_term_string"}}],"inLanguage":"de"},{"@type":"Organization","@id":"https:\/\/exceladvisor.org\/de\/#organization","name":"Excel Advisor","url":"https:\/\/exceladvisor.org\/de\/","logo":{"@type":"ImageObject","inLanguage":"de","@id":"https:\/\/exceladvisor.org\/de\/#\/schema\/logo\/image\/","url":"https:\/\/exceladvisor.org\/de\/wp-content\/uploads\/2023\/11\/exceladvisor.org_.png","contentUrl":"https:\/\/exceladvisor.org\/de\/wp-content\/uploads\/2023\/11\/exceladvisor.org_.png","width":105,"height":36,"caption":"Excel Advisor"},"image":{"@id":"https:\/\/exceladvisor.org\/de\/#\/schema\/logo\/image\/"}}]}},"yoast_meta":{"yoast_wpseo_title":"","yoast_wpseo_metadesc":"","yoast_wpseo_canonical":""},"_links":{"self":[{"href":"https:\/\/exceladvisor.org\/de\/wp-json\/wp\/v2\/pages\/3696","targetHints":{"allow":["GET"]}}],"collection":[{"href":"https:\/\/exceladvisor.org\/de\/wp-json\/wp\/v2\/pages"}],"about":[{"href":"https:\/\/exceladvisor.org\/de\/wp-json\/wp\/v2\/types\/page"}],"author":[{"embeddable":true,"href":"https:\/\/exceladvisor.org\/de\/wp-json\/wp\/v2\/users\/1"}],"replies":[{"embeddable":true,"href":"https:\/\/exceladvisor.org\/de\/wp-json\/wp\/v2\/comments?post=3696"}],"version-history":[{"count":1,"href":"https:\/\/exceladvisor.org\/de\/wp-json\/wp\/v2\/pages\/3696\/revisions"}],"predecessor-version":[{"id":4095,"href":"https:\/\/exceladvisor.org\/de\/wp-json\/wp\/v2\/pages\/3696\/revisions\/4095"}],"wp:attachment":[{"href":"https:\/\/exceladvisor.org\/de\/wp-json\/wp\/v2\/media?parent=3696"}],"curies":[{"name":"wp","href":"https:\/\/api.w.org\/{rel}","templated":true}]}}