{"id":3697,"date":"2023-09-25T01:25:55","date_gmt":"2023-09-25T01:25:55","guid":{"rendered":"https:\/\/exceladvisor.org\/de\/einen-einzug-hinzufugen\/"},"modified":"2023-12-03T11:21:00","modified_gmt":"2023-12-03T11:21:00","slug":"einen-einzug-hinzufugen","status":"publish","type":"page","link":"https:\/\/exceladvisor.org\/de\/einen-einzug-hinzufugen\/","title":{"rendered":"Wie f\u00fcge ich in excel einen einzug hinzu?"},"content":{"rendered":"<div class=\"excel-vor-dem-inhalt\" id=\"excel-1318859878\"><script type=\"text\/javascript\">\r\n\tatOptions = {\r\n\t\t'key' : 'c1158f160081d6540a8409e6925dab94',\r\n\t\t'format' : 'iframe',\r\n\t\t'height' : 250,\r\n\t\t'width' : 300,\r\n\t\t'params' : {}\r\n\t};\r\n<\/script>\r\n<script type=\"text\/javascript\" src=\"\/\/www.highperformanceformat.com\/c1158f160081d6540a8409e6925dab94\/invoke.js\"><\/script><\/div> <p>In Excel wird die Einr\u00fcckung verwendet, um die Ausrichtung des Texts links oder rechts in der Zelle zu \u00e4ndern (zu vergr\u00f6\u00dfern oder zu verkleinern). Excel richtet Text in Zellen standardm\u00e4\u00dfig links und Zahlen rechts aus.<\/p><p> Wenn Sie jedoch einen gr\u00f6\u00dferen Einzug verwenden, k\u00f6nnen Sie die Ausrichtung nach rechts verschieben, und wenn Sie einen kleineren Einzug verwenden, k\u00f6nnen Sie die Ausrichtung in Zellen nach links verschieben.<\/p><h2 id=\"0-keyboard-shortcut-to-add-indent-in-the-excel\" class=\"wp-block-heading\"> Tastenkombinationen zum Hinzuf\u00fcgen von Einz\u00fcgen in Excel<\/h2><p> Die Tastenkombinationen zum Erh\u00f6hen oder Verkleinern des Einzugs sind unten aufgef\u00fchrt:<\/p><p> <kbd>Alt<\/kbd> \u2192 <kbd>H<\/kbd> \u2192 <kbd>6<\/kbd> (Einzug vergr\u00f6\u00dfern) <\/p><div class=\"wp-block-image\"><figure class=\"aligncenter size-full is-resized\"><img loading=\"lazy\" decoding=\"async\" class=\"wp-image-70398\" src=\"https:\/\/exceladvisor.org\/wp-content\/uploads\/2023\/08\/1-raccourci-pour-augmenter-le-retrait.png\" sizes=\"auto, \" srcset=\"\" alt=\"Verkn\u00fcpfung zum Vergr\u00f6\u00dfern des Einzugs\" width=\"767\" height=\"301\"><\/figure><\/div><p> <kbd>Alt<\/kbd> \u2192 <kbd>H<\/kbd> \u2192 <kbd>5<\/kbd> (Einzug verkleinern) <\/p><div class=\"wp-block-image\"><figure class=\"aligncenter size-full is-resized\"><img loading=\"lazy\" decoding=\"async\" class=\"wp-image-70399\" src=\"https:\/\/exceladvisor.org\/wp-content\/uploads\/2023\/08\/2-raccourci-pour-diminuer-le-retrait.png\" sizes=\"auto, \" srcset=\"\" alt=\"Abk\u00fcrzung, um die Schrumpfung zu verringern\" width=\"771\" height=\"302\"><\/figure><\/div><h2 id=\"1-steps-to-add-indent-using-keyboard-shortcut\" class=\"wp-block-heading\"> Schritte zum Hinzuf\u00fcgen eines Einzugs mithilfe einer Tastenkombination<\/h2><ol><li> W\u00e4hlen Sie zun\u00e4chst die Zelle oder den Zellbereich aus, in der Sie den Einzug hinzuf\u00fcgen m\u00f6chten. <br><img decoding=\"async\" title=\"3-Zellen ausw\u00e4hlen\" src=\"https:\/\/exceladvisor.org\/wp-content\/uploads\/2023\/08\/3-selectionner-les-cellules.png\" sizes=\"\" srcset=\"\" alt=\"select-the-cells\"><\/li><li> Dr\u00fccken Sie anschlie\u00dfend nacheinander die Tasten \u201eAlt \u2192 H \u2192 6\u201c, um den Text in den Zellen nach rechts zu verschieben.<\/li><li> Oder dr\u00fccken Sie die Tasten \u201eAlt \u2192 H \u2192 5\u201c, um die Ausrichtung in Zellen nach links zu verschieben.<\/li><li> Dr\u00fccken Sie mehrmals die Einzugs-Hotkeys, um die Ausrichtung auf eine bestimmte erforderliche Ebene zu verschieben. <br><img decoding=\"async\" title=\"4-zur-Zelle hinzugef\u00fcgt-entfernt\" src=\"https:\/\/exceladvisor.org\/wp-content\/uploads\/2023\/08\/4-retrait-ajoute-a-la-cellule.png\" sizes=\"\" srcset=\"\" alt=\"added-indent-to-cell\"><\/li><\/ol><div class=\"gb-container gb-container-2116538e gb-container-mt\"><h2 class=\"gb-headline gb-headline-7ed68554 gb-headline-text gb-headline-mt-heading\"> Weitere Verkn\u00fcpfungen <\/h2><div class=\"gb-grid-wrapper gb-grid-wrapper-edeef538 gb-grid-wrapper-mt-grid\"><div class=\"gb-grid-column gb-grid-column-6ab6fbc6\"><div class=\"gb-container gb-container-6ab6fbc6\"><ul><li> <a href=\"https:\/\/exceladvisor.org\/de\/optionen-zum-offnen-von-zellenformaten\/\">Option zum \u00d6ffnen von Formatzellen<\/a><\/li><li> <a href=\"https:\/\/exceladvisor.org\/de\/automatische-anpassung\/\">Automatische Anpassung<\/a><\/li><li> <a href=\"https:\/\/exceladvisor.org\/de\/malerformat-1\/\">Malerformat<\/a><\/li><li> Zeilenumbruch<\/li><li> <a href=\"https:\/\/exceladvisor.org\/de\/fuge-kommentare-hinzu\/\">F\u00fcge Kommentare hinzu<\/a> <\/li><\/ul><\/div><\/div><div class=\"gb-grid-column gb-grid-column-766d598b\"><div class=\"gb-container gb-container-766d598b\"><\/div><\/div><\/div><\/div>","protected":false},"excerpt":{"rendered":"","protected":false},"author":1,"featured_media":0,"parent":0,"menu_order":0,"comment_status":"open","ping_status":"closed","template":"","meta":{"ub_ctt_via":"","footnotes":""},"class_list":["post-3697","page","type-page","status-publish","hentry"],"featured_image_src":null,"yoast_head":"<!-- This site is optimized with the Yoast SEO plugin v25.4 - https:\/\/yoast.com\/wordpress\/plugins\/seo\/ -->\n<title>\u25b7 Wie f\u00fcge ich in Excel einen Einzug hinzu? (Tutorial 2023)<\/title>\n<meta name=\"description\" content=\"In diesem Tutorial erfahren Sie, wie Sie mithilfe einer Tastenkombination Einz\u00fcge in Excel und alle zugeh\u00f6rigen Informationen hinzuf\u00fcgen\" \/>\n<meta name=\"robots\" content=\"index, follow, max-snippet:-1, max-image-preview:large, max-video-preview:-1\" \/>\n<link rel=\"canonical\" href=\"https:\/\/exceladvisor.org\/de\/einen-einzug-hinzufugen\/\" \/>\n<meta property=\"og:locale\" content=\"de_DE\" \/>\n<meta property=\"og:type\" content=\"article\" \/>\n<meta property=\"og:title\" content=\"\u25b7 Wie f\u00fcge ich in Excel einen Einzug hinzu? (Tutorial 2023)\" \/>\n<meta property=\"og:description\" content=\"In diesem Tutorial erfahren Sie, wie Sie mithilfe einer Tastenkombination Einz\u00fcge in Excel und alle zugeh\u00f6rigen Informationen hinzuf\u00fcgen\" \/>\n<meta property=\"og:url\" content=\"https:\/\/exceladvisor.org\/de\/einen-einzug-hinzufugen\/\" \/>\n<meta property=\"og:site_name\" content=\"Excel Advisor\" \/>\n<meta property=\"article:modified_time\" content=\"2023-12-03T11:21:00+00:00\" \/>\n<meta property=\"og:image\" content=\"https:\/\/exceladvisor.org\/wp-content\/uploads\/2023\/08\/1-raccourci-pour-augmenter-le-retrait.png\" \/>\n<meta name=\"twitter:card\" content=\"summary_large_image\" \/>\n<meta name=\"twitter:label1\" content=\"Gesch\u00e4tzte Lesezeit\" \/>\n\t<meta name=\"twitter:data1\" content=\"1\u00a0Minute\" \/>\n<script type=\"application\/ld+json\" class=\"yoast-schema-graph\">{\"@context\":\"https:\/\/schema.org\",\"@graph\":[{\"@type\":\"WebPage\",\"@id\":\"https:\/\/exceladvisor.org\/de\/einen-einzug-hinzufugen\/\",\"url\":\"https:\/\/exceladvisor.org\/de\/einen-einzug-hinzufugen\/\",\"name\":\"\u25b7 Wie f\u00fcge ich in Excel einen Einzug hinzu? (Tutorial 2023)\",\"isPartOf\":{\"@id\":\"https:\/\/exceladvisor.org\/de\/#website\"},\"primaryImageOfPage\":{\"@id\":\"https:\/\/exceladvisor.org\/de\/einen-einzug-hinzufugen\/#primaryimage\"},\"image\":{\"@id\":\"https:\/\/exceladvisor.org\/de\/einen-einzug-hinzufugen\/#primaryimage\"},\"thumbnailUrl\":\"https:\/\/exceladvisor.org\/wp-content\/uploads\/2023\/08\/1-raccourci-pour-augmenter-le-retrait.png\",\"datePublished\":\"2023-09-25T01:25:55+00:00\",\"dateModified\":\"2023-12-03T11:21:00+00:00\",\"description\":\"In diesem Tutorial erfahren Sie, wie Sie mithilfe einer Tastenkombination Einz\u00fcge in Excel und alle zugeh\u00f6rigen Informationen hinzuf\u00fcgen\",\"breadcrumb\":{\"@id\":\"https:\/\/exceladvisor.org\/de\/einen-einzug-hinzufugen\/#breadcrumb\"},\"inLanguage\":\"de\",\"potentialAction\":[{\"@type\":\"ReadAction\",\"target\":[\"https:\/\/exceladvisor.org\/de\/einen-einzug-hinzufugen\/\"]}]},{\"@type\":\"ImageObject\",\"inLanguage\":\"de\",\"@id\":\"https:\/\/exceladvisor.org\/de\/einen-einzug-hinzufugen\/#primaryimage\",\"url\":\"https:\/\/exceladvisor.org\/wp-content\/uploads\/2023\/08\/1-raccourci-pour-augmenter-le-retrait.png\",\"contentUrl\":\"https:\/\/exceladvisor.org\/wp-content\/uploads\/2023\/08\/1-raccourci-pour-augmenter-le-retrait.png\"},{\"@type\":\"BreadcrumbList\",\"@id\":\"https:\/\/exceladvisor.org\/de\/einen-einzug-hinzufugen\/#breadcrumb\",\"itemListElement\":[{\"@type\":\"ListItem\",\"position\":1,\"name\":\"Accueil\",\"item\":\"https:\/\/exceladvisor.org\/de\/\"},{\"@type\":\"ListItem\",\"position\":2,\"name\":\"Wie f\u00fcge ich in excel einen einzug hinzu?\"}]},{\"@type\":\"WebSite\",\"@id\":\"https:\/\/exceladvisor.org\/de\/#website\",\"url\":\"https:\/\/exceladvisor.org\/de\/\",\"name\":\"Excel Advisor\",\"description\":\"Ihr Leitfaden zur Datendominanz\",\"publisher\":{\"@id\":\"https:\/\/exceladvisor.org\/de\/#organization\"},\"potentialAction\":[{\"@type\":\"SearchAction\",\"target\":{\"@type\":\"EntryPoint\",\"urlTemplate\":\"https:\/\/exceladvisor.org\/de\/?s={search_term_string}\"},\"query-input\":{\"@type\":\"PropertyValueSpecification\",\"valueRequired\":true,\"valueName\":\"search_term_string\"}}],\"inLanguage\":\"de\"},{\"@type\":\"Organization\",\"@id\":\"https:\/\/exceladvisor.org\/de\/#organization\",\"name\":\"Excel Advisor\",\"url\":\"https:\/\/exceladvisor.org\/de\/\",\"logo\":{\"@type\":\"ImageObject\",\"inLanguage\":\"de\",\"@id\":\"https:\/\/exceladvisor.org\/de\/#\/schema\/logo\/image\/\",\"url\":\"https:\/\/exceladvisor.org\/de\/wp-content\/uploads\/2023\/11\/exceladvisor.org_.png\",\"contentUrl\":\"https:\/\/exceladvisor.org\/de\/wp-content\/uploads\/2023\/11\/exceladvisor.org_.png\",\"width\":105,\"height\":36,\"caption\":\"Excel Advisor\"},\"image\":{\"@id\":\"https:\/\/exceladvisor.org\/de\/#\/schema\/logo\/image\/\"}}]}<\/script>\n<!-- \/ Yoast SEO plugin. -->","yoast_head_json":{"title":"\u25b7 Wie f\u00fcge ich in Excel einen Einzug hinzu? (Tutorial 2023)","description":"In diesem Tutorial erfahren Sie, wie Sie mithilfe einer Tastenkombination Einz\u00fcge in Excel und alle zugeh\u00f6rigen Informationen hinzuf\u00fcgen","robots":{"index":"index","follow":"follow","max-snippet":"max-snippet:-1","max-image-preview":"max-image-preview:large","max-video-preview":"max-video-preview:-1"},"canonical":"https:\/\/exceladvisor.org\/de\/einen-einzug-hinzufugen\/","og_locale":"de_DE","og_type":"article","og_title":"\u25b7 Wie f\u00fcge ich in Excel einen Einzug hinzu? (Tutorial 2023)","og_description":"In diesem Tutorial erfahren Sie, wie Sie mithilfe einer Tastenkombination Einz\u00fcge in Excel und alle zugeh\u00f6rigen Informationen hinzuf\u00fcgen","og_url":"https:\/\/exceladvisor.org\/de\/einen-einzug-hinzufugen\/","og_site_name":"Excel Advisor","article_modified_time":"2023-12-03T11:21:00+00:00","og_image":[{"url":"https:\/\/exceladvisor.org\/wp-content\/uploads\/2023\/08\/1-raccourci-pour-augmenter-le-retrait.png","type":"","width":"","height":""}],"twitter_card":"summary_large_image","twitter_misc":{"Gesch\u00e4tzte Lesezeit":"1\u00a0Minute"},"schema":{"@context":"https:\/\/schema.org","@graph":[{"@type":"WebPage","@id":"https:\/\/exceladvisor.org\/de\/einen-einzug-hinzufugen\/","url":"https:\/\/exceladvisor.org\/de\/einen-einzug-hinzufugen\/","name":"\u25b7 Wie f\u00fcge ich in Excel einen Einzug hinzu? (Tutorial 2023)","isPartOf":{"@id":"https:\/\/exceladvisor.org\/de\/#website"},"primaryImageOfPage":{"@id":"https:\/\/exceladvisor.org\/de\/einen-einzug-hinzufugen\/#primaryimage"},"image":{"@id":"https:\/\/exceladvisor.org\/de\/einen-einzug-hinzufugen\/#primaryimage"},"thumbnailUrl":"https:\/\/exceladvisor.org\/wp-content\/uploads\/2023\/08\/1-raccourci-pour-augmenter-le-retrait.png","datePublished":"2023-09-25T01:25:55+00:00","dateModified":"2023-12-03T11:21:00+00:00","description":"In diesem Tutorial erfahren Sie, wie Sie mithilfe einer Tastenkombination Einz\u00fcge in Excel und alle zugeh\u00f6rigen Informationen hinzuf\u00fcgen","breadcrumb":{"@id":"https:\/\/exceladvisor.org\/de\/einen-einzug-hinzufugen\/#breadcrumb"},"inLanguage":"de","potentialAction":[{"@type":"ReadAction","target":["https:\/\/exceladvisor.org\/de\/einen-einzug-hinzufugen\/"]}]},{"@type":"ImageObject","inLanguage":"de","@id":"https:\/\/exceladvisor.org\/de\/einen-einzug-hinzufugen\/#primaryimage","url":"https:\/\/exceladvisor.org\/wp-content\/uploads\/2023\/08\/1-raccourci-pour-augmenter-le-retrait.png","contentUrl":"https:\/\/exceladvisor.org\/wp-content\/uploads\/2023\/08\/1-raccourci-pour-augmenter-le-retrait.png"},{"@type":"BreadcrumbList","@id":"https:\/\/exceladvisor.org\/de\/einen-einzug-hinzufugen\/#breadcrumb","itemListElement":[{"@type":"ListItem","position":1,"name":"Accueil","item":"https:\/\/exceladvisor.org\/de\/"},{"@type":"ListItem","position":2,"name":"Wie f\u00fcge ich in excel einen einzug hinzu?"}]},{"@type":"WebSite","@id":"https:\/\/exceladvisor.org\/de\/#website","url":"https:\/\/exceladvisor.org\/de\/","name":"Excel Advisor","description":"Ihr Leitfaden zur Datendominanz","publisher":{"@id":"https:\/\/exceladvisor.org\/de\/#organization"},"potentialAction":[{"@type":"SearchAction","target":{"@type":"EntryPoint","urlTemplate":"https:\/\/exceladvisor.org\/de\/?s={search_term_string}"},"query-input":{"@type":"PropertyValueSpecification","valueRequired":true,"valueName":"search_term_string"}}],"inLanguage":"de"},{"@type":"Organization","@id":"https:\/\/exceladvisor.org\/de\/#organization","name":"Excel Advisor","url":"https:\/\/exceladvisor.org\/de\/","logo":{"@type":"ImageObject","inLanguage":"de","@id":"https:\/\/exceladvisor.org\/de\/#\/schema\/logo\/image\/","url":"https:\/\/exceladvisor.org\/de\/wp-content\/uploads\/2023\/11\/exceladvisor.org_.png","contentUrl":"https:\/\/exceladvisor.org\/de\/wp-content\/uploads\/2023\/11\/exceladvisor.org_.png","width":105,"height":36,"caption":"Excel Advisor"},"image":{"@id":"https:\/\/exceladvisor.org\/de\/#\/schema\/logo\/image\/"}}]}},"yoast_meta":{"yoast_wpseo_title":"","yoast_wpseo_metadesc":"","yoast_wpseo_canonical":""},"_links":{"self":[{"href":"https:\/\/exceladvisor.org\/de\/wp-json\/wp\/v2\/pages\/3697","targetHints":{"allow":["GET"]}}],"collection":[{"href":"https:\/\/exceladvisor.org\/de\/wp-json\/wp\/v2\/pages"}],"about":[{"href":"https:\/\/exceladvisor.org\/de\/wp-json\/wp\/v2\/types\/page"}],"author":[{"embeddable":true,"href":"https:\/\/exceladvisor.org\/de\/wp-json\/wp\/v2\/users\/1"}],"replies":[{"embeddable":true,"href":"https:\/\/exceladvisor.org\/de\/wp-json\/wp\/v2\/comments?post=3697"}],"version-history":[{"count":1,"href":"https:\/\/exceladvisor.org\/de\/wp-json\/wp\/v2\/pages\/3697\/revisions"}],"predecessor-version":[{"id":4040,"href":"https:\/\/exceladvisor.org\/de\/wp-json\/wp\/v2\/pages\/3697\/revisions\/4040"}],"wp:attachment":[{"href":"https:\/\/exceladvisor.org\/de\/wp-json\/wp\/v2\/media?parent=3697"}],"curies":[{"name":"wp","href":"https:\/\/api.w.org\/{rel}","templated":true}]}}