{"id":3699,"date":"2023-09-15T01:31:19","date_gmt":"2023-09-15T01:31:19","guid":{"rendered":"https:\/\/exceladvisor.org\/de\/ausrichtung\/"},"modified":"2023-12-03T11:13:47","modified_gmt":"2023-12-03T11:13:47","slug":"ausrichtung","status":"publish","type":"page","link":"https:\/\/exceladvisor.org\/de\/ausrichtung\/","title":{"rendered":"Wie \u00e4ndere ich die textausrichtung in excel?"},"content":{"rendered":"<div class=\"excel-vor-dem-inhalt\" id=\"excel-2329940326\"><script type=\"text\/javascript\">\r\n\tatOptions = {\r\n\t\t'key' : 'c1158f160081d6540a8409e6925dab94',\r\n\t\t'format' : 'iframe',\r\n\t\t'height' : 250,\r\n\t\t'width' : 300,\r\n\t\t'params' : {}\r\n\t};\r\n<\/script>\r\n<script type=\"text\/javascript\" src=\"\/\/www.highperformanceformat.com\/c1158f160081d6540a8409e6925dab94\/invoke.js\"><\/script><\/div> <p>In Excel hilft Ihnen die Ausrichtung dabei, Text und Werte in Arbeitsblattzellen auszurichten. Standardm\u00e4\u00dfig wird die Zahl unten rechts und der Text unten links in der Zelle ausgerichtet. In diesem Tutorial erfahren Sie, wie Sie die Textausrichtung auf zwei Arten anpassen k\u00f6nnen: horizontal und vertikal.<\/p><h2 class=\"wp-block-heading\"> \u00c4ndern Sie die Ausrichtung mithilfe des Men\u00fcbands<\/h2><p> So \u00e4ndern Sie die Textausrichtung in Excel \u00fcber das Men\u00fcband.<\/p><ul><li> W\u00e4hlen Sie zun\u00e4chst den Zellbereich aus, den Sie neu ausrichten m\u00f6chten.<\/li><li> Gehen Sie als N\u00e4chstes zur Registerkarte \u201eStartseite\u201c und w\u00e4hlen Sie die Gruppe \u201eAusrichtung\u201c aus. <\/li><\/ul><div class=\"wp-block-image\"><figure class=\"aligncenter size-full is-resized\"><img loading=\"lazy\" decoding=\"async\" class=\"wp-image-79600\" src=\"https:\/\/exceladvisor.org\/wp-content\/uploads\/2023\/08\/1-options-dalignement.png\" sizes=\"auto, \" srcset=\"\" alt=\"Ausrichtungsm\u00f6glichkeiten\" width=\"520\" height=\"246\"><\/figure><\/div><h2 class=\"wp-block-heading\"> Vertikale Ausrichtung<\/h2><p> Mit den folgenden Optionen k\u00f6nnen Sie Daten vertikal ausrichten.<\/p><ol type=\"1\"><li> Oben ausrichten \u2013 Damit k\u00f6nnen Sie sowohl den Text als auch die Zahl am oberen Rand der Zelle ausrichten.<\/li><li> Mitte \u2013 Richtet die Daten in der Mitte der Zelle aus.<\/li><li> Unten \u2013 Dies ist die Standardoption und platziert den Inhalt am unteren Rand der Zelle. <\/li><\/ol><div class=\"wp-block-image\"><figure class=\"aligncenter size-full is-resized\"><img loading=\"lazy\" decoding=\"async\" class=\"wp-image-79601\" src=\"https:\/\/exceladvisor.org\/wp-content\/uploads\/2023\/08\/2-icones-dalignement-vertical.png\" sizes=\"auto, \" srcset=\"\" alt=\"vertikale Ausrichtungsoptionen\" width=\"475\" height=\"234\"><\/figure><\/div><h2 class=\"wp-block-heading\"> Horizontale Ausrichtung<\/h2><p> Um Daten horizontal auszurichten, verwenden Sie die folgenden Optionen:<\/p><ol type=\"1\"><li> Linksb\u00fcndig \u2013 Richtet den Text am linken Rand der Zelle aus.<\/li><li> Mitte: Der Text und die Zahl werden in der Mitte platziert.<\/li><li> Rechts \u2013 Richtet den Inhalt auf der rechten Seite der Zelle aus. <\/li><\/ol><div class=\"wp-block-image\"><figure class=\"aligncenter size-full is-resized\"><img loading=\"lazy\" decoding=\"async\" class=\"wp-image-79602\" src=\"https:\/\/exceladvisor.org\/wp-content\/uploads\/2023\/08\/3-options-dalignement-horizontal.png\" sizes=\"auto, \" srcset=\"\" alt=\"horizontale Ausrichtungsoptionen\" width=\"814\" height=\"169\"><\/figure><\/div><h2 class=\"wp-block-heading\"> Andere Optionen<\/h2><ol type=\"1\"><li> <strong>Textausrichtung (Text drehen)<\/strong> : Damit k\u00f6nnen Sie die Ausrichtung des Textes vertikal oder diagonal \u00e4ndern.<\/li><li> <strong>Text umbrechen<\/strong> : Mit dieser Option k\u00f6nnen Sie langen Text in mehrere Zeilen einer Zelle umbrechen.<\/li><li> <strong>Out<\/strong> : Es gibt zwei Outs in der Kadergruppe. Wenn Sie auf das Symbol \u201eEinzug vergr\u00f6\u00dfern\u201c klicken, wird Ihr Text weiter nach rechts verschoben. Um den Text jedoch wieder nach links zu verschieben, klicken Sie auf das Symbol \u201eEinzug verkleinern\u201c.<\/li><li> <strong>Zusammenf\u00fchren<\/strong> : Wird verwendet, um die ausgew\u00e4hlten Zellen zu einer einzigen Zelle zusammenzufassen. <\/li><\/ol><div class=\"wp-block-image\"><figure class=\"aligncenter size-full is-resized\"><img loading=\"lazy\" decoding=\"async\" class=\"wp-image-79603\" src=\"https:\/\/exceladvisor.org\/wp-content\/uploads\/2023\/08\/4-options-dorientation-du-texte-et-de-fusion-du-texte-en-retrait.png\" sizes=\"auto, \" srcset=\"\" alt=\"Wrap-Text-Indent-Text-Orientation-and-Merge-Optionen\" width=\"396\" height=\"218\"><\/figure><\/div><h2 class=\"wp-block-heading\"> \u00c4ndern Sie die Textausrichtung in den Formatzellenoptionen<\/h2><p> Eine weitere M\u00f6glichkeit, die Textausrichtung zu \u00e4ndern, ist die Verwendung des Dialogfelds \u201eZellen formatieren\u201c. Nachfolgend finden Sie die Schritte hierf\u00fcr.<\/p><ul><li> Auch hier m\u00fcssen Sie die Zelle ausw\u00e4hlen, die Sie neu ausrichten m\u00f6chten.<\/li><li> \u00d6ffnen Sie als N\u00e4chstes das Dialogfeld \u201eZellen formatieren\u201c \u00fcber den Pfeil unten rechts in der Gruppe \u201eAusrichtung\u201c. <\/li><\/ul><div class=\"wp-block-image\"><figure class=\"aligncenter size-full is-resized\"><img loading=\"lazy\" decoding=\"async\" class=\"wp-image-79604\" src=\"https:\/\/exceladvisor.org\/wp-content\/uploads\/2023\/08\/5-cliquez-sur-la-fleche-en-bas-a-droite.png\" sizes=\"auto, \" srcset=\"\" alt=\"Klicken Sie auf den Pfeil unten rechts\" width=\"582\" height=\"256\"><\/figure><\/div><ul><li> W\u00e4hlen Sie als N\u00e4chstes im Dialogfeld \u201eZellen formatieren\u201c die Registerkarte \u201eAusrichtung\u201c aus. W\u00e4hlen Sie in diesem Fall die gew\u00fcnschte Option aus der horizontalen und vertikalen Dropdown-Liste aus, um den Text auszurichten. <\/li><\/ul><div class=\"wp-block-image\"><figure class=\"aligncenter size-full is-resized\"><img loading=\"lazy\" decoding=\"async\" class=\"wp-image-79605\" src=\"https:\/\/exceladvisor.org\/wp-content\/uploads\/2023\/08\/Alignement-du-texte-de-la-boite-de-dialogue-de-format-6-cellules.png\" sizes=\"auto, \" srcset=\"\" alt=\"format-cells-dialog-text-alignment\" width=\"565\" height=\"558\"><\/figure><\/div><ul><li> W\u00e4hlen Sie nun die horizontale und vertikale Textausrichtung aus den Dropdown-Optionen aus und klicken Sie auf die Schaltfl\u00e4che \u201eOK\u201c, um sie auf die ausgew\u00e4hlten Zellen anzuwenden.<\/li><\/ul><p> Beispielsweise w\u00e4hlen wir \u201eVerteilt\u201c sowohl in der horizontalen als auch in der vertikalen Textausrichtung. Der Schnappschuss unten zeigt, wie der Text gleichm\u00e4\u00dfig \u00fcber H\u00f6he und Breite verteilt wird, indem der Abstand zwischen den W\u00f6rtern vergr\u00f6\u00dfert wird, um die Zelle zu f\u00fcllen. <\/p><div class=\"wp-block-image\"><figure class=\"aligncenter size-full is-resized\"><img loading=\"lazy\" decoding=\"async\" class=\"wp-image-79606\" src=\"https:\/\/exceladvisor.org\/wp-content\/uploads\/2023\/08\/7-alignement-de-texte-distribue.png\" sizes=\"auto, \" srcset=\"\" alt=\"Verteilte Textausrichtung\" width=\"618\" height=\"332\"><\/figure><\/div><h3 class=\"wp-block-heading\"> \u00c4ndern der Textrichtung<\/h3><p> Unten im Feld \u201eZellen formatieren\u201c gibt es eine Option zum \u00c4ndern der Textrichtung. Die Standardeinstellung ist \u201eKontext\u201c, Sie k\u00f6nnen sie jedoch von links nach rechts oder von rechts nach links \u00e4ndern.<\/p><ul><li> Die Standardtextrichtung ist von links nach rechts.<\/li><li> Bei bestimmten Sprachen wie Arabisch wird die Option \u201eRechts nach links\u201c verwendet. <\/li><\/ul><div class=\"wp-block-image\"><figure class=\"aligncenter size-full is-resized\"><img loading=\"lazy\" decoding=\"async\" class=\"wp-image-79607\" src=\"https:\/\/exceladvisor.org\/wp-content\/uploads\/2023\/08\/8-changer-la-direction-du-texte.png\" sizes=\"auto, \" srcset=\"\" alt=\"\u00c4nderung der Textrichtung\" width=\"438\" height=\"218\"><\/figure><\/div><h3 class=\"wp-block-heading\"> \u00c4ndern der Textausrichtung<\/h3><p> Die Option zur Textausrichtung ist auch im Dialogfeld \u201eZellen formatieren\u201c verf\u00fcgbar. <\/p><div class=\"wp-block-image\"><figure class=\"aligncenter size-full is-resized\"><img loading=\"lazy\" decoding=\"async\" class=\"wp-image-79608\" src=\"https:\/\/exceladvisor.org\/wp-content\/uploads\/2023\/08\/9-options-dorientation-du-texte.png\" sizes=\"auto, \" srcset=\"\" alt=\"Textausrichtungsoption\" width=\"193\" height=\"235\"><\/figure><\/div><p> Es wird verwendet, um die Ausrichtung zu \u00e4ndern, indem der Text im Uhrzeigersinn, gegen den Uhrzeigersinn, nach oben und unten gedreht wird. Geben Sie den Wert zwischen 90 und -90 Grad in das Feld ein oder Sie k\u00f6nnen auch den Ausrichtungszeiger verwenden, um die Richtung des Texts zu \u00e4ndern, und auf \u201eOK\u201c klicken, um ihn auf die ausgew\u00e4hlten Zellen anzuwenden. <\/p><div class=\"wp-block-image\"><figure class=\"aligncenter size-full is-resized\"><img loading=\"lazy\" decoding=\"async\" class=\"wp-image-79609\" src=\"https:\/\/exceladvisor.org\/wp-content\/uploads\/2023\/08\/10-faire-pivoter-le-texte-de-45-degres.png\" sizes=\"auto, \" srcset=\"\" alt=\"Text um 45 Grad drehen\" width=\"449\" height=\"234\"><\/figure><\/div><div class=\"gb-container gb-container-4db6181c gb-container-mt\"> <a class=\"gb-button gb-button-c5897111 gb-button-text gb-button-mt-button\" href=\"https:\/\/exceladvisor.org\/de\/excel-grundlagen\/\">Microsoft Excel-Grundlagen (Komponenten, Teile und Wissenshinweise)<\/a><h2 class=\"gb-headline gb-headline-665e5f6b gb-headline-text gb-headline-mt-heading\"> Verwandte Tutorials <\/h2><div class=\"gb-grid-wrapper gb-grid-wrapper-a20baf7c gb-grid-wrapper-mt-grid\"><div class=\"gb-grid-column gb-grid-column-65ddf67e\"><div class=\"gb-container gb-container-65ddf67e\"><ul><li> <a href=\"https:\/\/exceladvisor.org\/de\/vollig-rechtfertigen\/\">F\u00fcllen Sie \u201eAusrichten\u201c in Excel aus<\/a><\/li><li> <a href=\"https:\/\/exceladvisor.org\/de\/excel-formelleiste\/\">Formelleiste in Excel<\/a><\/li><li> <a href=\"https:\/\/exceladvisor.org\/de\/fugen-sie-eine-fusszeile-hinzu\/\">F\u00fcgen Sie in Excel eine Kopf- und Fu\u00dfzeile hinzu<\/a><\/li><li> <a href=\"https:\/\/exceladvisor.org\/de\/herrscher\/\">Lineal in Excel anzeigen<\/a><\/li><li> <a href=\"https:\/\/exceladvisor.org\/de\/fullgriff\/\">Handle in Excel ausf\u00fcllen<\/a> <\/li><\/ul><\/div><\/div><div class=\"gb-grid-column gb-grid-column-50067b57\"><div class=\"gb-container gb-container-50067b57\"><\/div><\/div><\/div><\/div>","protected":false},"excerpt":{"rendered":"","protected":false},"author":1,"featured_media":0,"parent":0,"menu_order":0,"comment_status":"open","ping_status":"closed","template":"","meta":{"ub_ctt_via":"","footnotes":""},"class_list":["post-3699","page","type-page","status-publish","hentry"],"featured_image_src":null,"yoast_head":"<!-- This site is optimized with the Yoast SEO plugin v25.4 - https:\/\/yoast.com\/wordpress\/plugins\/seo\/ -->\n<title>\u25b7 Wie \u00e4ndere ich die Textausrichtung in Excel?<\/title>\n<meta name=\"description\" content=\"Dies ist ein grundlegendes Microsoft Excel-Tutorial zum \u00c4ndern der Werteausrichtung in einer Zelle. Abgesehen davon gibt es noch ein paar andere M\u00f6glichkeiten ...\" \/>\n<meta name=\"robots\" content=\"index, follow, max-snippet:-1, max-image-preview:large, max-video-preview:-1\" \/>\n<link rel=\"canonical\" href=\"https:\/\/exceladvisor.org\/de\/ausrichtung\/\" \/>\n<meta property=\"og:locale\" content=\"de_DE\" \/>\n<meta property=\"og:type\" content=\"article\" \/>\n<meta property=\"og:title\" content=\"\u25b7 Wie \u00e4ndere ich die Textausrichtung in Excel?\" \/>\n<meta property=\"og:description\" content=\"Dies ist ein grundlegendes Microsoft Excel-Tutorial zum \u00c4ndern der Werteausrichtung in einer Zelle. Abgesehen davon gibt es noch ein paar andere M\u00f6glichkeiten ...\" \/>\n<meta property=\"og:url\" content=\"https:\/\/exceladvisor.org\/de\/ausrichtung\/\" \/>\n<meta property=\"og:site_name\" content=\"Excel Advisor\" \/>\n<meta property=\"article:modified_time\" content=\"2023-12-03T11:13:47+00:00\" \/>\n<meta property=\"og:image\" content=\"https:\/\/exceladvisor.org\/wp-content\/uploads\/2023\/08\/1-options-dalignement.png\" \/>\n<meta name=\"twitter:card\" content=\"summary_large_image\" \/>\n<meta name=\"twitter:label1\" content=\"Gesch\u00e4tzte Lesezeit\" \/>\n\t<meta name=\"twitter:data1\" content=\"3\u00a0Minuten\" \/>\n<script type=\"application\/ld+json\" class=\"yoast-schema-graph\">{\"@context\":\"https:\/\/schema.org\",\"@graph\":[{\"@type\":\"WebPage\",\"@id\":\"https:\/\/exceladvisor.org\/de\/ausrichtung\/\",\"url\":\"https:\/\/exceladvisor.org\/de\/ausrichtung\/\",\"name\":\"\u25b7 Wie \u00e4ndere ich die Textausrichtung in Excel?\",\"isPartOf\":{\"@id\":\"https:\/\/exceladvisor.org\/de\/#website\"},\"primaryImageOfPage\":{\"@id\":\"https:\/\/exceladvisor.org\/de\/ausrichtung\/#primaryimage\"},\"image\":{\"@id\":\"https:\/\/exceladvisor.org\/de\/ausrichtung\/#primaryimage\"},\"thumbnailUrl\":\"https:\/\/exceladvisor.org\/wp-content\/uploads\/2023\/08\/1-options-dalignement.png\",\"datePublished\":\"2023-09-15T01:31:19+00:00\",\"dateModified\":\"2023-12-03T11:13:47+00:00\",\"description\":\"Dies ist ein grundlegendes Microsoft Excel-Tutorial zum \u00c4ndern der Werteausrichtung in einer Zelle. Abgesehen davon gibt es noch ein paar andere M\u00f6glichkeiten ...\",\"breadcrumb\":{\"@id\":\"https:\/\/exceladvisor.org\/de\/ausrichtung\/#breadcrumb\"},\"inLanguage\":\"de\",\"potentialAction\":[{\"@type\":\"ReadAction\",\"target\":[\"https:\/\/exceladvisor.org\/de\/ausrichtung\/\"]}]},{\"@type\":\"ImageObject\",\"inLanguage\":\"de\",\"@id\":\"https:\/\/exceladvisor.org\/de\/ausrichtung\/#primaryimage\",\"url\":\"https:\/\/exceladvisor.org\/wp-content\/uploads\/2023\/08\/1-options-dalignement.png\",\"contentUrl\":\"https:\/\/exceladvisor.org\/wp-content\/uploads\/2023\/08\/1-options-dalignement.png\"},{\"@type\":\"BreadcrumbList\",\"@id\":\"https:\/\/exceladvisor.org\/de\/ausrichtung\/#breadcrumb\",\"itemListElement\":[{\"@type\":\"ListItem\",\"position\":1,\"name\":\"Accueil\",\"item\":\"https:\/\/exceladvisor.org\/de\/\"},{\"@type\":\"ListItem\",\"position\":2,\"name\":\"Wie \u00e4ndere ich die textausrichtung in excel?\"}]},{\"@type\":\"WebSite\",\"@id\":\"https:\/\/exceladvisor.org\/de\/#website\",\"url\":\"https:\/\/exceladvisor.org\/de\/\",\"name\":\"Excel Advisor\",\"description\":\"Ihr Leitfaden zur Datendominanz\",\"publisher\":{\"@id\":\"https:\/\/exceladvisor.org\/de\/#organization\"},\"potentialAction\":[{\"@type\":\"SearchAction\",\"target\":{\"@type\":\"EntryPoint\",\"urlTemplate\":\"https:\/\/exceladvisor.org\/de\/?s={search_term_string}\"},\"query-input\":{\"@type\":\"PropertyValueSpecification\",\"valueRequired\":true,\"valueName\":\"search_term_string\"}}],\"inLanguage\":\"de\"},{\"@type\":\"Organization\",\"@id\":\"https:\/\/exceladvisor.org\/de\/#organization\",\"name\":\"Excel Advisor\",\"url\":\"https:\/\/exceladvisor.org\/de\/\",\"logo\":{\"@type\":\"ImageObject\",\"inLanguage\":\"de\",\"@id\":\"https:\/\/exceladvisor.org\/de\/#\/schema\/logo\/image\/\",\"url\":\"https:\/\/exceladvisor.org\/de\/wp-content\/uploads\/2023\/11\/exceladvisor.org_.png\",\"contentUrl\":\"https:\/\/exceladvisor.org\/de\/wp-content\/uploads\/2023\/11\/exceladvisor.org_.png\",\"width\":105,\"height\":36,\"caption\":\"Excel Advisor\"},\"image\":{\"@id\":\"https:\/\/exceladvisor.org\/de\/#\/schema\/logo\/image\/\"}}]}<\/script>\n<!-- \/ Yoast SEO plugin. -->","yoast_head_json":{"title":"\u25b7 Wie \u00e4ndere ich die Textausrichtung in Excel?","description":"Dies ist ein grundlegendes Microsoft Excel-Tutorial zum \u00c4ndern der Werteausrichtung in einer Zelle. Abgesehen davon gibt es noch ein paar andere M\u00f6glichkeiten ...","robots":{"index":"index","follow":"follow","max-snippet":"max-snippet:-1","max-image-preview":"max-image-preview:large","max-video-preview":"max-video-preview:-1"},"canonical":"https:\/\/exceladvisor.org\/de\/ausrichtung\/","og_locale":"de_DE","og_type":"article","og_title":"\u25b7 Wie \u00e4ndere ich die Textausrichtung in Excel?","og_description":"Dies ist ein grundlegendes Microsoft Excel-Tutorial zum \u00c4ndern der Werteausrichtung in einer Zelle. Abgesehen davon gibt es noch ein paar andere M\u00f6glichkeiten ...","og_url":"https:\/\/exceladvisor.org\/de\/ausrichtung\/","og_site_name":"Excel Advisor","article_modified_time":"2023-12-03T11:13:47+00:00","og_image":[{"url":"https:\/\/exceladvisor.org\/wp-content\/uploads\/2023\/08\/1-options-dalignement.png","type":"","width":"","height":""}],"twitter_card":"summary_large_image","twitter_misc":{"Gesch\u00e4tzte Lesezeit":"3\u00a0Minuten"},"schema":{"@context":"https:\/\/schema.org","@graph":[{"@type":"WebPage","@id":"https:\/\/exceladvisor.org\/de\/ausrichtung\/","url":"https:\/\/exceladvisor.org\/de\/ausrichtung\/","name":"\u25b7 Wie \u00e4ndere ich die Textausrichtung in Excel?","isPartOf":{"@id":"https:\/\/exceladvisor.org\/de\/#website"},"primaryImageOfPage":{"@id":"https:\/\/exceladvisor.org\/de\/ausrichtung\/#primaryimage"},"image":{"@id":"https:\/\/exceladvisor.org\/de\/ausrichtung\/#primaryimage"},"thumbnailUrl":"https:\/\/exceladvisor.org\/wp-content\/uploads\/2023\/08\/1-options-dalignement.png","datePublished":"2023-09-15T01:31:19+00:00","dateModified":"2023-12-03T11:13:47+00:00","description":"Dies ist ein grundlegendes Microsoft Excel-Tutorial zum \u00c4ndern der Werteausrichtung in einer Zelle. Abgesehen davon gibt es noch ein paar andere M\u00f6glichkeiten ...","breadcrumb":{"@id":"https:\/\/exceladvisor.org\/de\/ausrichtung\/#breadcrumb"},"inLanguage":"de","potentialAction":[{"@type":"ReadAction","target":["https:\/\/exceladvisor.org\/de\/ausrichtung\/"]}]},{"@type":"ImageObject","inLanguage":"de","@id":"https:\/\/exceladvisor.org\/de\/ausrichtung\/#primaryimage","url":"https:\/\/exceladvisor.org\/wp-content\/uploads\/2023\/08\/1-options-dalignement.png","contentUrl":"https:\/\/exceladvisor.org\/wp-content\/uploads\/2023\/08\/1-options-dalignement.png"},{"@type":"BreadcrumbList","@id":"https:\/\/exceladvisor.org\/de\/ausrichtung\/#breadcrumb","itemListElement":[{"@type":"ListItem","position":1,"name":"Accueil","item":"https:\/\/exceladvisor.org\/de\/"},{"@type":"ListItem","position":2,"name":"Wie \u00e4ndere ich die textausrichtung in excel?"}]},{"@type":"WebSite","@id":"https:\/\/exceladvisor.org\/de\/#website","url":"https:\/\/exceladvisor.org\/de\/","name":"Excel Advisor","description":"Ihr Leitfaden zur Datendominanz","publisher":{"@id":"https:\/\/exceladvisor.org\/de\/#organization"},"potentialAction":[{"@type":"SearchAction","target":{"@type":"EntryPoint","urlTemplate":"https:\/\/exceladvisor.org\/de\/?s={search_term_string}"},"query-input":{"@type":"PropertyValueSpecification","valueRequired":true,"valueName":"search_term_string"}}],"inLanguage":"de"},{"@type":"Organization","@id":"https:\/\/exceladvisor.org\/de\/#organization","name":"Excel Advisor","url":"https:\/\/exceladvisor.org\/de\/","logo":{"@type":"ImageObject","inLanguage":"de","@id":"https:\/\/exceladvisor.org\/de\/#\/schema\/logo\/image\/","url":"https:\/\/exceladvisor.org\/de\/wp-content\/uploads\/2023\/11\/exceladvisor.org_.png","contentUrl":"https:\/\/exceladvisor.org\/de\/wp-content\/uploads\/2023\/11\/exceladvisor.org_.png","width":105,"height":36,"caption":"Excel Advisor"},"image":{"@id":"https:\/\/exceladvisor.org\/de\/#\/schema\/logo\/image\/"}}]}},"yoast_meta":{"yoast_wpseo_title":"","yoast_wpseo_metadesc":"","yoast_wpseo_canonical":""},"_links":{"self":[{"href":"https:\/\/exceladvisor.org\/de\/wp-json\/wp\/v2\/pages\/3699","targetHints":{"allow":["GET"]}}],"collection":[{"href":"https:\/\/exceladvisor.org\/de\/wp-json\/wp\/v2\/pages"}],"about":[{"href":"https:\/\/exceladvisor.org\/de\/wp-json\/wp\/v2\/types\/page"}],"author":[{"embeddable":true,"href":"https:\/\/exceladvisor.org\/de\/wp-json\/wp\/v2\/users\/1"}],"replies":[{"embeddable":true,"href":"https:\/\/exceladvisor.org\/de\/wp-json\/wp\/v2\/comments?post=3699"}],"version-history":[{"count":1,"href":"https:\/\/exceladvisor.org\/de\/wp-json\/wp\/v2\/pages\/3699\/revisions"}],"predecessor-version":[{"id":3857,"href":"https:\/\/exceladvisor.org\/de\/wp-json\/wp\/v2\/pages\/3699\/revisions\/3857"}],"wp:attachment":[{"href":"https:\/\/exceladvisor.org\/de\/wp-json\/wp\/v2\/media?parent=3699"}],"curies":[{"name":"wp","href":"https:\/\/api.w.org\/{rel}","templated":true}]}}