{"id":3700,"date":"2023-09-02T06:07:44","date_gmt":"2023-09-02T06:07:44","guid":{"rendered":"https:\/\/exceladvisor.org\/de\/das-objekt-unterstutzt-diese-eigenschaft-oder-methode-nicht-fehler-438\/"},"modified":"2023-12-03T11:13:54","modified_gmt":"2023-12-03T11:13:54","slug":"das-objekt-unterstutzt-diese-eigenschaft-oder-methode-nicht-fehler-438","status":"publish","type":"page","link":"https:\/\/exceladvisor.org\/de\/das-objekt-unterstutzt-diese-eigenschaft-oder-methode-nicht-fehler-438\/","title":{"rendered":"Wie behebe ich den vba-fehler 438 in excel?"},"content":{"rendered":"<div class=\"excel-vor-dem-inhalt\" id=\"excel-1593965414\"><script type=\"text\/javascript\">\r\n\tatOptions = {\r\n\t\t'key' : 'c1158f160081d6540a8409e6925dab94',\r\n\t\t'format' : 'iframe',\r\n\t\t'height' : 250,\r\n\t\t'width' : 300,\r\n\t\t'params' : {}\r\n\t};\r\n<\/script>\r\n<script type=\"text\/javascript\" src=\"\/\/www.highperformanceformat.com\/c1158f160081d6540a8409e6925dab94\/invoke.js\"><\/script><\/div> <p>Der VBA-Fehler 438 tritt auf, wenn Sie versuchen, eine Eigenschaft oder Methode zu verwenden, die dieses Objekt nicht unterst\u00fctzt. Wie Sie wissen, verf\u00fcgen alle Objekte \u00fcber Eigenschaften und Methoden, die Sie verwenden k\u00f6nnen. Bei der Verwendung einer Eigenschaft oder Methode kann es jedoch vorkommen, dass sie nicht f\u00fcr ein bestimmtes Objekt gilt.<\/p><p> <strong>Fehlermeldung:<\/strong><\/p><ul><li> VBA-Objekt unterst\u00fctzt diesen Eigenschafts- oder Methodenfehler nicht (Fehler 438)<\/li><\/ul><p> Nehmen wir zum Verst\u00e4ndnis ein Beispiel: Mit dem Tabellenkalkulationsobjekt erscheint eine Methode zur Auswahl der Tabellenkalkulation. <\/p><div class=\"wp-block-image\"><figure class=\"aligncenter size-large is-resized\"><img loading=\"lazy\" decoding=\"async\" class=\"wp-image-57067\" src=\"https:\/\/exceladvisor.org\/wp-content\/uploads\/2023\/08\/1_vba_object_does_not_support_this_-propriete.png\" sizes=\"auto, \" srcset=\"\" alt=\"Eigenschaft vba_object_does_not_support_this_\" width=\"368\" height=\"266\"><\/figure><\/div><p> Wie Sie wissen, k\u00f6nnen Sie eine Arbeitsmappe aktivieren, aber es gibt keine Methode, mit der Sie eine Arbeitsmappe ausw\u00e4hlen k\u00f6nnen, da Sie eine Arbeitsmappe nicht ausw\u00e4hlen, sondern nur aktivieren k\u00f6nnen. <\/p><div class=\"wp-block-image\"><figure class=\"aligncenter size-large is-resized\"><img loading=\"lazy\" decoding=\"async\" class=\"wp-image-57068\" src=\"https:\/\/exceladvisor.org\/wp-content\/uploads\/2023\/08\/2_activate_a_workbook.png\" sizes=\"auto, \" srcset=\"\" alt=\"\" width=\"555\" height=\"421\"><\/figure><\/div><p> Wenn Sie also versuchen, diese Methode mit einem Arbeitsmappenobjekt zu verwenden, erhalten Sie den Laufzeitfehler 438. Selbst Sie k\u00f6nnen sehen, dass diese Methode nicht in der Liste der Eigenschaften und Methoden des Arbeitsmappenobjekts enthalten ist. <\/p><div class=\"wp-block-image\"><figure class=\"aligncenter size-large is-resized\"><img loading=\"lazy\" decoding=\"async\" class=\"wp-image-57069\" src=\"https:\/\/exceladvisor.org\/wp-content\/uploads\/2023\/08\/3_runtime_error_438.png\" sizes=\"auto, \" srcset=\"\" alt=\"\" width=\"562\" height=\"374\"><\/figure><\/div><p> Jetzt k\u00f6nnen Sie verstehen, dass dies ein Fehler seitens der Person sein kann, die den Code schreibt, und dass er auch dann gemacht werden kann, wenn Sie sich mit VBA auskennen.<\/p><p class=\"qt-tip\"> <strong>Hinweis:<\/strong> Wenn Sie Code in der neuesten Version von Microsoft Excel geschrieben haben und nun versuchen, ihn in einer \u00e4lteren Version auszuf\u00fchren, verf\u00fcgt diese Version m\u00f6glicherweise nicht \u00fcber eine Methode oder Eigenschaft f\u00fcr das von Ihnen verwendete Objekt. .<\/p><h2 class=\"wp-block-heading\"> So beheben Sie ein Objekt, das diese Eigenschaft oder Methode nicht unterst\u00fctzt<\/h2><p> Um diesen Fehler 438 (Objekt unterst\u00fctzt diese Eigenschaft oder Methode nicht) am besten zu beheben, m\u00fcssen Sie die Eigenschaften und Methoden kennen, die von dem von Ihnen verwendeten Objekt unterst\u00fctzt werden.<\/p><p> Wenn Sie ein Objekt definieren, k\u00f6nnen Sie die Liste aller Eigenschaften und Methoden sehen, wenn Sie einen Punkt (.) eingeben. <\/p><div class=\"wp-block-image\"><figure class=\"aligncenter size-large is-resized\"><img loading=\"lazy\" decoding=\"async\" class=\"wp-image-57070\" src=\"https:\/\/exceladvisor.org\/wp-content\/uploads\/2023\/08\/4_fix_object_doesnot_support_this_property.png\" sizes=\"auto, \" srcset=\"\" alt=\"\" width=\"603\" height=\"349\"><\/figure><\/div><p> Diese Liste kann Ihnen bei der Entscheidung helfen, ob die von Ihnen gew\u00fcnschte Methode vorhanden ist oder nicht. Und wenn nicht, m\u00fcssen Sie einen anderen Weg finden, Code f\u00fcr die Aufgabe zu schreiben, die Sie erledigen m\u00f6chten. Alternativ k\u00f6nnen Sie auch den Objektbrowser (F2) \u00f6ffnen, um die Eigenschaften und Methoden eines Objekts anzuzeigen.<\/p><div class=\"gb-container gb-container-4db6181c gb-container-mt\"> <a class=\"gb-button gb-button-c5897111 gb-button-text gb-button-mt-button\" href=\"https:\/\/exceladvisor.org\/de\/vba\/\">Was ist VBA<\/a><h2 class=\"gb-headline gb-headline-665e5f6b gb-headline-text gb-headline-mt-heading\"> Verwandte Tutorials <\/h2><div class=\"gb-grid-wrapper gb-grid-wrapper-a20baf7c gb-grid-wrapper-mt-grid\"><div class=\"gb-grid-column gb-grid-column-65ddf67e\"><div class=\"gb-container gb-container-65ddf67e\"><ul><li> <a href=\"https:\/\/exceladvisor.org\/de\/fehlerbehandlung\/\">VBA-Fehlerbehandlung<\/a><\/li><li> <a href=\"https:\/\/exceladvisor.org\/de\/automatisierungsfehler-440\/\">VBA-Automatisierungsfehler (Fehler 440)<\/a><\/li><li> <a href=\"https:\/\/exceladvisor.org\/de\/fehler-400\/\">VBA-Fehler 400<\/a><\/li><li> <a href=\"https:\/\/exceladvisor.org\/de\/ungultiger-prozeduraufruf-oder-argumentfehler-5\/\">Ung\u00fcltiger VBA-Prozeduraufruf oder Argumentfehler (Fehler 5)<\/a><\/li><li> <a href=\"https:\/\/exceladvisor.org\/de\/objekt-erforderlich-fehler-424\/\">Fehler \u201eVBA-Objekt erforderlich\u201c (Fehler 424)<\/a> <\/li><\/ul><\/div><\/div><div class=\"gb-grid-column gb-grid-column-50067b57\"><div class=\"gb-container gb-container-50067b57\"><\/div><\/div><\/div><\/div>","protected":false},"excerpt":{"rendered":"","protected":false},"author":1,"featured_media":0,"parent":0,"menu_order":0,"comment_status":"open","ping_status":"closed","template":"","meta":{"ub_ctt_via":"","footnotes":""},"class_list":["post-3700","page","type-page","status-publish","hentry"],"featured_image_src":null,"yoast_head":"<!-- This site is optimized with the Yoast SEO plugin v25.4 - https:\/\/yoast.com\/wordpress\/plugins\/seo\/ -->\n<title>\u25b7Wie behebe ich den VBA-Fehler 438? - Excel-Berater<\/title>\n<meta name=\"description\" content=\"In diesem Tutorial erfahren Sie, warum ein ung\u00fcltiges VBA-Objekt diesen Eigenschafts- oder Methodenfehler (Fehler 438) nicht unterst\u00fctzt und wie Sie beim Schreiben von VBA-Code damit umgehen.\" \/>\n<meta name=\"robots\" content=\"index, follow, max-snippet:-1, max-image-preview:large, max-video-preview:-1\" \/>\n<link rel=\"canonical\" href=\"https:\/\/exceladvisor.org\/de\/das-objekt-unterstutzt-diese-eigenschaft-oder-methode-nicht-fehler-438\/\" \/>\n<meta property=\"og:locale\" content=\"de_DE\" \/>\n<meta property=\"og:type\" content=\"article\" \/>\n<meta property=\"og:title\" content=\"\u25b7Wie behebe ich den VBA-Fehler 438? - Excel-Berater\" \/>\n<meta property=\"og:description\" content=\"In diesem Tutorial erfahren Sie, warum ein ung\u00fcltiges VBA-Objekt diesen Eigenschafts- oder Methodenfehler (Fehler 438) nicht unterst\u00fctzt und wie Sie beim Schreiben von VBA-Code damit umgehen.\" \/>\n<meta property=\"og:url\" content=\"https:\/\/exceladvisor.org\/de\/das-objekt-unterstutzt-diese-eigenschaft-oder-methode-nicht-fehler-438\/\" \/>\n<meta property=\"og:site_name\" content=\"Excel Advisor\" \/>\n<meta property=\"article:modified_time\" content=\"2023-12-03T11:13:54+00:00\" \/>\n<meta property=\"og:image\" content=\"https:\/\/exceladvisor.org\/wp-content\/uploads\/2023\/08\/1_vba_object_does_not_support_this_-propriete.png\" \/>\n<meta name=\"twitter:card\" content=\"summary_large_image\" \/>\n<meta name=\"twitter:label1\" content=\"Gesch\u00e4tzte Lesezeit\" \/>\n\t<meta name=\"twitter:data1\" content=\"2\u00a0Minuten\" \/>\n<script type=\"application\/ld+json\" class=\"yoast-schema-graph\">{\"@context\":\"https:\/\/schema.org\",\"@graph\":[{\"@type\":\"WebPage\",\"@id\":\"https:\/\/exceladvisor.org\/de\/das-objekt-unterstutzt-diese-eigenschaft-oder-methode-nicht-fehler-438\/\",\"url\":\"https:\/\/exceladvisor.org\/de\/das-objekt-unterstutzt-diese-eigenschaft-oder-methode-nicht-fehler-438\/\",\"name\":\"\u25b7Wie behebe ich den VBA-Fehler 438? - Excel-Berater\",\"isPartOf\":{\"@id\":\"https:\/\/exceladvisor.org\/de\/#website\"},\"primaryImageOfPage\":{\"@id\":\"https:\/\/exceladvisor.org\/de\/das-objekt-unterstutzt-diese-eigenschaft-oder-methode-nicht-fehler-438\/#primaryimage\"},\"image\":{\"@id\":\"https:\/\/exceladvisor.org\/de\/das-objekt-unterstutzt-diese-eigenschaft-oder-methode-nicht-fehler-438\/#primaryimage\"},\"thumbnailUrl\":\"https:\/\/exceladvisor.org\/wp-content\/uploads\/2023\/08\/1_vba_object_does_not_support_this_-propriete.png\",\"datePublished\":\"2023-09-02T06:07:44+00:00\",\"dateModified\":\"2023-12-03T11:13:54+00:00\",\"description\":\"In diesem Tutorial erfahren Sie, warum ein ung\u00fcltiges VBA-Objekt diesen Eigenschafts- oder Methodenfehler (Fehler 438) nicht unterst\u00fctzt und wie Sie beim Schreiben von VBA-Code damit umgehen.\",\"breadcrumb\":{\"@id\":\"https:\/\/exceladvisor.org\/de\/das-objekt-unterstutzt-diese-eigenschaft-oder-methode-nicht-fehler-438\/#breadcrumb\"},\"inLanguage\":\"de\",\"potentialAction\":[{\"@type\":\"ReadAction\",\"target\":[\"https:\/\/exceladvisor.org\/de\/das-objekt-unterstutzt-diese-eigenschaft-oder-methode-nicht-fehler-438\/\"]}]},{\"@type\":\"ImageObject\",\"inLanguage\":\"de\",\"@id\":\"https:\/\/exceladvisor.org\/de\/das-objekt-unterstutzt-diese-eigenschaft-oder-methode-nicht-fehler-438\/#primaryimage\",\"url\":\"https:\/\/exceladvisor.org\/wp-content\/uploads\/2023\/08\/1_vba_object_does_not_support_this_-propriete.png\",\"contentUrl\":\"https:\/\/exceladvisor.org\/wp-content\/uploads\/2023\/08\/1_vba_object_does_not_support_this_-propriete.png\"},{\"@type\":\"BreadcrumbList\",\"@id\":\"https:\/\/exceladvisor.org\/de\/das-objekt-unterstutzt-diese-eigenschaft-oder-methode-nicht-fehler-438\/#breadcrumb\",\"itemListElement\":[{\"@type\":\"ListItem\",\"position\":1,\"name\":\"Accueil\",\"item\":\"https:\/\/exceladvisor.org\/de\/\"},{\"@type\":\"ListItem\",\"position\":2,\"name\":\"Wie behebe ich den vba-fehler 438 in excel?\"}]},{\"@type\":\"WebSite\",\"@id\":\"https:\/\/exceladvisor.org\/de\/#website\",\"url\":\"https:\/\/exceladvisor.org\/de\/\",\"name\":\"Excel Advisor\",\"description\":\"Ihr Leitfaden zur Datendominanz\",\"publisher\":{\"@id\":\"https:\/\/exceladvisor.org\/de\/#organization\"},\"potentialAction\":[{\"@type\":\"SearchAction\",\"target\":{\"@type\":\"EntryPoint\",\"urlTemplate\":\"https:\/\/exceladvisor.org\/de\/?s={search_term_string}\"},\"query-input\":{\"@type\":\"PropertyValueSpecification\",\"valueRequired\":true,\"valueName\":\"search_term_string\"}}],\"inLanguage\":\"de\"},{\"@type\":\"Organization\",\"@id\":\"https:\/\/exceladvisor.org\/de\/#organization\",\"name\":\"Excel Advisor\",\"url\":\"https:\/\/exceladvisor.org\/de\/\",\"logo\":{\"@type\":\"ImageObject\",\"inLanguage\":\"de\",\"@id\":\"https:\/\/exceladvisor.org\/de\/#\/schema\/logo\/image\/\",\"url\":\"https:\/\/exceladvisor.org\/de\/wp-content\/uploads\/2023\/11\/exceladvisor.org_.png\",\"contentUrl\":\"https:\/\/exceladvisor.org\/de\/wp-content\/uploads\/2023\/11\/exceladvisor.org_.png\",\"width\":105,\"height\":36,\"caption\":\"Excel Advisor\"},\"image\":{\"@id\":\"https:\/\/exceladvisor.org\/de\/#\/schema\/logo\/image\/\"}}]}<\/script>\n<!-- \/ Yoast SEO plugin. -->","yoast_head_json":{"title":"\u25b7Wie behebe ich den VBA-Fehler 438? - Excel-Berater","description":"In diesem Tutorial erfahren Sie, warum ein ung\u00fcltiges VBA-Objekt diesen Eigenschafts- oder Methodenfehler (Fehler 438) nicht unterst\u00fctzt und wie Sie beim Schreiben von VBA-Code damit umgehen.","robots":{"index":"index","follow":"follow","max-snippet":"max-snippet:-1","max-image-preview":"max-image-preview:large","max-video-preview":"max-video-preview:-1"},"canonical":"https:\/\/exceladvisor.org\/de\/das-objekt-unterstutzt-diese-eigenschaft-oder-methode-nicht-fehler-438\/","og_locale":"de_DE","og_type":"article","og_title":"\u25b7Wie behebe ich den VBA-Fehler 438? - Excel-Berater","og_description":"In diesem Tutorial erfahren Sie, warum ein ung\u00fcltiges VBA-Objekt diesen Eigenschafts- oder Methodenfehler (Fehler 438) nicht unterst\u00fctzt und wie Sie beim Schreiben von VBA-Code damit umgehen.","og_url":"https:\/\/exceladvisor.org\/de\/das-objekt-unterstutzt-diese-eigenschaft-oder-methode-nicht-fehler-438\/","og_site_name":"Excel Advisor","article_modified_time":"2023-12-03T11:13:54+00:00","og_image":[{"url":"https:\/\/exceladvisor.org\/wp-content\/uploads\/2023\/08\/1_vba_object_does_not_support_this_-propriete.png","type":"","width":"","height":""}],"twitter_card":"summary_large_image","twitter_misc":{"Gesch\u00e4tzte Lesezeit":"2\u00a0Minuten"},"schema":{"@context":"https:\/\/schema.org","@graph":[{"@type":"WebPage","@id":"https:\/\/exceladvisor.org\/de\/das-objekt-unterstutzt-diese-eigenschaft-oder-methode-nicht-fehler-438\/","url":"https:\/\/exceladvisor.org\/de\/das-objekt-unterstutzt-diese-eigenschaft-oder-methode-nicht-fehler-438\/","name":"\u25b7Wie behebe ich den VBA-Fehler 438? - Excel-Berater","isPartOf":{"@id":"https:\/\/exceladvisor.org\/de\/#website"},"primaryImageOfPage":{"@id":"https:\/\/exceladvisor.org\/de\/das-objekt-unterstutzt-diese-eigenschaft-oder-methode-nicht-fehler-438\/#primaryimage"},"image":{"@id":"https:\/\/exceladvisor.org\/de\/das-objekt-unterstutzt-diese-eigenschaft-oder-methode-nicht-fehler-438\/#primaryimage"},"thumbnailUrl":"https:\/\/exceladvisor.org\/wp-content\/uploads\/2023\/08\/1_vba_object_does_not_support_this_-propriete.png","datePublished":"2023-09-02T06:07:44+00:00","dateModified":"2023-12-03T11:13:54+00:00","description":"In diesem Tutorial erfahren Sie, warum ein ung\u00fcltiges VBA-Objekt diesen Eigenschafts- oder Methodenfehler (Fehler 438) nicht unterst\u00fctzt und wie Sie beim Schreiben von VBA-Code damit umgehen.","breadcrumb":{"@id":"https:\/\/exceladvisor.org\/de\/das-objekt-unterstutzt-diese-eigenschaft-oder-methode-nicht-fehler-438\/#breadcrumb"},"inLanguage":"de","potentialAction":[{"@type":"ReadAction","target":["https:\/\/exceladvisor.org\/de\/das-objekt-unterstutzt-diese-eigenschaft-oder-methode-nicht-fehler-438\/"]}]},{"@type":"ImageObject","inLanguage":"de","@id":"https:\/\/exceladvisor.org\/de\/das-objekt-unterstutzt-diese-eigenschaft-oder-methode-nicht-fehler-438\/#primaryimage","url":"https:\/\/exceladvisor.org\/wp-content\/uploads\/2023\/08\/1_vba_object_does_not_support_this_-propriete.png","contentUrl":"https:\/\/exceladvisor.org\/wp-content\/uploads\/2023\/08\/1_vba_object_does_not_support_this_-propriete.png"},{"@type":"BreadcrumbList","@id":"https:\/\/exceladvisor.org\/de\/das-objekt-unterstutzt-diese-eigenschaft-oder-methode-nicht-fehler-438\/#breadcrumb","itemListElement":[{"@type":"ListItem","position":1,"name":"Accueil","item":"https:\/\/exceladvisor.org\/de\/"},{"@type":"ListItem","position":2,"name":"Wie behebe ich den vba-fehler 438 in excel?"}]},{"@type":"WebSite","@id":"https:\/\/exceladvisor.org\/de\/#website","url":"https:\/\/exceladvisor.org\/de\/","name":"Excel Advisor","description":"Ihr Leitfaden zur Datendominanz","publisher":{"@id":"https:\/\/exceladvisor.org\/de\/#organization"},"potentialAction":[{"@type":"SearchAction","target":{"@type":"EntryPoint","urlTemplate":"https:\/\/exceladvisor.org\/de\/?s={search_term_string}"},"query-input":{"@type":"PropertyValueSpecification","valueRequired":true,"valueName":"search_term_string"}}],"inLanguage":"de"},{"@type":"Organization","@id":"https:\/\/exceladvisor.org\/de\/#organization","name":"Excel Advisor","url":"https:\/\/exceladvisor.org\/de\/","logo":{"@type":"ImageObject","inLanguage":"de","@id":"https:\/\/exceladvisor.org\/de\/#\/schema\/logo\/image\/","url":"https:\/\/exceladvisor.org\/de\/wp-content\/uploads\/2023\/11\/exceladvisor.org_.png","contentUrl":"https:\/\/exceladvisor.org\/de\/wp-content\/uploads\/2023\/11\/exceladvisor.org_.png","width":105,"height":36,"caption":"Excel Advisor"},"image":{"@id":"https:\/\/exceladvisor.org\/de\/#\/schema\/logo\/image\/"}}]}},"yoast_meta":{"yoast_wpseo_title":"","yoast_wpseo_metadesc":"","yoast_wpseo_canonical":""},"_links":{"self":[{"href":"https:\/\/exceladvisor.org\/de\/wp-json\/wp\/v2\/pages\/3700","targetHints":{"allow":["GET"]}}],"collection":[{"href":"https:\/\/exceladvisor.org\/de\/wp-json\/wp\/v2\/pages"}],"about":[{"href":"https:\/\/exceladvisor.org\/de\/wp-json\/wp\/v2\/types\/page"}],"author":[{"embeddable":true,"href":"https:\/\/exceladvisor.org\/de\/wp-json\/wp\/v2\/users\/1"}],"replies":[{"embeddable":true,"href":"https:\/\/exceladvisor.org\/de\/wp-json\/wp\/v2\/comments?post=3700"}],"version-history":[{"count":1,"href":"https:\/\/exceladvisor.org\/de\/wp-json\/wp\/v2\/pages\/3700\/revisions"}],"predecessor-version":[{"id":3866,"href":"https:\/\/exceladvisor.org\/de\/wp-json\/wp\/v2\/pages\/3700\/revisions\/3866"}],"wp:attachment":[{"href":"https:\/\/exceladvisor.org\/de\/wp-json\/wp\/v2\/media?parent=3700"}],"curies":[{"name":"wp","href":"https:\/\/api.w.org\/{rel}","templated":true}]}}