{"id":3701,"date":"2023-09-01T08:27:58","date_gmt":"2023-09-01T08:27:58","guid":{"rendered":"https:\/\/exceladvisor.org\/de\/finden-sie-die-zelle-der-spalte-der-letzten-zeile\/"},"modified":"2023-12-03T11:20:11","modified_gmt":"2023-12-03T11:20:11","slug":"finden-sie-die-zelle-der-spalte-der-letzten-zeile","status":"publish","type":"page","link":"https:\/\/exceladvisor.org\/de\/finden-sie-die-zelle-der-spalte-der-letzten-zeile\/","title":{"rendered":"Wie finde ich die letzte zeile, spalte und zelle?"},"content":{"rendered":"<div class=\"excel-vor-dem-inhalt\" id=\"excel-2893148122\"><script type=\"text\/javascript\">\r\n\tatOptions = {\r\n\t\t'key' : 'c1158f160081d6540a8409e6925dab94',\r\n\t\t'format' : 'iframe',\r\n\t\t'height' : 250,\r\n\t\t'width' : 300,\r\n\t\t'params' : {}\r\n\t};\r\n<\/script>\r\n<script type=\"text\/javascript\" src=\"\/\/www.highperformanceformat.com\/c1158f160081d6540a8409e6925dab94\/invoke.js\"><\/script><\/div> <p>Um die letzte Zeile, Spalte oder Zelle zu finden, k\u00f6nnen Sie die \u201eEnd\u201c-Eigenschaft des Bereichs verwenden. Mit der End-Eigenschaft k\u00f6nnen Sie zum Ende des Datenbereichs navigieren (zur letzten Zelle, die nicht leer ist). Dabei gibt es Konstanten, mit denen Sie entscheiden k\u00f6nnen, in welche Richtung Sie navigieren m\u00f6chten (oben, unten, links oder rechts).<\/p><h2 class=\"wp-block-heading\"> Verwenden Sie VBA, um die letzte Zeile in Excel zu finden<\/h2><ol type=\"1\"><li> Legen Sie die Zelle oder den Bereich fest, von der aus Sie zur letzten Zeile navigieren m\u00f6chten.<\/li><li> Geben Sie anschlie\u00dfend einen Punkt ein, um die Liste der Eigenschaften und Methoden zu erhalten.<\/li><li> W\u00e4hlen Sie \u201eEnde\u201c aus oder geben Sie es ein und geben Sie eine Anfangsklammer ein.<\/li><li> Verwenden Sie das Argument, das Sie verwenden m\u00f6chten.<\/li><li> Verwenden Sie au\u00dferdem die Eigenschaft \u201eAdresse\u201c, um die Zellenadresse abzurufen.<\/li><\/ol><pre class=\"wp-block-code\"> <code class=\"language-visual-basic\" lang=\"visual-basic\">MsgBox Range(\"A1\").End(xlDown).Address<\/code><\/pre><p> Wenn Sie den obigen Code ausf\u00fchren, wird ein Meldungsfeld mit der Zeilennummer der letzten nicht leeren Zelle angezeigt. <\/p><div class=\"wp-block-image\"><figure class=\"aligncenter size-large is-resized\"><img loading=\"lazy\" decoding=\"async\" class=\"wp-image-54519\" src=\"https:\/\/exceladvisor.org\/wp-content\/uploads\/2023\/08\/1-utiliser-vba-pour-trouver-la-derniere-ligne.png\" sizes=\"auto, \" srcset=\"\" alt=\"Verwenden Sie VBA, um die letzte Zeile zu finden\" width=\"628\" height=\"512\"><\/figure><\/div><h2 class=\"wp-block-heading\"> Suchen Sie die letzte Spalte mit VBA<\/h2><p> Nehmen wir nun an, Sie m\u00f6chten die letzte Spalte finden. In diesem Fall sollten Sie anstelle der Konstante \u201exlDown\u201c die Konstante \u201exlRight\u201c verwenden. Wenn Sie diese Zelle anstelle der Adresse ausw\u00e4hlen m\u00f6chten, k\u00f6nnen Sie die Methode \u201eselect\u201c verwenden. Betrachten Sie die folgende Methode. <\/p><pre class=\"wp-block-code\"> <code class=\"language-visual-basic\" lang=\"visual-basic\">Range(\"A1\").End(xlToRight).Select<\/code><\/pre><div class=\"wp-block-image\"><figure class=\"aligncenter size-large is-resized\"><img loading=\"lazy\" decoding=\"async\" class=\"wp-image-54521\" src=\"https:\/\/exceladvisor.org\/wp-content\/uploads\/2023\/08\/2-utilisez-vba-pour-trouver-la-derniere-colonne.png\" sizes=\"auto, \" srcset=\"\" alt=\"Verwenden Sie VBA, um die letzte Spalte zu finden\" width=\"616\" height=\"563\"><\/figure><\/div><h2 class=\"wp-block-heading\"> Finden Sie die letzte Zelle<\/h2><p> Mit der gleichen Methode k\u00f6nnen Sie auch die letzte Zelle abrufen, die eine nicht leere Zelle ist. Um diesen Code zu schreiben, m\u00fcssen Sie die letzte Zeile und letzte Spalte kennen. <\/p><pre class=\"wp-block-code\"> <code class=\"language-visual-basic\" lang=\"visual-basic\">Sub vba_last_row() Dim lRow As Long Dim lColumn As Long lRow = Range(\"A1\").End(xlDown).Row lColumn = Range(\"A1\").End(xlToRight).Column Cells(lRow, lColumn).Select End Sub<\/code><\/pre><div class=\"wp-block-image\"><figure class=\"aligncenter size-large is-resized\"><img loading=\"lazy\" decoding=\"async\" class=\"wp-image-54522\" src=\"https:\/\/exceladvisor.org\/wp-content\/uploads\/2023\/08\/3-trouver-la-derniere-cellule.png\" sizes=\"auto, \" srcset=\"\" alt=\"Finde die letzte Zelle\" width=\"793\" height=\"303\"><\/figure><\/div><p> Um den obigen Code zu verstehen, m\u00fcssen wir ihn in drei Teile unterteilen. <\/p><div class=\"wp-block-image\"><figure class=\"aligncenter size-large is-resized\"><img loading=\"lazy\" decoding=\"async\" class=\"wp-image-54523\" src=\"https:\/\/exceladvisor.org\/wp-content\/uploads\/2023\/08\/4-code-pour-trouver-la-derniere-ligne-et-colonne.png\" sizes=\"auto, \" srcset=\"\" alt=\"Code, um die letzte Zeile und Spalte zu finden\" width=\"484\" height=\"336\"><\/figure><\/div><ol type=\"1\"><li> Im ERSTEN Teil haben Sie <a href=\"https:\/\/exceladvisor.org\/de\/variablen\/\">zwei Variablen zum Speichern der Zeilennummer und der Spaltennummer deklariert<\/a> .<\/li><li> Im ZWEITEN Teil haben Sie \u201eEnd\u201c mit \u201exlDown\u201c und dann die Row-Eigenschaft verwendet, um die Zeilennummer des letzten zu erhalten, und auf die gleiche Weise haben Sie \u201eEnd\u201c mit \u201exlToRight\u201c und dann mit der Eigenschaft verwendet \u201eSpalte\u201c, um die Spaltennummer der letzten Spalte zu erhalten.<\/li><li> Verweisen Sie im DRITTEN Teil unter Verwendung der letzten Spaltennummer und der letzten Zeilennummer auf die letzte Zelle und w\u00e4hlen Sie sie aus.<\/li><\/ol><p class=\"qt-tip\"> <strong>Hinweis:<\/strong> Wenn Sie eine Zelle in den verschiedenen <a href=\"https:\/\/exceladvisor.org\/de\/arbeitsblatt-1\/\">Arbeitsbl\u00e4ttern<\/a> mit der Methode \u201eLetzte Zeile\u201c und \u201eLetzte Spalte\u201c ausw\u00e4hlen m\u00f6chten, m\u00fcssen Sie <a href=\"https:\/\/exceladvisor.org\/de\/blatt-aktivieren\/\">dieses Arbeitsblatt zun\u00e4chst aktivieren<\/a> .<\/p><h2 class=\"wp-block-heading\"> Letzte Zeile, Spalte und Zelle mit der Find-Methode<\/h2><p> Sie k\u00f6nnen auch die Suchmethode mit dem Bereichsobjekt verwenden, um die letzte Zeile, Spalte und Zelle des Arbeitsblatts abzurufen. Um die Zeilennummer zu finden, ist hier der Code:<\/p><pre class=\"wp-block-code\"> <code class=\"language-visual-basic\" lang=\"visual-basic\">Sub vba_last_row() Dim iRow As Long iRow = Cells.Find(What:=\"*\", _ After:=Range(\"A1\"), _ LookAt:=xlPart, _ LookIn:=xlFormulas, _ SearchOrder:=xlByRows, _ SearchDirection:=xlPrevious, _ MatchCase:=False).Row MsgBox iRow End Sub<\/code><\/pre><p> F\u00fcr die Spaltennummer:<\/p><pre class=\"wp-block-code\"> <code class=\"language-visual-basic\" lang=\"visual-basic\">Sub vba_last_row() Dim iColumn As Long iColumn = Cells.Find(What:=\"*\", _ After:=Range(\"A1\"), _ LookAt:=xlPart, _ LookIn:=xlFormulas, _ SearchOrder:=xlByColumns, _ SearchDirection:=xlPrevious, _ MatchCase:=False).Column MsgBox iColumn End Sub<\/code><\/pre><p> Um die Zelladresse der letzten Zelle zu erhalten.<\/p><pre class=\"wp-block-code\"> <code class=\"language-visual-basic\" lang=\"visual-basic\">Sub vba_last_row() Dim iColumn As Long Dim iRow As Long iColumn = Cells.Find(What:=\"*\", _ After:=Range(\"A1\"), _ LookAt:=xlPart, _ LookIn:=xlFormulas, _ SearchOrder:=xlByColumns, _ SearchDirection:=xlPrevious, _ MatchCase:=False).Column iRow = Cells.Find(What:=\"*\", _ After:=Range(\"A1\"), _ LookAt:=xlPart, _ LookIn:=xlFormulas, _ SearchOrder:=xlByRows, _ SearchDirection:=xlPrevious, _ MatchCase:=False).Row Cells(iRow, iColumn).Address End Sub<\/code><\/pre><div class=\"gb-container gb-container-4db6181c gb-container-mt\"> <a class=\"gb-button gb-button-c5897111 gb-button-text gb-button-mt-button\" href=\"https:\/\/exceladvisor.org\/de\/vba\/\">Was ist VBA<\/a><h2 class=\"gb-headline gb-headline-665e5f6b gb-headline-text gb-headline-mt-heading\"> Verwandte Tutorials <\/h2><div class=\"gb-grid-wrapper gb-grid-wrapper-a20baf7c gb-grid-wrapper-mt-grid\"><div class=\"gb-grid-column gb-grid-column-65ddf67e\"><div class=\"gb-container gb-container-65ddf67e\"><ul><li> <a href=\"https:\/\/exceladvisor.org\/de\/anzahl-der-zeilen\/\">Z\u00e4hlen Sie Zeilen mit VBA in Excel<\/a><\/li><li> <a href=\"https:\/\/exceladvisor.org\/de\/zeichenschrift\/\">Excel VBA-Schriftart (Farbe, Gr\u00f6\u00dfe, Typ und Fett)<\/a><\/li><li> <a href=\"https:\/\/exceladvisor.org\/de\/spaltenzeile-ausblenden-und-anzeigen\/\">Excel VBA Eine Spalte oder Zeile ein- und ausblenden<\/a><\/li><li> <a href=\"https:\/\/exceladvisor.org\/de\/bereich-1\/\">Excel VBA-Bereich \u2013 Arbeiten mit Bereichen und Zellen<\/a><\/li><li> <a href=\"https:\/\/exceladvisor.org\/de\/grenzen\/\">Wenden Sie mit VBA in Excel Rahmen auf eine Zelle an<\/a> <\/li><\/ul><\/div><\/div><div class=\"gb-grid-column gb-grid-column-50067b57\"><div class=\"gb-container gb-container-50067b57\"><\/div><\/div><\/div><\/div>","protected":false},"excerpt":{"rendered":"","protected":false},"author":1,"featured_media":0,"parent":0,"menu_order":0,"comment_status":"open","ping_status":"closed","template":"","meta":{"ub_ctt_via":"","footnotes":""},"class_list":["post-3701","page","type-page","status-publish","hentry"],"featured_image_src":null,"yoast_head":"<!-- This site is optimized with the Yoast SEO plugin v25.4 - https:\/\/yoast.com\/wordpress\/plugins\/seo\/ -->\n<title>Wie finde ich die letzte Zeile, Spalte und Zelle in Excel?<\/title>\n<meta name=\"description\" content=\"In diesem Tutorial erfahren Sie, wie Sie mit VBA die letzte Zeile, letzte Spalte und letzte Zelle eines Arbeitsblatts finden.\" \/>\n<meta name=\"robots\" content=\"index, follow, max-snippet:-1, max-image-preview:large, max-video-preview:-1\" \/>\n<link rel=\"canonical\" href=\"https:\/\/exceladvisor.org\/de\/finden-sie-die-zelle-der-spalte-der-letzten-zeile\/\" \/>\n<meta property=\"og:locale\" content=\"de_DE\" \/>\n<meta property=\"og:type\" content=\"article\" \/>\n<meta property=\"og:title\" content=\"Wie finde ich die letzte Zeile, Spalte und Zelle in Excel?\" \/>\n<meta property=\"og:description\" content=\"In diesem Tutorial erfahren Sie, wie Sie mit VBA die letzte Zeile, letzte Spalte und letzte Zelle eines Arbeitsblatts finden.\" \/>\n<meta property=\"og:url\" content=\"https:\/\/exceladvisor.org\/de\/finden-sie-die-zelle-der-spalte-der-letzten-zeile\/\" \/>\n<meta property=\"og:site_name\" content=\"Excel Advisor\" \/>\n<meta property=\"article:modified_time\" content=\"2023-12-03T11:20:11+00:00\" \/>\n<meta property=\"og:image\" content=\"https:\/\/exceladvisor.org\/wp-content\/uploads\/2023\/08\/1-utiliser-vba-pour-trouver-la-derniere-ligne.png\" \/>\n<meta name=\"twitter:card\" content=\"summary_large_image\" \/>\n<meta name=\"twitter:label1\" content=\"Gesch\u00e4tzte Lesezeit\" \/>\n\t<meta name=\"twitter:data1\" content=\"3\u00a0Minuten\" \/>\n<script type=\"application\/ld+json\" class=\"yoast-schema-graph\">{\"@context\":\"https:\/\/schema.org\",\"@graph\":[{\"@type\":\"WebPage\",\"@id\":\"https:\/\/exceladvisor.org\/de\/finden-sie-die-zelle-der-spalte-der-letzten-zeile\/\",\"url\":\"https:\/\/exceladvisor.org\/de\/finden-sie-die-zelle-der-spalte-der-letzten-zeile\/\",\"name\":\"Wie finde ich die letzte Zeile, Spalte und Zelle in Excel?\",\"isPartOf\":{\"@id\":\"https:\/\/exceladvisor.org\/de\/#website\"},\"primaryImageOfPage\":{\"@id\":\"https:\/\/exceladvisor.org\/de\/finden-sie-die-zelle-der-spalte-der-letzten-zeile\/#primaryimage\"},\"image\":{\"@id\":\"https:\/\/exceladvisor.org\/de\/finden-sie-die-zelle-der-spalte-der-letzten-zeile\/#primaryimage\"},\"thumbnailUrl\":\"https:\/\/exceladvisor.org\/wp-content\/uploads\/2023\/08\/1-utiliser-vba-pour-trouver-la-derniere-ligne.png\",\"datePublished\":\"2023-09-01T08:27:58+00:00\",\"dateModified\":\"2023-12-03T11:20:11+00:00\",\"description\":\"In diesem Tutorial erfahren Sie, wie Sie mit VBA die letzte Zeile, letzte Spalte und letzte Zelle eines Arbeitsblatts finden.\",\"breadcrumb\":{\"@id\":\"https:\/\/exceladvisor.org\/de\/finden-sie-die-zelle-der-spalte-der-letzten-zeile\/#breadcrumb\"},\"inLanguage\":\"de\",\"potentialAction\":[{\"@type\":\"ReadAction\",\"target\":[\"https:\/\/exceladvisor.org\/de\/finden-sie-die-zelle-der-spalte-der-letzten-zeile\/\"]}]},{\"@type\":\"ImageObject\",\"inLanguage\":\"de\",\"@id\":\"https:\/\/exceladvisor.org\/de\/finden-sie-die-zelle-der-spalte-der-letzten-zeile\/#primaryimage\",\"url\":\"https:\/\/exceladvisor.org\/wp-content\/uploads\/2023\/08\/1-utiliser-vba-pour-trouver-la-derniere-ligne.png\",\"contentUrl\":\"https:\/\/exceladvisor.org\/wp-content\/uploads\/2023\/08\/1-utiliser-vba-pour-trouver-la-derniere-ligne.png\"},{\"@type\":\"BreadcrumbList\",\"@id\":\"https:\/\/exceladvisor.org\/de\/finden-sie-die-zelle-der-spalte-der-letzten-zeile\/#breadcrumb\",\"itemListElement\":[{\"@type\":\"ListItem\",\"position\":1,\"name\":\"Accueil\",\"item\":\"https:\/\/exceladvisor.org\/de\/\"},{\"@type\":\"ListItem\",\"position\":2,\"name\":\"Wie finde ich die letzte zeile, spalte und zelle?\"}]},{\"@type\":\"WebSite\",\"@id\":\"https:\/\/exceladvisor.org\/de\/#website\",\"url\":\"https:\/\/exceladvisor.org\/de\/\",\"name\":\"Excel Advisor\",\"description\":\"Ihr Leitfaden zur Datendominanz\",\"publisher\":{\"@id\":\"https:\/\/exceladvisor.org\/de\/#organization\"},\"potentialAction\":[{\"@type\":\"SearchAction\",\"target\":{\"@type\":\"EntryPoint\",\"urlTemplate\":\"https:\/\/exceladvisor.org\/de\/?s={search_term_string}\"},\"query-input\":{\"@type\":\"PropertyValueSpecification\",\"valueRequired\":true,\"valueName\":\"search_term_string\"}}],\"inLanguage\":\"de\"},{\"@type\":\"Organization\",\"@id\":\"https:\/\/exceladvisor.org\/de\/#organization\",\"name\":\"Excel Advisor\",\"url\":\"https:\/\/exceladvisor.org\/de\/\",\"logo\":{\"@type\":\"ImageObject\",\"inLanguage\":\"de\",\"@id\":\"https:\/\/exceladvisor.org\/de\/#\/schema\/logo\/image\/\",\"url\":\"https:\/\/exceladvisor.org\/de\/wp-content\/uploads\/2023\/11\/exceladvisor.org_.png\",\"contentUrl\":\"https:\/\/exceladvisor.org\/de\/wp-content\/uploads\/2023\/11\/exceladvisor.org_.png\",\"width\":105,\"height\":36,\"caption\":\"Excel Advisor\"},\"image\":{\"@id\":\"https:\/\/exceladvisor.org\/de\/#\/schema\/logo\/image\/\"}}]}<\/script>\n<!-- \/ Yoast SEO plugin. -->","yoast_head_json":{"title":"Wie finde ich die letzte Zeile, Spalte und Zelle in Excel?","description":"In diesem Tutorial erfahren Sie, wie Sie mit VBA die letzte Zeile, letzte Spalte und letzte Zelle eines Arbeitsblatts finden.","robots":{"index":"index","follow":"follow","max-snippet":"max-snippet:-1","max-image-preview":"max-image-preview:large","max-video-preview":"max-video-preview:-1"},"canonical":"https:\/\/exceladvisor.org\/de\/finden-sie-die-zelle-der-spalte-der-letzten-zeile\/","og_locale":"de_DE","og_type":"article","og_title":"Wie finde ich die letzte Zeile, Spalte und Zelle in Excel?","og_description":"In diesem Tutorial erfahren Sie, wie Sie mit VBA die letzte Zeile, letzte Spalte und letzte Zelle eines Arbeitsblatts finden.","og_url":"https:\/\/exceladvisor.org\/de\/finden-sie-die-zelle-der-spalte-der-letzten-zeile\/","og_site_name":"Excel Advisor","article_modified_time":"2023-12-03T11:20:11+00:00","og_image":[{"url":"https:\/\/exceladvisor.org\/wp-content\/uploads\/2023\/08\/1-utiliser-vba-pour-trouver-la-derniere-ligne.png","type":"","width":"","height":""}],"twitter_card":"summary_large_image","twitter_misc":{"Gesch\u00e4tzte Lesezeit":"3\u00a0Minuten"},"schema":{"@context":"https:\/\/schema.org","@graph":[{"@type":"WebPage","@id":"https:\/\/exceladvisor.org\/de\/finden-sie-die-zelle-der-spalte-der-letzten-zeile\/","url":"https:\/\/exceladvisor.org\/de\/finden-sie-die-zelle-der-spalte-der-letzten-zeile\/","name":"Wie finde ich die letzte Zeile, Spalte und Zelle in Excel?","isPartOf":{"@id":"https:\/\/exceladvisor.org\/de\/#website"},"primaryImageOfPage":{"@id":"https:\/\/exceladvisor.org\/de\/finden-sie-die-zelle-der-spalte-der-letzten-zeile\/#primaryimage"},"image":{"@id":"https:\/\/exceladvisor.org\/de\/finden-sie-die-zelle-der-spalte-der-letzten-zeile\/#primaryimage"},"thumbnailUrl":"https:\/\/exceladvisor.org\/wp-content\/uploads\/2023\/08\/1-utiliser-vba-pour-trouver-la-derniere-ligne.png","datePublished":"2023-09-01T08:27:58+00:00","dateModified":"2023-12-03T11:20:11+00:00","description":"In diesem Tutorial erfahren Sie, wie Sie mit VBA die letzte Zeile, letzte Spalte und letzte Zelle eines Arbeitsblatts finden.","breadcrumb":{"@id":"https:\/\/exceladvisor.org\/de\/finden-sie-die-zelle-der-spalte-der-letzten-zeile\/#breadcrumb"},"inLanguage":"de","potentialAction":[{"@type":"ReadAction","target":["https:\/\/exceladvisor.org\/de\/finden-sie-die-zelle-der-spalte-der-letzten-zeile\/"]}]},{"@type":"ImageObject","inLanguage":"de","@id":"https:\/\/exceladvisor.org\/de\/finden-sie-die-zelle-der-spalte-der-letzten-zeile\/#primaryimage","url":"https:\/\/exceladvisor.org\/wp-content\/uploads\/2023\/08\/1-utiliser-vba-pour-trouver-la-derniere-ligne.png","contentUrl":"https:\/\/exceladvisor.org\/wp-content\/uploads\/2023\/08\/1-utiliser-vba-pour-trouver-la-derniere-ligne.png"},{"@type":"BreadcrumbList","@id":"https:\/\/exceladvisor.org\/de\/finden-sie-die-zelle-der-spalte-der-letzten-zeile\/#breadcrumb","itemListElement":[{"@type":"ListItem","position":1,"name":"Accueil","item":"https:\/\/exceladvisor.org\/de\/"},{"@type":"ListItem","position":2,"name":"Wie finde ich die letzte zeile, spalte und zelle?"}]},{"@type":"WebSite","@id":"https:\/\/exceladvisor.org\/de\/#website","url":"https:\/\/exceladvisor.org\/de\/","name":"Excel Advisor","description":"Ihr Leitfaden zur Datendominanz","publisher":{"@id":"https:\/\/exceladvisor.org\/de\/#organization"},"potentialAction":[{"@type":"SearchAction","target":{"@type":"EntryPoint","urlTemplate":"https:\/\/exceladvisor.org\/de\/?s={search_term_string}"},"query-input":{"@type":"PropertyValueSpecification","valueRequired":true,"valueName":"search_term_string"}}],"inLanguage":"de"},{"@type":"Organization","@id":"https:\/\/exceladvisor.org\/de\/#organization","name":"Excel Advisor","url":"https:\/\/exceladvisor.org\/de\/","logo":{"@type":"ImageObject","inLanguage":"de","@id":"https:\/\/exceladvisor.org\/de\/#\/schema\/logo\/image\/","url":"https:\/\/exceladvisor.org\/de\/wp-content\/uploads\/2023\/11\/exceladvisor.org_.png","contentUrl":"https:\/\/exceladvisor.org\/de\/wp-content\/uploads\/2023\/11\/exceladvisor.org_.png","width":105,"height":36,"caption":"Excel Advisor"},"image":{"@id":"https:\/\/exceladvisor.org\/de\/#\/schema\/logo\/image\/"}}]}},"yoast_meta":{"yoast_wpseo_title":"","yoast_wpseo_metadesc":"","yoast_wpseo_canonical":""},"_links":{"self":[{"href":"https:\/\/exceladvisor.org\/de\/wp-json\/wp\/v2\/pages\/3701","targetHints":{"allow":["GET"]}}],"collection":[{"href":"https:\/\/exceladvisor.org\/de\/wp-json\/wp\/v2\/pages"}],"about":[{"href":"https:\/\/exceladvisor.org\/de\/wp-json\/wp\/v2\/types\/page"}],"author":[{"embeddable":true,"href":"https:\/\/exceladvisor.org\/de\/wp-json\/wp\/v2\/users\/1"}],"replies":[{"embeddable":true,"href":"https:\/\/exceladvisor.org\/de\/wp-json\/wp\/v2\/comments?post=3701"}],"version-history":[{"count":1,"href":"https:\/\/exceladvisor.org\/de\/wp-json\/wp\/v2\/pages\/3701\/revisions"}],"predecessor-version":[{"id":3991,"href":"https:\/\/exceladvisor.org\/de\/wp-json\/wp\/v2\/pages\/3701\/revisions\/3991"}],"wp:attachment":[{"href":"https:\/\/exceladvisor.org\/de\/wp-json\/wp\/v2\/media?parent=3701"}],"curies":[{"name":"wp","href":"https:\/\/api.w.org\/{rel}","templated":true}]}}