{"id":3702,"date":"2023-09-01T08:07:06","date_gmt":"2023-09-01T08:07:06","guid":{"rendered":"https:\/\/exceladvisor.org\/de\/zellenwert\/"},"modified":"2023-12-03T11:21:37","modified_gmt":"2023-12-03T11:21:37","slug":"zellenwert","status":"publish","type":"page","link":"https:\/\/exceladvisor.org\/de\/zellenwert\/","title":{"rendered":"Wie gebe ich mit vba einen wert in eine zelle ein?"},"content":{"rendered":"<div class=\"excel-vor-dem-inhalt\" id=\"excel-2308757100\"><script type=\"text\/javascript\">\r\n\tatOptions = {\r\n\t\t'key' : 'c1158f160081d6540a8409e6925dab94',\r\n\t\t'format' : 'iframe',\r\n\t\t'height' : 250,\r\n\t\t'width' : 300,\r\n\t\t'params' : {}\r\n\t};\r\n<\/script>\r\n<script type=\"text\/javascript\" src=\"\/\/www.highperformanceformat.com\/c1158f160081d6540a8409e6925dab94\/invoke.js\"><\/script><\/div> <p class=\"wp-block-heading\"><strong>Wichtige Anmerkungen<\/strong><\/p><ul><li> Die Value-Eigenschaft kann in beide Richtungen verwendet werden (Sie k\u00f6nnen einen Wert aus einer Zelle lesen und schreiben).<\/li><li> Sie k\u00f6nnen <a href=\"https:\/\/exceladvisor.org\/de\/bereich-1\/\">mit \u201eCells\u201c und \u201eRange Object\u201c auf eine Zelle verweisen,<\/a> um einen Zellenwert festzulegen (sowie zum Abrufen und Bearbeiten).<\/li><\/ul><h2 class=\"wp-block-heading\"> Zellenwert festlegen<\/h2><p> Um einen Zellenwert festzulegen, m\u00fcssen Sie die Eigenschaft \u201eWert\u201c verwenden und dann den gew\u00fcnschten Wert festlegen. Hier habe ich einige Beispiele verwendet, um Ihnen das Verst\u00e4ndnis zu erleichtern.<\/p><h3 class=\"wp-block-heading\"> 1. Geben Sie einen Wert in eine Zelle ein<\/h3><p> Angenommen, Sie m\u00fcssen in Zelle A1 den Wert \u201eFertig\u201c eingeben. In diesem Fall w\u00fcrde der Code etwa wie folgt aussehen: <\/p><pre class=\"wp-block-code\"> <code class=\"language-visual-basic\" lang=\"visual-basic\">Range(\"A1\").Value = \"Done\"<\/code><\/pre><div class=\"wp-block-image\"><figure class=\"aligncenter size-large is-resized\"><img loading=\"lazy\" decoding=\"async\" class=\"wp-image-51319\" src=\"https:\/\/exceladvisor.org\/wp-content\/uploads\/2023\/08\/1-valeur-de-cellule-definie.png\" sizes=\"auto, \" srcset=\"\" alt=\"set-cell-value\" width=\"311\" height=\"148\"><\/figure><\/div><p> Wie Sie sehen, lege ich zuerst die Adresse der Zelle fest, in der ich den Wert hinzuf\u00fcgen m\u00f6chte, und dann die Eigenschaft value. Am Ende habe ich den Wert \u201eFertig\u201c mit einem Gleichheitszeichen \u201e=\u201c in doppelten Anf\u00fchrungszeichen zugewiesen.<\/p><p> Sie k\u00f6nnen auch die Eigenschaft \u201eCells\u201c verwenden, genau wie im folgenden Code.<\/p><pre class=\"wp-block-code\"> <code class=\"language-visual-basic\" lang=\"visual-basic\">Cells(1, 1).Value = \"Done\"<\/code><\/pre><p> Der obige Code bezieht sich auch auf Zelle A1.<\/p><p> Abgesehen davon gibt es noch eine andere M\u00f6glichkeit, die Sie nutzen k\u00f6nnen, indem Sie die Eigenschaft value nicht verwenden und den Wert direkt der Zelle zuweisen.<\/p><pre class=\"wp-block-code\"> <code class=\"language-visual-basic\" lang=\"visual-basic\">Cells(1, 1) = \"Done\"<\/code><\/pre><p> Es wird jedoch empfohlen, die Value-Eigenschaft zu verwenden, um einen Wert in eine Zelle einzugeben.<\/p><p> Angenommen, Sie m\u00f6chten eine Zahl in eine Zelle eingeben. In diesem Fall m\u00fcssen Sie keine doppelten Anf\u00fchrungszeichen verwenden. Sie k\u00f6nnen den Code wie folgt schreiben.<\/p><pre class=\"wp-block-code\"> <code class=\"language-visual-basic\" lang=\"visual-basic\">Range(\"A1\") = 99<\/code><\/pre><p> Sie k\u00f6nnen auch <a href=\"https:\/\/exceladvisor.org\/de\/datum-2\/\">DATE<\/a> und <a href=\"https:\/\/exceladvisor.org\/de\/jetzt\/\">NOW<\/a> ( <a href=\"https:\/\/exceladvisor.org\/de\/funktionen\/\">VBA-Funktionen<\/a> ) verwenden, um mithilfe von VBA-Code ein Datum oder <a href=\"https:\/\/exceladvisor.org\/de\/zeitstempel\/\">einen Zeitstempel<\/a> in eine Zelle einzugeben.<\/p><pre class=\"wp-block-code\"> <code class=\"language-visual-basic\" lang=\"visual-basic\">Range(\"A1\").Value = Date Range(\"A2\").Value = Now<\/code><\/pre><p> Und wenn Sie einen Wert in die aktive Zelle eingeben m\u00f6chten, w\u00e4re der ben\u00f6tigte Code wie folgt:<\/p><pre class=\"wp-block-code\"> <code class=\"language-visual-basic\" lang=\"visual-basic\">ActiveCell.Value = Date<\/code><\/pre><h3 class=\"wp-block-heading\"> 2. Verwendung eines Eingabefelds<\/h3><p> Wenn Sie m\u00f6chten, dass ein Benutzer einen Wert angibt, der in eine Zelle eingegeben werden soll, k\u00f6nnen Sie ein Eingabefeld verwenden. Angenommen, Sie m\u00f6chten den Wert in Zelle A1 eingeben, der Code w\u00fcrde so aussehen: <\/p><div class=\"wp-block-image\"><figure class=\"aligncenter size-large is-resized\"><img loading=\"lazy\" decoding=\"async\" class=\"wp-image-51320\" src=\"https:\/\/exceladvisor.org\/wp-content\/uploads\/2023\/08\/2-utiliser-la-zone-de-saisie-pour-la-valeur.png\" sizes=\"auto, \" srcset=\"\" alt=\"Eingabefeld-f\u00fcr-Wert verwenden\" width=\"496\" height=\"162\"><\/figure><\/div><pre class=\"wp-block-code\"> <code class=\"language-visual-basic\" lang=\"visual-basic\">Range(\"A1\").Value = _ InputBox(Prompt:=\"Type the value you want enter in A1.\")<\/code><\/pre><p> Im obigen Code wird der Wert der Zelle A1 dem vom <a href=\"https:\/\/exceladvisor.org\/de\/eingabefeld\/\">Eingabefeld<\/a> zur\u00fcckgegebenen Wert zugewiesen, der den vom Benutzer eingegebenen Wert zur\u00fcckgibt.<\/p><h3 class=\"wp-block-heading\"> 3. Aus einer anderen Zelle<\/h3><p> Sie k\u00f6nnen den Zellenwert auch mithilfe des Werts einer anderen Zelle festlegen. Angenommen, Sie m\u00f6chten aus Zelle B1 einen Wert zu Zelle A1 hinzuf\u00fcgen. Der Code w\u00e4re: <\/p><pre class=\"wp-block-code\"> <code class=\"language-visual-basic\" lang=\"visual-basic\">Range(\"A1\") = Range(\"B1\").Value<\/code><\/pre><div class=\"wp-block-image\"><figure class=\"aligncenter size-large is-resized\"><img loading=\"lazy\" decoding=\"async\" class=\"wp-image-51321\" src=\"https:\/\/exceladvisor.org\/wp-content\/uploads\/2023\/08\/3-definir-la-valeur-de-la-cellule-en-utilisant-la-valeur-dune-autre-cellule.png\" sizes=\"auto, \" srcset=\"\" alt=\"Zellenwert mithilfe des Werts einer anderen Zelle festlegen\" width=\"521\" height=\"303\"><\/figure><\/div><p> Sie k\u00f6nnen auch auf Zelle B1 verweisen, ohne die Value-Eigenschaft zu verwenden.<\/p><pre class=\"wp-block-code\"> <code class=\"language-visual-basic\" lang=\"visual-basic\">Range(\"A1\") = Range(\"B1\")<\/code><\/pre><h3 class=\"wp-block-heading\"> 4. Stellen Sie den Wert in einem gesamten Bereich ein<\/h3><p> Stellen Sie sich vor, Sie m\u00f6chten Werte in mehrere Zellen oder einen Zellbereich statt in eine einzelne Zelle eingeben. In diesem Fall m\u00fcssen Sie Code wie den folgenden schreiben: <\/p><pre class=\"wp-block-code\"> <code class=\"language-visual-basic\" lang=\"visual-basic\">Range(\"A1:A10\").Value = Date Range(\"B1, B10\").Value = Now<\/code><\/pre><div class=\"wp-block-image\"><figure class=\"aligncenter size-large is-resized\"><img loading=\"lazy\" decoding=\"async\" class=\"wp-image-51322\" src=\"https:\/\/exceladvisor.org\/wp-content\/uploads\/2023\/08\/4-valeurs-de-consigne-dans-toute-la-plage.png\" sizes=\"auto, \" srcset=\"\" alt=\"Wert im gesamten Bereich einstellen\" width=\"326\" height=\"162\"><\/figure><\/div><p> In der ersten Codezeile haben Sie einen gesamten Bereich von Zelle A1 bis A10 und in der zweiten Zeile gibt es zwei Zellen B1 und B10.<\/p><h2 class=\"wp-block-heading\"> Zellenwert abrufen<\/h2><p> Wie gesagt, Sie k\u00f6nnen dieselbe Value-Eigenschaft verwenden, um den Wert einer Zelle abzurufen.<\/p><h3 class=\"wp-block-heading\"> 1. Ermitteln Sie den Wert der ActiveCell<\/h3><p> Angenommen, Sie m\u00f6chten den Wert der aktiven Zelle abrufen. In diesem Fall m\u00fcssen Sie den folgenden Code verwenden. <\/p><pre class=\"wp-block-code\"> <code class=\"language-visual-basic\" lang=\"visual-basic\">ActiveCell.Value = Range(\"A1\")<\/code><\/pre><div class=\"wp-block-image\"><figure class=\"aligncenter size-large is-resized\"><img loading=\"lazy\" decoding=\"async\" class=\"wp-image-51323\" src=\"https:\/\/exceladvisor.org\/wp-content\/uploads\/2023\/08\/5-obtenir-la-valeur-de-la-cellule.png\" sizes=\"auto, \" srcset=\"\" alt=\"Zellenwert abrufen\" width=\"323\" height=\"150\"><\/figure><\/div><p> Im obigen Code haben Sie die Value-Eigenschaft mit der aktiven Zelle verwendet und diesen Wert dann der Zelle A1 zugewiesen.<\/p><h3 class=\"wp-block-heading\"> 2. Einer Variablen zuweisen<\/h3><p> Sie k\u00f6nnen auch einen Wert aus einer Zelle abrufen und ihn dann einer <a href=\"https:\/\/exceladvisor.org\/de\/variablen\/\">Variablen<\/a> zuweisen. <\/p><div class=\"wp-block-image\"><figure class=\"aligncenter size-large is-resized\"><img loading=\"lazy\" decoding=\"async\" class=\"wp-image-51324\" src=\"https:\/\/exceladvisor.org\/wp-content\/uploads\/2023\/08\/6-affecter-a-une-variable.png\" sizes=\"auto, \" srcset=\"\" alt=\"einer Variablen zuweisen\" width=\"333\" height=\"171\"><\/figure><\/div><p> Im obigen Code haben Sie nun die Variable \u201ei\u201c, deren <a href=\"https:\/\/exceladvisor.org\/de\/variablen\/\">Datentyp \u201e<\/a> Datum\u201c ist. In der zweiten Zeile des Codes wird der Variablen der Wert der Zelle A1 zugewiesen.<\/p><h3 class=\"wp-block-heading\"> 3. Anzeige in einer MsgBox<\/h3><p> Stellen Sie sich nun vor, Sie m\u00f6chten den Wert der Zelle A1 \u00fcber ein <a href=\"https:\/\/exceladvisor.org\/de\/vba-nachrichtenbox\/\">Meldungsfeld<\/a> anzeigen. In diesem Fall w\u00fcrde der Code wie folgt aussehen. <\/p><pre class=\"wp-block-code\"> <code class=\"language-visual-basic\" lang=\"visual-basic\">MsgBox Range(\"A1\").Value<\/code><\/pre><div class=\"wp-block-image\"><figure class=\"aligncenter size-large is-resized\"><img loading=\"lazy\" decoding=\"async\" class=\"wp-image-51325\" src=\"https:\/\/exceladvisor.org\/wp-content\/uploads\/2023\/08\/7-afficher-dans-une-msgbox.png\" sizes=\"auto, \" srcset=\"\" alt=\"Anzeige in einer Msgbox\" width=\"309\" height=\"163\"><\/figure><\/div><p> Im obigen Code \u00fcbernimmt das Meldungsfeld den Wert aus Zelle A1 und zeigt ihn dem Benutzer an. <\/p><div class=\"wp-block-image\"><figure class=\"aligncenter size-large is-resized\"><img loading=\"lazy\" decoding=\"async\" class=\"wp-image-51326\" src=\"https:\/\/exceladvisor.org\/wp-content\/uploads\/2023\/08\/8-msgbox-prennent-de-la-valeur.png\" sizes=\"auto, \" srcset=\"\" alt=\"msgbox-take-value\" width=\"131\" height=\"155\"><\/figure><\/div><h2 class=\"wp-block-heading\"> Zellenwert \u00e4ndern<\/h2><p> Sie k\u00f6nnen auch \u00c4nderungen an einem Zellenwert vornehmen. Hier habe ich einige Beispiele aufgef\u00fchrt, die Ihnen helfen k\u00f6nnen, dies zu verstehen.<\/p><h3 class=\"wp-block-heading\"> 1. F\u00fcgen Sie einer vorhandenen Nummer eine Nummer hinzu<\/h3><p> Nehmen wir an, wenn Sie der Zahl in Zelle A1 eine hinzuf\u00fcgen m\u00f6chten, k\u00f6nnen Sie den folgenden Code verwenden.<\/p><pre class=\"wp-block-code\"> <code class=\"language-visual-basic\" lang=\"visual-basic\">Range(\"A1\").Value = Range(\"A1\").Value + 1<\/code><\/pre><p> Der obige Code weist der Zelle A1 einen Wert zu, indem er den Wert der Zelle A1 selbst nimmt und eins hinzuf\u00fcgt. Sie k\u00f6nnen aber auch <a href=\"https:\/\/exceladvisor.org\/de\/wenn-2\/\">VBA IF THEN ELSE<\/a> verwenden, um eine Bedingung zu schreiben, die sich nur \u00e4ndert, wenn <a href=\"https:\/\/exceladvisor.org\/de\/isnumerisch\/\">eine Zahl in der Zelle vorhanden ist<\/a> .<\/p><pre class=\"wp-block-code\"> <code class=\"language-visual-basic\" lang=\"visual-basic\">If IsNumeric(Range(\"A1\").Value) Then Range(\"A1\").Value = Range(\"A1\").Value + 1 End If<\/code><\/pre><h3 class=\"wp-block-heading\"> 2. L\u00f6schen Sie das erste Zeichen aus der Zelle<\/h3><p> Nun entfernt der folgende Code das erste Zeichen aus dem Zellenwert und weist den Rest des Werts der Zelle zu.<\/p><pre class=\"wp-block-code\"> <code class=\"language-visual-basic\" lang=\"visual-basic\">Range(\"A1\").Value = Right(Range(\"A1\").Value, Len(Range(\"A1\").Value) - 1)<\/code><\/pre><div class=\"gb-container gb-container-4db6181c gb-container-mt\"> <a class=\"gb-button gb-button-c5897111 gb-button-text gb-button-mt-button\" href=\"https:\/\/exceladvisor.org\/de\/vba\/\">Was ist VBA<\/a><h2 class=\"gb-headline gb-headline-665e5f6b gb-headline-text gb-headline-mt-heading\"> Verwandte Tutorials <\/h2><div class=\"gb-grid-wrapper gb-grid-wrapper-a20baf7c gb-grid-wrapper-mt-grid\"><div class=\"gb-grid-column gb-grid-column-65ddf67e\"><div class=\"gb-container gb-container-65ddf67e\"><ul><li> <a href=\"https:\/\/exceladvisor.org\/de\/anzahl-der-zeilen\/\">Z\u00e4hlen Sie Zeilen mit VBA in Excel<\/a><\/li><li> <a href=\"https:\/\/exceladvisor.org\/de\/zeichenschrift\/\">Excel VBA-Schriftart (Farbe, Gr\u00f6\u00dfe, Typ und Fett)<\/a><\/li><li> <a href=\"https:\/\/exceladvisor.org\/de\/spaltenzeile-ausblenden-und-anzeigen\/\">Excel VBA Eine Spalte oder Zeile ein- und ausblenden<\/a><\/li><li> <a href=\"https:\/\/exceladvisor.org\/de\/bereich-1\/\">Excel VBA-Bereich \u2013 Arbeiten mit Bereichen und Zellen<\/a><\/li><li> <a href=\"https:\/\/exceladvisor.org\/de\/grenzen\/\">Wenden Sie mit VBA in Excel Rahmen auf eine Zelle an<\/a> <\/li><\/ul><\/div><\/div><div class=\"gb-grid-column gb-grid-column-50067b57\"><div class=\"gb-container gb-container-50067b57\"><\/div><\/div><\/div><\/div>","protected":false},"excerpt":{"rendered":"","protected":false},"author":1,"featured_media":0,"parent":0,"menu_order":0,"comment_status":"open","ping_status":"closed","template":"","meta":{"ub_ctt_via":"","footnotes":""},"class_list":["post-3702","page","type-page","status-publish","hentry"],"featured_image_src":null,"yoast_head":"<!-- This site is optimized with the Yoast SEO plugin v25.4 - https:\/\/yoast.com\/wordpress\/plugins\/seo\/ -->\n<title>\u25b7 Wie gebe ich per VBA einen Wert in eine Zelle ein?<\/title>\n<meta name=\"description\" content=\"Dieses Tutorial zeigt Ihnen, wie Sie mit VBA einen Wert in einer Zelle festlegen (eingeben), den Wert einer Zelle abrufen und\" \/>\n<meta name=\"robots\" content=\"index, follow, max-snippet:-1, max-image-preview:large, max-video-preview:-1\" \/>\n<link rel=\"canonical\" href=\"https:\/\/exceladvisor.org\/de\/zellenwert\/\" \/>\n<meta property=\"og:locale\" content=\"de_DE\" \/>\n<meta property=\"og:type\" content=\"article\" \/>\n<meta property=\"og:title\" content=\"\u25b7 Wie gebe ich per VBA einen Wert in eine Zelle ein?\" \/>\n<meta property=\"og:description\" content=\"Dieses Tutorial zeigt Ihnen, wie Sie mit VBA einen Wert in einer Zelle festlegen (eingeben), den Wert einer Zelle abrufen und\" \/>\n<meta property=\"og:url\" content=\"https:\/\/exceladvisor.org\/de\/zellenwert\/\" \/>\n<meta property=\"og:site_name\" content=\"Excel Advisor\" \/>\n<meta property=\"article:modified_time\" content=\"2023-12-03T11:21:37+00:00\" \/>\n<meta property=\"og:image\" content=\"https:\/\/exceladvisor.org\/wp-content\/uploads\/2023\/08\/1-valeur-de-cellule-definie.png\" \/>\n<meta name=\"twitter:card\" content=\"summary_large_image\" \/>\n<meta name=\"twitter:label1\" content=\"Gesch\u00e4tzte Lesezeit\" \/>\n\t<meta name=\"twitter:data1\" content=\"4\u00a0Minuten\" \/>\n<script type=\"application\/ld+json\" class=\"yoast-schema-graph\">{\"@context\":\"https:\/\/schema.org\",\"@graph\":[{\"@type\":\"WebPage\",\"@id\":\"https:\/\/exceladvisor.org\/de\/zellenwert\/\",\"url\":\"https:\/\/exceladvisor.org\/de\/zellenwert\/\",\"name\":\"\u25b7 Wie gebe ich per VBA einen Wert in eine Zelle ein?\",\"isPartOf\":{\"@id\":\"https:\/\/exceladvisor.org\/de\/#website\"},\"primaryImageOfPage\":{\"@id\":\"https:\/\/exceladvisor.org\/de\/zellenwert\/#primaryimage\"},\"image\":{\"@id\":\"https:\/\/exceladvisor.org\/de\/zellenwert\/#primaryimage\"},\"thumbnailUrl\":\"https:\/\/exceladvisor.org\/wp-content\/uploads\/2023\/08\/1-valeur-de-cellule-definie.png\",\"datePublished\":\"2023-09-01T08:07:06+00:00\",\"dateModified\":\"2023-12-03T11:21:37+00:00\",\"description\":\"Dieses Tutorial zeigt Ihnen, wie Sie mit VBA einen Wert in einer Zelle festlegen (eingeben), den Wert einer Zelle abrufen und\",\"breadcrumb\":{\"@id\":\"https:\/\/exceladvisor.org\/de\/zellenwert\/#breadcrumb\"},\"inLanguage\":\"de\",\"potentialAction\":[{\"@type\":\"ReadAction\",\"target\":[\"https:\/\/exceladvisor.org\/de\/zellenwert\/\"]}]},{\"@type\":\"ImageObject\",\"inLanguage\":\"de\",\"@id\":\"https:\/\/exceladvisor.org\/de\/zellenwert\/#primaryimage\",\"url\":\"https:\/\/exceladvisor.org\/wp-content\/uploads\/2023\/08\/1-valeur-de-cellule-definie.png\",\"contentUrl\":\"https:\/\/exceladvisor.org\/wp-content\/uploads\/2023\/08\/1-valeur-de-cellule-definie.png\"},{\"@type\":\"BreadcrumbList\",\"@id\":\"https:\/\/exceladvisor.org\/de\/zellenwert\/#breadcrumb\",\"itemListElement\":[{\"@type\":\"ListItem\",\"position\":1,\"name\":\"Accueil\",\"item\":\"https:\/\/exceladvisor.org\/de\/\"},{\"@type\":\"ListItem\",\"position\":2,\"name\":\"Wie gebe ich mit vba einen wert in eine zelle ein?\"}]},{\"@type\":\"WebSite\",\"@id\":\"https:\/\/exceladvisor.org\/de\/#website\",\"url\":\"https:\/\/exceladvisor.org\/de\/\",\"name\":\"Excel Advisor\",\"description\":\"Ihr Leitfaden zur Datendominanz\",\"publisher\":{\"@id\":\"https:\/\/exceladvisor.org\/de\/#organization\"},\"potentialAction\":[{\"@type\":\"SearchAction\",\"target\":{\"@type\":\"EntryPoint\",\"urlTemplate\":\"https:\/\/exceladvisor.org\/de\/?s={search_term_string}\"},\"query-input\":{\"@type\":\"PropertyValueSpecification\",\"valueRequired\":true,\"valueName\":\"search_term_string\"}}],\"inLanguage\":\"de\"},{\"@type\":\"Organization\",\"@id\":\"https:\/\/exceladvisor.org\/de\/#organization\",\"name\":\"Excel Advisor\",\"url\":\"https:\/\/exceladvisor.org\/de\/\",\"logo\":{\"@type\":\"ImageObject\",\"inLanguage\":\"de\",\"@id\":\"https:\/\/exceladvisor.org\/de\/#\/schema\/logo\/image\/\",\"url\":\"https:\/\/exceladvisor.org\/de\/wp-content\/uploads\/2023\/11\/exceladvisor.org_.png\",\"contentUrl\":\"https:\/\/exceladvisor.org\/de\/wp-content\/uploads\/2023\/11\/exceladvisor.org_.png\",\"width\":105,\"height\":36,\"caption\":\"Excel Advisor\"},\"image\":{\"@id\":\"https:\/\/exceladvisor.org\/de\/#\/schema\/logo\/image\/\"}}]}<\/script>\n<!-- \/ Yoast SEO plugin. -->","yoast_head_json":{"title":"\u25b7 Wie gebe ich per VBA einen Wert in eine Zelle ein?","description":"Dieses Tutorial zeigt Ihnen, wie Sie mit VBA einen Wert in einer Zelle festlegen (eingeben), den Wert einer Zelle abrufen und","robots":{"index":"index","follow":"follow","max-snippet":"max-snippet:-1","max-image-preview":"max-image-preview:large","max-video-preview":"max-video-preview:-1"},"canonical":"https:\/\/exceladvisor.org\/de\/zellenwert\/","og_locale":"de_DE","og_type":"article","og_title":"\u25b7 Wie gebe ich per VBA einen Wert in eine Zelle ein?","og_description":"Dieses Tutorial zeigt Ihnen, wie Sie mit VBA einen Wert in einer Zelle festlegen (eingeben), den Wert einer Zelle abrufen und","og_url":"https:\/\/exceladvisor.org\/de\/zellenwert\/","og_site_name":"Excel Advisor","article_modified_time":"2023-12-03T11:21:37+00:00","og_image":[{"url":"https:\/\/exceladvisor.org\/wp-content\/uploads\/2023\/08\/1-valeur-de-cellule-definie.png","type":"","width":"","height":""}],"twitter_card":"summary_large_image","twitter_misc":{"Gesch\u00e4tzte Lesezeit":"4\u00a0Minuten"},"schema":{"@context":"https:\/\/schema.org","@graph":[{"@type":"WebPage","@id":"https:\/\/exceladvisor.org\/de\/zellenwert\/","url":"https:\/\/exceladvisor.org\/de\/zellenwert\/","name":"\u25b7 Wie gebe ich per VBA einen Wert in eine Zelle ein?","isPartOf":{"@id":"https:\/\/exceladvisor.org\/de\/#website"},"primaryImageOfPage":{"@id":"https:\/\/exceladvisor.org\/de\/zellenwert\/#primaryimage"},"image":{"@id":"https:\/\/exceladvisor.org\/de\/zellenwert\/#primaryimage"},"thumbnailUrl":"https:\/\/exceladvisor.org\/wp-content\/uploads\/2023\/08\/1-valeur-de-cellule-definie.png","datePublished":"2023-09-01T08:07:06+00:00","dateModified":"2023-12-03T11:21:37+00:00","description":"Dieses Tutorial zeigt Ihnen, wie Sie mit VBA einen Wert in einer Zelle festlegen (eingeben), den Wert einer Zelle abrufen und","breadcrumb":{"@id":"https:\/\/exceladvisor.org\/de\/zellenwert\/#breadcrumb"},"inLanguage":"de","potentialAction":[{"@type":"ReadAction","target":["https:\/\/exceladvisor.org\/de\/zellenwert\/"]}]},{"@type":"ImageObject","inLanguage":"de","@id":"https:\/\/exceladvisor.org\/de\/zellenwert\/#primaryimage","url":"https:\/\/exceladvisor.org\/wp-content\/uploads\/2023\/08\/1-valeur-de-cellule-definie.png","contentUrl":"https:\/\/exceladvisor.org\/wp-content\/uploads\/2023\/08\/1-valeur-de-cellule-definie.png"},{"@type":"BreadcrumbList","@id":"https:\/\/exceladvisor.org\/de\/zellenwert\/#breadcrumb","itemListElement":[{"@type":"ListItem","position":1,"name":"Accueil","item":"https:\/\/exceladvisor.org\/de\/"},{"@type":"ListItem","position":2,"name":"Wie gebe ich mit vba einen wert in eine zelle ein?"}]},{"@type":"WebSite","@id":"https:\/\/exceladvisor.org\/de\/#website","url":"https:\/\/exceladvisor.org\/de\/","name":"Excel Advisor","description":"Ihr Leitfaden zur Datendominanz","publisher":{"@id":"https:\/\/exceladvisor.org\/de\/#organization"},"potentialAction":[{"@type":"SearchAction","target":{"@type":"EntryPoint","urlTemplate":"https:\/\/exceladvisor.org\/de\/?s={search_term_string}"},"query-input":{"@type":"PropertyValueSpecification","valueRequired":true,"valueName":"search_term_string"}}],"inLanguage":"de"},{"@type":"Organization","@id":"https:\/\/exceladvisor.org\/de\/#organization","name":"Excel Advisor","url":"https:\/\/exceladvisor.org\/de\/","logo":{"@type":"ImageObject","inLanguage":"de","@id":"https:\/\/exceladvisor.org\/de\/#\/schema\/logo\/image\/","url":"https:\/\/exceladvisor.org\/de\/wp-content\/uploads\/2023\/11\/exceladvisor.org_.png","contentUrl":"https:\/\/exceladvisor.org\/de\/wp-content\/uploads\/2023\/11\/exceladvisor.org_.png","width":105,"height":36,"caption":"Excel Advisor"},"image":{"@id":"https:\/\/exceladvisor.org\/de\/#\/schema\/logo\/image\/"}}]}},"yoast_meta":{"yoast_wpseo_title":"","yoast_wpseo_metadesc":"","yoast_wpseo_canonical":""},"_links":{"self":[{"href":"https:\/\/exceladvisor.org\/de\/wp-json\/wp\/v2\/pages\/3702","targetHints":{"allow":["GET"]}}],"collection":[{"href":"https:\/\/exceladvisor.org\/de\/wp-json\/wp\/v2\/pages"}],"about":[{"href":"https:\/\/exceladvisor.org\/de\/wp-json\/wp\/v2\/types\/page"}],"author":[{"embeddable":true,"href":"https:\/\/exceladvisor.org\/de\/wp-json\/wp\/v2\/users\/1"}],"replies":[{"embeddable":true,"href":"https:\/\/exceladvisor.org\/de\/wp-json\/wp\/v2\/comments?post=3702"}],"version-history":[{"count":1,"href":"https:\/\/exceladvisor.org\/de\/wp-json\/wp\/v2\/pages\/3702\/revisions"}],"predecessor-version":[{"id":4075,"href":"https:\/\/exceladvisor.org\/de\/wp-json\/wp\/v2\/pages\/3702\/revisions\/4075"}],"wp:attachment":[{"href":"https:\/\/exceladvisor.org\/de\/wp-json\/wp\/v2\/media?parent=3702"}],"curies":[{"name":"wp","href":"https:\/\/api.w.org\/{rel}","templated":true}]}}