{"id":3703,"date":"2023-09-01T07:29:00","date_gmt":"2023-09-01T07:29:00","guid":{"rendered":"https:\/\/exceladvisor.org\/de\/spezielle-zellen\/"},"modified":"2023-12-03T13:05:46","modified_gmt":"2023-12-03T13:05:46","slug":"spezielle-zellen","status":"publish","type":"page","link":"https:\/\/exceladvisor.org\/de\/spezielle-zellen\/","title":{"rendered":"Wie wendet man die spezielle zellmethode an?"},"content":{"rendered":"<div class=\"excel-vor-dem-inhalt\" id=\"excel-1476391525\"><script type=\"text\/javascript\">\r\n\tatOptions = {\r\n\t\t'key' : 'c1158f160081d6540a8409e6925dab94',\r\n\t\t'format' : 'iframe',\r\n\t\t'height' : 250,\r\n\t\t'width' : 300,\r\n\t\t'params' : {}\r\n\t};\r\n<\/script>\r\n<script type=\"text\/javascript\" src=\"\/\/www.highperformanceformat.com\/c1158f160081d6540a8409e6925dab94\/invoke.js\"><\/script><\/div> <p>In VBA k\u00f6nnen Sie mit der speziellen Zellenmethode eine Zelle oder einen Zellbereich eines bestimmten Typs und eines bestimmten Werttyps ausw\u00e4hlen. Angenommen, Sie m\u00f6chten wissen, welche Zellen im Bereich A1:A10 eine Formel haben und als Wert nummeriert sind? Nun, dieses Ergebnis k\u00f6nnen Sie mit der SpecialCells-Methode erzielen.<\/p><h2 class=\"wp-block-heading\"> Verwenden Sie die spezielle Zellenmethode in VBA <\/h2><div class=\"wp-block-image\"><figure class=\"aligncenter size-large is-resized\"><img loading=\"lazy\" decoding=\"async\" class=\"wp-image-54756\" src=\"https:\/\/exceladvisor.org\/wp-content\/uploads\/2023\/08\/1-utiliser-la-methode-des-cellules-speciales-dans-vba.png\" sizes=\"auto, \" srcset=\"\" alt=\"Verwenden Sie die spezielle Zellenmethode in VBA\" width=\"614\" height=\"275\"><\/figure><\/div><p> Hier schreiben wir Code, um die Adresse der zuletzt verwendeten Zelle im Bereich A1:A10 herauszufinden. Beachten Sie, dass es in der speziellen Zellmethode zwei Argumente gibt, von denen eines erforderlich und das andere optional ist.<\/p><ol><li> Deklarieren Sie zun\u00e4chst eine Variable als Bereich, um diese vom Code zur\u00fcckgegebene Zellenadresse zu speichern. <br><img loading=\"lazy\" decoding=\"async\" title=\"2-deklariere-eine-Variable-als-Bereich\" src=\"https:\/\/exceladvisor.org\/wp-content\/uploads\/2023\/08\/2-declarer-une-variable-comme-plage.png\" sizes=\"auto, \" srcset=\"\" alt=\"declare a variable as range\" width=\"328\" height=\"284\"><\/li><li> Beziehen Sie sich anschlie\u00dfend auf den Bereich und verwenden Sie die Methode \u201eSpecialCells\u201c, bei der Sie das Argument \u201eType\u201c mit \u201exlCellTypeLastCell\u201c angeben m\u00fcssen.<\/li><li> Als n\u00e4chstes setzen Sie diese spezielle Zellcodezeile auf die Variable, die Sie im ersten Schritt definiert haben. <br><img loading=\"lazy\" decoding=\"async\" title=\"3-verwende-die-spezielle-zellen-methode\" src=\"https:\/\/exceladvisor.org\/wp-content\/uploads\/2023\/08\/3-utiliser-la-methode-des-cellules-speciales.png\" sizes=\"auto, \" srcset=\"\" alt=\"use the specialcells method\" width=\"462\" height=\"209\"><\/li><li> Von hier aus m\u00fcssen Sie ein VBA-Meldungsfeld verwenden, um die Adresse der Zellenr\u00fcckgaben durch die spezielle Zellenmethode abzurufen.<\/li><li> Verwenden Sie am Ende die Eigenschaft \u201eAdresse\u201c mit der Variablen, um die Adresse der Zelle des letzten Typs abzurufen. <br><img loading=\"lazy\" decoding=\"async\" title=\"4-Vba-Nachrichtenfeld zum Abrufen der Adresse\" src=\"https:\/\/exceladvisor.org\/wp-content\/uploads\/2023\/08\/Boite-de-message-4-vba-pour-obtenir-ladresse.png\" sizes=\"auto, \" srcset=\"\" alt=\"Vba message box to get the address\" width=\"449\" height=\"203\"><\/li><\/ol><p> Hier ist der vollst\u00e4ndige Code.<\/p><pre class=\"wp-block-code\"> <code class=\"language-visual-basic\" lang=\"visual-basic\">Dim myRng As Range Set myRng = Range(\"A1:A10\").SpecialCells(xlCellTypeLastCell) MsgBox myRng.Address<\/code><\/pre><p> Wenn Sie nun diesen Code ausf\u00fchren, wird ein Meldungsfeld mit der Adresse der Zelle angezeigt, die zuletzt verwendet (eingegeben) wurde. In meinem Fall habe ich also Zelle A10 verwendet und dasselbe im Nachrichtenfeld erhalten.<\/p><h2 class=\"wp-block-heading\"> W\u00e4hlen Sie Zellen mit Notizen aus<\/h2><p> In Excel hei\u00dfen die alten \u201eKommentare\u201c jetzt \u201eNotizen\u201c. Wenn Sie Code zum Ausw\u00e4hlen von Kommentaren schreiben, werden die Notizen ausgew\u00e4hlt, die Sie innerhalb des angegebenen Bereichs haben. Betrachten Sie den folgenden Code. <\/p><div class=\"wp-block-image\"><figure class=\"aligncenter size-large is-resized\"><img loading=\"lazy\" decoding=\"async\" class=\"wp-image-54760\" src=\"https:\/\/exceladvisor.org\/wp-content\/uploads\/2023\/08\/5-cellules-selectionnees-avec-des-notes.png\" sizes=\"auto, \" srcset=\"\" alt=\"W\u00e4hlen Sie Zellen mit Notizen aus\" width=\"590\" height=\"296\"><\/figure><\/div><pre class=\"wp-block-code\"> <code class=\"language-visual-basic\" lang=\"visual-basic\">Dim myRng As Range Set myRng = _ Range(\"A1:A10\").SpecialCells(xlCellTypeComments) myRng.Select<\/code><\/pre><h2 class=\"wp-block-heading\"> Verwenden Sie beide Argumente<\/h2><p> Wie ich bereits sagte, haben Sie zwei Argumente f\u00fcr die SpecialCells-Methode. Sehen wir uns nun an, wie Sie die beiden Argumente verwenden k\u00f6nnen, um Zellen auszuw\u00e4hlen, die eine Formel haben und dass der von der Formel zur\u00fcckgegebene Wert ein logischer Wert ist.<\/p><pre class=\"wp-block-code\"> <code class=\"language-visual-basic\" lang=\"visual-basic\">Dim myRng As Range Set myRng = Range(\"A1:A11\").SpecialCells(xlCellTypeFormulas, xlLogical) myRng.Select<\/code><\/pre><p> Wenn ich nun den obigen Code ausf\u00fchre, w\u00e4hlt er Zellen aus dem Bereich A1 bis A11 aus, in denen ich Formeln und logische Werte habe. <\/p><div class=\"wp-block-image\"><figure class=\"aligncenter size-large is-resized\"><img loading=\"lazy\" decoding=\"async\" class=\"wp-image-54761\" src=\"https:\/\/exceladvisor.org\/wp-content\/uploads\/2023\/08\/6-en-utilisant-les-deux-arguments.png\" sizes=\"auto, \" srcset=\"\" alt=\"mit beiden Argumenten\" width=\"588\" height=\"243\"><\/figure><\/div><h2 class=\"wp-block-heading\"> W\u00e4hlen Sie Zellen mit bedingter Formatierung aus<\/h2><pre class=\"wp-block-code\"> <code class=\"language-visual-basic\" lang=\"visual-basic\">Range(\"A1:A11\").SpecialCells(xlCellTypeSameFormatConditions) Range(\"A1:A11\").SpecialCells(xlCellTypeAllFormatConditions)<\/code><\/pre><h2 class=\"wp-block-heading\"> W\u00e4hlen Sie sichtbare Zellen aus<\/h2><p> Und Sie k\u00f6nnen das Sichtbare auch mit der Konstante \u201exlCellTypeVisible\u201c ausw\u00e4hlen. Betrachten Sie den folgenden Code. <\/p><pre class=\"wp-block-code\"> <code class=\"language-visual-basic\" lang=\"visual-basic\">Dim myRng As Range Set myRng = Range(\"A1:A11\").SpecialCells(xlCellTypeVisible) myRng.Select<\/code><\/pre><div class=\"wp-block-image\"><figure class=\"aligncenter size-large is-resized\"><img loading=\"lazy\" decoding=\"async\" class=\"wp-image-54762\" src=\"https:\/\/exceladvisor.org\/wp-content\/uploads\/2023\/08\/7-cellules-selectionnees-avec-mise-en-forme-conditionnelle.png\" sizes=\"auto, \" srcset=\"\" alt=\"W\u00e4hlen Sie Zellen mit bedingter Formatierung aus\" width=\"607\" height=\"266\"><\/figure><\/div><p> Alternativ k\u00f6nnen Sie auch \u201e12\u201c als Argumentwert verwenden.<\/p><pre class=\"wp-block-code\"> <code class=\"language-visual-basic\" lang=\"visual-basic\">Dim myRng As Range Set myRng = Range(\"A1:A11\").SpecialCells(12) myRng.Select<\/code><\/pre><h2 class=\"wp-block-heading\"> Zellen mit Datenvalidierung<\/h2><pre class=\"wp-block-code\"> <code class=\"language-visual-basic\" lang=\"visual-basic\">Range(\"A1:A11\").SpecialCells(xlCellTypeAllValidation) Range(\"A1:A11\").SpecialCells(xlCellTypeSameValidation)<\/code><\/pre><div class=\"gb-container gb-container-4db6181c gb-container-mt\"> <a class=\"gb-button gb-button-c5897111 gb-button-text gb-button-mt-button\" href=\"https:\/\/exceladvisor.org\/de\/vba\/\">Was ist VBA<\/a><h2 class=\"gb-headline gb-headline-665e5f6b gb-headline-text gb-headline-mt-heading\"> Verwandte Tutorials <\/h2><div class=\"gb-grid-wrapper gb-grid-wrapper-a20baf7c gb-grid-wrapper-mt-grid\"><div class=\"gb-grid-column gb-grid-column-65ddf67e\"><div class=\"gb-container gb-container-65ddf67e\"><ul><li> <a href=\"https:\/\/exceladvisor.org\/de\/anzahl-der-zeilen\/\">Z\u00e4hlen Sie Zeilen mit VBA in Excel<\/a><\/li><li> <a href=\"https:\/\/exceladvisor.org\/de\/zeichenschrift\/\">Excel VBA-Schriftart (Farbe, Gr\u00f6\u00dfe, Typ und Fettdruck)<\/a><\/li><li> <a href=\"https:\/\/exceladvisor.org\/de\/spaltenzeile-ausblenden-und-anzeigen\/\">Excel VBA Eine Spalte oder Zeile ein- und ausblenden<\/a><\/li><li> <a href=\"https:\/\/exceladvisor.org\/de\/bereich-1\/\">Excel VBA-Bereich \u2013 Arbeiten mit Bereichen und Zellen<\/a><\/li><li> <a href=\"https:\/\/exceladvisor.org\/de\/grenzen\/\">Wenden Sie mit VBA in Excel Rahmen auf eine Zelle an<\/a> <\/li><\/ul><\/div><\/div><div class=\"gb-grid-column gb-grid-column-50067b57\"><div class=\"gb-container gb-container-50067b57\"><\/div><\/div><\/div><\/div>","protected":false},"excerpt":{"rendered":"","protected":false},"author":1,"featured_media":0,"parent":0,"menu_order":0,"comment_status":"open","ping_status":"closed","template":"","meta":{"ub_ctt_via":"","footnotes":""},"class_list":["post-3703","page","type-page","status-publish","hentry"],"featured_image_src":null,"yoast_head":"<!-- This site is optimized with the Yoast SEO plugin v25.4 - https:\/\/yoast.com\/wordpress\/plugins\/seo\/ -->\n<title>Wie verwende ich die Spezialzellenmethode \u00fcber VBA?<\/title>\n<meta name=\"description\" content=\"In diesem Tutorial erfahren Sie, wie Sie die spezielle Zellenmethode in VBA verwenden, um auf Zellen mit einer speziellen Eigenschaft zuzugreifen.\" \/>\n<meta name=\"robots\" content=\"index, follow, max-snippet:-1, max-image-preview:large, max-video-preview:-1\" \/>\n<link rel=\"canonical\" href=\"https:\/\/exceladvisor.org\/de\/spezielle-zellen\/\" \/>\n<meta property=\"og:locale\" content=\"de_DE\" \/>\n<meta property=\"og:type\" content=\"article\" \/>\n<meta property=\"og:title\" content=\"Wie verwende ich die Spezialzellenmethode \u00fcber VBA?\" \/>\n<meta property=\"og:description\" content=\"In diesem Tutorial erfahren Sie, wie Sie die spezielle Zellenmethode in VBA verwenden, um auf Zellen mit einer speziellen Eigenschaft zuzugreifen.\" \/>\n<meta property=\"og:url\" content=\"https:\/\/exceladvisor.org\/de\/spezielle-zellen\/\" \/>\n<meta property=\"og:site_name\" content=\"Excel Advisor\" \/>\n<meta property=\"article:modified_time\" content=\"2023-12-03T13:05:46+00:00\" \/>\n<meta property=\"og:image\" content=\"https:\/\/exceladvisor.org\/wp-content\/uploads\/2023\/08\/1-utiliser-la-methode-des-cellules-speciales-dans-vba.png\" \/>\n<meta name=\"twitter:card\" content=\"summary_large_image\" \/>\n<meta name=\"twitter:label1\" content=\"Gesch\u00e4tzte Lesezeit\" \/>\n\t<meta name=\"twitter:data1\" content=\"3\u00a0Minuten\" \/>\n<script type=\"application\/ld+json\" class=\"yoast-schema-graph\">{\"@context\":\"https:\/\/schema.org\",\"@graph\":[{\"@type\":\"WebPage\",\"@id\":\"https:\/\/exceladvisor.org\/de\/spezielle-zellen\/\",\"url\":\"https:\/\/exceladvisor.org\/de\/spezielle-zellen\/\",\"name\":\"Wie verwende ich die Spezialzellenmethode \u00fcber VBA?\",\"isPartOf\":{\"@id\":\"https:\/\/exceladvisor.org\/de\/#website\"},\"primaryImageOfPage\":{\"@id\":\"https:\/\/exceladvisor.org\/de\/spezielle-zellen\/#primaryimage\"},\"image\":{\"@id\":\"https:\/\/exceladvisor.org\/de\/spezielle-zellen\/#primaryimage\"},\"thumbnailUrl\":\"https:\/\/exceladvisor.org\/wp-content\/uploads\/2023\/08\/1-utiliser-la-methode-des-cellules-speciales-dans-vba.png\",\"datePublished\":\"2023-09-01T07:29:00+00:00\",\"dateModified\":\"2023-12-03T13:05:46+00:00\",\"description\":\"In diesem Tutorial erfahren Sie, wie Sie die spezielle Zellenmethode in VBA verwenden, um auf Zellen mit einer speziellen Eigenschaft zuzugreifen.\",\"breadcrumb\":{\"@id\":\"https:\/\/exceladvisor.org\/de\/spezielle-zellen\/#breadcrumb\"},\"inLanguage\":\"de\",\"potentialAction\":[{\"@type\":\"ReadAction\",\"target\":[\"https:\/\/exceladvisor.org\/de\/spezielle-zellen\/\"]}]},{\"@type\":\"ImageObject\",\"inLanguage\":\"de\",\"@id\":\"https:\/\/exceladvisor.org\/de\/spezielle-zellen\/#primaryimage\",\"url\":\"https:\/\/exceladvisor.org\/wp-content\/uploads\/2023\/08\/1-utiliser-la-methode-des-cellules-speciales-dans-vba.png\",\"contentUrl\":\"https:\/\/exceladvisor.org\/wp-content\/uploads\/2023\/08\/1-utiliser-la-methode-des-cellules-speciales-dans-vba.png\"},{\"@type\":\"BreadcrumbList\",\"@id\":\"https:\/\/exceladvisor.org\/de\/spezielle-zellen\/#breadcrumb\",\"itemListElement\":[{\"@type\":\"ListItem\",\"position\":1,\"name\":\"Accueil\",\"item\":\"https:\/\/exceladvisor.org\/de\/\"},{\"@type\":\"ListItem\",\"position\":2,\"name\":\"Wie wendet man die spezielle zellmethode an?\"}]},{\"@type\":\"WebSite\",\"@id\":\"https:\/\/exceladvisor.org\/de\/#website\",\"url\":\"https:\/\/exceladvisor.org\/de\/\",\"name\":\"Excel Advisor\",\"description\":\"Ihr Leitfaden zur Datendominanz\",\"publisher\":{\"@id\":\"https:\/\/exceladvisor.org\/de\/#organization\"},\"potentialAction\":[{\"@type\":\"SearchAction\",\"target\":{\"@type\":\"EntryPoint\",\"urlTemplate\":\"https:\/\/exceladvisor.org\/de\/?s={search_term_string}\"},\"query-input\":{\"@type\":\"PropertyValueSpecification\",\"valueRequired\":true,\"valueName\":\"search_term_string\"}}],\"inLanguage\":\"de\"},{\"@type\":\"Organization\",\"@id\":\"https:\/\/exceladvisor.org\/de\/#organization\",\"name\":\"Excel Advisor\",\"url\":\"https:\/\/exceladvisor.org\/de\/\",\"logo\":{\"@type\":\"ImageObject\",\"inLanguage\":\"de\",\"@id\":\"https:\/\/exceladvisor.org\/de\/#\/schema\/logo\/image\/\",\"url\":\"https:\/\/exceladvisor.org\/de\/wp-content\/uploads\/2023\/11\/exceladvisor.org_.png\",\"contentUrl\":\"https:\/\/exceladvisor.org\/de\/wp-content\/uploads\/2023\/11\/exceladvisor.org_.png\",\"width\":105,\"height\":36,\"caption\":\"Excel Advisor\"},\"image\":{\"@id\":\"https:\/\/exceladvisor.org\/de\/#\/schema\/logo\/image\/\"}}]}<\/script>\n<!-- \/ Yoast SEO plugin. -->","yoast_head_json":{"title":"Wie verwende ich die Spezialzellenmethode \u00fcber VBA?","description":"In diesem Tutorial erfahren Sie, wie Sie die spezielle Zellenmethode in VBA verwenden, um auf Zellen mit einer speziellen Eigenschaft zuzugreifen.","robots":{"index":"index","follow":"follow","max-snippet":"max-snippet:-1","max-image-preview":"max-image-preview:large","max-video-preview":"max-video-preview:-1"},"canonical":"https:\/\/exceladvisor.org\/de\/spezielle-zellen\/","og_locale":"de_DE","og_type":"article","og_title":"Wie verwende ich die Spezialzellenmethode \u00fcber VBA?","og_description":"In diesem Tutorial erfahren Sie, wie Sie die spezielle Zellenmethode in VBA verwenden, um auf Zellen mit einer speziellen Eigenschaft zuzugreifen.","og_url":"https:\/\/exceladvisor.org\/de\/spezielle-zellen\/","og_site_name":"Excel Advisor","article_modified_time":"2023-12-03T13:05:46+00:00","og_image":[{"url":"https:\/\/exceladvisor.org\/wp-content\/uploads\/2023\/08\/1-utiliser-la-methode-des-cellules-speciales-dans-vba.png","type":"","width":"","height":""}],"twitter_card":"summary_large_image","twitter_misc":{"Gesch\u00e4tzte Lesezeit":"3\u00a0Minuten"},"schema":{"@context":"https:\/\/schema.org","@graph":[{"@type":"WebPage","@id":"https:\/\/exceladvisor.org\/de\/spezielle-zellen\/","url":"https:\/\/exceladvisor.org\/de\/spezielle-zellen\/","name":"Wie verwende ich die Spezialzellenmethode \u00fcber VBA?","isPartOf":{"@id":"https:\/\/exceladvisor.org\/de\/#website"},"primaryImageOfPage":{"@id":"https:\/\/exceladvisor.org\/de\/spezielle-zellen\/#primaryimage"},"image":{"@id":"https:\/\/exceladvisor.org\/de\/spezielle-zellen\/#primaryimage"},"thumbnailUrl":"https:\/\/exceladvisor.org\/wp-content\/uploads\/2023\/08\/1-utiliser-la-methode-des-cellules-speciales-dans-vba.png","datePublished":"2023-09-01T07:29:00+00:00","dateModified":"2023-12-03T13:05:46+00:00","description":"In diesem Tutorial erfahren Sie, wie Sie die spezielle Zellenmethode in VBA verwenden, um auf Zellen mit einer speziellen Eigenschaft zuzugreifen.","breadcrumb":{"@id":"https:\/\/exceladvisor.org\/de\/spezielle-zellen\/#breadcrumb"},"inLanguage":"de","potentialAction":[{"@type":"ReadAction","target":["https:\/\/exceladvisor.org\/de\/spezielle-zellen\/"]}]},{"@type":"ImageObject","inLanguage":"de","@id":"https:\/\/exceladvisor.org\/de\/spezielle-zellen\/#primaryimage","url":"https:\/\/exceladvisor.org\/wp-content\/uploads\/2023\/08\/1-utiliser-la-methode-des-cellules-speciales-dans-vba.png","contentUrl":"https:\/\/exceladvisor.org\/wp-content\/uploads\/2023\/08\/1-utiliser-la-methode-des-cellules-speciales-dans-vba.png"},{"@type":"BreadcrumbList","@id":"https:\/\/exceladvisor.org\/de\/spezielle-zellen\/#breadcrumb","itemListElement":[{"@type":"ListItem","position":1,"name":"Accueil","item":"https:\/\/exceladvisor.org\/de\/"},{"@type":"ListItem","position":2,"name":"Wie wendet man die spezielle zellmethode an?"}]},{"@type":"WebSite","@id":"https:\/\/exceladvisor.org\/de\/#website","url":"https:\/\/exceladvisor.org\/de\/","name":"Excel Advisor","description":"Ihr Leitfaden zur Datendominanz","publisher":{"@id":"https:\/\/exceladvisor.org\/de\/#organization"},"potentialAction":[{"@type":"SearchAction","target":{"@type":"EntryPoint","urlTemplate":"https:\/\/exceladvisor.org\/de\/?s={search_term_string}"},"query-input":{"@type":"PropertyValueSpecification","valueRequired":true,"valueName":"search_term_string"}}],"inLanguage":"de"},{"@type":"Organization","@id":"https:\/\/exceladvisor.org\/de\/#organization","name":"Excel Advisor","url":"https:\/\/exceladvisor.org\/de\/","logo":{"@type":"ImageObject","inLanguage":"de","@id":"https:\/\/exceladvisor.org\/de\/#\/schema\/logo\/image\/","url":"https:\/\/exceladvisor.org\/de\/wp-content\/uploads\/2023\/11\/exceladvisor.org_.png","contentUrl":"https:\/\/exceladvisor.org\/de\/wp-content\/uploads\/2023\/11\/exceladvisor.org_.png","width":105,"height":36,"caption":"Excel Advisor"},"image":{"@id":"https:\/\/exceladvisor.org\/de\/#\/schema\/logo\/image\/"}}]}},"yoast_meta":{"yoast_wpseo_title":"","yoast_wpseo_metadesc":"","yoast_wpseo_canonical":""},"_links":{"self":[{"href":"https:\/\/exceladvisor.org\/de\/wp-json\/wp\/v2\/pages\/3703","targetHints":{"allow":["GET"]}}],"collection":[{"href":"https:\/\/exceladvisor.org\/de\/wp-json\/wp\/v2\/pages"}],"about":[{"href":"https:\/\/exceladvisor.org\/de\/wp-json\/wp\/v2\/types\/page"}],"author":[{"embeddable":true,"href":"https:\/\/exceladvisor.org\/de\/wp-json\/wp\/v2\/users\/1"}],"replies":[{"embeddable":true,"href":"https:\/\/exceladvisor.org\/de\/wp-json\/wp\/v2\/comments?post=3703"}],"version-history":[{"count":1,"href":"https:\/\/exceladvisor.org\/de\/wp-json\/wp\/v2\/pages\/3703\/revisions"}],"predecessor-version":[{"id":4414,"href":"https:\/\/exceladvisor.org\/de\/wp-json\/wp\/v2\/pages\/3703\/revisions\/4414"}],"wp:attachment":[{"href":"https:\/\/exceladvisor.org\/de\/wp-json\/wp\/v2\/media?parent=3703"}],"curies":[{"name":"wp","href":"https:\/\/api.w.org\/{rel}","templated":true}]}}