{"id":3704,"date":"2023-09-01T07:18:23","date_gmt":"2023-09-01T07:18:23","guid":{"rendered":"https:\/\/exceladvisor.org\/de\/grenzen\/"},"modified":"2023-12-03T13:05:45","modified_gmt":"2023-12-03T13:05:45","slug":"grenzen","status":"publish","type":"page","link":"https:\/\/exceladvisor.org\/de\/grenzen\/","title":{"rendered":"Wie wende ich rahmen auf eine zelle an?"},"content":{"rendered":"<div class=\"excel-vor-dem-inhalt\" id=\"excel-877529285\"><script type=\"text\/javascript\">\r\n\tatOptions = {\r\n\t\t'key' : 'c1158f160081d6540a8409e6925dab94',\r\n\t\t'format' : 'iframe',\r\n\t\t'height' : 250,\r\n\t\t'width' : 300,\r\n\t\t'params' : {}\r\n\t};\r\n<\/script>\r\n<script type=\"text\/javascript\" src=\"\/\/www.highperformanceformat.com\/c1158f160081d6540a8409e6925dab94\/invoke.js\"><\/script><\/div> <p>Um mit VBA in Excel Rahmen auf eine Zelle anzuwenden, k\u00f6nnen Sie zwei verschiedene Methoden verwenden. Die erste ist die Eigenschaft \u201eBorders\u201c und die zweite ist die Methode \u201eBorderAround\u201c. Der einzige Unterschied zwischen diesen beiden Methoden besteht in der Eigenschaft \u201eR\u00e4nder\u201c. Sie k\u00f6nnen den Rand sogar auf eine Seite der Zelle anwenden und der Rand um sie herum gilt vollst\u00e4ndig f\u00fcr die Zelle.<\/p><p> In diesem Tutorial werden wir beide M\u00f6glichkeiten untersuchen und uns ansehen, welche unterschiedlichen M\u00f6glichkeiten es gibt, den Rahmen hinzuzuf\u00fcgen.<\/p><h2 class=\"wp-block-heading\"> VBA-Grenzeigenschaft<\/h2><ol><li> Zuerst m\u00fcssen Sie mithilfe des Bereichsobjekts den Bereich oder die Zelle angeben, in der Sie den Rahmen anwenden m\u00f6chten. <br><img loading=\"lazy\" decoding=\"async\" title=\"1-Bereich-oder-Zelle angeben\" src=\"https:\/\/exceladvisor.org\/wp-content\/uploads\/2023\/08\/1-specifier-la-plage-ou-la-cellule.png\" sizes=\"auto, \" srcset=\"\" alt=\"specify the range or cell\" width=\"371\" height=\"247\"><\/li><li> Geben Sie anschlie\u00dfend einen Punkt (.) ein und w\u00e4hlen Sie dann die Eigenschaft \u201eBorders\u201c aus der Liste der Eigenschaften und Methoden aus. <br><img loading=\"lazy\" decoding=\"async\" title=\"2-einen-Punkt eingeben und dann einen Rand ausw\u00e4hlen\" src=\"https:\/\/exceladvisor.org\/wp-content\/uploads\/2023\/08\/2-tapez-un-point-puis-selectionnez-la-bordure.png\" sizes=\"auto, \" srcset=\"\" alt=\"type a dot and then select the border\" width=\"384\" height=\"315\"><\/li><li> Geben Sie dann den Randindex aus den verf\u00fcgbaren Inhalten an. Hier verwende ich \u201exlEdgeBottom\u201c, um den Rand nur auf den unteren Rand der Zelle anzuwenden. <br><img loading=\"lazy\" decoding=\"async\" title=\"3-Indexgrenze angeben\" src=\"https:\/\/exceladvisor.org\/wp-content\/uploads\/2023\/08\/3-specifier-lindex-de-bordure.png\" sizes=\"auto, \" srcset=\"\" alt=\"specify the border index\" width=\"408\" height=\"265\"><\/li><li> Geben Sie von dort aus den Linienstil mit \u201eLineStyle\u201c an. Als Linienstil verwende ich \u201exlContinuonus\u201c. <br><img loading=\"lazy\" decoding=\"async\" title=\"4-Linienstil angeben\" src=\"https:\/\/exceladvisor.org\/wp-content\/uploads\/2023\/08\/4-specifier-le-style-de-ligne.png\" sizes=\"auto, \" srcset=\"\" alt=\"specify th line style\" width=\"532\" height=\"201\"><\/li><\/ol><pre class=\"wp-block-code\"> <code class=\"language-visual-basic\" lang=\"visual-basic\">Sub vba_borders() Range(\"A1\") _ .Borders(xlEdgeBottom) _ .LineStyle = XlLineStyle.xlContinuous End Sub<\/code><\/pre><p> Wenn Sie nun diesen Code ausf\u00fchren, wird am unteren Rand der Zelle A1 ein Rahmen hinzugef\u00fcgt. <\/p><div class=\"wp-block-image\"><figure class=\"aligncenter size-large is-resized\"><img loading=\"lazy\" decoding=\"async\" class=\"wp-image-54776\" src=\"https:\/\/exceladvisor.org\/wp-content\/uploads\/2023\/08\/5-il-ajoutera-une-bordure-en-bas.png\" sizes=\"auto, \" srcset=\"\" alt=\"Dadurch wird unten ein Rand hinzugef\u00fcgt\" width=\"544\" height=\"238\"><\/figure><\/div><h2 class=\"wp-block-heading\"> Verwendung verschiedener Farben mit Farbindex\/Farbe<\/h2><p> So wie Sie normalerweise die Rahmenfarbe ausw\u00e4hlen, wenn Sie dies manuell tun. In der Eigenschaft \u201eRahmen\u201c k\u00f6nnen Sie \u00fcber den Farbindex und die Eigenschaft \u201eFarbe\u201c auch eine andere Farbe als die Standardfarbe verwenden.<\/p><p> Betrachten Sie den folgenden Code.<\/p><pre class=\"wp-block-code\"> <code class=\"language-visual-basic\" lang=\"visual-basic\">With Range(\"A1\").Borders(xlEdgeBottom) .LineStyle = XlLineStyle.xlContinuous .Color = RGB(255, 0, 0) End With<\/code><\/pre><p> Wenn Sie dieses Makro ausf\u00fchren, wird am unteren Rand der Zelle ein roter Rand hinzugef\u00fcgt. <\/p><div class=\"wp-block-image\"><figure class=\"aligncenter size-large is-resized\"><img loading=\"lazy\" decoding=\"async\" class=\"wp-image-54777\" src=\"https:\/\/exceladvisor.org\/wp-content\/uploads\/2023\/08\/6-en-utilisant-differentes-couleurs-avec-index-de-couleur.png\" sizes=\"auto, \" srcset=\"\" alt=\"Verwendung verschiedener Farben mit Farbindex\" width=\"534\" height=\"225\"><\/figure><\/div><p> Oder wenn Sie die Eigenschaft colorindex verwenden m\u00f6chten, sieht der Code so aus. <\/p><pre class=\"wp-block-code\"> <code class=\"language-visual-basic\" lang=\"visual-basic\">With Range(\"A1\").Borders(xlEdgeBottom) .LineStyle = XlLineStyle.xlContinuous .ColorIndex = 7 End With<\/code><\/pre><div class=\"wp-block-image\"><figure class=\"aligncenter size-large is-resized\"><img loading=\"lazy\" decoding=\"async\" class=\"wp-image-54835\" src=\"https:\/\/exceladvisor.org\/wp-content\/uploads\/2023\/08\/Propriete-dindex-de-7-couleurs.png\" sizes=\"auto, \" srcset=\"\" alt=\"Farbindexeigenschaft\" width=\"502\" height=\"220\"><\/figure><\/div><p class=\"content-box-green\"> <strong>Verwandt:<\/strong> <a href=\"https:\/\/exceladvisor.org\/de\/mit\/\">VBA mit Deklaration<\/a><\/p><h2 class=\"wp-block-heading\"> F\u00fcgen Sie einen Rahmen innerhalb einer Zelle hinzu<\/h2><p> Wenn Sie einen Rahmen innerhalb einer Zelle anwenden m\u00f6chten, m\u00fcssen Sie in diesem Fall \u201exlDiagonalUp\u201c und \u201exlDiagonalDown\u201c als xlBorderIndex verwenden. <\/p><pre class=\"wp-block-code\"> <code class=\"language-visual-basic\" lang=\"visual-basic\">With Range(\"A1\").Borders(xlDiagonalUp) .LineStyle = XlLineStyle.xlDashDotDot .Color = RGB(255, 0, 0) End With With Range(\"A1\").Borders(xlDiagonalDown) .LineStyle = XlLineStyle.xlDashDotDot .Color = RGB(255, 0, 0) End With<\/code><\/pre><div class=\"wp-block-image\"><figure class=\"aligncenter size-large is-resized\"><img loading=\"lazy\" decoding=\"async\" class=\"wp-image-54778\" src=\"https:\/\/exceladvisor.org\/wp-content\/uploads\/2023\/08\/7-ajouter-une-bordure-a-linterieur-dune-cellule.png\" sizes=\"auto, \" srcset=\"\" alt=\"F\u00fcgen Sie einen Rahmen innerhalb einer Zelle hinzu\" width=\"462\" height=\"306\"><\/figure><\/div><p> Wenn Sie den obigen Code ausf\u00fchren, wird innerhalb der Zelle nach oben und unten ein Rahmen hinzugef\u00fcgt.<\/p><h2 class=\"wp-block-heading\"> VBA-BorderAround-Methode<\/h2><p> In der BorderAround-Eigenschaft von VBA stehen Ihnen f\u00fcnf optionale Argumente zur Verf\u00fcgung, es m\u00fcssen jedoch zwei angegeben werden, um den Rahmen korrekt auf eine Zelle anzuwenden. <\/p><div class=\"wp-block-image\"><figure class=\"aligncenter size-large is-resized\"><img loading=\"lazy\" decoding=\"async\" class=\"wp-image-54779\" src=\"https:\/\/exceladvisor.org\/wp-content\/uploads\/2023\/08\/8-methode-de-bordure-vba.png\" sizes=\"auto, \" srcset=\"\" alt=\"VBA-Borderaround-Methode\" width=\"589\" height=\"134\"><\/figure><\/div><p> Der folgende Code wendet den Rahmen um den Bereich A1:A3 an, wenn Sie das Makro ausf\u00fchren. <\/p><pre class=\"wp-block-code\"> <code class=\"language-visual-basic\" lang=\"visual-basic\">Range(\"A1:A3\").BorderAround _ LineStyle:=xlContinuous, _ Weight:=xlThin<\/code><\/pre><div class=\"wp-block-image\"><figure class=\"aligncenter size-large is-resized\"><img loading=\"lazy\" decoding=\"async\" class=\"wp-image-54780\" src=\"https:\/\/exceladvisor.org\/wp-content\/uploads\/2023\/08\/9-specifier-dappliquer-la-bordure-a-une-cellule-de-la-bonne-maniere.png\" sizes=\"auto, \" srcset=\"\" alt=\"Geben Sie an, dass der Rahmen auf die richtige Weise auf eine Zelle angewendet werden soll\" width=\"487\" height=\"254\"><\/figure><\/div><h2 class=\"wp-block-heading\"> F\u00fcgen Sie jeder Zelle im Bereich einen Rahmen hinzu<\/h2><p> Der folgende Code durchl\u00e4uft alle Zellen im Bereich und wendet den Rahmen nacheinander auf jede Zelle an. <\/p><pre class=\"wp-block-code\"> <code class=\"language-visual-basic\" lang=\"visual-basic\">Sub vba_borders() Dim iRange As Range Dim iCells As Range Set iRange = Range(\"A1:A10\") For Each iCells In iRange iCells.BorderAround _ LineStyle:=xlContinuous, _ Weight:=xlThin Next iCells End Sub<\/code><\/pre><div class=\"wp-block-image\"><figure class=\"aligncenter size-large is-resized\"><img loading=\"lazy\" decoding=\"async\" class=\"wp-image-54781\" src=\"https:\/\/exceladvisor.org\/wp-content\/uploads\/2023\/08\/10-ajouter-une-bordure-a-chaque-cellule-de-la-plage.png\" sizes=\"auto, \" srcset=\"\" alt=\"F\u00fcgen Sie jeder Zelle im Bereich einen Rahmen hinzu\" width=\"414\" height=\"383\"><\/figure><\/div><h2 class=\"wp-block-heading\"> Wenden Sie einen Rahmen auf alle Zellen mit Text an<\/h2><p> Der folgende Code verwendet eine FOR-Schleife, einen USED RANGE, eine IFEMPTY- und eine IF-Anweisung, um Rahmen nur auf die Zellen anzuwenden, in denen Sie einen Wert haben.<\/p><pre class=\"wp-block-code\"> <code class=\"language-visual-basic\" lang=\"visual-basic\">Dim iRange As Range Dim iCells As Range Set iRange = ThisWorkbook.ActiveSheet.UsedRange For Each iCells In iRange If Not IsEmpty(iCells) Then iCells.BorderAround _ LineStyle:=xlContinuous, _ Weight:=xlThin End If Next iCells<\/code><\/pre><h2 class=\"wp-block-heading\"> R\u00e4nder entfernen<\/h2><p> Verwenden Sie einfach den Linienstil \u201exlNone\u201c.<\/p><pre class=\"wp-block-code\"> <code class=\"language-visual-basic\" lang=\"visual-basic\">Range(\"A1\").Borders(xlDiagonalDown).LineStyle = xlNone<\/code><\/pre><p> Und wenn Sie den Rahmen von allen Zellen in einem Arbeitsblatt entfernen m\u00f6chten, in denen Sie einen Wert haben, ber\u00fccksichtigen Sie den folgenden Code.<\/p><pre class=\"wp-block-code\"> <code class=\"language-visual-basic\" lang=\"visual-basic\">Dim iRange As Range Dim iCells As Range Set iRange = ThisWorkbook.ActiveSheet.UsedRange For Each iCells In iRange If Not IsEmpty(iCells) Then iCells.Borders(xlDiagonalDown).LineStyle = xlNone End If Next iCells<\/code><\/pre><div class=\"gb-container gb-container-4db6181c gb-container-mt\"> <a class=\"gb-button gb-button-c5897111 gb-button-text gb-button-mt-button\" href=\"https:\/\/exceladvisor.org\/de\/vba\/\">Was ist VBA<\/a><h2 class=\"gb-headline gb-headline-665e5f6b gb-headline-text gb-headline-mt-heading\"> Verwandte Tutorials <\/h2><div class=\"gb-grid-wrapper gb-grid-wrapper-a20baf7c gb-grid-wrapper-mt-grid\"><div class=\"gb-grid-column gb-grid-column-65ddf67e\"><div class=\"gb-container gb-container-65ddf67e\"><ul><li> <a href=\"https:\/\/exceladvisor.org\/de\/fugen-sie-eine-zeile-1-ein\/\">F\u00fcgen Sie eine Zeile mit VBA in Excel ein<\/a><\/li><li> <a href=\"https:\/\/exceladvisor.org\/de\/verschmelzen\/\">Zellen in Excel mit VBA-Code zusammenf\u00fchren<\/a><\/li><li> W\u00e4hlen Sie einen Bereich\/eine Zelle mit VBA in Excel aus<\/li><li> <a href=\"https:\/\/exceladvisor.org\/de\/wahlen-sie-alle\/\">W\u00c4HLEN SIE ALLE Zellen in einem Arbeitsblatt mit VBA aus<\/a><\/li><li> <a href=\"https:\/\/exceladvisor.org\/de\/aktive-zelle-1\/\">ActiveCell in VBA in Excel<\/a> <\/li><\/ul><\/div><\/div><div class=\"gb-grid-column gb-grid-column-50067b57\"><div class=\"gb-container gb-container-50067b57\"><\/div><\/div><\/div><\/div>","protected":false},"excerpt":{"rendered":"","protected":false},"author":1,"featured_media":0,"parent":0,"menu_order":0,"comment_status":"open","ping_status":"closed","template":"","meta":{"ub_ctt_via":"","footnotes":""},"class_list":["post-3704","page","type-page","status-publish","hentry"],"featured_image_src":null,"yoast_head":"<!-- This site is optimized with the Yoast SEO plugin v25.4 - https:\/\/yoast.com\/wordpress\/plugins\/seo\/ -->\n<title>\u25b7 Wie wende ich \u00fcber VBA Rahmen auf eine Zelle an?<\/title>\n<meta name=\"description\" content=\"Es gibt zwei verschiedene M\u00f6glichkeiten, mit VBA-Code Rahmen auf eine Zelle anzuwenden. Border- und BorderAround-Methode. F\u00fcr den Einsatz\" \/>\n<meta name=\"robots\" content=\"index, follow, max-snippet:-1, max-image-preview:large, max-video-preview:-1\" \/>\n<link rel=\"canonical\" href=\"https:\/\/exceladvisor.org\/de\/grenzen\/\" \/>\n<meta property=\"og:locale\" content=\"de_DE\" \/>\n<meta property=\"og:type\" content=\"article\" \/>\n<meta property=\"og:title\" content=\"\u25b7 Wie wende ich \u00fcber VBA Rahmen auf eine Zelle an?\" \/>\n<meta property=\"og:description\" content=\"Es gibt zwei verschiedene M\u00f6glichkeiten, mit VBA-Code Rahmen auf eine Zelle anzuwenden. Border- und BorderAround-Methode. F\u00fcr den Einsatz\" \/>\n<meta property=\"og:url\" content=\"https:\/\/exceladvisor.org\/de\/grenzen\/\" \/>\n<meta property=\"og:site_name\" content=\"Excel Advisor\" \/>\n<meta property=\"article:modified_time\" content=\"2023-12-03T13:05:45+00:00\" \/>\n<meta property=\"og:image\" content=\"https:\/\/exceladvisor.org\/wp-content\/uploads\/2023\/08\/1-specifier-la-plage-ou-la-cellule.png\" \/>\n<meta name=\"twitter:card\" content=\"summary_large_image\" \/>\n<meta name=\"twitter:label1\" content=\"Gesch\u00e4tzte Lesezeit\" \/>\n\t<meta name=\"twitter:data1\" content=\"3\u00a0Minuten\" \/>\n<script type=\"application\/ld+json\" class=\"yoast-schema-graph\">{\"@context\":\"https:\/\/schema.org\",\"@graph\":[{\"@type\":\"WebPage\",\"@id\":\"https:\/\/exceladvisor.org\/de\/grenzen\/\",\"url\":\"https:\/\/exceladvisor.org\/de\/grenzen\/\",\"name\":\"\u25b7 Wie wende ich \u00fcber VBA Rahmen auf eine Zelle an?\",\"isPartOf\":{\"@id\":\"https:\/\/exceladvisor.org\/de\/#website\"},\"primaryImageOfPage\":{\"@id\":\"https:\/\/exceladvisor.org\/de\/grenzen\/#primaryimage\"},\"image\":{\"@id\":\"https:\/\/exceladvisor.org\/de\/grenzen\/#primaryimage\"},\"thumbnailUrl\":\"https:\/\/exceladvisor.org\/wp-content\/uploads\/2023\/08\/1-specifier-la-plage-ou-la-cellule.png\",\"datePublished\":\"2023-09-01T07:18:23+00:00\",\"dateModified\":\"2023-12-03T13:05:45+00:00\",\"description\":\"Es gibt zwei verschiedene M\u00f6glichkeiten, mit VBA-Code Rahmen auf eine Zelle anzuwenden. Border- und BorderAround-Methode. F\u00fcr den Einsatz\",\"breadcrumb\":{\"@id\":\"https:\/\/exceladvisor.org\/de\/grenzen\/#breadcrumb\"},\"inLanguage\":\"de\",\"potentialAction\":[{\"@type\":\"ReadAction\",\"target\":[\"https:\/\/exceladvisor.org\/de\/grenzen\/\"]}]},{\"@type\":\"ImageObject\",\"inLanguage\":\"de\",\"@id\":\"https:\/\/exceladvisor.org\/de\/grenzen\/#primaryimage\",\"url\":\"https:\/\/exceladvisor.org\/wp-content\/uploads\/2023\/08\/1-specifier-la-plage-ou-la-cellule.png\",\"contentUrl\":\"https:\/\/exceladvisor.org\/wp-content\/uploads\/2023\/08\/1-specifier-la-plage-ou-la-cellule.png\"},{\"@type\":\"BreadcrumbList\",\"@id\":\"https:\/\/exceladvisor.org\/de\/grenzen\/#breadcrumb\",\"itemListElement\":[{\"@type\":\"ListItem\",\"position\":1,\"name\":\"Accueil\",\"item\":\"https:\/\/exceladvisor.org\/de\/\"},{\"@type\":\"ListItem\",\"position\":2,\"name\":\"Wie wende ich rahmen auf eine zelle an?\"}]},{\"@type\":\"WebSite\",\"@id\":\"https:\/\/exceladvisor.org\/de\/#website\",\"url\":\"https:\/\/exceladvisor.org\/de\/\",\"name\":\"Excel Advisor\",\"description\":\"Ihr Leitfaden zur Datendominanz\",\"publisher\":{\"@id\":\"https:\/\/exceladvisor.org\/de\/#organization\"},\"potentialAction\":[{\"@type\":\"SearchAction\",\"target\":{\"@type\":\"EntryPoint\",\"urlTemplate\":\"https:\/\/exceladvisor.org\/de\/?s={search_term_string}\"},\"query-input\":{\"@type\":\"PropertyValueSpecification\",\"valueRequired\":true,\"valueName\":\"search_term_string\"}}],\"inLanguage\":\"de\"},{\"@type\":\"Organization\",\"@id\":\"https:\/\/exceladvisor.org\/de\/#organization\",\"name\":\"Excel Advisor\",\"url\":\"https:\/\/exceladvisor.org\/de\/\",\"logo\":{\"@type\":\"ImageObject\",\"inLanguage\":\"de\",\"@id\":\"https:\/\/exceladvisor.org\/de\/#\/schema\/logo\/image\/\",\"url\":\"https:\/\/exceladvisor.org\/de\/wp-content\/uploads\/2023\/11\/exceladvisor.org_.png\",\"contentUrl\":\"https:\/\/exceladvisor.org\/de\/wp-content\/uploads\/2023\/11\/exceladvisor.org_.png\",\"width\":105,\"height\":36,\"caption\":\"Excel Advisor\"},\"image\":{\"@id\":\"https:\/\/exceladvisor.org\/de\/#\/schema\/logo\/image\/\"}}]}<\/script>\n<!-- \/ Yoast SEO plugin. -->","yoast_head_json":{"title":"\u25b7 Wie wende ich \u00fcber VBA Rahmen auf eine Zelle an?","description":"Es gibt zwei verschiedene M\u00f6glichkeiten, mit VBA-Code Rahmen auf eine Zelle anzuwenden. Border- und BorderAround-Methode. F\u00fcr den Einsatz","robots":{"index":"index","follow":"follow","max-snippet":"max-snippet:-1","max-image-preview":"max-image-preview:large","max-video-preview":"max-video-preview:-1"},"canonical":"https:\/\/exceladvisor.org\/de\/grenzen\/","og_locale":"de_DE","og_type":"article","og_title":"\u25b7 Wie wende ich \u00fcber VBA Rahmen auf eine Zelle an?","og_description":"Es gibt zwei verschiedene M\u00f6glichkeiten, mit VBA-Code Rahmen auf eine Zelle anzuwenden. Border- und BorderAround-Methode. F\u00fcr den Einsatz","og_url":"https:\/\/exceladvisor.org\/de\/grenzen\/","og_site_name":"Excel Advisor","article_modified_time":"2023-12-03T13:05:45+00:00","og_image":[{"url":"https:\/\/exceladvisor.org\/wp-content\/uploads\/2023\/08\/1-specifier-la-plage-ou-la-cellule.png","type":"","width":"","height":""}],"twitter_card":"summary_large_image","twitter_misc":{"Gesch\u00e4tzte Lesezeit":"3\u00a0Minuten"},"schema":{"@context":"https:\/\/schema.org","@graph":[{"@type":"WebPage","@id":"https:\/\/exceladvisor.org\/de\/grenzen\/","url":"https:\/\/exceladvisor.org\/de\/grenzen\/","name":"\u25b7 Wie wende ich \u00fcber VBA Rahmen auf eine Zelle an?","isPartOf":{"@id":"https:\/\/exceladvisor.org\/de\/#website"},"primaryImageOfPage":{"@id":"https:\/\/exceladvisor.org\/de\/grenzen\/#primaryimage"},"image":{"@id":"https:\/\/exceladvisor.org\/de\/grenzen\/#primaryimage"},"thumbnailUrl":"https:\/\/exceladvisor.org\/wp-content\/uploads\/2023\/08\/1-specifier-la-plage-ou-la-cellule.png","datePublished":"2023-09-01T07:18:23+00:00","dateModified":"2023-12-03T13:05:45+00:00","description":"Es gibt zwei verschiedene M\u00f6glichkeiten, mit VBA-Code Rahmen auf eine Zelle anzuwenden. Border- und BorderAround-Methode. F\u00fcr den Einsatz","breadcrumb":{"@id":"https:\/\/exceladvisor.org\/de\/grenzen\/#breadcrumb"},"inLanguage":"de","potentialAction":[{"@type":"ReadAction","target":["https:\/\/exceladvisor.org\/de\/grenzen\/"]}]},{"@type":"ImageObject","inLanguage":"de","@id":"https:\/\/exceladvisor.org\/de\/grenzen\/#primaryimage","url":"https:\/\/exceladvisor.org\/wp-content\/uploads\/2023\/08\/1-specifier-la-plage-ou-la-cellule.png","contentUrl":"https:\/\/exceladvisor.org\/wp-content\/uploads\/2023\/08\/1-specifier-la-plage-ou-la-cellule.png"},{"@type":"BreadcrumbList","@id":"https:\/\/exceladvisor.org\/de\/grenzen\/#breadcrumb","itemListElement":[{"@type":"ListItem","position":1,"name":"Accueil","item":"https:\/\/exceladvisor.org\/de\/"},{"@type":"ListItem","position":2,"name":"Wie wende ich rahmen auf eine zelle an?"}]},{"@type":"WebSite","@id":"https:\/\/exceladvisor.org\/de\/#website","url":"https:\/\/exceladvisor.org\/de\/","name":"Excel Advisor","description":"Ihr Leitfaden zur Datendominanz","publisher":{"@id":"https:\/\/exceladvisor.org\/de\/#organization"},"potentialAction":[{"@type":"SearchAction","target":{"@type":"EntryPoint","urlTemplate":"https:\/\/exceladvisor.org\/de\/?s={search_term_string}"},"query-input":{"@type":"PropertyValueSpecification","valueRequired":true,"valueName":"search_term_string"}}],"inLanguage":"de"},{"@type":"Organization","@id":"https:\/\/exceladvisor.org\/de\/#organization","name":"Excel Advisor","url":"https:\/\/exceladvisor.org\/de\/","logo":{"@type":"ImageObject","inLanguage":"de","@id":"https:\/\/exceladvisor.org\/de\/#\/schema\/logo\/image\/","url":"https:\/\/exceladvisor.org\/de\/wp-content\/uploads\/2023\/11\/exceladvisor.org_.png","contentUrl":"https:\/\/exceladvisor.org\/de\/wp-content\/uploads\/2023\/11\/exceladvisor.org_.png","width":105,"height":36,"caption":"Excel Advisor"},"image":{"@id":"https:\/\/exceladvisor.org\/de\/#\/schema\/logo\/image\/"}}]}},"yoast_meta":{"yoast_wpseo_title":"","yoast_wpseo_metadesc":"","yoast_wpseo_canonical":""},"_links":{"self":[{"href":"https:\/\/exceladvisor.org\/de\/wp-json\/wp\/v2\/pages\/3704","targetHints":{"allow":["GET"]}}],"collection":[{"href":"https:\/\/exceladvisor.org\/de\/wp-json\/wp\/v2\/pages"}],"about":[{"href":"https:\/\/exceladvisor.org\/de\/wp-json\/wp\/v2\/types\/page"}],"author":[{"embeddable":true,"href":"https:\/\/exceladvisor.org\/de\/wp-json\/wp\/v2\/users\/1"}],"replies":[{"embeddable":true,"href":"https:\/\/exceladvisor.org\/de\/wp-json\/wp\/v2\/comments?post=3704"}],"version-history":[{"count":1,"href":"https:\/\/exceladvisor.org\/de\/wp-json\/wp\/v2\/pages\/3704\/revisions"}],"predecessor-version":[{"id":4413,"href":"https:\/\/exceladvisor.org\/de\/wp-json\/wp\/v2\/pages\/3704\/revisions\/4413"}],"wp:attachment":[{"href":"https:\/\/exceladvisor.org\/de\/wp-json\/wp\/v2\/media?parent=3704"}],"curies":[{"name":"wp","href":"https:\/\/api.w.org\/{rel}","templated":true}]}}