{"id":3705,"date":"2023-09-01T07:09:32","date_gmt":"2023-09-01T07:09:32","guid":{"rendered":"https:\/\/exceladvisor.org\/de\/modul\/"},"modified":"2023-12-03T13:05:21","modified_gmt":"2023-12-03T13:05:21","slug":"modul","status":"publish","type":"page","link":"https:\/\/exceladvisor.org\/de\/modul\/","title":{"rendered":"Wie verwende ich vba-module in excel?"},"content":{"rendered":"<div class=\"excel-vor-dem-inhalt\" id=\"excel-2853392983\"><script type=\"text\/javascript\">\r\n\tatOptions = {\r\n\t\t'key' : 'c1158f160081d6540a8409e6925dab94',\r\n\t\t'format' : 'iframe',\r\n\t\t'height' : 250,\r\n\t\t'width' : 300,\r\n\t\t'params' : {}\r\n\t};\r\n<\/script>\r\n<script type=\"text\/javascript\" src=\"\/\/www.highperformanceformat.com\/c1158f160081d6540a8409e6925dab94\/invoke.js\"><\/script><\/div> <h2 class=\"wp-block-heading\">Was ist ein VBA-Modul?<\/h2><p> Das VBA-Modul ist eine Datei mit der Erweiterung \u201e.bcf\u201c, die Code im <a href=\"https:\/\/exceladvisor.org\/de\/einfacher-visueller-editor\/\">Visual Basic-Editor<\/a> enth\u00e4lt. Jedes Modul verf\u00fcgt \u00fcber ein eigenes Codefenster, in das Sie schreiben k\u00f6nnen. Sie k\u00f6nnen ein neues Modul einf\u00fcgen, l\u00f6schen, speichern und importieren. Vereinfacht ausgedr\u00fcckt ist es wie eine Textdatei, die Sie im Editor \u00f6ffnen.<\/p><p> In diesem Tutorial erfahren wir alles \u00fcber die Verwendung eines Moduls in VBA.<\/p><h2 class=\"wp-block-heading\"> F\u00fcgen Sie ein VBA-Modul ein<\/h2><ol type=\"1\"><li> \u00d6ffnen Sie zun\u00e4chst das Projektfenster, falls es noch nicht vorhanden ist.<\/li><li> Klicken Sie anschlie\u00dfend mit der rechten Maustaste auf das Projekt ( <a href=\"https:\/\/exceladvisor.org\/de\/bindemittel\/\">Excel-Datei<\/a> ), in das Sie ein Modul einf\u00fcgen m\u00f6chten.<\/li><li> Gehen Sie anschlie\u00dfend auf \u201eEinf\u00fcgen\u201c und klicken Sie auf \u201eModul\u201c.<\/li><li> Sobald Sie dies tun, erhalten Sie sofort ein neues Modul und k\u00f6nnen dessen Codefenster \u00f6ffnen, um den Code zu schreiben. <\/li><\/ol><div class=\"wp-block-image\"><figure class=\"aligncenter size-large is-resized\"><img loading=\"lazy\" decoding=\"async\" class=\"wp-image-55674\" src=\"https:\/\/exceladvisor.org\/wp-content\/uploads\/2023\/08\/1-inserer-un-module-vba.png\" sizes=\"auto, \" srcset=\"\" alt=\"Einf\u00fcgen in das VBA-Modul\" width=\"543\" height=\"414\"><\/figure><\/div><p> Sie k\u00f6nnen das Modul auch \u00fcber das Men\u00fc \u201eEinf\u00fcgen\u201c einf\u00fcgen. <\/p><div class=\"wp-block-image\"><figure class=\"aligncenter size-large is-resized\"><img loading=\"lazy\" decoding=\"async\" class=\"wp-image-55675\" src=\"https:\/\/exceladvisor.org\/wp-content\/uploads\/2023\/08\/2-inserer-menu-puis-module.png\" sizes=\"auto, \" srcset=\"\" alt=\"\" width=\"536\" height=\"368\"><\/figure><\/div><p> Wenn Sie ein neues Modul einf\u00fcgen, erstellt VBA einen separaten Ordner f\u00fcr alle Module, die Sie im Projekt haben. <\/p><div class=\"wp-block-image\"><figure class=\"aligncenter size-large is-resized\"><img loading=\"lazy\" decoding=\"async\" class=\"wp-image-55676\" src=\"https:\/\/exceladvisor.org\/wp-content\/uploads\/2023\/08\/3-vba-cree-un-dossier-separe.png\" sizes=\"auto, \" srcset=\"\" alt=\"\" width=\"512\" height=\"406\"><\/figure><\/div><h2 class=\"wp-block-heading\"> L\u00f6schen Sie ein VBA-Modul<\/h2><ol type=\"1\"><li> Klicken Sie auf das Projekt, aus dem Sie ein Modul l\u00f6schen m\u00f6chten.<\/li><li> Klicken Sie nun mit der rechten Maustaste auf das Modul, das Sie entfernen m\u00f6chten, und klicken Sie auf \u201eEntfernen\u201c.<\/li><li> Danach m\u00fcssen Sie best\u00e4tigen, ob Sie das Modul speichern m\u00f6chten, bevor Sie es l\u00f6schen.<\/li><li> Klicken Sie am Ende auf \u201eJa\u201c, um es zu l\u00f6schen. <\/li><\/ol><div class=\"wp-block-image\"><figure class=\"aligncenter size-large is-resized\"><img loading=\"lazy\" decoding=\"async\" class=\"wp-image-55677\" src=\"https:\/\/exceladvisor.org\/wp-content\/uploads\/2023\/08\/4-supprimer-un-module-vba.png\" sizes=\"auto, \" srcset=\"\" alt=\"\" width=\"505\" height=\"540\"><\/figure><\/div><p> Eines m\u00fcssen Sie hier wissen: Wenn Sie auf die L\u00f6schoption klicken, werden Sie aufgefordert, Ihr Modul zu sichern, bevor Sie es l\u00f6schen (falls Sie m\u00f6chten). <\/p><div class=\"wp-block-image\"><figure class=\"aligncenter size-large is-resized\"><img loading=\"lazy\" decoding=\"async\" class=\"wp-image-55678\" src=\"https:\/\/exceladvisor.org\/wp-content\/uploads\/2023\/08\/5-sauvegarder-votre-module.png\" sizes=\"auto, \" srcset=\"\" alt=\"\" width=\"405\" height=\"189\"><\/figure><\/div><p> Dies ist eine clevere M\u00f6glichkeit, Sie daran zu erinnern, das Modul-Backup zu erhalten.<\/p><h2 class=\"wp-block-heading\"> Exportieren und importieren Sie ein VBA-Modul<\/h2><p> Sie k\u00f6nnen ein Modul auch von einer Excel-Datei in eine andere importieren und exportieren, anstatt Codes zu kopieren und einzuf\u00fcgen. Dies ist eine der besten M\u00f6glichkeiten, Ihre Codes mit anderen zu teilen. Wenn Sie mit der rechten Maustaste auf ein Modul klicken, haben Sie dort beide M\u00f6glichkeiten. <\/p><div class=\"wp-block-image\"><figure class=\"aligncenter size-large is-resized\"><img loading=\"lazy\" decoding=\"async\" class=\"wp-image-55679\" src=\"https:\/\/exceladvisor.org\/wp-content\/uploads\/2023\/08\/6-exporter-et-importer-un-module-vba.png\" sizes=\"auto, \" srcset=\"\" alt=\"\" width=\"420\" height=\"420\"><\/figure><\/div><p> Wie bereits erw\u00e4hnt, k\u00f6nnen Sie ein Modul als \u201e.bcf\u201c-Datei speichern und sp\u00e4ter oder in eine andere Excel-Datei importieren.<\/p><p class=\"qt-tip\"> <strong>Tipp:<\/strong> Wenn Sie ein ganzes Modul in ein anderes Projekt kopieren m\u00f6chten, ist dessen Excel-Datei zu diesem Zeitpunkt ge\u00f6ffnet. Ziehen Sie dieses Modul per Drag &amp; Drop in das Projekt, in das Sie es kopieren m\u00f6chten. <\/p><div class=\"wp-block-image\"><figure class=\"aligncenter size-large is-resized\"><img loading=\"lazy\" decoding=\"async\" class=\"wp-image-55680\" src=\"https:\/\/exceladvisor.org\/wp-content\/uploads\/2023\/08\/7-glisser-deposer-un-module.png\" sizes=\"auto, \" srcset=\"\" alt=\"\" width=\"473\" height=\"405\"><\/figure><\/div><h2 class=\"wp-block-heading\"> Normale VBA-Module vs. Klassenmodule<\/h2><p> Wenn Sie ein neues Modul einf\u00fcgen, wird m\u00f6glicherweise eine Option zum Einf\u00fcgen eines Klassenmoduls angezeigt. Es gibt jedoch einen kleinen Unterschied zwischen den beiden Modulen. <strong>Da Sie alles \u00fcber Standardmodule verstanden haben, sind Klassenmodule spezielle Module, die Ihnen bei der Erstellung Ihrer benutzerdefinierten Objekte helfen k\u00f6nnen.<\/strong> Sie k\u00f6nnen f\u00fcr diese Objekte auch Methoden, Eigenschaften und Ereignisse definieren. Und wenn Sie ein neues Objekt aus dem Klassenmodul erstellen, k\u00f6nnen Sie auch aus dem Standardmodul darauf verweisen.<\/p><div class=\"gb-container gb-container-4db6181c gb-container-mt\"> <a class=\"gb-button gb-button-c5897111 gb-button-text gb-button-mt-button\" href=\"https:\/\/exceladvisor.org\/de\/vba\/\">Was ist VBA<\/a><h2 class=\"gb-headline gb-headline-665e5f6b gb-headline-text gb-headline-mt-heading\"> Verwandte Tutorials <\/h2><div class=\"gb-grid-wrapper gb-grid-wrapper-a20baf7c gb-grid-wrapper-mt-grid\"><div class=\"gb-grid-column gb-grid-column-65ddf67e\"><div class=\"gb-container gb-container-65ddf67e\"><ul><li> <a href=\"https:\/\/exceladvisor.org\/de\/interview-fragen\/\">Fragen zum VBA-Interview<\/a><\/li><li> <a href=\"https:\/\/exceladvisor.org\/de\/kommentar\/\">F\u00fcgen Sie einen Kommentar im VBA-Code hinzu<\/a><\/li><li> <a href=\"https:\/\/exceladvisor.org\/de\/zeilenumbruch\/\">F\u00fcgen Sie einen Zeilenumbruch im VBA-Code hinzu<\/a><\/li><li> <a href=\"https:\/\/exceladvisor.org\/de\/neue-zeile\/\">F\u00fcgen Sie in VBA eine neue Zeile (Wagenr\u00fccklauf) in eine Zeichenfolge ein<\/a><\/li><li> <a href=\"https:\/\/exceladvisor.org\/de\/ein-makro-ausfuhren-2\/\">F\u00fchren Sie ein Makro in Excel aus (VBA-Code ausf\u00fchren)<\/a> <\/li><\/ul><\/div><\/div><div class=\"gb-grid-column gb-grid-column-50067b57\"><div class=\"gb-container gb-container-50067b57\"><\/div><\/div><\/div><\/div>","protected":false},"excerpt":{"rendered":"","protected":false},"author":1,"featured_media":0,"parent":0,"menu_order":0,"comment_status":"open","ping_status":"closed","template":"","meta":{"ub_ctt_via":"","footnotes":""},"class_list":["post-3705","page","type-page","status-publish","hentry"],"featured_image_src":null,"yoast_head":"<!-- This site is optimized with the Yoast SEO plugin v25.4 - https:\/\/yoast.com\/wordpress\/plugins\/seo\/ -->\n<title>VBA-Module | Einf\u00fcgen, L\u00f6schen, Wiederherstellen und Sichern<\/title>\n<meta name=\"description\" content=\"Das VBA-Modul ist eine \u201e.bcf\u201c-Erweiterungsdatei, die den Code im Visual Basic-Editor enth\u00e4lt. Jedes Modul verf\u00fcgt \u00fcber ein eigenes Fenster\" \/>\n<meta name=\"robots\" content=\"index, follow, max-snippet:-1, max-image-preview:large, max-video-preview:-1\" \/>\n<link rel=\"canonical\" href=\"https:\/\/exceladvisor.org\/de\/modul\/\" \/>\n<meta property=\"og:locale\" content=\"de_DE\" \/>\n<meta property=\"og:type\" content=\"article\" \/>\n<meta property=\"og:title\" content=\"VBA-Module | Einf\u00fcgen, L\u00f6schen, Wiederherstellen und Sichern\" \/>\n<meta property=\"og:description\" content=\"Das VBA-Modul ist eine \u201e.bcf\u201c-Erweiterungsdatei, die den Code im Visual Basic-Editor enth\u00e4lt. Jedes Modul verf\u00fcgt \u00fcber ein eigenes Fenster\" \/>\n<meta property=\"og:url\" content=\"https:\/\/exceladvisor.org\/de\/modul\/\" \/>\n<meta property=\"og:site_name\" content=\"Excel Advisor\" \/>\n<meta property=\"article:modified_time\" content=\"2023-12-03T13:05:21+00:00\" \/>\n<meta property=\"og:image\" content=\"https:\/\/exceladvisor.org\/wp-content\/uploads\/2023\/08\/1-inserer-un-module-vba.png\" \/>\n<meta name=\"twitter:card\" content=\"summary_large_image\" \/>\n<meta name=\"twitter:label1\" content=\"Gesch\u00e4tzte Lesezeit\" \/>\n\t<meta name=\"twitter:data1\" content=\"3\u00a0Minuten\" \/>\n<script type=\"application\/ld+json\" class=\"yoast-schema-graph\">{\"@context\":\"https:\/\/schema.org\",\"@graph\":[{\"@type\":\"WebPage\",\"@id\":\"https:\/\/exceladvisor.org\/de\/modul\/\",\"url\":\"https:\/\/exceladvisor.org\/de\/modul\/\",\"name\":\"VBA-Module | Einf\u00fcgen, L\u00f6schen, Wiederherstellen und Sichern\",\"isPartOf\":{\"@id\":\"https:\/\/exceladvisor.org\/de\/#website\"},\"primaryImageOfPage\":{\"@id\":\"https:\/\/exceladvisor.org\/de\/modul\/#primaryimage\"},\"image\":{\"@id\":\"https:\/\/exceladvisor.org\/de\/modul\/#primaryimage\"},\"thumbnailUrl\":\"https:\/\/exceladvisor.org\/wp-content\/uploads\/2023\/08\/1-inserer-un-module-vba.png\",\"datePublished\":\"2023-09-01T07:09:32+00:00\",\"dateModified\":\"2023-12-03T13:05:21+00:00\",\"description\":\"Das VBA-Modul ist eine \u201e.bcf\u201c-Erweiterungsdatei, die den Code im Visual Basic-Editor enth\u00e4lt. Jedes Modul verf\u00fcgt \u00fcber ein eigenes Fenster\",\"breadcrumb\":{\"@id\":\"https:\/\/exceladvisor.org\/de\/modul\/#breadcrumb\"},\"inLanguage\":\"de\",\"potentialAction\":[{\"@type\":\"ReadAction\",\"target\":[\"https:\/\/exceladvisor.org\/de\/modul\/\"]}]},{\"@type\":\"ImageObject\",\"inLanguage\":\"de\",\"@id\":\"https:\/\/exceladvisor.org\/de\/modul\/#primaryimage\",\"url\":\"https:\/\/exceladvisor.org\/wp-content\/uploads\/2023\/08\/1-inserer-un-module-vba.png\",\"contentUrl\":\"https:\/\/exceladvisor.org\/wp-content\/uploads\/2023\/08\/1-inserer-un-module-vba.png\"},{\"@type\":\"BreadcrumbList\",\"@id\":\"https:\/\/exceladvisor.org\/de\/modul\/#breadcrumb\",\"itemListElement\":[{\"@type\":\"ListItem\",\"position\":1,\"name\":\"Accueil\",\"item\":\"https:\/\/exceladvisor.org\/de\/\"},{\"@type\":\"ListItem\",\"position\":2,\"name\":\"Wie verwende ich vba-module in excel?\"}]},{\"@type\":\"WebSite\",\"@id\":\"https:\/\/exceladvisor.org\/de\/#website\",\"url\":\"https:\/\/exceladvisor.org\/de\/\",\"name\":\"Excel Advisor\",\"description\":\"Ihr Leitfaden zur Datendominanz\",\"publisher\":{\"@id\":\"https:\/\/exceladvisor.org\/de\/#organization\"},\"potentialAction\":[{\"@type\":\"SearchAction\",\"target\":{\"@type\":\"EntryPoint\",\"urlTemplate\":\"https:\/\/exceladvisor.org\/de\/?s={search_term_string}\"},\"query-input\":{\"@type\":\"PropertyValueSpecification\",\"valueRequired\":true,\"valueName\":\"search_term_string\"}}],\"inLanguage\":\"de\"},{\"@type\":\"Organization\",\"@id\":\"https:\/\/exceladvisor.org\/de\/#organization\",\"name\":\"Excel Advisor\",\"url\":\"https:\/\/exceladvisor.org\/de\/\",\"logo\":{\"@type\":\"ImageObject\",\"inLanguage\":\"de\",\"@id\":\"https:\/\/exceladvisor.org\/de\/#\/schema\/logo\/image\/\",\"url\":\"https:\/\/exceladvisor.org\/de\/wp-content\/uploads\/2023\/11\/exceladvisor.org_.png\",\"contentUrl\":\"https:\/\/exceladvisor.org\/de\/wp-content\/uploads\/2023\/11\/exceladvisor.org_.png\",\"width\":105,\"height\":36,\"caption\":\"Excel Advisor\"},\"image\":{\"@id\":\"https:\/\/exceladvisor.org\/de\/#\/schema\/logo\/image\/\"}}]}<\/script>\n<!-- \/ Yoast SEO plugin. -->","yoast_head_json":{"title":"VBA-Module | Einf\u00fcgen, L\u00f6schen, Wiederherstellen und Sichern","description":"Das VBA-Modul ist eine \u201e.bcf\u201c-Erweiterungsdatei, die den Code im Visual Basic-Editor enth\u00e4lt. Jedes Modul verf\u00fcgt \u00fcber ein eigenes Fenster","robots":{"index":"index","follow":"follow","max-snippet":"max-snippet:-1","max-image-preview":"max-image-preview:large","max-video-preview":"max-video-preview:-1"},"canonical":"https:\/\/exceladvisor.org\/de\/modul\/","og_locale":"de_DE","og_type":"article","og_title":"VBA-Module | Einf\u00fcgen, L\u00f6schen, Wiederherstellen und Sichern","og_description":"Das VBA-Modul ist eine \u201e.bcf\u201c-Erweiterungsdatei, die den Code im Visual Basic-Editor enth\u00e4lt. Jedes Modul verf\u00fcgt \u00fcber ein eigenes Fenster","og_url":"https:\/\/exceladvisor.org\/de\/modul\/","og_site_name":"Excel Advisor","article_modified_time":"2023-12-03T13:05:21+00:00","og_image":[{"url":"https:\/\/exceladvisor.org\/wp-content\/uploads\/2023\/08\/1-inserer-un-module-vba.png","type":"","width":"","height":""}],"twitter_card":"summary_large_image","twitter_misc":{"Gesch\u00e4tzte Lesezeit":"3\u00a0Minuten"},"schema":{"@context":"https:\/\/schema.org","@graph":[{"@type":"WebPage","@id":"https:\/\/exceladvisor.org\/de\/modul\/","url":"https:\/\/exceladvisor.org\/de\/modul\/","name":"VBA-Module | Einf\u00fcgen, L\u00f6schen, Wiederherstellen und Sichern","isPartOf":{"@id":"https:\/\/exceladvisor.org\/de\/#website"},"primaryImageOfPage":{"@id":"https:\/\/exceladvisor.org\/de\/modul\/#primaryimage"},"image":{"@id":"https:\/\/exceladvisor.org\/de\/modul\/#primaryimage"},"thumbnailUrl":"https:\/\/exceladvisor.org\/wp-content\/uploads\/2023\/08\/1-inserer-un-module-vba.png","datePublished":"2023-09-01T07:09:32+00:00","dateModified":"2023-12-03T13:05:21+00:00","description":"Das VBA-Modul ist eine \u201e.bcf\u201c-Erweiterungsdatei, die den Code im Visual Basic-Editor enth\u00e4lt. Jedes Modul verf\u00fcgt \u00fcber ein eigenes Fenster","breadcrumb":{"@id":"https:\/\/exceladvisor.org\/de\/modul\/#breadcrumb"},"inLanguage":"de","potentialAction":[{"@type":"ReadAction","target":["https:\/\/exceladvisor.org\/de\/modul\/"]}]},{"@type":"ImageObject","inLanguage":"de","@id":"https:\/\/exceladvisor.org\/de\/modul\/#primaryimage","url":"https:\/\/exceladvisor.org\/wp-content\/uploads\/2023\/08\/1-inserer-un-module-vba.png","contentUrl":"https:\/\/exceladvisor.org\/wp-content\/uploads\/2023\/08\/1-inserer-un-module-vba.png"},{"@type":"BreadcrumbList","@id":"https:\/\/exceladvisor.org\/de\/modul\/#breadcrumb","itemListElement":[{"@type":"ListItem","position":1,"name":"Accueil","item":"https:\/\/exceladvisor.org\/de\/"},{"@type":"ListItem","position":2,"name":"Wie verwende ich vba-module in excel?"}]},{"@type":"WebSite","@id":"https:\/\/exceladvisor.org\/de\/#website","url":"https:\/\/exceladvisor.org\/de\/","name":"Excel Advisor","description":"Ihr Leitfaden zur Datendominanz","publisher":{"@id":"https:\/\/exceladvisor.org\/de\/#organization"},"potentialAction":[{"@type":"SearchAction","target":{"@type":"EntryPoint","urlTemplate":"https:\/\/exceladvisor.org\/de\/?s={search_term_string}"},"query-input":{"@type":"PropertyValueSpecification","valueRequired":true,"valueName":"search_term_string"}}],"inLanguage":"de"},{"@type":"Organization","@id":"https:\/\/exceladvisor.org\/de\/#organization","name":"Excel Advisor","url":"https:\/\/exceladvisor.org\/de\/","logo":{"@type":"ImageObject","inLanguage":"de","@id":"https:\/\/exceladvisor.org\/de\/#\/schema\/logo\/image\/","url":"https:\/\/exceladvisor.org\/de\/wp-content\/uploads\/2023\/11\/exceladvisor.org_.png","contentUrl":"https:\/\/exceladvisor.org\/de\/wp-content\/uploads\/2023\/11\/exceladvisor.org_.png","width":105,"height":36,"caption":"Excel Advisor"},"image":{"@id":"https:\/\/exceladvisor.org\/de\/#\/schema\/logo\/image\/"}}]}},"yoast_meta":{"yoast_wpseo_title":"","yoast_wpseo_metadesc":"","yoast_wpseo_canonical":""},"_links":{"self":[{"href":"https:\/\/exceladvisor.org\/de\/wp-json\/wp\/v2\/pages\/3705","targetHints":{"allow":["GET"]}}],"collection":[{"href":"https:\/\/exceladvisor.org\/de\/wp-json\/wp\/v2\/pages"}],"about":[{"href":"https:\/\/exceladvisor.org\/de\/wp-json\/wp\/v2\/types\/page"}],"author":[{"embeddable":true,"href":"https:\/\/exceladvisor.org\/de\/wp-json\/wp\/v2\/users\/1"}],"replies":[{"embeddable":true,"href":"https:\/\/exceladvisor.org\/de\/wp-json\/wp\/v2\/comments?post=3705"}],"version-history":[{"count":1,"href":"https:\/\/exceladvisor.org\/de\/wp-json\/wp\/v2\/pages\/3705\/revisions"}],"predecessor-version":[{"id":4389,"href":"https:\/\/exceladvisor.org\/de\/wp-json\/wp\/v2\/pages\/3705\/revisions\/4389"}],"wp:attachment":[{"href":"https:\/\/exceladvisor.org\/de\/wp-json\/wp\/v2\/media?parent=3705"}],"curies":[{"name":"wp","href":"https:\/\/api.w.org\/{rel}","templated":true}]}}