{"id":3707,"date":"2023-09-01T06:37:58","date_gmt":"2023-09-01T06:37:58","guid":{"rendered":"https:\/\/exceladvisor.org\/de\/objekt-erforderlich-fehler-424\/"},"modified":"2023-12-03T11:13:51","modified_gmt":"2023-12-03T11:13:51","slug":"objekt-erforderlich-fehler-424","status":"publish","type":"page","link":"https:\/\/exceladvisor.org\/de\/objekt-erforderlich-fehler-424\/","title":{"rendered":"Wie behebe ich den fehler \u201evba-objekt erforderlich\u201c?"},"content":{"rendered":"<div class=\"excel-vor-dem-inhalt\" id=\"excel-528501581\"><script type=\"text\/javascript\">\r\n\tatOptions = {\r\n\t\t'key' : 'c1158f160081d6540a8409e6925dab94',\r\n\t\t'format' : 'iframe',\r\n\t\t'height' : 250,\r\n\t\t'width' : 300,\r\n\t\t'params' : {}\r\n\t};\r\n<\/script>\r\n<script type=\"text\/javascript\" src=\"\/\/www.highperformanceformat.com\/c1158f160081d6540a8409e6925dab94\/invoke.js\"><\/script><\/div> <p>Wenn VBA das Objekt, auf das Sie die Eigenschaft oder Methode verweisen, nicht erkennen kann, wird der Fehler \u201eObjekt erforderlich\u201c angezeigt. Mit einfachen Worten: Wenn Sie auf ein Objekt verweisen, der Name dieses Objekts jedoch nicht korrekt ist (das Objekt befindet sich nicht in der Objekthierarchie von VBA), wird der Fehler 424 wie folgt angezeigt. <\/p><div class=\"wp-block-image\"><figure class=\"aligncenter size-large is-resized\"><img loading=\"lazy\" decoding=\"async\" class=\"wp-image-57075\" src=\"https:\/\/exceladvisor.org\/wp-content\/uploads\/2023\/08\/1-erreur-dobjet-vba-requise.png\" sizes=\"auto, \" srcset=\"\" alt=\"vba-object-required-error\" width=\"593\" height=\"408\"><\/figure><\/div><p> Wie Sie sehen, habe ich im obigen Code das aktive Zellenobjekt falsch geschrieben, und wenn VBA diese Codezeile ausf\u00fchrt, kann dieses Objekt nicht verwendet werden, da es kein Objekt mit diesem Namen gibt (da ich ihn falsch geschrieben habe).<\/p><p class=\"qt-tip\"> <strong>Hinweis<\/strong> : Wenn Sie die Option Explicit-Anweisung im Modul verwendet haben, erhalten Sie eine andere Fehlermeldung (siehe Abbildung unten). <\/p><div class=\"wp-block-image\"><figure class=\"aligncenter size-large is-resized\"><img loading=\"lazy\" decoding=\"async\" class=\"wp-image-57076\" src=\"https:\/\/exceladvisor.org\/wp-content\/uploads\/2023\/08\/2-variables-non-definies.png\" sizes=\"auto, \" srcset=\"\" alt=\"\" width=\"481\" height=\"421\"><\/figure><\/div><h2 class=\"wp-block-heading\"> Verwendung des Schl\u00fcsselworts \u201eSet\u201c f\u00fcr eine Nicht-Objektvariable<\/h2><p> Wenn Sie eine Variable verwenden, um ihr ein Objekt zuzuweisen, m\u00fcssen Sie das Schl\u00fcsselwort \u201eSet\u201c verwenden. Im folgenden Beispiel haben Sie myWKS f\u00fcr das Arbeitsblatt und iVal f\u00fcr den Wert in Zelle A1. <\/p><div class=\"wp-block-image\"><figure class=\"aligncenter size-large is-resized\"><img loading=\"lazy\" decoding=\"async\" class=\"wp-image-57077\" src=\"https:\/\/exceladvisor.org\/wp-content\/uploads\/2023\/08\/3-mot-cle-set-utilise-pour-une-variable-non-objet.png\" sizes=\"auto, \" srcset=\"\" alt=\"\" width=\"554\" height=\"485\"><\/figure><\/div><p> Wie Sie sehen k\u00f6nnen, gibt es im obigen Code Variablen, von denen eine als Arbeitsblattobjekt und die zweite als String deklariert ist. Aber zum Zeitpunkt der Wertzuweisung haben wir das Schl\u00fcsselwort \u201eSet\u201c f\u00fcr die Variable \u201eiVal\u201c verwendet, die nicht als Objekt, sondern als String deklariert ist.<\/p><h2 class=\"wp-block-heading\"> So beheben Sie das erforderliche Objekt (Fehler 424) in VBA<\/h2><ol type=\"1\"><li> Gehen Sie zum Debug-Men\u00fc Ihres Visual Basic-Editors.<\/li><li> Verwenden Sie den Schritt, um den gesamten Code Schritt f\u00fcr Schritt auszuf\u00fchren.<\/li><li> Sobald Sie die Zeile erreichen, in der ein Fehler vorliegt, zeigt Ihnen VBA einen Fehler an.<\/li><li> Korrigieren Sie diese Codezeile. <\/li><\/ol><div class=\"wp-block-image\"><figure class=\"aligncenter size-large is-resized\"><img loading=\"lazy\" decoding=\"async\" class=\"wp-image-57078\" src=\"https:\/\/exceladvisor.org\/wp-content\/uploads\/2023\/08\/4-comment-reparer-object_required.png\" sizes=\"auto, \" srcset=\"\" alt=\"\" width=\"589\" height=\"338\"><\/figure><\/div><p> Die andere M\u00f6glichkeit k\u00f6nnte darin bestehen, den Code Zeile f\u00fcr Zeile durchzugehen und ihn zu lesen, um sicherzustellen, dass Sie auf die richtigen Objekte verweisen und die richtigen Namen von Variablen und Objekten verwenden.<\/p><p> Sie k\u00f6nnen die GOTO-Anweisung auch verwenden, um einen Fehler zu \u00fcberwinden oder den Benutzern eine Meldung anzuzeigen, nachdem ein Fehler aufgetreten ist.<\/p><div class=\"gb-container gb-container-4db6181c gb-container-mt\"> <a class=\"gb-button gb-button-c5897111 gb-button-text gb-button-mt-button\" href=\"https:\/\/exceladvisor.org\/de\/vba\/\">Was ist VBA<\/a><h2 class=\"gb-headline gb-headline-665e5f6b gb-headline-text gb-headline-mt-heading\"> Verwandte Tutorials <\/h2><div class=\"gb-grid-wrapper gb-grid-wrapper-a20baf7c gb-grid-wrapper-mt-grid\"><div class=\"gb-grid-column gb-grid-column-65ddf67e\"><div class=\"gb-container gb-container-65ddf67e\"><ul><li> <a href=\"https:\/\/exceladvisor.org\/de\/fehlerbehandlung\/\">VBA-Fehlerbehandlung<\/a><\/li><li> <a href=\"https:\/\/exceladvisor.org\/de\/automatisierungsfehler-440\/\">VBA-Automatisierungsfehler (Fehler 440)<\/a><\/li><li> <a href=\"https:\/\/exceladvisor.org\/de\/fehler-400\/\">VBA-Fehler 400<\/a><\/li><li> <a href=\"https:\/\/exceladvisor.org\/de\/ungultiger-prozeduraufruf-oder-argumentfehler-5\/\">Ung\u00fcltiger VBA-Prozeduraufruf oder Argumentfehler (Fehler 5)<\/a><\/li><li> <a href=\"https:\/\/exceladvisor.org\/de\/das-objekt-unterstutzt-diese-eigenschaft-oder-methode-nicht.-fehler-438\/\">VBA-Objekt unterst\u00fctzt diesen Eigenschafts- oder Methodenfehler nicht (Fehler 438)<\/a> <\/li><\/ul><\/div><\/div><div class=\"gb-grid-column gb-grid-column-50067b57\"><div class=\"gb-container gb-container-50067b57\"><\/div><\/div><\/div><\/div>","protected":false},"excerpt":{"rendered":"","protected":false},"author":1,"featured_media":0,"parent":0,"menu_order":0,"comment_status":"open","ping_status":"closed","template":"","meta":{"ub_ctt_via":"","footnotes":""},"class_list":["post-3707","page","type-page","status-publish","hentry"],"featured_image_src":null,"yoast_head":"<!-- This site is optimized with the Yoast SEO plugin v25.4 - https:\/\/yoast.com\/wordpress\/plugins\/seo\/ -->\n<title>Wie behebe ich den Fehler \u201eVBA-Objekt erforderlich\u201c? (Fehler 424)<\/title>\n<meta name=\"description\" content=\"In diesem Tutorial erfahren Sie, warum das erforderliche Objekt (424-Fehler) auftritt und wie Sie beim Schreiben von VBA-Code damit umgehen.\" \/>\n<meta name=\"robots\" content=\"index, follow, max-snippet:-1, max-image-preview:large, max-video-preview:-1\" \/>\n<link rel=\"canonical\" href=\"https:\/\/exceladvisor.org\/de\/objekt-erforderlich-fehler-424\/\" \/>\n<meta property=\"og:locale\" content=\"de_DE\" \/>\n<meta property=\"og:type\" content=\"article\" \/>\n<meta property=\"og:title\" content=\"Wie behebe ich den Fehler \u201eVBA-Objekt erforderlich\u201c? (Fehler 424)\" \/>\n<meta property=\"og:description\" content=\"In diesem Tutorial erfahren Sie, warum das erforderliche Objekt (424-Fehler) auftritt und wie Sie beim Schreiben von VBA-Code damit umgehen.\" \/>\n<meta property=\"og:url\" content=\"https:\/\/exceladvisor.org\/de\/objekt-erforderlich-fehler-424\/\" \/>\n<meta property=\"og:site_name\" content=\"Excel Advisor\" \/>\n<meta property=\"article:modified_time\" content=\"2023-12-03T11:13:51+00:00\" \/>\n<meta property=\"og:image\" content=\"https:\/\/exceladvisor.org\/wp-content\/uploads\/2023\/08\/1-erreur-dobjet-vba-requise.png\" \/>\n<meta name=\"twitter:card\" content=\"summary_large_image\" \/>\n<meta name=\"twitter:label1\" content=\"Gesch\u00e4tzte Lesezeit\" \/>\n\t<meta name=\"twitter:data1\" content=\"2\u00a0Minuten\" \/>\n<script type=\"application\/ld+json\" class=\"yoast-schema-graph\">{\"@context\":\"https:\/\/schema.org\",\"@graph\":[{\"@type\":\"WebPage\",\"@id\":\"https:\/\/exceladvisor.org\/de\/objekt-erforderlich-fehler-424\/\",\"url\":\"https:\/\/exceladvisor.org\/de\/objekt-erforderlich-fehler-424\/\",\"name\":\"Wie behebe ich den Fehler \u201eVBA-Objekt erforderlich\u201c? (Fehler 424)\",\"isPartOf\":{\"@id\":\"https:\/\/exceladvisor.org\/de\/#website\"},\"primaryImageOfPage\":{\"@id\":\"https:\/\/exceladvisor.org\/de\/objekt-erforderlich-fehler-424\/#primaryimage\"},\"image\":{\"@id\":\"https:\/\/exceladvisor.org\/de\/objekt-erforderlich-fehler-424\/#primaryimage\"},\"thumbnailUrl\":\"https:\/\/exceladvisor.org\/wp-content\/uploads\/2023\/08\/1-erreur-dobjet-vba-requise.png\",\"datePublished\":\"2023-09-01T06:37:58+00:00\",\"dateModified\":\"2023-12-03T11:13:51+00:00\",\"description\":\"In diesem Tutorial erfahren Sie, warum das erforderliche Objekt (424-Fehler) auftritt und wie Sie beim Schreiben von VBA-Code damit umgehen.\",\"breadcrumb\":{\"@id\":\"https:\/\/exceladvisor.org\/de\/objekt-erforderlich-fehler-424\/#breadcrumb\"},\"inLanguage\":\"de\",\"potentialAction\":[{\"@type\":\"ReadAction\",\"target\":[\"https:\/\/exceladvisor.org\/de\/objekt-erforderlich-fehler-424\/\"]}]},{\"@type\":\"ImageObject\",\"inLanguage\":\"de\",\"@id\":\"https:\/\/exceladvisor.org\/de\/objekt-erforderlich-fehler-424\/#primaryimage\",\"url\":\"https:\/\/exceladvisor.org\/wp-content\/uploads\/2023\/08\/1-erreur-dobjet-vba-requise.png\",\"contentUrl\":\"https:\/\/exceladvisor.org\/wp-content\/uploads\/2023\/08\/1-erreur-dobjet-vba-requise.png\"},{\"@type\":\"BreadcrumbList\",\"@id\":\"https:\/\/exceladvisor.org\/de\/objekt-erforderlich-fehler-424\/#breadcrumb\",\"itemListElement\":[{\"@type\":\"ListItem\",\"position\":1,\"name\":\"Accueil\",\"item\":\"https:\/\/exceladvisor.org\/de\/\"},{\"@type\":\"ListItem\",\"position\":2,\"name\":\"Wie behebe ich den fehler \u201evba-objekt erforderlich\u201c?\"}]},{\"@type\":\"WebSite\",\"@id\":\"https:\/\/exceladvisor.org\/de\/#website\",\"url\":\"https:\/\/exceladvisor.org\/de\/\",\"name\":\"Excel Advisor\",\"description\":\"Ihr Leitfaden zur Datendominanz\",\"publisher\":{\"@id\":\"https:\/\/exceladvisor.org\/de\/#organization\"},\"potentialAction\":[{\"@type\":\"SearchAction\",\"target\":{\"@type\":\"EntryPoint\",\"urlTemplate\":\"https:\/\/exceladvisor.org\/de\/?s={search_term_string}\"},\"query-input\":{\"@type\":\"PropertyValueSpecification\",\"valueRequired\":true,\"valueName\":\"search_term_string\"}}],\"inLanguage\":\"de\"},{\"@type\":\"Organization\",\"@id\":\"https:\/\/exceladvisor.org\/de\/#organization\",\"name\":\"Excel Advisor\",\"url\":\"https:\/\/exceladvisor.org\/de\/\",\"logo\":{\"@type\":\"ImageObject\",\"inLanguage\":\"de\",\"@id\":\"https:\/\/exceladvisor.org\/de\/#\/schema\/logo\/image\/\",\"url\":\"https:\/\/exceladvisor.org\/de\/wp-content\/uploads\/2023\/11\/exceladvisor.org_.png\",\"contentUrl\":\"https:\/\/exceladvisor.org\/de\/wp-content\/uploads\/2023\/11\/exceladvisor.org_.png\",\"width\":105,\"height\":36,\"caption\":\"Excel Advisor\"},\"image\":{\"@id\":\"https:\/\/exceladvisor.org\/de\/#\/schema\/logo\/image\/\"}}]}<\/script>\n<!-- \/ Yoast SEO plugin. -->","yoast_head_json":{"title":"Wie behebe ich den Fehler \u201eVBA-Objekt erforderlich\u201c? (Fehler 424)","description":"In diesem Tutorial erfahren Sie, warum das erforderliche Objekt (424-Fehler) auftritt und wie Sie beim Schreiben von VBA-Code damit umgehen.","robots":{"index":"index","follow":"follow","max-snippet":"max-snippet:-1","max-image-preview":"max-image-preview:large","max-video-preview":"max-video-preview:-1"},"canonical":"https:\/\/exceladvisor.org\/de\/objekt-erforderlich-fehler-424\/","og_locale":"de_DE","og_type":"article","og_title":"Wie behebe ich den Fehler \u201eVBA-Objekt erforderlich\u201c? (Fehler 424)","og_description":"In diesem Tutorial erfahren Sie, warum das erforderliche Objekt (424-Fehler) auftritt und wie Sie beim Schreiben von VBA-Code damit umgehen.","og_url":"https:\/\/exceladvisor.org\/de\/objekt-erforderlich-fehler-424\/","og_site_name":"Excel Advisor","article_modified_time":"2023-12-03T11:13:51+00:00","og_image":[{"url":"https:\/\/exceladvisor.org\/wp-content\/uploads\/2023\/08\/1-erreur-dobjet-vba-requise.png","type":"","width":"","height":""}],"twitter_card":"summary_large_image","twitter_misc":{"Gesch\u00e4tzte Lesezeit":"2\u00a0Minuten"},"schema":{"@context":"https:\/\/schema.org","@graph":[{"@type":"WebPage","@id":"https:\/\/exceladvisor.org\/de\/objekt-erforderlich-fehler-424\/","url":"https:\/\/exceladvisor.org\/de\/objekt-erforderlich-fehler-424\/","name":"Wie behebe ich den Fehler \u201eVBA-Objekt erforderlich\u201c? (Fehler 424)","isPartOf":{"@id":"https:\/\/exceladvisor.org\/de\/#website"},"primaryImageOfPage":{"@id":"https:\/\/exceladvisor.org\/de\/objekt-erforderlich-fehler-424\/#primaryimage"},"image":{"@id":"https:\/\/exceladvisor.org\/de\/objekt-erforderlich-fehler-424\/#primaryimage"},"thumbnailUrl":"https:\/\/exceladvisor.org\/wp-content\/uploads\/2023\/08\/1-erreur-dobjet-vba-requise.png","datePublished":"2023-09-01T06:37:58+00:00","dateModified":"2023-12-03T11:13:51+00:00","description":"In diesem Tutorial erfahren Sie, warum das erforderliche Objekt (424-Fehler) auftritt und wie Sie beim Schreiben von VBA-Code damit umgehen.","breadcrumb":{"@id":"https:\/\/exceladvisor.org\/de\/objekt-erforderlich-fehler-424\/#breadcrumb"},"inLanguage":"de","potentialAction":[{"@type":"ReadAction","target":["https:\/\/exceladvisor.org\/de\/objekt-erforderlich-fehler-424\/"]}]},{"@type":"ImageObject","inLanguage":"de","@id":"https:\/\/exceladvisor.org\/de\/objekt-erforderlich-fehler-424\/#primaryimage","url":"https:\/\/exceladvisor.org\/wp-content\/uploads\/2023\/08\/1-erreur-dobjet-vba-requise.png","contentUrl":"https:\/\/exceladvisor.org\/wp-content\/uploads\/2023\/08\/1-erreur-dobjet-vba-requise.png"},{"@type":"BreadcrumbList","@id":"https:\/\/exceladvisor.org\/de\/objekt-erforderlich-fehler-424\/#breadcrumb","itemListElement":[{"@type":"ListItem","position":1,"name":"Accueil","item":"https:\/\/exceladvisor.org\/de\/"},{"@type":"ListItem","position":2,"name":"Wie behebe ich den fehler \u201evba-objekt erforderlich\u201c?"}]},{"@type":"WebSite","@id":"https:\/\/exceladvisor.org\/de\/#website","url":"https:\/\/exceladvisor.org\/de\/","name":"Excel Advisor","description":"Ihr Leitfaden zur Datendominanz","publisher":{"@id":"https:\/\/exceladvisor.org\/de\/#organization"},"potentialAction":[{"@type":"SearchAction","target":{"@type":"EntryPoint","urlTemplate":"https:\/\/exceladvisor.org\/de\/?s={search_term_string}"},"query-input":{"@type":"PropertyValueSpecification","valueRequired":true,"valueName":"search_term_string"}}],"inLanguage":"de"},{"@type":"Organization","@id":"https:\/\/exceladvisor.org\/de\/#organization","name":"Excel Advisor","url":"https:\/\/exceladvisor.org\/de\/","logo":{"@type":"ImageObject","inLanguage":"de","@id":"https:\/\/exceladvisor.org\/de\/#\/schema\/logo\/image\/","url":"https:\/\/exceladvisor.org\/de\/wp-content\/uploads\/2023\/11\/exceladvisor.org_.png","contentUrl":"https:\/\/exceladvisor.org\/de\/wp-content\/uploads\/2023\/11\/exceladvisor.org_.png","width":105,"height":36,"caption":"Excel Advisor"},"image":{"@id":"https:\/\/exceladvisor.org\/de\/#\/schema\/logo\/image\/"}}]}},"yoast_meta":{"yoast_wpseo_title":"","yoast_wpseo_metadesc":"","yoast_wpseo_canonical":""},"_links":{"self":[{"href":"https:\/\/exceladvisor.org\/de\/wp-json\/wp\/v2\/pages\/3707","targetHints":{"allow":["GET"]}}],"collection":[{"href":"https:\/\/exceladvisor.org\/de\/wp-json\/wp\/v2\/pages"}],"about":[{"href":"https:\/\/exceladvisor.org\/de\/wp-json\/wp\/v2\/types\/page"}],"author":[{"embeddable":true,"href":"https:\/\/exceladvisor.org\/de\/wp-json\/wp\/v2\/users\/1"}],"replies":[{"embeddable":true,"href":"https:\/\/exceladvisor.org\/de\/wp-json\/wp\/v2\/comments?post=3707"}],"version-history":[{"count":1,"href":"https:\/\/exceladvisor.org\/de\/wp-json\/wp\/v2\/pages\/3707\/revisions"}],"predecessor-version":[{"id":3863,"href":"https:\/\/exceladvisor.org\/de\/wp-json\/wp\/v2\/pages\/3707\/revisions\/3863"}],"wp:attachment":[{"href":"https:\/\/exceladvisor.org\/de\/wp-json\/wp\/v2\/media?parent=3707"}],"curies":[{"name":"wp","href":"https:\/\/api.w.org\/{rel}","templated":true}]}}