{"id":3708,"date":"2023-09-01T06:13:21","date_gmt":"2023-09-01T06:13:21","guid":{"rendered":"https:\/\/exceladvisor.org\/de\/nicht-genugend-speicherfehler-7\/"},"modified":"2023-12-03T11:13:59","modified_gmt":"2023-12-03T11:13:59","slug":"nicht-genugend-speicherfehler-7","status":"publish","type":"page","link":"https:\/\/exceladvisor.org\/de\/nicht-genugend-speicherfehler-7\/","title":{"rendered":"Wie behebt man den vba-fehler \u201enicht gen\u00fcgend speicher\u201c?"},"content":{"rendered":"<div class=\"excel-vor-dem-inhalt\" id=\"excel-1157788142\"><script type=\"text\/javascript\">\r\n\tatOptions = {\r\n\t\t'key' : 'c1158f160081d6540a8409e6925dab94',\r\n\t\t'format' : 'iframe',\r\n\t\t'height' : 250,\r\n\t\t'width' : 300,\r\n\t\t'params' : {}\r\n\t};\r\n<\/script>\r\n<script type=\"text\/javascript\" src=\"\/\/www.highperformanceformat.com\/c1158f160081d6540a8409e6925dab94\/invoke.js\"><\/script><\/div> <p>VBA-Fehler 7 (nicht gen\u00fcgend Arbeitsspeicher) tritt auf, wenn Ihrem System die Ressourcen ausgehen, um Excel f\u00fcr die Ausf\u00fchrung des Makros zu speichern. Wenn Sie eine Anwendung in Ihrem System \u00f6ffnen, die einen Teil der Ressource beansprucht, und Sie versuchen m\u00fcssen, ein Makro auszuf\u00fchren, und die Ressource, die Sie haben, nicht ausreicht, erhalten Sie Fehler 7.<\/p><p> Abgesehen davon m\u00fcssen Sie einige Dinge \u00fcberpr\u00fcfen, wenn dieser Fehler auftritt (nicht gen\u00fcgend Speicher).<\/p><ol type=\"1\"><li> Wie ich bereits sagte, k\u00f6nnen viele Anwendungen ausgef\u00fchrt werden, sodass das System im Arbeitsspeicher ausgef\u00fchrt wird. Sie k\u00f6nnen alle nicht ben\u00f6tigten Anwendungen schlie\u00dfen.<\/li><li> Sie haben viele lange Codes im selben Modul. Sie k\u00f6nnen versuchen, f\u00fcr alle diese Codes unterschiedliche Module zu verwenden.<\/li><li> Windows hat nicht mehr gen\u00fcgend virtuellen Speicher.<\/li><\/ol><p> Unten habe ich einige Links geteilt, die Ihnen bei der Behebung dieses Fehlers helfen k\u00f6nnen.<\/p><ul><li> <a href=\"https:\/\/stackoverflow.com\/questions\/18277514\/run-time-error-7-out-of-memory\" target=\"_blank\" rel=\"noreferrer noopener nofollow\">Paket\u00fcberfluss<\/a><\/li><li> <a href=\"https:\/\/www.mrexcel.com\/board\/threads\/excel-vba-run-time-error-7-out-of-memory.999073\/\" target=\"_blank\" rel=\"noreferrer noopener nofollow\">Herr Excel<\/a><\/li><li> <a href=\"https:\/\/stackoverflow.com\/questions\/14396998\/how-to-clear-memory-to-prevent-out-of-memory-error-in-excel-vba\" target=\"_blank\" rel=\"noreferrer noopener nofollow\">Klare Erinnerungen<\/a><\/li><\/ul><div class=\"gb-container gb-container-4db6181c gb-container-mt\"> <a class=\"gb-button gb-button-c5897111 gb-button-text gb-button-mt-button\" href=\"https:\/\/exceladvisor.org\/de\/vba\/\">Was ist VBA<\/a><h2 class=\"gb-headline gb-headline-665e5f6b gb-headline-text gb-headline-mt-heading\"> Verwandte Tutorials <\/h2><div class=\"gb-grid-wrapper gb-grid-wrapper-a20baf7c gb-grid-wrapper-mt-grid\"><div class=\"gb-grid-column gb-grid-column-65ddf67e\"><div class=\"gb-container gb-container-65ddf67e\"><ul><li> <a href=\"https:\/\/exceladvisor.org\/de\/fehlerbehandlung\/\">VBA-Fehlerbehandlung<\/a><\/li><li> <a href=\"https:\/\/exceladvisor.org\/de\/automatisierungsfehler-440\/\">VBA-Automatisierungsfehler (Fehler 440)<\/a><\/li><li> <a href=\"https:\/\/exceladvisor.org\/de\/fehler-400\/\">VBA-Fehler 400<\/a><\/li><li> <a href=\"https:\/\/exceladvisor.org\/de\/ungultiger-prozeduraufruf-oder-argumentfehler-5\/\">Ung\u00fcltiger VBA-Prozeduraufruf oder Argumentfehler (Fehler 5)<\/a><\/li><li> <a href=\"https:\/\/exceladvisor.org\/de\/das-objekt-unterstutzt-diese-eigenschaft-oder-methode-nicht.-fehler-438\/\">VBA-Objekt unterst\u00fctzt diesen Eigenschafts- oder Methodenfehler nicht (Fehler 438)<\/a> <\/li><\/ul><\/div><\/div><div class=\"gb-grid-column gb-grid-column-50067b57\"><div class=\"gb-container gb-container-50067b57\"><\/div><\/div><\/div><\/div>","protected":false},"excerpt":{"rendered":"","protected":false},"author":1,"featured_media":0,"parent":0,"menu_order":0,"comment_status":"open","ping_status":"closed","template":"","meta":{"ub_ctt_via":"","footnotes":""},"class_list":["post-3708","page","type-page","status-publish","hentry"],"featured_image_src":null,"yoast_head":"<!-- This site is optimized with the Yoast SEO plugin v25.4 - https:\/\/yoast.com\/wordpress\/plugins\/seo\/ -->\n<title>Wie behebt man den VBA-Fehler \u201eNicht gen\u00fcgend Speicher\u201c?<\/title>\n<meta name=\"description\" content=\"In diesem Tutorial erfahren Sie, warum nicht gen\u00fcgend Arbeitsspeicher (Fehler 7) auftritt und wie Sie beim Schreiben damit umgehen\" \/>\n<meta name=\"robots\" content=\"index, follow, max-snippet:-1, max-image-preview:large, max-video-preview:-1\" \/>\n<link rel=\"canonical\" href=\"https:\/\/exceladvisor.org\/de\/nicht-genugend-speicherfehler-7\/\" \/>\n<meta property=\"og:locale\" content=\"de_DE\" \/>\n<meta property=\"og:type\" content=\"article\" \/>\n<meta property=\"og:title\" content=\"Wie behebt man den VBA-Fehler \u201eNicht gen\u00fcgend Speicher\u201c?\" \/>\n<meta property=\"og:description\" content=\"In diesem Tutorial erfahren Sie, warum nicht gen\u00fcgend Arbeitsspeicher (Fehler 7) auftritt und wie Sie beim Schreiben damit umgehen\" \/>\n<meta property=\"og:url\" content=\"https:\/\/exceladvisor.org\/de\/nicht-genugend-speicherfehler-7\/\" \/>\n<meta property=\"og:site_name\" content=\"Excel Advisor\" \/>\n<meta property=\"article:modified_time\" content=\"2023-12-03T11:13:59+00:00\" \/>\n<meta name=\"twitter:card\" content=\"summary_large_image\" \/>\n<meta name=\"twitter:label1\" content=\"Gesch\u00e4tzte Lesezeit\" \/>\n\t<meta name=\"twitter:data1\" content=\"1\u00a0Minute\" \/>\n<script type=\"application\/ld+json\" class=\"yoast-schema-graph\">{\"@context\":\"https:\/\/schema.org\",\"@graph\":[{\"@type\":\"WebPage\",\"@id\":\"https:\/\/exceladvisor.org\/de\/nicht-genugend-speicherfehler-7\/\",\"url\":\"https:\/\/exceladvisor.org\/de\/nicht-genugend-speicherfehler-7\/\",\"name\":\"Wie behebt man den VBA-Fehler \u201eNicht gen\u00fcgend Speicher\u201c?\",\"isPartOf\":{\"@id\":\"https:\/\/exceladvisor.org\/de\/#website\"},\"datePublished\":\"2023-09-01T06:13:21+00:00\",\"dateModified\":\"2023-12-03T11:13:59+00:00\",\"description\":\"In diesem Tutorial erfahren Sie, warum nicht gen\u00fcgend Arbeitsspeicher (Fehler 7) auftritt und wie Sie beim Schreiben damit umgehen\",\"breadcrumb\":{\"@id\":\"https:\/\/exceladvisor.org\/de\/nicht-genugend-speicherfehler-7\/#breadcrumb\"},\"inLanguage\":\"de\",\"potentialAction\":[{\"@type\":\"ReadAction\",\"target\":[\"https:\/\/exceladvisor.org\/de\/nicht-genugend-speicherfehler-7\/\"]}]},{\"@type\":\"BreadcrumbList\",\"@id\":\"https:\/\/exceladvisor.org\/de\/nicht-genugend-speicherfehler-7\/#breadcrumb\",\"itemListElement\":[{\"@type\":\"ListItem\",\"position\":1,\"name\":\"Accueil\",\"item\":\"https:\/\/exceladvisor.org\/de\/\"},{\"@type\":\"ListItem\",\"position\":2,\"name\":\"Wie behebt man den vba-fehler \u201enicht gen\u00fcgend speicher\u201c?\"}]},{\"@type\":\"WebSite\",\"@id\":\"https:\/\/exceladvisor.org\/de\/#website\",\"url\":\"https:\/\/exceladvisor.org\/de\/\",\"name\":\"Excel Advisor\",\"description\":\"Ihr Leitfaden zur Datendominanz\",\"publisher\":{\"@id\":\"https:\/\/exceladvisor.org\/de\/#organization\"},\"potentialAction\":[{\"@type\":\"SearchAction\",\"target\":{\"@type\":\"EntryPoint\",\"urlTemplate\":\"https:\/\/exceladvisor.org\/de\/?s={search_term_string}\"},\"query-input\":{\"@type\":\"PropertyValueSpecification\",\"valueRequired\":true,\"valueName\":\"search_term_string\"}}],\"inLanguage\":\"de\"},{\"@type\":\"Organization\",\"@id\":\"https:\/\/exceladvisor.org\/de\/#organization\",\"name\":\"Excel Advisor\",\"url\":\"https:\/\/exceladvisor.org\/de\/\",\"logo\":{\"@type\":\"ImageObject\",\"inLanguage\":\"de\",\"@id\":\"https:\/\/exceladvisor.org\/de\/#\/schema\/logo\/image\/\",\"url\":\"https:\/\/exceladvisor.org\/de\/wp-content\/uploads\/2023\/11\/exceladvisor.org_.png\",\"contentUrl\":\"https:\/\/exceladvisor.org\/de\/wp-content\/uploads\/2023\/11\/exceladvisor.org_.png\",\"width\":105,\"height\":36,\"caption\":\"Excel Advisor\"},\"image\":{\"@id\":\"https:\/\/exceladvisor.org\/de\/#\/schema\/logo\/image\/\"}}]}<\/script>\n<!-- \/ Yoast SEO plugin. -->","yoast_head_json":{"title":"Wie behebt man den VBA-Fehler \u201eNicht gen\u00fcgend Speicher\u201c?","description":"In diesem Tutorial erfahren Sie, warum nicht gen\u00fcgend Arbeitsspeicher (Fehler 7) auftritt und wie Sie beim Schreiben damit umgehen","robots":{"index":"index","follow":"follow","max-snippet":"max-snippet:-1","max-image-preview":"max-image-preview:large","max-video-preview":"max-video-preview:-1"},"canonical":"https:\/\/exceladvisor.org\/de\/nicht-genugend-speicherfehler-7\/","og_locale":"de_DE","og_type":"article","og_title":"Wie behebt man den VBA-Fehler \u201eNicht gen\u00fcgend Speicher\u201c?","og_description":"In diesem Tutorial erfahren Sie, warum nicht gen\u00fcgend Arbeitsspeicher (Fehler 7) auftritt und wie Sie beim Schreiben damit umgehen","og_url":"https:\/\/exceladvisor.org\/de\/nicht-genugend-speicherfehler-7\/","og_site_name":"Excel Advisor","article_modified_time":"2023-12-03T11:13:59+00:00","twitter_card":"summary_large_image","twitter_misc":{"Gesch\u00e4tzte Lesezeit":"1\u00a0Minute"},"schema":{"@context":"https:\/\/schema.org","@graph":[{"@type":"WebPage","@id":"https:\/\/exceladvisor.org\/de\/nicht-genugend-speicherfehler-7\/","url":"https:\/\/exceladvisor.org\/de\/nicht-genugend-speicherfehler-7\/","name":"Wie behebt man den VBA-Fehler \u201eNicht gen\u00fcgend Speicher\u201c?","isPartOf":{"@id":"https:\/\/exceladvisor.org\/de\/#website"},"datePublished":"2023-09-01T06:13:21+00:00","dateModified":"2023-12-03T11:13:59+00:00","description":"In diesem Tutorial erfahren Sie, warum nicht gen\u00fcgend Arbeitsspeicher (Fehler 7) auftritt und wie Sie beim Schreiben damit umgehen","breadcrumb":{"@id":"https:\/\/exceladvisor.org\/de\/nicht-genugend-speicherfehler-7\/#breadcrumb"},"inLanguage":"de","potentialAction":[{"@type":"ReadAction","target":["https:\/\/exceladvisor.org\/de\/nicht-genugend-speicherfehler-7\/"]}]},{"@type":"BreadcrumbList","@id":"https:\/\/exceladvisor.org\/de\/nicht-genugend-speicherfehler-7\/#breadcrumb","itemListElement":[{"@type":"ListItem","position":1,"name":"Accueil","item":"https:\/\/exceladvisor.org\/de\/"},{"@type":"ListItem","position":2,"name":"Wie behebt man den vba-fehler \u201enicht gen\u00fcgend speicher\u201c?"}]},{"@type":"WebSite","@id":"https:\/\/exceladvisor.org\/de\/#website","url":"https:\/\/exceladvisor.org\/de\/","name":"Excel Advisor","description":"Ihr Leitfaden zur Datendominanz","publisher":{"@id":"https:\/\/exceladvisor.org\/de\/#organization"},"potentialAction":[{"@type":"SearchAction","target":{"@type":"EntryPoint","urlTemplate":"https:\/\/exceladvisor.org\/de\/?s={search_term_string}"},"query-input":{"@type":"PropertyValueSpecification","valueRequired":true,"valueName":"search_term_string"}}],"inLanguage":"de"},{"@type":"Organization","@id":"https:\/\/exceladvisor.org\/de\/#organization","name":"Excel Advisor","url":"https:\/\/exceladvisor.org\/de\/","logo":{"@type":"ImageObject","inLanguage":"de","@id":"https:\/\/exceladvisor.org\/de\/#\/schema\/logo\/image\/","url":"https:\/\/exceladvisor.org\/de\/wp-content\/uploads\/2023\/11\/exceladvisor.org_.png","contentUrl":"https:\/\/exceladvisor.org\/de\/wp-content\/uploads\/2023\/11\/exceladvisor.org_.png","width":105,"height":36,"caption":"Excel Advisor"},"image":{"@id":"https:\/\/exceladvisor.org\/de\/#\/schema\/logo\/image\/"}}]}},"yoast_meta":{"yoast_wpseo_title":"","yoast_wpseo_metadesc":"","yoast_wpseo_canonical":""},"_links":{"self":[{"href":"https:\/\/exceladvisor.org\/de\/wp-json\/wp\/v2\/pages\/3708","targetHints":{"allow":["GET"]}}],"collection":[{"href":"https:\/\/exceladvisor.org\/de\/wp-json\/wp\/v2\/pages"}],"about":[{"href":"https:\/\/exceladvisor.org\/de\/wp-json\/wp\/v2\/types\/page"}],"author":[{"embeddable":true,"href":"https:\/\/exceladvisor.org\/de\/wp-json\/wp\/v2\/users\/1"}],"replies":[{"embeddable":true,"href":"https:\/\/exceladvisor.org\/de\/wp-json\/wp\/v2\/comments?post=3708"}],"version-history":[{"count":1,"href":"https:\/\/exceladvisor.org\/de\/wp-json\/wp\/v2\/pages\/3708\/revisions"}],"predecessor-version":[{"id":3873,"href":"https:\/\/exceladvisor.org\/de\/wp-json\/wp\/v2\/pages\/3708\/revisions\/3873"}],"wp:attachment":[{"href":"https:\/\/exceladvisor.org\/de\/wp-json\/wp\/v2\/media?parent=3708"}],"curies":[{"name":"wp","href":"https:\/\/api.w.org\/{rel}","templated":true}]}}