{"id":3709,"date":"2023-08-29T13:47:44","date_gmt":"2023-08-29T13:47:44","guid":{"rendered":"https:\/\/exceladvisor.org\/de\/datenschutzrichtlinie\/"},"modified":"2023-12-04T06:30:29","modified_gmt":"2023-12-04T06:30:29","slug":"datenschutzrichtlinie","status":"publish","type":"page","link":"https:\/\/exceladvisor.org\/de\/datenschutzrichtlinie\/","title":{"rendered":"Datenschutzrichtlinie"},"content":{"rendered":"<div class=\"excel-vor-dem-inhalt\" id=\"excel-3214171103\"><script type=\"text\/javascript\">\r\n\tatOptions = {\r\n\t\t'key' : 'c1158f160081d6540a8409e6925dab94',\r\n\t\t'format' : 'iframe',\r\n\t\t'height' : 250,\r\n\t\t'width' : 300,\r\n\t\t'params' : {}\r\n\t};\r\n<\/script>\r\n<script type=\"text\/javascript\" src=\"\/\/www.highperformanceformat.com\/c1158f160081d6540a8409e6925dab94\/invoke.js\"><\/script><\/div> <p>Diese Datenschutzrichtlinie regelt die Art und Weise, wie <a href=\"https:\/\/exceladvisor.org\/de\/um\/\">Excel Advisor<\/a> von Benutzern (jeweils ein \u201eBenutzer\u201c) der Website https:\/\/exceladvisor.org (\u201eWebsite\u201c) gesammelte Informationen sammelt, verwendet, pflegt und offenlegt.<\/p><h2> <strong>Pers\u00f6nlich identifizierbare Informationen<\/strong><\/h2><p> Wir k\u00f6nnen personenbezogene Identifikationsdaten von Benutzern auf verschiedene Weise erfassen, unter anderem, wenn Benutzer unsere Website besuchen, sich auf der Website registrieren, eine Bestellung aufgeben, ein Formular ausf\u00fcllen und im Rahmen anderer Aktivit\u00e4ten, Dienstleistungen, Funktionen oder Ressourcen, die wir auf unserer Website zur Verf\u00fcgung stellen.<\/p><p> Gegebenenfalls werden die Nutzer nach ihrem Namen, ihrer E-Mail-Adresse und ihrer Postanschrift gefragt. Benutzer k\u00f6nnen unsere Website jedoch anonym besuchen. Wir erfassen personenbezogene Daten von Benutzern nur dann, wenn sie uns diese Informationen freiwillig \u00fcbermitteln. Benutzer k\u00f6nnen die Angabe personenbezogener Daten jederzeit verweigern, es sei denn, dies hindert sie m\u00f6glicherweise daran, an bestimmten Aktivit\u00e4ten im Zusammenhang mit der Website teilzunehmen.<\/p><h2> <strong>Nicht personenbezogene, identifizierende Informationen<\/strong><\/h2><p> Wir erfassen m\u00f6glicherweise nicht personenbezogene Identifikationsinformationen \u00fcber Benutzer, wenn diese mit unserer Website interagieren. Zu den nicht personenbezogenen Identifikationsdaten k\u00f6nnen der Name des Browsers, der Computertyp und technische Informationen \u00fcber die Art der Verbindung der Benutzer zu unseren Websites geh\u00f6ren, beispielsweise das Betriebssystem und die verwendeten Internetdienstanbieter sowie andere \u00e4hnliche Informationen.<\/p><h2> <strong>Webbrowser-Cookies<\/strong><\/h2><p> Unsere Website verwendet m\u00f6glicherweise \u201eCookies\u201c, um das Benutzererlebnis zu verbessern. Der Webbrowser eines Benutzers platziert Cookies zu Aufzeichnungszwecken und manchmal auch zum Nachverfolgen von Informationen \u00fcber ihn auf seiner Festplatte. Der Benutzer kann seinen Webbrowser so konfigurieren, dass er Cookies ablehnt oder Sie benachrichtigt, wenn Cookies gesendet werden. Wenn dies der Fall ist, beachten Sie bitte, dass einige Teile der Website m\u00f6glicherweise nicht ordnungsgem\u00e4\u00df funktionieren.<\/p><h2> <strong>Wie wir gesammelte Informationen verwenden<\/strong><\/h2><p> Excel Advisor kann die pers\u00f6nlichen Daten der Benutzer f\u00fcr die folgenden Zwecke sammeln und verwenden:<\/p><ul><li> <span style=\"text-decoration: underline;\">Um unsere Website zu verwalten und zu betreiben<\/span><br> M\u00f6glicherweise ben\u00f6tigen wir Ihre Informationen, um den Inhalt der Website korrekt anzuzeigen.<\/li><li> <span style=\"text-decoration: underline;\">Um den Kundenservice zu verbessern<\/span><br> Die von Ihnen bereitgestellten Informationen helfen uns, effektiver auf Ihre Kundendienstanfragen und Supportbed\u00fcrfnisse zu reagieren.<\/li><li> <span style=\"text-decoration: underline;\">Um das Benutzererlebnis zu personalisieren<\/span><br> Wir k\u00f6nnen die Informationen in ihrer Gesamtheit verwenden, um zu verstehen, wie unsere Benutzer als Gruppe die auf unserer Website bereitgestellten Dienste und Ressourcen nutzen.<\/li><li> <span style=\"text-decoration: underline;\">Um unsere Website zu verbessern<\/span><br> Wir k\u00f6nnen Ihr Feedback nutzen, um unsere Produkte und Dienstleistungen zu verbessern.<\/li><\/ul><h3> <strong>Wie wir Ihre Daten sch\u00fctzen<\/strong><\/h3><p> Wir ergreifen geeignete Datenerfassungs-, Speicher- und Verarbeitungspraktiken sowie Sicherheitsma\u00dfnahmen, um Ihre auf unserer Website gespeicherten pers\u00f6nlichen Daten, Benutzernamen, Passw\u00f6rter, Transaktionsinformationen und Daten vor unbefugtem Zugriff, \u00c4nderung, Offenlegung oder Zerst\u00f6rung zu sch\u00fctzen.<\/p><h3> <strong>Geben Sie Ihre pers\u00f6nlichen Daten weiter<\/strong><\/h3><p> Wir verkaufen, handeln oder vermieten die personenbezogenen Daten der Benutzer nicht an Dritte. F\u00fcr die oben beschriebenen Zwecke k\u00f6nnen wir aggregierte allgemeine demografische Informationen, die nicht mit personenbezogenen Identifikationsdaten von Besuchern und Nutzern verkn\u00fcpft sind, an unsere Gesch\u00e4ftspartner, vertrauensw\u00fcrdigen verbundenen Unternehmen und Werbetreibenden weitergeben.<\/p><h2> <strong>Websites Dritter<\/strong><\/h2><p> Benutzer finden auf unserer Website m\u00f6glicherweise Werbung oder andere Inhalte, die auf die Websites und Dienste unserer Partner, Lieferanten, Werbetreibenden, Sponsoren, Lizenzgeber und anderer Dritter verweisen. Wir haben keine Kontrolle \u00fcber die Inhalte oder Links, die auf diesen Websites erscheinen, und sind nicht verantwortlich f\u00fcr die Praktiken von Websites, die mit unserer Website verlinkt sind oder von dieser aus verlinkt werden.<\/p><p> Dar\u00fcber hinaus k\u00f6nnen sich diese Websites oder Dienste, einschlie\u00dflich ihrer Inhalte und Links, st\u00e4ndig weiterentwickeln. F\u00fcr diese Websites und Dienste gelten m\u00f6glicherweise eigene Datenschutzrichtlinien und Kundendienstrichtlinien. Das Surfen und die Interaktion auf anderen Websites, einschlie\u00dflich Websites, die mit unserer Website verlinkt sind, unterliegen den Bedingungen und Richtlinien dieser Website.<\/p><h2> <strong>Werbung<\/strong><\/h2><p> Auf unserer Website erscheinende Anzeigen k\u00f6nnen den Nutzern von Werbepartnern geliefert werden, die m\u00f6glicherweise Cookies setzen. Diese Cookies erm\u00f6glichen es dem Ad-Server, Ihren Computer jedes Mal zu erkennen, wenn er Ihnen eine Online-Werbung sendet, um nicht personenbezogene Daten \u00fcber Sie oder andere Benutzer Ihres Computers zu sammeln.<\/p><p> Mithilfe dieser Informationen k\u00f6nnen Werbenetzwerke unter anderem gezielte Werbung schalten, von der sie glauben, dass sie f\u00fcr Sie am interessantesten ist. Diese Datenschutzrichtlinie gilt nicht f\u00fcr die Verwendung von Cookies durch Werbetreibende.<\/p><h2> <strong>Google AdSense<\/strong><\/h2><p> Einige Anzeigen werden m\u00f6glicherweise von Google geschaltet. Die Verwendung des DART-Cookies durch Google erm\u00f6glicht die Schaltung von Anzeigen f\u00fcr Nutzer basierend auf ihrem Besuch auf unserer Website und anderen Websites im Internet. DART verwendet \u201enicht pers\u00f6nlich identifizierbare Informationen\u201c und erfasst KEINE pers\u00f6nlichen Informationen \u00fcber Sie, wie z. B. Ihren Namen, Ihre E-Mail-Adresse, Ihre Postanschrift usw.<\/p><p> Sie k\u00f6nnen die Verwendung des DART-Cookies deaktivieren, indem Sie die Datenschutzrichtlinie f\u00fcr Anzeigen und Content-Netzwerke von Google aufrufen.<\/p><h2> <strong>\u00c4nderungen dieser Datenschutzrichtlinie<\/strong><\/h2><p> Es liegt im Ermessen von Excel Advisor, diese Datenschutzrichtlinie jederzeit zu aktualisieren. Wenn wir dies tun, werden wir eine Benachrichtigung auf der Hauptseite unserer Website ver\u00f6ffentlichen. Wir empfehlen Benutzern, diese Seite regelm\u00e4\u00dfig auf \u00c4nderungen zu \u00fcberpr\u00fcfen, um dar\u00fcber informiert zu bleiben, wie wir zum Schutz der von uns erfassten personenbezogenen Daten beitragen.<\/p><p> Sie erkennen an und stimmen zu, dass es in Ihrer Verantwortung liegt, diese Datenschutzrichtlinie regelm\u00e4\u00dfig zu \u00fcberpr\u00fcfen und sich \u00fcber etwaige \u00c4nderungen zu informieren.<\/p><h3> <strong>Sie akzeptieren diese Bedingungen<\/strong><\/h3><p> Durch die Nutzung dieser Website erkl\u00e4ren Sie Ihr Einverst\u00e4ndnis mit dieser Richtlinie. Wenn Sie dieser Richtlinie nicht zustimmen, nutzen Sie unsere Website bitte nicht. Ihre fortgesetzte Nutzung der Website nach der Ver\u00f6ffentlichung von \u00c4nderungen an dieser Richtlinie gilt als Ihre Zustimmung zu diesen \u00c4nderungen.<\/p><h2> <strong>Kontaktiere uns<\/strong><\/h2><p> Wenn Sie Fragen zu dieser Datenschutzrichtlinie, den Praktiken dieser Website oder Ihrem Umgang mit dieser Website haben, <a href=\"https:\/\/exceladvisor.org\/de\/kontaktiere-uns\/\">kontaktieren Sie uns<\/a> bitte.<\/p>","protected":false},"excerpt":{"rendered":"","protected":false},"author":1,"featured_media":0,"parent":0,"menu_order":0,"comment_status":"closed","ping_status":"closed","template":"","meta":{"ub_ctt_via":"","footnotes":""},"class_list":["post-3709","page","type-page","status-publish","hentry"],"featured_image_src":null,"yoast_head":"<!-- This site is optimized with the Yoast SEO plugin v25.4 - https:\/\/yoast.com\/wordpress\/plugins\/seo\/ -->\n<title>Datenschutzrichtlinie<\/title>\n<meta name=\"robots\" content=\"index, follow, max-snippet:-1, max-image-preview:large, max-video-preview:-1\" \/>\n<link rel=\"canonical\" href=\"https:\/\/exceladvisor.org\/de\/datenschutzrichtlinie\/\" \/>\n<meta property=\"og:locale\" content=\"de_DE\" \/>\n<meta property=\"og:type\" content=\"article\" \/>\n<meta property=\"og:title\" content=\"Datenschutzrichtlinie\" \/>\n<meta property=\"og:url\" content=\"https:\/\/exceladvisor.org\/de\/datenschutzrichtlinie\/\" \/>\n<meta property=\"og:site_name\" content=\"Excel Advisor\" \/>\n<meta property=\"article:modified_time\" content=\"2023-12-04T06:30:29+00:00\" \/>\n<meta name=\"twitter:card\" content=\"summary_large_image\" \/>\n<meta name=\"twitter:label1\" content=\"Gesch\u00e4tzte Lesezeit\" \/>\n\t<meta name=\"twitter:data1\" content=\"5\u00a0Minuten\" \/>\n<script type=\"application\/ld+json\" class=\"yoast-schema-graph\">{\"@context\":\"https:\/\/schema.org\",\"@graph\":[{\"@type\":\"WebPage\",\"@id\":\"https:\/\/exceladvisor.org\/de\/datenschutzrichtlinie\/\",\"url\":\"https:\/\/exceladvisor.org\/de\/datenschutzrichtlinie\/\",\"name\":\"Datenschutzrichtlinie\",\"isPartOf\":{\"@id\":\"https:\/\/exceladvisor.org\/de\/#website\"},\"datePublished\":\"2023-08-29T13:47:44+00:00\",\"dateModified\":\"2023-12-04T06:30:29+00:00\",\"breadcrumb\":{\"@id\":\"https:\/\/exceladvisor.org\/de\/datenschutzrichtlinie\/#breadcrumb\"},\"inLanguage\":\"de\",\"potentialAction\":[{\"@type\":\"ReadAction\",\"target\":[\"https:\/\/exceladvisor.org\/de\/datenschutzrichtlinie\/\"]}]},{\"@type\":\"BreadcrumbList\",\"@id\":\"https:\/\/exceladvisor.org\/de\/datenschutzrichtlinie\/#breadcrumb\",\"itemListElement\":[{\"@type\":\"ListItem\",\"position\":1,\"name\":\"Accueil\",\"item\":\"https:\/\/exceladvisor.org\/de\/\"},{\"@type\":\"ListItem\",\"position\":2,\"name\":\"Datenschutzrichtlinie\"}]},{\"@type\":\"WebSite\",\"@id\":\"https:\/\/exceladvisor.org\/de\/#website\",\"url\":\"https:\/\/exceladvisor.org\/de\/\",\"name\":\"Excel Advisor\",\"description\":\"Ihr Leitfaden zur Datendominanz\",\"publisher\":{\"@id\":\"https:\/\/exceladvisor.org\/de\/#organization\"},\"potentialAction\":[{\"@type\":\"SearchAction\",\"target\":{\"@type\":\"EntryPoint\",\"urlTemplate\":\"https:\/\/exceladvisor.org\/de\/?s={search_term_string}\"},\"query-input\":{\"@type\":\"PropertyValueSpecification\",\"valueRequired\":true,\"valueName\":\"search_term_string\"}}],\"inLanguage\":\"de\"},{\"@type\":\"Organization\",\"@id\":\"https:\/\/exceladvisor.org\/de\/#organization\",\"name\":\"Excel Advisor\",\"url\":\"https:\/\/exceladvisor.org\/de\/\",\"logo\":{\"@type\":\"ImageObject\",\"inLanguage\":\"de\",\"@id\":\"https:\/\/exceladvisor.org\/de\/#\/schema\/logo\/image\/\",\"url\":\"https:\/\/exceladvisor.org\/de\/wp-content\/uploads\/2023\/11\/exceladvisor.org_.png\",\"contentUrl\":\"https:\/\/exceladvisor.org\/de\/wp-content\/uploads\/2023\/11\/exceladvisor.org_.png\",\"width\":105,\"height\":36,\"caption\":\"Excel Advisor\"},\"image\":{\"@id\":\"https:\/\/exceladvisor.org\/de\/#\/schema\/logo\/image\/\"}}]}<\/script>\n<!-- \/ Yoast SEO plugin. -->","yoast_head_json":{"title":"Datenschutzrichtlinie","robots":{"index":"index","follow":"follow","max-snippet":"max-snippet:-1","max-image-preview":"max-image-preview:large","max-video-preview":"max-video-preview:-1"},"canonical":"https:\/\/exceladvisor.org\/de\/datenschutzrichtlinie\/","og_locale":"de_DE","og_type":"article","og_title":"Datenschutzrichtlinie","og_url":"https:\/\/exceladvisor.org\/de\/datenschutzrichtlinie\/","og_site_name":"Excel Advisor","article_modified_time":"2023-12-04T06:30:29+00:00","twitter_card":"summary_large_image","twitter_misc":{"Gesch\u00e4tzte Lesezeit":"5\u00a0Minuten"},"schema":{"@context":"https:\/\/schema.org","@graph":[{"@type":"WebPage","@id":"https:\/\/exceladvisor.org\/de\/datenschutzrichtlinie\/","url":"https:\/\/exceladvisor.org\/de\/datenschutzrichtlinie\/","name":"Datenschutzrichtlinie","isPartOf":{"@id":"https:\/\/exceladvisor.org\/de\/#website"},"datePublished":"2023-08-29T13:47:44+00:00","dateModified":"2023-12-04T06:30:29+00:00","breadcrumb":{"@id":"https:\/\/exceladvisor.org\/de\/datenschutzrichtlinie\/#breadcrumb"},"inLanguage":"de","potentialAction":[{"@type":"ReadAction","target":["https:\/\/exceladvisor.org\/de\/datenschutzrichtlinie\/"]}]},{"@type":"BreadcrumbList","@id":"https:\/\/exceladvisor.org\/de\/datenschutzrichtlinie\/#breadcrumb","itemListElement":[{"@type":"ListItem","position":1,"name":"Accueil","item":"https:\/\/exceladvisor.org\/de\/"},{"@type":"ListItem","position":2,"name":"Datenschutzrichtlinie"}]},{"@type":"WebSite","@id":"https:\/\/exceladvisor.org\/de\/#website","url":"https:\/\/exceladvisor.org\/de\/","name":"Excel Advisor","description":"Ihr Leitfaden zur Datendominanz","publisher":{"@id":"https:\/\/exceladvisor.org\/de\/#organization"},"potentialAction":[{"@type":"SearchAction","target":{"@type":"EntryPoint","urlTemplate":"https:\/\/exceladvisor.org\/de\/?s={search_term_string}"},"query-input":{"@type":"PropertyValueSpecification","valueRequired":true,"valueName":"search_term_string"}}],"inLanguage":"de"},{"@type":"Organization","@id":"https:\/\/exceladvisor.org\/de\/#organization","name":"Excel Advisor","url":"https:\/\/exceladvisor.org\/de\/","logo":{"@type":"ImageObject","inLanguage":"de","@id":"https:\/\/exceladvisor.org\/de\/#\/schema\/logo\/image\/","url":"https:\/\/exceladvisor.org\/de\/wp-content\/uploads\/2023\/11\/exceladvisor.org_.png","contentUrl":"https:\/\/exceladvisor.org\/de\/wp-content\/uploads\/2023\/11\/exceladvisor.org_.png","width":105,"height":36,"caption":"Excel Advisor"},"image":{"@id":"https:\/\/exceladvisor.org\/de\/#\/schema\/logo\/image\/"}}]}},"yoast_meta":{"yoast_wpseo_title":"","yoast_wpseo_metadesc":"","yoast_wpseo_canonical":""},"_links":{"self":[{"href":"https:\/\/exceladvisor.org\/de\/wp-json\/wp\/v2\/pages\/3709","targetHints":{"allow":["GET"]}}],"collection":[{"href":"https:\/\/exceladvisor.org\/de\/wp-json\/wp\/v2\/pages"}],"about":[{"href":"https:\/\/exceladvisor.org\/de\/wp-json\/wp\/v2\/types\/page"}],"author":[{"embeddable":true,"href":"https:\/\/exceladvisor.org\/de\/wp-json\/wp\/v2\/users\/1"}],"replies":[{"embeddable":true,"href":"https:\/\/exceladvisor.org\/de\/wp-json\/wp\/v2\/comments?post=3709"}],"version-history":[{"count":1,"href":"https:\/\/exceladvisor.org\/de\/wp-json\/wp\/v2\/pages\/3709\/revisions"}],"predecessor-version":[{"id":3735,"href":"https:\/\/exceladvisor.org\/de\/wp-json\/wp\/v2\/pages\/3709\/revisions\/3735"}],"wp:attachment":[{"href":"https:\/\/exceladvisor.org\/de\/wp-json\/wp\/v2\/media?parent=3709"}],"curies":[{"name":"wp","href":"https:\/\/api.w.org\/{rel}","templated":true}]}}