{"id":3710,"date":"2023-08-29T13:31:33","date_gmt":"2023-08-29T13:31:33","guid":{"rendered":"https:\/\/exceladvisor.org\/de\/kontaktiere-uns\/"},"modified":"2023-12-04T06:30:22","modified_gmt":"2023-12-04T06:30:22","slug":"kontaktiere-uns","status":"publish","type":"page","link":"https:\/\/exceladvisor.org\/de\/kontaktiere-uns\/","title":{"rendered":"Kontaktiere uns"},"content":{"rendered":"<div class=\"excel-vor-dem-inhalt\" id=\"excel-3446995277\"><script type=\"text\/javascript\">\r\n\tatOptions = {\r\n\t\t'key' : 'c1158f160081d6540a8409e6925dab94',\r\n\t\t'format' : 'iframe',\r\n\t\t'height' : 250,\r\n\t\t'width' : 300,\r\n\t\t'params' : {}\r\n\t};\r\n<\/script>\r\n<script type=\"text\/javascript\" src=\"\/\/www.highperformanceformat.com\/c1158f160081d6540a8409e6925dab94\/invoke.js\"><\/script><\/div> Wir freuen uns \u00fcber Ihr Interesse, mit uns bei Excel Advisor Kontakt aufzunehmen. Egal, ob Sie Fragen, Kommentare oder Vorschl\u00e4ge zur Zusammenarbeit haben oder einfach nur Hallo sagen m\u00f6chten, wir sind f\u00fcr Sie da. Ihre Gedanken sind uns wichtig und wir sind bestrebt, Ihnen die bestm\u00f6gliche Unterst\u00fctzung zu bieten.\n\nWenn Sie Fragen oder bestimmte Themen haben, die wir behandeln sollen, teilen Sie uns dies bitte mit. Wir sch\u00e4tzen Ihren Input und bem\u00fchen uns, Inhalte zu erstellen, die Ihren Bed\u00fcrfnissen und Interessen wirklich entsprechen. Unser Expertenteam ist immer bereit, Ihnen bei Ihren Fragen zu Excel und Google Sheets zu helfen.\n\nF\u00fcllen Sie dazu einfach das folgende Kontaktformular aus und ein Mitglied unseres Teams kommt auf Sie zu.\n\n<iframe loading=\"lazy\" src=\"https:\/\/docs.google.com\/forms\/d\/e\/1FAIpQLSf0tNI8ioeYvCAURmehr9mZXFNhixXbQbPZvN_zYjiN3VCaPA\/viewform?embedded=true\" width=\"700\" height=\"520\" frameborder=\"0\" marginwidth=\"0\" marginheight=\"0\">Loading\u2026<\/iframe>","protected":false},"excerpt":{"rendered":"","protected":false},"author":1,"featured_media":0,"parent":0,"menu_order":0,"comment_status":"closed","ping_status":"closed","template":"","meta":{"ub_ctt_via":"","footnotes":""},"class_list":["post-3710","page","type-page","status-publish","hentry"],"featured_image_src":null,"yoast_head":"<!-- This site is optimized with the Yoast SEO plugin v25.4 - https:\/\/yoast.com\/wordpress\/plugins\/seo\/ -->\n<title>Kontaktiere uns - Excel Advisor<\/title>\n<meta name=\"description\" content=\"Egal, ob Sie Fragen, Kommentare oder Kooperationsvorschl\u00e4ge haben oder einfach nur Hallo sagen m\u00f6chten, wir sind f\u00fcr Sie da\" \/>\n<meta name=\"robots\" content=\"index, follow, max-snippet:-1, max-image-preview:large, max-video-preview:-1\" \/>\n<link rel=\"canonical\" href=\"https:\/\/exceladvisor.org\/de\/kontaktiere-uns\/\" \/>\n<meta property=\"og:locale\" content=\"de_DE\" \/>\n<meta property=\"og:type\" content=\"article\" \/>\n<meta property=\"og:title\" content=\"Kontaktiere uns - Excel Advisor\" \/>\n<meta property=\"og:description\" content=\"Egal, ob Sie Fragen, Kommentare oder Kooperationsvorschl\u00e4ge haben oder einfach nur Hallo sagen m\u00f6chten, wir sind f\u00fcr Sie da\" \/>\n<meta property=\"og:url\" content=\"https:\/\/exceladvisor.org\/de\/kontaktiere-uns\/\" \/>\n<meta property=\"og:site_name\" content=\"Excel Advisor\" \/>\n<meta property=\"article:modified_time\" content=\"2023-12-04T06:30:22+00:00\" \/>\n<meta name=\"twitter:card\" content=\"summary_large_image\" \/>\n<meta name=\"twitter:label1\" content=\"Gesch\u00e4tzte Lesezeit\" \/>\n\t<meta name=\"twitter:data1\" content=\"1\u00a0Minute\" \/>\n<script type=\"application\/ld+json\" class=\"yoast-schema-graph\">{\"@context\":\"https:\/\/schema.org\",\"@graph\":[{\"@type\":\"WebPage\",\"@id\":\"https:\/\/exceladvisor.org\/de\/kontaktiere-uns\/\",\"url\":\"https:\/\/exceladvisor.org\/de\/kontaktiere-uns\/\",\"name\":\"Kontaktiere uns - Excel Advisor\",\"isPartOf\":{\"@id\":\"https:\/\/exceladvisor.org\/de\/#website\"},\"datePublished\":\"2023-08-29T13:31:33+00:00\",\"dateModified\":\"2023-12-04T06:30:22+00:00\",\"description\":\"Egal, ob Sie Fragen, Kommentare oder Kooperationsvorschl\u00e4ge haben oder einfach nur Hallo sagen m\u00f6chten, wir sind f\u00fcr Sie da\",\"breadcrumb\":{\"@id\":\"https:\/\/exceladvisor.org\/de\/kontaktiere-uns\/#breadcrumb\"},\"inLanguage\":\"de\",\"potentialAction\":[{\"@type\":\"ReadAction\",\"target\":[\"https:\/\/exceladvisor.org\/de\/kontaktiere-uns\/\"]}]},{\"@type\":\"BreadcrumbList\",\"@id\":\"https:\/\/exceladvisor.org\/de\/kontaktiere-uns\/#breadcrumb\",\"itemListElement\":[{\"@type\":\"ListItem\",\"position\":1,\"name\":\"Accueil\",\"item\":\"https:\/\/exceladvisor.org\/de\/\"},{\"@type\":\"ListItem\",\"position\":2,\"name\":\"Kontaktiere uns\"}]},{\"@type\":\"WebSite\",\"@id\":\"https:\/\/exceladvisor.org\/de\/#website\",\"url\":\"https:\/\/exceladvisor.org\/de\/\",\"name\":\"Excel Advisor\",\"description\":\"Ihr Leitfaden zur Datendominanz\",\"publisher\":{\"@id\":\"https:\/\/exceladvisor.org\/de\/#organization\"},\"potentialAction\":[{\"@type\":\"SearchAction\",\"target\":{\"@type\":\"EntryPoint\",\"urlTemplate\":\"https:\/\/exceladvisor.org\/de\/?s={search_term_string}\"},\"query-input\":{\"@type\":\"PropertyValueSpecification\",\"valueRequired\":true,\"valueName\":\"search_term_string\"}}],\"inLanguage\":\"de\"},{\"@type\":\"Organization\",\"@id\":\"https:\/\/exceladvisor.org\/de\/#organization\",\"name\":\"Excel Advisor\",\"url\":\"https:\/\/exceladvisor.org\/de\/\",\"logo\":{\"@type\":\"ImageObject\",\"inLanguage\":\"de\",\"@id\":\"https:\/\/exceladvisor.org\/de\/#\/schema\/logo\/image\/\",\"url\":\"https:\/\/exceladvisor.org\/de\/wp-content\/uploads\/2023\/11\/exceladvisor.org_.png\",\"contentUrl\":\"https:\/\/exceladvisor.org\/de\/wp-content\/uploads\/2023\/11\/exceladvisor.org_.png\",\"width\":105,\"height\":36,\"caption\":\"Excel Advisor\"},\"image\":{\"@id\":\"https:\/\/exceladvisor.org\/de\/#\/schema\/logo\/image\/\"}}]}<\/script>\n<!-- \/ Yoast SEO plugin. -->","yoast_head_json":{"title":"Kontaktiere uns - Excel Advisor","description":"Egal, ob Sie Fragen, Kommentare oder Kooperationsvorschl\u00e4ge haben oder einfach nur Hallo sagen m\u00f6chten, wir sind f\u00fcr Sie da","robots":{"index":"index","follow":"follow","max-snippet":"max-snippet:-1","max-image-preview":"max-image-preview:large","max-video-preview":"max-video-preview:-1"},"canonical":"https:\/\/exceladvisor.org\/de\/kontaktiere-uns\/","og_locale":"de_DE","og_type":"article","og_title":"Kontaktiere uns - Excel Advisor","og_description":"Egal, ob Sie Fragen, Kommentare oder Kooperationsvorschl\u00e4ge haben oder einfach nur Hallo sagen m\u00f6chten, wir sind f\u00fcr Sie da","og_url":"https:\/\/exceladvisor.org\/de\/kontaktiere-uns\/","og_site_name":"Excel Advisor","article_modified_time":"2023-12-04T06:30:22+00:00","twitter_card":"summary_large_image","twitter_misc":{"Gesch\u00e4tzte Lesezeit":"1\u00a0Minute"},"schema":{"@context":"https:\/\/schema.org","@graph":[{"@type":"WebPage","@id":"https:\/\/exceladvisor.org\/de\/kontaktiere-uns\/","url":"https:\/\/exceladvisor.org\/de\/kontaktiere-uns\/","name":"Kontaktiere uns - Excel Advisor","isPartOf":{"@id":"https:\/\/exceladvisor.org\/de\/#website"},"datePublished":"2023-08-29T13:31:33+00:00","dateModified":"2023-12-04T06:30:22+00:00","description":"Egal, ob Sie Fragen, Kommentare oder Kooperationsvorschl\u00e4ge haben oder einfach nur Hallo sagen m\u00f6chten, wir sind f\u00fcr Sie da","breadcrumb":{"@id":"https:\/\/exceladvisor.org\/de\/kontaktiere-uns\/#breadcrumb"},"inLanguage":"de","potentialAction":[{"@type":"ReadAction","target":["https:\/\/exceladvisor.org\/de\/kontaktiere-uns\/"]}]},{"@type":"BreadcrumbList","@id":"https:\/\/exceladvisor.org\/de\/kontaktiere-uns\/#breadcrumb","itemListElement":[{"@type":"ListItem","position":1,"name":"Accueil","item":"https:\/\/exceladvisor.org\/de\/"},{"@type":"ListItem","position":2,"name":"Kontaktiere uns"}]},{"@type":"WebSite","@id":"https:\/\/exceladvisor.org\/de\/#website","url":"https:\/\/exceladvisor.org\/de\/","name":"Excel Advisor","description":"Ihr Leitfaden zur Datendominanz","publisher":{"@id":"https:\/\/exceladvisor.org\/de\/#organization"},"potentialAction":[{"@type":"SearchAction","target":{"@type":"EntryPoint","urlTemplate":"https:\/\/exceladvisor.org\/de\/?s={search_term_string}"},"query-input":{"@type":"PropertyValueSpecification","valueRequired":true,"valueName":"search_term_string"}}],"inLanguage":"de"},{"@type":"Organization","@id":"https:\/\/exceladvisor.org\/de\/#organization","name":"Excel Advisor","url":"https:\/\/exceladvisor.org\/de\/","logo":{"@type":"ImageObject","inLanguage":"de","@id":"https:\/\/exceladvisor.org\/de\/#\/schema\/logo\/image\/","url":"https:\/\/exceladvisor.org\/de\/wp-content\/uploads\/2023\/11\/exceladvisor.org_.png","contentUrl":"https:\/\/exceladvisor.org\/de\/wp-content\/uploads\/2023\/11\/exceladvisor.org_.png","width":105,"height":36,"caption":"Excel Advisor"},"image":{"@id":"https:\/\/exceladvisor.org\/de\/#\/schema\/logo\/image\/"}}]}},"yoast_meta":{"yoast_wpseo_title":"","yoast_wpseo_metadesc":"","yoast_wpseo_canonical":""},"_links":{"self":[{"href":"https:\/\/exceladvisor.org\/de\/wp-json\/wp\/v2\/pages\/3710","targetHints":{"allow":["GET"]}}],"collection":[{"href":"https:\/\/exceladvisor.org\/de\/wp-json\/wp\/v2\/pages"}],"about":[{"href":"https:\/\/exceladvisor.org\/de\/wp-json\/wp\/v2\/types\/page"}],"author":[{"embeddable":true,"href":"https:\/\/exceladvisor.org\/de\/wp-json\/wp\/v2\/users\/1"}],"replies":[{"embeddable":true,"href":"https:\/\/exceladvisor.org\/de\/wp-json\/wp\/v2\/comments?post=3710"}],"version-history":[{"count":1,"href":"https:\/\/exceladvisor.org\/de\/wp-json\/wp\/v2\/pages\/3710\/revisions"}],"predecessor-version":[{"id":3711,"href":"https:\/\/exceladvisor.org\/de\/wp-json\/wp\/v2\/pages\/3710\/revisions\/3711"}],"wp:attachment":[{"href":"https:\/\/exceladvisor.org\/de\/wp-json\/wp\/v2\/media?parent=3710"}],"curies":[{"name":"wp","href":"https:\/\/api.w.org\/{rel}","templated":true}]}}