{"id":10,"date":"2023-11-25T01:04:18","date_gmt":"2023-11-25T01:04:18","guid":{"rendered":"https:\/\/exceladvisor.org\/es\/a\/"},"modified":"2023-12-25T10:35:09","modified_gmt":"2023-12-25T10:35:09","slug":"a","status":"publish","type":"page","link":"https:\/\/exceladvisor.org\/es\/","title":{"rendered":""},"content":{"rendered":"<div class=\"excel-antes-del-contenido\" id=\"excel-401454524\"><script type=\"text\/javascript\">\r\n\tatOptions = {\r\n\t\t'key' : 'c1158f160081d6540a8409e6925dab94',\r\n\t\t'format' : 'iframe',\r\n\t\t'height' : 250,\r\n\t\t'width' : 300,\r\n\t\t'params' : {}\r\n\t};\r\n<\/script>\r\n<script type=\"text\/javascript\" src=\"\/\/www.highperformanceformat.com\/c1158f160081d6540a8409e6925dab94\/invoke.js\"><\/script><\/div><h1>Bienvenido al Excel Advisor<\/h1>\n<p style=\"text-align: justify;\">Microsoft Excel es incre\u00edblemente \u00fatil en la vida diaria para diversas tareas. Es una hoja de c\u00e1lculo vers\u00e1til que permite a las personas organizar y gestionar datos de forma eficaz.<\/p>\n<p style=\"text-align: justify;\">Desde la creaci\u00f3n de presupuestos, el seguimiento de gastos y la gesti\u00f3n de finanzas personales hasta el an\u00e1lisis de datos comerciales, la generaci\u00f3n de gr\u00e1ficos y la creaci\u00f3n de cronogramas, Excel proporciona una plataforma poderosa para organizar y analizar datos.<\/p>\n<p style=\"text-align: justify;\">Sus f\u00f3rmulas, funciones y opciones de formato lo convierten en una herramienta indispensable para profesionales, estudiantes y cualquiera que busque agilizar sus tareas relacionadas con datos, permiti\u00e9ndoles tomar decisiones informadas y mejorar su productividad en la vida diaria.<\/p>\n<p style=\"text-align: justify;\">Descubre todos los elementos esenciales para dominar Microsoft Excel ya sea en tu vida profesional o personal.<\/p>\n<h3>C\u00d3MO USAR EXCEL<\/h3>\n<div class=\"wp-block-group more-tutorials is-layout-flow\">\n<div class=\"wp-block-group__inner-container\">\n<div class=\"wp-block-columns is-layout-flex wp-container-51\">\n<div class=\"wp-block-column is-layout-flow\">\n<ul>\n<li><a href=\"https:\/\/exceladvisor.org\/es\/marca-de-tiempo\/\">Insertar una marca de tiempo en Excel<\/a><\/li>\n<li><a href=\"https:\/\/exceladvisor.org\/es\/marca-de-verificacion-2\/\">Verifique el s\u00edmbolo en Excel<\/a><\/li>\n<li><a href=\"https:\/\/exceladvisor.org\/es\/ventajas-de-microsoft-excel\/\">Beneficios de Microsoft Excel<\/a><\/li>\n<li><a href=\"https:\/\/exceladvisor.org\/es\/formato-del-numero-de-contabilidad\/\">Formato del n\u00famero de contabilidad<\/a><\/li>\n<li><a href=\"https:\/\/exceladvisor.org\/es\/color-de-celda\/\">Color de fondo de una celda<\/a><\/li>\n<li><a href=\"https:\/\/exceladvisor.org\/es\/escribe-verticalmente\/\">Escribe verticalmente en Excel<\/a><\/li>\n<li><a href=\"https:\/\/exceladvisor.org\/es\/intercambiar-la-celda\/\">Intercambia r\u00e1pidamente dos celdas<\/a><\/li>\n<li><a href=\"https:\/\/exceladvisor.org\/es\/crear-el-encabezado-de-la-primera-linea\/\">Crear un encabezado de primera l\u00ednea<\/a><\/li>\n<\/ul>\n<\/div>\n<div class=\"wp-block-column is-layout-flow\">\n<ul>\n<li><a href=\"https:\/\/exceladvisor.org\/es\/barra-de-formulas-de-excel\/\">Barra de f\u00f3rmulas en Excel<\/a><\/li>\n<li><a href=\"https:\/\/exceladvisor.org\/es\/barra-de-acceso-rapido\/\">Barra de acceso r\u00e1pido en Excel<\/a><\/li>\n<li><a href=\"https:\/\/exceladvisor.org\/es\/agregar-marca-de-agua\/\">Agregar una marca de agua en Excel<\/a><\/li>\n<li><a href=\"https:\/\/exceladvisor.org\/es\/agregar-un-numero-de-pagina\/\">Agregar un n\u00famero de p\u00e1gina en Excel<\/a><\/li>\n<li><a href=\"https:\/\/exceladvisor.org\/es\/parrafo-en-una-celda\/\">Crear un p\u00e1rrafo en una celda<\/a><\/li>\n<li><a href=\"https:\/\/exceladvisor.org\/es\/borde\/\">Agregar un borde en Excel<\/a><\/li>\n<li><a href=\"https:\/\/exceladvisor.org\/es\/cambiar-el-color-del-borde\/\">Cambiar color de borde<\/a><\/li>\n<li><a href=\"https:\/\/exceladvisor.org\/es\/fusionar-celdas-sin-perder-datos\/\">Fusionar celdas en Excel<\/a><\/li>\n<\/ul>\n<\/div>\n<\/div>\n<\/div>\n<\/div>\n<h3>TUTORIALES AVANZADOS DE EXCEL<\/h3>\n<div class=\"wp-block-group more-tutorials is-layout-flow\">\n<div class=\"wp-block-group__inner-container\">\n<div class=\"wp-block-columns is-layout-flex wp-container-51\">\n<div class=\"wp-block-column is-layout-flow\">\n<ul>\n<li><a href=\"https:\/\/exceladvisor.org\/es\/agregar-un-codigo-de-barras\/\">Agregar un c\u00f3digo de barras en Excel<\/a><\/li>\n<li><a href=\"https:\/\/exceladvisor.org\/es\/lista-dinamica\/\">Lista desplegable din\u00e1mica en Excel<\/a><\/li>\n<li><a href=\"https:\/\/exceladvisor.org\/es\/vaciar-el-cache\/\">Borrar cach\u00e9 en Excel<\/a><\/li>\n<li><a href=\"https:\/\/exceladvisor.org\/es\/aplicar-multiples-filtros\/\">Aplicar m\u00faltiples filtros a las columnas<\/a><\/li>\n<li><a href=\"https:\/\/exceladvisor.org\/es\/filtrar-por-color\/\">Filtrar por color en Excel<\/a><\/li>\n<li><a href=\"https:\/\/exceladvisor.org\/es\/encontrar-celdas-fusionadas\/\">Encuentra celdas fusionadas<\/a><\/li>\n<li><a href=\"https:\/\/exceladvisor.org\/es\/eliminar-guiones\/\">Eliminar guiones en Excel<\/a><\/li>\n<li><a href=\"https:\/\/exceladvisor.org\/es\/solo-lectura\/\">Hacer de solo lectura en Excel<\/a><\/li>\n<\/ul>\n<\/div>\n<div class=\"wp-block-column is-layout-flow\">\n<ul>\n<li><a href=\"https:\/\/exceladvisor.org\/es\/casilla-de-verificacion\/\">Insertar una casilla de verificaci\u00f3n en Excel<\/a><\/li>\n<li><a href=\"https:\/\/exceladvisor.org\/es\/herramienta-de-analisis-rapido\/\">Herramienta de an\u00e1lisis r\u00e1pido en Excel<\/a><\/li>\n<li><a href=\"https:\/\/exceladvisor.org\/es\/imprimir-titulos\/\">Imprimir t\u00edtulos en Excel<\/a><\/li>\n<li><a href=\"https:\/\/exceladvisor.org\/es\/papel-cuadriculado\/\">Imprimir papel cuadriculado en Excel<\/a><\/li>\n<li><a href=\"https:\/\/exceladvisor.org\/es\/cambiar-el-nombre-de-la-tabla\/\">Cambiar el nombre de una tabla en Excel<\/a><\/li>\n<li><a href=\"https:\/\/exceladvisor.org\/es\/celdas-grises\/\">Celdas grises en Excel<\/a><\/li>\n<li><a href=\"https:\/\/exceladvisor.org\/es\/bloquear-celdas-1\/\">Bloquear celdas en Excel<\/a><\/li>\n<li><a href=\"https:\/\/exceladvisor.org\/es\/desactivar-el-guardado-automatico\/\">Desactivar el guardado autom\u00e1tico<\/a><\/li>\n<\/ul>\n<\/div>\n<\/div>\n<\/div>\n<\/div>\n<h3>LISTA DE F\u00d3RMULAS EXCEL<\/h3>\n<div class=\"wp-block-group more-tutorials is-layout-flow\">\n<div class=\"wp-block-group__inner-container\">\n<div class=\"wp-block-columns is-layout-flex wp-container-51\">\n<div class=\"wp-block-column is-layout-flow\">\n<ul>\n<li><a href=\"https:\/\/exceladvisor.org\/es\/conteos-contables-o-logicos\/\">O L\u00f3gica en CONTAR.SI<\/a><\/li>\n<li><a href=\"https:\/\/exceladvisor.org\/es\/cuarto\/\">Trimestre a partir de una fecha en Excel<\/a><\/li>\n<li><a href=\"https:\/\/exceladvisor.org\/es\/contar-entre-dos-numeros\/\">contar entre dos n\u00fameros<\/a><\/li>\n<li><a href=\"https:\/\/exceladvisor.org\/es\/numero-de-celdas-vacias\/\">Contar celdas vac\u00edas en Excel<\/a><\/li>\n<li><a href=\"https:\/\/exceladvisor.org\/es\/sumar-restar-un-porcentaje-de-un-numero\/\">Cambio porcentual en Excel<\/a><\/li>\n<li><a href=\"https:\/\/exceladvisor.org\/es\/mes-entre-dos-fechas\/\">Mes entre dos fechas en Excel<\/a><\/li>\n<li><a href=\"https:\/\/exceladvisor.org\/es\/sumif-ano-2\/\">Suma de valores seg\u00fan a\u00f1o<\/a><\/li>\n<li><a href=\"https:\/\/exceladvisor.org\/es\/contar-las-palabras\/\">Contar palabras en Excel<\/a><\/li>\n<\/ul>\n<\/div>\n<div class=\"wp-block-column is-layout-flow\">\n<ul>\n<li><a href=\"https:\/\/exceladvisor.org\/es\/calcular-la-diferencia-horaria\/\">Diferencia horaria en Excel<\/a><\/li>\n<li><a href=\"https:\/\/exceladvisor.org\/es\/concatenar-un-salto-de-linea\/\">Concatenaci\u00f3n de Excel con salto de l\u00ednea<\/a><\/li>\n<li><a href=\"https:\/\/exceladvisor.org\/es\/marca-de-tiempo\/\">Insertar una marca de tiempo en Excel<\/a><\/li>\n<li><a href=\"https:\/\/exceladvisor.org\/es\/contar-caracteres-especificos\/\">Contar caracteres espec\u00edficos<\/a><\/li>\n<li><a href=\"https:\/\/exceladvisor.org\/es\/comparar-dos-celdas\/\">Compara dos celdas en Excel<\/a><\/li>\n<li><a href=\"https:\/\/exceladvisor.org\/es\/empezar-con-2\/\">SI el valor de una celda comienza con<\/a><\/li>\n<li><a href=\"https:\/\/exceladvisor.org\/es\/xlookup-todas-las-coincidencias-2\/\">Devolver todas las coincidencias<\/a><\/li>\n<li><a href=\"https:\/\/exceladvisor.org\/es\/nombre-del-mes-en-el-numero-2\/\">Convertir el nombre del mes a n\u00famero<\/a><\/li>\n<\/ul>\n<\/div>\n<\/div>\n<\/div>\n<\/div>\n<h3>OPERACIONES MATEM\u00c1TICAS<\/h3>\n<div class=\"wp-block-group more-tutorials is-layout-flow\">\n<div class=\"wp-block-group__inner-container\">\n<div class=\"wp-block-columns is-layout-flex wp-container-51\">\n<div class=\"wp-block-column is-layout-flow\">\n<ul>\n<li><a href=\"https:\/\/exceladvisor.org\/es\/enesima-raiz-2\/\">Calcular la ra\u00edz en\u00e9sima<\/a><\/li>\n<li><a href=\"https:\/\/exceladvisor.org\/es\/porcentaje-redondo-2\/\">Porcentaje de valores redondos<\/a><\/li>\n<li><a href=\"https:\/\/exceladvisor.org\/es\/el-promedio-excluye-ceros-2\/\">N\u00famero promedio pero excluye ceros<\/a><\/li>\n<li><a href=\"https:\/\/exceladvisor.org\/es\/peso-promedio\/\">Calcular el promedio ponderado<\/a><\/li>\n<li><a href=\"https:\/\/exceladvisor.org\/es\/informe\/\">Calcule r\u00e1pidamente la proporci\u00f3n<\/a><\/li>\n<li><a href=\"https:\/\/exceladvisor.org\/es\/raiz-cuadrada\/\">Calcular ra\u00edz cuadrada en Excel<\/a><\/li>\n<li><a href=\"https:\/\/exceladvisor.org\/es\/raiz-cuadrada-2\/\">Calcular la ra\u00edz c\u00fabica en Excel.<\/a><\/li>\n<\/ul>\n<\/div>\n<div class=\"wp-block-column is-layout-flow\">\n<ul>\n<li><a href=\"https:\/\/exceladvisor.org\/es\/coeficiente-de-variacion\/\">Calcular el coeficiente de variaci\u00f3n.<\/a><\/li>\n<li><a href=\"https:\/\/exceladvisor.org\/es\/promedio-de-celdas-no-vacias-2\/\">Promedio de celdas no vac\u00edas<\/a><\/li>\n<li><a href=\"https:\/\/exceladvisor.org\/es\/tiempo-promedio-2\/\">Promedio de valores de tiempo<\/a><\/li>\n<li><a href=\"https:\/\/exceladvisor.org\/es\/valor-mas-pequeno-2\/\">Encuentra el valor m\u00e1s peque\u00f1o<\/a><\/li>\n<li><a href=\"https:\/\/exceladvisor.org\/es\/numeros-mas-frecuentes\/\">Obtenga el n\u00famero m\u00e1s frecuente<\/a><\/li>\n<li><a href=\"https:\/\/exceladvisor.org\/es\/el-promedio-excluye-ceros-2\/\">N\u00famero promedio pero excluye ceros<\/a><\/li>\n<li><a href=\"https:\/\/exceladvisor.org\/es\/diferencia-porcentual\/\">Calcular la varianza porcentual<\/a><\/li>\n<\/ul>\n<\/div>\n<\/div>\n<\/div>\n<\/div>\n<h3>B\u00c1SICO VISUAL PARA OPERACIONES (VBA)<\/h3>\n<div class=\"wp-block-group more-tutorials is-layout-flow\">\n<div class=\"wp-block-group__inner-container\">\n<div class=\"wp-block-columns is-layout-flex wp-container-51\">\n<div class=\"wp-block-column is-layout-flow\">\n<ul>\n<li><a href=\"https:\/\/exceladvisor.org\/es\/variables\/\">variables VBA<\/a><\/li>\n<li><a href=\"https:\/\/exceladvisor.org\/es\/ejecutar-una-macro-2\/\">Ejecute una macro a trav\u00e9s de VBA<\/a><\/li>\n<li><a href=\"https:\/\/exceladvisor.org\/es\/cuadro-de-mensajes-vba\/\">Cuadro de mensaje de VBA (MsgBox)<\/a><\/li>\n<li><a href=\"https:\/\/exceladvisor.org\/es\/contar-las-hojas\/\">CONTAR hojas usando VBA<\/a><\/li>\n<li><a href=\"https:\/\/exceladvisor.org\/es\/celda-activa-1\/\">Utilice ActiveCell en VBA<\/a><\/li>\n<li><a href=\"https:\/\/exceladvisor.org\/es\/constantes\/\">VBA constante<\/a><\/li>\n<li><a href=\"https:\/\/exceladvisor.org\/es\/ir-a-1\/\">Declaraci\u00f3n Ir a VBA<\/a><\/li>\n<\/ul>\n<\/div>\n<div class=\"wp-block-column is-layout-flow\">\n<ul>\n<li><a href=\"https:\/\/exceladvisor.org\/es\/funciones\/\">Funciones principales de VBA<\/a><\/li>\n<li><a href=\"https:\/\/exceladvisor.org\/es\/grabar-una-macro\/\">Grabar una macro a trav\u00e9s de VBA<\/a><\/li>\n<li><a href=\"https:\/\/exceladvisor.org\/es\/manejo-de-errores\/\">Manejo de errores de VBA<\/a><\/li>\n<li><a href=\"https:\/\/exceladvisor.org\/es\/eliminar-una-hoja-1\/\">ELIMINAR hojas usando VBA<\/a><\/li>\n<li><a href=\"https:\/\/exceladvisor.org\/es\/rango-utilizado\/\">Propiedad UsedRange en VBA<\/a><\/li>\n<li><a href=\"https:\/\/exceladvisor.org\/es\/debil\/\">Declaraci\u00f3n VBA tenue<\/a><\/li>\n<li><a href=\"https:\/\/exceladvisor.org\/es\/bucles\/\">Bucles VBA<\/a><\/li>\n<\/ul>\n<\/div>\n<\/div>\n<\/div>\n<\/div>\n<h3>MATERIALES EXCEL IMPORTANTES<\/h3>\n<div class=\"wp-block-group more-tutorials is-layout-flow\">\n<div class=\"wp-block-group__inner-container\">\n<div class=\"wp-block-columns is-layout-flex wp-container-51\">\n<div class=\"wp-block-column is-layout-flow\">\n<ul>\n<li><a href=\"https:\/\/exceladvisor.org\/es\/atajos-de-teclado\/\">Atajos de teclado de Excel<\/a><\/li>\n<li><a href=\"https:\/\/exceladvisor.org\/es\/plantilla-de-gestion-de-inventario-formularios-de-usuario-excel-vba\/\">Plantilla de gesti\u00f3n de inventario de Excel<\/a><\/li>\n<li><a href=\"https:\/\/exceladvisor.org\/es\/mesa-pivote-1\/\">Crear una tabla din\u00e1mica<\/a><\/li>\n<li><a href=\"https:\/\/exceladvisor.org\/es\/graficos-de-excel\/\">Tipos de gr\u00e1ficos en Excel<\/a><\/li>\n<li><a href=\"https:\/\/exceladvisor.org\/es\/excel-para-contadores\/\">excel para contadores<\/a><\/li>\n<li><a href=\"https:\/\/exceladvisor.org\/es\/consejo\/\">\u00daltimos consejos y trucos de Excel<\/a><\/li>\n<\/ul>\n<\/div>\n<div class=\"wp-block-column is-layout-flow\">\n<ul>\n<li><a href=\"https:\/\/exceladvisor.org\/es\/reporte-de-ventas\/\">Informe de ventas en Excel.<\/a><\/li>\n<li><a href=\"https:\/\/exceladvisor.org\/es\/solicitud-de-energia\/\">Tutorial de consulta de energ\u00eda de Excel<\/a><\/li>\n<li><a href=\"https:\/\/exceladvisor.org\/es\/concatenar-un-rango-de-celdas\/\">Concatenar un rango de celdas<\/a><\/li>\n<li><a href=\"https:\/\/exceladvisor.org\/es\/formato-condicional\/\">Formato condicional<\/a><\/li>\n<li><a href=\"https:\/\/exceladvisor.org\/es\/anadir-a-tu-curriculum\/\">Experiencia en CV en Excel<\/a><\/li>\n<li><a href=\"https:\/\/exceladvisor.org\/es\/funciones-de-excel\/\">Varias funciones \u00fatiles de Excel<\/a><\/li>\n<\/ul>\n<\/div>\n<\/div>\n<\/div>\n<\/div>\n","protected":false},"excerpt":{"rendered":"<p>Bienvenido al Excel Advisor Microsoft Excel es incre\u00edblemente \u00fatil en la vida diaria para diversas tareas. Es una hoja de c\u00e1lculo vers\u00e1til que permite a las personas organizar y gestionar datos de forma eficaz. Desde la creaci\u00f3n de presupuestos, el seguimiento de gastos y la gesti\u00f3n de finanzas personales hasta el an\u00e1lisis de datos comerciales, [&hellip;]<\/p>\n","protected":false},"author":1,"featured_media":0,"parent":0,"menu_order":0,"comment_status":"closed","ping_status":"closed","template":"","meta":{"ub_ctt_via":"","footnotes":""},"class_list":["post-10","page","type-page","status-publish","hentry"],"featured_image_src":null,"yoast_head":"<!-- This site is optimized with the Yoast SEO plugin v25.4 - https:\/\/yoast.com\/wordpress\/plugins\/seo\/ -->\n<title>Excel Advisor<\/title>\n<meta name=\"robots\" content=\"index, follow, max-snippet:-1, max-image-preview:large, max-video-preview:-1\" \/>\n<link rel=\"canonical\" href=\"https:\/\/exceladvisor.org\/es\/\" \/>\n<meta property=\"og:locale\" content=\"es_ES\" \/>\n<meta property=\"og:type\" content=\"article\" \/>\n<meta property=\"og:description\" content=\"Bienvenido al Excel Advisor Microsoft Excel es incre\u00edblemente \u00fatil en la vida diaria para diversas tareas. Es una hoja de c\u00e1lculo vers\u00e1til que permite a las personas organizar y gestionar datos de forma eficaz. Desde la creaci\u00f3n de presupuestos, el seguimiento de gastos y la gesti\u00f3n de finanzas personales hasta el an\u00e1lisis de datos comerciales, [&hellip;]\" \/>\n<meta property=\"og:url\" content=\"https:\/\/exceladvisor.org\/es\/\" \/>\n<meta property=\"og:site_name\" content=\"Excel Advisor\" \/>\n<meta property=\"article:modified_time\" content=\"2023-12-25T10:35:09+00:00\" \/>\n<meta name=\"twitter:card\" content=\"summary_large_image\" \/>\n<meta name=\"twitter:label1\" content=\"Tiempo de lectura\" \/>\n\t<meta name=\"twitter:data1\" content=\"3 minutos\" \/>\n<script type=\"application\/ld+json\" class=\"yoast-schema-graph\">{\"@context\":\"https:\/\/schema.org\",\"@graph\":[{\"@type\":\"WebPage\",\"@id\":\"https:\/\/exceladvisor.org\/es\/\",\"url\":\"https:\/\/exceladvisor.org\/es\/\",\"name\":\"\",\"isPartOf\":{\"@id\":\"https:\/\/exceladvisor.org\/es\/#website\"},\"datePublished\":\"2023-11-25T01:04:18+00:00\",\"dateModified\":\"2023-12-25T10:35:09+00:00\",\"inLanguage\":\"es\",\"potentialAction\":[{\"@type\":\"ReadAction\",\"target\":[\"https:\/\/exceladvisor.org\/es\/\"]}]},{\"@type\":\"WebSite\",\"@id\":\"https:\/\/exceladvisor.org\/es\/#website\",\"url\":\"https:\/\/exceladvisor.org\/es\/\",\"name\":\"Excel Advisor\",\"description\":\"Su gu\u00eda para la dominaci\u00f3n de datos!\",\"publisher\":{\"@id\":\"https:\/\/exceladvisor.org\/es\/#organization\"},\"potentialAction\":[{\"@type\":\"SearchAction\",\"target\":{\"@type\":\"EntryPoint\",\"urlTemplate\":\"https:\/\/exceladvisor.org\/es\/?s={search_term_string}\"},\"query-input\":{\"@type\":\"PropertyValueSpecification\",\"valueRequired\":true,\"valueName\":\"search_term_string\"}}],\"inLanguage\":\"es\"},{\"@type\":\"Organization\",\"@id\":\"https:\/\/exceladvisor.org\/es\/#organization\",\"name\":\"Excel Advisor\",\"url\":\"https:\/\/exceladvisor.org\/es\/\",\"logo\":{\"@type\":\"ImageObject\",\"inLanguage\":\"es\",\"@id\":\"https:\/\/exceladvisor.org\/es\/#\/schema\/logo\/image\/\",\"url\":\"https:\/\/exceladvisor.org\/es\/wp-content\/uploads\/2023\/12\/exceladvisor.org_.png\",\"contentUrl\":\"https:\/\/exceladvisor.org\/es\/wp-content\/uploads\/2023\/12\/exceladvisor.org_.png\",\"width\":105,\"height\":36,\"caption\":\"Excel Advisor\"},\"image\":{\"@id\":\"https:\/\/exceladvisor.org\/es\/#\/schema\/logo\/image\/\"}}]}<\/script>\n<!-- \/ Yoast SEO plugin. -->","yoast_head_json":{"title":"Excel Advisor","robots":{"index":"index","follow":"follow","max-snippet":"max-snippet:-1","max-image-preview":"max-image-preview:large","max-video-preview":"max-video-preview:-1"},"canonical":"https:\/\/exceladvisor.org\/es\/","og_locale":"es_ES","og_type":"article","og_description":"Bienvenido al Excel Advisor Microsoft Excel es incre\u00edblemente \u00fatil en la vida diaria para diversas tareas. Es una hoja de c\u00e1lculo vers\u00e1til que permite a las personas organizar y gestionar datos de forma eficaz. Desde la creaci\u00f3n de presupuestos, el seguimiento de gastos y la gesti\u00f3n de finanzas personales hasta el an\u00e1lisis de datos comerciales, [&hellip;]","og_url":"https:\/\/exceladvisor.org\/es\/","og_site_name":"Excel Advisor","article_modified_time":"2023-12-25T10:35:09+00:00","twitter_card":"summary_large_image","twitter_misc":{"Tiempo de lectura":"3 minutos"},"schema":{"@context":"https:\/\/schema.org","@graph":[{"@type":"WebPage","@id":"https:\/\/exceladvisor.org\/es\/","url":"https:\/\/exceladvisor.org\/es\/","name":"","isPartOf":{"@id":"https:\/\/exceladvisor.org\/es\/#website"},"datePublished":"2023-11-25T01:04:18+00:00","dateModified":"2023-12-25T10:35:09+00:00","inLanguage":"es","potentialAction":[{"@type":"ReadAction","target":["https:\/\/exceladvisor.org\/es\/"]}]},{"@type":"WebSite","@id":"https:\/\/exceladvisor.org\/es\/#website","url":"https:\/\/exceladvisor.org\/es\/","name":"Excel Advisor","description":"Su gu\u00eda para la dominaci\u00f3n de datos!","publisher":{"@id":"https:\/\/exceladvisor.org\/es\/#organization"},"potentialAction":[{"@type":"SearchAction","target":{"@type":"EntryPoint","urlTemplate":"https:\/\/exceladvisor.org\/es\/?s={search_term_string}"},"query-input":{"@type":"PropertyValueSpecification","valueRequired":true,"valueName":"search_term_string"}}],"inLanguage":"es"},{"@type":"Organization","@id":"https:\/\/exceladvisor.org\/es\/#organization","name":"Excel Advisor","url":"https:\/\/exceladvisor.org\/es\/","logo":{"@type":"ImageObject","inLanguage":"es","@id":"https:\/\/exceladvisor.org\/es\/#\/schema\/logo\/image\/","url":"https:\/\/exceladvisor.org\/es\/wp-content\/uploads\/2023\/12\/exceladvisor.org_.png","contentUrl":"https:\/\/exceladvisor.org\/es\/wp-content\/uploads\/2023\/12\/exceladvisor.org_.png","width":105,"height":36,"caption":"Excel Advisor"},"image":{"@id":"https:\/\/exceladvisor.org\/es\/#\/schema\/logo\/image\/"}}]}},"yoast_meta":{"yoast_wpseo_title":"","yoast_wpseo_metadesc":"","yoast_wpseo_canonical":""},"_links":{"self":[{"href":"https:\/\/exceladvisor.org\/es\/wp-json\/wp\/v2\/pages\/10","targetHints":{"allow":["GET"]}}],"collection":[{"href":"https:\/\/exceladvisor.org\/es\/wp-json\/wp\/v2\/pages"}],"about":[{"href":"https:\/\/exceladvisor.org\/es\/wp-json\/wp\/v2\/types\/page"}],"author":[{"embeddable":true,"href":"https:\/\/exceladvisor.org\/es\/wp-json\/wp\/v2\/users\/1"}],"replies":[{"embeddable":true,"href":"https:\/\/exceladvisor.org\/es\/wp-json\/wp\/v2\/comments?post=10"}],"version-history":[{"count":2,"href":"https:\/\/exceladvisor.org\/es\/wp-json\/wp\/v2\/pages\/10\/revisions"}],"predecessor-version":[{"id":1512,"href":"https:\/\/exceladvisor.org\/es\/wp-json\/wp\/v2\/pages\/10\/revisions\/1512"}],"wp:attachment":[{"href":"https:\/\/exceladvisor.org\/es\/wp-json\/wp\/v2\/media?parent=10"}],"curies":[{"name":"wp","href":"https:\/\/api.w.org\/{rel}","templated":true}]}}