{"id":100,"date":"2023-11-16T13:19:07","date_gmt":"2023-11-16T13:19:07","guid":{"rendered":"https:\/\/exceladvisor.org\/es\/ocultar-hoja\/"},"modified":"2023-12-25T10:26:35","modified_gmt":"2023-12-25T10:26:35","slug":"ocultar-hoja","status":"publish","type":"page","link":"https:\/\/exceladvisor.org\/es\/ocultar-hoja\/","title":{"rendered":"\u00bfc\u00f3mo ocultar\/mostrar una hoja usando vba?"},"content":{"rendered":"<div class=\"excel-antes-del-contenido\" id=\"excel-323405551\"><script type=\"text\/javascript\">\r\n\tatOptions = {\r\n\t\t'key' : 'c1158f160081d6540a8409e6925dab94',\r\n\t\t'format' : 'iframe',\r\n\t\t'height' : 250,\r\n\t\t'width' : 300,\r\n\t\t'params' : {}\r\n\t};\r\n<\/script>\r\n<script type=\"text\/javascript\" src=\"\/\/www.highperformanceformat.com\/c1158f160081d6540a8409e6925dab94\/invoke.js\"><\/script><\/div><p>Puede utilizar c\u00f3digo VBA para ocultar o mostrar una hoja en Excel. Cuando haces clic derecho en la pesta\u00f1a de la hoja, puedes ver la opci\u00f3n para ocultarla o mostrarla, y lo mismo puedes hacer con un c\u00f3digo VBA.<\/p>\n<p> En este art\u00edculo veremos algunas de las formas y m\u00e9todos que podemos utilizar.<\/p>\n<h2 class=\"wp-block-heading\"> C\u00f3digo VBA para ocultar una hoja.<\/h2>\n<p> Supongamos que desea ocultar la \u00abHoja1\u00bb del libro activo. En este caso deber\u00edas usar un c\u00f3digo como este.<\/p>\n<pre class=\"wp-block-code\"> <code class=\"language-visual-basic\" lang=\"visual-basic\">Sheets(\"Sheet1\").Visible = False<\/code><\/pre>\n<p> En el c\u00f3digo anterior, hizo referencia a la Hoja1, utiliz\u00f3 la propiedad visible y la cambi\u00f3 a falsa.<\/p>\n<h2 class=\"wp-block-heading\"> Haz una hoja muy escondida.<\/h2>\n<p> Hay otra opci\u00f3n que puede utilizar para crear una hoja muy oculta que el usuario no puede ocultar f\u00e1cilmente.<\/p>\n<h2 class=\"wp-block-heading\"> Ocultar una hoja seg\u00fan el valor de una celda<\/h2>\n<p> Bien, si desea utilizar un valor de celda en lugar de utilizar directamente el nombre de la hoja en el c\u00f3digo, puede consultar esta celda.<\/p>\n<pre class=\"wp-block-code\"> <code class=\"language-visual-basic\" lang=\"visual-basic\">Sheets(Range(\"A1\").Value).Visible = True<\/code><\/pre>\n<p> Este c\u00f3digo hace referencia a la celda A1 y utiliza el valor all\u00ed para hacer referencia a la hoja que desea ocultar.<\/p>\n<p class=\"content-box-grey\"> <em>Enlaces \u00fatiles: <a href=\"https:\/\/exceladvisor.org\/es\/ejecutar-una-macro-2\/\">Ejecutar una macro<\/a> \u2013 <a href=\"https:\/\/exceladvisor.org\/es\/grabar-una-macro\/\">Grabador de macros<\/a> \u2013 <a href=\"https:\/\/exceladvisor.org\/es\/editor-visual-basico\/\">Editor de Visual Basic<\/a> \u2013 <a href=\"https:\/\/exceladvisor.org\/es\/cuaderno-macro-personal\/\">Manual de macros personales<\/a><\/em><\/p>\n<h2 class=\"wp-block-heading\"> Revisa la hoja antes de esconderla.<\/h2>\n<p> Tambi\u00e9n puedes usar un peque\u00f1o c\u00f3digo como este para verificar la hoja cuyas salidas deseas ocultar o no.<\/p>\n<pre class=\"wp-block-code\"> <code class=\"language-visual-basic\" lang=\"visual-basic\">Sub vba_hide_sheet() Dim sht As Worksheet For Each sht In ThisWorkbook.Worksheets If sht.Name = \"Sheet1\" Then sht.Visible = False Exit Sub End If Next sht MsgBox \"Sheet not found\", vbCritical, \"Error\" End Sub<\/code><\/pre>\n<p> El c\u00f3digo anterior utiliza <a href=\"https:\/\/exceladvisor.org\/es\/para-el-bucle\/\">FOR EACH LOOP<\/a> + <a href=\"https:\/\/exceladvisor.org\/es\/si-2\/\">IF STATEMENT<\/a> para recorrer cada hoja del libro. Y marca la hoja que quieres ocultar.<\/p>\n<h2 class=\"wp-block-heading\"> Ocultar todas las hojas (excepto ActiveSheet)<\/h2>\n<p> Ahora hay una cosa que debes entender: no puedes ocultar todas las hojas. Debe haber una hoja visible todo el tiempo.<\/p>\n<pre class=\"wp-block-code\"> <code class=\"language-visual-basic\" lang=\"visual-basic\">Sub vba_hide_sheet() Dim ws As Worksheet For Each ws In ThisWorkbook.Sheets If ActiveSheet.Name &lt;&gt; ws.Name Then ws.Visible = False End If Next ws End Sub<\/code><\/pre>\n<p> El c\u00f3digo anterior recorre todas las hojas del libro, luego hace coincidir el nombre de cada hoja con el nombre de la hoja activa y lo oculta si no coincide.<\/p>\n<h2 class=\"wp-block-heading\"> C\u00f3digo VBA para mostrar una hoja.<\/h2>\n<p> Para mostrar una hoja, debe cambiar la propiedad visible a VERDADERO.<\/p>\n<pre class=\"wp-block-code\"> <code class=\"language-visual-basic\" lang=\"visual-basic\">Sheets(\"Sheet1\").Visible = False<\/code><\/pre>\n<p> Si la hoja que desea mostrar ya est\u00e1 visible, este c\u00f3digo no mostrar\u00e1 ning\u00fan error. Pero si esta hoja no existe, obtendr\u00e1 un error de ejecuci\u00f3n &#8216;9&#8217;. <\/p>\n<div class=\"wp-block-image\">\n<figure class=\"aligncenter size-large is-resized\"><img loading=\"lazy\" decoding=\"async\" class=\"wp-image-52343\" src=\"https:\/\/exceladvisor.org\/wp-content\/uploads\/2023\/08\/1-code-vba-pour-afficher-une-feuille.png\" sizes=\"auto, \" srcset=\"\" alt=\"c\u00f3digo-vba-para-mostrar-una-hoja\" width=\"380\" height=\"214\"><\/figure>\n<\/div>\n<h2 class=\"wp-block-heading\"> Utilice VBA para mostrar todas las hojas ocultas<\/h2>\n<p> Imagina que tienes varias hojas ocultas en un libro y si quieres ocultarlas manualmente, debes hacerlo una por una.<\/p>\n<p> Pero aqu\u00ed est\u00e1 el c\u00f3digo que hace esto de una sola vez.<\/p>\n<pre class=\"wp-block-code\"> <code class=\"language-visual-basic\" lang=\"visual-basic\">Sub vba_unhide_sheet() Dim ws As Worksheet For Each ws In ThisWorkbook.Sheets If ws.Visible = False Then ws.Visible = True End If Next ws End Sub<\/code><\/pre>\n<p> Revisa cada hoja y la desenmascara.<\/p>\n<div class=\"gb-container gb-container-4db6181c gb-container-mt\"> <a class=\"gb-button gb-button-c5897111 gb-button-text gb-button-mt-button\" href=\"https:\/\/exceladvisor.org\/es\/vba\/\">\u00bfQu\u00e9 es VBA?<\/a><\/p>\n<h2 class=\"gb-headline gb-headline-665e5f6b gb-headline-text gb-headline-mt-heading\"> Tutoriales relacionados <\/h2>\n<div class=\"gb-grid-wrapper gb-grid-wrapper-a20baf7c gb-grid-wrapper-mt-grid\">\n<div class=\"gb-grid-column gb-grid-column-65ddf67e\">\n<div class=\"gb-container gb-container-65ddf67e\">\n<ul>\n<li> <a href=\"https:\/\/exceladvisor.org\/es\/hoja-clara\/\">BORRAR una hoja completa usando VBA en Excel<\/a><\/li>\n<li> <a href=\"https:\/\/exceladvisor.org\/es\/copiar-hoja\/\">Copiar y mover una hoja en Excel usando VBA<\/a><\/li>\n<li> <a href=\"https:\/\/exceladvisor.org\/es\/contar-las-hojas\/\">CONTAR Hojas usando VBA en Excel<\/a><\/li>\n<li> <a href=\"https:\/\/exceladvisor.org\/es\/eliminar-una-hoja-1\/\">ELIMINAR una HOJA usando VBA en Excel<\/a><\/li>\n<li> <a href=\"https:\/\/exceladvisor.org\/es\/proteger-la-hoja\/\">PROTEGER y DESPROTEGER una hoja usando VBA en Excel<\/a> <\/li>\n<\/ul>\n<\/div>\n<\/div>\n<div class=\"gb-grid-column gb-grid-column-50067b57\">\n<div class=\"gb-container gb-container-50067b57\"><\/div>\n<\/div>\n<\/div>\n<\/div>\n","protected":false},"excerpt":{"rendered":"<p>Puede utilizar c\u00f3digo VBA para ocultar o mostrar una hoja en Excel. Cuando haces clic derecho en la pesta\u00f1a de la hoja, puedes ver la opci\u00f3n para ocultarla o mostrarla, y lo mismo puedes hacer con un c\u00f3digo VBA. En este art\u00edculo veremos algunas de las formas y m\u00e9todos que podemos utilizar. C\u00f3digo VBA para [&hellip;]<\/p>\n","protected":false},"author":1,"featured_media":0,"parent":0,"menu_order":0,"comment_status":"open","ping_status":"closed","template":"","meta":{"ub_ctt_via":"","footnotes":""},"class_list":["post-100","page","type-page","status-publish","hentry"],"featured_image_src":null,"yoast_head":"<!-- This site is optimized with the Yoast SEO plugin v25.4 - https:\/\/yoast.com\/wordpress\/plugins\/seo\/ -->\n<title>\u00bfc\u00f3mo ocultar\/mostrar una hoja usando vba?<\/title>\n<meta name=\"robots\" content=\"index, follow, max-snippet:-1, max-image-preview:large, max-video-preview:-1\" \/>\n<link rel=\"canonical\" href=\"https:\/\/exceladvisor.org\/es\/ocultar-hoja\/\" \/>\n<meta property=\"og:locale\" content=\"es_ES\" \/>\n<meta property=\"og:type\" content=\"article\" \/>\n<meta property=\"og:title\" content=\"\u00bfc\u00f3mo ocultar\/mostrar una hoja usando vba?\" \/>\n<meta property=\"og:description\" content=\"Puede utilizar c\u00f3digo VBA para ocultar o mostrar una hoja en Excel. Cuando haces clic derecho en la pesta\u00f1a de la hoja, puedes ver la opci\u00f3n para ocultarla o mostrarla, y lo mismo puedes hacer con un c\u00f3digo VBA. En este art\u00edculo veremos algunas de las formas y m\u00e9todos que podemos utilizar. C\u00f3digo VBA para [&hellip;]\" \/>\n<meta property=\"og:url\" content=\"https:\/\/exceladvisor.org\/es\/ocultar-hoja\/\" \/>\n<meta property=\"og:site_name\" content=\"Excel Advisor\" \/>\n<meta property=\"article:modified_time\" content=\"2023-12-25T10:26:35+00:00\" \/>\n<meta property=\"og:image\" content=\"https:\/\/exceladvisor.org\/wp-content\/uploads\/2023\/08\/1-code-vba-pour-afficher-une-feuille.png\" \/>\n<meta name=\"twitter:card\" content=\"summary_large_image\" \/>\n<meta name=\"twitter:label1\" content=\"Tiempo de lectura\" \/>\n\t<meta name=\"twitter:data1\" content=\"3 minutos\" \/>\n<script type=\"application\/ld+json\" class=\"yoast-schema-graph\">{\"@context\":\"https:\/\/schema.org\",\"@graph\":[{\"@type\":\"WebPage\",\"@id\":\"https:\/\/exceladvisor.org\/es\/ocultar-hoja\/\",\"url\":\"https:\/\/exceladvisor.org\/es\/ocultar-hoja\/\",\"name\":\"\u00bfc\u00f3mo ocultar\/mostrar una hoja usando vba?\",\"isPartOf\":{\"@id\":\"https:\/\/exceladvisor.org\/es\/#website\"},\"primaryImageOfPage\":{\"@id\":\"https:\/\/exceladvisor.org\/es\/ocultar-hoja\/#primaryimage\"},\"image\":{\"@id\":\"https:\/\/exceladvisor.org\/es\/ocultar-hoja\/#primaryimage\"},\"thumbnailUrl\":\"https:\/\/exceladvisor.org\/wp-content\/uploads\/2023\/08\/1-code-vba-pour-afficher-une-feuille.png\",\"datePublished\":\"2023-11-16T13:19:07+00:00\",\"dateModified\":\"2023-12-25T10:26:35+00:00\",\"breadcrumb\":{\"@id\":\"https:\/\/exceladvisor.org\/es\/ocultar-hoja\/#breadcrumb\"},\"inLanguage\":\"es\",\"potentialAction\":[{\"@type\":\"ReadAction\",\"target\":[\"https:\/\/exceladvisor.org\/es\/ocultar-hoja\/\"]}]},{\"@type\":\"ImageObject\",\"inLanguage\":\"es\",\"@id\":\"https:\/\/exceladvisor.org\/es\/ocultar-hoja\/#primaryimage\",\"url\":\"https:\/\/exceladvisor.org\/wp-content\/uploads\/2023\/08\/1-code-vba-pour-afficher-une-feuille.png\",\"contentUrl\":\"https:\/\/exceladvisor.org\/wp-content\/uploads\/2023\/08\/1-code-vba-pour-afficher-une-feuille.png\"},{\"@type\":\"BreadcrumbList\",\"@id\":\"https:\/\/exceladvisor.org\/es\/ocultar-hoja\/#breadcrumb\",\"itemListElement\":[{\"@type\":\"ListItem\",\"position\":1,\"name\":\"Hogar\",\"item\":\"https:\/\/exceladvisor.org\/es\/\"},{\"@type\":\"ListItem\",\"position\":2,\"name\":\"\u00bfc\u00f3mo ocultar\/mostrar una hoja usando vba?\"}]},{\"@type\":\"WebSite\",\"@id\":\"https:\/\/exceladvisor.org\/es\/#website\",\"url\":\"https:\/\/exceladvisor.org\/es\/\",\"name\":\"Excel Advisor\",\"description\":\"Su gu\u00eda para la dominaci\u00f3n de datos!\",\"publisher\":{\"@id\":\"https:\/\/exceladvisor.org\/es\/#organization\"},\"potentialAction\":[{\"@type\":\"SearchAction\",\"target\":{\"@type\":\"EntryPoint\",\"urlTemplate\":\"https:\/\/exceladvisor.org\/es\/?s={search_term_string}\"},\"query-input\":{\"@type\":\"PropertyValueSpecification\",\"valueRequired\":true,\"valueName\":\"search_term_string\"}}],\"inLanguage\":\"es\"},{\"@type\":\"Organization\",\"@id\":\"https:\/\/exceladvisor.org\/es\/#organization\",\"name\":\"Excel Advisor\",\"url\":\"https:\/\/exceladvisor.org\/es\/\",\"logo\":{\"@type\":\"ImageObject\",\"inLanguage\":\"es\",\"@id\":\"https:\/\/exceladvisor.org\/es\/#\/schema\/logo\/image\/\",\"url\":\"https:\/\/exceladvisor.org\/es\/wp-content\/uploads\/2023\/12\/exceladvisor.org_.png\",\"contentUrl\":\"https:\/\/exceladvisor.org\/es\/wp-content\/uploads\/2023\/12\/exceladvisor.org_.png\",\"width\":105,\"height\":36,\"caption\":\"Excel Advisor\"},\"image\":{\"@id\":\"https:\/\/exceladvisor.org\/es\/#\/schema\/logo\/image\/\"}}]}<\/script>\n<!-- \/ Yoast SEO plugin. -->","yoast_head_json":{"title":"\u00bfc\u00f3mo ocultar\/mostrar una hoja usando vba?","robots":{"index":"index","follow":"follow","max-snippet":"max-snippet:-1","max-image-preview":"max-image-preview:large","max-video-preview":"max-video-preview:-1"},"canonical":"https:\/\/exceladvisor.org\/es\/ocultar-hoja\/","og_locale":"es_ES","og_type":"article","og_title":"\u00bfc\u00f3mo ocultar\/mostrar una hoja usando vba?","og_description":"Puede utilizar c\u00f3digo VBA para ocultar o mostrar una hoja en Excel. Cuando haces clic derecho en la pesta\u00f1a de la hoja, puedes ver la opci\u00f3n para ocultarla o mostrarla, y lo mismo puedes hacer con un c\u00f3digo VBA. En este art\u00edculo veremos algunas de las formas y m\u00e9todos que podemos utilizar. C\u00f3digo VBA para [&hellip;]","og_url":"https:\/\/exceladvisor.org\/es\/ocultar-hoja\/","og_site_name":"Excel Advisor","article_modified_time":"2023-12-25T10:26:35+00:00","og_image":[{"url":"https:\/\/exceladvisor.org\/wp-content\/uploads\/2023\/08\/1-code-vba-pour-afficher-une-feuille.png","type":"","width":"","height":""}],"twitter_card":"summary_large_image","twitter_misc":{"Tiempo de lectura":"3 minutos"},"schema":{"@context":"https:\/\/schema.org","@graph":[{"@type":"WebPage","@id":"https:\/\/exceladvisor.org\/es\/ocultar-hoja\/","url":"https:\/\/exceladvisor.org\/es\/ocultar-hoja\/","name":"\u00bfc\u00f3mo ocultar\/mostrar una hoja usando vba?","isPartOf":{"@id":"https:\/\/exceladvisor.org\/es\/#website"},"primaryImageOfPage":{"@id":"https:\/\/exceladvisor.org\/es\/ocultar-hoja\/#primaryimage"},"image":{"@id":"https:\/\/exceladvisor.org\/es\/ocultar-hoja\/#primaryimage"},"thumbnailUrl":"https:\/\/exceladvisor.org\/wp-content\/uploads\/2023\/08\/1-code-vba-pour-afficher-une-feuille.png","datePublished":"2023-11-16T13:19:07+00:00","dateModified":"2023-12-25T10:26:35+00:00","breadcrumb":{"@id":"https:\/\/exceladvisor.org\/es\/ocultar-hoja\/#breadcrumb"},"inLanguage":"es","potentialAction":[{"@type":"ReadAction","target":["https:\/\/exceladvisor.org\/es\/ocultar-hoja\/"]}]},{"@type":"ImageObject","inLanguage":"es","@id":"https:\/\/exceladvisor.org\/es\/ocultar-hoja\/#primaryimage","url":"https:\/\/exceladvisor.org\/wp-content\/uploads\/2023\/08\/1-code-vba-pour-afficher-une-feuille.png","contentUrl":"https:\/\/exceladvisor.org\/wp-content\/uploads\/2023\/08\/1-code-vba-pour-afficher-une-feuille.png"},{"@type":"BreadcrumbList","@id":"https:\/\/exceladvisor.org\/es\/ocultar-hoja\/#breadcrumb","itemListElement":[{"@type":"ListItem","position":1,"name":"Hogar","item":"https:\/\/exceladvisor.org\/es\/"},{"@type":"ListItem","position":2,"name":"\u00bfc\u00f3mo ocultar\/mostrar una hoja usando vba?"}]},{"@type":"WebSite","@id":"https:\/\/exceladvisor.org\/es\/#website","url":"https:\/\/exceladvisor.org\/es\/","name":"Excel Advisor","description":"Su gu\u00eda para la dominaci\u00f3n de datos!","publisher":{"@id":"https:\/\/exceladvisor.org\/es\/#organization"},"potentialAction":[{"@type":"SearchAction","target":{"@type":"EntryPoint","urlTemplate":"https:\/\/exceladvisor.org\/es\/?s={search_term_string}"},"query-input":{"@type":"PropertyValueSpecification","valueRequired":true,"valueName":"search_term_string"}}],"inLanguage":"es"},{"@type":"Organization","@id":"https:\/\/exceladvisor.org\/es\/#organization","name":"Excel Advisor","url":"https:\/\/exceladvisor.org\/es\/","logo":{"@type":"ImageObject","inLanguage":"es","@id":"https:\/\/exceladvisor.org\/es\/#\/schema\/logo\/image\/","url":"https:\/\/exceladvisor.org\/es\/wp-content\/uploads\/2023\/12\/exceladvisor.org_.png","contentUrl":"https:\/\/exceladvisor.org\/es\/wp-content\/uploads\/2023\/12\/exceladvisor.org_.png","width":105,"height":36,"caption":"Excel Advisor"},"image":{"@id":"https:\/\/exceladvisor.org\/es\/#\/schema\/logo\/image\/"}}]}},"yoast_meta":{"yoast_wpseo_title":"","yoast_wpseo_metadesc":"","yoast_wpseo_canonical":""},"_links":{"self":[{"href":"https:\/\/exceladvisor.org\/es\/wp-json\/wp\/v2\/pages\/100","targetHints":{"allow":["GET"]}}],"collection":[{"href":"https:\/\/exceladvisor.org\/es\/wp-json\/wp\/v2\/pages"}],"about":[{"href":"https:\/\/exceladvisor.org\/es\/wp-json\/wp\/v2\/types\/page"}],"author":[{"embeddable":true,"href":"https:\/\/exceladvisor.org\/es\/wp-json\/wp\/v2\/users\/1"}],"replies":[{"embeddable":true,"href":"https:\/\/exceladvisor.org\/es\/wp-json\/wp\/v2\/comments?post=100"}],"version-history":[{"count":1,"href":"https:\/\/exceladvisor.org\/es\/wp-json\/wp\/v2\/pages\/100\/revisions"}],"predecessor-version":[{"id":1149,"href":"https:\/\/exceladvisor.org\/es\/wp-json\/wp\/v2\/pages\/100\/revisions\/1149"}],"wp:attachment":[{"href":"https:\/\/exceladvisor.org\/es\/wp-json\/wp\/v2\/media?parent=100"}],"curies":[{"name":"wp","href":"https:\/\/api.w.org\/{rel}","templated":true}]}}